{"id":2416,"date":"2022-04-06T09:36:20","date_gmt":"2022-04-06T09:36:20","guid":{"rendered":"https:\/\/taizyagromachine.com\/?post_type=product&#038;p=2416"},"modified":"2025-01-02T13:53:45","modified_gmt":"2025-01-02T05:53:45","slug":"oil-press-machine-cold-oil-press-hot-oil-press-machine","status":"publish","type":"product","link":"https:\/\/taizyagromachine.com\/fr\/product\/oil-press-machine-cold-oil-press-hot-oil-press-machine\/","title":{"rendered":"Presse \u00e0 huile | Machine d'extraction d'huile"},"content":{"rendered":"<p class=\"translation-block\">L'huile comestible est ins\u00e9parable de la vie quotidienne des gens. L'huile comestible n\u00e9cessite une presse \u00e0 huile pour l'extraction. Par cons\u00e9quent, investir dans une <strong>presse \u00e0 huile<\/strong> peut apporter d'\u00e9normes profits aux investisseurs. En tant que fabricant et fournisseur professionnel de presses \u00e0 huile, notre extracteur d'huile couvre presque toutes les vari\u00e9t\u00e9s du march\u00e9. De plus, notre machine d'extraction d'huile a le pressage \u00e0 chaud et le pressage \u00e0 froid. Vous pouvez choisir en fonction de vos besoins commerciaux. De plus, nos presses \u00e0 huile automatiques sont \u00e9galement export\u00e9es au Mali, en Angola, au Nigeria, au Burkina Faso, en Tha\u00eflande, etc. Dans l'ensemble, la presse \u00e0 huile peut g\u00e9n\u00e9rer des revenus pour son propri\u00e9taire.<\/p>    <h2 class=\"wp-block-heading\" id=\"h-type-one-automatic-screw-hot-oil-press-machine\"><strong>Type un: presse \u00e0 huile chaude \u00e0 vis automatique<\/strong><\/h2>    <p class=\"translation-block\">En tant qu'un des extracteurs d'huile automatiques les plus vendus, la <a href=\"https:\/\/taizyagromachine.com\/fr\/product\/automatic-groundnut-oil-sunflower-oil-making-machine\/\" target=\"_blank\" rel=\"noreferrer noopener\">presse \u00e0 huile \u00e0 vis<\/a> a un design unique, une apparence attrayante et de bonnes performances. Cette machine est \u00e9quip\u00e9e d'un moteur et adopte une m\u00e9thode de pressage \u00e0 chaud car le rendement en huile est \u00e9lev\u00e9 et l'huile est parfum\u00e9e. De plus, la machine extractrice automatique dispose de deux f\u00fbts de filtration sous vide, ce qui garantit grandement la sortie de la machine. <\/p>    <p>De plus, les mati\u00e8res premi\u00e8res utilis\u00e9es sont tr\u00e8s larges. Par exemple, le soja, les arachides, les graines de coton, les graines de colza, les graines de tournesol, les graines de poivre, etc. Si vous avez des questions, vous pouvez toujours nous contacter pour obtenir des \u00e9claircissements.<\/p>   <div class=\"wp-block-image\"> <figure class=\"aligncenter size-full\"><img loading=\"lazy\" decoding=\"async\" width=\"720\" height=\"540\" src=\"https:\/\/taizyagromachine.com\/wp-content\/uploads\/2022\/04\/hot-screw-oil-press-machine.jpg\" alt=\"presse \u00e0 huile \u00e0 vis chaude\" class=\"wp-image-2418\" srcset=\"https:\/\/taizyagromachine.com\/wp-content\/uploads\/2022\/04\/hot-screw-oil-press-machine.jpg 720w, https:\/\/taizyagromachine.com\/wp-content\/uploads\/2022\/04\/hot-screw-oil-press-machine-300x225.jpg 300w\" sizes=\"auto, (max-width: 720px) 100vw, 720px\" \/><figcaption class=\"wp-element-caption\">presse \u00e0 huile \u00e0 vis chaude<\/figcaption><\/figure> <\/div>   <h3 class=\"wp-block-heading\" id=\"h-reasonable-structure-of-electric-oil-press-machine\"><strong>Structure raisonnable de la presse \u00e0 huile \u00e9lectrique <\/strong><\/h3>    <p>Il a une conception tr\u00e8s unique et simple, une entr\u00e9e d\u2019alimentation, une armoire de commande, une vis et un filtre \u00e0 vide. <\/p>   <div class=\"wp-block-image\"> <figure class=\"aligncenter size-full\"><img loading=\"lazy\" decoding=\"async\" width=\"720\" height=\"540\" src=\"https:\/\/taizyagromachine.com\/wp-content\/uploads\/2022\/02\/structure-of-groundnut-oil-processing-machine.jpg\" alt=\"structure de la machine de traitement de l&#039;huile d&#039;arachide\" class=\"wp-image-2094\" srcset=\"https:\/\/taizyagromachine.com\/wp-content\/uploads\/2022\/02\/structure-of-groundnut-oil-processing-machine.jpg 720w, https:\/\/taizyagromachine.com\/wp-content\/uploads\/2022\/02\/structure-of-groundnut-oil-processing-machine-300x225.jpg 300w\" sizes=\"auto, (max-width: 720px) 100vw, 720px\" \/><figcaption class=\"wp-element-caption\">structure de la machine de traitement de l'huile d'arachide<\/figcaption><\/figure> <\/div>   <figure class=\"wp-block-table\"><table><tbody><tr><td>1. r\u00e9gulateur de temp\u00e9rature<\/td><td>7. entr\u00e9e d'alimentation<\/td><\/tr><tr><td>2. \u00e9vent de fum\u00e9e<\/td><td>8. section de r\u00e9glage<\/td><\/tr><tr><td>3. armoire de distribution d'\u00e9nergie<\/td><td>9. \u00e9l\u00e9ment chauffant<\/td><\/tr><tr><td>4. position de huilage<\/td><td>10. pi\u00e8ce de vidange d'huile<\/td><\/tr><tr><td>5. r\u00e9ducteur<\/td><td>11. appuyez sur la partie<\/td><\/tr><tr><td>6. moteur<\/td><td>12. filtre \u00e0 huile sous vide<\/td><\/tr><\/tbody><\/table><\/figure>    <h3 class=\"wp-block-heading\"><strong>Principe de fonctionnement de la machine d'extraction d'huile chaude \u00e0 vis en acier inoxydable<\/strong><\/h3>    <p>Comme son nom l'indique, cette machine adopte principalement la vis pour presser l'huile des mati\u00e8res premi\u00e8res. Ainsi, la vis est la pi\u00e8ce centrale. Ensuite, l\u2019huile press\u00e9e est filtr\u00e9e par le filtre \u00e0 vide. Notre vis est en acier inoxydable de haute qualit\u00e9, r\u00e9pondant aux exigences de qualit\u00e9 alimentaire.<\/p>   <div class=\"wp-block-image\"> <figure class=\"aligncenter size-full\"><img loading=\"lazy\" decoding=\"async\" width=\"720\" height=\"540\" src=\"https:\/\/taizyagromachine.com\/wp-content\/uploads\/2022\/02\/screw-sunflower-oil-press.jpg\" alt=\"vis\" class=\"wp-image-2100\" srcset=\"https:\/\/taizyagromachine.com\/wp-content\/uploads\/2022\/02\/screw-sunflower-oil-press.jpg 720w, https:\/\/taizyagromachine.com\/wp-content\/uploads\/2022\/02\/screw-sunflower-oil-press-300x225.jpg 300w\" sizes=\"auto, (max-width: 720px) 100vw, 720px\" \/><figcaption class=\"wp-element-caption\">vis<\/figcaption><\/figure> <\/div>   <h3 class=\"wp-block-heading\"><strong>Param\u00e8tres techniques<\/strong><\/h3>    <p>Nous avons diff\u00e9rents types parmi lesquels vous pouvez choisir. Il faut savoir que nous classons le mod\u00e8le selon son diam\u00e8tre de vis. Ainsi, vous pouvez clairement conna\u00eetre sa capacit\u00e9. Les donn\u00e9es ci-dessous indiquent clairement sa puissance principale, sa capacit\u00e9, son poids, sa taille, etc. Si vous avez encore des doutes, n'h\u00e9sitez pas \u00e0 nous contacter \u00e0 tout moment.<\/p>    <figure class=\"wp-block-table\"><table><tbody><tr><td>Mod\u00e8le<\/td><td>6YL-60<\/td><td>6YL-70<\/td><td>6YL-80<\/td><td>6YL-100<\/td><td>6YL-125<\/td><\/tr><tr><td>Diam\u00e8tre de vis (mm)<\/td><td>\u03a655<\/td><td>\u03a665<\/td><td>\u03a680<\/td><td>\u03a6100<\/td><td>\u03a6125<\/td><\/tr><tr><td>Vitesse de rotation de la vis (r\/min)<\/td><td>64<\/td><td>38<\/td><td>35<\/td><td>37<\/td><td>34<\/td><\/tr><tr><td>Puissance principale (kW)<\/td><td>2.2<\/td><td>3<\/td><td>4<\/td><td>7.5<\/td><td>15<\/td><\/tr><tr><td>Puissance de la pompe \u00e0 vide (kW)<\/td><td>0.75<\/td><td>0.75<\/td><td>0.55<\/td><td>0.75<\/td><td>0.75<\/td><\/tr><tr><td>Puissance de chauffage (kW)<\/td><td>0.9<\/td><td>1.8<\/td><td>2.2<\/td><td>3<\/td><td>3.75<\/td><\/tr><tr><td>Capacit\u00e9 (kg\/h)<\/td><td>40-60<\/td><td>50-70<\/td><td>80-120<\/td><td>150-230<\/td><td>300-350<\/td><\/tr><tr><td>poids (kg)<\/td><td>220<\/td><td>280<\/td><td>880<\/td><td>1100<\/td><td>1400<\/td><\/tr><tr><td>Taille (mm)<\/td><td>1200*480*1100<\/td><td>1400*500*1200<\/td><td>1700*110*1600<\/td><td>1900*1200*1300<\/td><td>2600*1300*2300<\/td><\/tr><\/tbody><\/table><\/figure>    <h2 class=\"wp-block-heading\" id=\"h-type-two-commercial-oil-hydraulic-press-machine\"><strong>Type deux\u00a0: presse hydraulique \u00e0 huile commerciale<\/strong><\/h2>    <p>Par rapport au type 1, cette machine d\u2019extraction d\u2019huile hydraulique a une capacit\u00e9 plus petite. Par cons\u00e9quent, cette machine est g\u00e9n\u00e9ralement utilis\u00e9e pour la production d\u2019huile de s\u00e9same. D\u00e9cid\u00e9ment, elle adopte la presse \u00e0 chaud. Et nous utilisons le s\u00e9parateur pour garantir une production d\u2019huile de s\u00e9same de haute qualit\u00e9. De plus, les r\u00e9sidus de s\u00e9same peuvent \u00eatre broy\u00e9s et utilis\u00e9s comme aliment. <\/p>    <p>De plus, le s\u00e9same, les noix et les noix peuvent tous utiliser cette machine. Il convient de noter que les noix doivent d\u2019abord \u00eatre broy\u00e9es en taille de s\u00e9same et frites.<\/p>    <figure class=\"wp-block-gallery aligncenter has-nested-images columns-default is-cropped wp-block-gallery-2 is-layout-flex wp-block-gallery-is-layout-flex\"> <figure class=\"wp-block-image size-large\"><img loading=\"lazy\" decoding=\"async\" width=\"720\" height=\"540\" data-id=\"2419\" src=\"https:\/\/taizyagromachine.com\/wp-content\/uploads\/2022\/04\/hydraulic-oil-expeller.jpg\" alt=\"expulseur d&#039;huile hydraulique\" class=\"wp-image-2419\" srcset=\"https:\/\/taizyagromachine.com\/wp-content\/uploads\/2022\/04\/hydraulic-oil-expeller.jpg 720w, https:\/\/taizyagromachine.com\/wp-content\/uploads\/2022\/04\/hydraulic-oil-expeller-300x225.jpg 300w\" sizes=\"auto, (max-width: 720px) 100vw, 720px\" \/><figcaption class=\"wp-element-caption\">expulseur d'huile hydraulique<\/figcaption><\/figure>    <figure class=\"wp-block-image size-large\"><img loading=\"lazy\" decoding=\"async\" width=\"720\" height=\"540\" data-id=\"2420\" src=\"https:\/\/taizyagromachine.com\/wp-content\/uploads\/2022\/04\/machine-display.jpg\" alt=\"affichage de la machine\" class=\"wp-image-2420\" srcset=\"https:\/\/taizyagromachine.com\/wp-content\/uploads\/2022\/04\/machine-display.jpg 720w, https:\/\/taizyagromachine.com\/wp-content\/uploads\/2022\/04\/machine-display-300x225.jpg 300w\" sizes=\"auto, (max-width: 720px) 100vw, 720px\" \/><figcaption class=\"wp-element-caption\">affichage de la machine<\/figcaption><\/figure> <\/figure>    <h3 class=\"wp-block-heading\" id=\"h-hydraulic-hot-oil-press-structure\"><strong>Structure de presse \u00e0 huile chaude hydraulique<\/strong><\/h3>    <p>Ce type de machine occupe un petit espace. La principale partie active est le cylindre, y compris le s\u00e9parateur, etc. Il poss\u00e8de \u00e9galement le socle pour soutenir la machine.<\/p>   <div class=\"wp-block-image\"> <figure class=\"aligncenter size-full\"><img loading=\"lazy\" decoding=\"async\" width=\"720\" height=\"500\" src=\"https:\/\/taizyagromachine.com\/wp-content\/uploads\/2022\/04\/structure-of-hydraulic-oil-press-machine.jpg\" alt=\"structure de la presse \u00e0 huile hydraulique\" class=\"wp-image-2421\" srcset=\"https:\/\/taizyagromachine.com\/wp-content\/uploads\/2022\/04\/structure-of-hydraulic-oil-press-machine.jpg 720w, https:\/\/taizyagromachine.com\/wp-content\/uploads\/2022\/04\/structure-of-hydraulic-oil-press-machine-300x208.jpg 300w\" sizes=\"auto, (max-width: 720px) 100vw, 720px\" \/><figcaption class=\"wp-element-caption\">structure de la presse \u00e0 huile hydraulique<\/figcaption><\/figure> <\/div>   <h3 class=\"wp-block-heading\" id=\"h-hydraulic-oil-press-machine-specifications\"><strong>Sp\u00e9cifications de la presse \u00e0 huile hydraulique<\/strong><\/h3>    <p>Dans notre entreprise, il en existe encore de nombreux types. Vous pouvez en choisir un appropri\u00e9 en fonction des donn\u00e9es ci-dessous. Si vous n'avez aucune id\u00e9e, n'h\u00e9sitez pas \u00e0 nous contacter. Notre directeur commercial professionnel vous fournira des conseils techniques. <\/p>    <figure class=\"wp-block-table\"><table><tbody><tr><td>Mod\u00e8le<\/td><td>6YZ-180<\/td><td>6YZ-230<\/td><td>6YZ-260<\/td><td>6YZ-320<\/td><\/tr><tr><td>Taille (mm)<\/td><td>920*480*1190<\/td><td>1065*540*1550<\/td><td>900*1000*1560<\/td><td>980*1050*1680<\/td><\/tr><tr><td>Poids (kg)<\/td><td>450<\/td><td>880<\/td><td>1250<\/td><td>1680<\/td><\/tr><tr><td>Kg pression (kn)<\/td><td>1600<\/td><td>2200<\/td><td>2600<\/td><td>3000<\/td><\/tr><tr><td>Pression de service maximale<\/td><td>55Mpa<\/td><td>55Mpa<\/td><td>55Mpa<\/td><td>55Mpa<\/td><\/tr><tr><td>Puissance de chauffage \u00e9lectrique<\/td><td>1<\/td><td>1<\/td><td>1.2<\/td><td>2<\/td><\/tr><tr><td>Poids des graines de s\u00e9same (\u00e0 chaque fois)<\/td><td>&nbsp;2-4 &nbsp;&nbsp;&nbsp;&nbsp;&nbsp;&nbsp;<\/td><td>5 -8<\/td><td>&nbsp;6-10<\/td><td>&nbsp;7-18<\/td><\/tr><tr><td>Puissance (kW)<\/td><td>3 (220 V)<\/td><td>1.5<\/td><td>1.5<\/td><td>2.2<\/td><\/tr><\/tbody><\/table><\/figure>    <h2 class=\"wp-block-heading\"><strong>Type trois\u00a0: meilleure presse \u00e0 huile froide et chaude \u00e0 vendre<\/strong><\/h2>    <p>De son nom, on peut facilement savoir que ce type d\u2019expulseur d\u2019huile peut utiliser la presse \u00e0 huile chaude ou froide. De par son apparence, il dispose d'un ascenseur. Il est donc facile de le distinguer. <\/p>    <p>Si vous utilisez une presse \u00e0 huile chaude, l\u2019huile aura une couleur profonde et un rendement \u00e9lev\u00e9.<\/p>    <p>Si vous utilisez une presse \u00e0 huile froide, l\u2019huile aura une couleur claire.<\/p>   <div class=\"wp-block-image\"> <figure class=\"aligncenter size-full\"><img loading=\"lazy\" decoding=\"async\" width=\"720\" height=\"540\" src=\"https:\/\/taizyagromachine.com\/wp-content\/uploads\/2022\/04\/cold-and-hot-oil-press-machine.jpg\" alt=\"presse \u00e0 huile froide et chaude\" class=\"wp-image-2422\" srcset=\"https:\/\/taizyagromachine.com\/wp-content\/uploads\/2022\/04\/cold-and-hot-oil-press-machine.jpg 720w, https:\/\/taizyagromachine.com\/wp-content\/uploads\/2022\/04\/cold-and-hot-oil-press-machine-300x225.jpg 300w\" sizes=\"auto, (max-width: 720px) 100vw, 720px\" \/><figcaption class=\"wp-element-caption\">presse \u00e0 huile froide et chaude<\/figcaption><\/figure> <\/div>   <h3 class=\"wp-block-heading\" id=\"h-technical-parameters\"><strong>Param\u00e8tres techniques<\/strong><\/h3>    <p>Diff\u00e9rents types ont des capacit\u00e9s diff\u00e9rentes. Bien s\u00fbr, il doit avoir le moteur, la taille et le poids correspondants.<\/p>    <figure class=\"wp-block-table\"><table><tbody><tr><td>Mod\u00e8le<\/td><td>ZY-125<\/td><td>ZY-150<\/td><\/tr><tr><td>Moteur<\/td><td>&nbsp;15kw<\/td><td>37kw<\/td><\/tr><tr><td>Moteur de pompe \u00e0 vide<\/td><td>1,5 kW<\/td><td>2,2 kW<\/td><\/tr><tr><td>Capacit\u00e9<\/td><td>150-200kg\/heure<\/td><td>300-350 kg\/heure<\/td><\/tr><tr><td>Poids<\/td><td>986 kg<\/td><td>2500 kg<\/td><\/tr><tr><td>Taille<\/td><td>1900*1100*1500mm<\/td><td>2100*1300*1700mm<\/td><\/tr><\/tbody><\/table><\/figure>    <h2 class=\"wp-block-heading\"><strong>Type quatre\u00a0: Presse \u00e0 huile manuelle en gros pour les projets d'appel d'offres<\/strong><\/h2>    <p>Le plus grand avantage de cette presse \u00e0 huile semi-automatique est le moteur diesel disponible. Et c\u2019est tr\u00e8s simple, facile \u00e0 utiliser. Parce qu\u2019il n\u2019a que la vis pour fonctionner, produisant l\u2019huile comestible.<\/p>    <p>En dehors de cela, cette machine est principalement utilis\u00e9e pour des projets d\u2019appel d\u2019offres pour des clients africains. <\/p>   <div class=\"wp-block-image\"> <figure class=\"aligncenter size-full\"><img loading=\"lazy\" decoding=\"async\" width=\"720\" height=\"540\" src=\"https:\/\/taizyagromachine.com\/wp-content\/uploads\/2022\/04\/semi-automatic-oil-extraction-machine.jpg\" alt=\"machine d&#039;extraction d&#039;huile semi-automatique\" class=\"wp-image-2423\" srcset=\"https:\/\/taizyagromachine.com\/wp-content\/uploads\/2022\/04\/semi-automatic-oil-extraction-machine.jpg 720w, https:\/\/taizyagromachine.com\/wp-content\/uploads\/2022\/04\/semi-automatic-oil-extraction-machine-300x225.jpg 300w\" sizes=\"auto, (max-width: 720px) 100vw, 720px\" \/><figcaption class=\"wp-element-caption\">machine d'extraction d'huile semi-automatique<\/figcaption><\/figure> <\/div>   <h2 class=\"wp-block-heading\"><strong>Applications \u00e9tendues <\/strong><\/h2>    <p class=\"translation-block\">Une vari\u00e9t\u00e9 d'applications est disponible pour la presse \u00e0 huile. Tels que les haricots, les arachides, les graines de coton, le colza, les graines de tournesol, les graines de poivre, le s\u00e9same, les <a href=\"https:\/\/en.wikipedia.org\/wiki\/Walnut\" target=\"_blank\" rel=\"noreferrer noopener\">noix<\/a>, etc. <\/p>   <div class=\"wp-block-image\"> <figure class=\"aligncenter size-full\"><img loading=\"lazy\" decoding=\"async\" width=\"720\" height=\"540\" src=\"https:\/\/taizyagromachine.com\/wp-content\/uploads\/2022\/02\/application-of-screw-groudnut-oil-extraction.jpg\" alt=\"application-de-l&#039;extraction-d&#039;huile-d&#039;arachide-\u00e0-vis\" class=\"wp-image-2135\" srcset=\"https:\/\/taizyagromachine.com\/wp-content\/uploads\/2022\/02\/application-of-screw-groudnut-oil-extraction.jpg 720w, https:\/\/taizyagromachine.com\/wp-content\/uploads\/2022\/02\/application-of-screw-groudnut-oil-extraction-300x225.jpg 300w\" sizes=\"auto, (max-width: 720px) 100vw, 720px\" \/><figcaption class=\"wp-element-caption\">application<\/figcaption><\/figure> <\/div>   <h2 class=\"wp-block-heading\" id=\"h-working-video-of-oil-press-machine\"><strong>Vid\u00e9o de travail de la presse \u00e0 huile<\/strong><\/h2>    <figure class=\"wp-block-embed is-type-video is-provider-youtube wp-block-embed-youtube wp-embed-aspect-16-9 wp-has-aspect-ratio\"><div class=\"wp-block-embed__wrapper\"> <iframe loading=\"lazy\" title=\"machine de fabrication d&#039;huile d&#039;arachide | extraction d&#039;huile d&#039;arachide | Machine de fabrication d&#039;huile de tournesol et de coton\" width=\"500\" height=\"281\" src=\"https:\/\/www.youtube.com\/embed\/o5xYWrWoEQg?feature=oembed\" frameborder=\"0\" allow=\"accelerometer; autoplay; clipboard-write; encrypted-media; gyroscope; picture-in-picture; web-share\" referrerpolicy=\"strict-origin-when-cross-origin\" allowfullscreen><\/iframe> <\/div><\/figure>    <h2 class=\"wp-block-heading\"><strong>Quels sont les points forts de Taizy Agro Machine Co., Ltd ?<\/strong><\/h2>    <p class=\"translation-block\"><strong>Mod\u00e8les complets<\/strong>. En parcourant cet article, vous pouvez apprendre que notre presse \u00e0 huile couvre presque tous les mod\u00e8les disponibles sur le march\u00e9. Ainsi, chez nous, vous pouvez conna\u00eetre tous les types en une seule fois, tr\u00e8s simple et pratique.<\/p>    <p class=\"translation-block\"><strong>Responsable commercial professionnel<\/strong>. Nos responsables commerciaux ont une riche exp\u00e9rience et une bonne compr\u00e9hension de la machine. D'apr\u00e8s votre discussion, ils peuvent clairement savoir ce dont vous avez besoin et fournir les solutions parfaites.<\/p>    <p class=\"translation-block\"><strong>Service apr\u00e8s-vente attentionn\u00e9<\/strong>. Notre entreprise fournit un service en ligne ainsi qu'un support vid\u00e9o. Chaque fois que vous avez besoin d'aide, nous sommes toujours avec vous.<\/p>    <h2 class=\"wp-block-heading\"><strong>Entretien de la presse \u00e0 huile Taizy<\/strong><\/h2>    <ol class=\"wp-block-list\"> <li>Lorsque la quantit\u00e9 de pression est r\u00e9duite et que le d\u00e9bit de r\u00e9sidus ou d'huile est anormal, retirez l'arbre de la vis et v\u00e9rifiez l'usure de la vis, de la tige de pression et de l'anneau de r\u00e9sidus. Les pi\u00e8ces us\u00e9es doivent \u00eatre remplac\u00e9es \u00e0 temps.<\/li>    <li>Apr\u00e8s chaque quart de travail, le g\u00e2teau r\u00e9siduel dans la machine doit \u00eatre enlev\u00e9 et la poussi\u00e8re et la graisse sur la surface de la machine doivent \u00eatre essuy\u00e9es.<\/li>    <li>Lors d'un stockage prolong\u00e9 apr\u00e8s la saison de production, un entretien doit \u00eatre effectu\u00e9 et les escargots press\u00e9s, les barres press\u00e9es et les anneaux de r\u00e9sidus doivent \u00eatre d\u00e9mont\u00e9s, lav\u00e9s et r\u00e9-huil\u00e9s, et plac\u00e9s dans un endroit sec.<\/li> <\/ol>    <h2 class=\"wp-block-heading\"><strong>Cas r\u00e9ussi\u00a0:<\/strong> <strong>Presse \u00e0 huile \u00e0 vis chaude enti\u00e8rement automatique vendue en Tha\u00eflande<\/strong><\/h2>    <p>Notre responsable commercial Winne a re\u00e7u une demande d'un client tha\u00eflandais. Ce client tha\u00eflandais exploite une usine de transformation d\u2019huile d\u2019arachide. Il souhaite mettre \u00e0 jour l'\u00e9quipement. Gr\u00e2ce \u00e0 la communication, le client tha\u00eflandais vend une grande vari\u00e9t\u00e9 d\u2019huiles usag\u00e9es. Comme l\u2019huile d\u2019arachide, l\u2019huile de colza, l\u2019huile de tournesol, etc. C\u2019est pourquoi Winne recommande sa presse \u00e0 vis enti\u00e8rement automatique. Puis, en fonction de son volume de ventes quotidien, Winne a recommand\u00e9 le type 60. Parce qu'il vend de l'huile et souhaite avoir plus de clart\u00e9, il souhaite \u00e9galement un filtre \u00e0 huile centrifuge. Apr\u00e8s avoir eu une compr\u00e9hension d\u00e9taill\u00e9e des performances, des param\u00e8tres, des vid\u00e9os de travail, etc. de la machine, il a conclu une coop\u00e9ration avec nous.<\/p>   <div class=\"wp-block-image\"> <figure class=\"aligncenter size-full\"><img loading=\"lazy\" decoding=\"async\" width=\"720\" height=\"280\" src=\"https:\/\/taizyagromachine.com\/wp-content\/uploads\/2022\/04\/order-details-fully-automatic-screw-oil-press-machine.jpg\" alt=\"d\u00e9tails de la commande - presse \u00e0 huile \u00e0 vis enti\u00e8rement automatique\" class=\"wp-image-2426\" srcset=\"https:\/\/taizyagromachine.com\/wp-content\/uploads\/2022\/04\/order-details-fully-automatic-screw-oil-press-machine.jpg 720w, https:\/\/taizyagromachine.com\/wp-content\/uploads\/2022\/04\/order-details-fully-automatic-screw-oil-press-machine-300x117.jpg 300w\" sizes=\"auto, (max-width: 720px) 100vw, 720px\" \/><figcaption class=\"wp-element-caption\">d\u00e9tails de la commande - presse \u00e0 huile \u00e0 vis enti\u00e8rement automatique<\/figcaption><\/figure> <\/div>   <h2 class=\"wp-block-heading\" id=\"h-\"><strong> <\/strong><\/h2>","protected":false},"excerpt":{"rendered":"<p>Edible oil is inseparable from people&#8217;s daily life. Edible oil requires an oil press for extraction. Therefore, investing in oil press machine can bring huge profits to investors. As a professional oil press manufacturer and supplier, our oil expeller covers almost all varieties on the market. Besides, our oil extraction machine has hot pressing and [&hellip;]<\/p>\n","protected":false},"author":1,"featured_media":2417,"parent":0,"template":"","tags":[],"product-type":[22],"class_list":["post-2416","product","type-product","status-publish","has-post-thumbnail","hentry","product-type-others"],"_links":{"self":[{"href":"https:\/\/taizyagromachine.com\/fr\/wp-json\/wp\/v2\/product\/2416","targetHints":{"allow":["GET"]}}],"collection":[{"href":"https:\/\/taizyagromachine.com\/fr\/wp-json\/wp\/v2\/product"}],"about":[{"href":"https:\/\/taizyagromachine.com\/fr\/wp-json\/wp\/v2\/types\/product"}],"author":[{"embeddable":true,"href":"https:\/\/taizyagromachine.com\/fr\/wp-json\/wp\/v2\/users\/1"}],"wp:featuredmedia":[{"embeddable":true,"href":"https:\/\/taizyagromachine.com\/fr\/wp-json\/wp\/v2\/media\/2417"}],"wp:attachment":[{"href":"https:\/\/taizyagromachine.com\/fr\/wp-json\/wp\/v2\/media?parent=2416"}],"wp:term":[{"taxonomy":"post_tag","embeddable":true,"href":"https:\/\/taizyagromachine.com\/fr\/wp-json\/wp\/v2\/tags?post=2416"},{"taxonomy":"product-type","embeddable":true,"href":"https:\/\/taizyagromachine.com\/fr\/wp-json\/wp\/v2\/product-type?post=2416"}],"curies":[{"name":"wp","href":"https:\/\/api.w.org\/{rel}","templated":true}]}}