{"id":2431,"date":"2022-04-08T09:50:52","date_gmt":"2022-04-08T09:50:52","guid":{"rendered":"https:\/\/taizyagromachine.com\/?post_type=product&#038;p=2431"},"modified":"2025-04-28T16:51:17","modified_gmt":"2025-04-28T08:51:17","slug":"groundnut-shelling-machine-groundnut-shell-removing-machine","status":"publish","type":"product","link":"https:\/\/taizyagromachine.com\/fr\/product\/groundnut-shelling-machine-groundnut-shell-removing-machine\/","title":{"rendered":"Machine \u00e0 d\u00e9cortiquer les arachides pour enlever les coques d'arachides"},"content":{"rendered":"<p class=\"translation-block\"><strong>D\u00e9cortiqueuse d'arachides<\/strong> fonctions pour enlever facilement la peau des arachides, obtenant ainsi des amandes d'arachides propres et enti\u00e8res. Ce type de d\u00e9cortiqueuse d'arachides a une capacit\u00e9 de 200 \u00e0 800 kg\/h, avec les avantages de syst\u00e8mes d'alimentation flexibles, un taux de d\u00e9corticage \u00e9lev\u00e9 et un faible taux de casse.<\/p>    <p>Les arachides sont riches en nutriments. Non seulement pour l\u2019extraction p\u00e9troli\u00e8re mais aussi pour l\u2019industrie alimentaire. De plus, il peut \u00e9galement \u00eatre consomm\u00e9 directement. C\u2019est pourquoi nous utilisons la d\u00e9cortiqueuse d\u2019arachides. De plus, notre d\u00e9cortiqueuse de cacahu\u00e8tes est certifi\u00e9e CE. <\/p>    <p>En outre, notre d\u00e9cortiqueuse de cacahu\u00e8tes est tr\u00e8s populaire dans de nombreux pays et r\u00e9gions. Comme le S\u00e9n\u00e9gal, le Nigeria, le Kenya, le Congo, le Zimbabwe, la Gambie, la Gr\u00e8ce, etc.<\/p>    <figure class=\"wp-block-embed is-type-video is-provider-youtube wp-block-embed-youtube wp-embed-aspect-16-9 wp-has-aspect-ratio\"><div class=\"wp-block-embed__wrapper\"> <iframe loading=\"lazy\" title=\"D\u00e9cortiqueuse de cacahu\u00e8tes \u00e9conomique pour enlever les coques de noix | Comment fonctionne une d\u00e9cortiqueuse de cacahu\u00e8tes industrielle ?\" width=\"500\" height=\"281\" src=\"https:\/\/www.youtube.com\/embed\/laJ9QAIVMf0?feature=oembed\" frameborder=\"0\" allow=\"accelerometer; autoplay; clipboard-write; encrypted-media; gyroscope; picture-in-picture; web-share\" referrerpolicy=\"strict-origin-when-cross-origin\" allowfullscreen><\/iframe> <\/div><figcaption class=\"wp-element-caption\">vid\u00e9o de machine \u00e0 d\u00e9cortiquer les cacahu\u00e8tes<\/figcaption><\/figure>    <h2 class=\"wp-block-heading\" id=\"h-industrial-automatic-peanut-shelling-machine-for-sale\"><strong>Machine de d\u00e9corticage d'arachide automatique industrielle \u00e0 vendre<\/strong><\/h2>    <p>En tant que fabricant et fournisseur leader et professionnel de machines agricoles, nous disposons de diff\u00e9rents mod\u00e8les pour r\u00e9pondre \u00e0 vos besoins. Bien entendu, chaque mod\u00e8le de d\u00e9cortiqueuse d\u2019arachide a sa solidit\u00e9 et ses caract\u00e9ristiques. Je vous les pr\u00e9sente un \u00e0 un.<\/p>    <h3 class=\"wp-block-heading\"><strong>Petite machine \u00e0 d\u00e9cortiquer les arachides TBH-200<\/strong><\/h3>    <p>Ce type de d\u00e9cortiqueuse d'arachide peut utiliser le moteur diesel, le moteur et le moteur \u00e0 essence. Un tamis est utilis\u00e9 dans cette d\u00e9cortiqueuse. Mais nous disposerons deux tamis avec la machine. <\/p>    <p>Vous pouvez \u00e9galement personnaliser le tamis selon la forme de la cacahu\u00e8te. Ce type de machine d'\u00e9limination des coques d'arachide pr\u00e9sente les avantages d'un rendement \u00e9lev\u00e9, de faibles dommages et d'un taux de d\u00e9corticage \u00e9lev\u00e9. C\u2019est donc une machine \u00e0 d\u00e9cortiquer les cacahu\u00e8tes pour la maison et les petites entreprises.<\/p>   <div class=\"wp-block-image\"> <figure class=\"aligncenter size-full\"><img loading=\"lazy\" decoding=\"async\" width=\"720\" height=\"540\" src=\"https:\/\/taizyagromachine.com\/wp-content\/uploads\/2022\/04\/peanut-shelling-machine-TBH-200.jpg\" alt=\"d\u00e9cortiqueuse d&#039;arachide-TBH-200\" class=\"wp-image-2433\" srcset=\"https:\/\/taizyagromachine.com\/wp-content\/uploads\/2022\/04\/peanut-shelling-machine-TBH-200.jpg 720w, https:\/\/taizyagromachine.com\/wp-content\/uploads\/2022\/04\/peanut-shelling-machine-TBH-200-300x225.jpg 300w\" sizes=\"auto, (max-width: 720px) 100vw, 720px\" \/><figcaption class=\"wp-element-caption\">d\u00e9cortiqueuse d'arachide-TBH-200<\/figcaption><\/figure> <\/div>   <figure class=\"wp-block-embed is-type-video is-provider-youtube wp-block-embed-youtube wp-embed-aspect-16-9 wp-has-aspect-ratio\"><div class=\"wp-block-embed__wrapper\"> <iframe loading=\"lazy\" title=\"Comment fonctionne un d\u00e9cortiqueur de cacahu\u00e8tes ? Comment retirent-ils les coques des cacahu\u00e8tes ?\" width=\"500\" height=\"281\" src=\"https:\/\/www.youtube.com\/embed\/ItqAlwJXEL8?feature=oembed\" frameborder=\"0\" allow=\"accelerometer; autoplay; clipboard-write; encrypted-media; gyroscope; picture-in-picture; web-share\" referrerpolicy=\"strict-origin-when-cross-origin\" allowfullscreen><\/iframe> <\/div><figcaption class=\"wp-element-caption\">vid\u00e9o de travail de la d\u00e9cortiqueuse d'arachides<\/figcaption><\/figure>    <h3 class=\"wp-block-heading\"><strong>TBH-400 Dissolvant automatique de peau d'arachide <\/strong><\/h3>    <p>La d\u00e9cortiqueuse de cacahu\u00e8tes a un syst\u00e8me d'alimentation similaire \u00e0 celui du TBH-200, trois dispositifs d'alimentation sont disponibles. De plus, deux tamis sont disponibles et un seul est install\u00e9. Le souffleur \u00e9limine les impuret\u00e9s. Il utilise un rouleau en caoutchouc. <\/p>    <p>Par rapport \u00e0 la machine ci-dessus, cette d\u00e9cortiqueuse industrielle d\u2019arachides a une plus grande capacit\u00e9.<\/p>    <figure class=\"wp-block-gallery aligncenter has-nested-images columns-default is-cropped wp-block-gallery-2 is-layout-flex wp-block-gallery-is-layout-flex\"> <figure class=\"wp-block-image size-large\"><img loading=\"lazy\" decoding=\"async\" width=\"540\" height=\"720\" data-id=\"2435\" src=\"https:\/\/taizyagromachine.com\/wp-content\/uploads\/2022\/04\/groundnut-sheller-TBH-400.jpg\" alt=\"d\u00e9cortiqueuse-d&#039;arachide-TBH-400\" class=\"wp-image-2435\" srcset=\"https:\/\/taizyagromachine.com\/wp-content\/uploads\/2022\/04\/groundnut-sheller-TBH-400.jpg 540w, https:\/\/taizyagromachine.com\/wp-content\/uploads\/2022\/04\/groundnut-sheller-TBH-400-225x300.jpg 225w\" sizes=\"auto, (max-width: 540px) 100vw, 540px\" \/><figcaption class=\"wp-element-caption\">d\u00e9cortiqueuse d'arachide-TBH-400<\/figcaption><\/figure>    <figure class=\"wp-block-image size-full\"><img loading=\"lazy\" decoding=\"async\" width=\"540\" height=\"720\" data-id=\"2436\" src=\"https:\/\/taizyagromachine.com\/wp-content\/uploads\/2022\/04\/peanut-shell-removing-machine-TBH-400.jpg\" alt=\"machine \u00e0 enlever les coquilles d&#039;arachide-TBH-400\" class=\"wp-image-2436\" srcset=\"https:\/\/taizyagromachine.com\/wp-content\/uploads\/2022\/04\/peanut-shell-removing-machine-TBH-400.jpg 540w, https:\/\/taizyagromachine.com\/wp-content\/uploads\/2022\/04\/peanut-shell-removing-machine-TBH-400-225x300.jpg 225w\" sizes=\"auto, (max-width: 540px) 100vw, 540px\" \/><figcaption class=\"wp-element-caption\">machine \u00e0 enlever les coquilles d'arachide-TBH-400<\/figcaption><\/figure> <\/figure>    <figure class=\"wp-block-gallery aligncenter has-nested-images columns-default is-cropped wp-block-gallery-3 is-layout-flex wp-block-gallery-is-layout-flex\"> <figure class=\"wp-block-image size-full\"><img loading=\"lazy\" decoding=\"async\" width=\"720\" height=\"540\" data-id=\"2434\" src=\"https:\/\/taizyagromachine.com\/wp-content\/uploads\/2022\/04\/rubber-roller.jpg\" alt=\"rouleau en caoutchouc\" class=\"wp-image-2434\" srcset=\"https:\/\/taizyagromachine.com\/wp-content\/uploads\/2022\/04\/rubber-roller.jpg 720w, https:\/\/taizyagromachine.com\/wp-content\/uploads\/2022\/04\/rubber-roller-300x225.jpg 300w\" sizes=\"auto, (max-width: 720px) 100vw, 720px\" \/><figcaption class=\"wp-element-caption\">rouleau en caoutchouc<\/figcaption><\/figure> <\/figure>    <h3 class=\"wp-block-heading\"><strong>Machine commerciale de d\u00e9corticage d'arachide TBH-800<\/strong>  <\/h3>    <p>La machine \u00e0 d\u00e9cortiquer les arachides peut utiliser trois dispositifs \u00e9lectriques. Et il pr\u00e9sente les avantages de deux ventilateurs et de deux tamis install\u00e9s. Le rouleau de fer est appliqu\u00e9 pour battre les cacahu\u00e8tes. <\/p>    <p>En outre, cette d\u00e9cortiqueuse automatique d'arachides peut d\u00e9cortiquer les arachides deux fois, ce qui donne des grains d'arachide beaucoup plus propres.<\/p>   <div class=\"wp-block-image\"> <figure class=\"aligncenter size-full\"><img loading=\"lazy\" decoding=\"async\" width=\"720\" height=\"540\" src=\"https:\/\/taizyagromachine.com\/wp-content\/uploads\/2022\/04\/peanut-skin-remover-TBH-800.jpg\" alt=\"dissolvant de peau d&#039;arachide-TBH-800\" class=\"wp-image-2438\" srcset=\"https:\/\/taizyagromachine.com\/wp-content\/uploads\/2022\/04\/peanut-skin-remover-TBH-800.jpg 720w, https:\/\/taizyagromachine.com\/wp-content\/uploads\/2022\/04\/peanut-skin-remover-TBH-800-300x225.jpg 300w\" sizes=\"auto, (max-width: 720px) 100vw, 720px\" \/><figcaption class=\"wp-element-caption\">dissolvant de peau d'arachide-TBH-800<\/figcaption><\/figure> <\/div>   <h3 class=\"wp-block-heading\"><strong>Machine \u00e0 d\u00e9cortiquer les arachides 6BHD-800D pour projet<\/strong><\/h3>    <p>Cet \u00e9quipement de d\u00e9corticage d'arachides est tr\u00e8s similaire au TBH-800. Mais cet engin peut \u00eatre \u00e9quip\u00e9 de grosses roues. Les clients africains appr\u00e9cient beaucoup ce type de d\u00e9cortiqueuse d\u2019arachides portable. Ainsi, si vous avez des projets en Afrique, vous pouvez nous contacter pour choisir ce mod\u00e8le afin de faciliter votre business.<\/p>   <div class=\"wp-block-image\"> <figure class=\"aligncenter size-full\"><img loading=\"lazy\" decoding=\"async\" width=\"720\" height=\"540\" src=\"https:\/\/taizyagromachine.com\/wp-content\/uploads\/2022\/04\/groundnut-shell-removing-machine-6BHD-800B.jpg\" alt=\"machine \u00e0 enlever les coques d&#039;arachide-6BHD-800B\" class=\"wp-image-2439\" srcset=\"https:\/\/taizyagromachine.com\/wp-content\/uploads\/2022\/04\/groundnut-shell-removing-machine-6BHD-800B.jpg 720w, https:\/\/taizyagromachine.com\/wp-content\/uploads\/2022\/04\/groundnut-shell-removing-machine-6BHD-800B-300x225.jpg 300w\" sizes=\"auto, (max-width: 720px) 100vw, 720px\" \/><figcaption class=\"wp-element-caption\">machine \u00e0 enlever les coques d'arachide-6BHD-800B<\/figcaption><\/figure> <\/div>   <h2 class=\"wp-block-heading\"><strong>Param\u00e8tres techniques de la machine \u00e0 d\u00e9cortiquer les arachides<\/strong><\/h2>    <figure class=\"wp-block-table\"><table><tbody><tr><td>Mod\u00e8le<\/td><td>Capacit\u00e9<\/td><td>Pouvoir<\/td><td>Poids<\/td><td>Taille<\/td><\/tr><tr><td>TBH-200<\/td><td>200kg\/heure<\/td><td>Moteur 2,2 kW, moteur essence 170F, moteur diesel 6 ch<\/td><td>40 kg<\/td><td>650*<em>560<\/em>*1000 mm<\/td><\/tr><tr><td>TBH-400<\/td><td>300-400kg\/heure<\/td><td>Moteur 3kW, moteur essence 170F, moteur diesel 8hp<\/td><td>\/<\/td><td>\/<\/td><\/tr><tr><td>TBH-800<\/td><td>600-800 kg\/heure<\/td><td>Moteur 3kW OU moteur essence 170F, moteur diesel 8hp<\/td><td>160 kg<\/td><td>1330*750*1570mm<\/td><\/tr><tr><td>6BHD-800B<\/td><td>600-800 kg\/heure<\/td><td>Moteur 2,2-3,0 kW<\/td><td>160 kg<\/td><td>1330*750*1570mm<\/td><\/tr><\/tbody><\/table><figcaption class=\"wp-element-caption\">param\u00e8tres techniques du d\u00e9cortiqueur d'arachide<\/figcaption><\/figure>    <h2 class=\"wp-block-heading\" id=\"h-highlights-of-groundnut-shell-removing-machine\"><strong>Points forts de la machine d'\u00e9limination des coques d'arachide<\/strong><\/h2>    <ul class=\"wp-block-list\"> <li><strong>Trois syst\u00e8mes d'alimentation sont disponibles<\/strong>. Le moteur diesel, le moteur \u00e9lectrique et le moteur \u00e0 essence peuvent tous \u00eatre appliqu\u00e9s \u00e0 ces quatre mod\u00e8les. Par cons\u00e9quent, vous disposez d\u2019un grand espace de s\u00e9lection.<\/li>    <li><strong>Les tamis peuvent \u00eatre personnalis\u00e9s<\/strong>. En fait, nous avons rassembl\u00e9 suffisamment de tamis avec la d\u00e9cortiqueuse d'arachide. Cependant, nous pouvons toujours personnaliser le tamis en fonction de la forme de la cacahu\u00e8te.<\/li>    <li><strong>Diff\u00e9rentes capacit\u00e9s peuvent r\u00e9pondre \u00e0 vos demandes<\/strong>. Notre dissolvant de peau d'arachide sert \u00e0 peler les peaux d'arachide \u00e0 une vitesse comprise entre 200 kg par heure et 800 kg par heure. Par cons\u00e9quent, cela peut satisfaire vos diff\u00e9rentes \u00e9chelles d\u2019entreprise.<\/li>    <li>Structure simple, op\u00e9ration facile et performances stables.<\/li>    <li>Taux de bombardements \u00e9lev\u00e9, faible taux de d\u00e9g\u00e2ts.<\/li> <\/ul>   <div class=\"wp-block-image\"> <figure class=\"aligncenter size-full\"><img loading=\"lazy\" decoding=\"async\" width=\"720\" height=\"400\" src=\"https:\/\/taizyagromachine.com\/wp-content\/uploads\/2022\/04\/sieve.jpg\" alt=\"tamis\" class=\"wp-image-2440\" srcset=\"https:\/\/taizyagromachine.com\/wp-content\/uploads\/2022\/04\/sieve.jpg 720w, https:\/\/taizyagromachine.com\/wp-content\/uploads\/2022\/04\/sieve-300x167.jpg 300w\" sizes=\"auto, (max-width: 720px) 100vw, 720px\" \/><figcaption class=\"wp-element-caption\">tamis<\/figcaption><\/figure> <\/div>   <h2 class=\"wp-block-heading\"><strong>Conception et fabrication de machines \u00e0 d\u00e9cortiquer les arachides<\/strong><\/h2>    <p>Dans notre entreprise, la conception et la fabrication des machines \u00e0 d\u00e9cortiquer les arachides sont essentiellement conviviales pour les utilisateurs. De la tr\u00e9mie \u00e0 l\u2019entr\u00e9e, toute la structure est tr\u00e8s simple \u00e0 comprendre. <\/p>    <p>Il comprend l'entr\u00e9e et la sortie. Les d\u00e9tails de la machine comprennent un rouleau en caoutchouc, un tamis filtrant, l'arbre du d\u00e9flecteur de commande et un ventilateur. En prenant le TBH-400 comme exemple, illustr\u00e9 ci-dessous\u00a0:<\/p>    <figure class=\"wp-block-gallery aligncenter has-nested-images columns-default is-cropped wp-block-gallery-4 is-layout-flex wp-block-gallery-is-layout-flex\"> <figure class=\"wp-block-image size-full\"><img loading=\"lazy\" decoding=\"async\" width=\"720\" height=\"540\" data-id=\"2441\" src=\"https:\/\/taizyagromachine.com\/wp-content\/uploads\/2022\/04\/structure-of-groundnut-skin-remover.jpg\" alt=\"dissolvant-de-peau-d&#039;arachide\" class=\"wp-image-2441\" srcset=\"https:\/\/taizyagromachine.com\/wp-content\/uploads\/2022\/04\/structure-of-groundnut-skin-remover.jpg 720w, https:\/\/taizyagromachine.com\/wp-content\/uploads\/2022\/04\/structure-of-groundnut-skin-remover-300x225.jpg 300w\" sizes=\"auto, (max-width: 720px) 100vw, 720px\" \/><figcaption class=\"wp-element-caption\">structure du dissolvant de peau d'arachide<\/figcaption><\/figure>    <figure class=\"wp-block-image size-full\"><img loading=\"lazy\" decoding=\"async\" width=\"720\" height=\"540\" data-id=\"2442\" src=\"https:\/\/taizyagromachine.com\/wp-content\/uploads\/2022\/04\/machine-details-groundnut-shelling-machine.jpg\" alt=\"machine-d\u00e9tails-machine-\u00e0-d\u00e9cosser-l&#039;arachide\" class=\"wp-image-2442\" srcset=\"https:\/\/taizyagromachine.com\/wp-content\/uploads\/2022\/04\/machine-details-groundnut-shelling-machine.jpg 720w, https:\/\/taizyagromachine.com\/wp-content\/uploads\/2022\/04\/machine-details-groundnut-shelling-machine-300x225.jpg 300w\" sizes=\"auto, (max-width: 720px) 100vw, 720px\" \/><figcaption class=\"wp-element-caption\">d\u00e9tails de la machine <\/figcaption><\/figure> <\/figure>    <h2 class=\"wp-block-heading\"><strong>Principe de fonctionnement de la machine industrielle \u00e0 d\u00e9cortiquer les arachides<\/strong><\/h2>    <ol class=\"wp-block-list\"> <li>Introduisez les arachides dans la tr\u00e9mie. Et puis, en fonction de la rotation du manchon de suspension et de la force de frottement de la plaque concave, s\u00e9parer compl\u00e8tement la coque et les grains de cacahu\u00e8te.<\/li>    <li>Commencez ensuite \u00e0 effectuer une deuxi\u00e8me s\u00e9lection en respectant le tamis de s\u00e9paration par gravit\u00e9.<\/li>    <li>Les grains sortent par la sortie. <\/li> <\/ol>    <h2 class=\"wp-block-heading\"><strong>Pourquoi choisir Taizy comme premier choix du fabricant de machines \u00e0 d\u00e9cortiquer les cacahu\u00e8tes\u00a0?<\/strong><\/h2>    <ol class=\"wp-block-list\"> <li><strong>Certificat CE<\/strong>. Notre d\u00e9cortiqueuse d'arachide a un certificat CE. <\/li>    <li><strong>Une exp\u00e9rience riche<\/strong>. Nos directeurs commerciaux poss\u00e8dent une riche connaissance des produits et une exp\u00e9rience en exportation.  <\/li>    <li><strong>Marque c\u00e9l\u00e8bre<\/strong>. Depuis notre cr\u00e9ation en 2011, nous avons fourni des machines dans plus de 80 pays. Tel que <strong>Nig\u00e9ria, Kenya, Ouganda, Angola, Zimbabwe, Colombie, Ghana, Singapour<\/strong>, etc.<\/li> <\/ol>    <h2 class=\"wp-block-heading\"><strong>Cas r\u00e9ussi\u00a0: 4 ensembles de d\u00e9cortiqueuses d'arachide export\u00e9s au Nigeria<\/strong><\/h2>    <p>Ce client nig\u00e9rian poss\u00e8de une grande ferme cultivant des arachides. Il souhaite donc acheter une d\u00e9cortiqueuse d'arachides. Et comme il voulait embaucher des ouvriers, il lui fallait plusieurs machines. Notre responsable commercial savait en lui communiquant qu'il voulait 4 machines et que le rendement \u00e9tait d'environ 700kg. <\/p>    <p class=\"translation-block\">Selon la demande d'un client nig\u00e9rian, Winne lui a recommand\u00e9 la <a href=\"https:\/\/taizyagromachine.com\/fr\/product\/groundnut-sheller\/\">d\u00e9cortiqueuse industrielle d'arachides TBH-800<\/a>. Elle a envoy\u00e9 une pr\u00e9sentation d\u00e9taill\u00e9e des param\u00e8tres de la machine, de ses performances, de sa configuration, etc., ainsi qu'une vid\u00e9o de fonctionnement. Il a \u00e9t\u00e9 tr\u00e8s satisfait apr\u00e8s l'avoir vue et a sign\u00e9 un contrat avec nous.<\/p>    <h2 class=\"wp-block-heading\"><strong>Contactez-nous pour le prix de la machine \u00e0 d\u00e9cortiquer les cacahu\u00e8tes Taizy\u00a0!<\/strong><\/h2>    <p class=\"translation-block\">Vous voulez faire un d\u00e9corticage rapide d'<a href=\"https:\/\/en.wikipedia.org\/wiki\/Peanut\" target=\"_blank\" rel=\"noopener\">arachides<\/a> ? Contactez-nous et nous pouvons vous fournir la solution et le devis optimaux.<\/p>    <p><\/p>","protected":false},"excerpt":{"rendered":"<p>La machine \u00e0 d\u00e9cortiquer les arachides fonctionne pour \u00e9liminer la peau des pranuts, obtenant ainsi des grains d'arachide propres et entiers, avec une capacit\u00e9 de 400 \u00e0 800 kg\/h. Dans cet article, nous pr\u00e9sentons quatre types de d\u00e9cortiqueuses d'arachides pour votre r\u00e9f\u00e9rence, il y en a toujours une pour vos besoins.<\/p>","protected":false},"author":1,"featured_media":2432,"parent":0,"template":"","tags":[],"product-type":[21],"class_list":["post-2431","product","type-product","status-publish","has-post-thumbnail","hentry","product-type-peanut-machine"],"_links":{"self":[{"href":"https:\/\/taizyagromachine.com\/fr\/wp-json\/wp\/v2\/product\/2431","targetHints":{"allow":["GET"]}}],"collection":[{"href":"https:\/\/taizyagromachine.com\/fr\/wp-json\/wp\/v2\/product"}],"about":[{"href":"https:\/\/taizyagromachine.com\/fr\/wp-json\/wp\/v2\/types\/product"}],"author":[{"embeddable":true,"href":"https:\/\/taizyagromachine.com\/fr\/wp-json\/wp\/v2\/users\/1"}],"wp:featuredmedia":[{"embeddable":true,"href":"https:\/\/taizyagromachine.com\/fr\/wp-json\/wp\/v2\/media\/2432"}],"wp:attachment":[{"href":"https:\/\/taizyagromachine.com\/fr\/wp-json\/wp\/v2\/media?parent=2431"}],"wp:term":[{"taxonomy":"post_tag","embeddable":true,"href":"https:\/\/taizyagromachine.com\/fr\/wp-json\/wp\/v2\/tags?post=2431"},{"taxonomy":"product-type","embeddable":true,"href":"https:\/\/taizyagromachine.com\/fr\/wp-json\/wp\/v2\/product-type?post=2431"}],"curies":[{"name":"wp","href":"https:\/\/api.w.org\/{rel}","templated":true}]}}