{"id":2457,"date":"2022-04-15T10:28:05","date_gmt":"2022-04-15T10:28:05","guid":{"rendered":"https:\/\/taizyagromachine.com\/?post_type=product&#038;p=2457"},"modified":"2025-02-11T16:31:15","modified_gmt":"2025-02-11T08:31:15","slug":"vegetable-transplanter","status":"publish","type":"product","link":"https:\/\/taizyagromachine.com\/fr\/product\/vegetable-transplanter\/","title":{"rendered":"Transplanteur de l\u00e9gumes | Transplanteur de semis de l\u00e9gumes | Machine de transplantation de semis"},"content":{"rendered":"<p class=\"translation-block\">Comme son nom l'indique, le <strong>transplanteur de l\u00e9gumes<\/strong> est sp\u00e9cialement con\u00e7u pour transplanter diverses plantules de l\u00e9gumes, de fruits et de fleurs. Les <a href=\"https:\/\/nurseryseedingmachine.com\/vegetable-transplanter\/\" target=\"_blank\" rel=\"noreferrer noopener\">machines de transplantation de semis<\/a> sont disponibles dans une large gamme de rangs, de 2 \u00e0 12 rangs. Il s'agit d'une machine personnalis\u00e9e qui peut parfaitement r\u00e9pondre \u00e0 vos besoins. La puissance est g\u00e9n\u00e9ralement un moteur \u00e0 essence, mais elle peut \u00e9galement \u00eatre modifi\u00e9e selon vos exigences. De plus, notre transplanteur de plants de l\u00e9gumes peut ajouter de nombreuses fonctions, telles que l'irrigation au goutte-\u00e0-goutte, le paillage, le labourage rotatif, etc. Cela d\u00e9pend de vos besoins sp\u00e9cifiques. N'h\u00e9sitez pas \u00e0 nous contacter \u00e0 tout moment.<\/p>    <p class=\"translation-block\"><br>En tant que <a href=\"https:\/\/taizyagromachine.com\/fr\/\" target=\"_blank\" rel=\"noreferrer noopener\">fabricant et fournisseur de machines r\u00e9put\u00e9<\/a>, nos machines sont certifi\u00e9es CE et sont souvent export\u00e9es vers la <strong>Colombie, les \u00c9tats-Unis, la Finlande, le Maroc, l'Australie<\/strong> et d'autres pays et r\u00e9gions.<\/p>    <h2 class=\"wp-block-heading\" id=\"h-working-video-of-tractor-driven-vegetable-transplanter-machine\"><strong>Vid\u00e9o de travail d'une transplanteuse de l\u00e9gumes entra\u00een\u00e9e par un tracteur<\/strong><\/h2>    <figure class=\"wp-block-embed is-type-video is-provider-youtube wp-block-embed-youtube wp-embed-aspect-16-9 wp-has-aspect-ratio\"><div class=\"wp-block-embed__wrapper\"> <iframe loading=\"lazy\" title=\"La transplanteuse de l\u00e9gumes de type tracteur fonctionne sur les champs plats, ajoutant \u00e9galement la fonction de rev\u00eatement par film.\" width=\"500\" height=\"281\" src=\"https:\/\/www.youtube.com\/embed\/u7n76TRlcD8?feature=oembed\" frameborder=\"0\" allow=\"accelerometer; autoplay; clipboard-write; encrypted-media; gyroscope; picture-in-picture; web-share\" referrerpolicy=\"strict-origin-when-cross-origin\" allowfullscreen><\/iframe> <\/div><\/figure>    <h2 class=\"wp-block-heading\" id=\"h-fully-automatic-vegetable-transplanter-for-sale\"><strong>Transplanteur de l\u00e9gumes enti\u00e8rement automatique \u00e0 vendre<\/strong><\/h2>    <p><br>Chaque planteuse de l\u00e9gumes a ses propres avantages et caract\u00e9ristiques, et toutes sont des machines qui peuvent \u00eatre personnalis\u00e9es selon vos besoins.<\/p>    <h3 class=\"wp-block-heading\"><br><strong>Type 1\u00a0: Transplanteur automoteur<\/strong><\/h3>    <p><br>Ce transplanteur n'a que 2 et 4 rang\u00e9es, et l'espacement des plantes et l'espacement des rang\u00e9es sont petits. La puissance utilis\u00e9e est un moteur \u00e0 essence. Convient \u00e0 toutes sortes de l\u00e9gumes, comme les oignons, les tomates, la laitue, l'aubergine, etc. Cette machine est tr\u00e8s \u00e9conomique et pratique. Il peut \u00eatre utilis\u00e9 sur des champs plats ou en cr\u00eate. Il s'agit d'une transplanteuse de l\u00e9gumes sans labour.<\/p>   <div class=\"wp-block-image\"> <figure class=\"aligncenter size-full\"><img loading=\"lazy\" decoding=\"async\" width=\"720\" height=\"540\" src=\"https:\/\/taizyagromachine.com\/wp-content\/uploads\/2022\/04\/self-propelled-transplanter-machine.jpg\" alt=\"transplanteuse automotrice\" class=\"wp-image-2462\" srcset=\"https:\/\/taizyagromachine.com\/wp-content\/uploads\/2022\/04\/self-propelled-transplanter-machine.jpg 720w, https:\/\/taizyagromachine.com\/wp-content\/uploads\/2022\/04\/self-propelled-transplanter-machine-300x225.jpg 300w\" sizes=\"auto, (max-width: 720px) 100vw, 720px\" \/><figcaption class=\"wp-element-caption\">transplanteuse automotrice<\/figcaption><\/figure> <\/div>   <h4 class=\"wp-block-heading\"><strong>Conception d'un transplanteur de l\u00e9gumes portatif<\/strong><\/h4>    <p>La plus grande caract\u00e9ristique de ce type de transplanteuse est qu\u2019elle doit \u00eatre tenue \u00e0 la main pour contr\u00f4ler la direction d\u2019avancement. D'autres structures sont similaires, notamment les plateaux, les coupelles de semis, les si\u00e8ges et les dukctills.<\/p>   <div class=\"wp-block-image\"> <figure class=\"aligncenter size-full\"><img loading=\"lazy\" decoding=\"async\" width=\"720\" height=\"540\" src=\"https:\/\/taizyagromachine.com\/wp-content\/uploads\/2022\/04\/strcture-of-self-propelled-vegetable-transplanter-machine.jpg\" alt=\"structure de la transplanteuse de l\u00e9gumes automotrice\" class=\"wp-image-2459\" srcset=\"https:\/\/taizyagromachine.com\/wp-content\/uploads\/2022\/04\/strcture-of-self-propelled-vegetable-transplanter-machine.jpg 720w, https:\/\/taizyagromachine.com\/wp-content\/uploads\/2022\/04\/strcture-of-self-propelled-vegetable-transplanter-machine-300x225.jpg 300w\" sizes=\"auto, (max-width: 720px) 100vw, 720px\" \/><figcaption class=\"wp-element-caption\">structure d'une transplanteuse de l\u00e9gumes automotrice<\/figcaption><\/figure> <\/div>   <h4 class=\"wp-block-heading\" id=\"h-technical-parameters\"><strong>Param\u00e8tres techniques de la transplanteuse automotrice<\/strong><\/h4>    <figure class=\"wp-block-table\"><table><tbody><tr><td>Mod\u00e8le<\/td><td>2ZBZ-2<\/td><td>2ZBZ-4<\/td><\/tr><tr><td>Espacement des plantes<\/td><td>200-500mm<\/td><td>200-500mm<\/td><\/tr><tr><td>\u00c9cartement des rangs<\/td><td>300-500mm<\/td><td>150-300mm<\/td><\/tr><tr><td>Capacit\u00e9<\/td><td>1000-1400\u33a1\/h<\/td><td>1400-2000\u33a1\/h<\/td><\/tr><tr><td>Rang\u00e9e<\/td><td>2<\/td><td>4<\/td><\/tr><tr><td>Pouvoir<\/td><td>4,05 kW<\/td><td>4,05 kW<\/td><\/tr><\/tbody><\/table><\/figure>    <h4 class=\"wp-block-heading\"><strong>Vid\u00e9o d'utilisation de la transplanteuse automotrice<\/strong><\/h4>    <figure class=\"wp-block-embed is-type-video is-provider-youtube wp-block-embed-youtube wp-embed-aspect-16-9 wp-has-aspect-ratio\"><div class=\"wp-block-embed__wrapper\"> <iframe loading=\"lazy\" title=\"Guide d&#039;utilisation de la transplanteuse automotrice : conseils simples pour une plantation efficace ! Planteuse de semis\" width=\"500\" height=\"281\" src=\"https:\/\/www.youtube.com\/embed\/_AfuL5t-4YM?feature=oembed\" frameborder=\"0\" allow=\"accelerometer; autoplay; clipboard-write; encrypted-media; gyroscope; picture-in-picture; web-share\" referrerpolicy=\"strict-origin-when-cross-origin\" allowfullscreen><\/iframe> <\/div><figcaption class=\"wp-element-caption\">transplanteuse m\u00e9canique<\/figcaption><\/figure>    <h3 class=\"wp-block-heading\"><strong>Type 2\u00a0: Transplanteur de semis de l\u00e9gumes de type chenille<\/strong><\/h3>    <p>Le transplanteur de plantes adopte la chenille, comme un r\u00e9servoir pour avancer. Le nombre de lignes est de 4 \u00e0 12 (lignes paires). Le moteur \u00e0 essence utilis\u00e9 est plus gros que la transplanteuse automotrice. En plus de cela, il peut \u00eatre remplac\u00e9 par un moteur diesel. Cette machine dispose d\u2019une petite plage de r\u00e9glage pour l\u2019espacement des plantes et l\u2019espacement des rangs. Cependant, les fonctions de pellicule et d\u2019irrigation goutte \u00e0 goutte peuvent \u00eatre ajout\u00e9es. La hauteur de la cr\u00eate peut \u00eatre inf\u00e9rieure \u00e0 20 cm.<\/p>   <div class=\"wp-block-image\"> <figure class=\"aligncenter size-full\"><img loading=\"lazy\" decoding=\"async\" width=\"720\" height=\"540\" src=\"https:\/\/taizyagromachine.com\/wp-content\/uploads\/2022\/04\/crawler-type-transplanter.jpg\" alt=\"transplanteuse sur chenilles\" class=\"wp-image-2463\" srcset=\"https:\/\/taizyagromachine.com\/wp-content\/uploads\/2022\/04\/crawler-type-transplanter.jpg 720w, https:\/\/taizyagromachine.com\/wp-content\/uploads\/2022\/04\/crawler-type-transplanter-300x225.jpg 300w\" sizes=\"auto, (max-width: 720px) 100vw, 720px\" \/><figcaption class=\"wp-element-caption\">transplanteuse sur chenilles<\/figcaption><\/figure> <\/div>   <h4 class=\"wp-block-heading\"><strong>Structure du transplanteur de l\u00e9gumes sans labour<\/strong><\/h4>    <p>La plus grande diff\u00e9rence est qu'il y a des chenilles et qu'il y a un si\u00e8ge sp\u00e9cialement con\u00e7u pour la personne qui contr\u00f4le l'ensemble de la machine. Le reste est pareil.<\/p>   <div class=\"wp-block-image\"> <figure class=\"aligncenter size-full\"><img loading=\"lazy\" decoding=\"async\" width=\"720\" height=\"540\" src=\"https:\/\/taizyagromachine.com\/wp-content\/uploads\/2022\/04\/strucutre-of-cralwer-vegetable-transplanter-machine.jpg\" alt=\"Structure de la transplanteuse de l\u00e9gumes Cralwer\" class=\"wp-image-2460\" srcset=\"https:\/\/taizyagromachine.com\/wp-content\/uploads\/2022\/04\/strucutre-of-cralwer-vegetable-transplanter-machine.jpg 720w, https:\/\/taizyagromachine.com\/wp-content\/uploads\/2022\/04\/strucutre-of-cralwer-vegetable-transplanter-machine-300x225.jpg 300w\" sizes=\"auto, (max-width: 720px) 100vw, 720px\" \/><figcaption class=\"wp-element-caption\">structure de la transplanteuse de l\u00e9gumes sur chenilles<\/figcaption><\/figure> <\/div>   <h4 class=\"wp-block-heading\" id=\"h-technical-parameters-1\"><strong>Param\u00e8tres techniques de la transplanteuse de semis<\/strong><\/h4>    <figure class=\"wp-block-table\"><table><tbody><tr><td>Mod\u00e8le<\/td><td>2ZBLZ-4<\/td><td>2ZBLZ-6<\/td><td>2ZBLZ-8<\/td><td>2ZBLZ-10<\/td><td>2ZBLZ-12<\/td><\/tr><tr><td>Espacement des plantes<\/td><td>200-450mm<\/td><td>80-200mm<\/td><td>80-200mm<\/td><td>80-200mm<\/td><td>80-200mm<\/td><\/tr><tr><td>\u00c9cartement des rangs<\/td><td>100mm<\/td><td>150-200mm<\/td><td>100-200mm<\/td><td>150mm<\/td><td>100-150mm<\/td><\/tr><tr><td>Rang\u00e9e<\/td><td>4<\/td><td>6<\/td><td>8<\/td><td>10<\/td><td>12<\/td><\/tr><tr><td>Pouvoir<\/td><td>4,05 kW<\/td><td>7,5 kW<\/td><td>7,5 kW<\/td><td>7,5 kW<\/td><td>7,5 kW<\/td><\/tr><\/tbody><\/table><\/figure>    <h3 class=\"wp-block-heading\"><strong>Type 3\u00a0: Transplanteuse de semis entra\u00een\u00e9e par tracteur<\/strong><\/h3>    <p>Cette transplanteuse est entra\u00een\u00e9e par un tracteur. Les rang\u00e9es de repiquage vont de 2 \u00e0 12 (rangs pairs). Mais la plupart des fonctions sont disponibles, comme la fertilisation, le labour rotatif, le billon, le semis, l'irrigation goutte \u00e0 goutte, le filmage et l'arrosage. Si vous en avez besoin, n'h\u00e9sitez pas \u00e0 nous contacter \u00e0 tout moment.<\/p>   <div class=\"wp-block-image\"> <figure class=\"aligncenter size-full\"><img loading=\"lazy\" decoding=\"async\" width=\"720\" height=\"540\" src=\"https:\/\/taizyagromachine.com\/wp-content\/uploads\/2022\/04\/tractor-driven-type-tranaplanter-machine-.jpg\" alt=\"transplanteuse de type entra\u00een\u00e9e par tracteur \" class=\"wp-image-2464\" srcset=\"https:\/\/taizyagromachine.com\/wp-content\/uploads\/2022\/04\/tractor-driven-type-tranaplanter-machine-.jpg 720w, https:\/\/taizyagromachine.com\/wp-content\/uploads\/2022\/04\/tractor-driven-type-tranaplanter-machine--300x225.jpg 300w\" sizes=\"auto, (max-width: 720px) 100vw, 720px\" \/><figcaption class=\"wp-element-caption\">transplanteuse de type entra\u00een\u00e9e par tracteur <\/figcaption><\/figure> <\/div>   <h4 class=\"wp-block-heading\"><strong>Construction de transplanteuses entra\u00een\u00e9es par tracteur<\/strong><\/h4>    <p>Cette transplanteuse de l\u00e9gumes dispose d'un tracteur, un op\u00e9rateur doit \u00eatre disponible. Les autres ont une structure similaire aux deux types ci-dessus.<\/p>   <div class=\"wp-block-image\"> <figure class=\"aligncenter size-full\"><img loading=\"lazy\" decoding=\"async\" width=\"720\" height=\"540\" src=\"https:\/\/taizyagromachine.com\/wp-content\/uploads\/2022\/04\/structure-of-tractor-type-vegetable-transplanter-machine.jpg\" alt=\"structure-de-type-tracteur-transplanteuse-de-l\u00e9gumes-machine\" class=\"wp-image-2458\" srcset=\"https:\/\/taizyagromachine.com\/wp-content\/uploads\/2022\/04\/structure-of-tractor-type-vegetable-transplanter-machine.jpg 720w, https:\/\/taizyagromachine.com\/wp-content\/uploads\/2022\/04\/structure-of-tractor-type-vegetable-transplanter-machine-300x225.jpg 300w\" sizes=\"auto, (max-width: 720px) 100vw, 720px\" \/><figcaption class=\"wp-element-caption\">structure d'une transplanteuse-machine de type tracteur<\/figcaption><\/figure> <\/div>   <h4 class=\"wp-block-heading\" id=\"h-technical-parameters-2\"><strong>Param\u00e8tres techniques de la transplanteuse de semis entra\u00een\u00e9e par tracteur<\/strong><\/h4>    <figure class=\"wp-block-table\"><table><tbody><tr><td>Mod\u00e8le<\/td><td>2ZBX-2<\/td><td>2ZBX-4<\/td><td>2ZBX-6<\/td><td>2ZBX-8<\/td><td>2ZBX-10<\/td><td>2ZBX-12<\/td><\/tr><tr><td>Espacement des plantes<\/td><td>200-500mm<\/td><td>200-500mm<\/td><td>100-400mm<\/td><td>100-400mm<\/td><td>100-400mm<\/td><td>100-400mm<\/td><\/tr><tr><td>\u00c9cartement des rangs<\/td><td>250-500mm<\/td><td>250-300mm<\/td><td>150-300mm<\/td><td>150-300mm<\/td><td>150-300mm<\/td><td>150-300mm<\/td><\/tr><tr><td>Capacit\u00e9<\/td><td>1000-1700\u33a1\/h<\/td><td>1000-2700\u33a1\/h<\/td><td>1400-3400\u33a1\/h<\/td><td>2000-4000\u33a1\/h<\/td><td>2700-5400\u33a1\/h<\/td><td>3700-6700\u33a1\/h<\/td><\/tr><tr><td>Rang\u00e9e<\/td><td>2<\/td><td>4<\/td><td>6<\/td><td>8<\/td><td>10<\/td><td>12<\/td><\/tr><tr><td>Pouvoir<\/td><td>\u226530<\/td><td>\u226550<\/td><td>\u226560<\/td><td>\u226560<\/td><td>\u226560<\/td><td>\u226560<\/td><\/tr><\/tbody><\/table><\/figure>    <h2 class=\"wp-block-heading\"><strong>Applications larges du transplanteur de semis de l\u00e9gumes<\/strong><\/h2>    <p>Cette machine a une vari\u00e9t\u00e9 d\u2019applications, notamment les l\u00e9gumes, les melons, les fleurs et autres.<\/p>    <p>Des l\u00e9gumes comme les oignons, les tomates, la laitue, le chou, les aubergines, les poivrons, les concombres, etc.<br>Melons comme la past\u00e8que, le cantaloup, la citrouille, la courgette, etc.<br>Des fleurs comme la pivoine, le jasmin, etc.<br>D'autres aiment le chanvre, le tabac, etc.<\/p>    <p>Dans l\u2019attente de vos demandes, nous vous r\u00e9pondrons tr\u00e8s bient\u00f4t.<\/p>   <div class=\"wp-block-image\"> <figure class=\"aligncenter size-full\"><img loading=\"lazy\" decoding=\"async\" width=\"720\" height=\"540\" src=\"https:\/\/taizyagromachine.com\/wp-content\/uploads\/2022\/04\/wide-applications.jpg\" alt=\"applications \u00e9tendues\" class=\"wp-image-2461\" srcset=\"https:\/\/taizyagromachine.com\/wp-content\/uploads\/2022\/04\/wide-applications.jpg 720w, https:\/\/taizyagromachine.com\/wp-content\/uploads\/2022\/04\/wide-applications-300x225.jpg 300w\" sizes=\"auto, (max-width: 720px) 100vw, 720px\" \/><figcaption class=\"wp-element-caption\">applications \u00e9tendues<\/figcaption><\/figure> <\/div>   <h2 class=\"wp-block-heading\"><strong>Comparaison entre le transplanteur automoteur et le transplanteur sur chenilles<\/strong><\/h2>    <p class=\"translation-block\">1. <strong>Diff\u00e9rents rangs applicables<\/strong><\/p>    <p>Le transplanteur manuel convient aux petits rangs de travail, tels que 2 rangs et 4 rangs. Si vous plantez au-dessus de 4\u00a0rangs, veuillez changer d'autres types.\u00a0Bien que le type \u00e0 chenilles ait 4 \u00e0 12\u00a0rangs, lorsqu'il fonctionne comme un r\u00e9servoir, il est plus stabilis\u00e9 gr\u00e2ce \u00e0 un cadre sp\u00e9cial.<\/p>    <p class=\"translation-block\">2. <strong>Espacement des plants et des rangs<\/strong><\/p>    <p>Si l\u2019espace de plantation est inf\u00e9rieur \u00e0 15 cm, acheter le type automoteur n\u2019est pas un bon choix. <\/p>    <p>Le type \u00e0 chenilles a un espace de plantation \u00e9troit et un espacement des rangs \u00e9troit, tel que 10*10 cm avec une densit\u00e9 de plantation \u00e9lev\u00e9e. Les rang\u00e9es de plantes peuvent comprendre de 2 \u00e0 12 rang\u00e9es. Nous sugg\u00e9rons une transplanteuse de type chenille.<\/p>    <p class=\"translation-block\">3. <strong>Zone de travail<\/strong><\/p>    <p>La machine de type automotrice fonctionne principalement dans les petits champs, tels que les serres, les massifs et les zones vallonn\u00e9es. Travailler dans les champs billonn\u00e9s est \u00e9galement une bonne chose. Il est de petite taille et facile \u00e0 utiliser.<\/p>    <p>Le type sur chenilles fonctionne principalement sur les grandes terres agricoles, les terrains plats, il sera pr\u00e9f\u00e9rable de travailler sans cr\u00eate. Il a une efficacit\u00e9 de travail \u00e9lev\u00e9e.<\/p>    <h2 class=\"wp-block-heading\"><strong>Cas r\u00e9ussi\u00a0: une transplanteuse automatique de l\u00e9gumes export\u00e9e en Colombie<\/strong><\/h2>    <p>Ce client colombien est pr\u00eat \u00e0 transplanter de la laitue et dispose d\u00e9j\u00e0 d'une machine pour faire pousser des plants de laitue. Ainsi, apr\u00e8s qu'il nous soit venu du site Web de Google, le but \u00e9tait tr\u00e8s clair, c'est-\u00e0-dire transplanter de la laitue. Ainsi, en parlant des d\u00e9tails, notre responsable commercial savait qu'il transplantait sur un terrain plat, et qu'il s'agissait de 4 rangs. C'est pourquoi notre directeur commercial lui a recommand\u00e9 la transplanteuse automotrice. Apr\u00e8s avoir compris les performances, les param\u00e8tres, les vid\u00e9os de travail, etc. de la machine, nous avons conclu une coop\u00e9ration cette ann\u00e9e. Et en avril, nous avons pr\u00e9par\u00e9 la machine et l'avons \u00e9galement exp\u00e9di\u00e9e \u00e0 destination.<\/p>    <h2 class=\"wp-block-heading\"><strong>FAQ du transplanteur de l\u00e9gumes<\/strong><\/h2>   <div id=\"rank-math-faq\" class=\"rank-math-block\"> <div class=\"rank-math-list\"> <div id=\"faq-question-1665561421755\" class=\"rank-math-list-item\"> <h3 class=\"rank-math-question\"><strong>Q : O\u00f9 est votre usine ?<\/strong><\/h3> <div class=\"rank-math-answer\">  <p>R\u00a0: Ville de Qingzhou, province du Shangdong. C'est la ville de l'usine.<\/p>  <\/div> <\/div> <div id=\"faq-question-1665561428575\" class=\"rank-math-list-item\"> <h3 class=\"rank-math-question\"><strong>Q\u00a0: Quels l\u00e9gumes conviennent \u00e0 la transplantation de cette machine\u00a0?<\/strong><a href=\"\/fr\/What vegetables are suitable for this machine to transplant\/\"><\/a><\/h3> <div class=\"rank-math-answer\">  <p>A : Tomate, laitue, chou chinois, chou, ma\u00efs sucr\u00e9, citrouille, graines de chanvre, gombo, concombre, aubergine, melon, past\u00e8que, poivron, piment, haricots, etc.\u00a0<\/p>  <\/div> <\/div> <div id=\"faq-question-1665561446928\" class=\"rank-math-list-item\"> <h3 class=\"rank-math-question\"><strong>Q : Quelle est la capacit\u00e9 d\u2019une planteuse de l\u00e9gumes entra\u00een\u00e9e par tracteur ?<\/strong><\/h3> <div class=\"rank-math-answer\">  <p>A : 3600plant\/heure.<\/p>  <\/div> <\/div> <div id=\"faq-question-1665561466160\" class=\"rank-math-list-item\"> <h3 class=\"rank-math-question\"><strong>Q : Cette machine peut-elle avoir une fonction film ?<\/strong><\/h3> <div class=\"rank-math-answer\">  <p>R\u00a0:\u00a0Bien s\u00fbr, le type \u00e0 chenilles et le type de tracteur le peuvent tous deux.<\/p>  <\/div> <\/div> <div id=\"faq-question-1665561479407\" class=\"rank-math-list-item\"> <h3 class=\"rank-math-question\"><strong>Q : Qu\u2019en est-il de la fonction de fa\u00eetage ?<\/strong><\/h3> <div class=\"rank-math-answer\">  <p>R\u00a0: Seule une transplanteuse de type entra\u00een\u00e9e par tracteur est disponible.<\/p>  <\/div> <\/div> <div id=\"faq-question-1665561496575\" class=\"rank-math-list-item\"> <h3 class=\"rank-math-question\"><strong>Q : Qu'en est-il de la garantie et du service apr\u00e8s-vente ?<\/strong><\/h3> <div class=\"rank-math-answer\">  <p>R\u00a0:\u00a02 ans de garantie. Nous proposons des pi\u00e8ces de la machine, des vid\u00e9os sur la fa\u00e7on d'installer la machine et un service d'ing\u00e9nierie en ligne.<\/p>  <\/div> <\/div> <div id=\"faq-question-1665561509407\" class=\"rank-math-list-item\"> <h3 class=\"rank-math-question\"><strong>Q : Quel est l'a\u00e9roport le plus proche ?<\/strong><\/h3> <div class=\"rank-math-answer\">  <p>R : A\u00e9roport de Qingdao. De l'a\u00e9roport \u00e0 l'usine, il faut 3 heures en voiture.<\/p>  <\/div> <\/div> <\/div> <\/div>   <h2 class=\"wp-block-heading\"><strong>Vid\u00e9o de la transplanteuse de l\u00e9gumes \u00e0 4 rang\u00e9es<\/strong><\/h2>    <figure class=\"wp-block-embed is-type-video is-provider-youtube wp-block-embed-youtube wp-embed-aspect-16-9 wp-has-aspect-ratio\"><div class=\"wp-block-embed__wrapper\"> <iframe loading=\"lazy\" title=\"Comment fonctionne le transplanteur de semis de l\u00e9gumes \u00e0 4 rang\u00e9es entra\u00een\u00e9 par tracteur\u00a0? | Machine de transplantation #replant\" width=\"500\" height=\"281\" src=\"https:\/\/www.youtube.com\/embed\/-hwDno985Kk?feature=oembed\" frameborder=\"0\" allow=\"accelerometer; autoplay; clipboard-write; encrypted-media; gyroscope; picture-in-picture; web-share\" referrerpolicy=\"strict-origin-when-cross-origin\" allowfullscreen><\/iframe> <\/div><\/figure>","protected":false},"excerpt":{"rendered":"<p>As the name suggests, the vegetable transplanter is specially transplanting various vegetables, fruits, and flower seedlings. Seed transplanter machines are available in a wide range of rows, from 2-12 rows. This is a custom machine that can exactly fit your needs. The power is usually a gasoline engine, but it can also be changed according [&hellip;]<\/p>\n","protected":false},"author":1,"featured_media":2465,"parent":0,"template":"","tags":[],"product-type":[31],"class_list":["post-2457","product","type-product","status-publish","has-post-thumbnail","hentry","product-type-nursery-transplanter"],"_links":{"self":[{"href":"https:\/\/taizyagromachine.com\/fr\/wp-json\/wp\/v2\/product\/2457","targetHints":{"allow":["GET"]}}],"collection":[{"href":"https:\/\/taizyagromachine.com\/fr\/wp-json\/wp\/v2\/product"}],"about":[{"href":"https:\/\/taizyagromachine.com\/fr\/wp-json\/wp\/v2\/types\/product"}],"author":[{"embeddable":true,"href":"https:\/\/taizyagromachine.com\/fr\/wp-json\/wp\/v2\/users\/1"}],"wp:featuredmedia":[{"embeddable":true,"href":"https:\/\/taizyagromachine.com\/fr\/wp-json\/wp\/v2\/media\/2465"}],"wp:attachment":[{"href":"https:\/\/taizyagromachine.com\/fr\/wp-json\/wp\/v2\/media?parent=2457"}],"wp:term":[{"taxonomy":"post_tag","embeddable":true,"href":"https:\/\/taizyagromachine.com\/fr\/wp-json\/wp\/v2\/tags?post=2457"},{"taxonomy":"product-type","embeddable":true,"href":"https:\/\/taizyagromachine.com\/fr\/wp-json\/wp\/v2\/product-type?post=2457"}],"curies":[{"name":"wp","href":"https:\/\/api.w.org\/{rel}","templated":true}]}}