{"id":2551,"date":"2022-05-07T02:48:46","date_gmt":"2022-05-07T02:48:46","guid":{"rendered":"https:\/\/taizyagromachine.com\/?post_type=product&#038;p=2551"},"modified":"2025-01-06T14:21:19","modified_gmt":"2025-01-06T06:21:19","slug":"chaff-cutter-and-grain-grinder","status":"publish","type":"product","link":"https:\/\/taizyagromachine.com\/fr\/product\/chaff-cutter-and-grain-grinder\/","title":{"rendered":"Coupe-paille et broyeur \u00e0 grains"},"content":{"rendered":"<p>Cette machine \u00e0 couper les paillettes et \u00e0 broyer les grains est notre produit am\u00e9lior\u00e9 pour la coupe de l'herbe et le broyage des grains. Les machines de la s\u00e9rie 9ZRF sont de structure simple, de conception raisonnable et faciles \u00e0 utiliser. Cette machine de coupe-paille et de broyeur de grains peut effectuer le traitement d'une large gamme de pailles de r\u00e9colte et convient \u00e0 l'utilisation d'animaux de grande taille tels que les bovins, les porcs, les oies et les chevaux. La machine peut couper la paille et l\u2019herbe en bandes souples de longueur uniforme. Il peut \u00e9galement broyer des c\u00e9r\u00e9ales comme aliment pour animaux adapt\u00e9 aux volailles. Si vous \u00eates int\u00e9ress\u00e9, n'h\u00e9sitez pas \u00e0 nous contacter.<\/p>    <h2 class=\"wp-block-heading\" id=\"h-working-video-of-combined-grass-grain-grinder-machine\"><strong>Vid\u00e9o de travail de la machine combin\u00e9e de broyage de grains d'herbe<\/strong><\/h2>    <figure class=\"wp-block-embed is-type-video is-provider-youtube wp-block-embed-youtube wp-embed-aspect-16-9 wp-has-aspect-ratio\"><div class=\"wp-block-embed__wrapper\"> <iframe loading=\"lazy\" title=\"Coupe d&#039;herbe et broyeur de grains - Comment hacher l&#039;herbe et les tiges et broyer les cors ? #coupe-paille #silage\" width=\"500\" height=\"281\" src=\"https:\/\/www.youtube.com\/embed\/G5bzZxbTA6I?feature=oembed\" frameborder=\"0\" allow=\"accelerometer; autoplay; clipboard-write; encrypted-media; gyroscope; picture-in-picture; web-share\" referrerpolicy=\"strict-origin-when-cross-origin\" allowfullscreen><\/iframe> <\/div><\/figure>    <figure class=\"wp-block-embed is-type-video is-provider-youtube wp-block-embed-youtube wp-embed-aspect-16-9 wp-has-aspect-ratio\"><div class=\"wp-block-embed__wrapper\"> <iframe loading=\"lazy\" title=\"Coupe-paille et broyeur de grains | broyeur de grains d&#039;herbe combin\u00e9 | coupe-paille et broyeur \u00e0 grains\" width=\"500\" height=\"281\" src=\"https:\/\/www.youtube.com\/embed\/cF8y2xCfVfk?feature=oembed\" frameborder=\"0\" allow=\"accelerometer; autoplay; clipboard-write; encrypted-media; gyroscope; picture-in-picture; web-share\" referrerpolicy=\"strict-origin-when-cross-origin\" allowfullscreen><\/iframe> <\/div><\/figure>    <h2 class=\"wp-block-heading\"><strong>Structure du coupe-paille et de la machine \u00e0 broyer les grains <\/strong><\/h2>    <p>Cette broyeuse d'herbe \u00e0 vendre a une conception tr\u00e8s conviviale. Parce qu'il est fabriqu\u00e9 en fonction du d\u00e9veloppement agricole. Tout d\u2019abord, l\u2019herbe et les c\u00e9r\u00e9ales entrent par diff\u00e9rentes entr\u00e9es. De plus, la longueur de l'herbe coup\u00e9e peut \u00eatre ajust\u00e9e. Il existe \u00e9galement le cyclone, qui peut \u00eatre fix\u00e9 avec un sac en tissu en dessous pour r\u00e9duire la poussi\u00e8re. G\u00e9n\u00e9ralement, la broyeur combin\u00e9e de grains d'herbe utilise un moteur \u00e9lectrique, mais elle peut \u00e9galement \u00eatre \u00e9quip\u00e9e d'un moteur diesel pour fournir une puissance suffisante au fonctionnement de la machine.<\/p>   <div class=\"wp-block-image\"> <figure class=\"aligncenter size-full\"><img loading=\"lazy\" decoding=\"async\" width=\"720\" height=\"540\" src=\"https:\/\/taizyagromachine.com\/wp-content\/uploads\/2022\/05\/structure-of-chaff-cutter-and-grinder.jpg\" alt=\"structure du coupe-paille et du broyeur\" class=\"wp-image-2555\"\/><figcaption class=\"wp-element-caption\">structure du coupe-paille et du broyeur<\/figcaption><\/figure> <\/div>   <h2 class=\"wp-block-heading\"><strong>Param\u00e8tres techniques du coupe-paille et du broyeur \u00e0 grains<\/strong><\/h2>    <p>La machine coupe-paille et broyeur de grains est disponible en diff\u00e9rents rendements, vous pouvez donc choisir celui qui vous convient. Bien que le nombre de pales soit le m\u00eame, les pales n\u2019ont pas la m\u00eame longueur, le rendement varie donc.<\/p>    <figure class=\"wp-block-table\"><table><tbody><tr><td>Mod\u00e8le<\/td><td>Pouvoir<\/td><td>Capacit\u00e9<\/td><td>Longueur de la lame<\/td><td>Quantit\u00e9 de lame<\/td><td>Taille globale<\/td><\/tr><tr><td>9ZRF-3.8<\/td><td>biphas\u00e9 4,5 kW, triphas\u00e9 3 kW<\/td><td>3800kg\/h<\/td><td>220*70*6mm<\/td><td>5<\/td><td>1700*1200*1500mm<\/td><\/tr><tr><td>9ZRF-4.8<\/td><td>biphas\u00e9 4,5 kW, triphas\u00e9 3 kW<\/td><td>4000kg\/heure<\/td><td>280*70*6mm<\/td><td>5<\/td><td>1950*1200*1800mm<\/td><\/tr><\/tbody><\/table><\/figure>    <h2 class=\"wp-block-heading\" id=\"h-spotlights-of-straw-cutter-and-grain-grinder\"><strong>Projecteurs du coupe-paille et du broyeur \u00e0 grains<\/strong><\/h2>    <ul class=\"wp-block-list\"> <li>Alimentation automatique. Mettez l'herbe humide ou s\u00e8che \u00e0 l'entr\u00e9e et l'herbe entrera automatiquement dans la cavit\u00e9 de travail, tr\u00e8s pratique et rapide, ce qui vous fera gagner du temps.<\/li>    <li>Les lames sont r\u00e9sistantes \u00e0 l'usure et durent longtemps. Ce coupe-paille et broyeur \u00e0 grains est fabriqu\u00e9 avec des lames de haute qualit\u00e9 pour une longue dur\u00e9e de vie.<\/li>    <li>Le souffleur d'air permet \u00e0 l'herbe et aux c\u00e9r\u00e9ales d'\u00eatre \u00e9vacu\u00e9es rapidement et efficacement.<\/li>    <li>Polyvalent. Cette machine \u00e0 couper l'herbe et \u00e0 broyer le ma\u00efs peut non seulement couper l'herbe, mais \u00e9galement moudre le grain.<\/li>    <li>Equip\u00e9 de trois types de lames. Lorsque le mat\u00e9riau entre dans l\u2019atelier, la lame rend l\u2019herbe coup\u00e9e plus douce et plus fine.<\/li> <\/ul>    <figure class=\"wp-block-gallery aligncenter has-nested-images columns-default is-cropped wp-block-gallery-2 is-layout-flex wp-block-gallery-is-layout-flex\"> <figure class=\"wp-block-image size-large\"><img loading=\"lazy\" decoding=\"async\" width=\"720\" height=\"540\" data-id=\"2562\" src=\"https:\/\/taizyagromachine.com\/wp-content\/uploads\/2022\/05\/automatic-feeding.jpg\" alt=\"alimentation automatique\" class=\"wp-image-2562\"\/><figcaption class=\"wp-element-caption\">alimentation automatique<\/figcaption><\/figure>    <figure class=\"wp-block-image size-full\"><img loading=\"lazy\" decoding=\"async\" width=\"720\" height=\"540\" data-id=\"2561\" src=\"https:\/\/taizyagromachine.com\/wp-content\/uploads\/2022\/05\/internal-blades.jpg\" alt=\"lames-internes\" class=\"wp-image-2561\"\/><figcaption class=\"wp-element-caption\">lames internes<\/figcaption><\/figure>    <figure class=\"wp-block-image size-full\"><img loading=\"lazy\" decoding=\"async\" width=\"720\" height=\"540\" data-id=\"2560\" src=\"https:\/\/taizyagromachine.com\/wp-content\/uploads\/2022\/05\/blower.jpg\" alt=\"ventilateur\" class=\"wp-image-2560\"\/><figcaption class=\"wp-element-caption\">ventilateur<\/figcaption><\/figure> <\/figure>    <h2 class=\"wp-block-heading\"><strong>Quelles applications de la machine de coupe-balles pour aliments pour animaux\u00a0?<\/strong><\/h2>    <p class=\"translation-block\">En tant que <a href=\"https:\/\/taizyagromachine.com\/fr\/\" target=\"_blank\" rel=\"noreferrer noopener\">fabricant et fournisseur professionnel de machines agricoles<\/a>, nous avons une gamme diversifi\u00e9e de produits. Ce type de machine de coupe-fourrage pour l'agriculture est multifonctionnel. Cette machine est capable de broyer l'herbe et de moudre les c\u00e9r\u00e9ales. Herbes s\u00e8ches et humides telles que la luzerne, le pouliot, la tige de ma\u00efs, le pouliot pourpre, la paille de bl\u00e9, l'herbe de p\u00e2turage, etc. C\u00e9r\u00e9ales telles que le ma\u00efs, le soja, l'avoine, le millet, les enveloppes d'arachide, les \u00e9pis de ma\u00efs, etc. En fait, le champ d'application est tr\u00e8s large. C'est une tr\u00e8s bonne machine \u00e0 acheter.<\/p>    <div class=\"wp-block-columns is-layout-flex wp-container-core-columns-is-layout-9d6595d7 wp-block-columns-is-layout-flex\"> <div class=\"wp-block-column is-layout-flow wp-block-column-is-layout-flow\"><div class=\"wp-block-image\"> <figure class=\"aligncenter size-full\"><img loading=\"lazy\" decoding=\"async\" width=\"720\" height=\"540\" src=\"https:\/\/taizyagromachine.com\/wp-content\/uploads\/2022\/05\/applicable-grass.jpg\" alt=\"herbe applicable\" class=\"wp-image-2558\"\/><figcaption class=\"wp-element-caption\">herbe applicable<\/figcaption><\/figure> <\/div><\/div>    <div class=\"wp-block-column is-layout-flow wp-block-column-is-layout-flow\"><div class=\"wp-block-image\"> <figure class=\"aligncenter size-full\"><img loading=\"lazy\" decoding=\"async\" width=\"720\" height=\"540\" src=\"https:\/\/taizyagromachine.com\/wp-content\/uploads\/2022\/05\/various-grains.jpg\" alt=\"diverses c\u00e9r\u00e9ales\" class=\"wp-image-2559\"\/><figcaption class=\"wp-element-caption\">diverses c\u00e9r\u00e9ales<\/figcaption><\/figure> <\/div><\/div> <\/div>    <h2 class=\"wp-block-heading\" id=\"h-working-principle-of-grass-cutting-and-grain-crushing-machine\"><strong>Principe de fonctionnement de la machine de coupe d'herbe et de concassage de grains<\/strong><\/h2>    <p>Les mat\u00e9riaux d'herbe sont introduits manuellement dans l'entr\u00e9e et transport\u00e9s automatiquement. Sous l'action conjointe des pales rotatives \u00e0 grande vitesse et du flux d'air provoqu\u00e9 par la pale (lame de vent), les mat\u00e9riaux entrent dans l'atelier et sont hach\u00e9s, coup\u00e9s, d\u00e9chir\u00e9s et malax\u00e9s par les pales mobiles et les pales fixes en soie l\u00e2che et bris\u00e9e. bandes qui sont projet\u00e9es hors de la machine par la pale du vent.<br>Les mat\u00e9riaux c\u00e9r\u00e9aliers ont la m\u00eame chose, sauf qu'ils traversent le tamis et sont \u00e9vacu\u00e9s par la sortie.<\/p>   <div class=\"wp-block-image\"> <figure class=\"aligncenter size-full\"><img loading=\"lazy\" decoding=\"async\" width=\"720\" height=\"540\" src=\"https:\/\/taizyagromachine.com\/wp-content\/uploads\/2022\/05\/combined-straw-cutter-and-grinder-machine.jpg\" alt=\"machine combin\u00e9e coupe-paille et broyeur\" class=\"wp-image-2571\"\/><figcaption class=\"wp-element-caption\">machine combin\u00e9e coupe-paille et broyeur<\/figcaption><\/figure> <\/div>   <h2 class=\"wp-block-heading\"><strong>Pourquoi choisir le fabricant et fournisseur de broyeurs \u00e0 paillettes et de broyeurs \u00e0 grains cr\u00e9dit\u00e9s par Taizy Machinery\u00a0?<\/strong><\/h2>    <ol class=\"wp-block-list\"> <li><strong>Rentable<\/strong>. Parce que nous sommes une usine et un commerce int\u00e9gr\u00e9s, les prix des machines sont des prix d'usine, nous avons donc un avantage de prix en comparaison. En m\u00eame temps, la qualit\u00e9 de nos machines est tr\u00e8s bonne.<\/li>    <li><strong>Exp\u00e9riment\u00e9 dans l'exportation<\/strong>. Nous sommes engag\u00e9s dans l'industrie du commerce ext\u00e9rieur depuis plus de dix ans, de sorte que notre personnel se familiarise avec le processus du commerce ext\u00e9rieur, plus pratique et plus rapide.<\/li>    <li><strong>De solides connaissances professionnelles<\/strong>. Notre personnel conna\u00eet et comprend tr\u00e8s bien nos produits de machines agricoles. Par exemple, si vous avez besoin d\u2019une machine \u00e0 couper les paillettes, notre \u00e9quipe commerciale vous fournira la machine adapt\u00e9e \u00e0 vos besoins.<\/li> <\/ol>    <h2 class=\"wp-block-heading\"><strong>Attention et pr\u00e9cautions du coupe-paille et du broyeur \u00e0 grains<\/strong><\/h2>    <ol class=\"wp-block-list\"> <li>Lors de l'utilisation du coupe-paille et du broyeur \u00e0 grains, l'\u00e9quipement de protection de s\u00e9curit\u00e9 doit \u00eatre complet.<\/li>    <li>L'op\u00e9rateur doit parfaitement comprendre les performances de la machine, et il est strictement interdit de d\u00e9marrer la machine apr\u00e8s avoir bu, en cas de maladie ou de fatigue excessive. <\/li>    <li>Le chantier doit \u00eatre spacieux et \u00e9quip\u00e9 d'\u00e9quipements de pr\u00e9vention des incendies.<\/li>    <li>La guillotine doit travailler \u00e0 la vitesse prescrite et il est strictement interdit de travailler \u00e0 une vitesse excessive ou en surcharge.<\/li>    <li>La quantit\u00e9 de mat\u00e9riau aliment\u00e9 doit \u00eatre appropri\u00e9e, car une trop grande quantit\u00e9 risque facilement de provoquer un arr\u00eat en cas de surcharge. Bien s\u00fbr, pas trop peu, trop peu affectera l\u2019efficacit\u00e9 de la coupe.<\/li>    <li>Avant d'arr\u00eater le travail, la poign\u00e9e variable doit \u00eatre tir\u00e9e en position 0, laisser la machine tourner au ralenti pendant environ 2 minutes, puis s'arr\u00eater apr\u00e8s avoir souffl\u00e9 la poussi\u00e8re et les mauvaises herbes \u00e0 l'int\u00e9rieur de la machine.<\/li> <\/ol>    <h2 class=\"wp-block-heading\"><strong>Cas r\u00e9ussi\u00a0: Machine commerciale de coupe-paille et de broyeur de grains export\u00e9e \u00e0 Keyna<\/strong><\/h2>    <p class=\"translation-block\">En f\u00e9vrier de cette ann\u00e9e, un client kenyan a demand\u00e9 des informations sur les machines de coupe et de broyage d'herbe. Il poss\u00e8de une grande exploitation agricole avec des bovins, des moutons et des poulets. Il faut donc beaucoup d'aliments chaque jour. Apr\u00e8s avoir compris la situation, notre directeur des ventes, Coco, lui a recommand\u00e9 une machine combin\u00e9e de coupe de paille et de broyage. C'est parce que la machine peut \u00eatre utilis\u00e9e \u00e0 la fois pour la coupe d'herbe et le broyage de c\u00e9r\u00e9ales. C'est tr\u00e8s pratique. Coco lui a \u00e9galement envoy\u00e9 des vid\u00e9os et des photos de la machine. Apr\u00e8s avoir regard\u00e9 cela, le client kenyan a imm\u00e9diatement pass\u00e9 commande. Nous avons livr\u00e9 la machine dans le conteneur \u00e0 sa destination par voie maritime. Deux semaines plus tard, il a achet\u00e9 une autre <a href=\"https:\/\/taizyagromachine.com\/fr\/product\/silage-baler\/\">machine enrubanneuse et presse \u00e0 balles<\/a>.<\/p>   <div class=\"wp-block-image\"> <figure class=\"aligncenter size-full\"><img loading=\"lazy\" decoding=\"async\" width=\"720\" height=\"540\" src=\"https:\/\/taizyagromachine.com\/wp-content\/uploads\/2022\/04\/load-into-the-container-maize-grits-milling-machine.jpg\" alt=\"fraiseuse-\u00e0-gruau-de-ma\u00efs \u00e0 charger dans le conteneur\" class=\"wp-image-2385\" srcset=\"https:\/\/taizyagromachine.com\/wp-content\/uploads\/2022\/04\/load-into-the-container-maize-grits-milling-machine.jpg 720w, https:\/\/taizyagromachine.com\/wp-content\/uploads\/2022\/04\/load-into-the-container-maize-grits-milling-machine-300x225.jpg 300w\" sizes=\"auto, (max-width: 720px) 100vw, 720px\" \/><figcaption class=\"wp-element-caption\">charger dans le conteneur <\/figcaption><\/figure> <\/div>   <h2 class=\"wp-block-heading\"><strong>FAQ<\/strong><\/h2>   <div id=\"rank-math-faq\" class=\"rank-math-block\"> <div class=\"rank-math-list\"> <div id=\"faq-question-1666246457624\" class=\"rank-math-list-item\"> <h3 class=\"rank-math-question\"><strong>Q\u00a0: Des accessoires sont-ils disponibles\u00a0?<\/strong><\/h3> <div class=\"rank-math-answer\">  <p>R : Vous pouvez acheter des lames suppl\u00e9mentaires.<\/p>  <\/div> <\/div> <div id=\"faq-question-1666246461628\" class=\"rank-math-list-item\"> <h3 class=\"rank-math-question\"><strong>Q : Le coupe-paille et le broyeur \u00e0 grains peuvent-ils \u00e9craser la canne \u00e0 sucre ?<\/strong><\/h3> <div class=\"rank-math-answer\">  <p>R : Oui, mais les lames s\u2019useront.<\/p>  <\/div> <\/div> <div id=\"faq-question-1666246478374\" class=\"rank-math-list-item\"> <h3 class=\"rank-math-question\"><strong>Q\u00a0: Peut-il \u00eatre \u00e9quip\u00e9 d\u2019un moteur diesel\u00a0?<\/strong><\/h3> <div class=\"rank-math-answer\">  <p>R : Oui, il suffit d'adapter le moteur diesel correspondant \u00e0 ses besoins en puissance.<\/p>  <\/div> <\/div> <div id=\"faq-question-1666246494123\" class=\"rank-math-list-item\"> <h3 class=\"rank-math-question\"><strong>Q\u00a0: Quelle est la diff\u00e9rence entre les trois par rapport au coupe-paille et au broyeur\u00a0?<\/strong><\/h3> <div class=\"rank-math-answer\">  <p class=\"translation-block\">R\u00a0: La <a href=\"https:\/\/silagebaler.com\/chaff-chopper-corn-stalk-cutter\/\" target=\"_blank\" rel=\"noreferrer noopener\">machine de coupe-fourrage<\/a> coupe l'herbe en petits morceaux\u00a0; la machine de coupe-fourrage et de broyage de c\u00e9r\u00e9ales coupe l'herbe en morceaux plus doux et plus fins\u00a0; la machine de coupe-fourrage et de broyage de c\u00e9r\u00e9ales peut non seulement couper l'herbe mais aussi moudre les c\u00e9r\u00e9ales.<\/p>  <\/div> <\/div> <div id=\"faq-question-1666246509069\" class=\"rank-math-list-item\"> <h3 class=\"rank-math-question\"><strong>Q : Qu'en est-il de la p\u00e9riode de garantie pour le coupe-paille et le broyeur \u00e0 grains ?<\/strong><\/h3> <div class=\"rank-math-answer\">  <p>R : 1 an.<\/p>  <\/div> <\/div> <div id=\"faq-question-1666246532341\" class=\"rank-math-list-item\"> <h3 class=\"rank-math-question\"><strong>Q\u00a0: Comment utiliser le coupe-paille et le broyeur\u00a0?<\/strong><\/h3> <div class=\"rank-math-answer\">  <p>R : L'op\u00e9ration est tr\u00e8s simple et nous fournirons une aide vid\u00e9o et des conseils en ligne si n\u00e9cessaire.<\/p>  <\/div> <\/div> <\/div> <\/div>","protected":false},"excerpt":{"rendered":"<p>This chaff cutter and grain grinder machine is our upgraded product for grass cutting and grain grinding. 9ZRF series machines are simple in structure, reasonable in design and easy to operate. This straw cutter and grain crusher machine can carry out the processing of a wide range of crop straws and is suitable for the [&hellip;]<\/p>\n","protected":false},"author":1,"featured_media":2574,"parent":0,"template":"","tags":[],"product-type":[19],"class_list":["post-2551","product","type-product","status-publish","has-post-thumbnail","hentry","product-type-silage-machine"],"_links":{"self":[{"href":"https:\/\/taizyagromachine.com\/fr\/wp-json\/wp\/v2\/product\/2551","targetHints":{"allow":["GET"]}}],"collection":[{"href":"https:\/\/taizyagromachine.com\/fr\/wp-json\/wp\/v2\/product"}],"about":[{"href":"https:\/\/taizyagromachine.com\/fr\/wp-json\/wp\/v2\/types\/product"}],"author":[{"embeddable":true,"href":"https:\/\/taizyagromachine.com\/fr\/wp-json\/wp\/v2\/users\/1"}],"wp:featuredmedia":[{"embeddable":true,"href":"https:\/\/taizyagromachine.com\/fr\/wp-json\/wp\/v2\/media\/2574"}],"wp:attachment":[{"href":"https:\/\/taizyagromachine.com\/fr\/wp-json\/wp\/v2\/media?parent=2551"}],"wp:term":[{"taxonomy":"post_tag","embeddable":true,"href":"https:\/\/taizyagromachine.com\/fr\/wp-json\/wp\/v2\/tags?post=2551"},{"taxonomy":"product-type","embeddable":true,"href":"https:\/\/taizyagromachine.com\/fr\/wp-json\/wp\/v2\/product-type?post=2551"}],"curies":[{"name":"wp","href":"https:\/\/api.w.org\/{rel}","templated":true}]}}