{"id":2620,"date":"2022-05-10T03:11:54","date_gmt":"2022-05-10T03:11:54","guid":{"rendered":"https:\/\/taizyagromachine.com\/?post_type=product&#038;p=2620"},"modified":"2025-01-02T13:55:15","modified_gmt":"2025-01-02T05:55:15","slug":"straw-cutter-and-grain-grinder","status":"publish","type":"product","link":"https:\/\/taizyagromachine.com\/fr\/product\/straw-cutter-and-grain-grinder\/","title":{"rendered":"Coupe-paille et broyeur \u00e0 grains"},"content":{"rendered":"<p class=\"translation-block\">Cette s\u00e9rie de coupe-paille et de broyeur de c\u00e9r\u00e9ales permet une utilisation polyvalente, offrant une coupe \u00e0 la guillotine et un broyage de c\u00e9r\u00e9ales. Cette guillotine se caract\u00e9rise par ses hautes performances, son faible bruit, son rendement \u00e9lev\u00e9, sa s\u00e9curit\u00e9 et sa stabilit\u00e9, sa haute efficacit\u00e9, sa faible consommation d'\u00e9nergie, sa robustesse et sa durabilit\u00e9. La <a href=\"https:\/\/taizyagromachine.com\/fr\/product\/chaff-cutter-and-grain-grinder\/\" target=\"_blank\" rel=\"noreferrer noopener\">machine combin\u00e9e de coupe-paille et de broyeur<\/a> peut non seulement broyer de la paille s\u00e8che et humide, de la paille de riz, de la paille de bl\u00e9, de la paille de coton, diverses herbes, mais aussi des c\u00e9r\u00e9ales telles que les grains, les coques d'arachides, les \u00e9pis de ma\u00efs, les t\u00eates de paille douce, etc. Le produit fini broy\u00e9 peut \u00eatre utilis\u00e9 comme alimentation animale. Par cons\u00e9quent, la machine convient aux usines de petite et moyenne taille, ainsi qu'\u00e0 un usage domestique.<br>Nos machines sont \u00e9galement tr\u00e8s populaires \u00e0 l'\u00e9tranger, par exemple au Kenya, au Zimbabwe, au P\u00e9rou, \u00e0 Duba\u00ef, en Afrique du Sud, au Lesotho, etc.<\/p>    <h2 class=\"wp-block-heading\" id=\"h-type-one-9zf-500b-new-type-chaff-cutter-and-grinder-machine\"><strong>Type 1\u00a0:\u00a09ZF-500B (nouveau type) Machine \u00e0 couper et \u00e0 broyer les paillettes<\/strong><\/h2>    <p>Ce broyeur \u00e0 guillotine poss\u00e8de cinq ports, dont trois sont des sorties et deux sont des entr\u00e9es. Cette machine est facile \u00e0 utiliser, dispose d\u2019une large gamme de traitement et est capable de broyer une large gamme de cultures. Il a un bon effet d'\u00e9crasement sur le mat\u00e9riau et a une longue dur\u00e9e de stockage. Il est donc id\u00e9al pour une utilisation dans les fermes.<\/p>   <div class=\"wp-block-image\"> <figure class=\"aligncenter size-full\"><img loading=\"lazy\" decoding=\"async\" width=\"720\" height=\"540\" src=\"https:\/\/taizyagromachine.com\/wp-content\/uploads\/2022\/05\/combined-hay-cutter-and-grain-grinder.jpg\" alt=\"coupe-foin et broyeur \u00e0 grains combin\u00e9s\" class=\"wp-image-2635\"\/><figcaption class=\"wp-element-caption\">coupe-foin et broyeur \u00e0 grains combin\u00e9s<\/figcaption><\/figure> <\/div>   <h3 class=\"wp-block-heading\"><strong>Structure du broyeur de paille et du broyeur \u00e0 grains <\/strong><\/h3>    <p class=\"translation-block\">Cette <a href=\"https:\/\/silagebaler.com\/combined-chaff-cutter-and-grain-crusher\/\" target=\"_blank\" rel=\"noreferrer noopener\">machine de coupe et de broyage d'herbe<\/a> se compose de trois sorties, une en haut, une au milieu et une en bas, et d'entr\u00e9es pour l'herbe et les c\u00e9r\u00e9ales respectivement. La machine est \u00e9quip\u00e9e d'un moteur en cuivre pur et de roues mobiles pour faciliter le d\u00e9placement de la machine. Parmi les trois sorties, celle du haut est pour l'herbe s\u00e8che, celle du milieu pour l'herbe humide et celle du bas pour les c\u00e9r\u00e9ales. Le tamis peut \u00eatre retir\u00e9 lorsque l'herbe est coup\u00e9e s\u00e9par\u00e9ment.<\/p>   <div class=\"wp-block-image\"> <figure class=\"aligncenter size-full\"><img loading=\"lazy\" decoding=\"async\" width=\"720\" height=\"540\" src=\"https:\/\/taizyagromachine.com\/wp-content\/uploads\/2022\/05\/structure-of-straw-cutting-and-grain-grinding-machine.jpg\" alt=\"structure de la machine \u00e0 couper la paille et \u00e0 broyer les grains\" class=\"wp-image-2632\"\/><figcaption class=\"wp-element-caption\">structure de la machine \u00e0 couper la paille et \u00e0 broyer les grains<\/figcaption><\/figure> <\/div>   <h3 class=\"wp-block-heading\"><strong>Sp\u00e9cifications techniques du coupe-paille et du broyeur \u00e0 grains<\/strong><\/h3>    <figure class=\"wp-block-table\"><table><tbody><tr><td>Mod\u00e8le<\/td><td>9ZF-500B (nouveau type)<\/td><\/tr><tr><td>\u00c9crans assortis<\/td><td>4 pi\u00e8ces (2\/3\/10\/30)<\/td><\/tr><tr><td>Puissance correspondante<\/td><td>Moteur 3 kW<\/td><\/tr><tr><td>Vitesse du moteur<\/td><td>2800 tr\/min<\/td><\/tr><tr><td>Poids de la machine<\/td><td>68kg (hors moteur)<\/td><\/tr><tr><td>Tension nominale<\/td><td>220V<\/td><\/tr><tr><td>Rendement des machines<\/td><td>1200kg\/heure<\/td><\/tr><tr><td>Dimensions hors tout<\/td><td>1220*1070*1190mm<\/td><\/tr><\/tbody><\/table><\/figure>    <h2 class=\"wp-block-heading\"><strong>Type deux\u00a0: coupe-balles et broyeur 9ZF-500B <\/strong><\/h2>    <p>Par rapport \u00e0 la machine ci-dessus, celle-ci est plus simple et ses performances sont les m\u00eames. La grossi\u00e8ret\u00e9 du mat\u00e9riau broy\u00e9 est contr\u00f4l\u00e9e par la taille des trous de tamis lorsque cette machine coupe-paille et broyeur de grains est \u00e9cras\u00e9e. Et le tamis peut \u00eatre remplac\u00e9. Il est \u00e9galement possible de personnaliser les \u00e9crans selon les exigences du client.<\/p>   <div class=\"wp-block-image\"> <figure class=\"aligncenter size-full\"><img loading=\"lazy\" decoding=\"async\" width=\"720\" height=\"540\" src=\"https:\/\/taizyagromachine.com\/wp-content\/uploads\/2022\/05\/chaff-cutter-and-grain-crusher-machine.jpg\" alt=\"Machine de coupe-paille et de broyeur de grains\" class=\"wp-image-2637\"\/><figcaption class=\"wp-element-caption\">Machine de coupe-paille et de broyeur de grains<\/figcaption><\/figure> <\/div>   <h3 class=\"wp-block-heading\"><strong>Structure de la machine de coupe de paillettes et de meulage de grains <\/strong><\/h3>    <p>La machine de coupe-paille et le broyeur de grains sont compos\u00e9s d'une entr\u00e9e de guillotine, d'une entr\u00e9e de grain, d'une sortie de pulv\u00e9risation \u00e9lev\u00e9e, d'une sortie de concassage et d'un protecteur de courroie, d'un moteur \u00e0 noyau en cuivre pur et de roulettes mobiles. Certaines configurations peuvent \u00eatre personnalis\u00e9es selon les exigences du client. Veuillez appeler pour plus de d\u00e9tails.<\/p>   <div class=\"wp-block-image\"> <figure class=\"aligncenter size-full\"><img loading=\"lazy\" decoding=\"async\" width=\"720\" height=\"540\" src=\"https:\/\/taizyagromachine.com\/wp-content\/uploads\/2022\/05\/construction-of-combined-chaff-cutter.jpg\" alt=\"construction d&#039;un coupe-paille combin\u00e9\" class=\"wp-image-2633\"\/><figcaption class=\"wp-element-caption\">construction d'un coupe-paille combin\u00e9<\/figcaption><\/figure> <\/div>   <h3 class=\"wp-block-heading\"><strong>Param\u00e8tres techniques du coupe-paille et du broyeur \u00e0 grains<\/strong><\/h3>    <figure class=\"wp-block-table\"><table><tbody><tr><td>Mod\u00e8le<\/td><td>9ZF-500B<\/td><\/tr><tr><td>\u00c9crans assortis<\/td><td>4 pi\u00e8ces<\/td><\/tr><tr><td>Puissance correspondante<\/td><td>Moteur 3 kW<\/td><\/tr><tr><td>Vitesse du moteur<\/td><td>2800 tr\/min<\/td><\/tr><tr><td>Poids de la machine<\/td><td>55kg (hors moteur)<\/td><\/tr><tr><td>Dimensions hors tout<\/td><td>920*930*1250mm<\/td><\/tr><tr><td>Rendement des machines<\/td><td>1200kg\/heure<\/td><\/tr><tr><td>Efficacit\u00e9 de concassage<\/td><td>300-500 kg\/heure<\/td><\/tr><tr><td>Nombre de lames<\/td><td>3 pi\u00e8ces<\/td><\/tr><tr><td>Couteaux \u00e0 lancer<\/td><td>24 pi\u00e8ces<\/td><\/tr><tr><td>Couteaux \u00e0 frotter triangulaires<\/td><td>18 pcs<\/td><\/tr><tr><td>M\u00e9thode d'alimentation<\/td><td>alimentation manuelle<\/td><\/tr><tr><td>Effet de d\u00e9charge<\/td><td>Doux soyeux\/Poudre<\/td><\/tr><\/tbody><\/table><\/figure>    <h2 class=\"wp-block-heading\"><strong>Type trois : Machine combin\u00e9e coupe-paille et broyeur 9ZF-1800<\/strong><\/h2>    <p>De par sa forme, il est \u00e9vident que cette machine \u00e0 couper la paille a une ouverture de d\u00e9chargement plus haute que les deux autres mod\u00e8les. Cette machine est beaucoup plus mince et plus longue et poss\u00e8de un ch\u00e2ssis plus haut en comparaison. Il est \u00e9galement tr\u00e8s simple \u00e0 utiliser.<\/p>   <div class=\"wp-block-image\"> <figure class=\"aligncenter size-full\"><img loading=\"lazy\" decoding=\"async\" width=\"720\" height=\"540\" src=\"https:\/\/taizyagromachine.com\/wp-content\/uploads\/2022\/05\/multifunctional-chaff-cutter.jpg\" alt=\"coupe-paille multifonctionnel\" class=\"wp-image-2638\"\/><figcaption class=\"wp-element-caption\">coupe-paille multifonctionnel<\/figcaption><\/figure> <\/div>   <h3 class=\"wp-block-heading\"><strong>Structure de la machine combin\u00e9e coupe-paille et broyeur<\/strong><\/h3>    <p>Ce coupe-paille et broyeur \u00e0 grains est compos\u00e9 d'un orifice de d\u00e9charge \u00e9lev\u00e9, d'un orifice de d\u00e9charge bas, d'une entr\u00e9e de grain, d'une entr\u00e9e de paillettes, d'un moteur et de roulettes mobiles. <\/p>   <div class=\"wp-block-image\"> <figure class=\"aligncenter size-full\"><img loading=\"lazy\" decoding=\"async\" width=\"720\" height=\"540\" src=\"https:\/\/taizyagromachine.com\/wp-content\/uploads\/2022\/05\/structure-details-of-grass-cutting-machine.jpg\" alt=\"d\u00e9tails de structure de la machine \u00e0 couper l&#039;herbe\" class=\"wp-image-2634\"\/><figcaption class=\"wp-element-caption\">d\u00e9tails de structure de la machine \u00e0 couper l'herbe<\/figcaption><\/figure> <\/div>   <h3 class=\"wp-block-heading\"><strong>Sp\u00e9cifications techniques du coupe-paille et du broyeur \u00e0 grains<\/strong><\/h3>    <figure class=\"wp-block-table\"><table><tbody><tr><td>Mod\u00e8le<\/td><td>9ZF-1800<\/td><\/tr><tr><td>Puissance correspondante<\/td><td>Moteur monophas\u00e9 de 3 kW<\/td><\/tr><tr><td>Vitesse du moteur<\/td><td>2800 tr\/min<\/td><\/tr><tr><td>Poids de la machine<\/td><td>75kg (hors moteur)<\/td><\/tr><tr><td>Tension nominale<\/td><td>220V<\/td><\/tr><tr><td>Rendement des machines<\/td><td>1800kg\/h<\/td><\/tr><tr><td>Champ d'application<\/td><td>vaches, moutons, porcs, poulets, canards, lapins et autres animaux d'\u00e9levage<\/td><\/tr><\/tbody><\/table><\/figure>    <h2 class=\"wp-block-heading\" id=\"h-how-does-straw-cutting-and-corn-grinding-machine-mill-grains\"><strong>Comment la machine de coupe de paille et de broyage de ma\u00efs broie-t-elle les grains\u00a0?<\/strong><\/h2>    <figure class=\"wp-block-embed is-type-video is-provider-youtube wp-block-embed-youtube wp-embed-aspect-16-9 wp-has-aspect-ratio\"><div class=\"wp-block-embed__wrapper\"> <iframe loading=\"lazy\" title=\"Coupe-paille et broyeur \u00e0 grains | Comment fonctionnent les combin\u00e9s coupe-paille et broyeur\u00a0? #broyage #fraisage\" width=\"500\" height=\"281\" src=\"https:\/\/www.youtube.com\/embed\/Wafde3zwTtA?feature=oembed\" frameborder=\"0\" allow=\"accelerometer; autoplay; clipboard-write; encrypted-media; gyroscope; picture-in-picture; web-share\" referrerpolicy=\"strict-origin-when-cross-origin\" allowfullscreen><\/iframe> <\/div><\/figure>    <h2 class=\"wp-block-heading\"><strong>Avantages de la tonte de l'herbe et du broyeur de grains<\/strong><\/h2>    <ul class=\"wp-block-list\"> <li>Lame en acier au mangan\u00e8se \u00e9paissie, solide, robuste et durable.<\/li>    <li>Moteur \u00e0 noyau de cuivre pur, offrant une pleine puissance et une longue dur\u00e9e de vie.<\/li>    <li>Gr\u00e2ce au support robuste, le moteur est plac\u00e9 plus fermement et fonctionne de mani\u00e8re plus stable.<\/li>    <li>La mangeoire en paille \u00e9paisse, plus longue et plus large, rend l'alimentation plus pratique et plus rapide.<\/li>    <li>Entr\u00e9e de grain, plus \u00e9paisse et plus solide, plus durable.<\/li>    <li>Large gamme de mat\u00e9riaux produits pour l'alimentation des chevaux, des bovins, des moutons, des porcs, des lapins, des poules, des canards et des oies, etc.<\/li> <\/ul>    <h2 class=\"wp-block-heading\"><strong>Installation et mise en service du coupe-paille et du broyeur \u00e0 grains<\/strong><\/h2>    <ol class=\"wp-block-list\"> <li>La machine coupe-paille et broyeur de grains doit \u00eatre install\u00e9e sur un site plat et solide.<\/li>    <li>\u00c9quiper et installer le moteur selon les exigences sp\u00e9cifi\u00e9es.<\/li>    <li>Avant d'installer la courroie, v\u00e9rifiez si le sens de rotation de la puissance d'indexation est coh\u00e9rent avec le sens de coupe du coupe-paille. Confirmez qu'il est correct, puis ajustez la courroie d'installation et serrez-la correctement.<\/li>    <li>Avant de d\u00e9marrer le broyeur de paille et le graineur, v\u00e9rifiez et ajustez l'\u00e9cart entre les couteaux mobiles et fixes, de sorte que l'\u00e9cart soit ajust\u00e9 et contr\u00f4l\u00e9 \u00e0 0,8 mm ou moins sans heurter, puis verrouillez les boulons.<\/li>    <li>Une fois que toutes les pi\u00e8ces sont r\u00e9gl\u00e9es normalement et confirm\u00e9es comme \u00e9tant correctes, mettez sous tension pour un essai de fonctionnement. Et v\u00e9rifiez s'il y a un jeu dans la connexion des fixations de chaque pi\u00e8ce et s'il y a un bruit anormal dans chaque pi\u00e8ce en rotation.<\/li> <\/ol>    <h2 class=\"wp-block-heading\"><strong>Cas r\u00e9ussi\u00a0:\u00a020 ensembles de coupe-paille et de broyeurs de grains export\u00e9s au P\u00e9rou<\/strong><\/h2>    <p>Le client p\u00e9ruvien poss\u00e8de une grande ferme \u00e9levant du b\u00e9tail et des poulets. Il voulait acheter un coupe-paille et un broyeur \u00e0 grains pour l'\u00e9levage. Notre responsable commerciale, Emily, lui a envoy\u00e9 les param\u00e8tres pertinents de la machine, des vid\u00e9os et des photos, etc. Apr\u00e8s avoir consult\u00e9 ces informations, le client p\u00e9ruvien a propos\u00e9 quelques modifications \u00e0 la machine (4 grandes roues, tr\u00e9mie avec chicanes). Nous avons fait un \u00e9chantillon et lui avons envoy\u00e9 des photos et une vid\u00e9o pour confirmer. Finalement, le client p\u00e9ruvien nous a pass\u00e9 une commande de 20 unit\u00e9s, que nous avons livr\u00e9es \u00e0 destination selon ses exigences.<\/p>    <div class=\"wp-block-columns is-layout-flex wp-container-core-columns-is-layout-9d6595d7 wp-block-columns-is-layout-flex\"> <div class=\"wp-block-column is-layout-flow wp-block-column-is-layout-flow\"><div class=\"wp-block-image\"> <figure class=\"aligncenter size-full\"><img loading=\"lazy\" decoding=\"async\" width=\"720\" height=\"540\" src=\"https:\/\/taizyagromachine.com\/wp-content\/uploads\/2022\/05\/customized-straw-cutter-and-grinder.jpg\" alt=\"coupe-paille et broyeur sur mesure\" class=\"wp-image-2654\"\/><figcaption class=\"wp-element-caption\">coupe-paille et broyeur sur mesure<\/figcaption><\/figure> <\/div><\/div>    <div class=\"wp-block-column is-layout-flow wp-block-column-is-layout-flow\"><div class=\"wp-block-image\"> <figure class=\"aligncenter size-full\"><img loading=\"lazy\" decoding=\"async\" width=\"720\" height=\"540\" src=\"https:\/\/taizyagromachine.com\/wp-content\/uploads\/2022\/05\/package-straw-cutter-and-grain-grinder-machine.jpg\" alt=\"Machine \u00e0 couper la paille et \u00e0 broyer les grains\" class=\"wp-image-2657\"\/><figcaption class=\"wp-element-caption\">emballer<\/figcaption><\/figure> <\/div><\/div> <\/div>    <h2 class=\"wp-block-heading\"><strong>FAQ<\/strong><\/h2>   <div id=\"rank-math-faq\" class=\"rank-math-block\"> <div class=\"rank-math-list\"> <div id=\"faq-question-1666246094471\" class=\"rank-math-list-item\"> <h3 class=\"rank-math-question\"><strong>Q\u00a0: Quel type de motivation est n\u00e9cessaire pour le coupe-paille et le broyeur \u00e0 grains\u00a0?<\/strong><\/h3> <div class=\"rank-math-answer\">  <p>A : Enigne diesel, moteur \u00e9lectrique, moteur \u00e0 essence. Il est \u00e9quip\u00e9 en fonction de la machine.<\/p>  <\/div> <\/div> <div id=\"faq-question-1666246100452\" class=\"rank-math-list-item\"> <h3 class=\"rank-math-question\"><strong>Q : Interne avec 4 \u00e9crans, les \u00e9crans peuvent-ils \u00eatre modifi\u00e9s ?<\/strong><\/h3> <div class=\"rank-math-answer\">  <p>R : Les \u00e9crans peuvent \u00eatre personnalis\u00e9s selon les exigences du client.<\/p>  <\/div> <\/div> <div id=\"faq-question-1666246109190\" class=\"rank-math-list-item\"> <h3 class=\"rank-math-question\"><strong>Q : Le broyeur \u00e0 grains d'herbe combin\u00e9 9ZF-500 (nouveau type) a trois sorties, comment le fourrage sort-il ?<\/strong><\/h3> <div class=\"rank-math-answer\">  <p>R : L'herbe sort par les sorties sup\u00e9rieure et centrale, et le grain sort par la sortie inf\u00e9rieure.<\/p>  <\/div> <\/div> <div id=\"faq-question-1666246122276\" class=\"rank-math-list-item\"> <h3 class=\"rank-math-question\"><strong>Q : Quelles pi\u00e8ces sont disponibles en option ?<\/strong><\/h3> <div class=\"rank-math-answer\">  <p>R : Roues et housse de protection.<\/p>  <\/div> <\/div> <div id=\"faq-question-1666246133492\" class=\"rank-math-list-item\"> <h3 class=\"rank-math-question\"><strong>Q : Pourquoi le ch\u00e2ssis de la machine est-il mobile ?<\/strong><\/h3> <div class=\"rank-math-answer\">  <p>R\u00a0: Parce que la ceinture se d\u00e9tache avec une utilisation prolong\u00e9e et que le d\u00e9placement du cadre peut resserrer la ceinture.<\/p>  <\/div> <\/div> <\/div> <\/div>   <h2 class=\"wp-block-heading\"><strong>Vid\u00e9o de travail du coupe-paille et du broyeur \u00e0 grains Taizy<\/strong><\/h2>    <figure class=\"wp-block-embed is-type-video is-provider-youtube wp-block-embed-youtube wp-embed-aspect-16-9 wp-has-aspect-ratio\"><div class=\"wp-block-embed__wrapper\"> <iframe loading=\"lazy\" title=\"2022 Taizy Broyeur combin\u00e9 coupe-paille pour tiges, pailles, herbe, grains #chaffcutter #grinder\" width=\"500\" height=\"281\" src=\"https:\/\/www.youtube.com\/embed\/qBfLwxNCu6k?feature=oembed\" frameborder=\"0\" allow=\"accelerometer; autoplay; clipboard-write; encrypted-media; gyroscope; picture-in-picture; web-share\" referrerpolicy=\"strict-origin-when-cross-origin\" allowfullscreen><\/iframe> <\/div><\/figure>","protected":false},"excerpt":{"rendered":"<p>This series of straw cutter and grain grinder achieves multi-purpose use, allowing for guillotine and grain crushing. This guillotine features high performance, low noise, high output, safety and stability, high efficiency, low energy consumption, sturdiness and durability. The chaff cutter and grinder combined machine can not only crush dry and wet straw, rice straw, wheat [&hellip;]<\/p>\n","protected":false},"author":1,"featured_media":2629,"parent":0,"template":"","tags":[],"product-type":[19],"class_list":["post-2620","product","type-product","status-publish","has-post-thumbnail","hentry","product-type-silage-machine"],"_links":{"self":[{"href":"https:\/\/taizyagromachine.com\/fr\/wp-json\/wp\/v2\/product\/2620","targetHints":{"allow":["GET"]}}],"collection":[{"href":"https:\/\/taizyagromachine.com\/fr\/wp-json\/wp\/v2\/product"}],"about":[{"href":"https:\/\/taizyagromachine.com\/fr\/wp-json\/wp\/v2\/types\/product"}],"author":[{"embeddable":true,"href":"https:\/\/taizyagromachine.com\/fr\/wp-json\/wp\/v2\/users\/1"}],"wp:featuredmedia":[{"embeddable":true,"href":"https:\/\/taizyagromachine.com\/fr\/wp-json\/wp\/v2\/media\/2629"}],"wp:attachment":[{"href":"https:\/\/taizyagromachine.com\/fr\/wp-json\/wp\/v2\/media?parent=2620"}],"wp:term":[{"taxonomy":"post_tag","embeddable":true,"href":"https:\/\/taizyagromachine.com\/fr\/wp-json\/wp\/v2\/tags?post=2620"},{"taxonomy":"product-type","embeddable":true,"href":"https:\/\/taizyagromachine.com\/fr\/wp-json\/wp\/v2\/product-type?post=2620"}],"curies":[{"name":"wp","href":"https:\/\/api.w.org\/{rel}","templated":true}]}}