{"id":2822,"date":"2022-05-27T06:59:22","date_gmt":"2022-05-27T06:59:22","guid":{"rendered":"https:\/\/taizyagromachine.com\/?post_type=product&#038;p=2822"},"modified":"2025-01-02T13:55:22","modified_gmt":"2025-01-02T05:55:22","slug":"straw-cutting-machine","status":"publish","type":"product","link":"https:\/\/taizyagromachine.com\/fr\/product\/straw-cutting-machine\/","title":{"rendered":"Machine de d\u00e9coupe de paille | Coupe-paille polyvalent"},"content":{"rendered":"<p>Ce type de machine \u00e0 couper la paille appartient \u00e0 la s\u00e9rie 9ZR. Il s'agit d'une nouvelle g\u00e9n\u00e9ration de coupe-paille et de broyeur multifonctionnels con\u00e7us et fabriqu\u00e9s par notre soci\u00e9t\u00e9 sur la base de la technologie avanc\u00e9e de produits similaires dans la soci\u00e9t\u00e9 et des opinions des utilisateurs. Cette s\u00e9rie de machines \u00e0 couper la paille pr\u00e9sente les caract\u00e9ristiques d'une structure raisonnable, d'une facilit\u00e9 d'utilisation, d'un fonctionnement s\u00fbr, d'une belle forme et d'une forte adaptabilit\u00e9. Il convient au guillotinage des tiges de ma\u00efs, de la paille de riz, de la paille de c\u00e9r\u00e9ales, de la paille de bl\u00e9, des mauvaises herbes vertes et s\u00e8ches et d'autres mat\u00e9riaux. Les utilisateurs peuvent choisir n'importe lequel de ses mod\u00e8les en fonction de leurs propres conditions locales. Bienvenue \u00e0 nous contacter pour plus de d\u00e9tails\u00a0!<\/p>    <h2 class=\"wp-block-heading\"><strong>Machine de coupe d'herbe \u00e0 vendre<\/strong><\/h2>    <p class=\"translation-block\">En tant que <a href=\"https:\/\/taizyagromachine.com\/fr\/\" target=\"_blank\" rel=\"noreferrer noopener\">fabricant et fournisseur professionnel de machines agricoles<\/a>, nous avons non seulement des machines de coupe d'herbe et de broyage de c\u00e9r\u00e9ales, mais aussi des <a href=\"https:\/\/taizyagromachine.com\/fr\/product\/straw-baling-machine\/\" target=\"_blank\" rel=\"noreferrer noopener\">machines de ramassage et de mise en balle de paille<\/a>, etc. Taizy dispose de divers mod\u00e8les de machines de coupe et de d\u00e9chiquetage d'herbe pour r\u00e9pondre \u00e0 vos diff\u00e9rents besoins en mati\u00e8re de production. En outre, apr\u00e8s avoir coup\u00e9 et broy\u00e9 le mat\u00e9riau en petits morceaux, vous pouvez ensuite utiliser la <a href=\"https:\/\/silagebaler.com\/silage-baler-machine-round-baler\/\" target=\"_blank\" rel=\"noreferrer noopener\">machine d'enrubannage d'ensilage<\/a> pour emballer l'ensilage afin de prolonger la dur\u00e9e de conservation.<\/p>    <figure class=\"wp-block-gallery aligncenter has-nested-images columns-default is-cropped wp-block-gallery-2 is-layout-flex wp-block-gallery-is-layout-flex\"> <figure class=\"wp-block-image size-large\"><img loading=\"lazy\" decoding=\"async\" width=\"720\" height=\"540\" data-id=\"2830\" src=\"https:\/\/taizyagromachine.com\/wp-content\/uploads\/2022\/05\/chaff-cutter-and-crusher-9ZR-2.5.jpg\" alt=\"coupe-paille et broyeur\" class=\"wp-image-2830\"\/><figcaption class=\"wp-element-caption\">coupe-paille et broyeur<\/figcaption><\/figure>    <figure class=\"wp-block-image size-large\"><img loading=\"lazy\" decoding=\"async\" width=\"720\" height=\"540\" data-id=\"2833\" src=\"https:\/\/taizyagromachine.com\/wp-content\/uploads\/2022\/05\/grass-cutter-machine-9ZR-3.8A.jpg\" alt=\"machine de coupe d&#039;herbe\" class=\"wp-image-2833\"\/><figcaption class=\"wp-element-caption\">machine de coupe d'herbe<\/figcaption><\/figure>    <figure class=\"wp-block-image size-large\"><img loading=\"lazy\" decoding=\"async\" width=\"720\" height=\"540\" data-id=\"2834\" src=\"https:\/\/taizyagromachine.com\/wp-content\/uploads\/2022\/05\/chaff-cutter-and-crusher-for-sale-9ZR-3.8B.jpg\" alt=\"coupe-paille et broyeur \u00e0 vendre\" class=\"wp-image-2834\"\/><figcaption class=\"wp-element-caption\">coupe-paille et broyeur \u00e0 vendre<\/figcaption><\/figure> <\/figure>    <figure class=\"wp-block-gallery aligncenter has-nested-images columns-default is-cropped wp-block-gallery-3 is-layout-flex wp-block-gallery-is-layout-flex\"> <figure class=\"wp-block-image size-large\"><img loading=\"lazy\" decoding=\"async\" width=\"720\" height=\"540\" data-id=\"2836\" src=\"https:\/\/taizyagromachine.com\/wp-content\/uploads\/2022\/05\/straw-cutter-and-shredder-9ZR-4.8.jpg\" alt=\"coupe-paille et broyeur\" class=\"wp-image-2836\"\/><figcaption class=\"wp-element-caption\">coupe-paille et broyeur<\/figcaption><\/figure>    <figure class=\"wp-block-image size-large\"><img loading=\"lazy\" decoding=\"async\" width=\"720\" height=\"540\" data-id=\"2837\" src=\"https:\/\/taizyagromachine.com\/wp-content\/uploads\/2022\/05\/paddy-straw-cutter-machine-9ZR-6.8.jpg\" alt=\"machine de coupe de paille de paddy\" class=\"wp-image-2837\"\/><figcaption class=\"wp-element-caption\">machine de coupe de paille de paddy<\/figcaption><\/figure>    <figure class=\"wp-block-image size-large\"><img loading=\"lazy\" decoding=\"async\" width=\"720\" height=\"540\" data-id=\"2838\" src=\"https:\/\/taizyagromachine.com\/wp-content\/uploads\/2022\/05\/multipurpose-chaff-cutter-9ZR-8.jpg\" alt=\"coupe-paille polyvalent\" class=\"wp-image-2838\"\/><figcaption class=\"wp-element-caption\">coupe-paille polyvalent<\/figcaption><\/figure> <\/figure>    <h2 class=\"wp-block-heading\"><strong>Applications de la machine de d\u00e9coupe de paille de riz<\/strong><\/h2>    <p>Le coupe-paille et broyeur horizontal de la s\u00e9rie 9ZR est une sorte de machine de d\u00e9chiquetage \u00e0 grande \u00e9chelle r\u00e9cemment d\u00e9velopp\u00e9e par notre soci\u00e9t\u00e9. Convient pour le ma\u00efs, le bl\u00e9, les c\u00e9r\u00e9ales, la vigne d'arachide, la paille de riz, la paille de haricot, les tiges de ma\u00efs, l'herbe verte, la luzerne et d'autres pailles de culture. <\/p>   <div class=\"wp-block-image\"> <figure class=\"aligncenter size-full\"><img loading=\"lazy\" decoding=\"async\" width=\"720\" height=\"540\" src=\"https:\/\/taizyagromachine.com\/wp-content\/uploads\/2022\/05\/wide-applications-of-straw-cutting-machine.jpg\" alt=\"applications larges de la machine de d\u00e9coupe de paille\" class=\"wp-image-2842\"\/><figcaption class=\"wp-element-caption\">applications larges de la machine de d\u00e9coupe de paille<\/figcaption><\/figure> <\/div>   <p>Pour le traitement du fourrage des bovins et des moutons, longueur d'herbe de 10 mm \u00e0 180 mm, largeur ne d\u00e9passant pas 5 mm de mat\u00e9riau d\u00e9chiquet\u00e9. Il am\u00e9liore l'app\u00e9tence du fourrage pour les bovins et les ovins et augmente le taux d'utilisation alimentaire du fourrage. Cette coupeuse de paille est donc l'\u00e9quipement id\u00e9al pr\u00e9f\u00e9r\u00e9 par les professionnels de l'\u00e9levage de moyenne et grande taille pour la transformation du fourrage.<\/p>   <div class=\"wp-block-image\"> <figure class=\"aligncenter size-full\"><img loading=\"lazy\" decoding=\"async\" width=\"720\" height=\"400\" src=\"https:\/\/taizyagromachine.com\/wp-content\/uploads\/2022\/05\/animal-to-be-fed.jpg\" alt=\"animal \u00e0 nourrir\" class=\"wp-image-2843\"\/><figcaption class=\"wp-element-caption\">animal \u00e0 nourrir<\/figcaption><\/figure> <\/div>   <h2 class=\"wp-block-heading\"><strong>Principe de fonctionnement de la machine de d\u00e9coupe d'aliments<\/strong><\/h2>    <p>\u00c0 travers le convoyeur, transportez le mat\u00e9riau (\u00e0 traiter) jusqu'\u00e0 la salle de p\u00e9trissage. Gr\u00e2ce \u00e0 l'interaction de la lame du marteau \u00e0 rotation \u00e9lev\u00e9e et de la plaque de p\u00e9trissage, le mat\u00e9riau sera malax\u00e9. La machine \u00e0 couper la paille va p\u00e9trir les mati\u00e8res premi\u00e8res collect\u00e9es. Utilisez le nombre de lames de marteau r\u00e9glables pour ajuster l'effet de p\u00e9trissage de la paille et la quantit\u00e9 de mati\u00e8re broy\u00e9e. Diminuez le nombre de lames de marteau, la paille de sortie sera plus longue et la mati\u00e8re broy\u00e9e sera r\u00e9duite\u00a0; augmentez le nombre de lames de marteau, la paille de sortie sera plus courte et le mat\u00e9riau broy\u00e9 augmentera.<\/p>    <p>Il fait automatiquement passer la paille \u00e0 travers la bande transporteuse pour aplatir, trancher, presser et p\u00e9trir la paille, d\u00e9truisant ainsi les n\u0153uds durs de la tige \u00e0 la surface de la paille. Transformez la paille que le b\u00e9tail ne peut pas nourrir directement en fourrage d\u00e9chiquet\u00e9 avec une bonne app\u00e9tence sans perdre ses nutriments, faciles \u00e0 dig\u00e9rer et \u00e0 absorber par le b\u00e9tail.<\/p>    <figure class=\"wp-block-gallery aligncenter has-nested-images columns-default is-cropped wp-block-gallery-4 is-layout-flex wp-block-gallery-is-layout-flex\"> <figure class=\"wp-block-image size-large\"><img loading=\"lazy\" decoding=\"async\" width=\"720\" height=\"450\" data-id=\"2865\" src=\"https:\/\/taizyagromachine.com\/wp-content\/uploads\/2022\/05\/multipurpose-chaff-cutter-blade.jpg\" alt=\"lame coupe-paille polyvalente\" class=\"wp-image-2865\"\/><figcaption class=\"wp-element-caption\">lame coupe-paille polyvalente<\/figcaption><\/figure>    <figure class=\"wp-block-image size-large\"><img loading=\"lazy\" decoding=\"async\" width=\"720\" height=\"450\" data-id=\"2866\" src=\"https:\/\/taizyagromachine.com\/wp-content\/uploads\/2022\/05\/straw-cutter-blade.jpg\" alt=\"lame coupe-paille\" class=\"wp-image-2866\"\/><figcaption class=\"wp-element-caption\">lame coupe-paille<\/figcaption><\/figure> <\/figure>    <h2 class=\"wp-block-heading\"><strong>Avantages de la machine de d\u00e9coupe de paillettes de paille<\/strong><\/h2>    <ol class=\"wp-block-list\"> <li>La machine a une structure raisonnable, une belle apparence, un fonctionnement et une maintenance s\u00fbrs et fiables, pratiques et une efficacit\u00e9 de production \u00e9lev\u00e9e.<\/li>    <li>La machine peut non seulement \u00eatre utilis\u00e9e pour les agriculteurs de taille moyenne et grande, mais \u00e9galement pour les petites machines \u00e0 couper la paille pour la maison.<\/li>    <li>\u00c9quip\u00e9 de deux types de lames, l\u2019une est la lame coupante et l\u2019autre est la lame triangulaire.<\/li>    <li>Le moteur \u00e9lectrique et le moteur diesel sont tous deux disponibles, r\u00e9solvant le probl\u00e8me du manque d'\u00e9nergie dans les zones o\u00f9 l'utilisation des machines est difficile.<\/li>    <li>Coupe-paille polyvalent, sec et humide.<\/li> <\/ol>    <h2 class=\"wp-block-heading\"><strong>Qu'est-ce qui construit la machine de broyage de paille\u00a0?<\/strong><\/h2>    <p class=\"translation-block\">Ce hacheur et p\u00e9trisseur a une structure tr\u00e8s simple. Il se compose du convoyeur, de l'entr\u00e9e, du syst\u00e8me d'exploitation, de la sortie, du ch\u00e2ssis, du levier de vitesses, de la roue, du ch\u00e2ssis du moteur, du moteur et du capot de protection. Le convoyeur aide l'herbe s\u00e8che\/humide \u00e0 entrer dans la chambre de travail par l'entr\u00e9e. Le ch\u00e2ssis supporte toute la machine tandis que le capot de protection aide \u00e0 prot\u00e9ger le personnel lors du travail, comme certaines <a href=\"https:\/\/taizyagromachine.com\/fr\/product\/forage-chopper-machine\/\" target=\"_blank\" rel=\"noreferrer noopener\">machines \u00e0 couper le fourrage<\/a>. De plus, le moteur fournit la puissance suffisante requise par la machine.<\/p>   <div class=\"wp-block-image\"> <figure class=\"aligncenter size-full\"><img loading=\"lazy\" decoding=\"async\" width=\"720\" height=\"470\" src=\"https:\/\/taizyagromachine.com\/wp-content\/uploads\/2022\/05\/straw-cutting-machine-structure.jpg\" alt=\"structure de la machine de d\u00e9coupe de paille\" class=\"wp-image-2847\"\/><figcaption class=\"wp-element-caption\">structure de la machine de d\u00e9coupe de paille<\/figcaption><\/figure> <\/div>   <h2 class=\"wp-block-heading\" id=\"h-technical-parameters-of-rice-straw-cutting-and-shredding-machine\"><strong>Param\u00e8tres techniques de la machine de d\u00e9coupe et de d\u00e9chiquetage de paille de riz<\/strong><\/h2>    <figure class=\"wp-block-table\"><table><tbody><tr><td>Mod\u00e8le<\/td><td>9ZR-2.5<\/td><td>9ZR-3.8A<\/td><td>9ZR-3.8B<\/td><td>9ZR-4.8T<\/td><td>9ZR-6.8<\/td><td>9ZR-8<\/td><\/tr><tr><td>Pouvoir<\/td><td>3-4,5 kW<\/td><td>3-4,5 kW<\/td><td>3-4,5 kW<\/td><td>5,5 kW<\/td><td>7,5 kW<\/td><td>11 kW<\/td><\/tr><tr><td>Capacit\u00e9<\/td><td>2500kg\/heure<\/td><td>3800kg\/h<\/td><td>3800kg\/h<\/td><td>4800kg\/heure<\/td><td>6800kg\/heure<\/td><td>8000kg\/heure<\/td><\/tr><tr><td>Taille<\/td><td>1350*490*750mm<\/td><td>1650*550*900mm<\/td><td>1750*550*900mm<\/td><td>1750*600*930mm<\/td><td>2283*740*1040mm<\/td><td>3400*830*1200mm<\/td><\/tr><tr><td>Poids<\/td><td>67 kg<\/td><td>88 kg<\/td><td>93 kg<\/td><td>116 kg<\/td><td>189kg<\/td><td>320 kg<\/td><\/tr><\/tbody><\/table><\/figure>    <h2 class=\"wp-block-heading\"><strong>Cas r\u00e9ussi\u00a0: un coupe-paille polyvalent export\u00e9 au Kenya<\/strong><\/h2>    <p>En f\u00e9vrier de cette ann\u00e9e, un client du Kenya a demand\u00e9 des informations sur la machine \u00e0 couper la paille. Gr\u00e2ce \u00e0 la communication avec lui, notre responsable commerciale Grace savait qu'il l'achetait pour la production d'aliments pour le b\u00e9tail. Grace lui a donc envoy\u00e9 les param\u00e8tres de la machine, des photos et des vid\u00e9os de travail. Apr\u00e8s avoir v\u00e9rifi\u00e9 la machine, le client kenyan a choisi la machine de d\u00e9coupe de paille de 4 800 kg\/heure. Apr\u00e8s avoir confirm\u00e9 les d\u00e9tails de la machine, le contrat a \u00e9t\u00e9 sign\u00e9. Nous avons exp\u00e9di\u00e9 la machine \u00e0 son terminal d\u00e9sign\u00e9. Apr\u00e8s avoir re\u00e7u la machine, le client kenyan nous a envoy\u00e9 un retour positif.<\/p>    <h2 class=\"wp-block-heading\"><strong>Vid\u00e9o de travail de la machine \u00e0 couper la paille<\/strong><\/h2>    <figure class=\"wp-block-embed is-type-video is-provider-youtube wp-block-embed-youtube wp-embed-aspect-16-9 wp-has-aspect-ratio\"><div class=\"wp-block-embed__wrapper\"> <iframe loading=\"lazy\" title=\"Machine multifonctionnelle de coupe-paille | Machine de coupe d&#039;herbe pour la production d&#039;ensilage comme alimentation animale\" width=\"500\" height=\"281\" src=\"https:\/\/www.youtube.com\/embed\/wYag_P8TQhY?feature=oembed\" frameborder=\"0\" allow=\"accelerometer; autoplay; clipboard-write; encrypted-media; gyroscope; picture-in-picture; web-share\" referrerpolicy=\"strict-origin-when-cross-origin\" allowfullscreen><\/iframe> <\/div><\/figure>","protected":false},"excerpt":{"rendered":"<p>This kind of straw cutting machine belongs to the 9ZR series. It is a new generation of multifunctional chaff cutter and shredder designed and manufactured by our company based on the advanced technology of similar products in the society and users&#8217; opinions. This series of straw cutter machines has the characteristics of reasonable structure, easy [&hellip;]<\/p>\n","protected":false},"author":1,"featured_media":2829,"parent":0,"template":"","tags":[96,93,206],"product-type":[19],"class_list":["post-2822","product","type-product","status-publish","has-post-thumbnail","hentry","tag-chaff-cutter-machine","tag-forage-chopper-machine","tag-straw-cutting-machine","product-type-silage-machine"],"_links":{"self":[{"href":"https:\/\/taizyagromachine.com\/fr\/wp-json\/wp\/v2\/product\/2822","targetHints":{"allow":["GET"]}}],"collection":[{"href":"https:\/\/taizyagromachine.com\/fr\/wp-json\/wp\/v2\/product"}],"about":[{"href":"https:\/\/taizyagromachine.com\/fr\/wp-json\/wp\/v2\/types\/product"}],"author":[{"embeddable":true,"href":"https:\/\/taizyagromachine.com\/fr\/wp-json\/wp\/v2\/users\/1"}],"wp:featuredmedia":[{"embeddable":true,"href":"https:\/\/taizyagromachine.com\/fr\/wp-json\/wp\/v2\/media\/2829"}],"wp:attachment":[{"href":"https:\/\/taizyagromachine.com\/fr\/wp-json\/wp\/v2\/media?parent=2822"}],"wp:term":[{"taxonomy":"post_tag","embeddable":true,"href":"https:\/\/taizyagromachine.com\/fr\/wp-json\/wp\/v2\/tags?post=2822"},{"taxonomy":"product-type","embeddable":true,"href":"https:\/\/taizyagromachine.com\/fr\/wp-json\/wp\/v2\/product-type?post=2822"}],"curies":[{"name":"wp","href":"https:\/\/api.w.org\/{rel}","templated":true}]}}