{"id":2905,"date":"2022-06-02T03:35:30","date_gmt":"2022-06-02T03:35:30","guid":{"rendered":"https:\/\/taizyagromachine.com\/?post_type=product&#038;p=2905"},"modified":"2025-03-27T15:18:33","modified_gmt":"2025-03-27T07:18:33","slug":"self-propelled-baler","status":"publish","type":"product","link":"https:\/\/taizyagromachine.com\/fr\/product\/self-propelled-baler\/","title":{"rendered":"Presse \u00e0 balles automotrice | Coupe-foin et presse \u00e0 balles"},"content":{"rendered":"<p class=\"translation-block\">La presse \u00e0 balles automotrice est une machine agricole qui int\u00e8gre \u00ab ramassage, coupe et mise en balle \u00bb. Cette <a href=\"https:\/\/silagebaler.com\/hay-cutter-and-baler\/\" target=\"_blank\" rel=\"noreferrer noopener\">machine faucheuse et presse \u00e0 balles<\/a> peut non seulement fonctionner dans les zones basses, mais aussi alimenter le mat\u00e9riau plus en douceur et sans blocage facile. De plus, cette machine poss\u00e8de un certificat CE, ce qui la rend tr\u00e8s populaire sur le march\u00e9 national et international. La machine est associ\u00e9e \u00e0 un tracteur \u00e0 roues et est utilis\u00e9e par un chauffeur de tracteur, ce qui la rend adapt\u00e9e au travail dans toutes sortes de p\u00e2turages naturels et de p\u00e2turages cultiv\u00e9s ainsi que dans les terres agricoles.<\/p>    <p>Cette presse \u00e0 balles de foin combine les avantages de produits similaires au pays et \u00e0 l'\u00e9tranger, et combine en m\u00eame temps la situation actuelle de la production agricole et animale. Par cons\u00e9quent, la presse automotrice a une structure avanc\u00e9e, un fonctionnement pratique, des performances stables et fiables, un faible co\u00fbt de production et une \u00e9conomie de main d'\u0153uvre, etc. C'est le produit le plus id\u00e9al pour r\u00e9colter et mettre en balles diverses pailles et fourrages agricoles.<\/p>    <h2 class=\"wp-block-heading\" id=\"h-what-are-the-functions-of-the-self-propelled-baler-for-sale\"><strong>Quelles sont les fonctions de la presse \u00e0 balles automotrice \u00e0 vendre ?<\/strong><\/h2>    <p>Les fonctions sp\u00e9cifiques sont les suivantes\u00a0:<\/p>    <ol class=\"wp-block-list\"> <li><strong>Cueillette<\/strong>: Il peut collecter l'herbe, la luzerne, la paille de riz et la paille de bl\u00e9 crach\u00e9es par la moissonneuse-batteuse.<\/li>    <li><strong>Coupe<\/strong>: Il peut r\u00e9colter de l'herbe, de la luzerne, de la paille de ma\u00efs ainsi que couper le chaume \u00e9lev\u00e9 de bl\u00e9 pour la deuxi\u00e8me fois. Le chaume peut \u00eatre r\u00e9duit \u00e0 moins de 10 cm. La paille collect\u00e9e par unit\u00e9 de surface est environ deux fois sup\u00e9rieure \u00e0 celle collect\u00e9e par le ramasseur. Il am\u00e9liore consid\u00e9rablement le taux de collecte de la paille et permet aux agriculteurs de cultiver plus facilement et d'augmenter la quantit\u00e9 de paille collect\u00e9e par acre.<\/li>    <li><strong>Mise en balles<\/strong>: c'est-\u00e0-dire que la paille en vrac est compact\u00e9e et battue en balles carr\u00e9es ou rondes (les balles carr\u00e9es ou rondes sont pratiques pour le transport, l'empilage et la conservation).<\/li> <\/ol>   <div class=\"wp-block-image\"> <figure class=\"aligncenter size-full\"><img loading=\"lazy\" decoding=\"async\" width=\"720\" height=\"540\" src=\"https:\/\/taizyagromachine.com\/wp-content\/uploads\/2022\/06\/working-scenes.jpg\" alt=\"sc\u00e8nes de travail\" class=\"wp-image-2945\"\/><figcaption class=\"wp-element-caption\">sc\u00e8nes de travail<\/figcaption><\/figure> <\/div>   <h2 class=\"wp-block-heading\" id=\"h-type-1-self-propelled-round-baler\"><strong>Type 1\u00a0: Presse \u00e0 balles rondes automotrice<\/strong><\/h2>    <p class=\"translation-block\">La presse \u00e0 balles rondes et \u00e0 picking est un \u00e9quipement sp\u00e9cial con\u00e7u et produit par notre soci\u00e9t\u00e9 pour collecter la paille de bl\u00e9, de riz, de ma\u00efs et autres cultures ainsi que divers fourrages et les presser. C'est un nouveau type de presse \u00e0 balles rondes de type cross-row \u00e0 haute efficacit\u00e9 d\u00e9velopp\u00e9 ind\u00e9pendamment par notre soci\u00e9t\u00e9. Cette machine peut utiliser de la ficelle et du filet pour le pressage. Elle peut \u00e9galement ajuster la hauteur et la densit\u00e9 des balles en fonction de la situation r\u00e9elle. Il convient de noter que cette machine est diff\u00e9rente de la <a href=\"https:\/\/taizyagromachine.com\/fr\/product\/silage-baler\/\" target=\"_blank\" rel=\"noreferrer noopener\">machine d'ensilage et d'enrubannage<\/a> car elle n'a pas d'enrubannage.<\/p>    <figure class=\"wp-block-gallery aligncenter has-nested-images columns-default is-cropped wp-block-gallery-2 is-layout-flex wp-block-gallery-is-layout-flex\"> <figure class=\"wp-block-image size-full\"><img loading=\"lazy\" decoding=\"async\" width=\"720\" height=\"540\" data-id=\"2948\" src=\"https:\/\/taizyagromachine.com\/wp-content\/uploads\/2022\/06\/round-self-propelled-hay-baler.jpg\" alt=\"presse \u00e0 foin ronde automotrice\" class=\"wp-image-2948\"\/><figcaption class=\"wp-element-caption\">presse \u00e0 foin ronde automotrice<\/figcaption><\/figure>    <figure class=\"wp-block-image size-full\"><img loading=\"lazy\" decoding=\"async\" width=\"720\" height=\"540\" data-id=\"2949\" src=\"https:\/\/taizyagromachine.com\/wp-content\/uploads\/2022\/06\/round-hay-cutter-and-baler.jpg\" alt=\"coupe-foin-rond-et-presse-presse\" class=\"wp-image-2949\"\/><figcaption class=\"wp-element-caption\">coupe-foin rond et presse \u00e0 balles<\/figcaption><\/figure> <\/figure>    <figure class=\"wp-block-embed is-type-video is-provider-youtube wp-block-embed-youtube wp-embed-aspect-16-9 wp-has-aspect-ratio\"><div class=\"wp-block-embed__wrapper\"> <iframe loading=\"lazy\" title=\"Machine de balle de cueillette \u00e9crasante de paille pour balles rondes de foin | Solution efficace pour les aliments pour l&#039;ensilage agricole\" width=\"500\" height=\"281\" src=\"https:\/\/www.youtube.com\/embed\/pgxaeEiL908?feature=oembed\" frameborder=\"0\" allow=\"accelerometer; autoplay; clipboard-write; encrypted-media; gyroscope; picture-in-picture; web-share\" referrerpolicy=\"strict-origin-when-cross-origin\" allowfullscreen><\/iframe> <\/div><figcaption class=\"wp-element-caption\">Vid\u00e9o de la machine \u00e0 \u00e9quilibre de cueillette de coupe de foin<\/figcaption><\/figure>    <h3 class=\"wp-block-heading\" id=\"h-construction-of-round-hay-cutter-and-baler\"><strong>Construction d'un coupe-foin rond et d'une presse \u00e0 balles<\/strong><\/h3>    <p>La presse \u00e0 balles rondes automotrice est \u00e9quip\u00e9e d'une prise de force, d'un alimentateur, d'un interrupteur de silo et d'un v\u00e9rin hydraulique. Il faut savoir que le fil peut \u00eatre remplac\u00e9 par le filet. <\/p>   <div class=\"wp-block-image\"> <figure class=\"aligncenter size-full\"><img loading=\"lazy\" decoding=\"async\" width=\"720\" height=\"540\" src=\"https:\/\/taizyagromachine.com\/wp-content\/uploads\/2022\/06\/structure-of-round-cutter-and-baler.jpg\" alt=\"structure du coupeur rond et de la presse \u00e0 balles\" class=\"wp-image-2927\"\/><figcaption class=\"wp-element-caption\">structure du coupeur rond et de la presse \u00e0 balles<\/figcaption><\/figure> <\/div>   <h3 class=\"wp-block-heading\" id=\"h-what-are-parameters-of-round-baling-machine\"><strong>Quels sont les param\u00e8tres de la machine \u00e0 balles rondes\u00a0?<\/strong><\/h3>    <figure class=\"wp-block-table\"><table><tbody><tr><td>Mod\u00e8le<\/td><td>9YY80<\/td><td>9YY100<\/td><\/tr><tr><td>Taille group\u00e9e<\/td><td>80 cm * 100 cm<\/td><td>100 cm * 125 cm<\/td><\/tr><tr><td>Largeur r\u00e9colt\u00e9e<\/td><td>1,3 m<\/td><td>1,8 m<\/td><\/tr><tr><td>Taille nette<\/td><td>2000 m*105 cm<\/td><td>3000m*125cm<\/td><\/tr><tr><td>Tracteur \u00e9quip\u00e9<\/td><td>Plus de 70 ch<\/td><td>Plus de 90 ch<\/td><\/tr><\/tbody><\/table><\/figure>    <h2 class=\"wp-block-heading\" id=\"h-type-2-self-propelled-square-baler\"><strong>Type 2\u00a0: Presse \u00e0 balles carr\u00e9es automotrice<\/strong><\/h2>    <p class=\"translation-block\">La machine de coupe, de ramassage et de pressage carr\u00e9e est une machine de r\u00e9colte de fourrage qui \u00e9crase et ramasse pour former des balles. Elle est principalement utilis\u00e9e pour la r\u00e9colte et le pressage de divers fourrages, de tiges de riz, de bl\u00e9 et de ma\u00efs et d'autres tiges de culture dans le champ. La presse \u00e0 balles de foin automotrice peut automatiquement \u00e9craser et ramasser les bandes d'herbe laiss\u00e9es dans le champ, et lier le fourrage l\u00e2che en balles rectangulaires d'apparence nette et r\u00e9guli\u00e8re gr\u00e2ce aux op\u00e9rations d'alimentation, de compression et de formation, de nouage et de ficelage. Il est important de noter que seule la ficelle peut \u00eatre utilis\u00e9e pour le pressage. Bienvenue \u00e0 <a href=\"https:\/\/taizyagromachine.com\/fr\/contact\/\" target=\"_blank\" rel=\"noreferrer noopener\">nous contacter<\/a> pour plus de d\u00e9tails !<\/p>    <figure class=\"wp-block-gallery aligncenter has-nested-images columns-default is-cropped wp-block-gallery-3 is-layout-flex wp-block-gallery-is-layout-flex\"> <figure class=\"wp-block-image size-full\"><img loading=\"lazy\" decoding=\"async\" width=\"720\" height=\"540\" data-id=\"2953\" src=\"https:\/\/taizyagromachine.com\/wp-content\/uploads\/2022\/06\/square-cutter-and-baler.jpg\" alt=\"coupeuse-presse-carr\u00e9e\" class=\"wp-image-2953\"\/><figcaption class=\"wp-element-caption\">coupeuse carr\u00e9e et presse \u00e0 balles<\/figcaption><\/figure>    <figure class=\"wp-block-image size-full\"><img loading=\"lazy\" decoding=\"async\" width=\"720\" height=\"540\" data-id=\"2952\" src=\"https:\/\/taizyagromachine.com\/wp-content\/uploads\/2022\/06\/square-self-propelled-baler.jpg\" alt=\"presse \u00e0 balles carr\u00e9es automotrice\" class=\"wp-image-2952\"\/><figcaption class=\"wp-element-caption\">presse \u00e0 balles carr\u00e9es automotrice<\/figcaption><\/figure> <\/figure>    <h3 class=\"wp-block-heading\"><strong>Structure de l'\u00e9quipement de mise en balles carr\u00e9es<\/strong><\/h3>    <p>La presse automotrice se compose du syst\u00e8me de transmission, de la poutre de traction, du ramasseur, de la chambre de mise en balles et de la sortie. C\u2019est une construction tr\u00e8s simple. <\/p>   <div class=\"wp-block-image\"> <figure class=\"aligncenter size-full\"><img loading=\"lazy\" decoding=\"async\" width=\"720\" height=\"450\" src=\"https:\/\/taizyagromachine.com\/wp-content\/uploads\/2022\/06\/structure-of-square-cutting-and-baling-machine.jpg\" alt=\"structure de la machine de d\u00e9coupe et de mise en balles carr\u00e9e\" class=\"wp-image-2928\"\/><figcaption class=\"wp-element-caption\">structure de la machine de d\u00e9coupe et de mise en balles carr\u00e9e<\/figcaption><\/figure> <\/div>   <h3 class=\"wp-block-heading\"><strong>Param\u00e8tres techniques de la presse \u00e0 balles carr\u00e9es<\/strong><\/h3>    <figure class=\"wp-block-table\"><table><tbody><tr><td>Mod\u00e8le<\/td><td>9YFQ-2.0<\/td><\/tr><tr><td>Largeur r\u00e9colt\u00e9e<\/td><td>2,0 m<\/td><\/tr><tr><td>Tracteur \u00e9quip\u00e9<\/td><td>Plus de 75 ch<\/td><\/tr><tr><td>Efficacit\u00e9 de production<\/td><td>3 t\/h<\/td><\/tr><tr><td>Taille globale<\/td><td>4150*2850*1800mm<\/td><\/tr><\/tbody><\/table><\/figure>    <h2 class=\"wp-block-heading\" id=\"h-applications-of-self-propelled-hay-baler\"><strong>Applications de la presse \u00e0 foin automotrice<\/strong><\/h2>    <p>Parce que ce type de coupe-foin et de presse \u00e0 balles convient aux travaux des champs, il a une vari\u00e9t\u00e9 d'applications. Tels que les tiges de ma\u00efs, les feuilles de canne \u00e0 sucre, les pailles de bl\u00e9, les pailles de riz, les plants d'arachide, les plants de patates douces, l'herbe verte, le foin, etc. <\/p>   <div class=\"wp-block-image\"> <figure class=\"aligncenter size-full\"><img loading=\"lazy\" decoding=\"async\" width=\"720\" height=\"450\" src=\"https:\/\/taizyagromachine.com\/wp-content\/uploads\/2022\/06\/wide-applications-of-self-propelled-hay-baler.jpg\" alt=\"applications larges de la presse \u00e0 foin automotrice\" class=\"wp-image-2932\"\/><figcaption class=\"wp-element-caption\">applications larges de la presse \u00e0 foin automotrice<\/figcaption><\/figure> <\/div>   <h2 class=\"wp-block-heading\"><strong>Quelles sont les caract\u00e9ristiques du coupe-foin et de la presse \u00e0 balles ?<\/strong><\/h2>    <ol class=\"wp-block-list\"> <li>Noueur allemand import\u00e9 et syst\u00e8me de transmission principal, l'ensemble de la presse automotrice a des performances stables et un taux de formation de balles \u00e9lev\u00e9.<\/li>    <li>La presse \u00e0 balles automotrice a un axe longitudinal sym\u00e9trique, une bonne stabilit\u00e9 de conduite, est facile \u00e0 traction et peut s'adapter au travail sur des terrains petits et irr\u00e9guliers.<\/li>    <li>Les bandes d'herbe se d\u00e9placent toujours en ligne droite depuis la cueillette jusqu'\u00e0 la formation des balles sur le sol, et le processus de transport et de mise en balles des bandes d'herbe est raisonnable, ce qui contribue \u00e0 am\u00e9liorer la fr\u00e9quence de mouvement alternatif du piston et \u00e0 augmenter la capacit\u00e9 de production.<\/li>    <li>La chambre de mise en balles et l'aiguille d'enfilage ont un d\u00e9gagement suffisamment \u00e9lev\u00e9 par rapport au sol pour fonctionner dans des lots surbaiss\u00e9s sans que l'aiguille d'enfilage ne touche le sol, \u00e9liminant ainsi le cadre de protection traditionnel de l'aiguille d'enfilage. Le cueilleur est \u00e9quip\u00e9 d'une roue de profilage, permettant d'op\u00e9rer dans des terrains bas.<\/li>    <li>Concassage et ramassage, suspension \u00e0 3 liaisons avec le tracteur.<\/li> <\/ol>    <figure class=\"wp-block-gallery aligncenter has-nested-images columns-default is-cropped wp-block-gallery-4 is-layout-flex wp-block-gallery-is-layout-flex\"> <figure class=\"wp-block-image size-large\"><img loading=\"lazy\" decoding=\"async\" width=\"720\" height=\"540\" data-id=\"2939\" src=\"https:\/\/taizyagromachine.com\/wp-content\/uploads\/2022\/06\/German-knotter.jpg\" alt=\"Presse \u00e0 balles automotrice \u00e0 noueurs allemands\" class=\"wp-image-2939\"\/><figcaption class=\"wp-element-caption\">Noueur allemand<\/figcaption><\/figure>    <figure class=\"wp-block-image size-full\"><img loading=\"lazy\" decoding=\"async\" width=\"720\" height=\"540\" data-id=\"2940\" src=\"https:\/\/taizyagromachine.com\/wp-content\/uploads\/2022\/06\/multifunction-crushing-picking.jpg\" alt=\"multifonction-concassage et cueillette\" class=\"wp-image-2940\"\/><figcaption class=\"wp-element-caption\">concassage et cueillette<\/figcaption><\/figure>    <figure class=\"wp-block-image size-full\"><img loading=\"lazy\" decoding=\"async\" width=\"720\" height=\"540\" data-id=\"2938\" src=\"https:\/\/taizyagromachine.com\/wp-content\/uploads\/2022\/06\/3-linkage-suspension.jpg\" alt=\"Suspension \u00e0 3 liaisons avec la presse \u00e0 balles automotrice\" class=\"wp-image-2938\"\/><figcaption class=\"wp-element-caption\">Suspension \u00e0 3 liaisons<\/figcaption><\/figure> <\/figure>    <h2 class=\"wp-block-heading\" id=\"h-why-choose-taizy-company-as-top-choice\"><strong>Pourquoi choisir la soci\u00e9t\u00e9 Taizy comme premier choix\u00a0?<\/strong><\/h2>    <p class=\"translation-block\">Nous, <a href=\"https:\/\/taizyagromachine.com\/fr\/\" target=\"_blank\" rel=\"noreferrer noopener\">Taizy Agro Machinery<\/a>, sommes profond\u00e9ment impliqu\u00e9s dans l'industrie agricole depuis plus de 10 ans. Chaque fois, nous devenons le premier choix car nous avons nos propres avantages uniques.<\/p>    <p class=\"translation-block\"><strong>Excellente qualit\u00e9<\/strong>. Notre presse \u00e0 balles automotrice respecte des r\u00e8gles de production strictes, tout comme la presse \u00e0 balles de paille, la <a href=\"https:\/\/taizyagromachine.com\/fr\/product\/straw-crushing-and-recycling-machine\/\" target=\"_blank\" rel=\"noreferrer noopener\">machine d'ensilage et de recyclage de paille<\/a>, etc. De plus, nos machines agricoles ont un certificat CE, bien accueillies dans les pays et r\u00e9gions \u00e9trangers. <\/p>    <p class=\"translation-block\"><strong>Technologie avanc\u00e9e<\/strong>. La presse \u00e0 balles adopte une technologie avanc\u00e9e et combine les demandes du march\u00e9, concevant une nouvelle presse \u00e0 fourrage. Elle est populaire sur le march\u00e9.<\/p>    <p class=\"translation-block\"><strong>Service parfait<\/strong>. Apr\u00e8s la vente, nous fournissons \u00e9galement un service apr\u00e8s-vente confortable pour r\u00e9soudre tous les probl\u00e8mes que les clients pourraient rencontrer dans un avenir proche.<\/p>    <h2 class=\"wp-block-heading\" id=\"h-successful-case-self-propelled-small-square-baler-sold-to-iran\"><strong>Cas r\u00e9ussi\u00a0:\u00a0une petite presse \u00e0 balles carr\u00e9es automotrice vendue \u00e0 l'Iran  <\/strong><\/h2>    <p>Notre responsable commerciale Winnie a re\u00e7u une demande d'un client en Iran. Il veut r\u00e9colter du fourrage et poss\u00e8de son propre tracteur. \u00c9tant donn\u00e9 que l'Iran est situ\u00e9 au Moyen-Orient et pr\u00e9f\u00e8re les balles carr\u00e9es, Winnie a envoy\u00e9 les informations pertinentes sur la presse \u00e0 balles carr\u00e9es, notamment les param\u00e8tres, la configuration, les photos, les vid\u00e9os, etc. Le client iranien l'a beaucoup appr\u00e9ci\u00e9 apr\u00e8s confirmation. Le contrat a donc \u00e9t\u00e9 sign\u00e9. Nous avons exp\u00e9di\u00e9 \u00e0 sa destination. Apr\u00e8s avoir re\u00e7u la machine, le client iranien a d\u00e9clar\u00e9 que la presse automotrice fonctionnait tr\u00e8s bien et que nous aurons l'occasion de travailler \u00e0 nouveau ensemble.<\/p>    <h2 class=\"wp-block-heading\" id=\"h-faq\"><strong>FAQ<\/strong><\/h2>   <div id=\"rank-math-faq\" class=\"rank-math-block\"> <div class=\"rank-math-list\"> <div id=\"faq-question-1665309290478\" class=\"rank-math-list-item\"> <h3 class=\"rank-math-question\"><strong>Q : Quelle est la largeur de cueillette de la presse \u00e0 balles automotrice ?<\/strong><\/h3> <div class=\"rank-math-answer\">  <p>R\u00a0: 1,3\u00a0m, 1,8\u00a0m, 2\u00a0m.<\/p>  <\/div> <\/div> <div id=\"faq-question-1665309298217\" class=\"rank-math-list-item\"> <h3 class=\"rank-math-question\"><strong>Q : Quel type d\u2019\u00e9quipement produisez-vous principalement ?<\/strong><\/h3> <div class=\"rank-math-answer\">  <p>R : Nous produisons principalement des machines agricoles et des machines agricoles.<\/p>  <\/div> <\/div> <div id=\"faq-question-1665309313441\" class=\"rank-math-list-item\"> <h3 class=\"rank-math-question\"><strong>Q : O\u00f9 est le lieu d'exp\u00e9dition ?<\/strong><\/h3> <div class=\"rank-math-answer\">  <p>R : Situ\u00e9 dans la plaine centrale de la Chine, Henan, nous avons donc d\u00e9velopp\u00e9 le transport et la livraison rapide.<\/p>  <\/div> <\/div> <\/div> <\/div>   <h2 class=\"wp-block-heading\"><strong>Vid\u00e9o de travail du coupe-foin et de la presse \u00e0 balles <\/strong><\/h2>    <figure class=\"wp-block-embed is-type-video is-provider-youtube wp-block-embed-youtube wp-embed-aspect-16-9 wp-has-aspect-ratio\"><div class=\"wp-block-embed__wrapper\"> <iframe loading=\"lazy\" title=\"Coupe-foin et presse \u00e0 balles | Machine de ramassage, de concassage et de mise en balles de paille avec tracteur #hay #strawbale\" width=\"500\" height=\"281\" src=\"https:\/\/www.youtube.com\/embed\/PhkH7-TU5-I?feature=oembed\" frameborder=\"0\" allow=\"accelerometer; autoplay; clipboard-write; encrypted-media; gyroscope; picture-in-picture; web-share\" referrerpolicy=\"strict-origin-when-cross-origin\" allowfullscreen><\/iframe> <\/div><\/figure>","protected":false},"excerpt":{"rendered":"<p>The self propelled baler is an agricultural machine that integrates &#8220;picking, cutting and baling&#8221;. This hay cutter and baler machine can not only work in low-lying areas, but also feed the material more smoothly and not easily blocked. Besides, this machine has CE certificate, which is very popular in domestic and international market. The machine [&hellip;]<\/p>\n","protected":false},"author":1,"featured_media":2907,"parent":0,"template":"","tags":[120,117,103,119,118,122,121,116],"product-type":[19],"class_list":["post-2905","product","type-product","status-publish","has-post-thumbnail","hentry","tag-agriculture-machinery","tag-baling-machine","tag-hay-baler","tag-hay-baling-machine","tag-hay-cutter-and-baler","tag-self-propelled-round-baler","tag-self-propelled-square-baler","tag-silage","product-type-silage-machine"],"_links":{"self":[{"href":"https:\/\/taizyagromachine.com\/fr\/wp-json\/wp\/v2\/product\/2905","targetHints":{"allow":["GET"]}}],"collection":[{"href":"https:\/\/taizyagromachine.com\/fr\/wp-json\/wp\/v2\/product"}],"about":[{"href":"https:\/\/taizyagromachine.com\/fr\/wp-json\/wp\/v2\/types\/product"}],"author":[{"embeddable":true,"href":"https:\/\/taizyagromachine.com\/fr\/wp-json\/wp\/v2\/users\/1"}],"wp:featuredmedia":[{"embeddable":true,"href":"https:\/\/taizyagromachine.com\/fr\/wp-json\/wp\/v2\/media\/2907"}],"wp:attachment":[{"href":"https:\/\/taizyagromachine.com\/fr\/wp-json\/wp\/v2\/media?parent=2905"}],"wp:term":[{"taxonomy":"post_tag","embeddable":true,"href":"https:\/\/taizyagromachine.com\/fr\/wp-json\/wp\/v2\/tags?post=2905"},{"taxonomy":"product-type","embeddable":true,"href":"https:\/\/taizyagromachine.com\/fr\/wp-json\/wp\/v2\/product-type?post=2905"}],"curies":[{"name":"wp","href":"https:\/\/api.w.org\/{rel}","templated":true}]}}