{"id":3038,"date":"2022-06-10T03:38:55","date_gmt":"2022-06-10T03:38:55","guid":{"rendered":"https:\/\/taizyagromachine.com\/?post_type=product&#038;p=3038"},"modified":"2025-01-02T13:49:22","modified_gmt":"2025-01-02T05:49:22","slug":"bean-peeling-machine","status":"publish","type":"product","link":"https:\/\/taizyagromachine.com\/fr\/product\/bean-peeling-machine\/","title":{"rendered":"Machine \u00e0 \u00e9plucher les haricots pour le soja, les f\u00e8ves et les haricots Lachi"},"content":{"rendered":"<p class=\"translation-block\">Comme son nom l\u2019indique, la <strong>machine d\u2019\u00e9pluchage des haricots<\/strong> est une machine d\u2019enl\u00e8vement de peau sp\u00e9cialis\u00e9e dans le d\u00e9veloppement d\u2019une vari\u00e9t\u00e9 de haricots, invent\u00e9e par notre entreprise selon la demande du march\u00e9. Elle est principalement applicable \u00e0 l\u2019\u00e9pluchage et \u00e0 la s\u00e9paration de divers haricots tels que haricot (haricot soja), petit pois, haricot noir, haricot rouge, amande, etc. <\/p>    <p>Le taux de pelage est sup\u00e9rieur \u00e0 98%. La machine \u00e0 enlever la peau du soja convient aux usines de transformation des aliments, aux h\u00f4tels, aux restaurants, aux cantines, aux m\u00e9nages professionnels, etc. <\/p>    <p>Cet \u00e9quipement est une nouvelle g\u00e9n\u00e9ration de machine \u00e0 \u00e9plucher, qui a \u00e9t\u00e9 soigneusement con\u00e7ue et optimis\u00e9e apr\u00e8s une \u00e9tude de march\u00e9 approfondie et une consultation avec les utilisateurs, tout en s'appuyant sur les avantages et les exp\u00e9riences de nombreux types de machines \u00e0 \u00e9plucher les haricots au pays et \u00e0 l'\u00e9tranger. <\/p>    <p>Notre machine \u00e0 \u00e9plucher les haricots est bien con\u00e7ue, facile \u00e0 utiliser et a un rendement \u00e9lev\u00e9. Nous, Taizy Machinery, proposons trois mod\u00e8les parmi lesquels vous pouvez choisir. Si vous en avez besoin, vous pouvez nous contacter. Dites-nous ce dont vous avez besoin et notre responsable commercial vous proposera la solution la plus adapt\u00e9e \u00e0 vos besoins.<\/p>    <h2 class=\"wp-block-heading\" id=\"h-who-uses-peeled-beans\"><strong>Qui utilise les haricots pel\u00e9s ?<\/strong><\/h2>    <p>Cette machine \u00e0 \u00e9plucher les haricots a une large gamme d'applications. Parce que cette machine peut traiter des haricots tels que le soja, les haricots noirs, les pois, etc. pour les \u00e9plucher et les fendre. Il existe principalement les domaines d'utilisation suivants\u00a0:<\/p>    <p>Grande usine, petit et moyen atelier, magasins de d\u00e9tail, approvisionnement de cantine, particuliers et usines de transformation des aliments. Si vous avez des besoins, n'h\u00e9sitez pas \u00e0 nous contacter d\u00e8s que possible ! Et notre personnel professionnel vous fournira le plan le plus appropri\u00e9 pour faciliter votre activit\u00e9.<\/p>   <div class=\"wp-block-image\"> <figure class=\"aligncenter size-full\"><img loading=\"lazy\" decoding=\"async\" width=\"720\" height=\"540\" src=\"https:\/\/taizyagromachine.com\/wp-content\/uploads\/2022\/06\/usages-of-bean-peling-machine.jpg\" alt=\"utilisations de la machine \u00e0 \u00e9plucher les haricots\" class=\"wp-image-3053\"\/><figcaption class=\"wp-element-caption\">utilisations de la machine \u00e0 \u00e9plucher les haricots<\/figcaption><\/figure> <\/div>   <h2 class=\"wp-block-heading\" id=\"h-type-1-soybean-peeling-machine\"><strong>Type 1\u00a0: Machine \u00e0 \u00e9plucher le soja \u00e0 vendre<\/strong><\/h2>    <p class=\"translation-block\">Cette machine d\u2019\u00e9pluchage de soja est une machine de division et de p\u00e9trissage du soja d\u00e9velopp\u00e9e par le personnel de recherche et d\u00e9veloppement technique de Taizy Machinery selon la demande du march\u00e9. La machine d\u2019\u00e9pluchage de peau de haricot peut peler des haricots ronds et r\u00e9guliers, tels que les haricots soja, <strong>haricots noirs<\/strong>, <strong>pois<\/strong> et ainsi de suite. Cette machine est facile \u00e0 op\u00e9rer. <\/p>   <div class=\"wp-block-image\"> <figure class=\"aligncenter size-full\"><img loading=\"lazy\" decoding=\"async\" width=\"720\" height=\"540\" src=\"https:\/\/taizyagromachine.com\/wp-content\/uploads\/2022\/06\/soybean-peeling-machine.jpg\" alt=\"machine \u00e0 \u00e9plucher le soja\" class=\"wp-image-3044\"\/><figcaption class=\"wp-element-caption\">machine \u00e0 \u00e9plucher le soja<\/figcaption><\/figure> <\/div>   <p>De plus, la peau, le noyau et la partie flavono\u00efde de la feuille sont d\u00e9tach\u00e9s proprement. Il pr\u00e9sente moins de grains cass\u00e9s, un bon effet de pelage, une belle apparence, un fonctionnement pratique, des performances fiables, une protection de l'environnement verte, une machine pour de multiples utilisations.<\/p>    <p>Il convient aux petites usines de transformation de haricots ou aux usines alimentaires. Dans le m\u00eame temps, vous pouvez \u00e9galement r\u00e9gler la machine pour \u00e9plucher les pois et le ni\u00e9b\u00e9. Soja pel\u00e9, pois pour d\u00e9sodoriser et rehausser le go\u00fbt des produits \u00e0 base de soja comme le tofu, le jus de haricots, etc.<\/p>    <h3 class=\"wp-block-heading\" id=\"h-what-is-the-structure-of-soy-bean-skin-removing-machine\"><strong>Quelle est la structure de la machine pour enlever la peau des graines de soja\u00a0?<\/strong><\/h3>    <p>Cet \u00e9plucheur de soja a pour fonction d'\u00e9plucher et de s\u00e9parer les haricots. Il est multifonctionnel et pele et fend. Il se compose d'un moteur, d'un ventilateur, d'une bo\u00eete de distribution, d'une tr\u00e9mie d'alimentation, d'une poign\u00e9e r\u00e9glable, d'une conduite d'air et d'une sortie. Si vous \u00eates int\u00e9ress\u00e9 par la machine \u00e0 \u00e9plucher les haricots, n'h\u00e9sitez pas \u00e0 nous contacter \u00e0 tout moment.<\/p>    <h3 class=\"wp-block-heading\" id=\"h-\"><strong> <\/strong><\/h3>   <div class=\"wp-block-image\"> <figure class=\"aligncenter size-full\"><img loading=\"lazy\" decoding=\"async\" width=\"720\" height=\"540\" src=\"https:\/\/taizyagromachine.com\/wp-content\/uploads\/2022\/06\/soybean-peeler-construction.jpg\" alt=\"construction d&#039;un \u00e9plucheur de soja\" class=\"wp-image-3046\"\/><figcaption class=\"wp-element-caption\">construction d'un \u00e9plucheur de soja<\/figcaption><\/figure> <\/div>   <h3 class=\"wp-block-heading\" id=\"h-how-does-bean-peeling-machine-work\"><strong>Comment fonctionne la machine \u00e0 \u00e9plucher les haricots\u00a0?<\/strong><\/h3>    <p>Lors du travail, le mat\u00e9riau p\u00e9n\u00e8tre dans le pelage entre les deux disques de broyage par la tr\u00e9mie via le dispositif de transport par treuil. Et le but du pelage ou du broyage est atteint gr\u00e2ce \u00e0 la rotation diff\u00e9rentielle des deux disques abrasifs. Apr\u00e8s le pelage du soja, \u00e0 travers la chambre de s\u00e9paration, sous l'action du vent, la partie du fruit du haricot est \u00e9vacu\u00e9e par la sortie.<\/p>    <p> La peau et les traces de poudre sont \u00e9vacu\u00e9es par la sortie avec de l'air, compl\u00e9tant ainsi le processus de pelage.<\/p>    <h3 class=\"wp-block-heading\" id=\"h-technical-specifications-of-beans-peeler\"><strong>Sp\u00e9cifications techniques de l\u2019\u00e9plucheur de haricots<\/strong><\/h3>    <figure class=\"wp-block-table\"><table><tbody><tr><td>Mod\u00e8le<\/td><td>TZ-10<\/td><\/tr><tr><td>Poids<\/td><td>&nbsp;200 kg<\/td><\/tr><tr><td>Taille<\/td><td>190*140*75cm<\/td><\/tr><tr><td>Capacit\u00e9<\/td><td>300-400kg\/heure<\/td><\/tr><tr><td>Pouvoir<\/td><td>5,5 kW +1,5 kW<\/td><\/tr><\/tbody><\/table><figcaption class=\"wp-element-caption\">Param\u00e8tres de l'\u00e9plucheur de haricots multifonctionnel <\/figcaption><\/figure>    <h2 class=\"wp-block-heading\"><strong>Type 2\u00a0: Machine \u00e0 \u00e9plucher les lentilles de vente chaude<\/strong><\/h2>    <p>La machine \u00e0 \u00e9plucher les lentilles est une recherche et d\u00e9veloppement ind\u00e9pendante d'une machine \u00e0 \u00e9plucher les haricots. Il peut peler \u00e0 la fois des haricots ronds et des haricots de forme r\u00e9guli\u00e8re et plate. Avec les avantages d'un bon effet de pelage, d'un taux de rendement \u00e9lev\u00e9 et de performances stables, il s'agit d'une machine \u00e0 peler multifonctionnelle.<\/p>   <div class=\"wp-block-image\"> <figure class=\"aligncenter size-full\"><img loading=\"lazy\" decoding=\"async\" width=\"720\" height=\"540\" src=\"https:\/\/taizyagromachine.com\/wp-content\/uploads\/2022\/06\/lentil-skin-peeling-machine.jpg\" alt=\"machine \u00e0 \u00e9plucher la peau des lentilles\" class=\"wp-image-3069\"\/><figcaption class=\"wp-element-caption\">machine \u00e0 \u00e9plucher la peau des lentilles<\/figcaption><\/figure> <\/div>   <p>Il convient pour \u00e9plucher divers haricots tels que les haricots mungo, les haricots rouges, les lentilles, les haricots \u0153il de chat, le ni\u00e9b\u00e9, etc. Cette machine a deux fonctions, telles que l'\u00e9pluchage et la s\u00e9paration, qui peuvent \u00e9liminer efficacement la peau et d\u00e9sodoriser les haricots. Par cons\u00e9quent, c'est l'\u00e9quipement id\u00e9al pour \u00e9lever la qualit\u00e9 des produits \u00e0 base de haricots, avec un taux de pelage \u00e9lev\u00e9, une qualit\u00e9 disponible et une utilisation facile.<\/p>    <h3 class=\"wp-block-heading\" id=\"h-what-constructs-the-lentil-skin-peeling-machine\"><strong>Qu'est-ce qui construit la machine \u00e0 \u00e9plucher la peau des lentilles\u00a0?<\/strong><\/h3>    <p>D\u2019une mani\u00e8re g\u00e9n\u00e9rale, cette machine a une construction claire. Il est compos\u00e9 de la tr\u00e9mie, de la barre de commande, du d\u00e9poussi\u00e9reur, de la salle de pelage et de la sortie. <\/p>   <div class=\"wp-block-image\"> <figure class=\"aligncenter size-full\"><img loading=\"lazy\" decoding=\"async\" width=\"720\" height=\"540\" src=\"https:\/\/taizyagromachine.com\/wp-content\/uploads\/2022\/06\/structure-of-lentil-peeler.jpg\" alt=\"structure de l&#039;\u00e9plucheur de lentilles\" class=\"wp-image-3048\"\/><figcaption class=\"wp-element-caption\">structure de l'\u00e9plucheur de lentilles<\/figcaption><\/figure> <\/div>   <h3 class=\"wp-block-heading\" id=\"h-working-principle-of-industrial-beans-peeler\"><strong>Principe de fonctionnement de l'\u00e9plucheur de haricots industriel<\/strong><\/h3>    <p>Pendant l'op\u00e9ration, la machine \u00e0 \u00e9plucher les haricots utilise une lame diamant\u00e9e rotative \u00e0 grande vitesse pour couper et frotter en continu la couche de peau. De cette fa\u00e7on, la force de liaison entre la peau et la couche interne peut \u00eatre d\u00e9truite, de sorte que la couche cutan\u00e9e peut \u00eatre progressivement broy\u00e9e et \u00e9limin\u00e9e par frottement. <\/p>    <p>Et la peau peut \u00eatre \u00e9limin\u00e9e plus efficacement. Gr\u00e2ce au syst\u00e8me d\u2019aspiration et de d\u00e9poussi\u00e9rage int\u00e9gr\u00e9 \u00e0 la machine, elle r\u00e9cup\u00e8re la peau en cours de pelage pour assurer la propret\u00e9 et l\u2019hygi\u00e8ne de l\u2019atelier de transformation.<\/p>    <h3 class=\"wp-block-heading\" id=\"h-parameters-of-lentil-peeler\"><strong>Param\u00e8tres de l'\u00e9plucheur de lentilles<\/strong><\/h3>    <figure class=\"wp-block-table\"><table><tbody><tr><td>Mod\u00e8le<\/td><td>S18<\/td><\/tr><tr><td>Pouvoir<\/td><td>15 kW<\/td><\/tr><tr><td>Capacit\u00e9<\/td><td>500kg\/heure<\/td><\/tr><tr><td>Taille<\/td><td>1800*1200*2150mm<\/td><\/tr><\/tbody><\/table><figcaption class=\"wp-element-caption\">param\u00e8tres techniques de la machine \u00e0 \u00e9plucher les lentilles<\/figcaption><\/figure>    <h2 class=\"wp-block-heading\"><strong>Type 3\u00a0:\u00a0Machine commerciale \u00e0 \u00e9plucher les f\u00e8ves<\/strong><\/h2>    <p>Cette machine \u00e0 \u00e9plucher les f\u00e8ves est en acier inoxydable. La machine \u00e0 \u00e9plucher les f\u00e8ves pr\u00e9sente les caract\u00e9ristiques d'une structure compacte, d'un fonctionnement simple et d'un pelage propre. Les f\u00e8ves n\u2019ont pas besoin d\u2019\u00eatre tremp\u00e9es ni s\u00e9ch\u00e9es. Allumez la machine, puis effectuez un pelage unique, \u00e9conomisez du temps et des efforts, pratique, \u00e9conomisez du travail et am\u00e9liorez l'efficacit\u00e9 du travail.<\/p>   <div class=\"wp-block-image\"> <figure class=\"aligncenter size-full is-resized\"><img loading=\"lazy\" decoding=\"async\" width=\"720\" height=\"540\" src=\"https:\/\/taizyagromachine.com\/wp-content\/uploads\/2022\/06\/broad-bean-peeling-machine.jpg\" alt=\"machine \u00e0 \u00e9plucher les f\u00e8ves\" class=\"wp-image-3051\" style=\"width:720px;height:auto\"\/><figcaption class=\"wp-element-caption\">machine \u00e0 \u00e9plucher les f\u00e8ves<\/figcaption><\/figure> <\/div>   <p>Taizy Machinery a d\u00e9velopp\u00e9 une machine \u00e0 \u00e9plucher les f\u00e8ves de forme in\u00e9gale. Cette machine \u00e0 \u00e9plucher les haricots multifonctionnelle peut \u00eatre plus adapt\u00e9e aux f\u00e8ves, aux haricots ol\u00e9agineux, aux haricots de Lima, aux graines de chanvre, aux graines de pivoine et \u00e0 d'autres haricots plats partiels \u00e0 \u00e9plucher, de sorte que le taux d'\u00e9pluchage et d'\u00e9limination du produit soit plus \u00e9lev\u00e9.<\/p>    <h3 class=\"wp-block-heading\" id=\"h-composition-of-broad-bean-skin-removing-machine\"><strong>Composition de la machine \u00e0 enlever la peau des f\u00e8ves<\/strong><\/h3>    <p>La machine \u00e0 \u00e9plucher les f\u00e8ves est dot\u00e9e d'une tr\u00e9mie, d'un dispositif d'\u00e9pluchage, d'une sortie et d'un panneau de commande. <\/p>   <div class=\"wp-block-image\"> <figure class=\"aligncenter size-full\"><img loading=\"lazy\" decoding=\"async\" width=\"720\" height=\"540\" src=\"https:\/\/taizyagromachine.com\/wp-content\/uploads\/2022\/06\/broad-bean-skin-remover-structure.jpg\" alt=\"structure pour enlever la peau des f\u00e8ves\" class=\"wp-image-3052\"\/><figcaption class=\"wp-element-caption\">structure pour enlever la peau des f\u00e8ves<\/figcaption><\/figure> <\/div>   <h3 class=\"wp-block-heading\" id=\"h-what-are-parameters-of-fava-beans-peeler\"><strong>Quels sont les param\u00e8tres de l\u2019\u00e9plucheur de f\u00e8ves Vicia ?<\/strong><\/h3>    <figure class=\"wp-block-table\"><table><tbody><tr><td>Mod\u00e8le<\/td><td>ZX-CD<\/td><\/tr><tr><td>Taille<\/td><td>1000*1150*1400mm<\/td><\/tr><tr><td>Pouvoir<\/td><td>5 kW<\/td><\/tr><tr><td>Capacit\u00e9<\/td><td>200 KG\/H<\/td><\/tr><tr><td>Poids<\/td><td>400<\/td><\/tr><\/tbody><\/table><figcaption class=\"wp-element-caption\">Sp\u00e9cifications de la machine \u00e0 \u00e9plucher les f\u00e8ves<\/figcaption><\/figure>    <h2 class=\"wp-block-heading\" id=\"h-hightlights-of-bean-peeling-machine\"><strong>Points forts de la machine \u00e0 \u00e9plucher les haricots industriels<\/strong><\/h2>    <ul class=\"wp-block-list\"> <li>Avec deux fonctions de pelage et de s\u00e9paration, un taux de pelage \u00e9lev\u00e9, une qualit\u00e9 disponible et un fonctionnement pratique.<\/li>    <li>Il s'agit d'une machine \u00e0 \u00e9plucher les haricots de type combin\u00e9 avec une petite puissance, une petite surface, une automatisation \u00e9lev\u00e9e et une bonne qualit\u00e9 de produits finis.<\/li>    <li><strong>Champ d'application<\/strong>: soja, f\u00e8ve, haricot soldat, ni\u00e9b\u00e9, haricot mungo, haricot noir, haricot rouge et autres types de transformation de haricots.<\/li>    <li><strong>Rendement du produit<\/strong>: il peut \u00eatre r\u00e9gul\u00e9 selon les exigences du client.<\/li>    <li><strong>Index des produits finis<\/strong>: A. Teneur en sable\u00a0: &lt;0,02%\u00a0; B. Teneur en m\u00e9tal magn\u00e9tique\u00a0: &lt;0,003\/kg\u00a0; C. Humidit\u00e9\u00a0: type de stockage &lt;15%\u00a0; D. Apparence et go\u00fbt\u00a0: bonne couleur, bon effet de pelage, noyau de haricot brillant et lisse, saveur de haricot tr\u00e8s positive.<\/li> <\/ul>   <div class=\"wp-block-image\"> <figure class=\"aligncenter size-full\"><img loading=\"lazy\" decoding=\"async\" width=\"720\" height=\"540\" src=\"https:\/\/taizyagromachine.com\/wp-content\/uploads\/2022\/06\/wide-applications-of-bean-peeling-machine.jpg\" alt=\"applications larges de la machine \u00e0 \u00e9plucher les haricots\" class=\"wp-image-3084\"\/><figcaption class=\"wp-element-caption\">applications larges de la machine \u00e0 \u00e9plucher les haricots<\/figcaption><\/figure> <\/div>   <h2 class=\"wp-block-heading\"><strong>Taizy\u00a0: fabricant et fournisseur professionnel de machines \u00e0 \u00e9plucher et \u00e0 fendre les haricots<\/strong><\/h2>    <p class=\"translation-block\">En tant que producteur et fournisseur d\u2019\u00e9quipements agricoles complets, nous disposons de nombreuses machines agricoles, comme la balleuse de silage, <a href=\"https:\/\/taizyagromachine.com\/fr\/product\/maize-grits-milling-machine\/\">machine \u00e0 gruaux de ma\u00efs<\/a>, pressoire pour riz et bl\u00e9, etc. Les avantages suivants sont absolument attractifs pour vous :<\/p>    <ul class=\"wp-block-list\"> <li><strong>Prix \u200b\u200b\u200b\u200bdes machines comp\u00e9titif<\/strong>: \u00c9tant \u00e0 la fois fabricant et fournisseur, nous pouvons garantir la qualit\u00e9 de la machine tandis que le prix est plus comp\u00e9titif que les prix des autres fournisseurs.<\/li>    <li><strong>Personnalisation<\/strong>: Pour vos diff\u00e9rents besoins, nous proposons des services de personnalisation personnalis\u00e9s pour personnaliser la machine en fonction de vos besoins sp\u00e9cifiques. <\/li>    <li><strong>Service apr\u00e8s-vente<\/strong>: Une solide \u00e9quipe de service apr\u00e8s-vente est en attente 24 heures sur 24 pour vous fournir un service \u00e0 guichet unique tel que l'installation et la mise en service, la formation au fonctionnement, la maintenance, etc.<\/li> <\/ul>    <h2 class=\"wp-block-heading\"><strong>D\u00e9marrez votre entreprise de transformation de haricots maintenant\u00a0!<\/strong><\/h2>    <p class=\"translation-block\">Si vous souhaitez lancer d\u00e8s maintenant votre activit\u00e9 de <a href=\"https:\/\/en.wikipedia.org\/wiki\/Bean\" target=\"_blank\" rel=\"noopener\">pelage des haricots<\/a>, contactez-nous imm\u00e9diatement ! <\/p>    <p>Indiquez vos besoins sp\u00e9cifiques, tels que le type d'\u00e9quipement requis, les exigences de capacit\u00e9, la configuration attendue et d'autres besoins particuliers et autres informations. Notre \u00e9quipe commerciale r\u00e9pondra rapidement \u00e0 votre demande et vous fournira un devis pr\u00e9cis et d\u00e9taill\u00e9, dans l\u2019attente de travailler avec vous pour cr\u00e9er une situation gagnant-gagnant.<\/p>","protected":false},"excerpt":{"rendered":"<p>La machine \u00e0 \u00e9plucher les haricots a des fonctions d'\u00e9pluchage et de fractionnement de divers haricots, comme le soja, les lentilles, les pois \u00e0 yeux noirs, les pois, les f\u00e8ves, etc. Nous pr\u00e9sentons des informations sur trois types de machines \u00e0 \u00e9plucher le soja, y compris les param\u00e8tres et les avantages de notre entreprise pour vous aider. tu ferais mieux de d\u00e9marrer ton entreprise d'\u00e9pluchage de soja.<\/p>","protected":false},"author":1,"featured_media":3043,"parent":0,"template":"","tags":[185,181,177,178,184,182,179,180],"product-type":[22],"class_list":["post-3038","product","type-product","status-publish","has-post-thumbnail","hentry","tag-bean-peeler","tag-bean-peeling-equipment","tag-bean-peeling-machine","tag-beans","tag-broad-bean-peeling-machine","tag-lentil-peeling-machine","tag-soybean-peeling-machine","tag-soybean-skin-removing-machine","product-type-others"],"_links":{"self":[{"href":"https:\/\/taizyagromachine.com\/fr\/wp-json\/wp\/v2\/product\/3038","targetHints":{"allow":["GET"]}}],"collection":[{"href":"https:\/\/taizyagromachine.com\/fr\/wp-json\/wp\/v2\/product"}],"about":[{"href":"https:\/\/taizyagromachine.com\/fr\/wp-json\/wp\/v2\/types\/product"}],"author":[{"embeddable":true,"href":"https:\/\/taizyagromachine.com\/fr\/wp-json\/wp\/v2\/users\/1"}],"wp:featuredmedia":[{"embeddable":true,"href":"https:\/\/taizyagromachine.com\/fr\/wp-json\/wp\/v2\/media\/3043"}],"wp:attachment":[{"href":"https:\/\/taizyagromachine.com\/fr\/wp-json\/wp\/v2\/media?parent=3038"}],"wp:term":[{"taxonomy":"post_tag","embeddable":true,"href":"https:\/\/taizyagromachine.com\/fr\/wp-json\/wp\/v2\/tags?post=3038"},{"taxonomy":"product-type","embeddable":true,"href":"https:\/\/taizyagromachine.com\/fr\/wp-json\/wp\/v2\/product-type?post=3038"}],"curies":[{"name":"wp","href":"https:\/\/api.w.org\/{rel}","templated":true}]}}