{"id":3216,"date":"2022-06-24T07:39:12","date_gmt":"2022-06-24T07:39:12","guid":{"rendered":"https:\/\/taizyagromachine.com\/?post_type=product&#038;p=3216"},"modified":"2025-01-02T13:51:50","modified_gmt":"2025-01-02T05:51:50","slug":"disk-mill-machine","status":"publish","type":"product","link":"https:\/\/taizyagromachine.com\/fr\/product\/disk-mill-machine\/","title":{"rendered":"Machine de broyeur \u00e0 disques | Broyeur de ma\u00efs | Fraiseuse \u00e0 ma\u00efs"},"content":{"rendered":"<p class=\"translation-block\">Cette s\u00e9rie de machines \u00e0 meuler les disques sert \u00e0 moudre et r\u00e9duire en poudre diverses mati\u00e8res s\u00e8ches \u00e0 des fins d\u2019utilisations vari\u00e9es. Cette <a href=\"https:\/\/cornmachines.com\/disk-mill-machine\/\" target=\"_blank\" rel=\"noreferrer noopener\">meule de ma\u00efs<\/a> peut utiliser un moteur diesel, un moteur \u00e9lectrique et un moteur \u00e0 essence. L\u2019int\u00e9rieur du concasseur est une cuve de broyage de type plateau tournant. La machine \u00e0 disque est \u00e9quip\u00e9e de dents plates longues et courtes. La finesse des mat\u00e9riaux broy\u00e9s atteint l\u2019amidon. <\/p>    <p>En outre, la fraiseuse \u00e0 disques peut avoir deux entr\u00e9es. Lorsque vous utilisez ce type de fraiseuse \u00e0 ma\u00efs, vous pouvez choisir celle que vous pr\u00e9f\u00e9rez. De plus, la rectifieuse de ma\u00efs peut \u00eatre \u00e9quip\u00e9e du cyclone, qui est un dispositif de d\u00e9poussi\u00e9rage. C\u2019est bon pour les utilisateurs, pour prot\u00e9ger leur sant\u00e9. Nos machines sont de bonne qualit\u00e9, de performances stables et rentables. Ainsi, il est tr\u00e8s populaire au pays et \u00e0 l\u2019\u00e9tranger en raison de sa grande praticabilit\u00e9.<\/p>    <h2 class=\"wp-block-heading\" id=\"h-why-use-the-disk-mill\"><strong>Pourquoi utiliser le broyeur \u00e0 disques ?<\/strong><\/h2>    <p>Le ma\u00efs est la culture la plus cultiv\u00e9e au monde. Il existe donc de nombreuses zones o\u00f9 il y a des cors. Et le ma\u00efs est \u00e9galement tr\u00e8s polyvalent. Avec ce broyeur \u00e0 disques, divers grains ou \u00e9pices sont moulus et la poudre obtenue est pr\u00eate pour l'\u00e9tape suivante. Dans le cas du ma\u00efs, par exemple, la poudre de ma\u00efs moulue peut \u00eatre utilis\u00e9e \u00e0 la fois comme mat\u00e9riau pr\u00e9s\u00e9lectionn\u00e9 pour l'\u00e9tape suivante de l'alimentation et comme aliment de base pour l'alimentation humaine. Le ma\u00efs lui-m\u00eame \u00e9tant une particule relativement grosse avant broyage, il ne peut pas \u00eatre utilis\u00e9 directement. Apr\u00e8s broyage, la ma\u00efzena peut \u00eatre utilis\u00e9e pour diverses activit\u00e9s.<\/p>    <figure class=\"wp-block-gallery aligncenter has-nested-images columns-default is-cropped wp-block-gallery-2 is-layout-flex wp-block-gallery-is-layout-flex\"> <figure class=\"wp-block-image size-large\"><img loading=\"lazy\" decoding=\"async\" width=\"720\" height=\"540\" data-id=\"3256\" src=\"https:\/\/taizyagromachine.com\/wp-content\/uploads\/2022\/06\/corn-grinder-machine-with-double-inlets.jpg\" alt=\"broyeur-de-mais-avec-double-entr\u00e9es\" class=\"wp-image-3256\"\/><figcaption class=\"wp-element-caption\">broyeur de ma\u00efs \u00e0 double entr\u00e9e<\/figcaption><\/figure>    <figure class=\"wp-block-image size-large\"><img loading=\"lazy\" decoding=\"async\" width=\"720\" height=\"540\" data-id=\"3255\" src=\"https:\/\/taizyagromachine.com\/wp-content\/uploads\/2022\/06\/corn-milling-machine.jpg\" alt=\"fraiseuse \u00e0 ma\u00efs\" class=\"wp-image-3255\"\/><figcaption class=\"wp-element-caption\">fraiseuse \u00e0 ma\u00efs<\/figcaption><\/figure> <\/figure>    <h2 class=\"wp-block-heading\"><strong>Qui est int\u00e9ress\u00e9 par cette machine de broyage de disques\u00a0?<\/strong><\/h2>    <p>Cette machine de broyeur \u00e0 disques est principalement adapt\u00e9e aux usines chimiques de taille moyenne, aux usines pharmaceutiques, aux usines de glutamate monosodique, aux usines d'aliments pour animaux, aux usines de poudre de gypse, aux usines de calcium-m\u00e9tal, aux usines de papier, aux usines de soja, aux usines de poudre d'ar\u00eates de poisson et \u00e0 d'autres industries. <\/p>    <p>Ce produit pr\u00e9sente les avantages d'un rendement \u00e9lev\u00e9, de moins d'\u00e9lectricit\u00e9, d'un travail fluide, d'un chargement et d'un d\u00e9chargement faciles, etc. Ce produit peut \u00e9galement \u00eatre \u00e9quip\u00e9 d'un dispositif auto-amor\u00e7ant, d'un ventilateur et d'un d\u00e9chargeur, ce qui r\u00e9duit consid\u00e9rablement l'intensit\u00e9 du travail de l'op\u00e9rateur. . De plus, les deux entr\u00e9es sont disponibles. <\/p>    <h2 class=\"wp-block-heading\"><strong>Quels mat\u00e9riaux peuvent \u00eatre frais\u00e9s\u00a0?<\/strong><\/h2>    <p>Le broyeur est adapt\u00e9 aux mat\u00e9riaux secs et particuliers. Il est appropri\u00e9 de moudre du ma\u00efs, du soja, du sorgho, des arachides s\u00e9ch\u00e9es, des galettes de haricots et d\u2019autres c\u00e9r\u00e9ales diverses. <\/p>    <p class=\"translation-block\">Ce type de machine \u00e0 disque mill est \u00e9galement utilis\u00e9 pour le poivre, les \u00e9pices, etc. Si vous avez des doutes, n\u2019h\u00e9sitez pas \u00e0 <a href=\"https:\/\/taizyagromachine.com\/fr\/contact\/\" target=\"_blank\" rel=\"noreferrer noopener\">nous contacter<\/a> pour plus de classifications\u00a0\uff01<\/p>    <h2 class=\"wp-block-heading\"><strong>Composition du Broyeur de Ma\u00efs<\/strong><\/h2>    <p>En fait, la machine \u00e0 broyer les disques a une structure tr\u00e8s simple. De la construction interne, c\u2019est facile \u00e0 comprendre. Il dispose d'une entr\u00e9e, d'une sortie, d'une chambre de travail et d'une puissance de support. Donc c\u2019est tr\u00e8s simple. En prenant la machine avec un cyclone comme exemple, la structure est pr\u00e9sent\u00e9e ci-dessous. Vous pouvez choisir celui que vous aimez parmi les diff\u00e9rents types.<\/p>   <div class=\"wp-block-image\"> <figure class=\"aligncenter size-full\"><img loading=\"lazy\" decoding=\"async\" width=\"720\" height=\"540\" src=\"https:\/\/taizyagromachine.com\/wp-content\/uploads\/2022\/06\/disk-mill-machine-structure.jpg\" alt=\"structure de machine de broyeur \u00e0 disques\" class=\"wp-image-3253\"\/><figcaption class=\"wp-element-caption\">structure de machine de broyeur \u00e0 disques<\/figcaption><\/figure> <\/div>   <h2 class=\"wp-block-heading\"><strong>Principe de fonctionnement de la machine de broyage \u00e0 disques<\/strong><\/h2>    <p>C'est un pulv\u00e9risateur multifonctionnel. Sa structure interne est constitu\u00e9e de dents, de chenilles et d'\u00e9cran. La chenille \u00e0 dents peut broyer la mati\u00e8re premi\u00e8re en poudre et le tamis d\u00e9termine la finesse de la poudre. <\/p>    <p>L'\u00e9cran a 0,2 mm-8 mm. D'une mani\u00e8re g\u00e9n\u00e9rale, si vous souhaitez broyer certains mat\u00e9riaux en 1 mm, ce type de broyeur \u00e0 disques est recommand\u00e9.<\/p>    <figure class=\"wp-block-gallery aligncenter has-nested-images columns-default is-cropped wp-block-gallery-3 is-layout-flex wp-block-gallery-is-layout-flex\"> <figure class=\"wp-block-image size-large\"><img loading=\"lazy\" decoding=\"async\" width=\"720\" height=\"540\" data-id=\"3254\" src=\"https:\/\/taizyagromachine.com\/wp-content\/uploads\/2022\/06\/internal-structure-tooth-claw.jpg\" alt=\"structure interne-griffe dentaire\" class=\"wp-image-3254\"\/><figcaption class=\"wp-element-caption\">structure interne-griffe dentaire<\/figcaption><\/figure>    <figure class=\"wp-block-image size-large\"><img loading=\"lazy\" decoding=\"async\" width=\"720\" height=\"540\" data-id=\"3252\" src=\"https:\/\/taizyagromachine.com\/wp-content\/uploads\/2022\/06\/disk-mill-machine-screens.jpg\" alt=\"\u00e9crans de machine de broyeur \u00e0 disques\" class=\"wp-image-3252\"\/><figcaption class=\"wp-element-caption\">\u00e9crans de machine de broyeur \u00e0 disques<\/figcaption><\/figure> <\/figure>    <h2 class=\"wp-block-heading\"><strong>Projecteurs de la machine \u00e0 broyer le ma\u00efs<\/strong><\/h2>    <ol class=\"wp-block-list\"> <li>Structure compacte, belle apparence, petite taille, utilisation l\u00e9g\u00e8re et fiable, entretien facile.<\/li>    <li>Une large gamme d'applications, un rendement de concassage \u00e9lev\u00e9 et de bonnes \u00e9conomies d'\u00e9nergie peuvent bien r\u00e9pondre aux besoins des clients.<\/li>    <li>Broyage d'une vari\u00e9t\u00e9 de mati\u00e8res chimiques, de p\u00e2te \u00e0 papier, de traitement des plantes m\u00e9dicinales, de poudre de gypse, de poivre et d'\u00e9pices.<\/li>    <li>Installez le d\u00e9poussi\u00e9reur, le dispositif absorbant la poussi\u00e8re, pas de pollution par la poussi\u00e8re, faible bruit.<\/li>    <li>Une vari\u00e9t\u00e9 de types, il y a plus de types parmi lesquels choisir, il y en a toujours un qui vous convient.<\/li>    <li>La structure de la machine est rationnelle, durable, s\u00fbre et fiable, facile \u00e0 installer, fonctionnement pratique, petit effet anti-vibration.<\/li> <\/ol>    <h2 class=\"wp-block-heading\"><strong>Param\u00e8tres de la fraiseuse \u00e0 ma\u00efs<\/strong><\/h2>    <p>\u00c0 partir des informations ci-dessous, il est facile de comprendre qu\u2019il existe des broyeurs \u00e0 disques variables. Diff\u00e9rents types ont des configurations et des capacit\u00e9s diff\u00e9rentes, ainsi que des prix diff\u00e9rents. Lorsque vous souhaitez acheter ce type de rectifieuse, vous pouvez indiquer vos besoins, la configuration de la machine, la capacit\u00e9 de la machine, etc. Et notre directeur commercial vous fournira ensuite la meilleure solution pour faciliter votre activit\u00e9. <\/p>   <div class=\"wp-block-image\"> <figure class=\"aligncenter size-large\"><img loading=\"lazy\" decoding=\"async\" width=\"720\" height=\"540\" src=\"https:\/\/taizyagromachine.com\/wp-content\/uploads\/2022\/06\/disk-mill-parameters-1.jpg\" alt=\"\" class=\"wp-image-3228\"\/><\/figure> <\/div>  <div class=\"wp-block-image\"> <figure class=\"aligncenter size-full\"><img loading=\"lazy\" decoding=\"async\" width=\"720\" height=\"540\" src=\"https:\/\/taizyagromachine.com\/wp-content\/uploads\/2022\/06\/disk-mill-parameters-2.jpg\" alt=\"\" class=\"wp-image-3225\"\/><\/figure> <\/div>  <div class=\"wp-block-image\"> <figure class=\"aligncenter size-full\"><img loading=\"lazy\" decoding=\"async\" width=\"720\" height=\"540\" src=\"https:\/\/taizyagromachine.com\/wp-content\/uploads\/2022\/06\/disk-mill-parameters-3.jpg\" alt=\"\" class=\"wp-image-3226\"\/><\/figure> <\/div>  <div class=\"wp-block-image\"> <figure class=\"aligncenter size-large\"><img loading=\"lazy\" decoding=\"async\" width=\"720\" height=\"540\" src=\"https:\/\/taizyagromachine.com\/wp-content\/uploads\/2022\/06\/disk-mill-parameters-4.jpg\" alt=\"\" class=\"wp-image-3224\"\/><\/figure> <\/div>  <div class=\"wp-block-image\"> <figure class=\"aligncenter size-large\"><img loading=\"lazy\" decoding=\"async\" width=\"720\" height=\"540\" src=\"https:\/\/taizyagromachine.com\/wp-content\/uploads\/2022\/06\/disk-mill-parameters-5.jpg\" alt=\"\" class=\"wp-image-3223\"\/><\/figure> <\/div>  <div class=\"wp-block-image\"> <figure class=\"aligncenter size-full\"><img loading=\"lazy\" decoding=\"async\" width=\"720\" height=\"200\" src=\"https:\/\/taizyagromachine.com\/wp-content\/uploads\/2022\/06\/disk-mill-parameters-6.jpg\" alt=\"param\u00e8tres-de-moulin-\u00e0-disque-6\" class=\"wp-image-3227\"\/><figcaption class=\"wp-element-caption\">param\u00e8tres du broyeur de ma\u00efs<\/figcaption><\/figure> <\/div>   <h2 class=\"wp-block-heading\" id=\"h-how-does-the-disk-mill-machine-grind-corns\"><strong>Comment la machine \u00e0 broyeur \u00e0 disques broie-t-elle les cors\u00a0?<\/strong><\/h2>    <figure class=\"wp-block-embed aligncenter is-type-video is-provider-youtube wp-block-embed-youtube wp-embed-aspect-16-9 wp-has-aspect-ratio\"><div class=\"wp-block-embed__wrapper\"> <iframe loading=\"lazy\" title=\"Machine commerciale de moulin \u00e0 ma\u00efs | Machine de broyeur \u00e0 disques | Machine de concassage de ma\u00efs | Broyeur de ma\u00efs #grinding\" width=\"500\" height=\"281\" src=\"https:\/\/www.youtube.com\/embed\/GRTjkVrY2m8?feature=oembed\" frameborder=\"0\" allow=\"accelerometer; autoplay; clipboard-write; encrypted-media; gyroscope; picture-in-picture; web-share\" referrerpolicy=\"strict-origin-when-cross-origin\" allowfullscreen><\/iframe> <\/div><\/figure>    <h2 class=\"wp-block-heading\"><strong>FAQ<\/strong><\/h2>    <div class=\"schema-faq wp-block-yoast-faq-block\"><div class=\"schema-faq-section\" id=\"faq-question-1656063952280\"><strong class=\"schema-faq-question\">Q\u00a0: Qu'en est-il de la capacit\u00e9 de cette fraiseuse \u00e0 disques\u00a0&gt;<\/strong> <p class=\"schema-faq-answer\">R : La capacit\u00e9 varie de 50 \u00e0 2 000 kg\/h. Si vous \u00eates int\u00e9ress\u00e9, veuillez nous contacter pour plus de d\u00e9tails.<\/p> <\/div> <div class=\"schema-faq-section\" id=\"faq-question-1656063971666\"><strong class=\"schema-faq-question\">Q : Quels types de mat\u00e9riaux peuvent \u00eatre frais\u00e9s ?<\/strong> <p class=\"schema-faq-answer\">R : C\u00e9r\u00e9ales, ma\u00efs, poivre, \u00e9pices, etc. Tous les mat\u00e9riaux secs et particuliers sont applicables.<\/p> <\/div> <div class=\"schema-faq-section\" id=\"faq-question-1656063982772\"><strong class=\"schema-faq-question\">Q\u00a0:\u00a0Quelle quantit\u00e9 de finesse puis-je obtenir\u00a0?<\/strong> <p class=\"schema-faq-answer\">R : G\u00e9n\u00e9ralement, nous avons un \u00e9cran de 0,2 mm \u00e0 8 mm. Bien entendu, si vous en souhaitez d'autres, comme 1cm, nous pouvons \u00e9galement vous satisfaire. Cela d\u00e9pend de toi.<\/p> <\/div> <\/div>","protected":false},"excerpt":{"rendered":"<p>This series of disk mill machines function to grind and mill various dry materials into powder for the purpose of various usages. This corn grinder can use a diesel engine, electric motor, and gasoline engine. The inside of the crusher is a rotary table-type crushing bin. The disk mill machine is equipped with long and [&hellip;]<\/p>\n","protected":false},"author":1,"featured_media":3250,"parent":0,"template":"","tags":[134,130,132,133,131,187,129,186],"product-type":[17],"class_list":["post-3216","product","type-product","status-publish","has-post-thumbnail","hentry","tag-corn-crusher","tag-corn-grinder","tag-corn-grinder-machine","tag-corn-grinding-machine","tag-corn-milling-machine","tag-disk-mill","tag-disk-mill-machine","tag-grinding-machine","product-type-corn-machine"],"_links":{"self":[{"href":"https:\/\/taizyagromachine.com\/fr\/wp-json\/wp\/v2\/product\/3216","targetHints":{"allow":["GET"]}}],"collection":[{"href":"https:\/\/taizyagromachine.com\/fr\/wp-json\/wp\/v2\/product"}],"about":[{"href":"https:\/\/taizyagromachine.com\/fr\/wp-json\/wp\/v2\/types\/product"}],"author":[{"embeddable":true,"href":"https:\/\/taizyagromachine.com\/fr\/wp-json\/wp\/v2\/users\/1"}],"wp:featuredmedia":[{"embeddable":true,"href":"https:\/\/taizyagromachine.com\/fr\/wp-json\/wp\/v2\/media\/3250"}],"wp:attachment":[{"href":"https:\/\/taizyagromachine.com\/fr\/wp-json\/wp\/v2\/media?parent=3216"}],"wp:term":[{"taxonomy":"post_tag","embeddable":true,"href":"https:\/\/taizyagromachine.com\/fr\/wp-json\/wp\/v2\/tags?post=3216"},{"taxonomy":"product-type","embeddable":true,"href":"https:\/\/taizyagromachine.com\/fr\/wp-json\/wp\/v2\/product-type?post=3216"}],"curies":[{"name":"wp","href":"https:\/\/api.w.org\/{rel}","templated":true}]}}