{"id":3340,"date":"2022-09-13T03:47:17","date_gmt":"2022-09-13T03:47:17","guid":{"rendered":"https:\/\/taizyagromachine.com\/?post_type=product&#038;p=3340"},"modified":"2025-04-10T17:46:16","modified_gmt":"2025-04-10T09:46:16","slug":"9fq-hammer-mill-grinder","status":"publish","type":"product","link":"https:\/\/taizyagromachine.com\/fr\/product\/9fq-hammer-mill-grinder\/","title":{"rendered":"Broyeur \u00e0 marteaux 9FQ pour le ma\u00efs, le ma\u00efs, les c\u00e9r\u00e9ales et le broyage des aliments pour animaux"},"content":{"rendered":"<p class=\"translation-block\">Ce <strong>broyeur \u00e0 marteaux<\/strong> est un concasseur multifonctionnel, pourvu que les mat\u00e9riaux secs, tels que le ma\u00efs, le soja, les plants d'arachide, la paille s\u00e8che, etc. La production de la machine varie de 100 kg par heure \u00e0 3 tonnes par heure, avec une large gamme de capacit\u00e9 et d'adaptabilit\u00e9. <\/p>    <p>De plus, ce broyeur \u00e0 marteaux 9FQ peut utiliser \u00e0 la fois la puissance d'un moteur \u00e9lectrique et d'un moteur diesel. Alors, si cette machine vous int\u00e9resse, n'h\u00e9sitez pas \u00e0 nous contacter\u00a0!<\/p>    <figure class=\"wp-block-embed is-type-video is-provider-youtube wp-block-embed-youtube wp-embed-aspect-16-9 wp-has-aspect-ratio\"><div class=\"wp-block-embed__wrapper\"> <iframe loading=\"lazy\" title=\"Broyeur \u00e0 marteaux 9FQ | Broyeur\/fraiseuse de ma\u00efs | Broyeur de grains de ma\u00efs #grinder\" width=\"500\" height=\"281\" src=\"https:\/\/www.youtube.com\/embed\/dN4giu5-BQk?feature=oembed\" frameborder=\"0\" allow=\"accelerometer; autoplay; clipboard-write; encrypted-media; gyroscope; picture-in-picture; web-share\" referrerpolicy=\"strict-origin-when-cross-origin\" allowfullscreen><\/iframe> <\/div><figcaption class=\"wp-element-caption\">vid\u00e9o de travail du broyeur \u00e0 marteaux<\/figcaption><\/figure>    <h2 class=\"wp-block-heading\" id=\"h-hot-sale-9fq-hammer-mill-grinder\"><strong>Broyeur \u00e0 marteaux 9FQ, offre sp\u00e9ciale<\/strong><\/h2>    <p>Le broyeur \u00e0 marteaux Taizy \u00e0 vendre contient une vari\u00e9t\u00e9 de types et varie en taille de sortie. Les mod\u00e8les d\u00e9taill\u00e9s sont r\u00e9pertori\u00e9s ci-dessous pour votre r\u00e9f\u00e9rence\u00a0: <\/p>    <div class=\"wp-block-media-text alignwide is-stacked-on-mobile\"><figure class=\"wp-block-media-text__media\"><img loading=\"lazy\" decoding=\"async\" width=\"720\" height=\"540\" src=\"https:\/\/taizyagromachine.com\/wp-content\/uploads\/2022\/09\/hammer-mill-for-sale-9FQ-320.webp\" alt=\"broyeur \u00e0 marteaux \u00e0 vendre-9FQ-320\" class=\"wp-image-3347 size-full\"\/><\/figure><div class=\"wp-block-media-text__content\"> <p class=\"translation-block\"><strong>Broyeur \u00e0 marteaux \u00e0 vendre - 9FQ-320<\/strong><\/p>    <p>Ce type de broyeur de ma\u00efs a une capacit\u00e9 de 100 kg par heure, et le moteur \u00e9lectrique et le moteur diesel sont tous deux disponibles. <\/p>    <p>Si vous souhaitez ce mod\u00e8le, vous devez le commander en gros, car nous produisons celui-ci uniquement en masse.<\/p> <\/div><\/div>    <div class=\"wp-block-media-text alignwide has-media-on-the-right is-stacked-on-mobile\"><div class=\"wp-block-media-text__content\"> <p class=\"translation-block\"><strong>Machine broyeur \u00e0 marteaux - 9FQ-360<\/strong><\/p>    <p>La fraiseuse \u00e0 farine de ma\u00efs 9FQ-360 est tr\u00e8s populaire sur le march\u00e9 international, elle peut \u00e9craser le ma\u00efs, les pailles et autres en poudre fine, comme repas ou comme aliment pour animaux. Il a une capacit\u00e9 de 150 kg par heure.<\/p> <\/div><figure class=\"wp-block-media-text__media\"><img loading=\"lazy\" decoding=\"async\" width=\"750\" height=\"750\" src=\"https:\/\/taizyagromachine.com\/wp-content\/uploads\/2022\/09\/hammer-mill-machine.webp\" alt=\"broyeur \u00e0 marteaux\" class=\"wp-image-3349 size-full\"\/><\/figure><\/div>    <div class=\"wp-block-media-text alignwide is-stacked-on-mobile\"><figure class=\"wp-block-media-text__media\"><img loading=\"lazy\" decoding=\"async\" width=\"720\" height=\"540\" src=\"https:\/\/taizyagromachine.com\/wp-content\/uploads\/2022\/09\/commercial-hammer-mill-crusher.webp\" alt=\"broyeur \u00e0 marteaux commercial\" class=\"wp-image-3352 size-full\"\/><\/figure><div class=\"wp-block-media-text__content\"> <p class=\"translation-block\"><strong>Concasseur broyeur \u00e0 marteaux commercial - 9FQ-420<\/strong><\/p>    <p>Le broyeur \u00e0 marteaux est dot\u00e9 d'un cyclone de 1 800 mm de haut. Bien entendu, le moteur diesel est \u00e9galement applicable. Il a une capacit\u00e9 de 400 kg par heure pour broyer les cors et de 200 kg\/h pour le broyer en poudre.<\/p> <\/div><\/div>    <div class=\"wp-block-media-text alignwide has-media-on-the-right is-stacked-on-mobile\"><div class=\"wp-block-media-text__content\"> <p class=\"translation-block\"><strong>Concasseur broyeur \u00e0 marteaux - 9FQ-500<\/strong><\/p>    <p>D'une mani\u00e8re g\u00e9n\u00e9rale, ce type de broyeur \u00e0 marteaux \u00e0 grains utilise toujours le moteur diesel, car son rendement est de 500 kg\/h. En outre, il utilise \u00e9galement le cadre et les pneus. Il est donc tr\u00e8s populaire dans la zone africaine.<\/p> <\/div><figure class=\"wp-block-media-text__media\"><img loading=\"lazy\" decoding=\"async\" width=\"720\" height=\"540\" src=\"https:\/\/taizyagromachine.com\/wp-content\/uploads\/2022\/09\/Hammer-mill-crusher.webp\" alt=\"Broyeur \u00e0 marteaux\" class=\"wp-image-3354 size-full\"\/><\/figure><\/div>    <div class=\"wp-block-media-text alignwide is-stacked-on-mobile\"><figure class=\"wp-block-media-text__media\"><img loading=\"lazy\" decoding=\"async\" width=\"720\" height=\"540\" src=\"https:\/\/taizyagromachine.com\/wp-content\/uploads\/2022\/09\/hammer-mill-feed-grinder.webp\" alt=\"broyeur d&#039;alimentation de broyeur \u00e0 marteaux\" class=\"wp-image-3356 size-full\"\/><\/figure><div class=\"wp-block-media-text__content\"> <p class=\"translation-block\"><strong>Broyeur d'aliments pour animaux \u00e0 marteaux - 9FQ-600<\/strong><\/p>    <p>Lors du choix de ce type de broyeur \u00e0 marteaux industriel, vous pouvez choisir un moteur diesel ou un moteur \u00e9lectrique. De plus, le cadre et les pneus sont \u00e9galement optionnels. Son rendement est de 1000kg\/h.<\/p> <\/div><\/div>    <div class=\"wp-block-media-text alignwide has-media-on-the-right is-stacked-on-mobile\"><div class=\"wp-block-media-text__content\"> <p class=\"translation-block\"><strong><a href=\"https:\/\/taizyagromachine.com\/fr\/product\/disk-mill-machine\/?swcfpc=1\" target=\"_blank\" rel=\"noreferrer noopener\">Broyeur de ma\u00efs<\/a> - 9FQ-750<\/strong><\/p>    <p>Sur la photo, nous pouvons voir que cette machine commerciale de broyage de ma\u00efs peut utiliser un moteur diesel. Il a une capacit\u00e9 de 1500 kg\/h.<\/p> <\/div><figure class=\"wp-block-media-text__media\"><img loading=\"lazy\" decoding=\"async\" width=\"720\" height=\"540\" src=\"https:\/\/taizyagromachine.com\/wp-content\/uploads\/2022\/09\/corn-grinder.webp\" alt=\"broyeur de ma\u00efs\" class=\"wp-image-3358 size-full\"\/><\/figure><\/div>    <div class=\"wp-block-media-text alignwide is-stacked-on-mobile\"><figure class=\"wp-block-media-text__media\"><img loading=\"lazy\" decoding=\"async\" width=\"720\" height=\"540\" src=\"https:\/\/taizyagromachine.com\/wp-content\/uploads\/2023\/12\/image.webp\" alt=\"broyeur \u00e0 marteaux pulv\u00e9risateur\" class=\"wp-image-6305 size-full\"\/><\/figure><div class=\"wp-block-media-text__content\"> <p class=\"translation-block\"><strong>Pulv\u00e9risateur \u00e0 marteaux - 9FQ-1000<\/strong><\/p>    <p>Le broyeur \u00e0 marteaux \u00e0 ma\u00efs 9FQ-1000 a un rendement important de 3 000 kg par heure. Il peut r\u00e9pondre \u00e0 votre production de masse.<\/p> <\/div><\/div>    <h2 class=\"wp-block-heading\"><strong>Param\u00e8tres techniques du broyeur \u00e0 marteaux multifonctionnel<\/strong><\/h2>    <figure class=\"wp-block-table\"><table><tbody><tr><td>Mod\u00e8le<\/td><td>Puissance\u00a0(kW)<\/td><td>Puissance (HP)<\/td><td>Poids (kg)<\/td><td>Capacit\u00e9 (kg\/h)<\/td><td>Marteau<\/td><td>Dia\u00a0du\u00a0tamis<\/td><td>Taille du paquet (mm)<\/td><td>&nbsp;Taille d'installation (mm) avec cyclone et moteur&nbsp;<\/td><\/tr><tr><\/tr><tr><td>9FQ-320<\/td><td>2.2<\/td><td>5<\/td><td>50<\/td><td>100<\/td><td>16 pi\u00e8ces<\/td><td>0,5-5 mm<\/td><td>500*300*600<\/td><td>500*300*600<\/td><\/tr><tr><td>9FQ-360<\/td><td>5.5<\/td><td>8<\/td><td>120<\/td><td>150<\/td><td>24 pi\u00e8ces<\/td><td>0,5-5 mm<\/td><td>1100*600*1200<\/td><td>1500*1000*1900<\/td><\/tr><tr><td>9FQ-420<\/td><td>11<\/td><td>15<\/td><td>200<\/td><td>300<\/td><td>24 pi\u00e8ces<\/td><td>1,2-3 mm<\/td><td>1200*800*1900<\/td><td>1500*1000*1900<\/td><\/tr><tr><td>9FQ-500<\/td><td>11<\/td><td>20<\/td><td>300<\/td><td>500<\/td><td>24 pi\u00e8ces<\/td><td>1,2-3 mm<\/td><td>1200*800*1300<\/td><td>1500*1000*1900<\/td><\/tr><tr><td>9FQ-600<\/td><td>18.5-22<\/td><td>30<\/td><td>500<\/td><td>1000<\/td><td>32 pi\u00e8ces<\/td><td>1,2-3 mm<\/td><td>1500*900*1500<\/td><td>2000*1100*2300<\/td><\/tr><tr><td>9FQ-750<\/td><td>22-30<\/td><td>35<\/td><td>850<\/td><td>1500<\/td><td>32 pi\u00e8ces<\/td><td>1,2-3 mm<\/td><td>1500*1000*1600<\/td><td>2000*1200*2300<\/td><\/tr><tr><td>9FQ-800<\/td><td>37<\/td><td>45<\/td><td>1000<\/td><td>2000<\/td><td>40 pi\u00e8ces<\/td><td>1,2-5 mm<\/td><td>1500*1200*1600<\/td><td>2000*1300*2300<\/td><\/tr><tr><td>9FQ-1000<\/td><td>45-55<\/td><td>75<\/td><td>1200<\/td><td>3000<\/td><td>64 pi\u00e8ces<\/td><td>1,2-5 mm<\/td><td>1500*1300*1800<\/td><td>2000*1400*2300<\/td><\/tr><\/tbody><\/table><figcaption class=\"wp-element-caption\">donn\u00e9es techniques du broyeur \u00e0 marteaux industriel<\/figcaption><\/figure>    <h2 class=\"wp-block-heading\"><strong>Applications du broyeur \u00e0 marteaux<\/strong><\/h2>    <p class=\"translation-block\">Gr\u00e2ce au broyeur \u00e0 marteaux multifonctionnel, cette machine peut broyer du <strong>bl\u00e9, des haricots, du ma\u00efs, de l'herbe s\u00e8che, des coques d'arachide, des tiges de ma\u00efs s\u00e8ches, des plants d'arachide, du bois, des \u00e9pices, du foin,<\/strong> des <strong>\u00e9pis de ma\u00efs, des aliments pour volailles,<\/strong> etc. Si vous souhaitez conna\u00eetre d'autres mat\u00e9riaux qui peuvent \u00eatre broy\u00e9s, n'h\u00e9sitez pas \u00e0 nous contacter imm\u00e9diatement ! <\/p>   <div class=\"wp-block-image\"> <figure class=\"aligncenter size-full\"><img loading=\"lazy\" decoding=\"async\" width=\"720\" height=\"540\" src=\"https:\/\/taizyagromachine.com\/wp-content\/uploads\/2022\/09\/applications-of-the-hammer-mill-grinder.webp\" alt=\"applications du broyeur \u00e0 marteaux\" class=\"wp-image-3360\"\/><figcaption class=\"wp-element-caption\">applications du broyeur \u00e0 marteaux<\/figcaption><\/figure> <\/div>   <h2 class=\"wp-block-heading\"><strong>Conception de la structure du broyeur \u00e0 marteaux \u00e9lectrique<\/strong><\/h2>    <p>Sa structure est tr\u00e8s simple. Le broyeur \u00e0 marteaux est compos\u00e9 d'une entr\u00e9e, d'une sortie, d'un cyclone \u00e0 tamis et d'un moteur moteur\/diesel. Pour la source d\u2019alimentation, vous pouvez choisir ce que vous voulez. <\/p>   <div class=\"wp-block-image\"> <figure class=\"aligncenter size-full\"><img loading=\"lazy\" decoding=\"async\" width=\"720\" height=\"540\" src=\"https:\/\/taizyagromachine.com\/wp-content\/uploads\/2022\/09\/electric-hammer-mill-structure.webp\" alt=\"structure de broyeur \u00e0 marteaux \u00e9lectrique\" class=\"wp-image-3367\"\/><figcaption class=\"wp-element-caption\">structure de broyeur \u00e0 marteaux \u00e9lectrique<\/figcaption><\/figure> <\/div>   <h2 class=\"wp-block-heading\" id=\"h-advanatges-of-the-hammer-mill-feed-grinder\"><strong>Avantages du broyeur d'alimentation pour broyeur \u00e0 marteaux<\/strong><\/h2>    <ul class=\"wp-block-list\"> <li>Structure simple, op\u00e9ration facile et performances stables.<\/li>    <li>Applications larges, car c'est la grande entr\u00e9e.<\/li>    <li>Grande capacit\u00e9, de 100kg par heure \u00e0 3t par heure.<\/li>    <li>Le marteau est la partie principale de la structure, diff\u00e9rentes capacit\u00e9s ont des marteaux diff\u00e9rents.<\/li>    <li>L'\u00e9cran : 1 mm-3 mm, 4 cm, 5 cm. Si vous souhaitez de nombreux broyeurs \u00e0 marteaux, nous pouvons personnaliser le tamis et le broyeur \u00e0 marteaux pour vous.<\/li> <\/ul>    <h2 class=\"wp-block-heading\" id=\"h-consumable-parts-of-the-hammer-mill-for-sale\"><strong>Pi\u00e8ces consommables du broyeur \u00e0 marteaux \u00e0 vendre<\/strong><\/h2>    <p>Pour le broyeur \u00e0 marteaux Taizy, il y a trois pi\u00e8ces d'usure, \u00e0 savoir les courroies, les tamis et les lames de marteau.<\/p>    <p>Si la courroie est l\u00e2che, vous pouvez d\u00e9placer le moteur, puis la resserrer.<\/p>    <p>Le tamis et le marteau s'usent naturellement au bout d'un an, nous pouvons les fournir gratuitement, mais vous (le client) devez payer les frais de transport.<\/p>    <h2 class=\"wp-block-heading\"><strong>Cas r\u00e9ussi d'un broyeur \u00e0 marteaux \u00e0 grains commercial<\/strong><\/h2>    <p class=\"translation-block\"><strong>Broyeur de ma\u00efs \u00e0 moteur diesel 9FQ-500 export\u00e9 au Nigeria<\/strong><\/p>    <p>Le client nig\u00e9rian travaillait sur un projet d'appel d'offres gouvernemental, principalement pour des besoins locaux. D\u00e8s la r\u00e9ception du projet, nous avons lu et \u00e9tudi\u00e9 attentivement les exigences de la machine. <\/p>    <p>Nous avons strictement suivi les exigences de l'appel d'offres pour fournir les informations pertinentes sur la machine, et chaque article r\u00e9pondait aux exigences. En cons\u00e9quence, le client nig\u00e9rian a achet\u00e9 la machine chez nous, Taizy.<\/p>   <div class=\"wp-block-image\"> <figure class=\"aligncenter size-full\"><img loading=\"lazy\" decoding=\"async\" width=\"720\" height=\"540\" src=\"https:\/\/taizyagromachine.com\/wp-content\/uploads\/2022\/09\/loading-diesel-engine-9FQ-500.webp\" alt=\"chargement du moteur diesel 9FQ-500\" class=\"wp-image-3371\"\/><figcaption class=\"wp-element-caption\">chargement du moteur diesel 9FQ-500<\/figcaption><\/figure> <\/div>   <p class=\"translation-block\"><strong>3 types de broyeurs \u00e0 marteaux vendus en Tha\u00eflande<\/strong><\/p>    <p>Taize Machinery a vendu avec succ\u00e8s trois mod\u00e8les de broyeurs \u00e0 marteaux de la s\u00e9rie 9FQ sur le march\u00e9 tha\u00eflandais, adapt\u00e9s \u00e0 diff\u00e9rentes tailles et applications. Tous nos broyeurs \u00e0 marteaux d'alimentation ont \u00e9t\u00e9 largement reconnus par les clients tha\u00eflandais pour leur haute efficacit\u00e9, leur durabilit\u00e9 et leur stabilit\u00e9.<\/p>    <figure class=\"wp-block-gallery aligncenter has-nested-images columns-default is-cropped wp-block-gallery-2 is-layout-flex wp-block-gallery-is-layout-flex\"> <figure class=\"wp-block-image size-large\"><img loading=\"lazy\" decoding=\"async\" width=\"720\" height=\"540\" data-id=\"6311\" src=\"https:\/\/taizyagromachine.com\/wp-content\/uploads\/2022\/09\/hammer-mill-crusher.webp\" alt=\"broyeur \u00e0 marteaux\" class=\"wp-image-6311\"\/><figcaption class=\"wp-element-caption\">broyeur \u00e0 marteaux<\/figcaption><\/figure>    <figure class=\"wp-block-image size-large\"><img loading=\"lazy\" decoding=\"async\" width=\"720\" height=\"540\" data-id=\"6310\" src=\"https:\/\/taizyagromachine.com\/wp-content\/uploads\/2022\/09\/hammer-mill-crusher-for-Thailand.webp\" alt=\"concasseur \u00e0 marteaux pour la Tha\u00eflande\" class=\"wp-image-6310\"\/><figcaption class=\"wp-element-caption\">concasseur \u00e0 marteaux pour la Tha\u00eflande<\/figcaption><\/figure> <\/figure>    <h2 class=\"wp-block-heading\" id=\"h-faq\"><strong>FAQ du broyeur \u00e0 marteaux industriel<\/strong><\/h2>   <div id=\"rank-math-faq\" class=\"rank-math-block\"> <div class=\"rank-math-list\"> <div id=\"faq-question-1667377290190\" class=\"rank-math-list-item\"> <h3 class=\"rank-math-question\"><strong>Q1\u00a0: Quelle puissance est disponible pour le broyeur \u00e0 marteaux 9FQ\u00a0?<\/strong><\/h3> <div class=\"rank-math-answer\">  <p>A1 : Moteur \u00e0 essence, moteur \u00e9lectrique et moteur diesel.<\/p>  <\/div> <\/div> <div id=\"faq-question-1667377295222\" class=\"rank-math-list-item\"> <h3 class=\"rank-math-question\"><strong>Q2 : Quelle est la capacit\u00e9 ?<\/strong><\/h3> <div class=\"rank-math-answer\">  <p>A2 : Sa capacit\u00e9 est tr\u00e8s grande, de 100kg\/h \u00e0 3t\/h.<\/p>  <\/div> <\/div> <div id=\"faq-question-1667377303614\" class=\"rank-math-list-item\"> <h3 class=\"rank-math-question\"><strong>Q3\u00a0:\u00a0Dans quelle mesure le mat\u00e9riau peut-il \u00eatre broy\u00e9\u00a0?<\/strong><\/h3> <div class=\"rank-math-answer\">  <p>A3\u00a0: Cela d\u00e9pend de l'\u00e9cran que vous choisissez et de la qualit\u00e9 dont vous avez besoin. L'\u00e9cran mesure 1 mm-3 cm, 4 cm et 5 cm. Si vous avez des demandes particuli\u00e8res, vous pouvez nous contacter pour plus de d\u00e9tails\u00a0!<\/p>  <\/div> <\/div> <\/div> <\/div>   <h2 class=\"wp-block-heading\"><strong>Contactez-nous pour conna\u00eetre le prix de la fraiseuse \u00e0 grains\u00a0!<\/strong><\/h2>    <p class=\"translation-block\">Pour des informations sur le prix des machines de broyage de <a href=\"https:\/\/en.wikipedia.org\/wiki\/Grain\" target=\"_blank\" rel=\"noopener\">grains<\/a>, contactez-nous d\u00e8s maintenant ! Nous fournissons toutes sortes d'\u00e9quipements de traitement de grains de haute qualit\u00e9, et notre \u00e9quipe professionnelle vous fournira un devis d\u00e9taill\u00e9 en fonction de vos besoins, ainsi que des services complets de pr\u00e9sentation de produits et de conseil \u00e0 l'achat.<\/p>    <figure class=\"wp-block-embed is-type-video is-provider-youtube wp-block-embed-youtube wp-embed-aspect-16-9 wp-has-aspect-ratio\"><div class=\"wp-block-embed__wrapper\"> <iframe loading=\"lazy\" title=\"Mau\u00e7onneuse de ma\u00efs 9FQ: broyage de ma\u00efs efficace pour la fabrication de farine de ma\u00efs facile | Moulin \u00e0 broyeur de ma\u00efs\" width=\"500\" height=\"281\" src=\"https:\/\/www.youtube.com\/embed\/g81m6gqrChs?feature=oembed\" frameborder=\"0\" allow=\"accelerometer; autoplay; clipboard-write; encrypted-media; gyroscope; picture-in-picture; web-share\" referrerpolicy=\"strict-origin-when-cross-origin\" allowfullscreen><\/iframe> <\/div><figcaption class=\"wp-element-caption\">Vid\u00e9o du moulin \u00e0 broyage de ma\u00efs<\/figcaption><\/figure>","protected":false},"excerpt":{"rendered":"<p>Le broyeur \u00e0 marteaux broie des mati\u00e8res s\u00e8ches, telles que le ma\u00efs, le soja, les plants d'arachide, la paille s\u00e8che, etc., avec une capacit\u00e9 de 100 kg \u00e0 3 000 kg par heure. Dans cet article, nous d\u00e9crivons principalement les mod\u00e8les de broyeurs \u00e0 marteaux pour votre r\u00e9f\u00e9rence lors du choix.<\/p>","protected":false},"author":1,"featured_media":3362,"parent":0,"template":"","tags":[189,131,190],"product-type":[17],"class_list":["post-3340","product","type-product","status-publish","has-post-thumbnail","hentry","tag-corn-grits-making-machine","tag-corn-milling-machine","tag-maize-grits-milling-machine","product-type-corn-machine"],"_links":{"self":[{"href":"https:\/\/taizyagromachine.com\/fr\/wp-json\/wp\/v2\/product\/3340","targetHints":{"allow":["GET"]}}],"collection":[{"href":"https:\/\/taizyagromachine.com\/fr\/wp-json\/wp\/v2\/product"}],"about":[{"href":"https:\/\/taizyagromachine.com\/fr\/wp-json\/wp\/v2\/types\/product"}],"author":[{"embeddable":true,"href":"https:\/\/taizyagromachine.com\/fr\/wp-json\/wp\/v2\/users\/1"}],"wp:featuredmedia":[{"embeddable":true,"href":"https:\/\/taizyagromachine.com\/fr\/wp-json\/wp\/v2\/media\/3362"}],"wp:attachment":[{"href":"https:\/\/taizyagromachine.com\/fr\/wp-json\/wp\/v2\/media?parent=3340"}],"wp:term":[{"taxonomy":"post_tag","embeddable":true,"href":"https:\/\/taizyagromachine.com\/fr\/wp-json\/wp\/v2\/tags?post=3340"},{"taxonomy":"product-type","embeddable":true,"href":"https:\/\/taizyagromachine.com\/fr\/wp-json\/wp\/v2\/product-type?post=3340"}],"curies":[{"name":"wp","href":"https:\/\/api.w.org\/{rel}","templated":true}]}}