{"id":3385,"date":"2022-09-15T07:13:10","date_gmt":"2022-09-15T07:13:10","guid":{"rendered":"https:\/\/taizyagromachine.com\/?post_type=product&#038;p=3385"},"modified":"2023-12-28T17:40:18","modified_gmt":"2023-12-28T09:40:18","slug":"fresh-corn-sheller","status":"publish","type":"product","link":"https:\/\/taizyagromachine.com\/fr\/product\/fresh-corn-sheller\/","title":{"rendered":"D\u00e9cortiqueur de ma\u00efs frais pour le battage du ma\u00efs sucr\u00e9"},"content":{"rendered":"<p class=\"translation-block\">La <strong>d\u00e9cortiqueuse de ma\u00efs frais<\/strong> Taizy est un \u00e9quipement de traitement du ma\u00efs utilis\u00e9 pour le battage du ma\u00efs glutineux, du ma\u00efs frais, du ma\u00efs sucr\u00e9, du ma\u00efs surgel\u00e9, etc. Cette d\u00e9cortiqueuse de ma\u00efs sucr\u00e9 est tr\u00e8s efficace et facile \u00e0 utiliser. Par cons\u00e9quent, cette machine est tr\u00e8s populaire au pays et \u00e0 l'\u00e9tranger, et est souvent export\u00e9e vers des pays \u00e9trangers. <\/p>    <p>Notre d\u00e9cortiqueuse de ma\u00efs frais est souvent export\u00e9e vers des pays comme le Maroc, la Tha\u00eflande et les \u00c9tats-Unis. Si vous \u00eates int\u00e9ress\u00e9 par cette machine, n'h\u00e9sitez pas \u00e0 nous contacter\u00a0!<\/p>    <figure class=\"wp-block-embed is-type-video is-provider-youtube wp-block-embed-youtube wp-embed-aspect-16-9 wp-has-aspect-ratio\"><div class=\"wp-block-embed__wrapper\"> <iframe loading=\"lazy\" title=\"Batteuse de ma\u00efs sucr\u00e9 2022 | Machine \u00e0 d\u00e9cortiquer le ma\u00efs frais \u00e0 usage commercial et domestique #sweetcorn\" width=\"500\" height=\"281\" src=\"https:\/\/www.youtube.com\/embed\/22IhEMWITb8?start=5&#038;feature=oembed\" frameborder=\"0\" allow=\"accelerometer; autoplay; clipboard-write; encrypted-media; gyroscope; picture-in-picture; web-share\" referrerpolicy=\"strict-origin-when-cross-origin\" allowfullscreen><\/iframe> <\/div><figcaption class=\"wp-element-caption\">vid\u00e9o de travail de la batteuse mazie de ma\u00efs sucr\u00e9<\/figcaption><\/figure>    <h2 class=\"wp-block-heading\"><strong>Types de machine \u00e0 d\u00e9cortiquer le ma\u00efs frais \u00e0 vendre<\/strong><\/h2>    <p> Pour la batteuse de ma\u00efs sucr\u00e9, nous avons deux types selon la disponibilit\u00e9 de la bande transporteuse : SL-268 et SL-368.<\/p>    <figure class=\"wp-block-gallery aligncenter has-nested-images columns-default is-cropped wp-block-gallery-2 is-layout-flex wp-block-gallery-is-layout-flex\"> <figure class=\"wp-block-image size-large\"><img loading=\"lazy\" decoding=\"async\" width=\"540\" height=\"720\" data-id=\"3395\" src=\"https:\/\/taizyagromachine.com\/wp-content\/uploads\/2022\/09\/SL-268-sweet-corn-sheller.webp\" alt=\"SL-268-d\u00e9cortiqueuse-de-ma\u00efs-sucr\u00e9\" class=\"wp-image-3395\"\/><figcaption class=\"wp-element-caption\">D\u00e9cortiqueuse de ma\u00efs sucr\u00e9 SL-268<\/figcaption><\/figure>    <figure class=\"wp-block-image size-large\"><img loading=\"lazy\" decoding=\"async\" width=\"540\" height=\"720\" data-id=\"3396\" src=\"https:\/\/taizyagromachine.com\/wp-content\/uploads\/2022\/09\/SL-368-fresh-corn-thresher.webp\" alt=\"Batteuse-de-ma\u00efs-frais SL-368\" class=\"wp-image-3396\"\/><figcaption class=\"wp-element-caption\">Batteuse de ma\u00efs frais SL-368<\/figcaption><\/figure> <\/figure>    <ul class=\"wp-block-list\"> <li><strong>Batteuse \u00e0 ma\u00efs frais sans tapis roulant<\/strong>: Ce type de machine n\u00e9cessite g\u00e9n\u00e9ralement une alimentation manuelle du ma\u00efs, qui est battu \u00e0 travers le tambour rotatif interne et la structure des dents \u00e0 pointes. Il est relativement simple \u00e0 utiliser et convient \u00e0 un usage \u00e0 petite \u00e9chelle ou \u00e0 domicile.<\/li>    <li><strong>D\u00e9cortiqueuse de ma\u00efs frais sucr\u00e9 avec tapis roulant<\/strong>: Ce mod\u00e8le est \u00e9quip\u00e9 d'un syst\u00e8me de convoyeur automatique, qui peut alimenter en continu et efficacement le ma\u00efs dans la zone de battage, am\u00e9liorant consid\u00e9rablement l'efficacit\u00e9 du travail. Adapt\u00e9 \u00e0 la production agricole \u00e0 grande \u00e9chelle ou \u00e0 la transformation commerciale, il peut r\u00e9duire l\u2019intensit\u00e9 du travail manuel et am\u00e9liorer la productivit\u00e9.<\/li> <\/ul>    <figure class=\"wp-block-embed is-type-video is-provider-youtube wp-block-embed-youtube wp-embed-aspect-16-9 wp-has-aspect-ratio\"><div class=\"wp-block-embed__wrapper\"> <iframe loading=\"lazy\" title=\"Un battage efficace ! Batteuse de ma\u00efs frais et sucr\u00e9 | Machine \u00e0 d\u00e9cortiquer le ma\u00efs frais\" width=\"500\" height=\"281\" src=\"https:\/\/www.youtube.com\/embed\/DJhhB9xqRE0?feature=oembed\" frameborder=\"0\" allow=\"accelerometer; autoplay; clipboard-write; encrypted-media; gyroscope; picture-in-picture; web-share\" referrerpolicy=\"strict-origin-when-cross-origin\" allowfullscreen><\/iframe> <\/div><figcaption class=\"wp-element-caption\">vid\u00e9o de travail d'une d\u00e9cortiqueuse de ma\u00efs frais avec tapis roulant <\/figcaption><\/figure>    <p>Quel que soit le type, la batteuse de ma\u00efs frais peut s\u00e9parer efficacement les grains de ma\u00efs des \u00e9pis pour un traitement et un stockage ult\u00e9rieurs.<\/p>    <h2 class=\"wp-block-heading\" id=\"h-technical-parameters-of-the-fresh-sweet-corn-sheller\"><strong>Param\u00e8tres techniques du d\u00e9cortiqueur de ma\u00efs sucr\u00e9 frais<\/strong><\/h2>    <figure class=\"wp-block-table\"><table><tbody><tr><td>Mod\u00e8le<\/td><td>TZ-268<\/td><td>TZ-368<\/td><\/tr><tr><td>Pouvoir<\/td><td>1,0 kW<\/td><td>0,4 kW + 0,75 kW + 0,25 kW<\/td><\/tr><tr><td>Capacit\u00e9<\/td><td>400-500 kg\/heure<\/td><td>400-500 kg\/heure<\/td><\/tr><tr><td>Poids<\/td><td>100 kg<\/td><td>110 kg<\/td><\/tr><tr><td>Taille<\/td><td>700(L)\u00d7620(L)\u00d71250(H)mm<\/td><td>1320(L)*620(L)*1250(H)mm<\/td><\/tr><tr><td>Tension<\/td><td>220 V, monophas\u00e9, 50 Hz<\/td><td>240 V, monophas\u00e9, 60 Hz<\/td><\/tr><\/tbody><\/table><figcaption class=\"wp-element-caption\">param\u00e8tres techniques de la batteuse de ma\u00efs sucr\u00e9 frais<\/figcaption><\/figure>    <h2 class=\"wp-block-heading\"><strong>Applications de la machine \u00e0 d\u00e9cortiquer le ma\u00efs frais<\/strong><\/h2>    <p class=\"translation-block\"><strong>Types de ma\u00efs<\/strong> : la d\u00e9cortiqueuse de ma\u00efs sucr\u00e9 peut battre le ma\u00efs sucr\u00e9, le ma\u00efs frais, le ma\u00efs fruit, le ma\u00efs surgel\u00e9, etc.<\/p>    <p class=\"translation-block\"><strong>Entreprises d'usine applicables<\/strong> : cuisine centrale, semences de ma\u00efs en conserve, jus de pulpe de ma\u00efs surgel\u00e9 rapide, usine de semences de ma\u00efs, transformation d'aliments secs, transformation de sous-produits agricoles, etc.<\/p>    <h2 class=\"wp-block-heading\"><strong>\u00c9tapes de travail de la batteuse de ma\u00efs frais<\/strong><\/h2>    <div class=\"wp-block-media-text alignwide is-stacked-on-mobile\"><figure class=\"wp-block-media-text__media\"><img loading=\"lazy\" decoding=\"async\" width=\"720\" height=\"540\" src=\"https:\/\/taizyagromachine.com\/wp-content\/uploads\/2022\/09\/feeding-system.webp\" alt=\"Syst\u00e8me d&#039;alimentation\" class=\"wp-image-3407 size-full\"\/><\/figure><div class=\"wp-block-media-text__content\"> <p class=\"translation-block\"><strong>Syst\u00e8me d'alimentation<\/strong><\/p> <\/div><\/div>    <div class=\"wp-block-media-text alignwide has-media-on-the-right is-stacked-on-mobile\"><div class=\"wp-block-media-text__content\"> <p class=\"translation-block\"><strong>La partie centrale de la batteuse de ma\u00efs sucr\u00e9<\/strong><\/p> <\/div><figure class=\"wp-block-media-text__media\"><img loading=\"lazy\" decoding=\"async\" width=\"540\" height=\"540\" src=\"https:\/\/taizyagromachine.com\/wp-content\/uploads\/2022\/09\/corn-part-of-the-sweet-corn-thresher.webp\" alt=\"ma\u00efs faisant partie de la batteuse de ma\u00efs sucr\u00e9\" class=\"wp-image-3419 size-full\"\/><\/figure><\/div>    <div class=\"wp-block-media-text alignwide is-stacked-on-mobile\"><figure class=\"wp-block-media-text__media\"><img loading=\"lazy\" decoding=\"async\" width=\"540\" height=\"540\" src=\"https:\/\/taizyagromachine.com\/wp-content\/uploads\/2022\/09\/corn-seeds-and-corn-cob-separation.webp\" alt=\"s\u00e9paration des graines de ma\u00efs et des \u00e9pis de ma\u00efs\" class=\"wp-image-3421 size-full\"\/><\/figure><div class=\"wp-block-media-text__content\"> <p class=\"translation-block\"><strong>S\u00e9paration des grains de ma\u00efs et des \u00e9pis de ma\u00efs<\/strong><\/p> <\/div><\/div>    <div class=\"wp-block-media-text alignwide has-media-on-the-right is-stacked-on-mobile\"><div class=\"wp-block-media-text__content\"> <p class=\"translation-block\"><strong>\u00c9vacuation des \u00e9pis de ma\u00efs<\/strong><\/p> <\/div><figure class=\"wp-block-media-text__media\"><img loading=\"lazy\" decoding=\"async\" width=\"540\" height=\"540\" src=\"https:\/\/taizyagromachine.com\/wp-content\/uploads\/2022\/09\/corn-cob-discharge.webp\" alt=\"d\u00e9charge d&#039;\u00e9pi de ma\u00efs\" class=\"wp-image-3423 size-full\"\/><\/figure><\/div>    <h2 class=\"wp-block-heading\"><strong>Accessoires du d\u00e9cortiqueur de ma\u00efs sucr\u00e9<\/strong><\/h2>    <div class=\"wp-block-media-text alignwide is-stacked-on-mobile\"><figure class=\"wp-block-media-text__media\"><img loading=\"lazy\" decoding=\"async\" width=\"610\" height=\"540\" src=\"https:\/\/taizyagromachine.com\/wp-content\/uploads\/2022\/09\/plate-and-blades.webp\" alt=\"plaque et lames\" class=\"wp-image-3425 size-full\"\/><\/figure><div class=\"wp-block-media-text__content\"> <p class=\"translation-block\"><strong>Plaque et lames<\/strong><\/p>    <p>Ce sont les accessoires de la d\u00e9cortiqueuse de ma\u00efs frais. Si vous souhaitez plus d\u2019options, dites-le-nous directement.<\/p> <\/div><\/div>    <h2 class=\"wp-block-heading\"><strong>Taizy Machinery\u00a0: Fabricant de d\u00e9cortiqueuse de ma\u00efs frais cr\u00e9dit\u00e9<\/strong><\/h2>    <p class=\"translation-block\">En tant que fabricant et fournisseur professionnel de machines agricoles, nous avons une large gamme de machines agricoles chez Taizy. Il y a non seulement des batteuses de ma\u00efs frais, des <a href=\"https:\/\/taizyagromachine.com\/fr\/product\/corn-seeder\/?swcfpc=1\" target=\"_blank\" rel=\"noreferrer noopener\">semoirs de ma\u00efs<\/a> et des moissonneuses de ma\u00efs, mais aussi des <a href=\"https:\/\/taizyagromachine.com\/fr\/product\/peanut-machine\/?swcfpc=1\" target=\"_blank\" rel=\"noreferrer noopener\">machines \u00e0 arachide<\/a> apparent\u00e9es, des <a href=\"https:\/\/taizyagromachine.com\/fr\/product\/silage-machine\/?swcfpc=1\" target=\"_blank\" rel=\"noreferrer noopener\">machines \u00e0 ensilage<\/a>, et ainsi de suite. Nous avons les avantages suivants :<\/p>    <ul class=\"wp-block-list\"> <li><strong>Produits de haute qualit\u00e9<\/strong>: Taizy Machinery se concentre sur la qualit\u00e9 des produits et contr\u00f4le strictement le processus de production pour garantir la durabilit\u00e9 et la stabilit\u00e9 des performances de l'\u00e9quipement. Ses produits jouissent de la confiance des clients pour leur excellent processus de fabrication, leur haute efficacit\u00e9 et leur longue dur\u00e9e de vie.<\/li>    <li><strong>Service personnalis\u00e9<\/strong>: Pour les besoins sp\u00e9cifiques des diff\u00e9rents clients, Taiz\u00e9 Machinery propose des solutions personnalis\u00e9es, depuis la s\u00e9lection, la conception et la fabrication des \u00e9quipements jusqu'\u00e0 l'installation et la mise en service, offrant aux clients des services professionnels tout au long du processus.<\/li>    <li><strong>Service apr\u00e8s-vente complet<\/strong>: Nous attachons une grande importance au service apr\u00e8s-vente, en fournissant une gamme compl\u00e8te de services, y compris la maintenance des \u00e9quipements, l'assistance technique, la fourniture de pi\u00e8ces, pour garantir que les probl\u00e8mes rencontr\u00e9s par les clients en cours d'utilisation puissent \u00eatre r\u00e9solus rapidement.<\/li>    <li><strong>Cr\u00e9dibilit\u00e9 et exp\u00e9rience<\/strong>: Avec des ann\u00e9es d'exp\u00e9rience dans l'industrie et une bonne r\u00e9putation sur le march\u00e9, Taiz\u00e9 Machinery a \u00e9tabli une client\u00e8le stable et un vaste r\u00e9seau commercial, qui a gagn\u00e9 la confiance et les \u00e9loges de nos clients.<\/li> <\/ul>    <h2 class=\"wp-block-heading\"><strong>Cas mondiaux de batteuse de ma\u00efs sucr\u00e9 frais <\/strong><\/h2>    <p class=\"translation-block\"><strong>Batteuse de ma\u00efs sucr\u00e9 vendue au Maroc<\/strong><\/p>    <p>Ce client marocain poss\u00e9dait une grande quantit\u00e9 de ma\u00efs gluant sucr\u00e9 qui devait \u00eatre battu et donc transform\u00e9 pour l'\u00e9tape suivante du processus de transformation du ma\u00efs. Lorsqu'il a trouv\u00e9 notre d\u00e9cortiqueuse de ma\u00efs frais en ligne, il nous a envoy\u00e9 une demande. <\/p>    <p>Notre directeur commercial professionnel lui a ensuite pr\u00e9sent\u00e9 deux de nos machines. Apr\u00e8s avoir lu les informations, le client marocain s'est int\u00e9ress\u00e9 au mod\u00e8le le plus \u00e9conomique, le SL-368, et a regard\u00e9 la vid\u00e9o de fonctionnement de la machine. Finalement, il a pass\u00e9 la commande. Nous avons emball\u00e9 la machine et l'avons livr\u00e9e \u00e0 son port.<\/p>   <div class=\"wp-block-image\"> <figure class=\"aligncenter size-full\"><img loading=\"lazy\" decoding=\"async\" width=\"720\" height=\"540\" src=\"https:\/\/taizyagromachine.com\/wp-content\/uploads\/2022\/09\/sweet-corn-sheller-machine-package.webp\" alt=\"paquet de machine \u00e0 d\u00e9cortiquer le ma\u00efs sucr\u00e9\" class=\"wp-image-3401\"\/><figcaption class=\"wp-element-caption\">paquet de machine \u00e0 d\u00e9cortiquer le ma\u00efs sucr\u00e9<\/figcaption><\/figure> <\/div>   <p class=\"translation-block\"><strong>D\u00e9cortiqueuse de ma\u00efs frais \u00e0 vendre en \u00c9gypte<\/strong><\/p>    <p>Sur le march\u00e9 \u00e9gyptien, notre batteuse industrielle de ma\u00efs frais a \u00e9t\u00e9 largement salu\u00e9e pour ses excellentes performances et son adaptabilit\u00e9. Con\u00e7ue sp\u00e9cifiquement pour le ma\u00efs frais, cette machine est capable de g\u00e9rer efficacement le d\u00e9corticage et le battage d'une large gamme de vari\u00e9t\u00e9s de ma\u00efs, y compris le ma\u00efs gluant. Simple \u00e0 utiliser et facile \u00e0 entretenir, il assure un processus rapide et propre tout en pr\u00e9servant l\u2019int\u00e9grit\u00e9 du grain de ma\u00efs. <\/p>    <figure class=\"wp-block-gallery aligncenter has-nested-images columns-default is-cropped wp-block-gallery-3 is-layout-flex wp-block-gallery-is-layout-flex\"> <figure class=\"wp-block-image size-large\"><img loading=\"lazy\" decoding=\"async\" width=\"540\" height=\"720\" data-id=\"6277\" src=\"https:\/\/taizyagromachine.com\/wp-content\/uploads\/2022\/09\/fresh-corn-sheller-with-conveyor-belt.webp\" alt=\"d\u00e9cortiqueuse de ma\u00efs frais avec tapis roulant\" class=\"wp-image-6277\"\/><figcaption class=\"wp-element-caption\">d\u00e9cortiqueuse de ma\u00efs frais avec tapis roulant<\/figcaption><\/figure>    <figure class=\"wp-block-image size-large\"><img loading=\"lazy\" decoding=\"async\" width=\"540\" height=\"720\" data-id=\"6279\" src=\"https:\/\/taizyagromachine.com\/wp-content\/uploads\/2022\/09\/sweet-corn-shelling-machine-for-sale.webp\" alt=\"d\u00e9cortiqueuse de ma\u00efs sucr\u00e9 \u00e0 vendre\" class=\"wp-image-6279\"\/><figcaption class=\"wp-element-caption\">d\u00e9cortiqueuse de ma\u00efs sucr\u00e9 \u00e0 vendre<\/figcaption><\/figure>    <figure class=\"wp-block-image size-large\"><img loading=\"lazy\" decoding=\"async\" width=\"540\" height=\"720\" data-id=\"6278\" src=\"https:\/\/taizyagromachine.com\/wp-content\/uploads\/2022\/09\/package-sweet-fresh-corn-sheller-and-threser.webp\" alt=\"paquet d\u00e9cortiqueuse et batteuse de ma\u00efs frais et sucr\u00e9\" class=\"wp-image-6278\"\/><figcaption class=\"wp-element-caption\">paquet d\u00e9cortiqueuse et batteuse de ma\u00efs frais et sucr\u00e9<\/figcaption><\/figure> <\/figure>    <h2 class=\"wp-block-heading\" id=\"h-faq\"><strong>FAQ sur la machine \u00e0 \u00e9plucher le ma\u00efs sucr\u00e9 frais<\/strong><\/h2>   <div id=\"rank-math-faq\" class=\"rank-math-block\"> <div class=\"rank-math-list\"> <div id=\"faq-question-1663828057565\" class=\"rank-math-list-item\"> <h3 class=\"rank-math-question\"><strong>Q1 : Quels sont les mat\u00e9riaux de la d\u00e9cortiqueuse de ma\u00efs frais ?<\/strong><\/h3> <div class=\"rank-math-answer\">  <p class=\"translation-block\"><strong>R1 : Mat\u00e9riau en acier inoxydable SUS304.<\/strong><\/p>  <\/div> <\/div> <div id=\"faq-question-1663828063454\" class=\"rank-math-list-item\"> <h3 class=\"rank-math-question\"><strong>Q2\u00a0:\u00a0Quel type de ma\u00efs cette machine est-elle adapt\u00e9e au battage\u00a0?<\/strong><\/h3> <div class=\"rank-math-answer\">  <p>A2\u00a0: Ma\u00efs sucr\u00e9, ma\u00efs gluant, ma\u00efs frais, ma\u00efs aux fruits, ma\u00efs surgel\u00e9, etc.<\/p>  <\/div> <\/div> <div id=\"faq-question-1663828088495\" class=\"rank-math-list-item\"> <h3 class=\"rank-math-question\"><strong>Q3 : Qu'en est-il de la garantie de qualit\u00e9 ?<\/strong><\/h3> <div class=\"rank-math-answer\">  <p>A3 : P\u00e9riode d'un an. Nous sommes responsables des dysfonctionnements caus\u00e9s par la machine et la qualit\u00e9. Si d'autres dysfonctionnements sont caus\u00e9s par des erreurs de fonctionnement, des probl\u00e8mes d'origine humaine, etc., vous, le client, devez en \u00eatre responsable.<\/p>  <\/div> <\/div> <\/div> <\/div>   <h2 class=\"wp-block-heading\"><strong>Contactez-nous pour les d\u00e9tails et le prix de la batteuse de ma\u00efs sucr\u00e9 frais\u00a0!<\/strong><\/h2>    <p class=\"translation-block\">If you are looking for an efficient and reliable fresh corn thresher to enhance your <a href=\"https:\/\/en.wikipedia.org\/wiki\/Sweet_corn\" target=\"_blank\" rel=\"noopener\">fresh corn<\/a> processing efficiency, we invite you to contact us. Our range of sweet corn threshers includes models to suit a variety of needs, whether it\u2019s a small family farm operation or a large commercial production, we have a solution for you.<\/p>","protected":false},"excerpt":{"rendered":"<p>Notre d\u00e9cortiqueuse de ma\u00efs frais est une machine permettant de battre diff\u00e9rents types de ma\u00efs collant. Il existe deux types de SL-268 et SL-368. Dans cet article, nous d\u00e9crivons les types de machines, les param\u00e8tres, les r\u00e9ussites, nos avantages, etc. pour votre r\u00e9f\u00e9rence et votre choix.<\/p>","protected":false},"author":1,"featured_media":3388,"parent":0,"template":"","tags":[191,193,192,194],"product-type":[17],"class_list":["post-3385","product","type-product","status-publish","has-post-thumbnail","hentry","tag-corn-sheller","tag-fresh-corn-sheller","tag-maize-thresher","tag-sweet-corn-thresher","product-type-corn-machine"],"_links":{"self":[{"href":"https:\/\/taizyagromachine.com\/fr\/wp-json\/wp\/v2\/product\/3385","targetHints":{"allow":["GET"]}}],"collection":[{"href":"https:\/\/taizyagromachine.com\/fr\/wp-json\/wp\/v2\/product"}],"about":[{"href":"https:\/\/taizyagromachine.com\/fr\/wp-json\/wp\/v2\/types\/product"}],"author":[{"embeddable":true,"href":"https:\/\/taizyagromachine.com\/fr\/wp-json\/wp\/v2\/users\/1"}],"wp:featuredmedia":[{"embeddable":true,"href":"https:\/\/taizyagromachine.com\/fr\/wp-json\/wp\/v2\/media\/3388"}],"wp:attachment":[{"href":"https:\/\/taizyagromachine.com\/fr\/wp-json\/wp\/v2\/media?parent=3385"}],"wp:term":[{"taxonomy":"post_tag","embeddable":true,"href":"https:\/\/taizyagromachine.com\/fr\/wp-json\/wp\/v2\/tags?post=3385"},{"taxonomy":"product-type","embeddable":true,"href":"https:\/\/taizyagromachine.com\/fr\/wp-json\/wp\/v2\/product-type?post=3385"}],"curies":[{"name":"wp","href":"https:\/\/api.w.org\/{rel}","templated":true}]}}