{"id":3454,"date":"2022-09-21T08:14:33","date_gmt":"2022-09-21T08:14:33","guid":{"rendered":"https:\/\/taizyagromachine.com\/?post_type=product&#038;p=3454"},"modified":"2025-05-20T14:03:14","modified_gmt":"2025-05-20T06:03:14","slug":"corn-cleaning-machine","status":"publish","type":"product","link":"https:\/\/taizyagromachine.com\/fr\/product\/corn-cleaning-machine\/","title":{"rendered":"Machine de nettoyage de ma\u00efs"},"content":{"rendered":"<p>La machine de nettoyage du ma\u00efs nettoie principalement les grains de ma\u00efs apr\u00e8s le battage, ce qui permet d'\u00e9liminer les impuret\u00e9s dans le ma\u00efs et d'obtenir des graines de ma\u00efs plus propres. Le nettoyeur de ma\u00efs Taizy pr\u00e9sente l'avantage d'une utilisation simple, facile et d'une grande efficacit\u00e9. Ce nettoyeur de ma\u00efs peut \u00e9liminer le sable, les petites pierres, les \u00e9pis de ma\u00efs, etc. pour obtenir des graines de ma\u00efs propres. Ainsi, vous pouvez conserver le ma\u00efs plus longtemps. Donc, si vous \u00eates int\u00e9ress\u00e9, contactez-nous imm\u00e9diatement!<\/p>    <figure class=\"wp-block-embed is-type-video is-provider-youtube wp-block-embed-youtube wp-embed-aspect-16-9 wp-has-aspect-ratio\"><div class=\"wp-block-embed__wrapper\"> <iframe loading=\"lazy\" title=\"Machine de nettoyage de ma\u00efs efficace pour le traitement du ma\u00efs | Nettoyeur de ma\u00efs utilis\u00e9 dans le nettoyage des \u00e9crans \u00e0 grains\" width=\"500\" height=\"281\" src=\"https:\/\/www.youtube.com\/embed\/y8_33pFPUaI?feature=oembed\" frameborder=\"0\" allow=\"accelerometer; autoplay; clipboard-write; encrypted-media; gyroscope; picture-in-picture; web-share\" referrerpolicy=\"strict-origin-when-cross-origin\" allowfullscreen><\/iframe> <\/div><figcaption class=\"wp-element-caption\">vid\u00e9o de machine de nettoyage de ma\u00efs<\/figcaption><\/figure>    <h2 class=\"wp-block-heading\"><strong>Structure de l'\u00e9quipement de nettoyage du ma\u00efs<\/strong><\/h2>    <p>En fait, cette machine de nettoyage du ma\u00efs a une structure tr\u00e8s simple. Sa composition comprend une entr\u00e9e de ma\u00efs, une sortie de ma\u00efs, une sortie d'impuret\u00e9s, une sortie de sable, une sortie de pierre, un ventilateur, un moteur et une courroie. \u00c0 partir de l\u00e0, vous pouvez facilement comprendre la machine et l\u2019utiliser correctement et rapidement. <\/p>    <figure class=\"wp-block-gallery aligncenter has-nested-images columns-default is-cropped wp-block-gallery-2 is-layout-flex wp-block-gallery-is-layout-flex\"> <figure class=\"wp-block-image size-full\"><img loading=\"lazy\" decoding=\"async\" width=\"720\" height=\"540\" data-id=\"3464\" src=\"https:\/\/taizyagromachine.com\/wp-content\/uploads\/2022\/09\/structure-of-the-maize-cleaner.webp\" alt=\"structure-du-nettoyeur-de-ma\u00efs\" class=\"wp-image-3464\"\/><figcaption class=\"wp-element-caption\">structure du nettoyeur de ma\u00efs<\/figcaption><\/figure>    <figure class=\"wp-block-image size-full\"><img loading=\"lazy\" decoding=\"async\" width=\"720\" height=\"540\" data-id=\"3463\" src=\"https:\/\/taizyagromachine.com\/wp-content\/uploads\/2022\/09\/structure-of-the-corn-cleaner.webp\" alt=\"structure-du-nettoyeur-de-ma\u00efs\" class=\"wp-image-3463\"\/><figcaption class=\"wp-element-caption\">structure du nettoyeur de ma\u00efs<\/figcaption><\/figure> <\/figure>    <h2 class=\"wp-block-heading\"><strong>Avantages du nettoyant pour ma\u00efs<\/strong><\/h2>    <ol class=\"wp-block-list\"> <li>Structure simple, utilisation facile et bonne qualit\u00e9.<\/li>    <li>Performances stables, super qualit\u00e9 et longue dur\u00e9e de vie.<\/li>    <li>L\u00e9ger et petit volume. <\/li>    <li>Faible consommation d'\u00e9nergie, \u00e9conomie d'\u00e9nergie.<\/li>    <li>Belle apparence, combinaison forte.<\/li>    <li>Haut degr\u00e9 d'automatisation.<\/li>    <li>Marque c\u00e9l\u00e8bre, la machine de nettoyage du ma\u00efs est produite par Taizy Machinery.<\/li> <\/ol>    <h2 class=\"wp-block-heading\"><strong>Cas r\u00e9ussi : 400 \u00e0 600 kg de nettoyant pour ma\u00efs export\u00e9s vers l'Angola<\/strong><\/h2>    <p class=\"translation-block\">Le client angolais souhaitait nettoyer le ma\u00efs afin de garantir la qualit\u00e9 des grains, que ce soit pour la vente ou le stockage. Par cons\u00e9quent, lorsqu'il a vu que nous vendions les <a href=\"https:\/\/taizyagromachine.com\/fr\/product\/corn-machine\/\" target=\"_blank\" rel=\"noreferrer noopener\">machines \u00e0 ma\u00efs<\/a> pertinentes, il a demand\u00e9 si nous avions de telles machines. Nous savons qu'apr\u00e8s le battage du ma\u00efs avec le <a href=\"https:\/\/taizyagromachine.com\/fr\/product\/maize-thresher\/\" target=\"_blank\" rel=\"noreferrer noopener\">batteuse \u00e0 ma\u00efs<\/a>, il reste diverses impuret\u00e9s dans le ma\u00efs (telles que des barbes de ma\u00efs, des \u00e9pis de ma\u00efs, de petites pierres, etc.). Par cons\u00e9quent, le ma\u00efs doit \u00eatre nettoy\u00e9 davantage. Notre directeur commercial lui a recommand\u00e9 cette machine de nettoyage de ma\u00efs, en lui envoyant des informations sur la machine (param\u00e8tres, photos, vid\u00e9o de travail, configuration, etc.). Le client angolais a \u00e9t\u00e9 satisfait de la machine et a imm\u00e9diatement pass\u00e9 commande.<\/p>   <div class=\"wp-block-image\"> <figure class=\"aligncenter size-full\"><img loading=\"lazy\" decoding=\"async\" width=\"720\" height=\"540\" src=\"https:\/\/taizyagromachine.com\/wp-content\/uploads\/2022\/09\/corn-cleaning-equipment.webp\" alt=\"\u00e9quipement de nettoyage du ma\u00efs\" class=\"wp-image-3477\"\/><figcaption class=\"wp-element-caption\">\u00e9quipement de nettoyage du ma\u00efs<\/figcaption><\/figure> <\/div>   <h2 class=\"wp-block-heading\"><strong>Param\u00e8tres du nettoyant pour grains de ma\u00efs<\/strong><\/h2>    <figure class=\"wp-block-table\"><table><tbody><tr><td>Mod\u00e8le<\/td><td>TY-57<\/td><td>TY-100<\/td><\/tr><tr><td>Capacit\u00e9<\/td><td>400-600kg<\/td><td>800-1200kg<\/td><\/tr><tr><td>Pouvoir de soutien<\/td><td>3 kW<\/td><td>4 kW<\/td><\/tr><tr><td>Taille (L * L * H)<\/td><td>1,7*0,8*2,9m<\/td><td>1,9*1*3m<\/td><\/tr><tr><td>Poids<\/td><td>300 kg<\/td><td>\/<\/td><\/tr><\/tbody><\/table><\/figure>    <h2 class=\"wp-block-heading\"><strong>FAQ du nettoyant pour ma\u00efs<\/strong><\/h2>   <div id=\"rank-math-faq\" class=\"rank-math-block\"> <div class=\"rank-math-list\"> <div id=\"faq-question-1663750458497\" class=\"rank-math-list-item\"> <h3 class=\"rank-math-question\">Q1\u00a0: Cette machine de nettoyage du ma\u00efs convient-elle uniquement au ma\u00efs\u00a0?<\/h3> <div class=\"rank-math-answer\">  <p>A1\u00a0:\u00a0Oui, c'est le cas. Cet \u00e9quipement de nettoyage du ma\u00efs ne peut \u00eatre utilis\u00e9 que pour le ma\u00efs. Si vous souhaitez nettoyer du bl\u00e9, du millet, etc., nous pouvons vous recommander un nettoyant adapt\u00e9, veuillez nous contacter et nous indiquer ce dont vous avez besoin.  <\/p>  <\/div> <\/div> <div id=\"faq-question-1663750592473\" class=\"rank-math-list-item\"> <h3 class=\"rank-math-question\">Q2 : Quel est le syst\u00e8me d\u2019alimentation de la machine ?<\/h3> <div class=\"rank-math-answer\">  <p>A2 : G\u00e9n\u00e9ralement, nous utilisons le moteur pour le nettoyeur de ma\u00efs \u00e0 vendre.<\/p>  <\/div> <\/div> <div id=\"faq-question-1663750758008\" class=\"rank-math-list-item\"> <h3 class=\"rank-math-question\">Q3 : Comment livrer \u00e0 ma destination ?<\/h3> <div class=\"rank-math-answer\">  <p>A3 : G\u00e9n\u00e9ralement, nous utilisons l\u2019exp\u00e9dition. Si vous avez d'autres demandes, dites-le-nous. Nous faisons de notre mieux pour vous satisfaire.<\/p>  <\/div> <\/div> <\/div> <\/div>   <h2 class=\"wp-block-heading\"><strong>Vid\u00e9o de travail de la machine de nettoyage du ma\u00efs<\/strong><\/h2>    <figure class=\"wp-block-embed is-type-video is-provider-youtube wp-block-embed-youtube wp-embed-aspect-16-9 wp-has-aspect-ratio\"><div class=\"wp-block-embed__wrapper\"> <iframe loading=\"lazy\" title=\"Machine efficace de nettoyage du ma\u00efs | \u00c9quipement de nettoyage de ma\u00efs | Nettoyant pour ma\u00efs de Taizy, 2022 #corn\" width=\"500\" height=\"281\" src=\"https:\/\/www.youtube.com\/embed\/M8XF9pRwodI?feature=oembed\" frameborder=\"0\" allow=\"accelerometer; autoplay; clipboard-write; encrypted-media; gyroscope; picture-in-picture; web-share\" referrerpolicy=\"strict-origin-when-cross-origin\" allowfullscreen><\/iframe> <\/div><\/figure>","protected":false},"excerpt":{"rendered":"<p>The corn cleaning machine mainly cleans the corn kernels after threshing, which can remove the impurities in the corn and get a cleaner corn seed. Taizy corn cleaner has the advantages of simple operation, easy use, and high efficiency. This maize cleaner can remove sand, small stones, corn cobs, etc. for getting clean corn seeds. [&hellip;]<\/p>\n","protected":false},"author":1,"featured_media":3455,"parent":0,"template":"","tags":[196,195],"product-type":[17],"class_list":["post-3454","product","type-product","status-publish","has-post-thumbnail","hentry","tag-corn-cleaning-machine","tag-corn-thresher","product-type-corn-machine"],"_links":{"self":[{"href":"https:\/\/taizyagromachine.com\/fr\/wp-json\/wp\/v2\/product\/3454","targetHints":{"allow":["GET"]}}],"collection":[{"href":"https:\/\/taizyagromachine.com\/fr\/wp-json\/wp\/v2\/product"}],"about":[{"href":"https:\/\/taizyagromachine.com\/fr\/wp-json\/wp\/v2\/types\/product"}],"author":[{"embeddable":true,"href":"https:\/\/taizyagromachine.com\/fr\/wp-json\/wp\/v2\/users\/1"}],"wp:featuredmedia":[{"embeddable":true,"href":"https:\/\/taizyagromachine.com\/fr\/wp-json\/wp\/v2\/media\/3455"}],"wp:attachment":[{"href":"https:\/\/taizyagromachine.com\/fr\/wp-json\/wp\/v2\/media?parent=3454"}],"wp:term":[{"taxonomy":"post_tag","embeddable":true,"href":"https:\/\/taizyagromachine.com\/fr\/wp-json\/wp\/v2\/tags?post=3454"},{"taxonomy":"product-type","embeddable":true,"href":"https:\/\/taizyagromachine.com\/fr\/wp-json\/wp\/v2\/product-type?post=3454"}],"curies":[{"name":"wp","href":"https:\/\/api.w.org\/{rel}","templated":true}]}}