{"id":3644,"date":"2022-10-11T13:50:29","date_gmt":"2022-10-11T05:50:29","guid":{"rendered":"https:\/\/taizyagromachine.com\/?post_type=product&#038;p=3644"},"modified":"2025-01-02T13:53:27","modified_gmt":"2025-01-02T05:53:27","slug":"corn-threshing-machine","status":"publish","type":"product","link":"https:\/\/taizyagromachine.com\/fr\/product\/corn-threshing-machine\/","title":{"rendered":"Batteuse de ma\u00efs multifonctionnelle"},"content":{"rendered":"<p class=\"translation-block\">La batteuse de ma\u00efs Taizy appartient en fait \u00e0 la <a href=\"https:\/\/taizyagromachine.com\/fr\/product\/multifunctional-thresher\/\" target=\"_blank\" rel=\"noreferrer noopener\">batteuse multifonctionnelle<\/a>, utilis\u00e9e pour le d\u00e9corticage du ma\u00efs, du sorgho, du millet et du soja. La batteuse multifonctionnelle peut utiliser un moteur \u00e9lectrique, un moteur diesel et la prise de force comme syst\u00e8me d'alimentation. De plus, la batteuse de ma\u00efs \u00e0 vendre peut \u00eatre \u00e9quip\u00e9e de gros pneus, ce qui est pr\u00e9f\u00e9r\u00e9 par les clients africains. <\/p>    <p class=\"translation-block\">En outre, notre batteuse multifonctionnelle est tr\u00e8s populaire au pays et \u00e0 l'\u00e9tranger. Nous avons export\u00e9 vers de nombreux pays, tels que le Nigeria, le Botswana, l'Ouganda, les \u00c9tats-Unis, le Bangladesh, le <a href=\"https:\/\/taizyagromachine.com\/fr\/info\/corn-sheller-machine-ghana\/\" target=\"_blank\" rel=\"noreferrer noopener\">Ghana<\/a>, etc. Si vous \u00eates int\u00e9ress\u00e9, n'h\u00e9sitez pas \u00e0 nous contacter pour plus de d\u00e9tails !<\/p>    <h2 class=\"wp-block-heading\"><strong>Types de batteuse de ma\u00efs <\/strong><\/h2>    <p class=\"translation-block\">En tant que <a href=\"https:\/\/taizyagromachine.com\/fr\/about-us\/\" target=\"_blank\" rel=\"noreferrer noopener\">fabricant et fournisseur professionnel de batteuses \u00e0 ma\u00efs<\/a>, nous avons diff\u00e9rentes apparences de machines pour votre r\u00e9f\u00e9rence. Ci-dessous sont pr\u00e9sent\u00e9s trois types : respectivement le type commun, le type prise de force avec gros pneus, et le type moteur diesel avec gros pneus. Bien s\u00fbr, vous pouvez \u00e9galement choisir le moteur \u00e9lectrique comme alimentation. Cela d\u00e9pend de vos pr\u00e9f\u00e9rences. <\/p>    <figure class=\"wp-block-gallery aligncenter has-nested-images columns-default is-cropped wp-block-gallery-2 is-layout-flex wp-block-gallery-is-layout-flex\"> <figure class=\"wp-block-image size-large\"><img loading=\"lazy\" decoding=\"async\" width=\"720\" height=\"540\" data-id=\"3648\" src=\"https:\/\/taizyagromachine.com\/wp-content\/uploads\/2022\/10\/corn-thresher-for-sale.webp\" alt=\"batteuse-a-vendre\" class=\"wp-image-3648\"\/><figcaption class=\"wp-element-caption\">batteuse de ma\u00efs \u00e0 vendre<\/figcaption><\/figure>    <figure class=\"wp-block-image size-large\"><img loading=\"lazy\" decoding=\"async\" width=\"720\" height=\"540\" data-id=\"3650\" src=\"https:\/\/taizyagromachine.com\/wp-content\/uploads\/2022\/10\/corn-threshing-machine-with-PTO-and-tire.webp\" alt=\"batteuse-de-mais-avec-prise de force-et-pneu\" class=\"wp-image-3650\"\/><figcaption class=\"wp-element-caption\">batteuse de ma\u00efs avec prise de force et pneu<\/figcaption><\/figure>    <figure class=\"wp-block-image size-large\"><img loading=\"lazy\" decoding=\"async\" width=\"720\" height=\"540\" data-id=\"3649\" src=\"https:\/\/taizyagromachine.com\/wp-content\/uploads\/2022\/10\/maize-thresher-with-the-diesel-engine-and-tire-.webp\" alt=\"batteuse-de-ma\u00efs-avec-moteur-diesel-et-pneu-\" class=\"wp-image-3649\"\/><figcaption class=\"wp-element-caption\">batteuse de ma\u00efs avec moteur diesel et pneu <\/figcaption><\/figure> <\/figure>    <h2 class=\"wp-block-heading\"><strong>Applications de la batteuse de ma\u00efs multi-grains 5T-1000<\/strong><\/h2>    <div class=\"wp-block-media-text alignwide is-stacked-on-mobile\"><figure class=\"wp-block-media-text__media\"><img loading=\"lazy\" decoding=\"async\" width=\"540\" height=\"600\" src=\"https:\/\/taizyagromachine.com\/wp-content\/uploads\/2022\/10\/applications-of-the-mutifunctional-thresher-machine.webp\" alt=\"applications de la batteuse multifonctionnelle\" class=\"wp-image-3656 size-full\"\/><\/figure><div class=\"wp-block-media-text__content\"> <p>En raison de ses multifonctions, ce type de batteuse de ma\u00efs est principalement destin\u00e9e au ma\u00efs, au sorgho, au mil et au soja. Il est \u00e9galement utilis\u00e9 pour battre les f\u00e8ves, le millet perl\u00e9, le riz, le bl\u00e9, les pois chiches, etc. <\/p> <\/div><\/div>    <h2 class=\"wp-block-heading\"><strong>Structure du <a href=\"https:\/\/cornmachines.com\/multifunctional-thresher-machine\/\" target=\"_blank\" rel=\"noreferrer noopener\">Batteuse de ma\u00efs multifonctionnelle \u00e0 vendre<\/a><\/strong><\/h2>    <p>Sa structure est tr\u00e8s claire dans l'image ci-dessous. La batteuse de ma\u00efs est compos\u00e9e d'une entr\u00e9e, d'une sortie, de doubles ventilateurs, de grandes roues, d'une pi\u00e8ce de maintien et d'un syst\u00e8me d'alimentation (prise de force). Il convient de noter que cette machine dispose de 3 tamis et de 2 ventilateurs, ce qui permet d'obtenir un ma\u00efs plus propre.<\/p>   <div class=\"wp-block-image\"> <figure class=\"aligncenter size-full\"><img loading=\"lazy\" decoding=\"async\" width=\"720\" height=\"540\" src=\"https:\/\/taizyagromachine.com\/wp-content\/uploads\/2022\/10\/structure-of-the-corn-thresher-machine.webp\" alt=\"structure de la batteuse de ma\u00efs\" class=\"wp-image-3658\"\/><figcaption class=\"wp-element-caption\">structure de la batteuse de ma\u00efs<\/figcaption><\/figure> <\/div>   <h2 class=\"wp-block-heading\"><strong>Qu'est-ce qui affecte le prix de la batteuse de ma\u00efs ?<\/strong><\/h2>    <ul class=\"wp-block-list\"> <li><strong>Configuration des machines<\/strong>. C\u2019est tr\u00e8s facile \u00e0 comprendre. Si vous souhaitez acheter une batteuse de ma\u00efs sans pneus, elle doit \u00eatre beaucoup moins ch\u00e8re qu'une machine avec de gros pneus.<\/li>    <li><strong>Syst\u00e8me d'alimentation de la machine<\/strong>. \u00c9tant donn\u00e9 que ce type de batteuse de ma\u00efs multifonctionnelle peut utiliser trois puissances, chaque type a un prix diff\u00e9rent. <\/li>    <li><strong>La distance de livraison<\/strong>. Lorsque vous souhaitez l'envoyer au Nigeria ou l'envoyer au Ghana, leurs distances sont diff\u00e9rentes. Bien entendu, les frais de transport sont diff\u00e9rents.<\/li> <\/ul>    <h2 class=\"wp-block-heading\"><strong>Avantages de la batteuse multifonctionnelle<\/strong><\/h2>    <ol class=\"wp-block-list\"> <li>Trois syst\u00e8mes d'alimentation\u00a0: prise de force, moteur diesel et moteur \u00e9lectrique.<\/li>    <li>Gros pneus et cadre, facile \u00e0 d\u00e9placer.<\/li>    <li>Multifonctions : il est utilis\u00e9 pour battre le ma\u00efs, le sorgho, le mil et le soja. <\/li>    <li>Options d\u2019alimentation flexibles et \u00e0 haut rendement.<\/li> <\/ol>    <h2 class=\"wp-block-heading\"><strong>Cas r\u00e9ussi\u00a0:\u00a0une grande batteuse de ma\u00efs multifonctionnelle vendue au Bangladesh<\/strong><\/h2>    <div class=\"wp-block-media-text alignwide is-stacked-on-mobile\"><figure class=\"wp-block-media-text__media\"><img loading=\"lazy\" decoding=\"async\" width=\"540\" height=\"600\" src=\"https:\/\/taizyagromachine.com\/wp-content\/uploads\/2022\/10\/package.webp\" alt=\"emballer\" class=\"wp-image-3659 size-full\"\/><\/figure><div class=\"wp-block-media-text__content\"> <p>Le client bangladais cherchait \u00e0 acheter une batteuse de ma\u00efs et nous a contact\u00e9 apr\u00e8s avoir vu notre machine lors d'une recherche en ligne.<\/p>    <p>En parcourant notre site Web, il a vu cette machine multifonctionnelle et s'y est davantage int\u00e9ress\u00e9. Et gr\u00e2ce \u00e0 la pr\u00e9sentation de notre responsable commerciale Anna, il savait que cette machine est multifonctionnelle et voulait l'acheter encore plus.<\/p>    <p>Finalement, le client bangladais a command\u00e9 une batteuse rouge \u00e0 grandes roues.<\/p> <\/div><\/div>    <h2 class=\"wp-block-heading\"><strong>Vid\u00e9o de travail d'une grande batteuse de ma\u00efs<\/strong><\/h2>    <figure class=\"wp-block-embed is-type-video is-provider-youtube wp-block-embed-youtube wp-embed-aspect-16-9 wp-has-aspect-ratio\"><div class=\"wp-block-embed__wrapper\"> <iframe loading=\"lazy\" title=\"Grande batteuse de grains multifonctionnelle pour le ma\u00efs\/ma\u00efs, le sorgho, le soja, le millet, le riz et le bl\u00e9\" width=\"500\" height=\"281\" src=\"https:\/\/www.youtube.com\/embed\/6AIQ2-hvsdY?start=4&#038;feature=oembed\" frameborder=\"0\" allow=\"accelerometer; autoplay; clipboard-write; encrypted-media; gyroscope; picture-in-picture; web-share\" referrerpolicy=\"strict-origin-when-cross-origin\" allowfullscreen><\/iframe> <\/div><\/figure>    <h2 class=\"wp-block-heading\"><strong>Param\u00e8tres techniques de la batteuse de ma\u00efs<\/strong><\/h2>    <figure class=\"wp-block-table\"><table><tbody><tr><td>Mod\u00e8le<\/td><td>5T-1000<\/td><\/tr><tr><td>Application<\/td><td>Ma\u00efs, sorgho, millet, soja<\/td><\/tr><tr><td>Pouvoir<\/td><td>Moteur diesel 12 CV<\/td><\/tr><tr><td>Vitesse de l'arbre principal<\/td><td>550-620 tr\/min<\/td><\/tr><tr><td>Capacit\u00e9<\/td><td>Ma\u00efs\u00a0: 2-4t\/h<br>Sorgho, mil : 1-2t\/h<br>Soja\u00a0: 0,5-0,8 t\/h<\/td><\/tr><tr><td>Tamis<\/td><td>3 pi\u00e8ces<br>Tamis \u00e0 ma\u00efs\u00a0: \u03c618\u00a0mm<br>Sorgho, tamis \u00e0 millet\u00a0: \u03c66\u00a0mm<br>Soja\u00a0:\u00a0\u03c612\u00a0mm<\/td><\/tr><tr><td>Poids<\/td><td>650 kg<\/td><\/tr><tr><td>Taille globale<\/td><td>3400*2100*1980mm<\/td><\/tr><tr><td>Taille d'emballage<\/td><td>2800*740*1400mm<\/td><\/tr><\/tbody><\/table><\/figure>","protected":false},"excerpt":{"rendered":"<p>Taizy corn threshing machine actually belongs to the multifunctional grain thresher, used for shelling maize, sorghum, millet, and soybean. The multifunctional thresher machine can use an electric motor, diesel engine, and PTO as the power system. Besides, the corn thresher machine for sale can be equipped with big tyres, which is preferred by African customers. [&hellip;]<\/p>\n","protected":false},"author":1,"featured_media":3661,"parent":0,"template":"","tags":[195,197,198],"product-type":[17],"class_list":["post-3644","product","type-product","status-publish","has-post-thumbnail","hentry","tag-corn-thresher","tag-corn-threshing-machine","tag-multifunctional-thresher","product-type-corn-machine"],"_links":{"self":[{"href":"https:\/\/taizyagromachine.com\/fr\/wp-json\/wp\/v2\/product\/3644","targetHints":{"allow":["GET"]}}],"collection":[{"href":"https:\/\/taizyagromachine.com\/fr\/wp-json\/wp\/v2\/product"}],"about":[{"href":"https:\/\/taizyagromachine.com\/fr\/wp-json\/wp\/v2\/types\/product"}],"author":[{"embeddable":true,"href":"https:\/\/taizyagromachine.com\/fr\/wp-json\/wp\/v2\/users\/1"}],"wp:featuredmedia":[{"embeddable":true,"href":"https:\/\/taizyagromachine.com\/fr\/wp-json\/wp\/v2\/media\/3661"}],"wp:attachment":[{"href":"https:\/\/taizyagromachine.com\/fr\/wp-json\/wp\/v2\/media?parent=3644"}],"wp:term":[{"taxonomy":"post_tag","embeddable":true,"href":"https:\/\/taizyagromachine.com\/fr\/wp-json\/wp\/v2\/tags?post=3644"},{"taxonomy":"product-type","embeddable":true,"href":"https:\/\/taizyagromachine.com\/fr\/wp-json\/wp\/v2\/product-type?post=3644"}],"curies":[{"name":"wp","href":"https:\/\/api.w.org\/{rel}","templated":true}]}}