{"id":3756,"date":"2022-10-19T13:17:50","date_gmt":"2022-10-19T05:17:50","guid":{"rendered":"https:\/\/taizyagromachine.com\/?post_type=product&#038;p=3756"},"modified":"2025-01-02T13:54:48","modified_gmt":"2025-01-02T05:54:48","slug":"small-rice-milling-machine","status":"publish","type":"product","link":"https:\/\/taizyagromachine.com\/fr\/product\/small-rice-milling-machine\/","title":{"rendered":"Petite fraiseuse \u00e0 riz"},"content":{"rendered":"<p class=\"translation-block\">Le d\u00e9cortiqueur de riz est utilis\u00e9 pour produire du riz blanc, \u00e0 usage commercial et domestique. Cette d\u00e9cortiqueuse de riz est rentable, de bonne qualit\u00e9 et durable. De plus, cette machine peut \u00eatre aliment\u00e9e par un moteur \u00e9lectrique ou un moteur diesel. Contrairement \u00e0 l'<a href=\"https:\/\/taizyagromachine.com\/fr\/product\/rice-mill\/\" target=\"_blank\" rel=\"noreferrer noopener\">unit\u00e9 de d\u00e9corticage de riz<\/a>, cette d\u00e9cortiqueuse de riz Taizy est une petite machine, souvent utilis\u00e9e dans les m\u00e9nages, les petits magasins, etc. <\/p>    <p class=\"translation-block\">La d\u00e9cortiqueuse de riz Taizy a \u00e9t\u00e9 export\u00e9e aux \u00c9tats-Unis, en Mauritanie, au Burkina Faso, en Guin\u00e9e, au Nigeria, au Mozambique, etc. Si vous \u00eates int\u00e9ress\u00e9 par ce type de machine, veuillez <a href=\"https:\/\/taizyagromachine.com\/fr\/contact\/\" target=\"_blank\" rel=\"noreferrer noopener\">nous contacter<\/a> !<\/p>    <h2 class=\"wp-block-heading\"><strong>Types de fraiseuse \u00e0 riz<\/strong><\/h2>    <p>En tant que fabricant et producteur professionnel de machines \u00e0 broyer le riz, nous disposons d'une large gamme de mod\u00e8les de machines \u00e0 broyer le riz. Nous disposons de quatre types de moulins \u00e0 riz : SB-05D, SB-10D, SB-30D et SB-50D. La puissance et le poids de chaque mod\u00e8le sont diff\u00e9rents.<\/p>    <p>C\u00f4t\u00e9 esth\u00e9tique, nos moulins \u00e0 riz sont disponibles sous diverses apparences, mod\u00e8les courants, avec cyclone, avec sacs en tissu, etc. Bref, cela d\u00e9pend de vos besoins. Si vous avez des besoins particuliers et raisonnables, nos machines sauront certainement vous satisfaire.<\/p>    <p class=\"translation-block\"><strong>Mini d\u00e9cortiqueuse de riz de type normal<\/strong><\/p>    <figure class=\"wp-block-gallery aligncenter has-nested-images columns-default is-cropped wp-block-gallery-2 is-layout-flex wp-block-gallery-is-layout-flex\"> <figure class=\"wp-block-image size-large\"><img loading=\"lazy\" decoding=\"async\" width=\"540\" height=\"720\" data-id=\"3789\" src=\"https:\/\/taizyagromachine.com\/wp-content\/uploads\/2022\/10\/rice-husk-miller.webp\" alt=\"broyeur de balles de riz\" class=\"wp-image-3789\"\/><figcaption>meunier de balles de riz<\/figcaption><\/figure>    <figure class=\"wp-block-image size-large\"><img loading=\"lazy\" decoding=\"async\" width=\"540\" height=\"720\" data-id=\"3788\" src=\"https:\/\/taizyagromachine.com\/wp-content\/uploads\/2022\/10\/rice-husker.webp\" alt=\"d\u00e9cortiqueuse de riz\" class=\"wp-image-3788\"\/><figcaption>d\u00e9cortiqueuse de riz<\/figcaption><\/figure> <\/figure>    <p class=\"translation-block\"><strong>D\u00e9cortiqueuse de riz avec cyclone<\/strong><\/p>    <figure class=\"wp-block-gallery aligncenter has-nested-images columns-default is-cropped wp-block-gallery-3 is-layout-flex wp-block-gallery-is-layout-flex\"> <figure class=\"wp-block-image size-large\"><img loading=\"lazy\" decoding=\"async\" width=\"540\" height=\"720\" data-id=\"3790\" src=\"https:\/\/taizyagromachine.com\/wp-content\/uploads\/2022\/10\/mini-rice-miller.webp\" alt=\"mini-moulin \u00e0 riz\" class=\"wp-image-3790\"\/><figcaption>mini-moulin \u00e0 riz<\/figcaption><\/figure>    <figure class=\"wp-block-image size-large\"><img loading=\"lazy\" decoding=\"async\" width=\"540\" height=\"720\" data-id=\"3791\" src=\"https:\/\/taizyagromachine.com\/wp-content\/uploads\/2022\/10\/rice-mini-milling-machine-with-the-cyclone.webp\" alt=\"mini-fraiseuse-\u00e0-riz-avec-le-cyclone\" class=\"wp-image-3791\"\/><figcaption>mini fraiseuse \u00e0 riz <\/figcaption><\/figure> <\/figure>    <p class=\"translation-block\"><strong>Machine combin\u00e9e de traitement du riz<\/strong><\/p>    <figure class=\"wp-block-gallery aligncenter has-nested-images columns-default is-cropped wp-block-gallery-4 is-layout-flex wp-block-gallery-is-layout-flex\"> <figure class=\"wp-block-image size-large\"><img loading=\"lazy\" decoding=\"async\" width=\"540\" height=\"850\" data-id=\"3793\" src=\"https:\/\/taizyagromachine.com\/wp-content\/uploads\/2022\/10\/combined-rice-mill.webp\" alt=\"moulin \u00e0 riz combin\u00e9\" class=\"wp-image-3793\"\/><figcaption>moulin \u00e0 riz combin\u00e9<\/figcaption><\/figure>    <figure class=\"wp-block-image size-large\"><img loading=\"lazy\" decoding=\"async\" width=\"540\" height=\"850\" data-id=\"3794\" src=\"https:\/\/taizyagromachine.com\/wp-content\/uploads\/2022\/10\/combined-rice-processing-machine.webp\" alt=\"machine-de-traitement-de-riz-combin\u00e9e\" class=\"wp-image-3794\"\/><figcaption>machine de traitement du riz combin\u00e9e<\/figcaption><\/figure> <\/figure>    <h2 class=\"wp-block-heading\"><strong>Avantages de la fraiseuse de riz commerciale<\/strong><\/h2>    <ol class=\"wp-block-list\"><li>Cette petite fraiseuse \u00e0 riz de Taizy a une structure raisonnable et une disposition appropri\u00e9e, tr\u00e8s conviviale.<\/li><li>Le rendement de cette petite polisseuse \u00e0 riz varie de 400 \u00e0 2 300 kg par heure, avec une large gamme d'options pour gagner du temps.<\/li><li>Le riz blanc produit par cette machine r\u00e9pond aux r\u00e9glementations nationales en mati\u00e8re de s\u00e9curit\u00e9 alimentaire et est un riz de haute qualit\u00e9.<\/li><li>La machine de traitement du riz Taizy produit un pelage de riz propre, un faible taux de bris de riz et un tr\u00e8s bon effet de pelage.<\/li><li>Cette d\u00e9cortiqueuse de riz peut choisir soit le moteur \u00e9lectrique, soit le moteur diesel comme puissance, ce qui est facultatif.<\/li><\/ol>    <h2 class=\"wp-block-heading\"><strong>Facteurs affectant le prix de la fraiseuse \u00e0 riz<\/strong><\/h2>    <p>Notre petite machine de broyage de riz Taizy est compacte et de structure raisonnable et a un prix comp\u00e9titif sur le march\u00e9 des machines de broyage de riz. Mais le prix est influenc\u00e9 par les aspects suivants (y compris, mais sans s'y limiter).<\/p>    <p class=\"translation-block\"><strong>Les mod\u00e8les sont diff\u00e9rents<\/strong>. En supposant que la puissance s\u00e9lectionn\u00e9e soit la m\u00eame, si vous choisissez diff\u00e9rents mod\u00e8les, la sortie de la machine, la taille, etc. seront diff\u00e9rentes, donc le prix de la machine sera \u00e9galement diff\u00e9rent.<\/p>    <p class=\"translation-block\"><strong>S\u00e9lection de la puissance<\/strong>. Par exemple, choisissez le type SB-30D de d\u00e9cortiqueuse de riz, car ce type peut \u00eatre \u00e9quip\u00e9 d'un moteur et d'un moteur diesel, mais le prix des deux est diff\u00e9rent. Ainsi, le prix de la machine sera \u00e9galement diff\u00e9rent.<\/p>    <p class=\"translation-block\"><strong>Machine en gros<\/strong>. Parce que cette <a href=\"https:\/\/en.wikipedia.org\/wiki\/Rice_huller\" target=\"_blank\" rel=\"noreferrer noopener\">machine d\u00e9cortiqueuse de riz<\/a> est relativement petite, nous la vendons g\u00e9n\u00e9ralement en gros. Le prix de la machine lorsqu'elle est vendue en gros est \u00e9galement diff\u00e9rent du prix d'achat de la machine individuellement.<\/p>   <div class=\"wp-block-image\"> <figure class=\"aligncenter size-full\"><img loading=\"lazy\" decoding=\"async\" width=\"720\" height=\"540\" src=\"https:\/\/taizyagromachine.com\/wp-content\/uploads\/2022\/10\/wholesale-rice-milling-machine.webp\" alt=\"vente en gros fraiseuse \u00e0 riz\" class=\"wp-image-3784\"\/><figcaption>vente en gros fraiseuse \u00e0 riz<\/figcaption><\/figure> <\/div>   <h2 class=\"wp-block-heading\"><strong>Pi\u00e8ces d'usure de la machine de traitement du riz<\/strong><\/h2>    <div class=\"wp-block-media-text alignwide is-stacked-on-mobile\"><figure class=\"wp-block-media-text__media\"><img loading=\"lazy\" decoding=\"async\" width=\"540\" height=\"720\" src=\"https:\/\/taizyagromachine.com\/wp-content\/uploads\/2022\/10\/wearing-parts-of-the-rice-processing-machine.webp\" alt=\"pi\u00e8ces d&#039;usure de la machine de traitement du riz\" class=\"wp-image-3763 size-full\"\/><\/figure><div class=\"wp-block-media-text__content\"> <p>Rouleau en caoutchouc: 2 pi\u00e8ces\/ensemble<\/p>    <p>Rouleau de fer: 1 pi\u00e8ce\/ensemble<\/p>    <p>T\u00eate de transport\u00a0: 1 pi\u00e8ce\/ensemble <\/p>    <p>Tamis: 2 pi\u00e8ces\/ensemble<\/p>    <p>Ceinture hexagonale: 3 pi\u00e8ces\/ensemble<\/p>    <p>Ce sont les pi\u00e8ces consommables lorsque vous utilisez la machine \u00e0 riz. Alors faites attention \u00e0 ces pi\u00e8ces. En outre, vous pouvez acheter des pi\u00e8ces de rechange suppl\u00e9mentaires imm\u00e9diatement.<\/p> <\/div><\/div>    <h2 class=\"wp-block-heading\"><strong>Cas r\u00e9ussi\u00a0:\u00a0une mini fraiseuse \u00e0 riz vendue au Mozambique<\/strong><\/h2>    <p>En juin de cette ann\u00e9e, un client du Mozambique nous a contact\u00e9 et nous a envoy\u00e9 une demande concernant le rizier domestique via WhatsApp. Il est distributeur et vend diverses machines \u00e0 riz dans la r\u00e9gion. Notre manager Winnie lui a fourni des informations sur la machine. Apr\u00e8s l'avoir examin\u00e9, il a command\u00e9 5 unit\u00e9s pour la premi\u00e8re fois et a d\u00e9clar\u00e9 qu'il continuerait \u00e0 commander si cela fonctionnait bien. En octobre de cette ann\u00e9e, il a command\u00e9 10 unit\u00e9s suppl\u00e9mentaires.<\/p>    <figure class=\"wp-block-gallery aligncenter has-nested-images columns-default is-cropped wp-block-gallery-5 is-layout-flex wp-block-gallery-is-layout-flex\"> <figure class=\"wp-block-image size-full\"><img loading=\"lazy\" decoding=\"async\" width=\"720\" height=\"540\" data-id=\"3759\" src=\"https:\/\/taizyagromachine.com\/wp-content\/uploads\/2022\/10\/rice-milling-machine-for-sale.webp\" alt=\"fraiseuse-\u00e0-riz-\u00e0-vendre\" class=\"wp-image-3759\"\/><figcaption>fraiseuse \u00e0 riz \u00e0 vendre<\/figcaption><\/figure>    <figure class=\"wp-block-image size-full\"><img loading=\"lazy\" decoding=\"async\" width=\"720\" height=\"540\" data-id=\"3758\" src=\"https:\/\/taizyagromachine.com\/wp-content\/uploads\/2022\/10\/packages.webp\" alt=\"paquets\" class=\"wp-image-3758\"\/><figcaption>paquets<\/figcaption><\/figure> <\/figure>    <h2 class=\"wp-block-heading\"><strong>Param\u00e8tres techniques de la fraiseuse de riz \u00e0 vendre<\/strong><\/h2>    <figure class=\"wp-block-table\"><table><tbody><tr><td>Mod\u00e8le<\/td><td>SB-05D<\/td><td>SB-10D<\/td><td>SB-30D<\/td><td>SB-50D<\/td><\/tr><tr><td>Pouvoir<\/td><td>Moteur diesel 10 ch \/ moteur 5,5 kW<\/td><td>Moteur diesel 15 ch\/moteur 11 kW<\/td><td>&nbsp;&nbsp;&nbsp;&nbsp;Moteur diesel 18 ch\/moteur 15 kW<\/td><td>Moteur diesel de 30\u00a0ch\u00a0\/\u00a0moteur de 22\u00a0kW<\/td><\/tr><tr><td>Capacit\u00e9<\/td><td>400-600 kg\/heure<\/td><td>700-1000kg\/heure<\/td><td>&nbsp;&nbsp;&nbsp;1100-1500kg\/heure<\/td><td>1800-2300kg\/heure<\/td><\/tr><tr><td>Poids net<\/td><td>130 kg<\/td><td>230 kg<\/td><td>&nbsp;&nbsp;&nbsp;&nbsp;&nbsp;270 kg<\/td><td>530 kg<\/td><\/tr><tr><td>Poids brut<\/td><td>160 kg<\/td><td>&nbsp;285 kg<\/td><td>&nbsp;&nbsp;&nbsp;&nbsp;&nbsp;300 kg<\/td><td>580 kg<\/td><\/tr><tr><td>Taille globale<\/td><td>860*692*1290mm<\/td><td>760*730*1735mm<\/td><td>1070*760*1760mm<\/td><td>2400*1080*2080mm<\/td><\/tr><tr><td>Chargement de la quantit\u00e9\/20GP<\/td><td>27 ensembles<\/td><td>24 ensembles<\/td><td>18 ensembles<\/td><td>12 ensembles<\/td><\/tr><\/tbody><\/table><\/figure>    <h2 class=\"wp-block-heading\"><strong>Vid\u00e9o de travail de la fraiseuse \u00e0 riz Taizy<\/strong><\/h2>    <p><\/p>    <figure class=\"wp-block-embed is-type-video is-provider-youtube wp-block-embed-youtube wp-embed-aspect-16-9 wp-has-aspect-ratio\"><div class=\"wp-block-embed__wrapper\"> <iframe loading=\"lazy\" title=\"Meilleure petite fraiseuse \u00e0 riz | Machine de moulin \u00e0 riz pour la maison #ricemillmachine\" width=\"500\" height=\"281\" src=\"https:\/\/www.youtube.com\/embed\/oXby4Zx-N4s?feature=oembed\" frameborder=\"0\" allow=\"accelerometer; autoplay; clipboard-write; encrypted-media; gyroscope; picture-in-picture; web-share\" referrerpolicy=\"strict-origin-when-cross-origin\" allowfullscreen><\/iframe> <\/div><\/figure>","protected":false},"excerpt":{"rendered":"<p>The rice milling machine uses to produce white rice, for commercial and home use. This rice miller machine is cost-effective, good quality, and durable. Besides, this machine can be powered by an electric motor or diesel engine. Unlike the rice milling unit, this Taizy rice mill machine is a small machine, which is often used [&hellip;]<\/p>\n","protected":false},"author":1,"featured_media":3783,"parent":0,"template":"","tags":[35,56,57],"product-type":[18],"class_list":["post-3756","product","type-product","status-publish","has-post-thumbnail","hentry","tag-rice-mill","tag-rice-mill-machine","tag-rice-milling-machine","product-type-rice-mill"],"_links":{"self":[{"href":"https:\/\/taizyagromachine.com\/fr\/wp-json\/wp\/v2\/product\/3756","targetHints":{"allow":["GET"]}}],"collection":[{"href":"https:\/\/taizyagromachine.com\/fr\/wp-json\/wp\/v2\/product"}],"about":[{"href":"https:\/\/taizyagromachine.com\/fr\/wp-json\/wp\/v2\/types\/product"}],"author":[{"embeddable":true,"href":"https:\/\/taizyagromachine.com\/fr\/wp-json\/wp\/v2\/users\/1"}],"wp:featuredmedia":[{"embeddable":true,"href":"https:\/\/taizyagromachine.com\/fr\/wp-json\/wp\/v2\/media\/3783"}],"wp:attachment":[{"href":"https:\/\/taizyagromachine.com\/fr\/wp-json\/wp\/v2\/media?parent=3756"}],"wp:term":[{"taxonomy":"post_tag","embeddable":true,"href":"https:\/\/taizyagromachine.com\/fr\/wp-json\/wp\/v2\/tags?post=3756"},{"taxonomy":"product-type","embeddable":true,"href":"https:\/\/taizyagromachine.com\/fr\/wp-json\/wp\/v2\/product-type?post=3756"}],"curies":[{"name":"wp","href":"https:\/\/api.w.org\/{rel}","templated":true}]}}