{"id":4091,"date":"2022-11-21T11:05:17","date_gmt":"2022-11-21T03:05:17","guid":{"rendered":"https:\/\/taizyagromachine.com\/?post_type=product&#038;p=4091"},"modified":"2025-01-02T13:50:30","modified_gmt":"2025-01-02T05:50:30","slug":"corn-sheller-maize-threshing-machine","status":"publish","type":"product","link":"https:\/\/taizyagromachine.com\/fr\/product\/corn-sheller-maize-threshing-machine\/","title":{"rendered":"D\u00e9cortiqueur de ma\u00efs | Batteuse de ma\u00efs"},"content":{"rendered":"<p class=\"translation-block\">La d\u00e9cortiqueuse de ma\u00efs est sp\u00e9cialement con\u00e7ue pour le battage du ma\u00efs, ce qui est b\u00e9n\u00e9fique pour les agriculteurs de ma\u00efs. Ce <a href=\"https:\/\/taizyagromachine.com\/fr\/product\/multifunctional-thresher\/\" target=\"_blank\" rel=\"noreferrer noopener\">batteur de ma\u00efs<\/a> est simple dans sa structure et tr\u00e8s efficace, capable de battre 3 \u00e0 4 tonnes de ma\u00efs par heure, ce qui en fait l'id\u00e9al pour les petits ou moyens producteurs de ma\u00efs. De plus, cette <a href=\"https:\/\/cornmachines.com\/corn-sheller-machine\/\" target=\"_blank\" rel=\"noreferrer noopener\">machine \u00e0 battre le ma\u00efs<\/a> est tr\u00e8s rentable, bon march\u00e9 et de bonne qualit\u00e9 en m\u00eame temps.<\/p>    <p>Par cons\u00e9quent, cette batteuse de ma\u00efs est tr\u00e8s populaire sur les march\u00e9s nationaux et \u00e9trangers, comme le Nigeria, les Philippines, le Kenya, etc. sont les pays que nous souhaitons exporter.<\/p>    <h2 class=\"wp-block-heading\"><strong>Types de d\u00e9cortiqueuse de ma\u00efs \u00e0 vendre<\/strong><\/h2>    <div class=\"wp-block-columns is-layout-flex wp-container-core-columns-is-layout-9d6595d7 wp-block-columns-is-layout-flex\"> <div class=\"wp-block-column is-layout-flow wp-block-column-is-layout-flow\"><div class=\"wp-block-image\"> <figure class=\"aligncenter size-full\"><img loading=\"lazy\" decoding=\"async\" width=\"540\" height=\"600\" src=\"https:\/\/taizyagromachine.com\/wp-content\/uploads\/2022\/11\/corn-sheller-machine-for-sale.webp\" alt=\"d\u00e9cortiqueuse de ma\u00efs \u00e0 vendre\" class=\"wp-image-4099\"\/><figcaption class=\"wp-element-caption\">d\u00e9cortiqueuse de ma\u00efs \u00e0 vendre<\/figcaption><\/figure> <\/div><\/div>    <div class=\"wp-block-column is-layout-flow wp-block-column-is-layout-flow\"> <p><\/p>    <p>Cette d\u00e9cortiqueuse de ma\u00efs de Taizy est con\u00e7ue selon les besoins de la majorit\u00e9 des producteurs de ma\u00efs et est tr\u00e8s s\u00e9lective. La d\u00e9cortiqueuse de ma\u00efs peut \u00eatre \u00e9quip\u00e9e d'un moteur \u00e9lectrique, d'un moteur \u00e0 essence et d'un moteur diesel pour fournir une assistance \u00e9lectrique. L\u2019unit\u00e9 de puissance correspondante peut \u00eatre adapt\u00e9e en fonction des besoins du client.<\/p>    <p>De plus, comme vous pouvez le voir sur la photo, cette machine peut \u00eatre \u00e9quip\u00e9e de petites roues, tr\u00e8s pratiques \u00e0 d\u00e9placer. Il existe \u00e9galement des supports qui permettent aux utilisateurs d'utiliser la machine plus facilement.<\/p>    <p>Notre d\u00e9cortiqueuse de ma\u00efs a d'excellentes performances pour battre le ma\u00efs \u00e0 un taux de d\u00e9corticage \u00e9lev\u00e9, dans le but d'obtenir des grains de ma\u00efs propres et entiers. C\u2019est donc une bonne aide pour les agriculteurs. Si vous \u00eates int\u00e9ress\u00e9, n'h\u00e9sitez pas \u00e0 nous contacter\u00a0!<\/p> <\/div> <\/div>    <h2 class=\"wp-block-heading\"><strong>Conception de la machine \u00e0 d\u00e9cortiquer le ma\u00efs<\/strong><\/h2>    <p>En fait, comme vous pouvez le voir sur les images ci-dessous, la conception de notre machine est tr\u00e8s simple, compos\u00e9e principalement d'une entr\u00e9e de ma\u00efs, d'une sortie de ma\u00efs, d'une sortie de graines de ma\u00efs, d'un syst\u00e8me d'alimentation, d'un support, etc. Elle est tr\u00e8s pratique et facile \u00e0 utiliser. <\/p>    <p>La batteuse de ma\u00efs dans son ensemble semble simple et belle, tr\u00e8s attrayante, et cette machine a un bon rapport qualit\u00e9-prix et est tr\u00e8s adapt\u00e9e \u00e0 la vente en gros.<\/p>   <div class=\"wp-block-image\"> <figure class=\"aligncenter size-full\"><img loading=\"lazy\" decoding=\"async\" width=\"720\" height=\"540\" src=\"https:\/\/taizyagromachine.com\/wp-content\/uploads\/2022\/11\/corn-sheller-machine-structure.webp\" alt=\"structure de la machine \u00e0 d\u00e9cortiquer le ma\u00efs\" class=\"wp-image-4104\"\/><figcaption class=\"wp-element-caption\">structure de la machine \u00e0 d\u00e9cortiquer le ma\u00efs<\/figcaption><\/figure> <\/div>   <h2 class=\"wp-block-heading\"><strong>Comment fonctionne le d\u00e9cortiqueur de ma\u00efs ?<\/strong><\/h2>    <p>En fait, le principe de fonctionnement est tr\u00e8s simple \u00e0 comprendre. Le ma\u00efs est introduit par l'entr\u00e9e et les \u00e9pis et les grains sont s\u00e9par\u00e9s \u00e0 l'int\u00e9rieur, apr\u00e8s quoi les grains s'\u00e9chappent du tamis tandis que les \u00e9pis sont \u00e9vacu\u00e9s de l'extr\u00e9mit\u00e9 de la machine. Ce processus est tr\u00e8s rapide et efficace pour le battage. Il doit \u00e9galement \u00eatre correctement v\u00e9rifi\u00e9 avant utilisation.<\/p>    <figure class=\"wp-block-gallery aligncenter has-nested-images columns-default is-cropped wp-block-gallery-2 is-layout-flex wp-block-gallery-is-layout-flex\"> <figure class=\"wp-block-image size-full\"><img loading=\"lazy\" decoding=\"async\" width=\"750\" height=\"750\" data-id=\"4113\" src=\"https:\/\/taizyagromachine.com\/wp-content\/uploads\/2022\/11\/working-scene-of-the-corn-sheller-machine.webp\" alt=\"sc\u00e8ne-de-travail-de-la-d\u00e9cortiqueuse-de-ma\u00efs\" class=\"wp-image-4113\"\/><figcaption class=\"wp-element-caption\">sc\u00e8ne de travail de la d\u00e9cortiqueuse de ma\u00efs<\/figcaption><\/figure>    <figure class=\"wp-block-image size-full\"><img loading=\"lazy\" decoding=\"async\" width=\"750\" height=\"750\" data-id=\"4112\" src=\"https:\/\/taizyagromachine.com\/wp-content\/uploads\/2022\/11\/corn-kernels.webp\" alt=\"grains de ma\u00efs\" class=\"wp-image-4112\"\/><figcaption class=\"wp-element-caption\">grains de ma\u00efs<\/figcaption><\/figure> <\/figure>    <h2 class=\"wp-block-heading\"><strong>Machine de battage de ma\u00efs de ma\u00efs en gros <\/strong><\/h2>    <p class=\"translation-block\">La d\u00e9cortiqueuse de ma\u00efs Taizy a un bon rapport qualit\u00e9-prix, il n'est donc pas rare que les clients commencent avec 5 unit\u00e9s et en ach\u00e8tent des dizaines ou des centaines. Par exemple, en octobre de cette ann\u00e9e, nous avons exp\u00e9di\u00e9 <a href=\"https:\/\/taizyagromachine.com\/fr\/info\/corn-thresher-philippines\/\" target=\"_blank\" rel=\"noreferrer noopener\">10 de ces d\u00e9cortiqueuses de ma\u00efs aux Philippines<\/a>. Lorsque les machines sont charg\u00e9es, elles le sont souvent de la mani\u00e8re illustr\u00e9e ci-dessous, et notre personnel exp\u00e9riment\u00e9 chargera les machines avec une protection maximale contre les dommages pendant le transport.<\/p>    <figure class=\"wp-block-gallery aligncenter has-nested-images columns-default is-cropped wp-block-gallery-3 is-layout-flex wp-block-gallery-is-layout-flex\"> <figure class=\"wp-block-image size-full\"><img loading=\"lazy\" decoding=\"async\" width=\"720\" height=\"540\" data-id=\"4115\" src=\"https:\/\/taizyagromachine.com\/wp-content\/uploads\/2022\/11\/maize-sheller-ready-for-load.webp\" alt=\"d\u00e9cortiqueuse-de-ma\u00efs-pr\u00eate-\u00e0-charger\" class=\"wp-image-4115\"\/><figcaption class=\"wp-element-caption\">d\u00e9cortiqueuse de ma\u00efs <\/figcaption><\/figure>    <figure class=\"wp-block-image size-full\"><img loading=\"lazy\" decoding=\"async\" width=\"720\" height=\"540\" data-id=\"4114\" src=\"https:\/\/taizyagromachine.com\/wp-content\/uploads\/2022\/11\/load-in-the-container.webp\" alt=\"charger dans le conteneur\" class=\"wp-image-4114\"\/><figcaption class=\"wp-element-caption\">charger la d\u00e9cortiqueuse de ma\u00efs dans le conteneur<\/figcaption><\/figure>    <figure class=\"wp-block-image size-large\"><img loading=\"lazy\" decoding=\"async\" width=\"720\" height=\"540\" data-id=\"4116\" src=\"https:\/\/taizyagromachine.com\/wp-content\/uploads\/2022\/11\/wholesale-corn-thresher.webp\" alt=\"batteuse de ma\u00efs en gros\" class=\"wp-image-4116\"\/><figcaption class=\"wp-element-caption\">vente en gros batteuse de ma\u00efs<\/figcaption><\/figure> <\/figure>    <h2 class=\"wp-block-heading\"><strong>Param\u00e8tres techniques de la machine \u00e0 d\u00e9cortiquer le ma\u00efs<\/strong><\/h2>    <figure class=\"wp-block-table\"><table><tbody><tr><td>Mod\u00e8le<\/td><td>SL-B<\/td><\/tr><tr><td>Pouvoir<\/td><td>Moteur \u00e0 essence 170F ou moteur 2,2 kW ou moteur diesel<\/td><\/tr><tr><td>Capacit\u00e9<\/td><td>3t-4t\/heure<\/td><\/tr><tr><td>Taille<\/td><td>1300*400*900mm<\/td><\/tr><tr><td>Poids<\/td><td>71kg<\/td><\/tr><\/tbody><\/table><\/figure>    <h2 class=\"wp-block-heading\"><strong>Vid\u00e9o de la batteuse d\u00e9cortiqueuse de ma\u00efs \u2013 Utilisation \u00e0 la ferme agricole<\/strong><\/h2>    <figure class=\"wp-block-embed is-type-video is-provider-youtube wp-block-embed-youtube wp-embed-aspect-16-9 wp-has-aspect-ratio\"><div class=\"wp-block-embed__wrapper\"> <iframe loading=\"lazy\" title=\"Machine \u00e0 d\u00e9cortiquer le ma\u00efs de grande performance | Batteuse de ma\u00efs de Taizy 2022 #corn\" width=\"500\" height=\"281\" src=\"https:\/\/www.youtube.com\/embed\/Qe2O6ylATT8?feature=oembed\" frameborder=\"0\" allow=\"accelerometer; autoplay; clipboard-write; encrypted-media; gyroscope; picture-in-picture; web-share\" referrerpolicy=\"strict-origin-when-cross-origin\" allowfullscreen><\/iframe> <\/div><\/figure>","protected":false},"excerpt":{"rendered":"<p>The corn sheller is specially designed for threshing maize beneficial to corn farmers. This corn thresher is simple in structure and very efficient, capable of threshing 3-4 tons of corn per hour, making it ideal for small or medium-sized corn growers. Besides, this maize threshing machine is very cost-effective, cheap and of good quality at [&hellip;]<\/p>\n","protected":false},"author":1,"featured_media":4092,"parent":0,"template":"","tags":[191,195,200],"product-type":[17],"class_list":["post-4091","product","type-product","status-publish","has-post-thumbnail","hentry","tag-corn-sheller","tag-corn-thresher","tag-maize-threshing-machine","product-type-corn-machine"],"_links":{"self":[{"href":"https:\/\/taizyagromachine.com\/fr\/wp-json\/wp\/v2\/product\/4091","targetHints":{"allow":["GET"]}}],"collection":[{"href":"https:\/\/taizyagromachine.com\/fr\/wp-json\/wp\/v2\/product"}],"about":[{"href":"https:\/\/taizyagromachine.com\/fr\/wp-json\/wp\/v2\/types\/product"}],"author":[{"embeddable":true,"href":"https:\/\/taizyagromachine.com\/fr\/wp-json\/wp\/v2\/users\/1"}],"wp:featuredmedia":[{"embeddable":true,"href":"https:\/\/taizyagromachine.com\/fr\/wp-json\/wp\/v2\/media\/4092"}],"wp:attachment":[{"href":"https:\/\/taizyagromachine.com\/fr\/wp-json\/wp\/v2\/media?parent=4091"}],"wp:term":[{"taxonomy":"post_tag","embeddable":true,"href":"https:\/\/taizyagromachine.com\/fr\/wp-json\/wp\/v2\/tags?post=4091"},{"taxonomy":"product-type","embeddable":true,"href":"https:\/\/taizyagromachine.com\/fr\/wp-json\/wp\/v2\/product-type?post=4091"}],"curies":[{"name":"wp","href":"https:\/\/api.w.org\/{rel}","templated":true}]}}