{"id":4358,"date":"2022-12-27T13:53:59","date_gmt":"2022-12-27T05:53:59","guid":{"rendered":"https:\/\/taizyagromachine.com\/?post_type=product&#038;p=4358"},"modified":"2025-12-18T15:02:32","modified_gmt":"2025-12-18T07:02:32","slug":"sorghum-threshing-machine","status":"publish","type":"product","link":"https:\/\/taizyagromachine.com\/fr\/product\/sorghum-threshing-machine\/","title":{"rendered":"Batteuse de sorgho polyvalente pour millet, sorgho et colza"},"content":{"rendered":"<p>La batteuse de sorgho s\u00e9rie 5TGQ est une d\u00e9cortiqueuse d\u00e9velopp\u00e9e par notre soci\u00e9t\u00e9 sp\u00e9cifiquement pour le sorgho, le mil et le colza. Avec une cadence de battage sup\u00e9rieure \u00e0 99%, cette machine est une batteuse \u00e0 grains imbattable.<\/p>    <p class=\"translation-block\">En tant que <a href=\"https:\/\/taizyagromachine.com\/fr\/\" target=\"_blank\" rel=\"noreferrer noopener\">fabricant et fournisseur professionnel de machines agricoles<\/a>, il existe trois mod\u00e8les : 5TGQ-100A, 5TGQ-100B et 5TGQ-100C. Diff\u00e9rents mod\u00e8les sont disponibles en fonction du rendement. En plus de cela, nos batteuses \u00e0 grains sont souvent achet\u00e9es par les gouvernements africains pour divers projets gouvernementaux.<\/p>    <h2 class=\"wp-block-heading\"><strong>Types de batteuse multi-cultures pour le sorgho, le millet et le colza<\/strong><\/h2>    <p>Nous disposons \u00e0 Taizy de trois types de batteuses de sorgho, chacune ayant ses propres caract\u00e9ristiques. Vous trouverez ci-dessous une introduction \u00e0 chacun d\u2019eux. Nous esp\u00e9rons que ce qui suit vous aidera \u00e0 mieux comprendre nos trois diff\u00e9rents types de batteuses de sorgho et vous donnera une compr\u00e9hension de base de cette machine.<\/p>    <h3 class=\"wp-block-heading\"><strong>Type 1 : d\u00e9cortiqueuse de sorgho 1000 kg\/h<\/strong><\/h3>    <div class=\"wp-block-media-text alignwide is-stacked-on-mobile\"><figure class=\"wp-block-media-text__media\"><img loading=\"lazy\" decoding=\"async\" width=\"540\" height=\"720\" src=\"https:\/\/taizyagromachine.com\/wp-content\/uploads\/2022\/12\/large-sorghum-threshing-machine.webp\" alt=\"grande batteuse de sorgho\" class=\"wp-image-4392 size-full\"\/><\/figure><div class=\"wp-block-media-text__content\"> <p>Ce type de batteuse de sorgho est le plus grand des trois mod\u00e8les. Cette machine a un rendement de 1000 kg par heure et est tr\u00e8s efficace. Pour les agriculteurs qui souhaitent effectuer un battage \u00e0 grande \u00e9chelle, cette machine est d\u2019une grande aide.<\/p>    <p>De plus, cette machine peut \u00e9galement \u00eatre utilis\u00e9e avec un moteur \u00e9lectrique, un moteur diesel ou connect\u00e9e \u00e0 une prise de force, ce qui la rend tr\u00e8s facile \u00e0 d\u00e9placer. Si cette machine vous int\u00e9resse, contactez-nous !<\/p> <\/div><\/div>    <h3 class=\"wp-block-heading\"><strong>Type 2\u00a0: 500-600 kg\/h <a href=\"https:\/\/taizyagromachine.com\/fr\/product\/multifunctional-thresher\/\" target=\"_blank\" rel=\"noreferrer noopener\">Batteuse polyvalente<\/a><\/strong><\/h3>    <p>Cette batteuse de sorgho est une sorte de machine tr\u00e8s vendue \u00e0 Taizy, et nous avons souvent des clients \u00e9trangers qui font des achats centralis\u00e9s, toujours dans des conteneurs pleins. Avec un rendement de 500 \u00e0 600 kg par heure, cette machine est id\u00e9ale pour les producteurs de petite et moyenne taille. La machine est \u00e9galement tr\u00e8s appr\u00e9ci\u00e9e des associations caritatives.<\/p>    <p>La d\u00e9cortiqueuse de sorgho peut utiliser un moteur diesel, un moteur \u00e9lectrique ou une prise de force. C\u2019est tr\u00e8s convivial pour les personnes qui manquent d\u2019\u00e9lectricit\u00e9. En cas de besoin, contactez-nous imm\u00e9diatement !<\/p>    <figure class=\"wp-block-gallery aligncenter has-nested-images columns-default is-cropped wp-block-gallery-2 is-layout-flex wp-block-gallery-is-layout-flex\"> <figure class=\"wp-block-image size-large\"><img loading=\"lazy\" decoding=\"async\" width=\"720\" height=\"540\" data-id=\"4378\" src=\"https:\/\/taizyagromachine.com\/wp-content\/uploads\/2022\/12\/diesel-engine-thresher-machine.webp\" alt=\"batteuse \u00e0 moteur diesel\" class=\"wp-image-4378\"\/><figcaption class=\"wp-element-caption\">batteuse \u00e0 moteur diesel<\/figcaption><\/figure>    <figure class=\"wp-block-image size-large\"><img loading=\"lazy\" decoding=\"async\" width=\"720\" height=\"540\" data-id=\"4379\" src=\"https:\/\/taizyagromachine.com\/wp-content\/uploads\/2022\/12\/electric-motor-sorghum-thresher.webp\" alt=\"batteuse de sorgho \u00e0 moteur \u00e9lectrique\" class=\"wp-image-4379\"\/><figcaption class=\"wp-element-caption\">batteuse de sorgho \u00e0 moteur \u00e9lectrique<\/figcaption><\/figure>    <figure class=\"wp-block-image size-large\"><img loading=\"lazy\" decoding=\"async\" width=\"720\" height=\"540\" data-id=\"4380\" src=\"https:\/\/taizyagromachine.com\/wp-content\/uploads\/2022\/12\/PTO-driven-crop-thresher.webp\" alt=\"Batteuse de r\u00e9colte sur prise de force\" class=\"wp-image-4380\"\/><figcaption class=\"wp-element-caption\">Batteuse de r\u00e9colte sur prise de force<\/figcaption><\/figure> <\/figure>    <h4 class=\"wp-block-heading\"><strong>Structure de la batteuse multi-cultures 5TGQ-100A et 5TGQ-100B<\/strong><\/h4>    <figure class=\"wp-block-gallery aligncenter has-nested-images columns-default is-cropped wp-block-gallery-3 is-layout-flex wp-block-gallery-is-layout-flex\"> <figure class=\"wp-block-image size-large\"><img loading=\"lazy\" decoding=\"async\" width=\"540\" height=\"900\" data-id=\"4390\" src=\"https:\/\/taizyagromachine.com\/wp-content\/uploads\/2022\/12\/big-sorghum-thresher-structure.webp\" alt=\"grande structure de batteuse de sorgho\" class=\"wp-image-4390\"\/><figcaption class=\"wp-element-caption\">grande structure de batteuse de sorgho<\/figcaption><\/figure>    <figure class=\"wp-block-image size-large\"><img loading=\"lazy\" decoding=\"async\" width=\"540\" height=\"900\" data-id=\"4391\" src=\"https:\/\/taizyagromachine.com\/wp-content\/uploads\/2022\/12\/PTO-big-tires.webp\" alt=\"Prise de force et gros pneus\" class=\"wp-image-4391\"\/><figcaption class=\"wp-element-caption\">Prise de force et gros pneus<\/figcaption><\/figure> <\/figure>    <figure class=\"wp-block-table\"><table><tbody><tr><td>S\/N<\/td><td>Pi\u00e8ce de machine<\/td><td>S\/N<\/td><td>Pi\u00e8ce de machine<\/td><\/tr><tr><td>1<\/td><td>Entr\u00e9e<\/td><td>4<\/td><td>Sortie de poussi\u00e8re<\/td><\/tr><tr><td>2<\/td><td>Maille d'\u00e9cran<\/td><td>5<\/td><td>Sortie Icker<\/td><\/tr><tr><td>3<\/td><td>Sortie<\/td><td>6<\/td><td>Moteur diesel<\/td><\/tr><\/tbody><\/table><\/figure>    <p>Cette batteuse de sorgho est \u00e9galement disponible avec un moteur, une prise de force et cette machine peut \u00eatre \u00e9quip\u00e9e de gros pneus, selon les besoins du client.<\/p>    <h3 class=\"wp-block-heading\"><strong>Type 3\u00a0:\u00a0batteuse de sorgho 400 kg\/h<\/strong><\/h3>    <p>Cette machine est la plus petite des trois et convient aux petits producteurs. Avec un rendement de 400 kg par heure, cette machine est tr\u00e8s \u00e9conomique. Il peut \u00e9galement \u00eatre utilis\u00e9 avec des moteurs \u00e9lectriques, essence ou diesel, selon les besoins du client.<\/p>    <p>Si vous ne savez pas quel type de batteuse de sorgho vous convient, vous pouvez nous contacter et nos professionnels vous recommanderont le type de machine le plus adapt\u00e9 \u00e0 vos besoins !<\/p>    <figure class=\"wp-block-gallery aligncenter has-nested-images columns-default is-cropped wp-block-gallery-4 is-layout-flex wp-block-gallery-is-layout-flex\"> <figure class=\"wp-block-image size-large\"><img loading=\"lazy\" decoding=\"async\" width=\"720\" height=\"540\" data-id=\"4383\" src=\"https:\/\/taizyagromachine.com\/wp-content\/uploads\/2022\/12\/electric-motor-sorghum-threshing-machine.webp\" alt=\"batteuse de sorgho \u00e0 moteur \u00e9lectrique\" class=\"wp-image-4383\"\/><figcaption class=\"wp-element-caption\">batteuse de sorgho \u00e0 moteur \u00e9lectrique<\/figcaption><\/figure>    <figure class=\"wp-block-image size-large\"><img loading=\"lazy\" decoding=\"async\" width=\"720\" height=\"540\" data-id=\"4384\" src=\"https:\/\/taizyagromachine.com\/wp-content\/uploads\/2022\/12\/small-sorghum-millet-thresher.webp\" alt=\"petite batteuse de mil sorgho\" class=\"wp-image-4384\"\/><figcaption class=\"wp-element-caption\">petite batteuse de mil sorgho<\/figcaption><\/figure>    <figure class=\"wp-block-image size-large\"><img loading=\"lazy\" decoding=\"async\" width=\"720\" height=\"540\" data-id=\"4382\" src=\"https:\/\/taizyagromachine.com\/wp-content\/uploads\/2022\/12\/5TGQ-100C-sheller-machine.webp\" alt=\"D\u00e9cortiqueuse 5TGQ-100C\" class=\"wp-image-4382\"\/><figcaption class=\"wp-element-caption\">D\u00e9cortiqueuse 5TGQ-100C<\/figcaption><\/figure> <\/figure>    <h4 class=\"wp-block-heading\"><strong>Structure de la batteuse de sorgho millet 5TGQ-100C <\/strong><\/h4>   <div class=\"wp-block-image\"> <figure class=\"aligncenter size-full\"><img loading=\"lazy\" decoding=\"async\" width=\"720\" height=\"540\" src=\"https:\/\/taizyagromachine.com\/wp-content\/uploads\/2022\/12\/structure-of-small-sorghum-threshing-machine.webp\" alt=\"structure d&#039;une petite batteuse de sorgho\" class=\"wp-image-4388\"\/><figcaption class=\"wp-element-caption\">structure d'une petite batteuse de sorgho<\/figcaption><\/figure> <\/div>   <figure class=\"wp-block-table\"><table><tbody><tr><td>S\/N<\/td><td>Contenu indiqu\u00e9<\/td><\/tr><tr><td>UN<\/td><td>Entr\u00e9e \u2013 les travailleurs mettent les mati\u00e8res premi\u00e8res dans l\u2019entr\u00e9e<\/td><\/tr><tr><td>B<\/td><td>Sortie Icker \u2013 l\u2019icker sera d\u00e9charg\u00e9 de la sortie<\/td><\/tr><tr><td>C<\/td><td>Point de vente de graines \u2013 ce point de vente pour de bons produits finaux, et les produits finaux seront tr\u00e8s propres<\/td><\/tr><tr><td>D<\/td><td>Sortie d'impuret\u00e9s - la poussi\u00e8re sera \u00e9vacu\u00e9e de cette sortie<\/td><\/tr><tr><td>E<\/td><td>Moteur \u2013 ce moteur \u00e9lectrique peut \u00eatre transform\u00e9 en moteurs \u00e0 essence ou diesel<\/td><\/tr><\/tbody><\/table><\/figure>    <h2 class=\"wp-block-heading\"><strong>Applications de la batteuse de sorgho Taizy<\/strong><\/h2>    <p>Notre batteuse multifonctionnelle \u00e0 grains est principalement utilis\u00e9e pour battre le sorgho, le millet et le colza, et ses applications sont similaires \u00e0 ces trois grains. Si vous avez des questions, vous pouvez nous contacter et notre responsable des ventes vous recommandera la machine adapt\u00e9e \u00e0 vos grains !<\/p>   <div class=\"wp-block-image\"> <figure class=\"aligncenter size-full\"><img loading=\"lazy\" decoding=\"async\" width=\"720\" height=\"540\" src=\"https:\/\/taizyagromachine.com\/wp-content\/uploads\/2022\/12\/applications-of-sorghum-thresher-machine.webp\" alt=\"applications de la batteuse de sorgho\" class=\"wp-image-4374\"\/><figcaption class=\"wp-element-caption\">applications de la batteuse de sorgho<\/figcaption><\/figure> <\/div>   <h2 class=\"wp-block-heading\"><strong>Caract\u00e9ristiques de la batteuse Millet Sorgho<\/strong><\/h2>    <ol class=\"wp-block-list\"> <li>Cette batteuse peut battre le sorgho, le mil et le colza avec un taux de battage 99%.<\/li>    <li>Cette machine peut \u00eatre utilis\u00e9e avec un moteur \u00e9lectrique ou un moteur diesel, ce qui la rend tr\u00e8s adapt\u00e9e aux zones o\u00f9 l'\u00e9lectricit\u00e9 est moins d\u00e9velopp\u00e9e.<\/li>    <li>La batteuse de sorgho est scientifiquement con\u00e7ue, structurellement solide, stable et facile \u00e0 utiliser.<\/li>    <li>La machine est con\u00e7ue pour diff\u00e9rents grains et doit \u00eatre remplac\u00e9e par un tamis adapt\u00e9.<\/li>    <li>La machine peut \u00eatre \u00e9quip\u00e9e d'une grande roue et peut \u00e9galement \u00eatre utilis\u00e9e avec une prise de force et un tracteur, ce qui est tr\u00e8s pratique.<\/li> <\/ol>    <h2 class=\"wp-block-heading\"><strong>Cas r\u00e9ussis de la batteuse de sorgho Taizy<\/strong><\/h2>    <p>Notre d\u00e9cortiqueuse de sorgho est tr\u00e8s populaire sur le march\u00e9 international, souvent pour l'exportation au d\u00e9tail, et chaque fois que nos clients ach\u00e8tent nos machines en grandes quantit\u00e9s pour des projets gouvernementaux ou des achats gouvernementaux. Par exemple, le Kenya, le Nigeria et d'autres pays. L'image ci-dessous montre des sc\u00e8nes de notre transport lorsque le client ach\u00e8te une grande quantit\u00e9 de batteuses.<\/p>    <figure class=\"wp-block-gallery aligncenter has-nested-images columns-default is-cropped wp-block-gallery-5 is-layout-flex wp-block-gallery-is-layout-flex\"> <figure class=\"wp-block-image size-large\"><img loading=\"lazy\" decoding=\"async\" width=\"540\" height=\"720\" data-id=\"4365\" src=\"https:\/\/taizyagromachine.com\/wp-content\/uploads\/2022\/12\/packing-sorghum-thresher-machine.webp\" alt=\"batteuse de sorgho d&#039;emballage\" class=\"wp-image-4365\"\/><figcaption class=\"wp-element-caption\">batteuse de sorgho d'emballage<\/figcaption><\/figure>    <figure class=\"wp-block-image size-large\"><img loading=\"lazy\" decoding=\"async\" width=\"540\" height=\"720\" data-id=\"4366\" src=\"https:\/\/taizyagromachine.com\/wp-content\/uploads\/2022\/12\/sorghum-threshing-machine-1.webp\" alt=\"batteuse de sorgho\" class=\"wp-image-4366\"\/><figcaption class=\"wp-element-caption\">batteuse de sorgho<\/figcaption><\/figure> <\/figure>    <h2 class=\"wp-block-heading\"><strong>Param\u00e8tres techniques de la batteuse de sorgho<\/strong><\/h2>    <figure class=\"wp-block-table\"><table><tbody><tr><td>Mod\u00e8le<\/td><td>5TGQ-100A<\/td><td>5TGQ-100B<\/td><td>5TGQ-100C<\/td><\/tr><tr><td>Pouvoir<\/td><td>7,5-11 kW ou 12-15 ch<\/td><td>4-5,5 kW ou 6-8 ch<\/td><td>3kw ou 6ch<\/td><\/tr><tr><td>Taux de pelage<\/td><td>99%<\/td><td>99%<\/td><td>99%<\/td><\/tr><tr><td>Capacit\u00e9<\/td><td>1000kg\/heure<\/td><td>500-600 kg\/heure<\/td><td>400kg\/h<\/td><\/tr><tr><td>Poids<\/td><td>300 kg<\/td><td>200 kg<\/td><td>120 kg<\/td><\/tr><tr><td>Taille<\/td><td>1800*1000*2300mm<\/td><td>1700*900*2000mm<\/td><td>1650*1200*950mm<\/td><\/tr><tr><td>Emballage<\/td><td>1800*800*1700mm<\/td><td>1700*530*1300mm<\/td><td>1650*530*930mm<\/td><\/tr><\/tbody><\/table><\/figure>    <h2 class=\"wp-block-heading\"><strong>Vid\u00e9o de la batteuse de sorgho Taizy<\/strong> <strong>\u2013 Comment battre le sorgho, le millet ?<\/strong><\/h2>    <figure class=\"wp-block-embed is-type-video is-provider-youtube wp-block-embed-youtube wp-embed-aspect-16-9 wp-has-aspect-ratio\"><div class=\"wp-block-embed__wrapper\"> <iframe loading=\"lazy\" title=\"Batteuse de sorgho Taizy pour millet, millet perl\u00e9, sorgho, batteuse multifonctionnelle de colza\" width=\"500\" height=\"281\" src=\"https:\/\/www.youtube.com\/embed\/ypdBGXZhrZs?feature=oembed\" frameborder=\"0\" allow=\"accelerometer; autoplay; clipboard-write; encrypted-media; gyroscope; picture-in-picture; web-share\" referrerpolicy=\"strict-origin-when-cross-origin\" allowfullscreen><\/iframe> <\/div><\/figure>","protected":false},"excerpt":{"rendered":"<p>The 5TGQ series sorghum threshing machine is a sheller developed by our company specifically for sorghum, millet, and rapeseed. With a threshing rate of over 99%, this machine is an unbeatable grain thresher. As a professional manufacturer and supplier of agricultural machinery, there are three models: 5TGQ-100A, 5TGQ-100B, and 5TGQ-100C. Different models are available depending [&hellip;]<\/p>\n","protected":false},"author":1,"featured_media":4359,"parent":0,"template":"","tags":[198,207],"product-type":[22],"class_list":["post-4358","product","type-product","status-publish","has-post-thumbnail","hentry","tag-multifunctional-thresher","tag-sorghum-threshing-machine","product-type-others"],"_links":{"self":[{"href":"https:\/\/taizyagromachine.com\/fr\/wp-json\/wp\/v2\/product\/4358","targetHints":{"allow":["GET"]}}],"collection":[{"href":"https:\/\/taizyagromachine.com\/fr\/wp-json\/wp\/v2\/product"}],"about":[{"href":"https:\/\/taizyagromachine.com\/fr\/wp-json\/wp\/v2\/types\/product"}],"author":[{"embeddable":true,"href":"https:\/\/taizyagromachine.com\/fr\/wp-json\/wp\/v2\/users\/1"}],"wp:featuredmedia":[{"embeddable":true,"href":"https:\/\/taizyagromachine.com\/fr\/wp-json\/wp\/v2\/media\/4359"}],"wp:attachment":[{"href":"https:\/\/taizyagromachine.com\/fr\/wp-json\/wp\/v2\/media?parent=4358"}],"wp:term":[{"taxonomy":"post_tag","embeddable":true,"href":"https:\/\/taizyagromachine.com\/fr\/wp-json\/wp\/v2\/tags?post=4358"},{"taxonomy":"product-type","embeddable":true,"href":"https:\/\/taizyagromachine.com\/fr\/wp-json\/wp\/v2\/product-type?post=4358"}],"curies":[{"name":"wp","href":"https:\/\/api.w.org\/{rel}","templated":true}]}}