{"id":4407,"date":"2022-12-29T11:06:32","date_gmt":"2022-12-29T03:06:32","guid":{"rendered":"https:\/\/taizyagromachine.com\/?post_type=product&#038;p=4407"},"modified":"2022-12-29T16:34:35","modified_gmt":"2022-12-29T08:34:35","slug":"corn-peeling-machine","status":"publish","type":"product","link":"https:\/\/taizyagromachine.com\/fr\/product\/corn-peeling-machine\/","title":{"rendered":"Petite machine \u00e0 \u00e9plucher le ma\u00efs pour enlever la peau du ma\u00efs"},"content":{"rendered":"<p class=\"translation-block\">Cette machine \u00e0 \u00e9plucher le ma\u00efs est principalement utilis\u00e9e pour enlever la peau du ma\u00efs en vue de la pr\u00e9paration du processus suivant. De plus, cette machine est \u00e9galement destin\u00e9e au bl\u00e9. Apr\u00e8s l'\u00e9pluchage, elle fonctionne toujours avec la <a href=\"https:\/\/taizyagromachine.com\/fr\/product\/disk-mill-machine\/\" target=\"_blank\" rel=\"noreferrer noopener\">machine de broyage de ma\u00efs<\/a> pour obtenir une poudre fine. <\/p>    <p class=\"translation-block\">Avec le d\u00e9veloppement de l'\u00e9poque, nos machines agricoles connaissent \u00e9galement des changements rapides. L'utilisation de la <a href=\"https:\/\/taizyagromachine.com\/fr\/product\/maize-grits-milling-machine\/\" target=\"_blank\" rel=\"noreferrer noopener\">machine \u00e0 gruau de ma\u00efs<\/a> peut r\u00e9aliser \u00e0 la fois les fonctions de d\u00e9corticage de ma\u00efs et de fabrication de gruau de ma\u00efs. C'est principalement \u00e0 vous de planifier. Si vous \u00eates int\u00e9ress\u00e9, n'h\u00e9sitez pas \u00e0 nous contacter pour plus d'informations !<\/p>    <h2 class=\"wp-block-heading\"><strong>Types de machine \u00e0 \u00e9plucher le ma\u00efs multifonction \u00e0 vendre<\/strong><\/h2>    <p class=\"translation-block\">En tant que <a href=\"https:\/\/taizyagromachine.com\/fr\/\" target=\"_blank\" rel=\"noreferrer noopener\">fabricant et fournisseur professionnel de machines agricoles<\/a>, notre \u00e9plucheuse de ma\u00efs peut \u00eatre utilis\u00e9e avec des moteurs \u00e9lectriques ou diesel. Pour ceux qui pr\u00e9f\u00e8rent une machine avec plusieurs configurations de puissance, cette machine est le choix id\u00e9al.<\/p>    <p class=\"translation-block\">Cette machine \u00e0 \u00e9plucher le ma\u00efs est tr\u00e8s populaire aupr\u00e8s de nos clients en raison de ses bonnes performances, de sa facilit\u00e9 de d\u00e9placement, de sa conception compacte et de sa structure raisonnable. Souvent, les clients ach\u00e8tent l'ensemble de l'armoire ou avec d'autres machines, par exemple, <a href=\"https:\/\/taizyagromachine.com\/fr\/info\/corn-grinder-machine-australia\/\" target=\"_blank\" rel=\"noreferrer noopener\">un client australien a r\u00e9cemment achet\u00e9 des machines \u00e0 ma\u00efs, y compris une \u00e9plucheuse de ma\u00efs<\/a> chez nous.<\/p>    <figure class=\"wp-block-gallery aligncenter has-nested-images columns-default is-cropped wp-block-gallery-2 is-layout-flex wp-block-gallery-is-layout-flex\"> <figure class=\"wp-block-image size-full\"><img loading=\"lazy\" decoding=\"async\" width=\"540\" height=\"720\" data-id=\"4416\" src=\"https:\/\/taizyagromachine.com\/wp-content\/uploads\/2022\/12\/electric-motor-maize-peeler.webp\" alt=\"\u00e9plucheur-de-ma\u00efs \u00e0 moteur \u00e9lectrique\" class=\"wp-image-4416\"\/><figcaption class=\"wp-element-caption\">\u00e9plucheuse de ma\u00efs \u00e0 moteur \u00e9lectrique<\/figcaption><\/figure>    <figure class=\"wp-block-image size-full\"><img loading=\"lazy\" decoding=\"async\" width=\"540\" height=\"720\" data-id=\"4417\" src=\"https:\/\/taizyagromachine.com\/wp-content\/uploads\/2022\/12\/diesel-engined-corn-peeler.webp\" alt=\"\u00e9plucheur de ma\u00efs \u00e0 moteur diesel\" class=\"wp-image-4417\"\/><figcaption class=\"wp-element-caption\">\u00e9plucheur de ma\u00efs \u00e0 moteur diesel<\/figcaption><\/figure> <\/figure>    <h2 class=\"wp-block-heading\"><strong>Quelle est la conception de la machine \u00e0 \u00e9plucher le ma\u00efs\u00a0?<\/strong><\/h2>   <div class=\"wp-block-image\"> <figure class=\"aligncenter size-full\"><img loading=\"lazy\" decoding=\"async\" width=\"720\" height=\"540\" src=\"https:\/\/taizyagromachine.com\/wp-content\/uploads\/2022\/12\/structure-of-the-corn-skin-peeling-machine.webp\" alt=\"structure de la machine \u00e0 \u00e9plucher la peau de ma\u00efs\" class=\"wp-image-4414\"\/><figcaption class=\"wp-element-caption\">structure de la machine \u00e0 \u00e9plucher la peau de ma\u00efs<\/figcaption><\/figure> <\/div>   <figure class=\"wp-block-table\"><table><tbody><tr><td class=\"has-text-align-center\" data-align=\"center\">S\/N<\/td><td class=\"has-text-align-center\" data-align=\"center\">Pi\u00e8ce de machine<\/td><td class=\"has-text-align-center\" data-align=\"center\">S\/N<\/td><td class=\"has-text-align-center\" data-align=\"center\">Pi\u00e8ce de machine<\/td><\/tr><tr><td class=\"has-text-align-center\" data-align=\"center\">1<\/td><td class=\"has-text-align-center\" data-align=\"center\">Mangeoire<\/td><td class=\"has-text-align-center\" data-align=\"center\">4<\/td><td class=\"has-text-align-center\" data-align=\"center\">Contr\u00f4ler la vitesse d'alimentation<\/td><\/tr><tr><td class=\"has-text-align-center\" data-align=\"center\">2<\/td><td class=\"has-text-align-center\" data-align=\"center\">Lame de pelage<\/td><td class=\"has-text-align-center\" data-align=\"center\">5<\/td><td class=\"has-text-align-center\" data-align=\"center\">Sortie petit grain<\/td><\/tr><tr><td class=\"has-text-align-center\" data-align=\"center\">3<\/td><td class=\"has-text-align-center\" data-align=\"center\">Sortie de peeling cutan\u00e9<\/td><td class=\"has-text-align-center\" data-align=\"center\">6<\/td><td class=\"has-text-align-center\" data-align=\"center\">Sortie de produit fini<\/td><\/tr><\/tbody><\/table><\/figure>    <h2 class=\"wp-block-heading\"><strong>Facteurs affect\u00e9s par le prix de la machine \u00e0 \u00e9plucher le ma\u00efs<\/strong><\/h2>    <p>Le prix d'une \u00e9plucheuse de ma\u00efs est influenc\u00e9 par divers aspects, tels que le choix de la puissance de la machine, la distance du pays de transport, la p\u00e9riode d'achat, la quantit\u00e9 de machines \u00e0 acheter, etc. le prix de la machine. Si vous \u00eates int\u00e9ress\u00e9 par l'achat de ce type de machine \u00e0 \u00e9plucher la peau de ma\u00efs, veuillez nous contacter et notre \u00e9quipe commerciale vous proposera la meilleure solution en fonction de vos besoins.<\/p>    <h2 class=\"wp-block-heading\"><strong>Cas r\u00e9ussi : 30 ensembles de machines \u00e0 \u00e9plucher le ma\u00efs vendus \u00e0 Bukifarnasso<\/strong><\/h2>    <p class=\"translation-block\">Un client de Bukifarnasso nous a command\u00e9 30 \u00e9plucheuses de ma\u00efs. Le client nous a contact\u00e9s via WhatsApp, indiquant qu'il travaillait sur un projet d'appel d'offres et qu'il avait besoin d'acheter un grand nombre de ces machines. Notre personnel de vente l'a aid\u00e9 de mani\u00e8re proactive avec les divers mat\u00e9riaux requis pour l'appel d'offres et le projet a finalement \u00e9t\u00e9 remport\u00e9. Le client a \u00e9galement command\u00e9 directement 30 ensembles d'<a href=\"https:\/\/en.wikipedia.org\/wiki\/Peeler\" target=\"_blank\" rel=\"noreferrer noopener\">\u00e9plucheurs<\/a> de ma\u00efs chez nous. Ci-dessous, les photos de production de la machine et de chargement et exp\u00e9dition.<\/p>    <figure class=\"wp-block-gallery aligncenter has-nested-images columns-default is-cropped wp-block-gallery-3 is-layout-flex wp-block-gallery-is-layout-flex\"> <figure class=\"wp-block-image size-large\"><img loading=\"lazy\" decoding=\"async\" width=\"540\" height=\"550\" data-id=\"4418\" src=\"https:\/\/taizyagromachine.com\/wp-content\/uploads\/2022\/12\/corn-peeling-machine-manufacturer-supplier.webp\" alt=\"fabricant et fournisseur de machine \u00e0 \u00e9plucher le ma\u00efs\" class=\"wp-image-4418\"\/><figcaption class=\"wp-element-caption\">Fabricant et fournisseur de la machine de pelage de ma\u00efs<\/figcaption><\/figure>    <figure class=\"wp-block-image size-large\"><img loading=\"lazy\" decoding=\"async\" width=\"540\" height=\"550\" data-id=\"4419\" src=\"https:\/\/taizyagromachine.com\/wp-content\/uploads\/2022\/12\/loading-and-shipping-corn-peeling-machine.webp\" alt=\"chargement et exp\u00e9dition de la machine \u00e0 \u00e9plucher le ma\u00efs\" class=\"wp-image-4419\"\/><figcaption class=\"wp-element-caption\">Machine de pelage de ma\u00efs de chargement et d'exp\u00e9dition<\/figcaption><\/figure> <\/figure>    <h2 class=\"wp-block-heading\"><strong>Param\u00e8tres techniques de la petite machine \u00e0 \u00e9plucher le ma\u00efs<\/strong><\/h2>    <figure class=\"wp-block-table\"><table><tbody><tr><td>Nom de la machine<\/td><td>Machine \u00e0 \u00e9plucher le ma\u00efs<\/td><\/tr><tr><td>Pouvoir<\/td><td>Moteur \u00e9lectrique de 5,5 kW ou moteur diesel de 12 CV<\/td><\/tr><tr><td>Capacit\u00e9<\/td><td>300-500 kg\/heure<\/td><\/tr><tr><td>Poids<\/td><td>100 kg<\/td><\/tr><tr><td>Taille<\/td><td>660*450*1020mm<\/td><\/tr><tr><td>Volume d'emballage<\/td><td>0.6CBM<\/td><\/tr><tr><td>Application<\/td><td>Ma\u00efs, bl\u00e9<\/td><\/tr><\/tbody><\/table><\/figure>    <h2 class=\"wp-block-heading\"><strong>Vid\u00e9o de la machine \u00e0 \u00e9plucher le ma\u00efs utilis\u00e9e par Taizy Farm \u2013 Comment \u00e9plucher la peau du ma\u00efs\u00a0?<\/strong><\/h2>    <figure class=\"wp-block-embed is-type-video is-provider-youtube wp-block-embed-youtube wp-embed-aspect-16-9 wp-has-aspect-ratio\"><div class=\"wp-block-embed__wrapper\"> <iframe loading=\"lazy\" title=\"Petite machine \u00e0 \u00e9plucher le ma\u00efs - Machine \u00e0 \u00e9plucher le ma\u00efs \u00e0 vendre au meilleur prix de Taizy 2022 #corns\" width=\"500\" height=\"281\" src=\"https:\/\/www.youtube.com\/embed\/GhLNC2FutO4?feature=oembed\" frameborder=\"0\" allow=\"accelerometer; autoplay; clipboard-write; encrypted-media; gyroscope; picture-in-picture; web-share\" referrerpolicy=\"strict-origin-when-cross-origin\" allowfullscreen><\/iframe> <\/div><\/figure>","protected":false},"excerpt":{"rendered":"<p>This corn peeling machine is mainly used to remove the maize skin for the preparation of the next process. Besides, this machine is also for the wheat. After peeling, it always works with the corn grinder machine for fine powder. With the development of the times, our agricultural machinery also has rapid changes, using the [&hellip;]<\/p>\n","protected":false},"author":1,"featured_media":4408,"parent":0,"template":"","tags":[189,208],"product-type":[17],"class_list":["post-4407","product","type-product","status-publish","has-post-thumbnail","hentry","tag-corn-grits-making-machine","tag-corn-peeling-machine","product-type-corn-machine"],"_links":{"self":[{"href":"https:\/\/taizyagromachine.com\/fr\/wp-json\/wp\/v2\/product\/4407","targetHints":{"allow":["GET"]}}],"collection":[{"href":"https:\/\/taizyagromachine.com\/fr\/wp-json\/wp\/v2\/product"}],"about":[{"href":"https:\/\/taizyagromachine.com\/fr\/wp-json\/wp\/v2\/types\/product"}],"author":[{"embeddable":true,"href":"https:\/\/taizyagromachine.com\/fr\/wp-json\/wp\/v2\/users\/1"}],"wp:featuredmedia":[{"embeddable":true,"href":"https:\/\/taizyagromachine.com\/fr\/wp-json\/wp\/v2\/media\/4408"}],"wp:attachment":[{"href":"https:\/\/taizyagromachine.com\/fr\/wp-json\/wp\/v2\/media?parent=4407"}],"wp:term":[{"taxonomy":"post_tag","embeddable":true,"href":"https:\/\/taizyagromachine.com\/fr\/wp-json\/wp\/v2\/tags?post=4407"},{"taxonomy":"product-type","embeddable":true,"href":"https:\/\/taizyagromachine.com\/fr\/wp-json\/wp\/v2\/product-type?post=4407"}],"curies":[{"name":"wp","href":"https:\/\/api.w.org\/{rel}","templated":true}]}}