{"id":4448,"date":"2023-01-03T15:20:28","date_gmt":"2023-01-03T07:20:28","guid":{"rendered":"https:\/\/taizyagromachine.com\/?post_type=product&#038;p=4448"},"modified":"2025-03-20T14:03:30","modified_gmt":"2025-03-20T06:03:30","slug":"hydraulic-hay-baler","status":"publish","type":"product","link":"https:\/\/taizyagromachine.com\/fr\/product\/hydraulic-hay-baler\/","title":{"rendered":"Presse \u00e0 foin hydraulique \u00e0 2 cylindres pour presser des balles carr\u00e9es"},"content":{"rendered":"<p class=\"translation-block\">Cette presse hydraulique \u00e0 balles de foin est utilis\u00e9e pour presser divers mat\u00e9riaux d'ensilage tels que la paille, la paille de pin, l'herbe, etc. pour former des balles carr\u00e9es. Elle est souvent appel\u00e9e <a href=\"https:\/\/taizyagromachine.com\/fr\/product\/3-cylinder-hydraulic-silage-baler\/\" target=\"_blank\" rel=\"noreferrer noopener\">presse hydraulique \u00e0 balles d'ensilage<\/a> \u00e0 2 cylindres car elle poss\u00e8de 2 cylindres hydrauliques. La presse \u00e0 ensilage peut \u00eatre utilis\u00e9e avec des moteurs \u00e9lectriques ou diesel, ce qui en fait un choix flexible.<\/p>   <div class=\"wp-block-image\"> <figure class=\"aligncenter size-full\"><img loading=\"lazy\" decoding=\"async\" width=\"720\" height=\"300\" src=\"https:\/\/taizyagromachine.com\/wp-content\/uploads\/2023\/01\/hydraulic-silage-press-baler-machine.webp\" alt=\"Presse \u00e0 balles d&#039;ensilage hydraulique\" class=\"wp-image-4461\"\/><figcaption class=\"wp-element-caption\">Presse \u00e0 balles d'ensilage hydraulique<\/figcaption><\/figure> <\/div>   <p>De plus, les balles carr\u00e9es form\u00e9es par cette presse \u00e0 ensilage carr\u00e9e doivent \u00eatre ensach\u00e9es dans des sacs tiss\u00e9s en PE\/PP. L'ensachage \u00e9vite que l'ensilage ne moisisse.<\/p>    <figure class=\"wp-block-embed is-type-video is-provider-youtube wp-block-embed-youtube wp-embed-aspect-16-9 wp-has-aspect-ratio\"><div class=\"wp-block-embed__wrapper\"> <iframe loading=\"lazy\" title=\"Presse \u00e0 balles d&#039;ensilage hydraulique pour mise en balles d&#039;ensilage carr\u00e9es - Machines d&#039;emballage d&#039;ensilage #silage\" width=\"500\" height=\"281\" src=\"https:\/\/www.youtube.com\/embed\/hkYSZuUMRCA?feature=oembed\" frameborder=\"0\" allow=\"accelerometer; autoplay; clipboard-write; encrypted-media; gyroscope; picture-in-picture; web-share\" referrerpolicy=\"strict-origin-when-cross-origin\" allowfullscreen><\/iframe> <\/div><figcaption class=\"wp-element-caption\">Baleur d'ensilage hydraulique pour balles carr\u00e9es<\/figcaption><\/figure>    <h2 class=\"wp-block-heading\"><strong>Structure de <a href=\"https:\/\/silagebaler.com\/double-cylinder-hydraulic-silage-baler\/\" target=\"_blank\" rel=\"noreferrer noopener\">Presse \u00e0 foin hydraulique \u00e0 2 cylindres<\/a><\/strong><\/h2>    <p>Notre presse \u00e0 paille de pin hydraulique a \u00e9t\u00e9 constamment mise \u00e0 jour et est d\u00e9sormais une machine offrant de meilleures performances et qualit\u00e9.<\/p>   <div class=\"wp-block-image\"> <figure class=\"aligncenter size-full\"><img loading=\"lazy\" decoding=\"async\" width=\"720\" height=\"540\" src=\"https:\/\/taizyagromachine.com\/wp-content\/uploads\/2023\/01\/structure-2-cylinder-hydraulic-hay-baler.webp\" alt=\"structure d&#039;une presse \u00e0 foin hydraulique \u00e0 2 cylindres\" class=\"wp-image-4457\"\/><figcaption class=\"wp-element-caption\">structure d'une presse \u00e0 foin hydraulique \u00e0 2 cylindres<\/figcaption><\/figure> <\/div>   <figure class=\"wp-block-table\"><table><tbody><tr><td>S\/N<\/td><td>Nom de la pi\u00e8ce de machine<\/td><td>S\/N<\/td><td>Nom de la pi\u00e8ce de machine<\/td><\/tr><tr><td>&nbsp;1<\/td><td>&nbsp;Entr\u00e9e<\/td><td>&nbsp;4<\/td><td>&nbsp;Chambre de contr\u00f4le<\/td><\/tr><tr><td>&nbsp;2<\/td><td>&nbsp;Stockage du p\u00e9trole<\/td><td>&nbsp;5<\/td><td>&nbsp;Cylindre hydraulique (totalement 2 cylindres)<\/td><\/tr><tr><td>&nbsp;3<\/td><td>&nbsp;Moteur diesel (peut \u00e9galement utiliser le moteur \u00e9lectrique)<\/td><td>&nbsp;6<\/td><td>Trou de d\u00e9charge<\/td><\/tr><\/tbody><\/table><\/figure>    <h2 class=\"wp-block-heading\"><strong>Avantages de la presse \u00e0 balles de foin d'ensilage Taizy<\/strong><\/h2>    <ol class=\"wp-block-list\"> <li>Cette machine peut presser toutes sortes d\u2019ensilage (pailles s\u00e8ches et humides, foin, ensilage) en balles carr\u00e9es pour un stockage \u00e0 long terme.<\/li>    <li>La machine peut \u00eatre aliment\u00e9e de mani\u00e8re flexible par un moteur \u00e9lectrique ou un moteur diesel, ce qui est tr\u00e8s convivial pour les zones o\u00f9 l'\u00e9lectricit\u00e9 est instable.<\/li>    <li>La presse \u00e0 foin \u00e0 presse hydraulique est principalement aliment\u00e9e hydrauliquement pour la presse \u00e0 fourrage, ce qui est tr\u00e8s bon et efficace.<\/li>    <li>La machine peut \u00e9galement \u00eatre \u00e9quip\u00e9e de pneus et de b\u00e9quilles (selon les besoins du client) pour une mobilit\u00e9 ais\u00e9e.<\/li>    <li>La presse \u00e0 foin hydraulique est \u00e9quip\u00e9e d'une sonde hydraulique pour d\u00e9tecter le fonctionnement de la machine.<\/li> <\/ol>    <h2 class=\"wp-block-heading\"><strong>Principe de fonctionnement de la presse \u00e0 foin hydraulique <\/strong><\/h2>    <p>La machine est bas\u00e9e sur l'hydraulique pour effectuer diverses activit\u00e9s. Tout d'abord, la machine est d\u00e9marr\u00e9e et l'ensilage est introduit par l'entr\u00e9e, g\u00e9n\u00e9ralement au moyen d'un tapis roulant. Ensuite, les v\u00e9rins hydrauliques pressent l\u2019ensilage pour former une balle carr\u00e9e. Ensuite, la balle carr\u00e9e est d\u00e9charg\u00e9e par la sortie et ensach\u00e9e \u00e0 l'aide d'un sac tiss\u00e9. L'ensemble du processus est termin\u00e9.<\/p>   <div class=\"wp-block-image\"> <figure class=\"aligncenter size-full\"><img loading=\"lazy\" decoding=\"async\" width=\"720\" height=\"400\" src=\"https:\/\/taizyagromachine.com\/wp-content\/uploads\/2023\/01\/hydraulic-hay-baler-manufacturer-supplier.webp\" alt=\"fabricant et fournisseur de presse \u00e0 foin hydraulique\" class=\"wp-image-4469\"\/><figcaption class=\"wp-element-caption\">fabricant et fournisseur de presse \u00e0 foin hydraulique<\/figcaption><\/figure> <\/div>   <p>Avant d'utiliser la machine, v\u00e9rifier que l'huile hydraulique et les conduites hydrauliques sont en bon \u00e9tat. Ceci est particuli\u00e8rement important car l\u2019ensemble de la machine est en r\u00e9alit\u00e9 \u00e0 commande hydraulique.<\/p>    <h2 class=\"wp-block-heading\"><strong>Machines en option disponibles pour la presse \u00e0 foin hydraulique<\/strong><\/h2>    <p class=\"translation-block\"><strong>1. Convoyeur et m\u00e9langeur d'alimentation.<\/strong><\/p>   <div class=\"wp-block-image\"> <figure class=\"aligncenter size-full\"><img loading=\"lazy\" decoding=\"async\" width=\"720\" height=\"300\" src=\"https:\/\/taizyagromachine.com\/wp-content\/uploads\/2023\/01\/hydraulic-press-hay-baler-with-the-conveyor-belt-and-feed-mixer.webp\" alt=\"presse \u00e0 foin \u00e0 presse hydraulique avec bande transporteuse et m\u00e9langeur d&#039;aliments\" class=\"wp-image-4465\"\/><figcaption class=\"wp-element-caption\">presse \u00e0 foin \u00e0 presse hydraulique avec bande transporteuse et m\u00e9langeur d'aliments<\/figcaption><\/figure> <\/div>   <p class=\"translation-block\"><strong>2. Gros pneus et supports.<\/strong><\/p>    <figure class=\"wp-block-gallery aligncenter has-nested-images columns-default is-cropped wp-block-gallery-2 is-layout-flex wp-block-gallery-is-layout-flex\"> <figure class=\"wp-block-image size-large\"><img loading=\"lazy\" decoding=\"async\" width=\"720\" height=\"540\" data-id=\"4466\" src=\"https:\/\/taizyagromachine.com\/wp-content\/uploads\/2023\/01\/diesel-engine-hydraulic-silage-baling-machine.webp\" alt=\"Presse \u00e0 ensilage hydraulique \u00e0 moteur diesel avec pneus et supports\" class=\"wp-image-4466\"\/><figcaption class=\"wp-element-caption\">Presse \u00e0 ensilage hydraulique \u00e0 moteur diesel avec pneus et supports<\/figcaption><\/figure>    <figure class=\"wp-block-image size-large\"><img loading=\"lazy\" decoding=\"async\" width=\"720\" height=\"540\" data-id=\"4467\" src=\"https:\/\/taizyagromachine.com\/wp-content\/uploads\/2023\/01\/electric-motor-hydraulic-press-hay-baling-machine.webp\" alt=\"presse hydraulique \u00e0 moteur \u00e9lectrique avec pneus et supports\" class=\"wp-image-4467\"\/><figcaption class=\"wp-element-caption\">presse hydraulique \u00e0 moteur \u00e9lectrique avec pneus et supports<\/figcaption><\/figure> <\/figure>    <p>De plus, avant le tapis roulant, il peut \u00eatre utilis\u00e9 en conjonction avec un coupe-paille, c'est-\u00e0-dire une machine de coupe d'herbe \u2014- tapis roulant \u2014\u2013 presse \u00e0 balles d'ensilage hydraulique.<\/p>    <h2 class=\"wp-block-heading\"><strong>Cas r\u00e9ussis de la presse \u00e0 paille de foin hydraulique Taizy<\/strong><\/h2>    <p>La presse \u00e0 foin hydraulique de Taizy permet d'\u00e9conomiser beaucoup de main d'\u0153uvre et l'ensemble du processus est m\u00e9canis\u00e9, c'est pourquoi elle est appr\u00e9ci\u00e9e par de nombreux clients \u00e9trangers. Nous exportons r\u00e9guli\u00e8rement nos machines vers des pays comme le Kenya, le Bangladesh, le Nigeria et la Jordanie. Nous chargeons les machines dans des conteneurs et les livrons par voie maritime aux ports de destination de nos clients.<\/p>    <h2 class=\"wp-block-heading\"><strong>Param\u00e8tres de la presse \u00e0 foin hydraulique \u00e0 2 cylindres \u00e0 vendre<\/strong><\/h2>    <figure class=\"wp-block-table\"><table><tbody><tr><td>Mod\u00e8le<\/td><td>9YF-5B<\/td><\/tr><tr><td>Pouvoir<\/td><td>Moteur \u00e9lectrique 15 kW ou moteur diesel 28 CV<\/td><\/tr><tr><td>Diam\u00e8tre du cylindre<\/td><td>2*168mm<\/td><\/tr><tr><td>Nombre de cylindres<\/td><td>2 pi\u00e8ces<\/td><\/tr><tr><td>Capacit\u00e9<\/td><td>90-120balles\/h<\/td><\/tr><tr><td>Poids de la balle carr\u00e9e (paille fra\u00eeche)<\/td><td>60-70kg\/balle<\/td><\/tr><tr><td>Huile hydraulique 46#<\/td><td>230kg (\u00e0 pr\u00e9parer vous-m\u00eame)<\/td><\/tr><tr><td>M\u00e9thode de refroidissement de l'huile hydraulique<\/td><td>eau froide<\/td><\/tr><tr><td>Commande du coffret de distribution \u00e9lectrique<\/td><td>API<\/td><\/tr><tr><td>Nombre de pneus<\/td><td>2 pi\u00e8ces<\/td><\/tr><tr><td>Nombre de balles \u00e0 pousser<\/td><td>1-3 num\u00e9ros (r\u00e9glable)<\/td><\/tr><tr><td>Poids de la machine<\/td><td>1500 kg<\/td><\/tr><tr><td>Taille du trou de d\u00e9charge<\/td><td>70*28*38cm<\/td><\/tr><tr><td>Dimensions de la machine (L<em>W<\/em>H)<\/td><td>3450*2700*2800mm<\/td><\/tr><\/tbody><\/table><figcaption class=\"wp-element-caption\">Sp\u00e9cifications de la presse d'ensilage hydraulique \u00e0 2 cylindres<\/figcaption><\/figure>    <h2 class=\"wp-block-heading\"><strong>Vid\u00e9o de la presse \u00e0 foin hydraulique \u2013 Comment fabriquer des balles carr\u00e9es\u00a0?<\/strong><\/h2>    <figure class=\"wp-block-embed is-type-video is-provider-youtube wp-block-embed-youtube wp-embed-aspect-16-9 wp-has-aspect-ratio\"><div class=\"wp-block-embed__wrapper\"> <iframe loading=\"lazy\" title=\"Silage hydraulique \u00e0 double cylindre Site de balle de paille s\u00e8che | Pressage \u00e0 balles carr\u00e9es \u00e0 grande efficacit\u00e9\" width=\"500\" height=\"281\" src=\"https:\/\/www.youtube.com\/embed\/XL54NXQ-9i8?feature=oembed\" frameborder=\"0\" allow=\"accelerometer; autoplay; clipboard-write; encrypted-media; gyroscope; picture-in-picture; web-share\" referrerpolicy=\"strict-origin-when-cross-origin\" allowfullscreen><\/iframe> <\/div><figcaption class=\"wp-element-caption\">machine \u00e0 balles hydrauliques s\u00e9ch\u00e9es<\/figcaption><\/figure>","protected":false},"excerpt":{"rendered":"<p>This hydraulic hay baler is used for baling various silage materials such as straw, pine straws, grass, etc. to form square bales. It is often called a 2-cylinder hydraulic silage baler machine because it has 2 hydraulic cylinders. The silage baler can be used with either electric or diesel engines, making it a flexible choice. [&hellip;]<\/p>\n","protected":false},"author":1,"featured_media":4449,"parent":0,"template":"","tags":[209,168],"product-type":[19],"class_list":["post-4448","product","type-product","status-publish","has-post-thumbnail","hentry","tag-hydraulic-hay-baler","tag-silage-baler","product-type-silage-machine"],"_links":{"self":[{"href":"https:\/\/taizyagromachine.com\/fr\/wp-json\/wp\/v2\/product\/4448","targetHints":{"allow":["GET"]}}],"collection":[{"href":"https:\/\/taizyagromachine.com\/fr\/wp-json\/wp\/v2\/product"}],"about":[{"href":"https:\/\/taizyagromachine.com\/fr\/wp-json\/wp\/v2\/types\/product"}],"author":[{"embeddable":true,"href":"https:\/\/taizyagromachine.com\/fr\/wp-json\/wp\/v2\/users\/1"}],"wp:featuredmedia":[{"embeddable":true,"href":"https:\/\/taizyagromachine.com\/fr\/wp-json\/wp\/v2\/media\/4449"}],"wp:attachment":[{"href":"https:\/\/taizyagromachine.com\/fr\/wp-json\/wp\/v2\/media?parent=4448"}],"wp:term":[{"taxonomy":"post_tag","embeddable":true,"href":"https:\/\/taizyagromachine.com\/fr\/wp-json\/wp\/v2\/tags?post=4448"},{"taxonomy":"product-type","embeddable":true,"href":"https:\/\/taizyagromachine.com\/fr\/wp-json\/wp\/v2\/product-type?post=4448"}],"curies":[{"name":"wp","href":"https:\/\/api.w.org\/{rel}","templated":true}]}}