{"id":4524,"date":"2023-01-11T15:56:22","date_gmt":"2023-01-11T07:56:22","guid":{"rendered":"https:\/\/taizyagromachine.com\/?post_type=product&#038;p=4524"},"modified":"2023-01-11T16:05:49","modified_gmt":"2023-01-11T08:05:49","slug":"horizontal-feed-mixer","status":"publish","type":"product","link":"https:\/\/taizyagromachine.com\/fr\/product\/horizontal-feed-mixer\/","title":{"rendered":"M\u00e9langeur d'aliments horizontal pour l'ensilage comme aliments pour bovins et moutons"},"content":{"rendered":"<p>La m\u00e9langeuse horizontale de Taizy est une machine de traitement d'ensilage qui int\u00e8gre le broyage et le m\u00e9lange. Dans cette partie du traitement de l'ensilage, cette machine est souvent utilis\u00e9e comme machine auxiliaire avec d'autres machines pour maximiser l'efficacit\u00e9 et la qualit\u00e9 de l'ensilage.<\/p>    <p>L'ensilage est un aliment animal important dans l'\u00e9levage, occupant la n\u00e9cessit\u00e9. L'utilisation de cette machine de m\u00e9lange d'aliments pr\u00e9sente les avantages d'une \u00e9conomie de main-d'\u0153uvre et d'une am\u00e9lioration de l'efficacit\u00e9. <\/p>    <h2 class=\"wp-block-heading\"><strong>Pourquoi utiliser le m\u00e9langeur \u00e0 alimentation horizontale Taizy\u00a0?<\/strong><\/h2>    <p class=\"translation-block\"><strong>L'ensilage est b\u00e9n\u00e9fique pour les animaux<\/strong>. Apr\u00e8s m\u00e9lange, l'aliment ensil\u00e9 est populaire en raison de sa bonne app\u00e9tence, de son faible gaspillage et de sa haute digestibilit\u00e9.<\/p>    <p class=\"translation-block\"><strong>M\u00e9langer compl\u00e8tement les aliments pour animaux<\/strong> augmente notre efficacit\u00e9, nous fait gagner du temps et de la main-d'\u0153uvre, et en m\u00eame temps nous pr\u00e9parons une vari\u00e9t\u00e9 de nourriture plus uniforme pour nos animaux d'\u00e9levage.<\/p>    <h2 class=\"wp-block-heading\"><strong>Largement utilis\u00e9 dans diverses fermes \u2013 Applications du m\u00e9langeur d'aliments horizontal \u00e0 vendre<\/strong><\/h2>    <div class=\"wp-block-media-text alignwide is-stacked-on-mobile\"><figure class=\"wp-block-media-text__media\"><img loading=\"lazy\" decoding=\"async\" width=\"540\" height=\"600\" src=\"https:\/\/taizyagromachine.com\/wp-content\/uploads\/2023\/01\/various-farms.webp\" alt=\"\" class=\"wp-image-4527 size-full\"\/><\/figure><div class=\"wp-block-media-text__content\"> <p>Parce que ce m\u00e9langeur d'aliments est principalement destin\u00e9 au broyage et au m\u00e9lange de divers aliments, en utilisant diverses fermes qui \u00e9l\u00e8vent des animaux. Comme le montre l'image, les \u00e9levages de poulets, les \u00e9levages de lapins, les \u00e9levages de porcs, les \u00e9levages de chevaux, les \u00e9levages de bovins, les \u00e9levages de moutons, etc.<\/p>    <p>Si cela vous int\u00e9resse, n'h\u00e9sitez pas \u00e0 nous contacter\u00a0!<\/p> <\/div><\/div>    <h2 class=\"wp-block-heading\"><strong>Points forts du m\u00e9langeur d'aliments Taizy <\/strong><\/h2>    <ol class=\"wp-block-list\"> <li>La conception est raisonnable et le travail peut \u00eatre effectu\u00e9 dans n'importe quel environnement, de mani\u00e8re s\u00fbre et fiable.<\/li>    <li>Am\u00e9liore consid\u00e9rablement l'efficacit\u00e9, en fonction du volume de la chambre de m\u00e9lange, chaque m\u00e9langeur d'aliments peut nourrir 200 \u00e0 2 000 vaches par jour.<\/li>    <li>\u00c9conomisez de la main d'\u0153uvre, un m\u00e9langeur peut remplacer le travail de plus de 20 travailleurs.<\/li>    <li>La m\u00e9langeuse horizontale peut \u00eatre utilis\u00e9e avec d'autres machines d'ensilage, comme la <a href=\"https:\/\/silagebaler.com\/silage-baler-machine-round-baler\/\" target=\"_blank\" rel=\"noreferrer noopener\">machine de mise en balles et d'emballage<\/a>, et la presse \u00e0 foin hydraulique.<\/li> <\/ol>   <div class=\"wp-block-image\"> <figure class=\"aligncenter size-full\"><img loading=\"lazy\" decoding=\"async\" width=\"720\" height=\"540\" src=\"https:\/\/taizyagromachine.com\/wp-content\/uploads\/2023\/01\/horizontal-cattle-feed-mixer.webp\" alt=\"m\u00e9langeur horizontal d&#039;aliments pour bovins\" class=\"wp-image-4529\"\/><figcaption class=\"wp-element-caption\">m\u00e9langeur horizontal d'aliments pour bovins<\/figcaption><\/figure> <\/div>   <h2 class=\"wp-block-heading\"><strong>Machine assortie avec m\u00e9langeur horizontal d'aliments pour b\u00e9tail<\/strong><\/h2>    <p class=\"translation-block\">Le m\u00e9langeur de fourrage est toujours utilis\u00e9 avec d'autres machines d'ensilage, telles que les <a href=\"https:\/\/taizyagromachine.com\/fr\/product\/hydraulic-hay-baler\/\" target=\"_blank\" rel=\"noreferrer noopener\">presses \u00e0 balles hydrauliques d'ensilage<\/a>, les <a href=\"https:\/\/taizyagromachine.com\/fr\/product\/silage-baler\/\">machines d'enrubannage et de pressage<\/a>, etc.<\/p>   <div class=\"wp-block-image\"> <figure class=\"aligncenter size-full\"><img loading=\"lazy\" decoding=\"async\" width=\"720\" height=\"230\" src=\"https:\/\/taizyagromachine.com\/wp-content\/uploads\/2023\/01\/horizontal-feed-mixer-with-the-hydraulic-hay-bales-machine.webp\" alt=\"m\u00e9langeuse d&#039;aliments horizontale avec la machine hydraulique pour balles de foin\" class=\"wp-image-4528\"\/><figcaption class=\"wp-element-caption\">m\u00e9langeuse d'aliments horizontale avec la machine hydraulique pour balles de foin<\/figcaption><\/figure> <\/div>  <div class=\"wp-block-image\"> <figure class=\"aligncenter size-full\"><img loading=\"lazy\" decoding=\"async\" width=\"720\" height=\"300\" src=\"https:\/\/taizyagromachine.com\/wp-content\/uploads\/2023\/01\/feed-mixer-with-silage-baler.webp\" alt=\"m\u00e9langeuse d&#039;aliments avec presse \u00e0 ensilage\" class=\"wp-image-4530\"\/><figcaption class=\"wp-element-caption\">m\u00e9langeuse d'aliments avec presse \u00e0 ensilage<\/figcaption><\/figure> <\/div>   <h2 class=\"wp-block-heading\"><strong>Param\u00e8tres techniques du m\u00e9langeur horizontal TMR<\/strong><\/h2>    <figure class=\"wp-block-table\"><table><tbody><tr><td>Mod\u00e8le<\/td><td>TMR-5<\/td><td>RMT-9<\/td><td>RMT-12<\/td><\/tr><tr><td>Une puissance adapt\u00e9e<\/td><td>11-15kw<\/td><td>22-30kw<\/td><td>50-75kw<\/td><\/tr><tr><td>Volume du bac de m\u00e9lange<\/td><td>5m\u00b3<\/td><td>9m\u00b3<\/td><td>12m\u00b3<\/td><\/tr><tr><td>Vitesse de rotation<\/td><td>23,5 tr\/min<\/td><td>23,5 tr\/min<\/td><td>23,5 tr\/min<\/td><\/tr><tr><td>Poids<\/td><td>1600 kg<\/td><td>3300 kg<\/td><td>4500 kg<\/td><\/tr><tr><td>Dimension<\/td><td>3930*1850*2260mm<\/td><td>4820*2130*2480mm<\/td><td>5600*2400*2500mm<\/td><\/tr><\/tbody><\/table><\/figure>    <p>TMR est l'abr\u00e9viation de Total Mixed Rations, indiquant que la machine peut m\u00e9langer les aliments uniform\u00e9ment et bien, ce qui est tr\u00e8s populaire parmi les \u00e9levages d'animaux. <\/p>","protected":false},"excerpt":{"rendered":"<p>Taizy&#8217;s horizontal feed mixer is a silage processing machine that integrates grinding and mixing. In this part of silage processing, this machine is often used as an auxiliary machine together with other machines to maximize the efficiency and quality of silage. Silage is an important animal feed in livestock farming, occupying the necessity. Using this [&hellip;]<\/p>\n","protected":false},"author":1,"featured_media":4526,"parent":0,"template":"","tags":[210,209],"product-type":[19],"class_list":["post-4524","product","type-product","status-publish","has-post-thumbnail","hentry","tag-horizontal-feed-mixer","tag-hydraulic-hay-baler","product-type-silage-machine"],"_links":{"self":[{"href":"https:\/\/taizyagromachine.com\/fr\/wp-json\/wp\/v2\/product\/4524","targetHints":{"allow":["GET"]}}],"collection":[{"href":"https:\/\/taizyagromachine.com\/fr\/wp-json\/wp\/v2\/product"}],"about":[{"href":"https:\/\/taizyagromachine.com\/fr\/wp-json\/wp\/v2\/types\/product"}],"author":[{"embeddable":true,"href":"https:\/\/taizyagromachine.com\/fr\/wp-json\/wp\/v2\/users\/1"}],"wp:featuredmedia":[{"embeddable":true,"href":"https:\/\/taizyagromachine.com\/fr\/wp-json\/wp\/v2\/media\/4526"}],"wp:attachment":[{"href":"https:\/\/taizyagromachine.com\/fr\/wp-json\/wp\/v2\/media?parent=4524"}],"wp:term":[{"taxonomy":"post_tag","embeddable":true,"href":"https:\/\/taizyagromachine.com\/fr\/wp-json\/wp\/v2\/tags?post=4524"},{"taxonomy":"product-type","embeddable":true,"href":"https:\/\/taizyagromachine.com\/fr\/wp-json\/wp\/v2\/product-type?post=4524"}],"curies":[{"name":"wp","href":"https:\/\/api.w.org\/{rel}","templated":true}]}}