{"id":4618,"date":"2023-02-10T17:38:26","date_gmt":"2023-02-10T09:38:26","guid":{"rendered":"https:\/\/taizyagromachine.com\/?post_type=product&#038;p=4618"},"modified":"2023-02-13T11:42:42","modified_gmt":"2023-02-13T03:42:42","slug":"rice-nursery-seedling-machine","status":"publish","type":"product","link":"https:\/\/taizyagromachine.com\/fr\/product\/rice-nursery-seedling-machine\/","title":{"rendered":"Machine automatique de semis de p\u00e9pini\u00e8re de riz paddy"},"content":{"rendered":"<p>La machine de semis de p\u00e9pini\u00e8re de riz de Taizy est sp\u00e9cialement con\u00e7ue pour la culture du riz, principalement pour divers types de culture de plants de riz. Cette machine a un rendement \u00e9lev\u00e9 et peut r\u00e9aliser 969 \u00e0 1017 plateaux de culture de semis en une heure. Il s'agit d'une machine de p\u00e9pini\u00e8re qui joue un r\u00f4le positif dans la plantation de riz pour les riziculteurs de grande superficie.<\/p>    <p>En raison de son rendement \u00e9lev\u00e9, de sa bonne qualit\u00e9 et de ses bonnes performances, cette machine \u00e0 semis de riz est largement appr\u00e9ci\u00e9e des clients, en particulier des riziculteurs. Si vous \u00eates int\u00e9ress\u00e9 par ce type de machine, contactez-nous !<\/p>    <h2 class=\"wp-block-heading\"><strong>Pourquoi utiliser la machine \u00e0 semis de p\u00e9pini\u00e8re de riz paddy\u00a0?<\/strong><\/h2>    <p>La plantation de riz est une plantation agricole tr\u00e8s importante, repr\u00e9sentant une grande proportion de c\u00e9r\u00e9ales. Tous les riziculteurs savent qu\u2019il faut cultiver des plants de riz, mais la m\u00e9thode traditionnelle de culture des plants est tr\u00e8s fatigante.<\/p>    <figure class=\"wp-block-gallery aligncenter has-nested-images columns-default is-cropped wp-block-gallery-2 is-layout-flex wp-block-gallery-is-layout-flex\"> <figure class=\"wp-block-image size-large\"><img loading=\"lazy\" decoding=\"async\" width=\"720\" height=\"540\" data-id=\"4624\" src=\"https:\/\/taizyagromachine.com\/wp-content\/uploads\/2023\/02\/manual-seedlings-raising.webp\" alt=\"\u00e9levage manuel de plants\" class=\"wp-image-4624\"\/><figcaption class=\"wp-element-caption\">\u00e9levage manuel de plants<\/figcaption><\/figure>    <figure class=\"wp-block-image size-large\"><img loading=\"lazy\" decoding=\"async\" width=\"720\" height=\"540\" data-id=\"4625\" src=\"https:\/\/taizyagromachine.com\/wp-content\/uploads\/2023\/02\/mechnical-nursery-machine.webp\" alt=\"machine m\u00e9canique pour p\u00e9pini\u00e8re\" class=\"wp-image-4625\"\/><figcaption class=\"wp-element-caption\">machine m\u00e9canique pour p\u00e9pini\u00e8re<\/figcaption><\/figure> <\/figure>    <p>Avant le semis, les champs de semis doivent \u00eatre retourn\u00e9s plusieurs fois et suffisamment de fumier de ferme doit \u00eatre ajout\u00e9, dans l'espoir d'obtenir une bonne r\u00e9colte cette ann\u00e9e-l\u00e0. Les gens travaillent souvent sur le terrain toute la journ\u00e9e. <\/p>    <p class=\"translation-block\">L'utilisation de la <a href=\"https:\/\/taizyagromachine.com\/fr\/product\/nursery-seedling-machine\/\" target=\"_blank\" rel=\"noreferrer noopener\">machine de repiquage<\/a> permet de repiquer rapidement le riz, et 969 \u00e0 1017 plateaux peuvent \u00eatre trait\u00e9s en une heure, ce qui est non seulement efficace mais permet \u00e9galement d'\u00e9conomiser consid\u00e9rablement de main-d'\u0153uvre.<\/p>    <h2 class=\"wp-block-heading\"><strong>Machine de semis de p\u00e9pini\u00e8re de riz \u00e0 vendre<\/strong><\/h2>    <p class=\"translation-block\">En tant que <a href=\"https:\/\/taizyagromachine.com\/fr\/\" target=\"_blank\" rel=\"noreferrer noopener\">fabricant professionnel et fournisseur de diverses machines agricoles<\/a>, nous proposons deux types de machines de repiquage du riz, l'une enti\u00e8rement automatique et l'autre semi-automatique.<\/p>    <h3 class=\"wp-block-heading\"><strong>Machine de semis de p\u00e9pini\u00e8re de riz enti\u00e8rement automatique<\/strong><\/h3>    <p>Comme son nom l'indique, la machine de culture de plants de riz enti\u00e8rement automatique peut compl\u00e9ter l'ensemble du processus de travail avec une m\u00e9canisation et une automatisation compl\u00e8tes. En plus de la machine principale de semis de riz la plus basique, il existe \u00e9galement des machines comprenant un alimentateur de plateaux \u2013 un chargeur de terre \u2013 un empileur de plateaux.<\/p>    <h3 class=\"wp-block-heading\"><strong>Semoir semi-automatique pour p\u00e9pini\u00e8re de riz<\/strong><\/h3>   <div class=\"wp-block-image\"> <figure class=\"aligncenter size-full\"><img loading=\"lazy\" decoding=\"async\" width=\"1000\" height=\"220\" src=\"https:\/\/taizyagromachine.com\/wp-content\/uploads\/2023\/02\/Semi-automatic-rice-nursery-sowing-machine.webp\" alt=\"Semoir semi-automatique pour p\u00e9pini\u00e8re de riz\" class=\"wp-image-4623\"\/><figcaption class=\"wp-element-caption\">Semoir semi-automatique pour p\u00e9pini\u00e8re de riz<\/figcaption><\/figure> <\/div>   <p>La machine semi-automatique de semis de p\u00e9pini\u00e8re de riz n'a pas de chargeur de sol, elle n\u00e9cessite donc un chargement manuel du sol. Les autres machines sont les m\u00eames.<\/p>    <h2 class=\"wp-block-heading\"><strong>Structure de la machine de semis de riz automatique<\/strong><\/h2>   <div class=\"wp-block-image\"> <figure class=\"aligncenter size-full\"><img loading=\"lazy\" decoding=\"async\" width=\"720\" height=\"450\" src=\"https:\/\/taizyagromachine.com\/wp-content\/uploads\/2023\/02\/structure-of-paddy-rice-seed-sowing-machine.webp\" alt=\"structure de la semoir de graines de riz paddy\" class=\"wp-image-4619\"\/><figcaption class=\"wp-element-caption\">structure de la semoir de graines de riz paddy<\/figcaption><\/figure> <\/div>   <p class=\"translation-block\">Gr\u00e2ce \u00e0 sa conception ing\u00e9nieuse, la <a href=\"https:\/\/nurseryseedingmachine.com\/nursery-seeding\/\" target=\"_blank\" rel=\"noreferrer noopener\">machine de semis automatique<\/a> int\u00e8gre les fonctions d'\u00e9pandage de terre, d'arrosage, de semis et de recouvrement de terre, ce qui lui permet d'accomplir toutes les proc\u00e9dures de culture du riz en une seule fois.<\/p>    <h2 class=\"wp-block-heading\"><strong>Param\u00e8tres techniques de la semoir de p\u00e9pini\u00e8re de riz Taizy <\/strong><\/h2>    <figure class=\"wp-block-table\"><table><tbody><tr><td>Mod\u00e8le<\/td><td>TZY-280A<\/td><\/tr><tr><td>Capacit\u00e9<\/td><td>969-1017plateaux\/heure<\/td><\/tr><tr><td>Pouvoir<\/td><td>240kw pour livrer<br>120kw pour l'ensemencement<\/td><\/tr><tr><td>Entonnoir auxiliaire pour sol de semis<\/td><td>45L<\/td><\/tr><tr><td>Entonnoir \u00e0 graines<\/td><td>30L<\/td><\/tr><tr><td>Entonnoir auxiliaire pour sol de semis<\/td><td>45L<\/td><\/tr><tr><td>Quantit\u00e9 de semis (riz hybride)<\/td><td>95\uff5e304,5g\/plateau<\/td><\/tr><tr><td>Taille<\/td><td>6830*460*1020mm<\/td><\/tr><tr><td>Poids<\/td><td>190 kg<\/td><\/tr><tr><td>\u00c9paisseur du sous-sol<\/td><td>18-25mm<\/td><\/tr><tr><td>\u00c9paisseur du sol superficiel<\/td><td>3-9mm<\/td><\/tr><\/tbody><\/table><\/figure>    <h2 class=\"wp-block-heading\"><strong>Vid\u00e9o de la machine de semis de p\u00e9pini\u00e8re de riz - Machine de semoir de riz enti\u00e8rement automatique et semi-automatique<\/strong><\/h2>    <figure class=\"wp-block-embed is-type-video is-provider-youtube wp-block-embed-youtube wp-embed-aspect-16-9 wp-has-aspect-ratio\"><div class=\"wp-block-embed__wrapper\"> <iframe loading=\"lazy\" title=\"Semoir automatique de p\u00e9pini\u00e8re de riz - Machine de semis de p\u00e9pini\u00e8re de riz paddy - Machine de semoir de riz\" width=\"500\" height=\"281\" src=\"https:\/\/www.youtube.com\/embed\/VWi1lazSsO0?feature=oembed\" frameborder=\"0\" allow=\"accelerometer; autoplay; clipboard-write; encrypted-media; gyroscope; picture-in-picture; web-share\" referrerpolicy=\"strict-origin-when-cross-origin\" allowfullscreen><\/iframe> <\/div><\/figure>","protected":false},"excerpt":{"rendered":"<p>Taizy&#8217;s rice nursery seedling machine is specially designed for rice cultivation, mainly for various kinds of rice seedling raising. This machine has high efficiency and can carry out 969-1017 trays of seedling raising in an hour. It is a nursery machine that plays a positive role in rice planting for large-area rice growers. Because of [&hellip;]<\/p>\n","protected":false},"author":1,"featured_media":4620,"parent":0,"template":"","tags":[211],"product-type":[31],"class_list":["post-4618","product","type-product","status-publish","has-post-thumbnail","hentry","tag-rice-nursery-seedling-machine","product-type-nursery-transplanter"],"_links":{"self":[{"href":"https:\/\/taizyagromachine.com\/fr\/wp-json\/wp\/v2\/product\/4618","targetHints":{"allow":["GET"]}}],"collection":[{"href":"https:\/\/taizyagromachine.com\/fr\/wp-json\/wp\/v2\/product"}],"about":[{"href":"https:\/\/taizyagromachine.com\/fr\/wp-json\/wp\/v2\/types\/product"}],"author":[{"embeddable":true,"href":"https:\/\/taizyagromachine.com\/fr\/wp-json\/wp\/v2\/users\/1"}],"wp:featuredmedia":[{"embeddable":true,"href":"https:\/\/taizyagromachine.com\/fr\/wp-json\/wp\/v2\/media\/4620"}],"wp:attachment":[{"href":"https:\/\/taizyagromachine.com\/fr\/wp-json\/wp\/v2\/media?parent=4618"}],"wp:term":[{"taxonomy":"post_tag","embeddable":true,"href":"https:\/\/taizyagromachine.com\/fr\/wp-json\/wp\/v2\/tags?post=4618"},{"taxonomy":"product-type","embeddable":true,"href":"https:\/\/taizyagromachine.com\/fr\/wp-json\/wp\/v2\/product-type?post=4618"}],"curies":[{"name":"wp","href":"https:\/\/api.w.org\/{rel}","templated":true}]}}