{"id":4641,"date":"2023-02-16T15:50:08","date_gmt":"2023-02-16T07:50:08","guid":{"rendered":"https:\/\/taizyagromachine.com\/?post_type=product&#038;p=4641"},"modified":"2025-01-02T13:49:29","modified_gmt":"2025-01-02T05:49:29","slug":"brick-making-machine-for-sale","status":"publish","type":"product","link":"https:\/\/taizyagromachine.com\/fr\/product\/brick-making-machine-for-sale\/","title":{"rendered":"Machine de fabrication de briques de ciment \u00e0 vendre"},"content":{"rendered":"<p class=\"translation-block\">La <strong>machine de fabrication de briques<\/strong> est sp\u00e9cialement con\u00e7ue pour la production de divers types de briques. Elle est appr\u00e9ci\u00e9e par les clients du monde entier en raison de sa structure simple, de sa facilit\u00e9 d'utilisation et de son rapport co\u00fbt-performance \u00e9lev\u00e9. En tant que <a href=\"https:\/\/taizyagromachine.com\/fr\/\" target=\"_blank\" rel=\"noreferrer noopener\">fabricant et fournisseur exp\u00e9riment\u00e9 de machines \u00e0 briques<\/a>, nous proposons une large gamme de mod\u00e8les de machines \u00e0 briques.<\/p>    <p>En g\u00e9n\u00e9ral, la machine de fabrication de blocs \u00e0 vendre peut \u00eatre divis\u00e9e en machine \u00e0 briques d'argile et machine \u00e0 briques de ciment. Il existe diff\u00e9rentes configurations pour chaque type de machine \u00e0 briques, veuillez lire la suite pour plus d'informations.<\/p>    <h2 class=\"wp-block-heading\"><strong>Type 1\u00a0: Machine de fabrication de briques de ciment \u00e0 vendre<\/strong><\/h2>    <p>La machine de fabrication de blocs de ciment est le mod\u00e8le le plus vendu sur le march\u00e9, et de nombreux clients reviennent pour poser des questions sur la machine \u00e0 blocs de ciment. Notre machine \u00e0 briques a divers mod\u00e8les et est facile \u00e0 apprendre, et le prix est appropri\u00e9, c'est un bon choix pour l'investissement dans la production de briques.<\/p>    <p>De plus, nos machines sont souvent export\u00e9es \u00e0 grande \u00e9chelle en raison de leurs excellentes performances, alors si vous \u00eates int\u00e9ress\u00e9 par les machines \u00e0 briques, n'h\u00e9sitez pas \u00e0 nous contacter !<\/p>    <h3 class=\"wp-block-heading\"><strong>Divers \u00e9chantillons de briques et de moules \u00e0 briques<\/strong><\/h3>    <figure class=\"wp-block-gallery aligncenter has-nested-images columns-default is-cropped wp-block-gallery-2 is-layout-flex wp-block-gallery-is-layout-flex\"> <figure class=\"wp-block-image size-full\"><img loading=\"lazy\" decoding=\"async\" width=\"540\" height=\"600\" data-id=\"4674\" src=\"https:\/\/taizyagromachine.com\/wp-content\/uploads\/2023\/02\/various-sample-bricks.webp\" alt=\"divers \u00e9chantillons de briques\" class=\"wp-image-4674\"\/><figcaption class=\"wp-element-caption\">divers \u00e9chantillons de briques<\/figcaption><\/figure>    <figure class=\"wp-block-image size-full\"><img loading=\"lazy\" decoding=\"async\" width=\"540\" height=\"600\" data-id=\"4675\" src=\"https:\/\/taizyagromachine.com\/wp-content\/uploads\/2023\/02\/all-kinds-of-moulds.webp\" alt=\"toutes sortes de moules\" class=\"wp-image-4675\"\/><figcaption class=\"wp-element-caption\">toutes sortes de moules<\/figcaption><\/figure> <\/figure>    <p>Les formes de briques pouvant \u00eatre produites ainsi que les types de briques pouvant \u00eatre produits comme mentionn\u00e9 dans l'image ci-dessus peuvent \u00eatre produits par notre machine de fabrication de briques.<\/p>    <p>Les pav\u00e9s, les blocs de couleur, les briques d'herbe, les blocs de protection des pentes, les cubes, les blocs utilis\u00e9s le long de la route, etc. peuvent \u00eatre produits par la machine de fabrication de blocs Taizy. <\/p>    <h3 class=\"wp-block-heading\"><strong>Param\u00e8tres d\u00e9taill\u00e9s de la machine \u00e0 briques de ciment \u00e0 vendre<\/strong><\/h3>    <p>Nous avons 10 mod\u00e8les de machines \u00e0 briques de ciment \u00e0 vendre, chacune avec des d\u00e9tails de capacit\u00e9 et de configuration diff\u00e9rents, les param\u00e8tres sp\u00e9cifiques peuvent \u00eatre trouv\u00e9s ci-dessous.<\/p>    <figure class=\"wp-block-table\"><table><tbody><tr><td>Mod\u00e8le<\/td><td>Photo de la machine<\/td><td>Cycle de moulage<\/td><td>Equip\u00e9 de puissance<\/td><td>Capacit\u00e9<\/td><td>Taille de la plaque<\/td><td>Taille globale<\/td><td>Poids<\/td><td>Op\u00e9rateur requis<\/td><\/tr><tr><td>DF2-45<\/td><td><img loading=\"lazy\" decoding=\"async\" width=\"150\" height=\"158\" class=\"wp-image-4650\" style=\"width: 150px;\" src=\"https:\/\/taizyagromachine.com\/wp-content\/uploads\/2023\/02\/DF2-45-block-machine.webp\" alt=\"\"><\/td><td>45s<\/td><td>1,1 kW<\/td><td>Brique standard 240*53*115mm 3600PCS<br>Briques creuses 390*190*190mm 600PCS<\/td><td>\/<\/td><td>900*700*1150mm<\/td><td>200 kg<\/td><td>1-2<\/td><\/tr><tr><td>DF3-45<\/td><td><img loading=\"lazy\" decoding=\"async\" width=\"150\" height=\"203\" class=\"wp-image-4654\" style=\"width: 150px;\" src=\"https:\/\/taizyagromachine.com\/wp-content\/uploads\/2023\/02\/DF3-45-brick-machine.webp\" alt=\"\"><\/td><td>45s<\/td><td>1,1 kW<\/td><td>Brique standard 240*53*115mm 8000PCS<br>Briques creuses 390*190*190mm 1000PCS<\/td><td>\/<\/td><td>1100*1050*1300mm<\/td><td>300 kg<\/td><td>1-2<\/td><\/tr><tr><td>DF4-45<\/td><td><img loading=\"lazy\" decoding=\"async\" width=\"150\" height=\"158\" class=\"wp-image-4655\" style=\"width: 150px;\" src=\"https:\/\/taizyagromachine.com\/wp-content\/uploads\/2023\/02\/DF4-45.webp\" alt=\"\"><\/td><td>45s<\/td><td>3,7 kW<\/td><td>Brique standard 240*53*115mm 12000PCS<br>Briques creuses 390*190*190mm 1800PCS<\/td><td>\/<\/td><td>1250*1350*1550mm<\/td><td>750 kg<\/td><td>2-3<\/td><\/tr><tr><td>Moteur diesel DF<\/td><td><img loading=\"lazy\" decoding=\"async\" width=\"150\" height=\"247\" class=\"wp-image-4656\" style=\"width: 150px;\" src=\"https:\/\/taizyagromachine.com\/wp-content\/uploads\/2023\/02\/DF.webp\" alt=\"\"><\/td><td>45s<\/td><td>8 ch<\/td><td>Brique standard 240*53*115mm 3600PCS<br>Briques creuses 390*190*190mm 600PCS<\/td><td>\/<\/td><td>1900*1000*1550mm<\/td><td>250 kg<\/td><td>1-2<\/td><\/tr><tr><td>DF4-35A sans tr\u00e9mie<\/td><td><img loading=\"lazy\" decoding=\"async\" width=\"150\" height=\"171\" class=\"wp-image-4657\" style=\"width: 150px;\" src=\"https:\/\/taizyagromachine.com\/wp-content\/uploads\/2023\/02\/DF4-35A-without-hopper.webp\" alt=\"\"><\/td><td>35s<\/td><td>4,8 kW<\/td><td>Brique standard 240*53*115mm 15000PCS<br>Briques creuses 390*190*190mm 2400PCS<\/td><td>850*550*30mm<\/td><td>1250*1350*1550mm<\/td><td>750 kg<\/td><td>2-3<\/td><\/tr><tr><td>DF4-35A avec tr\u00e9mie<\/td><td><img loading=\"lazy\" decoding=\"async\" width=\"150\" height=\"229\" class=\"wp-image-4658\" style=\"width: 150px;\" src=\"https:\/\/taizyagromachine.com\/wp-content\/uploads\/2023\/02\/DF4-35A-with-hopper.webp\" alt=\"\"><\/td><td>35s<\/td><td>4,8 kW<\/td><td>Brique standard 240*53*115mm 20000PCS<br>Briques creuses 390*190*190mm 3200PCS<\/td><td>850*550*30mm<\/td><td>1200*1280*1950mm<\/td><td>780 kg<\/td><td>2-3<\/td><\/tr><tr><td>DF4-35B sans tr\u00e9mie<\/td><td><img loading=\"lazy\" decoding=\"async\" width=\"150\" height=\"186\" class=\"wp-image-4659\" style=\"width: 150px;\" src=\"https:\/\/taizyagromachine.com\/wp-content\/uploads\/2023\/02\/DF4-35B-without-hopper.webp\" alt=\"\"><\/td><td>35s<\/td><td>6,3 kW<\/td><td>Brique standard 240*53*115mm 15000PCS<br>Briques creuses 390*190*190mm 2400PCS<\/td><td>850*550*30mm<\/td><td>1250*1350*1550mm<\/td><td>800 kg<\/td><td>2-3<\/td><\/tr><tr><td>DF4-35B avec tr\u00e9mie<\/td><td><img loading=\"lazy\" decoding=\"async\" width=\"150\" height=\"244\" class=\"wp-image-4660\" style=\"width: 150px;\" src=\"https:\/\/taizyagromachine.com\/wp-content\/uploads\/2023\/02\/DF4-35B-with-hopper.webp\" alt=\"\"><\/td><td>35s<\/td><td>6,3 kW<\/td><td>Brique standard 240*53*115mm 20000PCS<br>Briques creuses 390*190*190mm 3200PCS<\/td><td>850*550*30mm<\/td><td>1200*1280*1950mm<\/td><td>830 kg<\/td><td>2-3<\/td><\/tr><tr><td>DF4-40A sans tr\u00e9mie<\/td><td><img loading=\"lazy\" decoding=\"async\" width=\"150\" height=\"194\" class=\"wp-image-4661\" style=\"width: 150px;\" src=\"https:\/\/taizyagromachine.com\/wp-content\/uploads\/2023\/02\/DF4-40A-without-hopper.webp\" alt=\"\"><\/td><td>35s<\/td><td>7,5 kW<\/td><td>Brique standard 240*53*115mm 20000PCS<br>Briques creuses 390*190*190mm 3200PCS<\/td><td>850*550*30mm<\/td><td>1500*1300*1800mm<\/td><td>1100 kg<\/td><td>2-3<\/td><\/tr><tr><td>Machine \u00e0 briques automatique DF4-40A<\/td><td><img loading=\"lazy\" decoding=\"async\" width=\"150\" height=\"137\" class=\"wp-image-4662\" style=\"width: 150px;\" src=\"https:\/\/taizyagromachine.com\/wp-content\/uploads\/2023\/02\/DF4-40A-automatic-brick-machine.webp\" alt=\"\"><\/td><td>35s<\/td><td>7,5 kW<\/td><td>Brique standard 240*53*115mm 24000PCS<br>Briques creuses 390*190*190mm 3600PCS<\/td><td>850*550*30mm<\/td><td>1600*1300*2300mm<\/td><td>1150 kg<\/td><td>2-3<\/td><\/tr><\/tbody><\/table><figcaption class=\"wp-element-caption\">tous les types de machine de fabrication de briques de ciment \u00e0 vendre<\/figcaption><\/figure>    <h2 class=\"wp-block-heading\"><strong>Type 2\u00a0: Machine de fabrication de briques en argile \u2013 Machine \u00e0 blocs de gravure gratuite<\/strong><\/h2>    <p>Cette machine \u00e0 briques est une machine \u00e0 briques en terre cuite, c'est-\u00e0-dire une machine \u00e0 briques sans combustion, qui utilise principalement de l'argile pour la production de briques pouvant \u00eatre fabriqu\u00e9es. Cette machine \u00e0 briques peut \u00eatre utilis\u00e9e avec d\u2019autres machines pour produire des briques en terre cuite de mani\u00e8re enti\u00e8rement automatique.<\/p>    <h3 class=\"wp-block-heading\"><strong>Structure de la machine \u00e0 briques \u00e0 embo\u00eetement enti\u00e8rement automatique<\/strong><\/h3>    <div class=\"wp-block-columns is-layout-flex wp-container-core-columns-is-layout-9d6595d7 wp-block-columns-is-layout-flex\"> <div class=\"wp-block-column is-layout-flow wp-block-column-is-layout-flow\"><div class=\"wp-block-image\"> <figure class=\"aligncenter size-full\"><img loading=\"lazy\" decoding=\"async\" width=\"720\" height=\"540\" src=\"https:\/\/taizyagromachine.com\/wp-content\/uploads\/2023\/02\/clay-block-machine-structure.webp\" alt=\"structure de machine \u00e0 blocs d&#039;argile\" class=\"wp-image-4642\"\/><figcaption class=\"wp-element-caption\">structure de machine \u00e0 blocs d'argile<\/figcaption><\/figure> <\/div><\/div>    <div class=\"wp-block-column is-layout-flow wp-block-column-is-layout-flow\"> <p>Cette combinaison aide les acheteurs \u00e0 produire le bloc d'argile de mani\u00e8re tr\u00e8s pratique et efficace, ce qui est tr\u00e8s pratique dans l'industrie de la production de briques. <\/p>    <p>Si vous \u00eates int\u00e9ress\u00e9, n'h\u00e9sitez pas \u00e0 nous contacter\u00a0!<\/p>    <figure class=\"wp-block-table\"><table><tbody><tr><td>Non.<\/td><td>Nom de la pi\u00e8ce de machine<\/td><\/tr><tr><td>1<\/td><td>Mixer<\/td><\/tr><tr><td>2<\/td><td>Convoyeur<\/td><\/tr><tr><td>3<\/td><td>Cylindre d'huile hydraulique<\/td><\/tr><tr><td>4<\/td><td>Machine \u00e0 bloc principal<\/td><\/tr><\/tbody><\/table><figcaption class=\"wp-element-caption\">liste de tableaux de la machine automatique de blocs d'argile<\/figcaption><\/figure> <\/div> <\/div>    <h3 class=\"wp-block-heading\"><strong>Formes de blocs d'argile et productivit\u00e9 des machines<\/strong><\/h3>    <figure class=\"wp-block-table\"><table><tbody><tr><td>Les types<\/td><td>Photo de brique<\/td><td>Taille<\/td><td>Cycle de moulage<\/td><td>Quantit\u00e9\/moule<\/td><td>Qt\u00e9\/heure<\/td><td>Qt\u00e9\/8h<\/td><\/tr><tr><td>Brique d'argile<\/td><td><img loading=\"lazy\" decoding=\"async\" width=\"150\" height=\"94\" class=\"wp-image-4647\" style=\"width: 150px;\" src=\"https:\/\/taizyagromachine.com\/wp-content\/uploads\/2023\/02\/Clay-brick.png\" alt=\"\"><\/td><td>300*150*100mm<\/td><td>10s<\/td><td>7 pi\u00e8ces<\/td><td>2520 pi\u00e8ces<\/td><td>20160 pi\u00e8ces<\/td><\/tr><\/tbody><\/table><\/figure>    <h2 class=\"wp-block-heading\"><strong>Quel est le prix de la machine de fabrication de briques Flyash ?<\/strong><\/h2>    <p>Lorsque vous d\u00e9cidez d\u2019acheter une machine \u00e0 briques, vous prendrez certainement en compte le prix de la machine \u00e0 briques. Et le prix de la machine \u00e0 briques est influenc\u00e9 par divers aspects. Par exemple, le prix d\u2019une machine manuelle de fabrication de briques en ciment est diff\u00e9rent du prix d\u2019une machine \u00e0 briques en terre cuite enti\u00e8rement automatique. Le prix du mod\u00e8le moteur de la machine \u00e0 briques et du mod\u00e8le diesel de la machine \u00e0 blocs sera \u00e9galement diff\u00e9rent. De plus, le type de briques que le client souhaite fabriquer doit \u00eatre pris en compte. \u00c9tant donn\u00e9 que diff\u00e9rents types de moules sont utilis\u00e9s, le prix est \u00e9galement diff\u00e9rent.<\/p>    <p>Ainsi, lorsque vous souhaitez acheter une machine, vous pouvez indiquer \u00e0 notre responsable commercial la forme des briques que vous souhaitez produire et votre budget, etc. Notre responsable commercial pourra vous recommander la solution adapt\u00e9e en fonction de vos besoins.<\/p>    <h2 class=\"wp-block-heading\"><strong>Emballage et livraison de la machine de fabrication de briques Taizy<\/strong><\/h2>    <figure class=\"wp-block-gallery aligncenter has-nested-images columns-default is-cropped wp-block-gallery-3 is-layout-flex wp-block-gallery-is-layout-flex\"> <figure class=\"wp-block-image size-large\"><img loading=\"lazy\" decoding=\"async\" width=\"540\" height=\"540\" data-id=\"4679\" src=\"https:\/\/taizyagromachine.com\/wp-content\/uploads\/2023\/02\/package-of-the-cement-block-machine.webp\" alt=\"paquet-de-la-machine-\u00e0-blocs-de-ciment\" class=\"wp-image-4679\"\/><figcaption class=\"wp-element-caption\">paquet de la machine \u00e0 blocs de ciment<\/figcaption><\/figure>    <figure class=\"wp-block-image size-large\"><img loading=\"lazy\" decoding=\"async\" width=\"540\" height=\"540\" data-id=\"4680\" src=\"https:\/\/taizyagromachine.com\/wp-content\/uploads\/2023\/02\/package-of-the-cement-brick-machine.webp\" alt=\"paquet-de-la-machine-\u00e0-briques-de-ciment\" class=\"wp-image-4680\"\/><figcaption class=\"wp-element-caption\">paquet de la machine \u00e0 briques de ciment<\/figcaption><\/figure> <\/figure>    <p>Une fois que les clients nous ont achet\u00e9 la machine \u00e0 briques, nous emballerons la machine apr\u00e8s la production. Car normalement, il est exp\u00e9di\u00e9 par voie maritime jusqu'\u00e0 la destination du client, et divers probl\u00e8mes peuvent \u00eatre rencontr\u00e9s en mer. Le but de l'emballage de la machine de fabrication de briques de cendres volantes dans des caisses en bois est de mieux prot\u00e9ger la machine \u00e0 blocs pendant le voyage en mer et d'\u00e9viter tout dommage \u00e0 la machine avant qu'elle n'atteigne sa destination. L'image ci-dessus repr\u00e9sente l'emballage de la machine \u00e0 briques.<\/p>    <h2 class=\"wp-block-heading\"><strong>Vid\u00e9o de la machine de fabrication de briques en ciment Taizy<\/strong><\/h2>    <figure class=\"wp-block-embed is-type-video is-provider-youtube wp-block-embed-youtube wp-embed-aspect-16-9 wp-has-aspect-ratio\"><div class=\"wp-block-embed__wrapper\"> <iframe loading=\"lazy\" title=\"Top 3 des machines de fabrication de briques \u00e0 vendre - Fabricant et fournisseur de machines de fabrication de blocs de ciment #bricks\" width=\"500\" height=\"281\" src=\"https:\/\/www.youtube.com\/embed\/Jt3gWnMqpbc?feature=oembed\" frameborder=\"0\" allow=\"accelerometer; autoplay; clipboard-write; encrypted-media; gyroscope; picture-in-picture; web-share\" referrerpolicy=\"strict-origin-when-cross-origin\" allowfullscreen><\/iframe> <\/div><\/figure>","protected":false},"excerpt":{"rendered":"<p>The brick making machine is specially designed for the production of various types of bricks. It is loved by customers from all over the world because of its simple structure, easy operation and high cost performance. As a senior brick machine manufacturer and supplier, we have a wide range of brick machine models. In general, [&hellip;]<\/p>\n","protected":false},"author":1,"featured_media":4683,"parent":0,"template":"","tags":[212],"product-type":[22],"class_list":["post-4641","product","type-product","status-publish","has-post-thumbnail","hentry","tag-brick-making-machine","product-type-others"],"_links":{"self":[{"href":"https:\/\/taizyagromachine.com\/fr\/wp-json\/wp\/v2\/product\/4641","targetHints":{"allow":["GET"]}}],"collection":[{"href":"https:\/\/taizyagromachine.com\/fr\/wp-json\/wp\/v2\/product"}],"about":[{"href":"https:\/\/taizyagromachine.com\/fr\/wp-json\/wp\/v2\/types\/product"}],"author":[{"embeddable":true,"href":"https:\/\/taizyagromachine.com\/fr\/wp-json\/wp\/v2\/users\/1"}],"wp:featuredmedia":[{"embeddable":true,"href":"https:\/\/taizyagromachine.com\/fr\/wp-json\/wp\/v2\/media\/4683"}],"wp:attachment":[{"href":"https:\/\/taizyagromachine.com\/fr\/wp-json\/wp\/v2\/media?parent=4641"}],"wp:term":[{"taxonomy":"post_tag","embeddable":true,"href":"https:\/\/taizyagromachine.com\/fr\/wp-json\/wp\/v2\/tags?post=4641"},{"taxonomy":"product-type","embeddable":true,"href":"https:\/\/taizyagromachine.com\/fr\/wp-json\/wp\/v2\/product-type?post=4641"}],"curies":[{"name":"wp","href":"https:\/\/api.w.org\/{rel}","templated":true}]}}