{"id":4700,"date":"2023-02-21T17:21:57","date_gmt":"2023-02-21T09:21:57","guid":{"rendered":"https:\/\/taizyagromachine.com\/?post_type=product&#038;p=4700"},"modified":"2025-02-25T11:48:17","modified_gmt":"2025-02-25T03:48:17","slug":"reaper-machine","status":"publish","type":"product","link":"https:\/\/taizyagromachine.com\/fr\/product\/reaper-machine\/","title":{"rendered":"Mini machine de r\u00e9colte pour la r\u00e9colte du ma\u00efs, du riz, du bl\u00e9, du sorgho, de l'herbe et de la luzerne"},"content":{"rendered":"<p>La faucheuse est une machine \u00e9conomique sp\u00e9cialement con\u00e7ue pour r\u00e9colter diverses cultures. Il pr\u00e9sente les caract\u00e9ristiques d'un co\u00fbt \u00e9lev\u00e9, d'une utilisation facile et d'une applicabilit\u00e9 \u00e9lev\u00e9e. C'est pourquoi de nombreux clients ach\u00e8tent notre faucheuse \u00e0 main dans son ensemble et deviennent revendeurs ou revendeurs de nos machines.<\/p>    <h2 class=\"wp-block-heading\"><strong>Qu'est-ce que la moissonneuse Reaper ?<\/strong><\/h2>    <p>La fonction sp\u00e9cifique est de couper le jabot et de le mettre de c\u00f4t\u00e9 sur le c\u00f4t\u00e9. Cette machine est con\u00e7ue et invent\u00e9e pour faciliter la r\u00e9colte des r\u00e9coltes par les agriculteurs, elle est donc tr\u00e8s pratique. Il peut \u00eatre utilis\u00e9 non seulement pour r\u00e9colter diverses cultures, mais \u00e9galement dans les zones montagneuses, les plaines, les montagnes et les serres.<\/p>    <p>Cette machine peut \u00e9galement \u00eatre utilis\u00e9e avec un tracteur \u00e0 conducteur marchant, ce qui sera plus pratique \u00e0 utiliser et d'une grande commodit\u00e9 pour l'utilisateur. Si vous \u00eates int\u00e9ress\u00e9 par ce type de machine, n'h\u00e9sitez pas \u00e0 nous contacter pour plus d'informations !<\/p>    <figure class=\"wp-block-embed is-type-video is-provider-youtube wp-block-embed-youtube wp-embed-aspect-16-9 wp-has-aspect-ratio\"><div class=\"wp-block-embed__wrapper\"> <iframe loading=\"lazy\" title=\"Efficient Corn &amp; Reed Harvester avec Reaper Machine | Machine de r\u00e9colteurs de r\u00e9colte haute performance\" width=\"500\" height=\"281\" src=\"https:\/\/www.youtube.com\/embed\/GudCYyAzqm0?feature=oembed\" frameborder=\"0\" allow=\"accelerometer; autoplay; clipboard-write; encrypted-media; gyroscope; picture-in-picture; web-share\" referrerpolicy=\"strict-origin-when-cross-origin\" allowfullscreen><\/iframe> <\/div><figcaption class=\"wp-element-caption\">Machine de r\u00e9colte de r\u00e9colte<\/figcaption><\/figure>    <h2 class=\"wp-block-heading\"><strong>Types de machines \u00e0 r\u00e9colter pour l'agriculture<\/strong><\/h2>    <p class=\"translation-block\">Notre <a href=\"https:\/\/en.wikipedia.org\/wiki\/Reaper\" target=\"_blank\" rel=\"noreferrer noopener\">machine de coupe faucheuse<\/a> peut \u00eatre divis\u00e9e en moissonneuse-lieuse et faucheuse. La diff\u00e9rence entre les deux r\u00e9side dans la fonction. La moissonneuse-lieuse est utilis\u00e9e pour lier lors de la r\u00e9colte, tandis que la faucheuse est uniquement utilis\u00e9e pour la r\u00e9colte.<\/p>    <p class=\"translation-block\">Il convient \u00e9galement de noter que nos mod\u00e8les de machines sont class\u00e9s selon diff\u00e9rentes largeurs de r\u00e9colte, qui peuvent \u00eatre divis\u00e9es en 4GK-90, 4G-100, 4G-120, 4G-120A, 4G-150, etc. Les param\u00e8tres d\u00e9taill\u00e9s se r\u00e9f\u00e8rent aux \u00ab <strong>Param\u00e8tres techniques des moissonneuses Taizy \u00e0 vendre<\/strong> \u00bb ci-dessous.<\/p>    <h2 class=\"wp-block-heading\"><strong>Applications de la machine de r\u00e9colte Reaper<\/strong><\/h2>    <p>La faucheuse Taizy a une large gamme d'applications, telles que le ma\u00efs, la canne \u00e0 sucre, le riz, le bl\u00e9, l'herbe, la luzerne, le sorgho, le millet, la pomme de terre, le poireau, l'ail, le soja, le poivre, l'herbe \u00e0 \u00e9l\u00e9phant douce, etc. cultures, contactez-nous ! Notre \u00e9quipe commerciale vous recommandera la faucheuse la plus adapt\u00e9e \u00e0 vos besoins sp\u00e9cifiques.<\/p>   <div class=\"wp-block-image\"> <figure class=\"aligncenter size-full\"><img loading=\"lazy\" decoding=\"async\" width=\"720\" height=\"540\" src=\"https:\/\/taizyagromachine.com\/wp-content\/uploads\/2023\/02\/applications-of-reaper-harvester-machine.webp\" alt=\"applications de la machine de r\u00e9colte de faucheuse\" class=\"wp-image-4706\"\/><figcaption class=\"wp-element-caption\">applications de la machine de r\u00e9colte de faucheuse<\/figcaption><\/figure> <\/div>   <h2 class=\"wp-block-heading\"><strong>Caract\u00e9ristiques de la machine \u00e0 r\u00e9colter le riz\/bl\u00e9\/ma\u00efs Taizy<\/strong><\/h2>    <ol class=\"wp-block-list\"> <li>Gain de temps et de travail, et r\u00e9colte \u00e9conomique et efficace.<\/li>    <li>Polyvalent, op\u00e9ration simple et puissance puissante.<\/li>    <li>Largement applicable aux plaines, montagnes, collines et serres.<\/li>    <li>Il s'applique \u00e0 un large \u00e9ventail de cultures pouvant \u00eatre r\u00e9colt\u00e9es, telles que le ma\u00efs, la canne \u00e0 sucre, l'herbe, le soja, le poivre, etc.<\/li>    <li>\u00c9conomie d'\u00e9nergie, r\u00e9duction de la consommation de carburant et r\u00e9duction des co\u00fbts.<\/li>    <li>Accessoires de haute qualit\u00e9, bonne qualit\u00e9 de machine\u00a0; Forte praticabilit\u00e9, stabilit\u00e9 et durabilit\u00e9\u00a0; L'effet de r\u00e9colte est bon.<\/li> <\/ol>   <div class=\"wp-block-image\"> <figure class=\"aligncenter size-full\"><img loading=\"lazy\" decoding=\"async\" width=\"720\" height=\"350\" src=\"https:\/\/taizyagromachine.com\/wp-content\/uploads\/2023\/02\/reaper-machine-manufacturer.webp\" alt=\"fabricant de machines \u00e0 faucher\" class=\"wp-image-4707\"\/><figcaption class=\"wp-element-caption\">fabricant de machines \u00e0 faucher<\/figcaption><\/figure> <\/div>   <h2 class=\"wp-block-heading\"><strong>Qu\u2019en est-il du prix de la machine Reaper\u00a0?<\/strong><\/h2>    <p class=\"translation-block\">En tant que <a href=\"https:\/\/taizyagromachine.com\/fr\/\" target=\"_blank\" rel=\"noreferrer noopener\">fabricant et fournisseur professionnel de machines agricoles<\/a>, nos mod\u00e8les de machines sont tr\u00e8s complets et les prix des moissonneuses-lieuses sont \u00e9galement diff\u00e9rents.<\/p>    <p>Par exemple, nos machines de r\u00e9colte faucheuse sont divis\u00e9es en faucheuse-lieuse et faucheuse, les fonctions n\u00e9cessaires sont des machines diff\u00e9rentes et le prix est \u00e9galement diff\u00e9rent. Aussi, la configuration \u00e9lectrique de la machine. Nos machines peuvent utiliser des moteurs essence et des moteurs diesel. Si le m\u00eame mod\u00e8le utilise une puissance diff\u00e9rente, les prix des machines sont \u00e9galement diff\u00e9rents. Aussi, la largeur de r\u00e9colte de la machine. Le prix de la machine est naturellement diff\u00e9rent selon les largeurs de r\u00e9colte souhait\u00e9es par les clients.<\/p>    <p>Bref, choisissez la machine pour choisir celle qui vous convient. Vous pouvez \u00e9galement demander de l\u2019aide \u00e0 notre professionnel et il vous recommandera celui qui vous convient le mieux !<\/p>    <h2 class=\"wp-block-heading\"><strong>Param\u00e8tres techniques de la machine Taizy Reaper \u00e0 vendre<\/strong><\/h2>    <figure class=\"wp-block-table\"><table><tbody><tr><td>Mod\u00e8le<\/td><td>Relieuse faucheuse 4GK-90<\/td><td>Faucheuse 4G-100<\/td><td>Faucheuse 4G-120<\/td><td>Faucheuse 4G-120A<\/td><td>Faucheuse 4G-150<\/td><\/tr><tr><td>Largeur de r\u00e9colte (mm) <\/td><td>900 <\/td><td>1000 <\/td><td>1200 <\/td><td>1200 <\/td><td>1500 <\/td><\/tr><tr><td>Mini hauteur de coupe (mm)<\/td><td>\u226550 <\/td><td>\u226550 <\/td><td>\u226550 <\/td><td>\u226550 <\/td><td>\u226550 <\/td><\/tr><tr><td>Type de placement<\/td><td>Regroupement lat\u00e9ral plac\u00e9<\/td><td>Placement lat\u00e9ral<\/td><td>Placement lat\u00e9ral<\/td><td>Placement lat\u00e9ral<\/td><td>Placement lat\u00e9ral<\/td><\/tr><tr><td>Angle de placement (degr\u00e9s)<\/td><td>\/<\/td><td>90 \u00b1 20 <\/td><td>90 \u00b1 20 <\/td><td>90 \u00b1 20 <\/td><td>90 \u00b1 20 <\/td><\/tr><tr><td>Capacit\u00e9 (mu\/heure)<\/td><td>2-3<\/td><td>2.5-4<\/td><td>3-5<\/td><td>3-5<\/td><td>3.5-5.5<\/td><\/tr><tr><td>Une puissance adapt\u00e9e<\/td><td>R175\/6,6 ch <\/td><td>170 F\/4,5 ch <\/td><td>170 F\/6,6 ch <\/td><td>170 F\/4,4 ch <\/td><td>R175\/6,6 ch <\/td><\/tr><tr><td>Poids net \/ kg)<\/td><td>330<\/td><td>210<\/td><td>230<\/td><td>216<\/td><td>230<\/td><\/tr><tr><td>Poids brut (kg)<\/td><td>380<\/td><td>250<\/td><td>270<\/td><td>260<\/td><td>300<\/td><\/tr><tr><td>Taille de l'emballage (L*W*H)(m)<\/td><td>1.55*1.35*0.9<\/td><td>1.3*1.07*0.65<\/td><td>1.47*1.07*0.65<\/td><td>1.47*1.07*0.65<\/td><td>1.8*1.07*0.65<\/td><\/tr><tr><td>Dimension de la machine (L*W*H)(m)<\/td><td>\/<\/td><td>2.1*1.25*1.0<\/td><td>2.15*1.5*1.1<\/td><td>2.15*1.5*1.1<\/td><td>2.25*1.85*1.1<\/td><\/tr><tr><td>Taux de perte(%)<\/td><td>&lt;1<\/td><td>&lt;1<\/td><td>&lt;1<\/td><td>&lt;1<\/td><td>&lt;1<\/td><\/tr><tr><td>Taux de coupe et de regroupement (%)<\/td><td>90<\/td><td>\/<\/td><td>\/<\/td><td>\/<\/td><td>\/<\/td><\/tr><\/tbody><\/table><\/figure>    <p>Notre moissonneuse-batteuse peut \u00eatre propuls\u00e9e par un moteur diesel ou \u00e0 essence, et la largeur de r\u00e9colte est diff\u00e9rente en fonction des besoins du client.<\/p>    <h2 class=\"wp-block-heading\"><strong>Vid\u00e9o de travail de la machine Taizy Reaper \u00e0 vendre<\/strong><\/h2>    <figure class=\"wp-block-embed is-type-video is-provider-youtube wp-block-embed-youtube wp-embed-aspect-16-9 wp-has-aspect-ratio\"><div class=\"wp-block-embed__wrapper\"> <iframe loading=\"lazy\" title=\"Excellent liant pour la r\u00e9colte du ma\u00efs, du riz, du bl\u00e9, du sorgho, du soja, de l&#039;herbe, de la luzerne, etc. #reaper\" width=\"500\" height=\"281\" src=\"https:\/\/www.youtube.com\/embed\/6N6YqNMlX24?feature=oembed\" frameborder=\"0\" allow=\"accelerometer; autoplay; clipboard-write; encrypted-media; gyroscope; picture-in-picture; web-share\" referrerpolicy=\"strict-origin-when-cross-origin\" allowfullscreen><\/iframe> <\/div><\/figure>    <figure class=\"wp-block-embed is-type-video is-provider-youtube wp-block-embed-youtube wp-embed-aspect-16-9 wp-has-aspect-ratio\"><div class=\"wp-block-embed__wrapper\"> <iframe loading=\"lazy\" title=\"Meilleure machine \u00e0 faucher de Taizy - Machine \u00e0 moissonneuse \u00e0 main pour l&#039;agriculture - Machine \u00e0 r\u00e9colter les faucheuses\" width=\"500\" height=\"281\" src=\"https:\/\/www.youtube.com\/embed\/50z7cpO7OIs?feature=oembed\" frameborder=\"0\" allow=\"accelerometer; autoplay; clipboard-write; encrypted-media; gyroscope; picture-in-picture; web-share\" referrerpolicy=\"strict-origin-when-cross-origin\" allowfullscreen><\/iframe> <\/div><\/figure>","protected":false},"excerpt":{"rendered":"<p>The reaper machine is an economical machine specially designed for harvesting various crops. It has the characteristics of high cost performance, easy operation, and high applicability. Therefore, many customers buy our hand reaper machine as a whole and become dealers or retailers of our machines. What is the Reaper Harvester? The specific function is to [&hellip;]<\/p>\n","protected":false},"author":1,"featured_media":4705,"parent":0,"template":"","tags":[213],"product-type":[22],"class_list":["post-4700","product","type-product","status-publish","has-post-thumbnail","hentry","tag-reaper-machine","product-type-others"],"_links":{"self":[{"href":"https:\/\/taizyagromachine.com\/fr\/wp-json\/wp\/v2\/product\/4700","targetHints":{"allow":["GET"]}}],"collection":[{"href":"https:\/\/taizyagromachine.com\/fr\/wp-json\/wp\/v2\/product"}],"about":[{"href":"https:\/\/taizyagromachine.com\/fr\/wp-json\/wp\/v2\/types\/product"}],"author":[{"embeddable":true,"href":"https:\/\/taizyagromachine.com\/fr\/wp-json\/wp\/v2\/users\/1"}],"wp:featuredmedia":[{"embeddable":true,"href":"https:\/\/taizyagromachine.com\/fr\/wp-json\/wp\/v2\/media\/4705"}],"wp:attachment":[{"href":"https:\/\/taizyagromachine.com\/fr\/wp-json\/wp\/v2\/media?parent=4700"}],"wp:term":[{"taxonomy":"post_tag","embeddable":true,"href":"https:\/\/taizyagromachine.com\/fr\/wp-json\/wp\/v2\/tags?post=4700"},{"taxonomy":"product-type","embeddable":true,"href":"https:\/\/taizyagromachine.com\/fr\/wp-json\/wp\/v2\/product-type?post=4700"}],"curies":[{"name":"wp","href":"https:\/\/api.w.org\/{rel}","templated":true}]}}