{"id":4760,"date":"2023-03-09T15:35:40","date_gmt":"2023-03-09T07:35:40","guid":{"rendered":"https:\/\/taizyagromachine.com\/?post_type=product&#038;p=4760"},"modified":"2023-03-09T17:32:18","modified_gmt":"2023-03-09T09:32:18","slug":"peanut-harvester-machine","status":"publish","type":"product","link":"https:\/\/taizyagromachine.com\/fr\/product\/peanut-harvester-machine\/","title":{"rendered":"Machine de r\u00e9colte d'arachides \u00e0 cha\u00eene \u00e0 vendre"},"content":{"rendered":"<p>Ce type de r\u00e9colteuse d'arachides est un nouveau type de machine d\u00e9velopp\u00e9 sp\u00e9cifiquement pour effectuer la r\u00e9colte d'arachides dans les champs, en travaillant avec le tracteur. En fait, la machine de r\u00e9colte d'arachides pr\u00e9sente des caract\u00e9ristiques de bonnes performances, de haute efficacit\u00e9, d'\u00e9conomie de temps et d'efforts et d'utilisation facile. <\/p>    <p class=\"translation-block\">De plus, nos machines \u00e0 arachide ne se limitent pas \u00e0 la machine de r\u00e9colte d'arachide, mais aussi au <a href=\"https:\/\/taizyagromachine.com\/fr\/product\/4-row-groundnut-sowing-machine\/\" target=\"_blank\" rel=\"noreferrer noopener\">semoir d'arachide<\/a>, \u00e0 la <a href=\"https:\/\/taizyagromachine.com\/fr\/product\/combined-groundnut-shelling-and-cleaning-machine\/\" target=\"_blank\" rel=\"noreferrer noopener\">d\u00e9cortiqueuse d'arachide<\/a>, et \u00e0 la <a href=\"https:\/\/taizyagromachine.com\/fr\/product\/small-groundnut-picker-for-sale\/\" target=\"_blank\" rel=\"noreferrer noopener\">cueilleuse d'arachide<\/a>. Quel que soit la machine \u00e0 arachide qui vous int\u00e9resse, n'h\u00e9sitez pas \u00e0 nous contacter !<\/p>    <h2 class=\"wp-block-heading\"><strong>Type 1\u00a0:\u00a0Machine de r\u00e9colte d'arachides HS-800<\/strong><\/h2>    <figure class=\"wp-block-gallery aligncenter has-nested-images columns-default is-cropped wp-block-gallery-2 is-layout-flex wp-block-gallery-is-layout-flex\"> <figure class=\"wp-block-image size-large\"><img loading=\"lazy\" decoding=\"async\" width=\"720\" height=\"540\" data-id=\"4766\" src=\"https:\/\/taizyagromachine.com\/wp-content\/uploads\/2023\/03\/peanut-harvester-machine.webp\" alt=\"machine de r\u00e9colte d&#039;arachide\" class=\"wp-image-4766\"\/><figcaption class=\"wp-element-caption\">machine de r\u00e9colte d'arachide<\/figcaption><\/figure>    <figure class=\"wp-block-image size-large\"><img loading=\"lazy\" decoding=\"async\" width=\"720\" height=\"540\" data-id=\"4767\" src=\"https:\/\/taizyagromachine.com\/wp-content\/uploads\/2023\/03\/peanut-harvester.webp\" alt=\"r\u00e9colteuse d&#039;arachides \" class=\"wp-image-4767\"\/><figcaption class=\"wp-element-caption\">r\u00e9colteuse d'arachides <\/figcaption><\/figure> <\/figure>    <p>La nouvelle g\u00e9n\u00e9ration de machine de r\u00e9colte d'arachides Taizy est une machine de r\u00e9colte de cultures qui compl\u00e8te les op\u00e9rations de creusement, de s\u00e9paration du sol, de pose de bandes, de cueillette, de cueillette de fruits et de d\u00e9frichement dans le processus de r\u00e9colte des arachides. Et la machine de r\u00e9colte d'arachides est dot\u00e9e d'une conception de cha\u00eene de serrage unique, qui peut rendre le processus de r\u00e9colte plus efficace et un effet de r\u00e9colte parfait.  <\/p>    <h3 class=\"wp-block-heading\">Points forts de la r\u00e9colteuse d'arachides HS-800<\/h3>    <figure class=\"wp-block-gallery aligncenter has-nested-images columns-default is-cropped wp-block-gallery-3 is-layout-flex wp-block-gallery-is-layout-flex\"> <figure class=\"wp-block-image size-large\"><img loading=\"lazy\" decoding=\"async\" width=\"720\" height=\"540\" data-id=\"4775\" src=\"https:\/\/taizyagromachine.com\/wp-content\/uploads\/2023\/03\/advantages-of-peanut-harvesting-machine.webp\" alt=\"avantages de la machine \u00e0 r\u00e9colter les arachides\" class=\"wp-image-4775\"\/><figcaption class=\"wp-element-caption\">avantages de la machine \u00e0 r\u00e9colter les arachides<\/figcaption><\/figure>    <figure class=\"wp-block-image size-large\"><img loading=\"lazy\" decoding=\"async\" width=\"720\" height=\"540\" data-id=\"4774\" src=\"https:\/\/taizyagromachine.com\/wp-content\/uploads\/2023\/03\/strength-of-peanut-harvester-machine.webp\" alt=\"force de la machine \u00e0 r\u00e9colter les arachides\" class=\"wp-image-4774\"\/><figcaption class=\"wp-element-caption\">force de la machine \u00e0 r\u00e9colter les arachides<\/figcaption><\/figure> <\/figure>    <figure class=\"wp-block-table\"><table><tbody><tr><td>S\/N<\/td><td>Points forts<\/td><\/tr><tr><td>1<\/td><td>Cha\u00eene grimpante \u2013 transport des cacahu\u00e8tes r\u00e9colt\u00e9es<\/td><\/tr><tr><td>2<\/td><td>Tamis vibrant suppl\u00e9mentaire \u2013 stockage des cacahu\u00e8tes tomb\u00e9es sans cueillette manuelle<\/td><\/tr><tr><td>3<\/td><td>Lame mobile \u2013 minimise la r\u00e9sistance \u00e0 la r\u00e9colte<\/td><\/tr><tr><td>4<\/td><td>Rouleau presseur avant \u2013 ameublissez le sol pour une r\u00e9colte facile<\/td><\/tr><tr><td>5<\/td><td>Bo\u00eete de vitesses \u2013 connexion de sortie arri\u00e8re du tracteur<\/td><\/tr><tr><td>6<\/td><td>Spirale arri\u00e8re \u2013 faites pivoter soigneusement les plants d\u2019arachide et placez-les de mani\u00e8re ordonn\u00e9e<\/td><\/tr><\/tbody><\/table><\/figure>    <h3 class=\"wp-block-heading\"><strong>Param\u00e8tres techniques de la machine de r\u00e9colte d'arachides<\/strong><\/h3>    <figure class=\"wp-block-table\"><table><tbody><tr><td>Mod\u00e8le<\/td><td>HS-800<\/td><\/tr><tr><td>Efficacit\u00e9<\/td><td>1300-2000\u33a1\/jour<\/td><\/tr><tr><td>Taux de r\u00e9colte<\/td><td>\u226598%<\/td><\/tr><tr><td>Taux de rupture<\/td><td>\u22641%<\/td><\/tr><tr><td>Taux de nettoyage<\/td><td>\u226595%<\/td><\/tr><tr><td>Poids<\/td><td>280 kg<\/td><\/tr><tr><td>Puissance<\/td><td>30 CV<\/td><\/tr><tr><td>Largeur de la moissonneuse<\/td><td>deux rang\u00e9es<\/td><\/tr><tr><td>Distance entre les rang\u00e9es<\/td><td>750-800mm<\/td><\/tr><tr><td>\u00c9cartement des rangs<\/td><td>180-250mm<\/td><\/tr><tr><td>Dimension<\/td><td>2100*1050*1030mm<\/td><\/tr><\/tbody><\/table><\/figure>    <h2 class=\"wp-block-heading\"><strong>Type 2\u00a0:\u00a0R\u00e9colteuse d'arachides HS-1500<\/strong><\/h2>    <figure class=\"wp-block-gallery aligncenter has-nested-images columns-default is-cropped wp-block-gallery-4 is-layout-flex wp-block-gallery-is-layout-flex\"> <figure class=\"wp-block-image size-large\"><img loading=\"lazy\" decoding=\"async\" width=\"720\" height=\"540\" data-id=\"4769\" src=\"https:\/\/taizyagromachine.com\/wp-content\/uploads\/2023\/03\/groundnut-harvesting-machine.webp\" alt=\"machine de r\u00e9colte d&#039;arachide\" class=\"wp-image-4769\"\/><figcaption class=\"wp-element-caption\">machine de r\u00e9colte d'arachide<\/figcaption><\/figure>    <figure class=\"wp-block-image size-large\"><img loading=\"lazy\" decoding=\"async\" width=\"720\" height=\"540\" data-id=\"4770\" src=\"https:\/\/taizyagromachine.com\/wp-content\/uploads\/2023\/03\/peanut-harvesting-machine.webp\" alt=\"machine de r\u00e9colte d&#039;arachide\" class=\"wp-image-4770\"\/><figcaption class=\"wp-element-caption\">machine de r\u00e9colte d'arachide<\/figcaption><\/figure> <\/figure>    <p class=\"translation-block\">En production r\u00e9elle, selon les besoins des clients et les caract\u00e9ristiques de la machine de r\u00e9colte d'arachide, vous pouvez choisir la machine appropri\u00e9e. L'\u00e9quipement de r\u00e9colte d'arachide peut effectuer une fois l'arrachage de l'<a href=\"https:\/\/en.wikipedia.org\/wiki\/Peanut\" target=\"_blank\" rel=\"noreferrer noopener\">arachide<\/a>, le retrait de la terre, la cueillette des fruits, le nettoyage, la collecte des fruits et d'autres op\u00e9rations, avec une efficacit\u00e9 de production \u00e9lev\u00e9e, moins de pertes op\u00e9rationnelles, une vitesse de transfert rapide, et une utilisation s\u00fbre et fiable.<\/p>    <h3 class=\"wp-block-heading\"><strong>Caract\u00e9ristiques de la machine de r\u00e9colte d'arachides<\/strong><\/h3>    <ol class=\"wp-block-list\"> <li>Le processus op\u00e9rationnel est complet et ordonn\u00e9, pendant l'op\u00e9ration pour compl\u00e9ter le support des semis, creuser, \u00e9craser, secouer le sol et d\u00e9poser les arachides.<\/li>    <li>Faible taux de perte, efficacit\u00e9 op\u00e9rationnelle \u00e9lev\u00e9e et faible co\u00fbt de r\u00e9colte.<\/li>    <li>Le temps de r\u00e9colte des arachides est court, le co\u00fbt de r\u00e9colte est inf\u00e9rieur.<\/li>    <li>Une large gamme d'applications. La machine de r\u00e9colte d'arachides est applicable \u00e0 une vari\u00e9t\u00e9 de sols, \u00e0 la plantation plate et monopolistique de terres d'arachide.<\/li> <\/ol>    <h3 class=\"wp-block-heading\"><strong>Param\u00e8tres techniques de l'\u00e9quipement de r\u00e9colte d'arachides<\/strong><\/h3>    <figure class=\"wp-block-table\"><table><tbody><tr><td>Mod\u00e8le<\/td><td>HS-1500<\/td><\/tr><tr><td>Pouvoir<\/td><td>Tracteur \u226580HP<\/td><\/tr><tr><td>PDF<\/td><td>cannelures 6 ou 8<\/td><\/tr><tr><td>Largeur de travail<\/td><td>1500mm<\/td><\/tr><tr><td>Taille<\/td><td>3140*1770*1150mm<\/td><\/tr><tr><td>Poids<\/td><td>498 kg<\/td><\/tr><\/tbody><\/table><\/figure>    <h2 class=\"wp-block-heading\"><strong>Qu\u2019en est-il du prix de la machine \u00e0 r\u00e9colter les arachides\u00a0?<\/strong><\/h2>    <p class=\"translation-block\">En tant que <a href=\"https:\/\/taizyagromachine.com\/fr\/\" target=\"_blank\" rel=\"noreferrer noopener\">fabricant et fournisseur professionnel de machines agricoles<\/a>, nos machines agricoles couvrent tous les aspects, y compris la <a href=\"https:\/\/taizyagromachine.com\/fr\/product\/peanut-machine\/\" target=\"_blank\" rel=\"noreferrer noopener\">machinerie d'arachide<\/a>. La machine de r\u00e9colte d'arachide produite par Taizy a des prix d'usine, donc le prix de la machine de r\u00e9colte d'arachide est tr\u00e8s avantageux. Mais cela ne signifie pas que la qualit\u00e9 de la machine n'est pas bonne. <\/p>    <p>Parce que nous sommes une usine, nous-m\u00eames dans le commerce ext\u00e9rieur, \u00e9conomisons donc un co\u00fbt interm\u00e9diaire. De plus, nous disposons d'un ensemble de notre propre syst\u00e8me de contr\u00f4le de qualit\u00e9 pour produire la machine, et la machine produite est d'excellente qualit\u00e9. Par cons\u00e9quent, nos machines Taizy sont de bonne qualit\u00e9 et \u00e0 bas prix. Si vous \u00eates int\u00e9ress\u00e9, n'h\u00e9sitez pas \u00e0 nous contacter et \u00e0 visiter notre usine !<\/p>    <h2 class=\"wp-block-heading\"><strong>Cas r\u00e9ussis de la machine de r\u00e9colte d'arachides Taizy<\/strong><\/h2>    <p>Notre excavatrice d'arachides a \u00e9t\u00e9 export\u00e9e vers de nombreux pays \u00e9trangers, tels que le S\u00e9n\u00e9gal, le Nigeria, l'Allemagne, l'Italie, les \u00c9tats-Unis, le Zimbabwe, le Turkm\u00e9nistan, etc. Vous trouverez ci-dessous le dernier dossier am\u00e9ricain pour votre r\u00e9f\u00e9rence qui a \u00e9t\u00e9 cl\u00f4tur\u00e9.<\/p>    <figure class=\"wp-block-embed is-type-wp-embed is-provider-taizyagromachine-com wp-block-embed-taizyagromachine-com\"><div class=\"wp-block-embed__wrapper\"> <blockquote class=\"wp-embedded-content\" data-secret=\"NMjLVa3kCY\"><a href=\"https:\/\/taizyagromachine.com\/sw\/info\/peanut-harvester-usa\/\">R\u00e9colteuse d'arachides et planteuse d'arachides \u00e0 4 rang\u00e9es \u00e0 vendre aux \u00c9tats-Unis<\/a><\/blockquote><iframe loading=\"lazy\" class=\"wp-embedded-content\" sandbox=\"allow-scripts\" security=\"restricted\" style=\"position: absolute; clip: rect(1px, 1px, 1px, 1px);\" title=\"&quot;R\u00e9colteuse d&#039;arachides et planteuse d&#039;arachides \u00e0 4 rangs \u00e0 vendre aux \u00c9tats-Unis&quot; \u2014 taizyagromachine.com\" src=\"https:\/\/taizyagromachine.com\/sw\/info\/peanut-harvester-usa\/embed\/#?secret=97eZYTO8Gm#?secret=NMjLVa3kCY\" data-secret=\"NMjLVa3kCY\" width=\"500\" height=\"282\" frameborder=\"0\" marginwidth=\"0\" marginheight=\"0\" scrolling=\"no\"><\/iframe> <\/div><\/figure>    <h2 class=\"wp-block-heading\"><strong>Emballage et livraison d'un nouveau type de machine de r\u00e9colte d'arachides<\/strong><\/h2>    <figure class=\"wp-block-gallery aligncenter has-nested-images columns-default is-cropped wp-block-gallery-5 is-layout-flex wp-block-gallery-is-layout-flex\"> <figure class=\"wp-block-image size-full\"><img loading=\"lazy\" decoding=\"async\" width=\"850\" height=\"540\" data-id=\"4785\" src=\"https:\/\/taizyagromachine.com\/wp-content\/uploads\/2023\/03\/peanut-harvester-in-the-wooden-case.webp\" alt=\"r\u00e9colteuse d&#039;arachides dans la caisse en bois\" class=\"wp-image-4785\"\/><figcaption class=\"wp-element-caption\">r\u00e9colteuse d'arachides dans la caisse en bois<\/figcaption><\/figure>    <figure class=\"wp-block-image size-full\"><img loading=\"lazy\" decoding=\"async\" width=\"850\" height=\"540\" data-id=\"4786\" src=\"https:\/\/taizyagromachine.com\/wp-content\/uploads\/2023\/03\/load-in-the-container-for-delivery.webp\" alt=\"charger dans le conteneur pour la livraison\" class=\"wp-image-4786\"\/><figcaption class=\"wp-element-caption\">charger dans le conteneur pour la livraison<\/figcaption><\/figure> <\/figure>    <p>Une fois la r\u00e9colteuse d'arachides produite, elle doit \u00eatre pr\u00e9par\u00e9e pour la livraison au client, qui se fait g\u00e9n\u00e9ralement par voie maritime. Avant l'exp\u00e9dition, nous envelopperons la machine dans une caisse en bois selon les exigences du client, puis nous chargerons de la charger dans un conteneur. Enfin, la logistique enverra les marchandises au port correspondant pour l'exp\u00e9dition.<\/p>    <h2 class=\"wp-block-heading\"><strong>Bons commentaires sur la machine de r\u00e9colte d'arachides des clients<\/strong><\/h2>    <p>Cette r\u00e9colteuse de cacahu\u00e8tes de Taizy est export\u00e9e dans le monde entier. En raison des bonnes performances de la machine et de sa qualit\u00e9, nous avons re\u00e7u de bons commentaires de clients du monde entier. L'image suivante fait partie des commentaires clients collect\u00e9s. Si vous \u00eates int\u00e9ress\u00e9 par nos machines \u00e0 arachides, n'h\u00e9sitez pas \u00e0 nous contacter et \u00e0 visiter notre usine\u00a0!<\/p>   <div class=\"wp-block-image\"> <figure class=\"aligncenter size-full\"><img loading=\"lazy\" decoding=\"async\" width=\"750\" height=\"816\" src=\"https:\/\/taizyagromachine.com\/wp-content\/uploads\/2023\/03\/client-feedback.webp\" alt=\"commentaires des clients\" class=\"wp-image-4763\"\/><figcaption class=\"wp-element-caption\">commentaires des clients<\/figcaption><\/figure> <\/div>   <h2 class=\"wp-block-heading\"><strong>Vid\u00e9o de la r\u00e9colteuse d'arachides - Comment fonctionne une r\u00e9colteuse d'arachides\u00a0?<\/strong><\/h2>    <figure class=\"wp-block-embed is-type-video is-provider-youtube wp-block-embed-youtube wp-embed-aspect-16-9 wp-has-aspect-ratio\"><div class=\"wp-block-embed__wrapper\"> <iframe loading=\"lazy\" title=\"Nouveau type de machine de r\u00e9colte d&#039;arachides - Machine de r\u00e9colte d&#039;arachides \u00e0 vendre - Comment r\u00e9colter les arachides ?\" width=\"500\" height=\"281\" src=\"https:\/\/www.youtube.com\/embed\/wRYBLEBXfQY?feature=oembed\" frameborder=\"0\" allow=\"accelerometer; autoplay; clipboard-write; encrypted-media; gyroscope; picture-in-picture; web-share\" referrerpolicy=\"strict-origin-when-cross-origin\" allowfullscreen><\/iframe> <\/div><\/figure>","protected":false},"excerpt":{"rendered":"<p>This kind of peanut harvester machine is a new type of machine developed specifically to carry out groundnut harvesting in the fields, working with the tractor. Actually, the groundnut harvesting machine has features of good performance, high efficiency, time and effort saving, and easy operation. Besides, our peanut machines are not limited to the peanut [&hellip;]<\/p>\n","protected":false},"author":1,"featured_media":4778,"parent":0,"template":"","tags":[214],"product-type":[21],"class_list":["post-4760","product","type-product","status-publish","has-post-thumbnail","hentry","tag-peanut-harvester-machine","product-type-peanut-machine"],"_links":{"self":[{"href":"https:\/\/taizyagromachine.com\/fr\/wp-json\/wp\/v2\/product\/4760","targetHints":{"allow":["GET"]}}],"collection":[{"href":"https:\/\/taizyagromachine.com\/fr\/wp-json\/wp\/v2\/product"}],"about":[{"href":"https:\/\/taizyagromachine.com\/fr\/wp-json\/wp\/v2\/types\/product"}],"author":[{"embeddable":true,"href":"https:\/\/taizyagromachine.com\/fr\/wp-json\/wp\/v2\/users\/1"}],"wp:featuredmedia":[{"embeddable":true,"href":"https:\/\/taizyagromachine.com\/fr\/wp-json\/wp\/v2\/media\/4778"}],"wp:attachment":[{"href":"https:\/\/taizyagromachine.com\/fr\/wp-json\/wp\/v2\/media?parent=4760"}],"wp:term":[{"taxonomy":"post_tag","embeddable":true,"href":"https:\/\/taizyagromachine.com\/fr\/wp-json\/wp\/v2\/tags?post=4760"},{"taxonomy":"product-type","embeddable":true,"href":"https:\/\/taizyagromachine.com\/fr\/wp-json\/wp\/v2\/product-type?post=4760"}],"curies":[{"name":"wp","href":"https:\/\/api.w.org\/{rel}","templated":true}]}}