{"id":4805,"date":"2023-03-16T14:52:19","date_gmt":"2023-03-16T06:52:19","guid":{"rendered":"https:\/\/taizyagromachine.com\/?post_type=product&#038;p=4805"},"modified":"2023-03-16T17:13:23","modified_gmt":"2023-03-16T09:13:23","slug":"grain-milling-machine-for-corn-chilli-beans-grass","status":"publish","type":"product","link":"https:\/\/taizyagromachine.com\/fr\/product\/grain-milling-machine-for-corn-chilli-beans-grass\/","title":{"rendered":"Fraiseuse \u00e0 grains en acier inoxydable pour le ma\u00efs, le piment, les haricots et l'herbe"},"content":{"rendered":"<p class=\"translation-block\">Cette machine de mouture de grains en acier inoxydable est sp\u00e9cialement con\u00e7ue pour broyer divers grains afin d'obtenir une poudre fine. Et ce <a href=\"https:\/\/taizyagromachine.com\/fr\/product\/disk-mill-machine\/\" target=\"_blank\" rel=\"noreferrer noopener\">broyeur de grains<\/a> est utilis\u00e9 pour un large \u00e9ventail d'applications, telles que le ma\u00efs, le bl\u00e9, le riz, les \u00e9pices, le piment, le poivre noir, les haricots, les grains de caf\u00e9, le gingembre, les herbes, les bonbons, etc. <\/p>    <p> Notre broyeur \u00e0 ma\u00efs est de bonnes performances et de bonne qualit\u00e9, simple et facile \u00e0 utiliser et tr\u00e8s convivial. En outre, notre fraiseuse \u00e0 ma\u00efs est souvent export\u00e9e en gros, et les distributeurs et les d\u00e9taillants les importent souvent de notre c\u00f4t\u00e9 pour les ventes locales et les activit\u00e9s de vente au d\u00e9tail, comme au Nigeria. Alors, si vous \u00eates engag\u00e9 dans des activit\u00e9s connexes, n'h\u00e9sitez pas \u00e0 nous contacter et nous vous proposerons la meilleure offre !<\/p>    <h2 class=\"wp-block-heading\"><strong>Types de fraiseuse \u00e0 grains de Taizy Machinery<\/strong><\/h2>    <p class=\"translation-block\">En tant que <a href=\"https:\/\/taizyagromachine.com\/fr\/\" target=\"_blank\" rel=\"noreferrer noopener\">fabricant et fournisseur professionnel de machines de mouture<\/a>, nous avons diff\u00e9rents types de broyeurs de ma\u00efs \u00e0 vendre. Broyeur de grains \u00e9lectrique, broyeur de ma\u00efs \u00e0 essence, petite machine de concassage sont pr\u00e9sent\u00e9s ci-dessous pour votre r\u00e9f\u00e9rence.<\/p>    <p class=\"translation-block\"><strong>Machine de mouture de grains de ma\u00efs de type essence<\/strong> :<\/p>    <figure class=\"wp-block-gallery aligncenter has-nested-images columns-4 is-cropped wp-block-gallery-2 is-layout-flex wp-block-gallery-is-layout-flex\"> <figure class=\"wp-block-image size-large\"><img loading=\"lazy\" decoding=\"async\" width=\"540\" height=\"720\" data-id=\"4835\" src=\"https:\/\/taizyagromachine.com\/wp-content\/uploads\/2023\/03\/gasoline-grain-grinding-machine-1.webp\" alt=\"broyeur-de-grains-essence-1\" class=\"wp-image-4835\"\/><figcaption class=\"wp-element-caption\">rectifieuse de grains d'essence-1<\/figcaption><\/figure>    <figure class=\"wp-block-image size-large\"><img loading=\"lazy\" decoding=\"async\" width=\"540\" height=\"720\" data-id=\"4836\" src=\"https:\/\/taizyagromachine.com\/wp-content\/uploads\/2023\/03\/gasoline-grain-grinding-machine-2.webp\" alt=\"rectifieuse de grains d&#039;essence-2\" class=\"wp-image-4836\"\/><figcaption class=\"wp-element-caption\">rectifieuse de grains d'essence-2<\/figcaption><\/figure>    <figure class=\"wp-block-image size-large\"><img loading=\"lazy\" decoding=\"async\" width=\"540\" height=\"720\" data-id=\"4838\" src=\"https:\/\/taizyagromachine.com\/wp-content\/uploads\/2023\/03\/gasoline-grain-grinding-machine-3.webp\" alt=\"rectifieuse de grains d&#039;essence-3\" class=\"wp-image-4838\"\/><figcaption class=\"wp-element-caption\">rectifieuse de grains d'essence-3<\/figcaption><\/figure>    <figure class=\"wp-block-image size-large\"><img loading=\"lazy\" decoding=\"async\" width=\"540\" height=\"720\" data-id=\"4837\" src=\"https:\/\/taizyagromachine.com\/wp-content\/uploads\/2023\/03\/gasoline-grain-grinding-machine-4.webp\" alt=\"rectifieuse de grains d&#039;essence-4\" class=\"wp-image-4837\"\/><figcaption class=\"wp-element-caption\">rectifieuse de grains d'essence-4<\/figcaption><\/figure> <\/figure>    <p class=\"translation-block\"><strong>Machine de mouture de grains en acier inoxydable de type \u00e9lectrique<\/strong> :<\/p>   <div class=\"wp-block-image\"> <figure class=\"aligncenter size-full\"><img loading=\"lazy\" decoding=\"async\" width=\"720\" height=\"540\" src=\"https:\/\/taizyagromachine.com\/wp-content\/uploads\/2023\/03\/electric-driven-milling-machine.webp\" alt=\"fraiseuse \u00e9lectrique\" class=\"wp-image-4842\"\/><figcaption class=\"wp-element-caption\">fraiseuse \u00e9lectrique<\/figcaption><\/figure> <\/div>   <p class=\"translation-block\"><strong>Petit broyeur de ma\u00efs en gros<\/strong> :<\/p>   <div class=\"wp-block-image\"> <figure class=\"aligncenter size-full\"><img loading=\"lazy\" decoding=\"async\" width=\"720\" height=\"540\" src=\"https:\/\/taizyagromachine.com\/wp-content\/uploads\/2023\/03\/mini-grain-milling-machine.webp\" alt=\"mini fraiseuse \u00e0 grains\" class=\"wp-image-4844\"\/><figcaption class=\"wp-element-caption\">mini fraiseuse \u00e0 grains<\/figcaption><\/figure> <\/div>   <h2 class=\"wp-block-heading\"><strong>Structure de la fraiseuse \u00e0 grains commerciale \u00e0 vendre<\/strong><\/h2>    <div class=\"wp-block-media-text alignwide is-stacked-on-mobile\"><figure class=\"wp-block-media-text__media\"><img loading=\"lazy\" decoding=\"async\" width=\"720\" height=\"540\" src=\"https:\/\/taizyagromachine.com\/wp-content\/uploads\/2023\/03\/structure-of-maize-milling-machine.webp\" alt=\"structure de la fraiseuse \u00e0 ma\u00efs\" class=\"wp-image-4827 size-full\"\/><\/figure><div class=\"wp-block-media-text__content\"> <p class=\"translation-block\">La structure globale de la <a href=\"https:\/\/cornmachines.com\/disk-mill-machine\/\" target=\"_blank\" rel=\"noreferrer noopener\">machine de broyage de ma\u00efs<\/a> est tr\u00e8s simple et claire, l'utilisateur peut facilement comprendre comment l'utiliser.<\/p>    <figure class=\"wp-block-table\"><table><tbody><tr><td>S\/N<\/td><td>Nom de la pi\u00e8ce de machine<\/td><\/tr><tr><td>1<\/td><td>Entr\u00e9e<\/td><\/tr><tr><td>2<\/td><td>R\u00e9glage de la vitesse<\/td><\/tr><tr><td>3<\/td><td>\u00c9crou desserr\u00e9<\/td><\/tr><tr><td>4<\/td><td>Cavit\u00e9 de concassage<\/td><\/tr><tr><td>5<\/td><td>Le bouton de l'interrupteur<\/td><\/tr><tr><td>6<\/td><td>Sortie<\/td><\/tr><\/tbody><\/table><\/figure> <\/div><\/div>    <h2 class=\"wp-block-heading\"><strong>Applications du broyeur \u00e0 grains \u00e9lectrique<\/strong><\/h2>    <figure class=\"wp-block-gallery aligncenter has-nested-images columns-default is-cropped wp-block-gallery-3 is-layout-flex wp-block-gallery-is-layout-flex\"> <figure class=\"wp-block-image size-large\"><img loading=\"lazy\" decoding=\"async\" width=\"720\" height=\"540\" data-id=\"4824\" src=\"https:\/\/taizyagromachine.com\/wp-content\/uploads\/2023\/03\/applications-of-grain-corn-milling-machine.webp\" alt=\"applications de la fraiseuse de ma\u00efs-grain\" class=\"wp-image-4824\"\/><figcaption class=\"wp-element-caption\">applications de la fraiseuse de ma\u00efs-grain<\/figcaption><\/figure>    <figure class=\"wp-block-image size-large\"><img loading=\"lazy\" decoding=\"async\" width=\"720\" height=\"540\" data-id=\"4823\" src=\"https:\/\/taizyagromachine.com\/wp-content\/uploads\/2023\/03\/applications-of-milling-machine.webp\" alt=\"applications de fraiseuse\" class=\"wp-image-4823\"\/><figcaption class=\"wp-element-caption\">applications de fraiseuse<\/figcaption><\/figure> <\/figure>    <p>Cette fraiseuse \u00e0 grains a une large gamme d'applications, telles que les haricots, le poivre noir, le piment, les f\u00e8ves de cacao, le gingembre, les assaisonnements, le ma\u00efs, l'herbe, le bl\u00e9, le riz, les herbes, etc. <\/p>    <p>Il peut y en avoir d'autres qui ne sont pas r\u00e9pertori\u00e9s, bref, si vous souhaitez broyer des mat\u00e9riaux, vous pouvez utiliser notre broyeur. Si vous avez un tel besoin, contactez-nous d\u00e8s maintenant !<\/p>    <h2 class=\"wp-block-heading\"><strong>Principe de fonctionnement de la machine \u00e0 broyer les grains Taizy<\/strong><\/h2>    <p>\u00c0 grande vitesse, cette rectifieuse commerciale utilise le mouvement relatif entre le disque \u00e0 dents mobile et le disque \u00e0 dents fixe, afin d'\u00e9craser les mat\u00e9riaux par impact dentaire, cisaillement, friction et collision.<\/p>    <figure class=\"wp-block-gallery aligncenter has-nested-images columns-default is-cropped wp-block-gallery-4 is-layout-flex wp-block-gallery-is-layout-flex\"> <figure class=\"wp-block-image size-full\"><img loading=\"lazy\" decoding=\"async\" width=\"720\" height=\"540\" data-id=\"4833\" src=\"https:\/\/taizyagromachine.com\/wp-content\/uploads\/2023\/03\/blades-of-grain-maize-milling-machine.webp\" alt=\"Lames de fraiseuse de ma\u00efs-grain\" class=\"wp-image-4833\"\/><figcaption class=\"wp-element-caption\">Lames de fraiseuse de ma\u00efs-grain<\/figcaption><\/figure>    <figure class=\"wp-block-image size-full\"><img loading=\"lazy\" decoding=\"async\" width=\"720\" height=\"540\" data-id=\"4831\" src=\"https:\/\/taizyagromachine.com\/wp-content\/uploads\/2023\/03\/internal-part-of-grain-milling-machine.webp\" alt=\"fraiseuse-partie-interne-de-grains\" class=\"wp-image-4831\"\/><figcaption class=\"wp-element-caption\">partie interne de la fraiseuse \u00e0 grains<\/figcaption><\/figure> <\/figure>   <div class=\"wp-block-image\"> <figure class=\"aligncenter size-full\"><img loading=\"lazy\" decoding=\"async\" width=\"720\" height=\"400\" src=\"https:\/\/taizyagromachine.com\/wp-content\/uploads\/2023\/03\/sieves.webp\" alt=\"tamis\" class=\"wp-image-4834\"\/><figcaption class=\"wp-element-caption\">tamis<\/figcaption><\/figure> <\/div>   <p>Cette machine a une structure simple, un fonctionnement fluide, un faible bruit et un bon effet d'\u00e9crasement. Apr\u00e8s le concassage, le mat\u00e9riau est \u00e9vacu\u00e9 directement de la chambre de concassage. La taille des particules peut \u00eatre obtenue en s\u00e9lectionnant diff\u00e9rents \u00e9crans.<\/p>    <h2 class=\"wp-block-heading\"><strong>Qu'en est-il du prix de la fraiseuse \u00e0 grains\u00a0? <\/strong><\/h2>    <p>Nous disposons de diff\u00e9rents types de broyeurs de cormes et pouvons moudre diff\u00e9rents types de grains. Si vous souhaitez conna\u00eetre le prix de telles machines, vous devez d\u2019abord savoir quel type de mat\u00e9riau vous souhaitez broyer. Parce que les produits sont diff\u00e9rents, la fraiseuse de ma\u00efs-grain\/bl\u00e9 choisie sera diff\u00e9rente. Le prix de la fraiseuse \u00e0 grains est \u00e9galement diff\u00e9rent. <\/p>    <p>Deuxi\u00e8mement, le but, comme un broyeur de ma\u00efs pour l'alimentation des poulets. Selon les diff\u00e9rentes utilisations du client, notre professionnel recommande la machine adapt\u00e9e aux clients, diff\u00e9rentes configurations d'\u00e9cran pour diff\u00e9rentes machines, donc le prix n'est naturellement pas le m\u00eame. <\/p>    <p>Aussi, le pays de destination. Ceci est principalement affect\u00e9 par le fret maritime international, en m\u00eame temps le fret des diff\u00e9rentes destinations est \u00e9galement diff\u00e9rent, le prix global de la machine est \u00e9galement diff\u00e9rent.<\/p>    <p>Bien entendu, le prix de la fraiseuse \u00e0 grains est \u00e9galement affect\u00e9 par d'autres aspects, tels que l'achat d'accessoires de la machine, le d\u00e9lai d'achat de la machine, la quantit\u00e9 d'achat de la machine, etc. Si vous \u00eates int\u00e9ress\u00e9 par cette fraiseuse \u00e0 ma\u00efs , N'h\u00e9sitez pas \u00e0 nous contacter! Nous vous fournirons la meilleure solution.<\/p>    <h2 class=\"wp-block-heading\"><strong>FAQ de la fraiseuse \u00e0 grains \u00e0 vendre<\/strong><\/h2>   <div id=\"rank-math-faq\" class=\"rank-math-block\"> <div class=\"rank-math-list\"> <div id=\"faq-question-1678949494900\" class=\"rank-math-list-item\"> <h3 class=\"rank-math-question\">1. Quelles peuvent \u00eatre les mati\u00e8res premi\u00e8res pour le broyeur de ma\u00efs-grain ?<\/h3> <div class=\"rank-math-answer\">  <p>C\u00e9r\u00e9ales et c\u00e9r\u00e9ales, piments et autres cat\u00e9gories d'assaisonnements, ignames et autres ingr\u00e9dients solides.<\/p>  <\/div> <\/div> <div id=\"faq-question-1678949592861\" class=\"rank-math-list-item\"> <h3 class=\"rank-math-question\">2. Quelle est la grossi\u00e8ret\u00e9 du produit fini ?<\/h3> <div class=\"rank-math-answer\">  <p>G\u00e9n\u00e9ralement en maille 20-40.<\/p>  <\/div> <\/div> <div id=\"faq-question-1678949651997\" class=\"rank-math-list-item\"> <h3 class=\"rank-math-question\">3. Qu'en est-il du mat\u00e9riau de la machine \u00e0 broyer les grains\u00a0?<\/h3> <div class=\"rank-math-answer\">  <p>Acier inoxydable 304.<\/p>  <\/div> <\/div> <div id=\"faq-question-1678949760637\" class=\"rank-math-list-item\"> <h3 class=\"rank-math-question\">4. Si la tension ne correspond pas \u00e0 mon pays, pouvez-vous la changer\u00a0?<\/h3> <div class=\"rank-math-answer\">  <p>Oui bien s\u00fbr. Nous pouvons personnaliser la tension de la machine pour votre utilisation pratique. <\/p>  <\/div> <\/div> <div id=\"faq-question-1678949842052\" class=\"rank-math-list-item\"> <h3 class=\"rank-math-question\">5. Quelle est la capacit\u00e9 du broyeur \u00e0 grains ?<\/h3> <div class=\"rank-math-answer\">  <p>Il existe de nombreuses capacit\u00e9s de production et nous pouvons vous conseiller celle qui convient en fonction de vos besoins<\/p>  <\/div> <\/div> <\/div> <\/div>   <h2 class=\"wp-block-heading\"><strong>Param\u00e8tres techniques du broyeur \u00e0 grains <\/strong><\/h2>    <figure class=\"wp-block-gallery aligncenter has-nested-images columns-default is-cropped wp-block-gallery-5 is-layout-flex wp-block-gallery-is-layout-flex\"> <figure class=\"wp-block-image size-large\"><img loading=\"lazy\" decoding=\"async\" width=\"720\" height=\"540\" data-id=\"4813\" src=\"https:\/\/taizyagromachine.com\/wp-content\/uploads\/2023\/03\/small-corn-milling-machine.webp\" alt=\"petite fraiseuse \u00e0 ma\u00efs\" class=\"wp-image-4813\"\/><figcaption class=\"wp-element-caption\">petite fraiseuse \u00e0 ma\u00efs<\/figcaption><\/figure>    <figure class=\"wp-block-image size-large\"><img loading=\"lazy\" decoding=\"async\" width=\"720\" height=\"540\" data-id=\"4812\" src=\"https:\/\/taizyagromachine.com\/wp-content\/uploads\/2023\/03\/electric-grain-grinding-machine.webp\" alt=\"broyeur de grains \u00e9lectrique\" class=\"wp-image-4812\"\/><figcaption class=\"wp-element-caption\">broyeur de grains \u00e9lectrique<\/figcaption><\/figure> <\/figure>    <figure class=\"wp-block-table\"><table><tbody><tr><td><strong>Mod\u00e8le<\/strong><strong><\/strong><\/td><td><strong>HAO-1200<\/strong><strong><\/strong><\/td><td><strong>HAO-2200<\/strong><strong><\/strong><\/td><td><strong>HAO-3000<\/strong><strong><\/strong><\/td><\/tr><tr><td>Puissance (kW)<\/td><td>1. 1<\/td><td>2.2<\/td><td>3<\/td><\/tr><tr><td>Vitesse de rotation<\/td><td>1400 tr\/min<\/td><td>1420 tr\/min<\/td><td>1420 tr\/min<\/td><\/tr><tr><td>\u00a0Finesse (maille)<\/td><td>\u00a050-200<\/td><td>\u00a050-200<\/td><td>\u00a050-200<\/td><\/tr><tr><td>Capacit\u00e9 (kg\/h)<\/td><td>15-40<\/td><td>30-50<\/td><td>30-60<\/td><\/tr><tr><td>Finesse (maille)<\/td><td>50-200<\/td><td>50-200<\/td><td>50-200<\/td><\/tr><tr><td>Taille \uff08cm\uff09<\/td><td>47*22*34<\/td><td>55*28*41<\/td><td>60*30*46<\/td><\/tr><tr><td>poids (kg)<\/td><td>30<\/td><td>40<\/td><td>48<\/td><\/tr><\/tbody><\/table><figcaption class=\"wp-element-caption\">sp\u00e9cifications du petit broyeur de grains en acier inoxydable<\/figcaption><\/figure>   <div class=\"wp-block-image\"> <figure class=\"aligncenter size-full\"><img loading=\"lazy\" decoding=\"async\" width=\"1000\" height=\"350\" src=\"https:\/\/taizyagromachine.com\/wp-content\/uploads\/2023\/03\/grain-milling-machine-for-sale.webp\" alt=\"fraiseuse \u00e0 grains \u00e0 vendre\" class=\"wp-image-4815\"\/><figcaption class=\"wp-element-caption\">fraiseuse \u00e0 grains \u00e0 vendre<\/figcaption><\/figure> <\/div>   <figure class=\"wp-block-table\"><table><tbody><tr><td><strong>Mod\u00e8le<\/strong><strong><\/strong><\/td><td><strong>15B<\/strong><strong><\/strong><\/td><td><strong>20B<\/strong><strong><\/strong><\/td><td><strong>30B<\/strong><strong><\/strong><\/td><td><strong>40B<\/strong><strong><\/strong><\/td><td><strong>50B<\/strong><strong><\/strong><\/td><\/tr><tr><td>Mat\u00e9riel<\/td><td>SUS 304<\/td><td>SUS 304<\/td><td>SUS 304<\/td><td>SUS 304<\/td><td>SUS 304<\/td><\/tr><tr><td>Capacit\u00e9 (kg\/h)<\/td><td>10-60<\/td><td>60-150<\/td><td>100-300<\/td><td>160-800<\/td><td>500-1500<\/td><\/tr><tr><td>Taille du mat\u00e9riau (mm)<\/td><td>&lt;8<\/td><td>&lt;8<\/td><td>&lt;10<\/td><td>&lt;12<\/td><td>&lt;14<\/td><\/tr><tr><td>Finesse (maille)<\/td><td>20-120<\/td><td>20-120<\/td><td>20-120<\/td><td>20-120<\/td><td>20-120<\/td><\/tr><tr><td>Puissance (kW)<\/td><td>2.2<\/td><td>4<\/td><td>7.5<\/td><td>11<\/td><td>18.5<\/td><\/tr><tr><td>Vitesse de rotation (tr\/min)<\/td><td>6000<\/td><td>4500<\/td><td>3800<\/td><td>3400<\/td><td>3200<\/td><\/tr><tr><td>Taille (mm)<\/td><td>550*6000*1000<\/td><td>600*550*1250<\/td><td>700*600*1450<\/td><td>900*800*1550<\/td><td>1000*900*1680<\/td><\/tr><tr><td>poids (kg)<\/td><td>150<\/td><td>280<\/td><td>340<\/td><td>450<\/td><td>530<\/td><\/tr><\/tbody><\/table><figcaption class=\"wp-element-caption\">sp\u00e9cifications de la fraiseuse \u00e0 grains<\/figcaption><\/figure>    <h2 class=\"wp-block-heading\"><strong>Vid\u00e9o de la machine de moulin \u00e0 farine Taizy \u2013 Comment broyer les grains en poudre fine\u00a0?<\/strong><\/h2>    <figure class=\"wp-block-embed is-type-video is-provider-youtube wp-block-embed-youtube wp-embed-aspect-16-9 wp-has-aspect-ratio\"><div class=\"wp-block-embed__wrapper\"> <iframe loading=\"lazy\" title=\"2023 Excellent broyeur en acier inoxydable pour le ma\u00efs, le poivre, l&#039;herbe, les grains de caf\u00e9, etc. - Obtenez de la poudre fine !\" width=\"500\" height=\"281\" src=\"https:\/\/www.youtube.com\/embed\/kJSP-Rn9kTM?start=17&#038;feature=oembed\" frameborder=\"0\" allow=\"accelerometer; autoplay; clipboard-write; encrypted-media; gyroscope; picture-in-picture; web-share\" referrerpolicy=\"strict-origin-when-cross-origin\" allowfullscreen><\/iframe> <\/div><\/figure>    <p><\/p>","protected":false},"excerpt":{"rendered":"<p>This stainless steel grain milling machine is specially designed for grinding various grains in order to obtain a fine powder. And this grain mill grinder is used for a wide arrange of applications, such as corn, wheat, rice, spices, chili, black pepper, beans, coffee beans, ginger, herbs, candy, etc. Our corn mill machine is of [&hellip;]<\/p>\n","protected":false},"author":1,"featured_media":4820,"parent":0,"template":"","tags":[216],"product-type":[17],"class_list":["post-4805","product","type-product","status-publish","has-post-thumbnail","hentry","tag-grain-milling-machine","product-type-corn-machine"],"_links":{"self":[{"href":"https:\/\/taizyagromachine.com\/fr\/wp-json\/wp\/v2\/product\/4805","targetHints":{"allow":["GET"]}}],"collection":[{"href":"https:\/\/taizyagromachine.com\/fr\/wp-json\/wp\/v2\/product"}],"about":[{"href":"https:\/\/taizyagromachine.com\/fr\/wp-json\/wp\/v2\/types\/product"}],"author":[{"embeddable":true,"href":"https:\/\/taizyagromachine.com\/fr\/wp-json\/wp\/v2\/users\/1"}],"wp:featuredmedia":[{"embeddable":true,"href":"https:\/\/taizyagromachine.com\/fr\/wp-json\/wp\/v2\/media\/4820"}],"wp:attachment":[{"href":"https:\/\/taizyagromachine.com\/fr\/wp-json\/wp\/v2\/media?parent=4805"}],"wp:term":[{"taxonomy":"post_tag","embeddable":true,"href":"https:\/\/taizyagromachine.com\/fr\/wp-json\/wp\/v2\/tags?post=4805"},{"taxonomy":"product-type","embeddable":true,"href":"https:\/\/taizyagromachine.com\/fr\/wp-json\/wp\/v2\/product-type?post=4805"}],"curies":[{"name":"wp","href":"https:\/\/api.w.org\/{rel}","templated":true}]}}