{"id":5581,"date":"2023-07-06T14:19:40","date_gmt":"2023-07-06T06:19:40","guid":{"rendered":"https:\/\/taizyagromachine.com\/?post_type=product&#038;p=5581"},"modified":"2023-07-06T15:08:49","modified_gmt":"2023-07-06T07:08:49","slug":"multi-purpose-corn-shelling-machine","status":"publish","type":"product","link":"https:\/\/taizyagromachine.com\/fr\/product\/multi-purpose-corn-shelling-machine\/","title":{"rendered":"Machine de d\u00e9corticage de ma\u00efs polyvalente"},"content":{"rendered":"<p class=\"translation-block\">La d\u00e9cortiqueuse de ma\u00efs polyvalente joue un r\u00f4le important dans le domaine du battage des r\u00e9coltes en tant qu'\u00e9quipement de transformation agricole efficace et multifonctionnel. Elle pr\u00e9sente les avantages d'une grande efficacit\u00e9 et rapidit\u00e9, d'une polyvalence, d'une facilit\u00e9 d'utilisation et d'une fiabilit\u00e9 et durabilit\u00e9, ce qui am\u00e9liore non seulement la productivit\u00e9 et le rendement, mais permet \u00e9galement d'\u00e9conomiser des co\u00fbts et des ressources humaines. La <a href=\"https:\/\/taizyagromachine.com\/fr\/product\/multifunctional-thresher\/\" target=\"_blank\" rel=\"noreferrer noopener\">batteuse multifonctionnelle<\/a> offre \u00e9galement aux agriculteurs flexibilit\u00e9 et support technique pour les aider \u00e0 r\u00e9ussir davantage dans leur production agricole.<\/p>    <h2 class=\"wp-block-heading\"><strong>Vid\u00e9o d'introduction de la machine multifonctionnelle \u00e0 d\u00e9cortiquer le ma\u00efs<\/strong><\/h2>    <figure class=\"wp-block-embed is-type-video is-provider-youtube wp-block-embed-youtube wp-embed-aspect-16-9 wp-has-aspect-ratio\"><div class=\"wp-block-embed__wrapper\"> <iframe loading=\"lazy\" title=\"Nouvelle batteuse multifonctionnelle ! Pour le ma\u00efs, le soja, le sorgho, le millet et les c\u00e9r\u00e9ales\u00a0! #amachines agricoles\" width=\"500\" height=\"281\" src=\"https:\/\/www.youtube.com\/embed\/8Sj62tTGXfY?feature=oembed\" frameborder=\"0\" allow=\"accelerometer; autoplay; clipboard-write; encrypted-media; gyroscope; picture-in-picture; web-share\" referrerpolicy=\"strict-origin-when-cross-origin\" allowfullscreen><\/iframe> <\/div><\/figure>    <h2 class=\"wp-block-heading\"><strong>Qu'est-ce que la machine \u00e0 d\u00e9cortiquer le ma\u00efs polyvalente\u00a0?<\/strong><\/h2>    <p class=\"translation-block\">La d\u00e9cortiqueuse de ma\u00efs multifonctionnelle est un appareil m\u00e9canique destin\u00e9 au battage des cultures, dot\u00e9 de multiples fonctions et applications. Sa fonction principale est de s\u00e9parer le grain de la c\u00e9r\u00e9ale enti\u00e8re et d'enlever les enveloppes et les impuret\u00e9s pour obtenir un produit de grain pur. Elle est largement utilis\u00e9e pour le battage du ma\u00efs, du bl\u00e9, du soja, du millet et de nombreuses autres c\u00e9r\u00e9ales. La <a href=\"https:\/\/taizyagromachine.com\/fr\/product\/corn-threshing-machine\/\" target=\"_blank\" rel=\"noreferrer noopener\">batteuse multi-c\u00e9r\u00e9ales<\/a> peut am\u00e9liorer consid\u00e9rablement l'efficacit\u00e9 du battage et r\u00e9duire les co\u00fbts de main-d'\u0153uvre et de temps. C'est une bonne aide pour la majorit\u00e9 des agriculteurs en mati\u00e8re de battage.<\/p>    <figure class=\"wp-block-gallery aligncenter has-nested-images columns-4 is-cropped wp-block-gallery-2 is-layout-flex wp-block-gallery-is-layout-flex\"> <figure class=\"wp-block-image size-large\"><img loading=\"lazy\" decoding=\"async\" width=\"720\" height=\"540\" data-id=\"5593\" src=\"https:\/\/taizyagromachine.com\/wp-content\/uploads\/2023\/07\/multi-purpose-corn-sheller-machine.webp\" alt=\"d\u00e9cortiqueuse de ma\u00efs polyvalente\" class=\"wp-image-5593\"\/><figcaption class=\"wp-element-caption\">d\u00e9cortiqueuse de ma\u00efs polyvalente<\/figcaption><\/figure>    <figure class=\"wp-block-image size-large\"><img loading=\"lazy\" decoding=\"async\" width=\"720\" height=\"540\" data-id=\"5592\" src=\"https:\/\/taizyagromachine.com\/wp-content\/uploads\/2023\/07\/multifunctional-corn-shelling-machine.webp\" alt=\"d\u00e9cortiqueuse de ma\u00efs multifonctionnelle\" class=\"wp-image-5592\"\/><figcaption class=\"wp-element-caption\">d\u00e9cortiqueuse de ma\u00efs multifonctionnelle<\/figcaption><\/figure>    <figure class=\"wp-block-image size-large\"><img loading=\"lazy\" decoding=\"async\" width=\"720\" height=\"540\" data-id=\"5590\" src=\"https:\/\/taizyagromachine.com\/wp-content\/uploads\/2023\/07\/multifunctional-corn-thresher.webp\" alt=\"batteuse de ma\u00efs multifonctionnelle\" class=\"wp-image-5590\"\/><figcaption class=\"wp-element-caption\">batteuse de ma\u00efs multifonctionnelle<\/figcaption><\/figure>    <figure class=\"wp-block-image size-large\"><img loading=\"lazy\" decoding=\"async\" width=\"720\" height=\"540\" data-id=\"5591\" src=\"https:\/\/taizyagromachine.com\/wp-content\/uploads\/2023\/07\/multifunctional-thresher.webp\" alt=\"batteuse multifonctionnelle\" class=\"wp-image-5591\"\/><figcaption class=\"wp-element-caption\">batteuse multifonctionnelle<\/figcaption><\/figure> <\/figure>    <p>Ce type de machine dispose des MT-860 et MT-1200, qui ont les m\u00eames fonctions et applications. Mais la capacit\u00e9 est diff\u00e9rente. En outre, ces deux types peuvent utiliser le moteur diesel, le moteur \u00e9lectrique et le moteur \u00e0 essence pour amener la machine au travail.<\/p>    <h2 class=\"wp-block-heading\"><strong>Structure de la batteuse multi-grains<\/strong><\/h2>   <div class=\"wp-block-image\"> <figure class=\"aligncenter size-full\"><img loading=\"lazy\" decoding=\"async\" width=\"720\" height=\"540\" src=\"https:\/\/taizyagromachine.com\/wp-content\/uploads\/2023\/07\/structure-of-multi-corn-shelling-machine.webp\" alt=\"structure de la machine \u00e0 d\u00e9cortiquer plusieurs ma\u00efs\" class=\"wp-image-5586\"\/><figcaption class=\"wp-element-caption\">structure de la machine \u00e0 d\u00e9cortiquer plusieurs ma\u00efs<\/figcaption><\/figure> <\/div>   <figure class=\"wp-block-table\"><table><tbody><tr><td>S\/N<\/td><td>Nom de la pi\u00e8ce de machine<\/td><\/tr><tr><td>1<\/td><td>Entr\u00e9e de ma\u00efs<\/td><\/tr><tr><td>2<\/td><td>Sortie \u00e9pis et cosses de ma\u00efs<\/td><\/tr><tr><td>3<\/td><td>Moteur diesel<\/td><\/tr><tr><td>4<\/td><td>Cadre<\/td><\/tr><tr><td>5<\/td><td>Grandes roues<\/td><\/tr><tr><td>6<\/td><td>Magasin de graines de ma\u00efs<\/td><\/tr><tr><td>7<\/td><td>Sortie d'impuret\u00e9s<\/td><\/tr><\/tbody><\/table><figcaption class=\"wp-element-caption\">composition de la batteuse multifonctionnelle<\/figcaption><\/figure>    <h2 class=\"wp-block-heading\"><strong>Conception de machine \u00e0 d\u00e9cortiquer le ma\u00efs multifonctionnelle<\/strong><\/h2>    <p class=\"translation-block\">Cette machine est con\u00e7ue pour r\u00e9pondre aux besoins des clients, et les points forts sont les grandes roues et le cadre. La conception des grandes roues et du cadre am\u00e9liore la stabilit\u00e9 et la mobilit\u00e9 de la <a href=\"https:\/\/taizyagromachine.com\/fr\/product\/multifunctional-thresher\/\" target=\"_blank\" rel=\"noreferrer noopener\">batteuse multifonctionnelle<\/a>. <\/p>    <div class=\"wp-block-columns is-layout-flex wp-container-core-columns-is-layout-9d6595d7 wp-block-columns-is-layout-flex\"> <div class=\"wp-block-column is-layout-flow wp-block-column-is-layout-flow\"> <p class=\"has-cyan-bluish-gray-background-color has-background\">Les grandes roues peuvent s'adapter \u00e0 diff\u00e9rents terrains et offrent une garde au sol \u00e9lev\u00e9e, ce qui facilite le d\u00e9placement de la machine sur des terres agricoles in\u00e9gales.<\/p> <\/div>    <div class=\"wp-block-column is-layout-flow wp-block-column-is-layout-flow\"> <p class=\"has-cyan-bluish-gray-background-color has-background\">La structure du cadre peut fournir un support et un \u00e9quilibre stables, rendant la machine plus solide et plus s\u00fbre lors du travail.<\/p> <\/div> <\/div>    <p><\/p>    <h2 class=\"wp-block-heading\"><strong>Pi\u00e8ces d'usure pour d\u00e9cortiqueuse de ma\u00efs multifonctionnelle Taizy<\/strong><\/h2>   <div class=\"wp-block-image\"> <figure class=\"aligncenter size-full\"><img loading=\"lazy\" decoding=\"async\" width=\"720\" height=\"350\" src=\"https:\/\/taizyagromachine.com\/wp-content\/uploads\/2023\/07\/screen-for-multifunctional-thresher-machine.webp\" alt=\"tamis pour batteuse multifonctionnelle\" class=\"wp-image-5601\"\/><figcaption class=\"wp-element-caption\">tamis pour batteuse multifonctionnelle<\/figcaption><\/figure> <\/div>   <p>Les pi\u00e8ces d'usure de la batteuse multifonctionnelle comprennent principalement des tamis, des courroies, des cha\u00eenes et d'autres composants. Avec une utilisation \u00e0 long terme, ces pi\u00e8ces peuvent s'user et doivent \u00eatre v\u00e9rifi\u00e9es et remplac\u00e9es r\u00e9guli\u00e8rement. Un entretien raisonnable et le remplacement rapide des pi\u00e8ces d'usure peuvent prolonger la dur\u00e9e de vie de la batteuse multifonctionnelle et garantir son travail continu et efficace.<\/p>    <h2 class=\"wp-block-heading\"><strong>Avantages de la machine de d\u00e9corticage de ma\u00efs polyvalente<\/strong><\/h2>    <ol class=\"wp-block-list\"> <li>Haute efficacit\u00e9 et vitesse : la batteuse multifonctionnelle est capable de battre les r\u00e9coltes \u00e0 haute vitesse et efficacit\u00e9, am\u00e9liorant consid\u00e9rablement la productivit\u00e9 et le rendement.<\/li>    <li>Polyvalence : en plus de la fonction de battage, le d\u00e9cortiqueur mazie multifonctionnel Taizy a g\u00e9n\u00e9ralement \u00e9galement des fonctions telles que le d\u00e9corticage et la s\u00e9paration des impuret\u00e9s, qui peuvent r\u00e9pondre aux besoins de transformation de diff\u00e9rentes cultures.<\/li>    <li>Assurance qualit\u00e9 : la batteuse multi-grains peut s\u00e9parer efficacement les coques, les impuret\u00e9s et les grains pour garantir la qualit\u00e9 et la puret\u00e9 du produit final.<\/li>    <li>Flexibilit\u00e9\u00a0: la d\u00e9cortiqueuse de ma\u00efs multifonctionnelle dispose g\u00e9n\u00e9ralement de trois moteurs disponibles, qui peuvent utiliser des moteurs adapt\u00e9s pour fonctionner en fonction de la situation locale. <\/li>    <li>\u00c9conomie de co\u00fbts : le rendement \u00e9lev\u00e9 et la multifonctionnalit\u00e9 de la batteuse multifonctionnelle peuvent r\u00e9duire les co\u00fbts de main-d'\u0153uvre et de temps, am\u00e9liorer l'efficacit\u00e9 de la production et r\u00e9duire les co\u00fbts de traitement.<\/li>    <li>Fiabilit\u00e9 et durabilit\u00e9 : la machine \u00e0 d\u00e9cortiquer le ma\u00efs Taizy utilise des mat\u00e9riaux de haute qualit\u00e9 et des processus de fabrication de pr\u00e9cision, qui ont une bonne durabilit\u00e9 et stabilit\u00e9 et peuvent fonctionner de mani\u00e8re stable pendant une longue p\u00e9riode.<\/li> <\/ol>    <h2 class=\"wp-block-heading\"><strong>Qu'est-ce qui affecte le prix de la machine \u00e0 d\u00e9cortiquer plusieurs ma\u00efs\u00a0?<\/strong><\/h2>    <p class=\"translation-block\">Le prix de la <a href=\"https:\/\/cornmachines.com\/multifunctional-thresher-machine\/\" target=\"_blank\" rel=\"noreferrer noopener\">batteuse de ma\u00efs multifonctionnelle<\/a> est affect\u00e9 par de nombreux aspects, tels que le mod\u00e8le de la machine, la marque, etc. Le premier est le mod\u00e8le et les sp\u00e9cifications de la machine, le prix d'une d\u00e9cortiqueuse de ma\u00efs multifonctionnelle variera d'une sp\u00e9cification \u00e0 l'autre. Le second est la marque et le fabricant de la machine. Les produits de marques reconnues et de fabricants de haute qualit\u00e9 ont g\u00e9n\u00e9ralement des prix relativement plus \u00e9lev\u00e9s. <\/p>    <figure class=\"wp-block-gallery aligncenter has-nested-images columns-default is-cropped wp-block-gallery-3 is-layout-flex wp-block-gallery-is-layout-flex\"> <figure class=\"wp-block-image size-full\"><img loading=\"lazy\" decoding=\"async\" width=\"720\" height=\"540\" data-id=\"5608\" src=\"https:\/\/taizyagromachine.com\/wp-content\/uploads\/2023\/07\/multifunctional-threshing-machine.webp\" alt=\"batteuse multifonctionnelle\" class=\"wp-image-5608\"\/><figcaption class=\"wp-element-caption\">batteuse multifonctionnelle<\/figcaption><\/figure>    <figure class=\"wp-block-image size-full\"><img loading=\"lazy\" decoding=\"async\" width=\"720\" height=\"540\" data-id=\"5607\" src=\"https:\/\/taizyagromachine.com\/wp-content\/uploads\/2023\/07\/multi-purpose-thresher-1.webp\" alt=\"batteuse polyvalente\" class=\"wp-image-5607\"\/><figcaption class=\"wp-element-caption\">batteuse polyvalente<\/figcaption><\/figure> <\/figure>    <p>De plus, l'offre et la demande du march\u00e9, le co\u00fbt des mati\u00e8res premi\u00e8res, la distance de transport, etc. auront \u00e9galement un impact sur le prix. Si vous souhaitez en savoir plus, veuillez nous contacter pour plus de d\u00e9tails\u00a0!<\/p>    <h2 class=\"wp-block-heading\"><strong>Service concernant la batteuse multifonctionnelle Taizy<\/strong><\/h2>    <p>Taizy, en tant que bonne d\u00e9cortiqueuse de ma\u00efs polyvalente avec des marques bien connues, nous offrons une assistance technique et un service apr\u00e8s-vente. Le support technique complet et le service apr\u00e8s-vente peuvent garantir que vous obtenez des conseils et des solutions professionnelles. En outre, nous pouvons fournir une assistance en ligne, une assistance vid\u00e9o, un manuel, etc. Tout peut vous aider \u00e0 utiliser la d\u00e9cortiqueuse de ma\u00efs en douceur.  <\/p>    <h2 class=\"wp-block-heading\"><strong>Production, emballage et livraison de d\u00e9cortiqueuse de ma\u00efs polyvalente<\/strong><\/h2>    <p>Le processus de production de la batteuse multifonctionnelle est g\u00e9n\u00e9ralement r\u00e9alis\u00e9 dans un atelier sp\u00e9cial. Dans l'atelier, les ouvriers traitent et assemblent les composants selon le processus de production et les exigences techniques pour garantir que la qualit\u00e9 et les performances de la machine r\u00e9pondent aux normes. <\/p>    <figure class=\"wp-block-gallery has-nested-images columns-default is-cropped wp-block-gallery-4 is-layout-flex wp-block-gallery-is-layout-flex\"> <figure class=\"wp-block-image size-full\"><img loading=\"lazy\" decoding=\"async\" width=\"720\" height=\"540\" data-id=\"5604\" src=\"https:\/\/taizyagromachine.com\/wp-content\/uploads\/2023\/07\/machine-production.webp\" alt=\"fabrication de machines\" class=\"wp-image-5604\"\/><figcaption class=\"wp-element-caption\">fabrication de machines<\/figcaption><\/figure>    <figure class=\"wp-block-image size-large\"><img loading=\"lazy\" decoding=\"async\" width=\"720\" height=\"540\" data-id=\"5603\" src=\"https:\/\/taizyagromachine.com\/wp-content\/uploads\/2023\/07\/machine-loading.webp\" alt=\"chargement des machines\" class=\"wp-image-5603\"\/><figcaption class=\"wp-element-caption\">chargement des machines<\/figcaption><\/figure>    <figure class=\"wp-block-image size-full\"><img loading=\"lazy\" decoding=\"async\" width=\"720\" height=\"540\" data-id=\"5605\" src=\"https:\/\/taizyagromachine.com\/wp-content\/uploads\/2023\/07\/loaded-machine-.webp\" alt=\"machine charg\u00e9e\" class=\"wp-image-5605\"\/><figcaption class=\"wp-element-caption\">machine charg\u00e9e<\/figcaption><\/figure> <\/figure>    <p>Une fois la production termin\u00e9e, la d\u00e9cortiqueuse de ma\u00efs multifonctionnelle est soigneusement emball\u00e9e. La m\u00e9thode d'emballage courante consiste \u00e0 utiliser des caisses en bois solides pour prot\u00e9ger la machine des dommages et des vibrations. Pendant le transport, la batteuse multifonctionnelle est g\u00e9n\u00e9ralement exp\u00e9di\u00e9e en une seule pi\u00e8ce dans un conteneur pour garantir une livraison en toute s\u00e9curit\u00e9 jusqu'\u00e0 sa destination. Cette m\u00e9thode d'exp\u00e9dition int\u00e9grale r\u00e9duit le risque de dommages et facilite les op\u00e9rations de chargement et de d\u00e9chargement.<\/p>","protected":false},"excerpt":{"rendered":"<p>The multi purpose corn shelling machine plays an important role in the field of crop threshing as an efficient and multifunctional agricultural processing equipment. It has the advantages of high efficiency and speed, versatility, ease of operation and reliability and durability, which not only improves productivity and output, but also saves cost and human resources. [&hellip;]<\/p>\n","protected":false},"author":1,"featured_media":5584,"parent":0,"template":"","tags":[217],"product-type":[17],"class_list":["post-5581","product","type-product","status-publish","has-post-thumbnail","hentry","tag-corn-shelling-machine","product-type-corn-machine"],"_links":{"self":[{"href":"https:\/\/taizyagromachine.com\/fr\/wp-json\/wp\/v2\/product\/5581","targetHints":{"allow":["GET"]}}],"collection":[{"href":"https:\/\/taizyagromachine.com\/fr\/wp-json\/wp\/v2\/product"}],"about":[{"href":"https:\/\/taizyagromachine.com\/fr\/wp-json\/wp\/v2\/types\/product"}],"author":[{"embeddable":true,"href":"https:\/\/taizyagromachine.com\/fr\/wp-json\/wp\/v2\/users\/1"}],"wp:featuredmedia":[{"embeddable":true,"href":"https:\/\/taizyagromachine.com\/fr\/wp-json\/wp\/v2\/media\/5584"}],"wp:attachment":[{"href":"https:\/\/taizyagromachine.com\/fr\/wp-json\/wp\/v2\/media?parent=5581"}],"wp:term":[{"taxonomy":"post_tag","embeddable":true,"href":"https:\/\/taizyagromachine.com\/fr\/wp-json\/wp\/v2\/tags?post=5581"},{"taxonomy":"product-type","embeddable":true,"href":"https:\/\/taizyagromachine.com\/fr\/wp-json\/wp\/v2\/product-type?post=5581"}],"curies":[{"name":"wp","href":"https:\/\/api.w.org\/{rel}","templated":true}]}}