{"id":6061,"date":"2023-12-04T17:45:32","date_gmt":"2023-12-04T09:45:32","guid":{"rendered":"https:\/\/taizyagromachine.com\/?post_type=product&#038;p=6061"},"modified":"2023-12-04T17:45:34","modified_gmt":"2023-12-04T09:45:34","slug":"rice-combine-harvester","status":"publish","type":"product","link":"https:\/\/taizyagromachine.com\/fr\/product\/rice-combine-harvester\/","title":{"rendered":"Moissonneuse-batteuse de riz pour le riz paddy de bl\u00e9 avec batteuse"},"content":{"rendered":"<p class=\"translation-block\">This <strong>rice combine harvester<\/strong> (also called wheat combine harvester, small combine harvester )is multifunctional agricultural equipment that not only efficiently harvests crops such as rice and wheat, but also has a threshing function that separates the seeds from the husk using an inbuilt thresher. This machine improves agricultural productivity due to its flexible adjustability that allows it to adapt to harvesting in hilly conditions. Besides this small harvester, we also have <a href=\"https:\/\/taizyagromachine.com\/fr\/product\/wheat-thresher\/\">thresher machine for wheat rice<\/a>. If interested, welcome to contact us for more details!<\/p>    <h2 class=\"wp-block-heading\"><strong>Connaissez-vous les pi\u00e8ces et les fonctions de la moissonneuse-batteuse \u00e0 riz\u00a0?<\/strong><\/h2>    <figure class=\"wp-block-gallery aligncenter has-nested-images columns-default is-cropped wp-block-gallery-2 is-layout-flex wp-block-gallery-is-layout-flex\"> <figure class=\"wp-block-image size-large\"><img loading=\"lazy\" decoding=\"async\" width=\"720\" height=\"540\" data-id=\"6064\" src=\"https:\/\/taizyagromachine.com\/wp-content\/uploads\/2023\/12\/rice-wheat-combine-harvester-structure.webp\" alt=\"Structure de la moissonneuse-batteuse riz-bl\u00e9\" class=\"wp-image-6064\"\/><figcaption class=\"wp-element-caption\">Structure de la moissonneuse-batteuse riz-bl\u00e9<\/figcaption><\/figure>    <figure class=\"wp-block-image size-large\"><img loading=\"lazy\" decoding=\"async\" width=\"720\" height=\"540\" data-id=\"6063\" src=\"https:\/\/taizyagromachine.com\/wp-content\/uploads\/2023\/12\/rice-combine-harvester-parts.webp\" alt=\"pi\u00e8ces de moissonneuse-batteuse de riz\" class=\"wp-image-6063\"\/><figcaption class=\"wp-element-caption\">pi\u00e8ces de moissonneuse-batteuse de riz<\/figcaption><\/figure> <\/figure>    <figure class=\"wp-block-table\"><table><tbody><tr><td>Pi\u00e8ces de machines<\/td><td>Fonction<\/td><\/tr><tr><td><strong>Syst\u00e8me du pouvoir<\/strong><\/td><td>Associ\u00e9 \u00e0 un moteur diesel de marque mondiale<br>Haute puissance, forte puissance<br>Haute efficacit\u00e9 lors de la r\u00e9colte, du battage et du d\u00e9placement<\/td><\/tr><tr><td><strong>Syst\u00e8me de voyage<\/strong><\/td><td>Chenilles plus longues et plus larges, effet anti-pi\u00e9geage\/anti-d\u00e9rapage plus remarquable<br>\u00c9quip\u00e9 d'un phare LED tr\u00e8s lumineux pour la r\u00e9colte de nuit<br>Imperm\u00e9able et r\u00e9sistant au sable, durable<\/td><\/tr><tr><td><strong>Syst\u00e8me de convoyeur<\/strong><\/td><td>Tambour d'alimentation plus \u00e9lev\u00e9 pour r\u00e9duire les d\u00e9versements<br>Table de coupe abaiss\u00e9e de 8 cm pour faciliter la r\u00e9colte du riz nain et du bl\u00e9<br>Structure d'alimentation et de transport, \u00e9vitant les crachats et les bourrages de transport<\/td><\/tr><tr><td><strong>Syst\u00e8me de battage<\/strong><\/td><td>Le batteur adopte une conception progressive, sans blocage et une efficacit\u00e9 de battage plus \u00e9lev\u00e9e<br>Grande conception d'ouverture de d\u00e9charge de paille, d\u00e9charge de paille plus douce<br>Conception d'\u00e9cran au format gradu\u00e9, r\u00e9duit les d\u00e9versements, r\u00e9duit le taux d'impuret\u00e9s<\/td><\/tr><tr><td><strong>Syst\u00e8me op\u00e9rateur<\/strong><\/td><td>Conception unique, structure simple, fonctionnement plus s\u00fbr<br>Structure \u00e0 plusieurs vitesses, plus facile \u00e0 utiliser<br>L'effet de stationnement sur pente raide est meilleur, pas de d\u00e9rapage lors de la mont\u00e9e des pentes<\/td><\/tr><\/tbody><\/table><figcaption class=\"wp-element-caption\">composants et fonctions de la moissonneuse-batteuse riz-bl\u00e9<\/figcaption><\/figure>    <h2 class=\"wp-block-heading\"><strong>Sp\u00e9cifications de la moissonneuse-batteuse de riz<\/strong><\/h2>    <p>En tant que fabricant professionnel de mat\u00e9riel agricole, notre mini moissonneuse-batteuse pour bl\u00e9 et riz est divis\u00e9e en diff\u00e9rents mod\u00e8les selon les diff\u00e9rentes pistes, mais tous peuvent \u00eatre utilis\u00e9s pour la r\u00e9colte et le battage du riz et du bl\u00e9, voici les param\u00e8tres sp\u00e9cifiques pour votre r\u00e9f\u00e9rence.<\/p>    <figure class=\"wp-block-table\"><table><tbody><tr><td>Mod\u00e8le<\/td><td>4LZ-1.05C<\/td><td>4LZ-1.05D<\/td><\/tr><tr><td>Type de chenille<\/td><td>Chenille plate<\/td><td>Chenille triangulaire<\/td><\/tr><tr><td>Largeur de coupe<\/td><td>1100mm<\/td><td>1100mm<\/td><\/tr><tr><td>Garde au sol minimale<\/td><td>190 mm<\/td><td>190 mm<\/td><\/tr><tr><td>Pression moyenne au sol<\/td><td>10,9KPA<\/td><td>10,9KPA<\/td><\/tr><tr><td>Volume d'alimentation<\/td><td>1,05 kg\/s<\/td><td>1,05 kg\/s<\/td><\/tr><tr><td>Taille <\/td><td>3100*1440*1630mm<\/td><td>3100*1440*1630mm<\/td><\/tr><tr><td>Poids<\/td><td>570kg<\/td><td>570kg<\/td><\/tr><tr><td>Mod\u00e8le de moteur<\/td><td>KD1100FB DIESEL<\/td><td>KD1100FB DIESEL<\/td><\/tr><tr><td>M\u00e9thode de d\u00e9marrage<\/td><td>D\u00e9marrage \u00e9lectrique<\/td><td>D\u00e9marrage \u00e9lectrique<\/td><\/tr><\/tbody><\/table><figcaption class=\"wp-element-caption\">mini moissonneuse-batteuse de riz et de bl\u00e9<\/figcaption><\/figure>    <figure class=\"wp-block-gallery aligncenter has-nested-images columns-default is-cropped wp-block-gallery-3 is-layout-flex wp-block-gallery-is-layout-flex\"> <figure class=\"wp-block-image size-large\"><img loading=\"lazy\" decoding=\"async\" width=\"720\" height=\"540\" data-id=\"6066\" src=\"https:\/\/taizyagromachine.com\/wp-content\/uploads\/2023\/12\/wheat-combine-harvester-for-sale.webp\" alt=\"moissonneuse-batteuse de bl\u00e9 \u00e0 vendre\" class=\"wp-image-6066\"\/><figcaption class=\"wp-element-caption\">moissonneuse-batteuse de bl\u00e9 \u00e0 vendre<\/figcaption><\/figure>    <figure class=\"wp-block-image size-large\"><img loading=\"lazy\" decoding=\"async\" width=\"720\" height=\"540\" data-id=\"6065\" src=\"https:\/\/taizyagromachine.com\/wp-content\/uploads\/2023\/12\/rice-combine-harvester-for-sale.webp\" alt=\"moissonneuse-batteuse de riz \u00e0 vendre\" class=\"wp-image-6065\"\/><figcaption class=\"wp-element-caption\">moissonneuse-batteuse de riz \u00e0 vendre<\/figcaption><\/figure> <\/figure>    <h2 class=\"wp-block-heading\"><strong>Caract\u00e9ristiques de la petite moissonneuse-batteuse pour le riz et le bl\u00e9<\/strong><\/h2>    <ul class=\"wp-block-list\"> <li><strong>Design compact<\/strong>: En raison de la petite moissonneuse-batteuse, cette moissonneuse-batteuse de bl\u00e9 s'adapte aux terres arables limit\u00e9es. Sa construction relativement l\u00e9g\u00e8re le rend facile \u00e0 utiliser dans des champs confin\u00e9s.<\/li>    <li><strong>Polyvalence<\/strong>: Cette mini moissonneuse-batteuse de riz est multifonctionnelle et peut \u00eatre utilis\u00e9e pour r\u00e9colter du riz et du bl\u00e9, augmentant ainsi l'utilisation de la machine.<\/li>    <li><strong>Capacit\u00e9 efficace<\/strong>: Malgr\u00e9 sa petite taille, la petite moissonneuse-batteuse \u00e0 riz est g\u00e9n\u00e9ralement tr\u00e8s efficace. Il peut terminer la r\u00e9colte dans un laps de temps relativement court, augmentant ainsi la productivit\u00e9.<\/li>    <li><strong>Facile \u00e0 utiliser<\/strong>: Les petites moissonneuses-batteuses de bl\u00e9 sont souvent con\u00e7ues pour \u00eatre faciles \u00e0 utiliser pour les agriculteurs qui n'ont pas de comp\u00e9tences sp\u00e9cialis\u00e9es. Des commandes et des syst\u00e8mes d'exploitation simplifi\u00e9s r\u00e9duisent la charge pour l'utilisateur.<\/li>    <li><strong>Adaptable<\/strong>: Gr\u00e2ce \u00e0 leur relative l\u00e9g\u00e8ret\u00e9 et mobilit\u00e9, les moissonneuses-batteuses fonctionnent bien sur diff\u00e9rents types de sols et de terrains, augmentant ainsi leur flexibilit\u00e9 d'application.<\/li>    <li><strong>Abordable<\/strong>: Compar\u00e9e aux plus grandes moissonneuses combin\u00e9es, cette moissonneuse-batteuse de riz est g\u00e9n\u00e9ralement plus abordable. Cela rend l'\u00e9quipement plus accessible aux agriculteurs et am\u00e9liore le niveau technologique des petites exploitations.<\/li>    <li><strong>Faibles co\u00fbts de maintenance<\/strong>: En raison de sa structure m\u00e9canique relativement simple, la mini-moissonneuse-batteuse pour le bl\u00e9 et le riz a g\u00e9n\u00e9ralement de faibles co\u00fbts d'entretien, r\u00e9duisant ainsi la charge pour les agriculteurs.<\/li> <\/ul>    <figure class=\"wp-block-gallery aligncenter has-nested-images columns-default is-cropped wp-block-gallery-4 is-layout-flex wp-block-gallery-is-layout-flex\"> <figure class=\"wp-block-image size-large\"><img loading=\"lazy\" decoding=\"async\" width=\"720\" height=\"540\" data-id=\"6067\" src=\"https:\/\/taizyagromachine.com\/wp-content\/uploads\/2023\/12\/mini-rice-combine-harvester-working-scene.webp\" alt=\"sc\u00e8ne de travail d&#039;une mini moissonneuse-batteuse de riz\" class=\"wp-image-6067\"\/><figcaption class=\"wp-element-caption\">sc\u00e8ne de travail d'une mini moissonneuse-batteuse de riz<\/figcaption><\/figure>    <figure class=\"wp-block-image size-large\"><img loading=\"lazy\" decoding=\"async\" width=\"720\" height=\"540\" data-id=\"6068\" src=\"https:\/\/taizyagromachine.com\/wp-content\/uploads\/2023\/12\/rice-combine-harvester-machine-working-in-the-paddy-field.webp\" alt=\"Machine de moissonneuse-batteuse de riz travaillant dans la rizi\u00e8re\" class=\"wp-image-6068\"\/><figcaption class=\"wp-element-caption\">Machine de moissonneuse-batteuse de riz travaillant dans la rizi\u00e8re<\/figcaption><\/figure> <\/figure>    <h2 class=\"wp-block-heading\"><strong>Comment r\u00e9colter du riz de bl\u00e9 avec une petite moissonneuse-batteuse\u00a0?<\/strong><\/h2>   <div id=\"rank-math-howto\" class=\"rank-math-block\" > <div class=\"rank-math-howto-description\">  <\/div>  <div class=\"rank-math-steps\"> <div id=\"howto-step-1701671535865\" class=\"rank-math-step\"> <h3 class=\"rank-math-step-title\">D\u00e9marrer la moissonneuse-batteuse riz-bl\u00e9<\/h3> <div class=\"rank-math-step-content\"><p>L'op\u00e9rateur d\u00e9marre la petite moissonneuse-batteuse pour le riz et s'assure que tous les syst\u00e8mes fonctionnent correctement. Cela inclut le moteur, le syst\u00e8me de coupe, la bande transporteuse, etc.<\/p> <\/div> <\/div> <div id=\"howto-step-1701671671829\" class=\"rank-math-step\"> <h3 class=\"rank-math-step-title\">Acc\u00e9dez au champ<\/h3> <div class=\"rank-math-step-content\"><p>Naviguez avec la mini-moissonneuse-batteuse de riz jusqu'au champ \u00e0 r\u00e9colter. Pendant le mouvement, l'op\u00e9rateur doit faire attention \u00e0 \u00e9viter les obstacles et s'assurer du bon fonctionnement de la machine.<\/p> <\/div> <\/div> <div id=\"howto-step-1701671710110\" class=\"rank-math-step\"> <h3 class=\"rank-math-step-title\">Commencer la r\u00e9colte<\/h3> <div class=\"rank-math-step-content\"><p>Une fois que la machine a atteint la position appropri\u00e9e, l'op\u00e9rateur commence la r\u00e9colte. Une moissonneuse-batteuse de bl\u00e9 r\u00e9colte g\u00e9n\u00e9ralement les plantes en d\u00e9pla\u00e7ant la t\u00eate de coupe lat\u00e9ralement et en les transf\u00e9rant \u00e0 l'int\u00e9rieur de la machine pour un traitement ult\u00e9rieur.<\/p> <\/div> <\/div> <div id=\"howto-step-1701671788720\" class=\"rank-math-step\"> <h3 class=\"rank-math-step-title\">Battage et nettoyage<\/h3> <div class=\"rank-math-step-content\"><p class=\"translation-block\">\u00c0 l&apos;int\u00e9rieur de la machine, le <a href=\"https:\/\/en.wikipedia.org\/wiki\/Rice\" target=\"_blank\" rel=\"noopener\">riz<\/a> ou le bl\u00e9 passe par un syst\u00e8me d&apos;\u00e9gr\u00e9nage qui s\u00e9pare le grain de la plante. La paille restante et les mauvaises herbes sont g\u00e9n\u00e9ralement \u00e9vacu\u00e9es par un syst\u00e8me de nettoyage.<\/p> <\/div> <\/div> <div id=\"howto-step-1701671966245\" class=\"rank-math-step\"> <h3 class=\"rank-math-step-title\">Collecte et stockage<\/h3> <div class=\"rank-math-step-content\"><p>Le grain battu est collect\u00e9 et stock\u00e9 dans des sacs pr\u00e9alablement pr\u00e9par\u00e9s. Une fois pleins, les grains peuvent \u00eatre d\u00e9charg\u00e9s pour \u00eatre transf\u00e9r\u00e9s vers des installations de stockage ou des v\u00e9hicules de transport.<\/p> <\/div> <\/div> <div id=\"howto-step-1701672719682\" class=\"rank-math-step\"> <h3 class=\"rank-math-step-title\">Suivi et r\u00e9glage<\/h3> <div class=\"rank-math-step-content\"><p>L'op\u00e9rateur doit surveiller en permanence les performances de la machine et effectuer les ajustements n\u00e9cessaires pour garantir un processus de r\u00e9colte efficace.<\/p> <\/div> <\/div> <div id=\"howto-step-1701672734499\" class=\"rank-math-step\"> <h3 class=\"rank-math-step-title\">Fin des vendanges<\/h3> <div class=\"rank-math-step-content\"><p>Lorsque le champ est compl\u00e8tement r\u00e9colt\u00e9, l'op\u00e9rateur arr\u00eate la machine pour effectuer les t\u00e2ches finales de nettoyage et d'entretien.<\/p> <\/div> <\/div> <\/div> <\/div>       <h2 class=\"wp-block-heading\"><strong>Qu\u2019en est-il du prix de la moissonneuse-batteuse de riz\u00a0?<\/strong><\/h2>    <p>Le prix de la moissonneuse-batteuse riz-bl\u00e9 d\u00e9pend de la marque, du mod\u00e8le, des performances, de la configuration et de la zone de march\u00e9. En g\u00e9n\u00e9ral, les moissonneuses-batteuses de riz plus grandes et plus avanc\u00e9es sont relativement ch\u00e8res, tandis que les mod\u00e8les plus petits ou basiques sont plus \u00e9conomiques. De m\u00eame, les machines dont la qualit\u00e9 est garantie co\u00fbtent g\u00e9n\u00e9ralement plus cher. <\/p>    <figure class=\"wp-block-gallery aligncenter has-nested-images columns-default is-cropped wp-block-gallery-5 is-layout-flex wp-block-gallery-is-layout-flex\"> <figure class=\"wp-block-image size-large\"><img loading=\"lazy\" decoding=\"async\" width=\"720\" height=\"540\" data-id=\"6069\" src=\"https:\/\/taizyagromachine.com\/wp-content\/uploads\/2023\/12\/flat-crawler-combine-harvester-for-rice-wheat.webp\" alt=\"moissonneuse-batteuse \u00e0 chenilles plates pour le riz et le bl\u00e9\" class=\"wp-image-6069\"\/><figcaption class=\"wp-element-caption\">moissonneuse-batteuse \u00e0 chenilles plates pour le riz et le bl\u00e9<\/figcaption><\/figure>    <figure class=\"wp-block-image size-large\"><img loading=\"lazy\" decoding=\"async\" width=\"720\" height=\"540\" data-id=\"6070\" src=\"https:\/\/taizyagromachine.com\/wp-content\/uploads\/2023\/12\/triangular-crawler-small-rice-combine-harvester.webp\" alt=\"Petite moissonneuse-batteuse de riz \u00e0 chenilles triangulaires\" class=\"wp-image-6070\"\/><figcaption class=\"wp-element-caption\">Petite moissonneuse-batteuse de riz \u00e0 chenilles triangulaires<\/figcaption><\/figure> <\/figure>    <p>Par exemple, notre mini moissonneuse-batteuse de riz a un prix diff\u00e9rent pour diff\u00e9rentes configurations du m\u00eame mod\u00e8le. Le prix est \u00e9galement diff\u00e9rent en raison de la diff\u00e9rence entre les chenilles, une chenille plate et une chenille triangulaire. Alors pour obtenir le prix exact d'une moissonneuse-batteuse de riz, contactez-nous directement et nous vous fournirons un devis d\u00e9taill\u00e9 et comprendrons les mod\u00e8les disponibles et leurs caract\u00e9ristiques.<\/p>    <h2 class=\"wp-block-heading\"><strong>Fabricant et fournisseur r\u00e9put\u00e9 de mini-moissonneuse-batteuse de riz<\/strong><\/h2>    <p>Nous sommes un fabricant et fournisseur r\u00e9put\u00e9 de mini-moissonneuse-batteuse de riz, d\u00e9di\u00e9 \u00e0 vous fournir des solutions agricoles fiables. Connus pour leur haute efficacit\u00e9, leur efficacit\u00e9 \u00e9nerg\u00e9tique et leur durabilit\u00e9, nos produits sont m\u00e9ticuleusement con\u00e7us pour s\u2019adapter \u00e0 un large \u00e9ventail de conditions agricoles. En plus de cela, nous nous concentrons sur la qualit\u00e9 de nos produits et utilisons une technologie de pointe et des mat\u00e9riaux de qualit\u00e9 pour garantir des performances sup\u00e9rieures et une longue dur\u00e9e de vie de nos machines.<\/p>    <figure class=\"wp-block-gallery aligncenter has-nested-images columns-default is-cropped wp-block-gallery-6 is-layout-flex wp-block-gallery-is-layout-flex\"> <figure class=\"wp-block-image size-large\"><img loading=\"lazy\" decoding=\"async\" width=\"720\" height=\"540\" data-id=\"6074\" src=\"https:\/\/taizyagromachine.com\/wp-content\/uploads\/2023\/12\/small-rice-combine-harvester-machine-manufacturer.webp\" alt=\"petit fabricant de machine de moissonneuse-batteuse de riz\" class=\"wp-image-6074\"\/><figcaption class=\"wp-element-caption\">petit fabricant de machine de moissonneuse-batteuse de riz<\/figcaption><\/figure>    <figure class=\"wp-block-image size-large\"><img loading=\"lazy\" decoding=\"async\" width=\"720\" height=\"540\" data-id=\"6073\" src=\"https:\/\/taizyagromachine.com\/wp-content\/uploads\/2023\/12\/mini-combine-harvester-for-wheat-rice-in-stock.webp\" alt=\"mini moissonneuse-batteuse pour bl\u00e9 riz en stock\" class=\"wp-image-6073\"\/><figcaption class=\"wp-element-caption\">mini moissonneuse-batteuse pour bl\u00e9 riz en stock<\/figcaption><\/figure> <\/figure>    <p>Nous fournissons \u00e9galement un service apr\u00e8s-vente complet. Notre \u00e9quipe de service est compos\u00e9e de techniciens exp\u00e9riment\u00e9s qui sont toujours pr\u00eats \u00e0 vous aider et \u00e0 r\u00e9soudre les probl\u00e8mes. Nous fournissons des services de maintenance r\u00e9guliers pour garantir que les machines fonctionnent de mani\u00e8re stable pendant une longue p\u00e9riode. Pour les besoins et les probl\u00e8mes des clients, nous apportons une r\u00e9ponse et des solutions en temps opportun et nous nous engageons \u00e0 fournir aux clients la meilleure exp\u00e9rience.<\/p>    <h2 class=\"wp-block-heading\"><strong>Emballage et livraison de moissonneuse-batteuse de riz \u00e0 vendre<\/strong><\/h2>    <p>Une fois que le client a conclu une coop\u00e9ration avec nous, nous prenons une s\u00e9rie d'initiatives pour garantir que la moissonneuse-batteuse de riz est s\u00fbre et en bon \u00e9tat pendant le transport. Nous pouvons soit emballer la machine dans une caisse en bois, soit l\u2019exp\u00e9dier directement, selon les besoins du client.<\/p>    <figure class=\"wp-block-gallery aligncenter has-nested-images columns-default is-cropped wp-block-gallery-7 is-layout-flex wp-block-gallery-is-layout-flex\"> <figure class=\"wp-block-image size-large\"><img loading=\"lazy\" decoding=\"async\" width=\"720\" height=\"540\" data-id=\"6072\" src=\"https:\/\/taizyagromachine.com\/wp-content\/uploads\/2023\/12\/wooden-package-of-mini-wheat-rice-combine-harvester.webp\" alt=\"paquet en bois de mini moissonneuse-batteuse de riz de bl\u00e9\" class=\"wp-image-6072\"\/><figcaption class=\"wp-element-caption\">paquet en bois de mini moissonneuse-batteuse de riz de bl\u00e9<\/figcaption><\/figure>    <figure class=\"wp-block-image size-large\"><img loading=\"lazy\" decoding=\"async\" width=\"720\" height=\"540\" data-id=\"6071\" src=\"https:\/\/taizyagromachine.com\/wp-content\/uploads\/2023\/12\/loading-combine-harvester-machine-to-the-truck.webp\" alt=\"chargement de la moissonneuse-batteuse sur le camion\" class=\"wp-image-6071\"\/><figcaption class=\"wp-element-caption\">chargement de la moissonneuse-batteuse sur le camion<\/figcaption><\/figure> <\/figure>    <p class=\"translation-block\"><strong>Emballage en caisse en bois<\/strong> : Notre \u00e9quipe emballe soigneusement pour assurer que chaque pi\u00e8ce critique est correctement prot\u00e9g\u00e9e. Pour les caisses en bois, notre \u00e9quipe emballe attentivement et veille \u00e0 ce que chaque pi\u00e8ce critique soit correctement prot\u00e9g\u00e9e. Nous apposons des \u00e9tiquettes claires et pr\u00e9parons la documentation n\u00e9cessaire pour assurer un d\u00e9douanement fluide.<\/p>    <p class=\"translation-block\"><strong>Livraison<\/strong> : Le mode de transport est organis\u00e9 en fonction des besoins du client, y compris le fret terrestre, maritime ou a\u00e9rien. Nous fournissons des informations de suivi d'exp\u00e9dition pour garantir que le client est inform\u00e9 de l'emplacement et de l'heure d'arriv\u00e9e de la machine.<\/p>    <p>Notre objectif est de fournir un service d'emballage et d'exp\u00e9dition s\u00fbr et efficace pour garantir que nos clients re\u00e7oivent une moissonneuse-batteuse de riz de qualit\u00e9.<\/p>    <h2 class=\"wp-block-heading\"><strong>Conseils pour choisir une moissonneuse-batteuse de paddy<\/strong><\/h2>   <div class=\"wp-block-image\"> <figure class=\"aligncenter size-full\"><img loading=\"lazy\" decoding=\"async\" width=\"720\" height=\"540\" src=\"https:\/\/taizyagromachine.com\/wp-content\/uploads\/2023\/12\/paddy-rice-fields.webp\" alt=\"champs de riz paddy\" class=\"wp-image-6075\"\/><figcaption class=\"wp-element-caption\">champs de riz paddy<\/figcaption><\/figure> <\/div>   <p>S\u00e9lectionnez soigneusement la bonne moissonneuse-batteuse de paddy en fonction des conditions et des besoins r\u00e9els de l'exploitation. Vous devez tenir compte de l'environnement dans lequel le riz est cultiv\u00e9 lors de votre s\u00e9lection afin de vous assurer que la moissonneuse-batteuse de riz fonctionnera bien dans diff\u00e9rentes conditions. Voici quelques suggestions \u00e0 consid\u00e9rer en fonction des diff\u00e9rentes caract\u00e9ristiques de nos machines sur chenilles :<\/p>    <p>Si vos champs sont majoritairement secs et pas trop boueux, le type \u00e0 chenilles triangulaires peut \u00eatre un bon choix car il offre une meilleure stabilit\u00e9.<\/p>    <p>Dans les zones boueuses ou profond\u00e9ment boueuses, le type de piste plate est plus appropri\u00e9 car il r\u00e9duit l'impact de la bont\u00e9 sur le sol et r\u00e9duit le risque pour votre machine.<\/p>    <h2 class=\"wp-block-heading\"><strong>Processus de commande d'une moissonneuse-batteuse<\/strong><\/h2>    <ol class=\"wp-block-list\"> <li><strong>Contactez-nous pour demander un prix<\/strong>: Vous devez d'abord nous contacter pour nous faire part de vos besoins et nous vous affecterons un responsable professionnel pour vous fournir des informations d\u00e9taill\u00e9es.<\/li>    <li><strong>Apprenez \u00e0 conna\u00eetre la machine en d\u00e9tail<\/strong>: Au cours de vos \u00e9changes avec le responsable professionnel, vous vous familiariserez progressivement avec la moissonneuse-batteuse \u00e0 riz et comprendrez mieux vos besoins.<\/li>    <li><strong>D\u00e9terminer la machine<\/strong>: Sur la base de ce qui pr\u00e9c\u00e8de, vous pouvez nous indiquer tr\u00e8s clairement le type de machine que vous souhaitez, les d\u00e9tails de la machine, etc.<\/li>    <li><strong>Signez le contrat et payez la caution<\/strong>: Apr\u00e8s avoir d\u00e9cid\u00e9 de passer la commande, nous signerons tous les deux le contrat et vous devrez payer l'acompte (g\u00e9n\u00e9ralement 30%).<\/li>    <li><strong>Fabrication de machines<\/strong>: Apr\u00e8s r\u00e9ception du d\u00e9p\u00f4t, notre usine commence \u00e0 produire la machine et nous vous tiendrons au courant de l'avancement de la production de la machine.<\/li>    <li><strong>Confirmation d'ach\u00e8vement de la machine et paiement final<\/strong>: Lorsque vous aurez termin\u00e9 la mini-moissonneuse-batteuse de riz, nous vous donnerons des photos et une confirmation vid\u00e9o et vous devrez payer le solde, puis emballer la machine pour la livraison.<\/li>    <li><strong>Emballage et exp\u00e9dition<\/strong>: Les machines sont g\u00e9n\u00e9ralement emball\u00e9es et exp\u00e9di\u00e9es vers votre destination par voie maritime (dans des cas particuliers, cela peut \u00eatre coordonn\u00e9 entre les deux parties).<\/li> <\/ol>","protected":false},"excerpt":{"rendered":"<p>This rice combine harvester (also called wheat combine harvester, small combine harvester )is multifunctional agricultural equipment that not only efficiently harvests crops such as rice and wheat, but also has a threshing function that separates the seeds from the husk using an inbuilt thresher. This machine improves agricultural productivity due to its flexible adjustability that [&hellip;]<\/p>\n","protected":false},"author":1,"featured_media":6062,"parent":0,"template":"","tags":[218,219],"product-type":[20],"class_list":["post-6061","product","type-product","status-publish","has-post-thumbnail","hentry","tag-rice","tag-wheat","product-type-rice-and-wheat-machine"],"_links":{"self":[{"href":"https:\/\/taizyagromachine.com\/fr\/wp-json\/wp\/v2\/product\/6061","targetHints":{"allow":["GET"]}}],"collection":[{"href":"https:\/\/taizyagromachine.com\/fr\/wp-json\/wp\/v2\/product"}],"about":[{"href":"https:\/\/taizyagromachine.com\/fr\/wp-json\/wp\/v2\/types\/product"}],"author":[{"embeddable":true,"href":"https:\/\/taizyagromachine.com\/fr\/wp-json\/wp\/v2\/users\/1"}],"wp:featuredmedia":[{"embeddable":true,"href":"https:\/\/taizyagromachine.com\/fr\/wp-json\/wp\/v2\/media\/6062"}],"wp:attachment":[{"href":"https:\/\/taizyagromachine.com\/fr\/wp-json\/wp\/v2\/media?parent=6061"}],"wp:term":[{"taxonomy":"post_tag","embeddable":true,"href":"https:\/\/taizyagromachine.com\/fr\/wp-json\/wp\/v2\/tags?post=6061"},{"taxonomy":"product-type","embeddable":true,"href":"https:\/\/taizyagromachine.com\/fr\/wp-json\/wp\/v2\/product-type?post=6061"}],"curies":[{"name":"wp","href":"https:\/\/api.w.org\/{rel}","templated":true}]}}