{"id":6523,"date":"2024-01-26T16:59:23","date_gmt":"2024-01-26T08:59:23","guid":{"rendered":"https:\/\/taizyagromachine.com\/?post_type=product&#038;p=6523"},"modified":"2025-11-04T13:50:08","modified_gmt":"2025-11-04T05:50:08","slug":"mobile-grain-dryer","status":"publish","type":"product","link":"https:\/\/taizyagromachine.com\/fr\/product\/mobile-grain-dryer\/","title":{"rendered":"S\u00e9choir \u00e0 grains mobile pour le s\u00e9chage du riz, du bl\u00e9 et du ma\u00efs"},"content":{"rendered":"<p class=\"translation-block\">Notre <strong>s\u00e8che-grain mobile<\/strong> est sp\u00e9cialement con\u00e7u pour le s\u00e9chage de diverses cultures, telles que le riz, le bl\u00e9, le ma\u00efs, le soja, etc. La fonction principale est d'\u00e9liminer rapidement et efficacement l'eau des grains nouvellement r\u00e9colt\u00e9s pour garantir que les grains atteignent une teneur en humidit\u00e9 s\u00fbre avant l'entreposage et le stockage afin de pr\u00e9venir les pertes telles que la moisissure, la germination et les dommages caus\u00e9s par les insectes.<\/p>    <p>Notre s\u00e9choir \u00e0 grains portable est disponible en bacs simples et doubles, avec des rendements allant de 10 t \u00e0 240 t par 24 heures. Si vous souhaitez en savoir plus, n'h\u00e9sitez pas \u00e0 nous contacter maintenant\u00a0!<\/p>    <figure class=\"wp-block-embed is-type-video is-provider-youtube wp-block-embed-youtube wp-embed-aspect-16-9 wp-has-aspect-ratio\"><div class=\"wp-block-embed__wrapper\"> <iframe loading=\"lazy\" title=\"S\u00e9choir \u00e0 grains mobile en action\u00a0: s\u00e9chage efficace du ma\u00efs \u00e0 la ferme | S\u00e9choir \u00e0 ma\u00efs #dryer #graindryer\" width=\"500\" height=\"281\" src=\"https:\/\/www.youtube.com\/embed\/AJ6ZaE6ASIE?feature=oembed\" frameborder=\"0\" allow=\"accelerometer; autoplay; clipboard-write; encrypted-media; gyroscope; picture-in-picture; web-share\" referrerpolicy=\"strict-origin-when-cross-origin\" allowfullscreen><\/iframe> <\/div><figcaption class=\"wp-element-caption\">vid\u00e9o de travail du s\u00e9choir \u00e0 grains mobile<\/figcaption><\/figure>    <h2 class=\"wp-block-heading\"><strong>Types disponibles de s\u00e9choir \u00e0 grains mobile \u00e0 vendre<\/strong><\/h2>    <p class=\"translation-block\"><strong>S\u00e8che-grain avec silo unique<\/strong><\/p>    <figure class=\"wp-block-table\"><table class=\"has-fixed-layout\"><tbody><tr><td><strong>Silo <\/strong><strong>Volume <\/strong><strong><\/strong><\/td><td><strong>Taille totale (L*W*H)mm<\/strong><\/td><td><strong>Poids (ton)<\/strong><\/td><td><strong>Puissance du convoyeur \u00e0 vis<\/strong><\/td><td><strong>Puissance du ventilateur principal<\/strong><\/td><td><strong>Ventilateur \u00e0 tirage induit<\/strong><\/td><td><strong>: ce type d'installation compl\u00e8te de broyage du riz garantit une efficacit\u00e9 de production \u00e9lev\u00e9e tandis que les co\u00fbts d'investissement en \u00e9quipement et d'exploitation sont relativement faibles. Il convient aux clients de petite et moyenne taille disposant de budgets limit\u00e9s mais en qu\u00eate de haute qualit\u00e9.<\/strong><\/td><\/tr><tr><td>2T<\/td><td>4000*1800*3800<\/td><td>2.8<\/td><td>4KW<\/td><td>3kw<\/td><td>0,75KW<\/td><td>12500*4000*4000mm<\/td><\/tr><tr><td>4T<\/td><td>4200*2200*4600<\/td><td>4.5<\/td><td>7,5 kW<\/td><td>5,5kw<\/td><td>0,75KW<\/td><td>40QG<\/td><\/tr><tr><td>6T<\/td><td>4600*2400*5000<\/td><td>5.3<\/td><td>7,5 kW<\/td><td>7,5 kW<\/td><td>0,75KW<\/td><td>40QG<\/td><\/tr><tr><td>8T<\/td><td>4800*2400*5600<\/td><td>6.5<\/td><td>7,5 kW<\/td><td>7,5 kW<\/td><td>0,75KW<\/td><td>40QG<\/td><\/tr><tr><td>10T<\/td><td>4800*2500*6200<\/td><td>7.4<\/td><td>7,5 kW<\/td><td>11kw<\/td><td>1,5KW<\/td><td>40QG<\/td><\/tr><\/tbody><\/table><figcaption class=\"wp-element-caption\">sp\u00e9cifications techniques des s\u00e9choirs \u00e0 petits grains \u00e0 bac unique<\/figcaption><\/figure>    <p>\u00a0Remarque : cette machine de s\u00e9chage de grains peut utiliser du charbon, du diesel, du gaz ou de l'\u00e9lectricit\u00e9 comme combustible pour le four de combustion.<\/p>   <div class=\"wp-block-image\"> <figure class=\"aligncenter size-full\"><img loading=\"lazy\" decoding=\"async\" width=\"720\" height=\"540\" src=\"https:\/\/taizyagromachine.com\/wp-content\/uploads\/2024\/01\/mobile-corn-maize-drying-machine.webp\" alt=\"machine de s\u00e9chage de ma\u00efs mobile\" class=\"wp-image-6528\"\/><figcaption class=\"wp-element-caption\">machine de s\u00e9chage de ma\u00efs mobile<\/figcaption><\/figure> <\/div>   <p class=\"translation-block\"><strong>Diff\u00e9rence entre un bac unique et des doubles bacs<\/strong> :<\/p>    <ul class=\"wp-block-list\"> <li><strong>Bac simple<\/strong>: Le temps de s\u00e9chage pour chaque bac est de 2,5 \u00e0 3 heures (car il y a un temps d'alimentation et de d\u00e9chargement des grains). Chaque bac gaspillera l\u2019exc\u00e8s de chaleur. Le co\u00fbt du s\u00e9chage est l\u00e9g\u00e8rement plus \u00e9lev\u00e9. Il occupe une petite surface, est de petite taille, compact et l\u00e9ger.<\/li>    <li><strong>Bacs doubles<\/strong>: Le temps de s\u00e9chage pour chaque bac est de 2 heures. Deux silos chargent et lib\u00e8rent alternativement le grain sans aucun intervalle. Le rendement est \u00e9lev\u00e9 et la chaleur est pleinement utilis\u00e9e, ce qui r\u00e9duit consid\u00e9rablement les co\u00fbts de s\u00e9chage.<\/li> <\/ul>    <h2 class=\"wp-block-heading\"><strong>Cultures applicables \u00e0 s\u00e9cher par une machine de s\u00e9chage de grains mobile<\/strong><\/h2>    <p>Notre s\u00e9choir \u00e0 grains par lots \u00e0 vendre est con\u00e7u pour s\u00e9cher le bl\u00e9, le sorgho, le ma\u00efs, le riz, les c\u00e9r\u00e9ales, le colza et les haricots.<\/p>   <div class=\"wp-block-image\"> <figure class=\"aligncenter size-full\"><img loading=\"lazy\" decoding=\"async\" width=\"720\" height=\"540\" src=\"https:\/\/taizyagromachine.com\/wp-content\/uploads\/2024\/01\/crops-that-can-be-dried-by-small-grain-dryer.webp\" alt=\"cultures pouvant \u00eatre s\u00e9ch\u00e9es par un s\u00e9choir \u00e0 petits grains\" class=\"wp-image-6527\"\/><figcaption class=\"wp-element-caption\">cultures pouvant \u00eatre s\u00e9ch\u00e9es par un s\u00e9choir \u00e0 petits grains<\/figcaption><\/figure> <\/div>   <h2 class=\"wp-block-heading\"><strong><strong>Temp\u00e9rature de s\u00e9chage recommand\u00e9e pour diverses cultures<\/strong><\/strong><\/h2>    <figure class=\"wp-block-table\"><table class=\"has-fixed-layout\"><tbody><tr><td><strong>Grain <\/strong><strong><\/strong><\/td><td><strong>Temp\u00e9rature de s\u00e9chage<\/strong><strong><\/strong><\/td><\/tr><tr><td>Ma\u00efs<\/td><td>100-140\u2103<\/td><\/tr><tr><td>Bl\u00e9<\/td><td>80\u201390\u2103<\/td><\/tr><tr><td>Riz<\/td><td>60-70\u2103<\/td><\/tr><tr><td>Sorgho<\/td><td>100-140\u2103<\/td><\/tr><tr><td>Haricots<\/td><td>100\u2103<\/td><\/tr><tr><td>Millet<\/td><td>80\u2103<\/td><\/tr><tr><td>Colza<\/td><td>100\u2103<\/td><\/tr><\/tbody><\/table><figcaption class=\"wp-element-caption\">Temp\u00e9rature de s\u00e9chage des cultures<\/figcaption><\/figure>    <h2 class=\"wp-block-heading\"><strong>Conception de s\u00e9choir \u00e0 r\u00e9colte commercial<\/strong><\/h2>    <p>Ce type de s\u00e9choir \u00e0 grains mobile se compose d'un silo, d'une \u00e9chelle, d'un port d'alimentation, d'un four, d'un cyclone, d'un tracteur, d'un conbinet, de roues, de ventilateurs, etc.<\/p>   <div class=\"wp-block-image\"> <figure class=\"aligncenter size-full\"><img loading=\"lazy\" decoding=\"async\" width=\"720\" height=\"540\" src=\"https:\/\/taizyagromachine.com\/wp-content\/uploads\/2024\/01\/structure-of-mobile-grain-drying-machine.jpg\" alt=\"structure de la machine mobile de s\u00e9chage des grains\" class=\"wp-image-6526\"\/><figcaption class=\"wp-element-caption\">structure de la machine mobile de s\u00e9chage des grains<\/figcaption><\/figure> <\/div>   <p>Les silos \u00e0 grains sont tous en inox, les avantages des silos en inox :<\/p>    <ul class=\"wp-block-list\"> <li>N'a pas peur du brouillard et de la corrosion par l'eau, haute duret\u00e9 et r\u00e9sistance \u00e0 l'usure.<\/li>    <li>Il ne rouillera pas, ne provoquera pas de taches de rouille sur de grandes surfaces et n'affectera pas la qualit\u00e9 du grain.<\/li>    <li>Apr\u00e8s un an d'utilisation, l'acier inoxydable de l'ann\u00e9e nid est toujours aussi neuf !<br><\/li> <\/ul>    <h2 class=\"wp-block-heading\"><strong>Diff\u00e9rences entre le s\u00e9choir \u00e0 grains mobile et le s\u00e9choir \u00e0 grains \u00e0 tour<\/strong><\/h2>    <figure class=\"wp-block-table\"><table><tbody><tr><td>Les types<\/td><td>S\u00e9choir \u00e0 r\u00e9colte mobile<\/td><td><a href=\"https:\/\/taizyagromachine.com\/fr\/product\/paddy-dryer\/\">S\u00e9choir \u00e0 grains \u00e0 tour<\/a><\/td><\/tr><tr><td>Bruit en travaillant<\/td><td>Petit<\/td><td>Grand<\/td><\/tr><tr><td>Occuper de l'espace<\/td><td>Faible<\/td><td>Haut<\/td><\/tr><tr><td>Pratique pour se d\u00e9placer<\/td><td>Il a des roues, facile \u00e0 d\u00e9placer<\/td><td>Une fois install\u00e9, il est difficile de le d\u00e9placer<\/td><\/tr><tr><td>Co\u00fbt de maintenance<\/td><td>Facile \u00e0 d\u00e9placer, prot\u00e9g\u00e9 du vent et de la pluie, relativement bas<\/td><td>Il est expos\u00e9 au vent et au soleil toute l'ann\u00e9e et le co\u00fbt d'entretien annuel est tr\u00e8s \u00e9lev\u00e9.<\/td><\/tr><\/tbody><\/table><figcaption class=\"wp-element-caption\">liste des diff\u00e9rences de deux types de s\u00e9choirs \u00e0 grains<\/figcaption><\/figure>    <figure class=\"wp-block-gallery aligncenter has-nested-images columns-default is-cropped wp-block-gallery-2 is-layout-flex wp-block-gallery-is-layout-flex\"> <figure class=\"wp-block-image size-full\"><img loading=\"lazy\" decoding=\"async\" width=\"720\" height=\"750\" data-id=\"6533\" src=\"https:\/\/taizyagromachine.com\/wp-content\/uploads\/2024\/01\/Taizy-crop-dryer-for-sale.webp\" alt=\"S\u00e9choir \u00e0 r\u00e9colte Taizy \u00e0 vendre\" class=\"wp-image-6533\"\/><figcaption class=\"wp-element-caption\">S\u00e9choir \u00e0 r\u00e9colte Taizy \u00e0 vendre<\/figcaption><\/figure>    <figure class=\"wp-block-image size-large\"><img loading=\"lazy\" decoding=\"async\" width=\"640\" height=\"640\" data-id=\"6424\" src=\"https:\/\/taizyagromachine.com\/wp-content\/uploads\/2022\/02\/paddy-dryer-machine-for-corn.webp\" alt=\"Machine de s\u00e9chage de paddy pour le ma\u00efs\" class=\"wp-image-6424\"\/><figcaption class=\"wp-element-caption\">Machine de s\u00e9chage de paddy pour le ma\u00efs<\/figcaption><\/figure> <\/figure>    <h2 class=\"wp-block-heading\"><strong>Qu\u2019en est-il du prix du s\u00e9choir \u00e0 grains mobile\u00a0?<\/strong><\/h2>    <p>Le prix d'un s\u00e9choir \u00e0 grains mobile est affect\u00e9 par plusieurs facteurs, dont les principaux incluent le mod\u00e8le de machine, la capacit\u00e9 de production, le type de br\u00fbleur et s'il est personnalis\u00e9 ou non.<\/p>    <ul class=\"wp-block-list\"> <li><strong>Mod\u00e8les et capacit\u00e9s : <\/strong>Le prix des diff\u00e9rents mod\u00e8les et capacit\u00e9s de s\u00e9choirs \u00e0 ma\u00efs varie consid\u00e9rablement en raison du co\u00fbt des mat\u00e9riaux de fabrication, du niveau technique et de la capacit\u00e9 de transformation. De mani\u00e8re g\u00e9n\u00e9rale, les s\u00e9choirs \u00e0 riz de grande taille et \u00e0 haute production auront un prix de vente plus \u00e9lev\u00e9 en raison de leur haute efficacit\u00e9 et de leur conception de grande capacit\u00e9.<\/li>    <li><strong>Combustible pour four \u00e0 combustion<\/strong>: Le choix du type de br\u00fbleur affectera \u00e9galement le prix, comme l'utilisation d'un br\u00fbleur \u00e0 gaz, diesel, \u00e9lectricit\u00e9 ou biomasse, il existe une diff\u00e9rence dans les co\u00fbts d'exploitation, les performances environnementales et les co\u00fbts d'acquisition des \u00e9quipements.<\/li>    <li><strong>Personnalisation<\/strong>: Le fait que le s\u00e9choir \u00e0 grains mobile offre un service de personnalisation personnalis\u00e9 est \u00e9galement un indicateur important pour d\u00e9terminer son prix. Des options de personnalisation suppl\u00e9mentaires telles qu\u2019un syst\u00e8me de contr\u00f4le intelligent, un syst\u00e8me pr\u00e9cis de surveillance de l\u2019humidit\u00e9 ou des mat\u00e9riaux durables pour les environnements \u00e0 usage sp\u00e9cial feront augmenter le prix.<\/li> <\/ul>    <figure class=\"wp-block-gallery aligncenter has-nested-images columns-default is-cropped wp-block-gallery-3 is-layout-flex wp-block-gallery-is-layout-flex\"> <figure class=\"wp-block-image size-large\"><img loading=\"lazy\" decoding=\"async\" width=\"720\" height=\"750\" data-id=\"6529\" src=\"https:\/\/taizyagromachine.com\/wp-content\/uploads\/2024\/01\/mobile-grain-dryer-machine.webp\" alt=\"s\u00e9choir \u00e0 grains mobile\" class=\"wp-image-6529\"\/><figcaption class=\"wp-element-caption\">s\u00e9choir \u00e0 grains mobile<\/figcaption><\/figure>    <figure class=\"wp-block-image size-large\"><img loading=\"lazy\" decoding=\"async\" width=\"720\" height=\"750\" data-id=\"6530\" src=\"https:\/\/taizyagromachine.com\/wp-content\/uploads\/2024\/01\/small-batch-grain-dryer-for-sale.webp\" alt=\"S\u00e9choir \u00e0 grains en petits lots \u00e0 vendre\" class=\"wp-image-6530\"\/><figcaption class=\"wp-element-caption\">S\u00e9choir \u00e0 grains en petits lots \u00e0 vendre<\/figcaption><\/figure> <\/figure>    <p>En r\u00e9sum\u00e9, lors de l'achat de s\u00e9choirs \u00e0 grains mobiles, vous devez tenir compte de vos propres besoins de production, de l'efficacit\u00e9 attendue, des co\u00fbts de consommation d'\u00e9nergie et des configurations personnalis\u00e9es pour vous assurer de r\u00e9pondre aux besoins r\u00e9els tout en contr\u00f4lant raisonnablement les co\u00fbts d'investissement.<\/p>    <h2 class=\"wp-block-heading\"><strong>Taizy : un fabricant de s\u00e9choirs \u00e0 grains reconnu<\/strong><\/h2>    <p>Gr\u00e2ce \u00e0 sa technologie professionnelle, sa riche gamme de produits, ses normes de haute qualit\u00e9, sa capacit\u00e9 de personnalisation flexible et son syst\u00e8me de service apr\u00e8s-vente complet, nous devenons un fournisseur digne de confiance de s\u00e9choirs \u00e0 grains dans les domaines agricoles nationaux et internationaux.<\/p>    <ul class=\"wp-block-list\"> <li><strong>Force technique professionnelle<\/strong>: Taizy dispose d'une solide \u00e9quipe de recherche et d\u00e9veloppement technique et d'un processus de fabrication avanc\u00e9, d'une innovation continue et de l'optimisation de la conception des produits, pour garantir que la production de s\u00e9choirs \u00e0 grains mobiles en termes de performances, d'efficacit\u00e9 et d'\u00e9conomie d'\u00e9nergie a atteint le premier niveau de l'industrie.<\/li>    <li><strong>Service personnalis\u00e9 sur mesure<\/strong>: Nous ma\u00eetrisons la conception personnalis\u00e9e en fonction des conditions et des besoins sp\u00e9cifiques des clients, y compris la s\u00e9lection du type de br\u00fbleur, l'adaptation des sources de chaleur, la configuration du syst\u00e8me de contr\u00f4le intelligent, etc., pour r\u00e9pondre aux besoins de march\u00e9s diversifi\u00e9s.<\/li>    <li><strong>Service apr\u00e8s-vente parfait<\/strong>: Taizy promet de fournir \u00e0 ses clients une exp\u00e9rience de service sans souci, y compris, mais sans s'y limiter, l'installation et la mise en service, la formation au fonctionnement, la maintenance apr\u00e8s-vente et l'assistance technique, pour garantir que le s\u00e9choir \u00e0 ma\u00efs fonctionne efficacement et de mani\u00e8re stable tout au long du cycle d'utilisation.<\/li>    <li><strong>Reconnaissance et coop\u00e9ration internationales<\/strong>: En tant que marque r\u00e9put\u00e9e, Taizy a non seulement \u00e9tabli une position solide sur le march\u00e9 int\u00e9rieur, mais a \u00e9galement \u00e9t\u00e9 largement acclam\u00e9e sur le march\u00e9 international. Elle a \u00e9tabli une coop\u00e9ration \u00e0 long terme avec des entreprises dans de nombreux pays et r\u00e9gions, ce qui prouve la comp\u00e9titivit\u00e9 de ses produits et sa vision internationale.<\/li> <\/ul>    <figure class=\"wp-block-gallery aligncenter has-nested-images columns-default is-cropped wp-block-gallery-4 is-layout-flex wp-block-gallery-is-layout-flex\"> <figure class=\"wp-block-image size-large\"><img loading=\"lazy\" decoding=\"async\" width=\"720\" height=\"750\" data-id=\"6531\" src=\"https:\/\/taizyagromachine.com\/wp-content\/uploads\/2024\/01\/mobile-grain-dryer-for-rice-wheat-corn.webp\" alt=\"s\u00e9choir \u00e0 grains mobile pour le riz, le bl\u00e9 et le ma\u00efs\" class=\"wp-image-6531\"\/><figcaption class=\"wp-element-caption\">s\u00e9choir \u00e0 grains mobile pour le riz, le bl\u00e9 et le ma\u00efs<\/figcaption><\/figure>    <figure class=\"wp-block-image size-large\"><img loading=\"lazy\" decoding=\"async\" width=\"720\" height=\"750\" data-id=\"6532\" src=\"https:\/\/taizyagromachine.com\/wp-content\/uploads\/2024\/01\/portable-grain-dryer-for-maize.webp\" alt=\"s\u00e9choir \u00e0 grains portable pour le ma\u00efs\" class=\"wp-image-6532\"\/><figcaption class=\"wp-element-caption\">s\u00e9choir \u00e0 grains portable pour le ma\u00efs<\/figcaption><\/figure> <\/figure>    <h2 class=\"wp-block-heading\"><strong>FAQ de la machine de s\u00e9chage de grains mobile<\/strong><\/h2>   <div id=\"rank-math-faq\" class=\"rank-math-block\"> <div class=\"rank-math-list\"> <div id=\"faq-question-1706252443000\" class=\"rank-math-list-item\"> <h3 class=\"rank-math-question\"><strong>En quel mat\u00e9riau est le s\u00e9choir \u00e0 c\u00e9r\u00e9ales ?<\/strong><\/h3> <div class=\"rank-math-answer\">  <p>Le silo \u00e0 grains mobile est en acier inoxydable. La partie chauffante est en acier au carbone.<\/p>  <\/div> <\/div> <div id=\"faq-question-1706252513798\" class=\"rank-math-list-item\"> <h3 class=\"rank-math-question\"><strong>Qu\u2019en est-il des avantages de l\u2019acier inoxydable et de l\u2019acier galvanis\u00e9\u00a0?<\/strong><\/h3> <div class=\"rank-math-answer\">  <p class=\"translation-block\"><strong>Avantages de l'acier inoxydable<\/strong> : Lorsque la machine fonctionne, de la vapeur d'eau sortira. L'acier inoxydable n'a pas peur de la corrosion et ne pr\u00e9sentera pas de taches de rouille. M\u00eame s'il est utilis\u00e9 cette ann\u00e9e, il sera bon pour la deuxi\u00e8me ann\u00e9e apr\u00e8s le rangement de la machine.<br \/><strong>Avantages de l'acier galvanis\u00e9<\/strong> : Il est bon march\u00e9 mais il rouille.<\/p>  <\/div> <\/div> <div id=\"faq-question-1706255494220\" class=\"rank-math-list-item\"> <h3 class=\"rank-math-question\"><strong>Quelles cultures peuvent s\u00e9cher ? Combien de degr\u00e9s fait la temp\u00e9rature ? Peut-on contr\u00f4ler la temp\u00e9rature ?<\/strong><\/h3> <div class=\"rank-math-answer\">  <p class=\"translation-block\">Notre s\u00e9choir \u00e0 grains mobile peut s\u00e9cher le ma\u00efs, le bl\u00e9, les haricots, le riz, le sorgho et le colza.<br \/>Nos s\u00e9choirs sont \u00e0 air chaud, et ne d\u00e9truiront pas la qualit\u00e9 des grains. N'affectent pas la couleur. Les <a href=\"https:\/\/en.wikipedia.org\/wiki\/Grain\" target=\"_blank\" rel=\"noopener\">grains<\/a> peuvent \u00eatre consomm\u00e9s.<br \/><strong>Temp\u00e9rature du ma\u00efs<\/strong> : 100-140 degr\u00e9s<br \/><strong>Temp\u00e9rature du bl\u00e9<\/strong> : 80-90 degr\u00e9s<br \/><strong>Temp\u00e9rature du riz<\/strong> : 60-70 degr\u00e9s<br \/><strong>Temp\u00e9rature du sorgho<\/strong> : 100-140 degr\u00e9s<br \/><strong>Temp\u00e9rature des haricots<\/strong> : 100 degr\u00e9s<br \/><strong>Temp\u00e9rature des grains<\/strong> : 80 degr\u00e9s (avec maille de 1mm)<br \/><strong>Temp\u00e9rature du colza<\/strong> : 100 degr\u00e9s (avec maille de 1mm)<\/p>  <\/div> <\/div> <div id=\"faq-question-1706256407163\" class=\"rank-math-list-item\"> <h3 class=\"rank-math-question\"><strong>Que peut-on utiliser comme source de chaleur ?<\/strong><\/h3> <div class=\"rank-math-answer\">  <p>Charbon, diesel, m\u00e9thanol, biomasse, \u00e9lectricit\u00e9.<\/p>  <\/div> <\/div> <div id=\"faq-question-1706256430292\" class=\"rank-math-list-item\"> <h3 class=\"rank-math-question\"><strong>Quelle est la dur\u00e9e de la garantie ?<\/strong><\/h3> <div class=\"rank-math-answer\">  <p>La garantie enti\u00e8re de la machine d'un an.<\/p>  <\/div> <\/div> <div id=\"faq-question-1706256454820\" class=\"rank-math-list-item\"> <h3 class=\"rank-math-question\"><strong>Si je ne sais pas comment l\u2019utiliser, pouvez-vous venir dans mon usine pour l\u2019installer ?<\/strong><\/h3> <div class=\"rank-math-answer\">  <p>Si vous ne savez pas comment l'utiliser, nous proc\u00e9dons \u00e0 l'installation et au d\u00e9bogage en porte-\u00e0-porte, mais pour rembourser les frais de d\u00e9placement ainsi que la nourriture et l'h\u00e9bergement de base.<\/p>  <\/div> <\/div> <\/div> <\/div>","protected":false},"excerpt":{"rendered":"<p>Our mobile grain dryer is specially designed for various crops drying, such as rice, wheat, maize, soybeans, etc. The main function is to quickly and effectively remove water from newly harvested grain to ensure that the grain reaches a safe moisture content before warehousing and storage to prevent losses such as mould, germination and insect [&hellip;]<\/p>\n","protected":false},"author":1,"featured_media":6524,"parent":0,"template":"","tags":[223],"product-type":[30],"class_list":["post-6523","product","type-product","status-publish","has-post-thumbnail","hentry","tag-grain-drying","product-type-grain-dryer"],"_links":{"self":[{"href":"https:\/\/taizyagromachine.com\/fr\/wp-json\/wp\/v2\/product\/6523","targetHints":{"allow":["GET"]}}],"collection":[{"href":"https:\/\/taizyagromachine.com\/fr\/wp-json\/wp\/v2\/product"}],"about":[{"href":"https:\/\/taizyagromachine.com\/fr\/wp-json\/wp\/v2\/types\/product"}],"author":[{"embeddable":true,"href":"https:\/\/taizyagromachine.com\/fr\/wp-json\/wp\/v2\/users\/1"}],"wp:featuredmedia":[{"embeddable":true,"href":"https:\/\/taizyagromachine.com\/fr\/wp-json\/wp\/v2\/media\/6524"}],"wp:attachment":[{"href":"https:\/\/taizyagromachine.com\/fr\/wp-json\/wp\/v2\/media?parent=6523"}],"wp:term":[{"taxonomy":"post_tag","embeddable":true,"href":"https:\/\/taizyagromachine.com\/fr\/wp-json\/wp\/v2\/tags?post=6523"},{"taxonomy":"product-type","embeddable":true,"href":"https:\/\/taizyagromachine.com\/fr\/wp-json\/wp\/v2\/product-type?post=6523"}],"curies":[{"name":"wp","href":"https:\/\/api.w.org\/{rel}","templated":true}]}}