{"id":6542,"date":"2024-02-02T17:56:48","date_gmt":"2024-02-02T09:56:48","guid":{"rendered":"https:\/\/taizyagromachine.com\/?post_type=product&#038;p=6542"},"modified":"2025-01-08T10:31:10","modified_gmt":"2025-01-08T02:31:10","slug":"silage-spreader-feed-spreader-mixer","status":"publish","type":"product","link":"https:\/\/taizyagromachine.com\/fr\/product\/silage-spreader-feed-spreader-mixer\/","title":{"rendered":"\u00c9pandeur d'ensilage pour le m\u00e9lange d'aliments pour vaches, bovins et ovins"},"content":{"rendered":"<p class=\"translation-block\">Notre <strong>\u00e9pandeur d'ensilage<\/strong> sert \u00e0 projeter les aliments m\u00e9lang\u00e9s finis directement dans la zone d'alimentation pour compl\u00e9ter l'alimentation en une seule fois, entra\u00een\u00e9 par le tricycle. Notre \u00e9pandeur m\u00e9langeur d'ensilage a une capacit\u00e9 courante de 3 cmb et 5 cmb, avec des fonctions de m\u00e9lange et d'\u00e9pandage.<\/p>    <p class=\"translation-block\">Cet \u00e9pandeur d'aliments ensil\u00e9s est largement utilis\u00e9 dans les zones d'\u00e9levage agricole et d'\u00e9levage, les parcs d'engraissement de grande et moyenne taille et r\u00e9glemente les op\u00e9rations d'alimentation des parcs d'engraissement communautaires. Une vari\u00e9t\u00e9 d'<strong>herbage, de paille de culture, d'ensilage<\/strong> et d'autres <strong>aliments fibreux<\/strong> peuvent \u00eatre m\u00e9lang\u00e9s et remu\u00e9s, puis utiliser cet \u00e9pandeur d'aliments pour tricycle pour les op\u00e9rations d'alimentation.<\/p>    <p>Nous avons deux types\u00a0: des m\u00e9langeurs \u00e0 \u00e9pandeur d'aliments verticaux et horizontaux et les deux peuvent utiliser un moteur diesel et \u00e9lectrique. Si vous \u00eates int\u00e9ress\u00e9, venez nous contacter pour plus de d\u00e9tails sur la machine\u00a0!<\/p>    <figure class=\"wp-block-embed is-type-video is-provider-youtube wp-block-embed-youtube wp-embed-aspect-16-9 wp-has-aspect-ratio\"><div class=\"wp-block-embed__wrapper\"> <iframe loading=\"lazy\" title=\"L&#039;efficacit\u00e9 de l&#039;alimentation d\u00e9voil\u00e9e\u00a0: une journ\u00e9e dans la vie d&#039;un camion \u00e9pandeur agricole #silage #\u00e9pandeur\" width=\"500\" height=\"281\" src=\"https:\/\/www.youtube.com\/embed\/wXCLrlhUAWk?feature=oembed\" frameborder=\"0\" allow=\"accelerometer; autoplay; clipboard-write; encrypted-media; gyroscope; picture-in-picture; web-share\" referrerpolicy=\"strict-origin-when-cross-origin\" allowfullscreen><\/iframe> <\/div><figcaption class=\"wp-element-caption\">vid\u00e9o de travail de la machine de m\u00e9lange d'\u00e9pandeur agricole<\/figcaption><\/figure>    <h2 class=\"wp-block-heading\"><strong>Types de machines de m\u00e9lange d'\u00e9pandeurs d'ensilage \u00e0 vendre<\/strong><\/h2>    <p class=\"translation-block\"><strong>Mod\u00e8les de machines \u00e9pandeuses agricoles bas\u00e9s sur la forme de la machine<\/strong><\/p>    <p>Selon la forme de la machine, elle peut \u00eatre divis\u00e9e en verticale et horizontale, seule la forme de l'ext\u00e9rieur est diff\u00e9rente et la fonction est la m\u00eame. La forme de l'\u00e9pandeur d'ensilage est la suivante\u00a0: <\/p>    <figure class=\"wp-block-gallery aligncenter has-nested-images columns-default is-cropped wp-block-gallery-2 is-layout-flex wp-block-gallery-is-layout-flex\"> <figure class=\"wp-block-image size-large\"><img loading=\"lazy\" decoding=\"async\" width=\"720\" height=\"540\" data-id=\"6545\" src=\"https:\/\/taizyagromachine.com\/wp-content\/uploads\/2024\/02\/vertical-feed-spreader-mixer.webp\" alt=\"m\u00e9langeur \u00e0 \u00e9pandeur d&#039;alimentation vertical\" class=\"wp-image-6545\"\/><figcaption class=\"wp-element-caption\">m\u00e9langeur \u00e0 \u00e9pandeur d'alimentation vertical<\/figcaption><\/figure>    <figure class=\"wp-block-image size-large\"><img loading=\"lazy\" decoding=\"async\" width=\"720\" height=\"540\" data-id=\"6544\" src=\"https:\/\/taizyagromachine.com\/wp-content\/uploads\/2024\/02\/horizontal-feeding-mixer-spreading-machine.webp\" alt=\"Machine d&#039;\u00e9pandage de m\u00e9langeur d&#039;alimentation horizontal\" class=\"wp-image-6544\"\/><figcaption class=\"wp-element-caption\">Machine d'\u00e9pandage de m\u00e9langeur d'alimentation horizontal<\/figcaption><\/figure> <\/figure>    <p class=\"translation-block\"><strong>Mod\u00e8les d'\u00e9pandeurs d'alimentation pour bovins et ovins bas\u00e9s sur le moteur de la machine<\/strong><\/p>    <p>En fonction de la puissance dont l'ensileuse automatique peut \u00eatre \u00e9quip\u00e9e, nous disposons d'un mod\u00e8le diesel et d'un mod\u00e8le \u00e0 moteur \u00e9lectrique.<\/p>    <div class=\"wp-block-columns is-layout-flex wp-container-core-columns-is-layout-9d6595d7 wp-block-columns-is-layout-flex\"> <div class=\"wp-block-column is-layout-flow wp-block-column-is-layout-flow\"> <figure class=\"wp-block-image size-full\"><img loading=\"lazy\" decoding=\"async\" width=\"720\" height=\"540\" src=\"https:\/\/taizyagromachine.com\/wp-content\/uploads\/2024\/02\/diesel-engined-silage-spreader-mixer-machine.webp\" alt=\"Machine de m\u00e9lange d&#039;\u00e9pandeur d&#039;ensilage \u00e0 moteur diesel\" class=\"wp-image-6546\"\/><figcaption class=\"wp-element-caption\">Machine de m\u00e9lange d'\u00e9pandeur d'ensilage \u00e0 moteur diesel<\/figcaption><\/figure> <\/div>    <div class=\"wp-block-column is-vertically-aligned-center is-layout-flow wp-block-column-is-layout-flow\"> <p class=\"has-text-align-center translation-block\"><strong>Distributeur d'aliments pour bovins \u00e0 tricycle \u00e0 puissance diesel<\/strong><\/p>    <p>Cet \u00e9quipement d'\u00e9pandage d'ensilage peut avoir \u00e0 la fois des fonctions de m\u00e9lange et d'\u00e9pandage, et il est tr\u00e8s pratique de conduire un tricycle pour \u00e9pandre les mat\u00e9riaux directement \u00e0 la ferme.<\/p>    <p>L'\u00e9pandeur d'aliments tricycle a 3 m\u00e8tres cubes et 5 m\u00e8tres cubes. Habituellement, si vous choisissez le mod\u00e8le diesel, nous sommes \u00e9quip\u00e9s de 5 m\u00e8tres cubes.<\/p> <\/div> <\/div>    <div class=\"wp-block-columns is-layout-flex wp-container-core-columns-is-layout-9d6595d7 wp-block-columns-is-layout-flex\"> <div class=\"wp-block-column is-vertically-aligned-center is-layout-flow wp-block-column-is-layout-flow\"> <p class=\"has-text-align-center translation-block\"><strong>\u00c9pandeur d'aliments pour tricycle \u00e9lectrique sp\u00e9cial ferme<\/strong><\/p>    <p>Cet \u00e9pandeur d'ensilage ne peut avoir qu'une fonction d'\u00e9pandage et est g\u00e9n\u00e9ralement choisi avec une capacit\u00e9 de 3 m\u00e8tres cubes.<\/p>    <p>En raison de sa fonction d'\u00e9pandage uniquement, il est g\u00e9n\u00e9ralement utilis\u00e9 en combinaison avec une m\u00e9langeuse d'aliments.<\/p> <\/div>    <div class=\"wp-block-column is-layout-flow wp-block-column-is-layout-flow\"> <figure class=\"wp-block-image size-full\"><img loading=\"lazy\" decoding=\"async\" width=\"720\" height=\"540\" src=\"https:\/\/taizyagromachine.com\/wp-content\/uploads\/2024\/02\/electric-silage-spreader-for-sale.webp\" alt=\"\u00e9pandeur d&#039;ensilage \u00e9lectrique \u00e0 vendre\" class=\"wp-image-6547\"\/><figcaption class=\"wp-element-caption\">\u00e9pandeur d'ensilage \u00e9lectrique \u00e0 vendre<\/figcaption><\/figure> <\/div> <\/div>    <figure class=\"wp-block-gallery aligncenter has-nested-images columns-default is-cropped wp-block-gallery-3 is-layout-flex wp-block-gallery-is-layout-flex\"> <figure class=\"wp-block-image size-full\"><img loading=\"lazy\" decoding=\"async\" width=\"720\" height=\"540\" data-id=\"6549\" src=\"https:\/\/taizyagromachine.com\/wp-content\/uploads\/2024\/02\/latest-silage-feed-spreader.webp\" alt=\"dernier \u00e9pandeur d&#039;ensilage\" class=\"wp-image-6549\"\/><figcaption class=\"wp-element-caption\">dernier \u00e9pandeur d'ensilage<\/figcaption><\/figure>    <figure class=\"wp-block-image size-full\"><img loading=\"lazy\" decoding=\"async\" width=\"720\" height=\"540\" data-id=\"6548\" src=\"https:\/\/taizyagromachine.com\/wp-content\/uploads\/2024\/02\/feed-mixer-and-silage-feed-spreader.webp\" alt=\"m\u00e9langeuse d&#039;aliments et \u00e9pandeur d&#039;aliments pour ensilage\" class=\"wp-image-6548\"\/><figcaption class=\"wp-element-caption\">m\u00e9langeuse d'aliments et \u00e9pandeur d'aliments pour ensilage<\/figcaption><\/figure> <\/figure>    <h2 class=\"wp-block-heading\"><strong>Param\u00e8tres techniques du m\u00e9langeur automatique d'\u00e9pandeur d'ensilage<\/strong><\/h2>    <p>En raison des deux syst\u00e8mes d'alimentation des \u00e9pandeurs agricoles, il existe des sp\u00e9cifications diff\u00e9rentes. Liste pour votre r\u00e9f\u00e9rence.<\/p>    <p class=\"translation-block\"><strong>Donn\u00e9es techniques du m\u00e9langeur \u00e9pandeur d'ensilage \u00e0 moteur diesel<\/strong><\/p>    <figure class=\"wp-block-table\"><table><tbody><tr><td>Mod\u00e8le<\/td><td>TZ-5<\/td><\/tr><tr><td>Taille globale<\/td><td>4,7*1,7*2,2m<\/td><\/tr><tr><td>Taille d'\u00e9pandage<\/td><td>600*470mm<\/td><\/tr><tr><td>Taille de l'alimentation<\/td><td>2500*1400mm<\/td><\/tr><tr><td>Nombre de piles<\/td><td>1<\/td><\/tr><tr><td>Tension<\/td><td>12V<\/td><\/tr><tr><td>Pneu750-16 600-14<\/td><td>3 pi\u00e8ces<\/td><\/tr><tr><td>Taille du bac<\/td><td>5m\u00b3<\/td><\/tr><tr><td>Palier <\/td><td>F210\uff084\uff09<\/td><\/tr><tr><td>M\u00e9thode de transport<\/td><td>grattoir<\/td><\/tr><tr><td>M\u00e9thode d'\u00e9pandage<\/td><td>bidirectionnalit\u00e9<\/td><\/tr><tr><td>Frein<\/td><td>huile de frein<\/td><\/tr><tr><td>Hauteur d'\u00e9pandage<\/td><td>60 cm<\/td><\/tr><tr><td>Transmission<\/td><td>Cha\u00eenes<\/td><\/tr><tr><td>M\u00e9thode de transmission<\/td><td>hydraulique<\/td><\/tr><tr><td>Si\u00e8ge<\/td><td>2 pi\u00e8ces<\/td><\/tr><\/tbody><\/table><figcaption class=\"wp-element-caption\">Donn\u00e9es de l'\u00e9pandeur de m\u00e9lange d'aliments pour ensilage diesel<\/figcaption><\/figure>    <p class=\"translation-block\"><strong>Sp\u00e9cifications de l'\u00e9pandeur d'aliments \u00e9lectrique<\/strong><\/p>    <figure class=\"wp-block-table\"><table><tbody><tr><td>Mod\u00e8le<\/td><td>TZ-3<\/td><\/tr><tr><td>Taille globale<\/td><td>3,6*1,5*2,0m<\/td><\/tr><tr><td>Taille du bac<\/td><td>2,0*1,2*1,4m<\/td><\/tr><tr><td>Largeur de la ceinture<\/td><td>400mm<\/td><\/tr><tr><td>Nombre de piles<\/td><td>6<\/td><\/tr><tr><td>Tension d'entr\u00e9e<\/td><td>72V<\/td><\/tr><tr><td>Sp\u00e9cification de la batterie<\/td><td>batterie s\u00e8che de marque Chaowei ou Camel<\/td><\/tr><tr><td>Mod\u00e8le de pneu<\/td><td>Roues arri\u00e8re 3,50*12 (2) + 5,00*12 (1)<\/td><\/tr><tr><td>Taille du bac<\/td><td>3m\u00b3<\/td><\/tr><tr><td>Palier<\/td><td>F206\uff084\uff09<\/td><\/tr><tr><td>M\u00e9thode de transport<\/td><td>tablier<\/td><\/tr><tr><td>M\u00e9thode d'\u00e9pandage<\/td><td>bidirectionnalit\u00e9<\/td><\/tr><tr><td>Frein<\/td><td>huile de frein<\/td><\/tr><tr><td>Hauteur d'\u00e9pandage<\/td><td>60 cm<\/td><\/tr><tr><td>Transmission<\/td><td>Cha\u00eenes<\/td><\/tr><tr><td>Volant<\/td><td>boutonn\u00e9<\/td><\/tr><tr><td>Moteur \u00e9lectrique<\/td><td>1.5\/1.5\/2.2<\/td><\/tr><tr><td>Capacit\u00e9 de la batterie<\/td><td>70A<\/td><\/tr><\/tbody><\/table><figcaption class=\"wp-element-caption\">Param\u00e8tres de la machine d'\u00e9pandage d'ensilage \u00e0 moteur \u00e9lectrique<\/figcaption><\/figure>    <h2 class=\"wp-block-heading\"><strong>Avantages de la machine d'\u00e9pandage du m\u00e9langeur d'alimentation<\/strong><\/h2>    <ul class=\"wp-block-list\"> <li>Simple et pratique \u00e0 utiliser, facile \u00e0 utiliser.<\/li>    <li>Qualit\u00e9 du produit fiable, durable.<\/li>    <li>Le processus d'\u00e9pandage peut \u00eatre ajust\u00e9 en fonction de la densit\u00e9 du mat\u00e9riel alimentaire pour le b\u00e9tail.<\/li>    <li>Haute efficacit\u00e9, gain de temps et d'espace agricole.<\/li> <\/ul>    <h2 class=\"wp-block-heading\"><strong>Fabricant et fournisseur professionnel d'\u00e9pandeur d'ensilage<\/strong><\/h2>    <ul class=\"wp-block-list\"> <li><strong>Technologie de pointe et performances des produits<\/strong>: Les camions \u00e9pandeurs d'ensilage Taizy adoptent une technologie de conception et des processus de fabrication avanc\u00e9s pour garantir la haute efficacit\u00e9 et la stabilit\u00e9 de l'\u00e9quipement. Les v\u00e9hicules peuvent \u00eatre \u00e9quip\u00e9s de syst\u00e8mes \u00e9lectriques puissants, de syst\u00e8mes de contr\u00f4le pr\u00e9cis de l'alimentation et de modes de fonctionnement flexibles, qui peuvent s'adapter aux besoins des exploitations agricoles \u00e0 diff\u00e9rentes \u00e9chelles.<\/li>    <li><strong>Choix de mod\u00e8les diversifi\u00e9s<\/strong>: Nous proposons des distributeurs d'aliments pour b\u00e9tail tricycles verticaux et horizontaux pour r\u00e9pondre aux besoins des clients en mati\u00e8re de diff\u00e9rents types d'\u00e9pandage d'aliments.<\/li>    <li><strong>Fonction d'\u00e9pandage double face<\/strong>: Certains \u00e9pandeurs sont \u00e9quip\u00e9s d'une fonction d'\u00e9pandage double face, ce qui am\u00e9liore consid\u00e9rablement l'efficacit\u00e9 de l'alimentation, r\u00e9duit le temps d'\u00e9pandage, aide les animaux \u00e0 se nourrir uniform\u00e9ment et favorise l'am\u00e9lioration de l'efficacit\u00e9 de l'\u00e9levage.<\/li>    <li><strong>Garantie du service apr\u00e8s-vente<\/strong>: En tant que fabricant responsable, Taizy fournit un service apr\u00e8s-vente et un support technique parfaits pour garantir que les utilisateurs peuvent b\u00e9n\u00e9ficier d'un service rapide et efficace apr\u00e8s l'achat, ce qui am\u00e9liore la confiance et la satisfaction des utilisateurs \u00e0 l'\u00e9gard du produit.<\/li>    <li><strong>Solutions personnalis\u00e9es<\/strong>: Pour les besoins particuliers de diff\u00e9rents clients, Taizy peut \u00e9galement proposer des solutions de conception d'\u00e9pandeurs personnalis\u00e9es pour s'adapter \u00e0 diff\u00e9rents terrains, diff\u00e9rentes \u00e9chelles et diff\u00e9rents modes d'alimentation de l'environnement des p\u00e2turages.<\/li> <\/ul>    <figure class=\"wp-block-gallery aligncenter has-nested-images columns-default is-cropped wp-block-gallery-4 is-layout-flex wp-block-gallery-is-layout-flex\"> <figure class=\"wp-block-image size-large\"><img loading=\"lazy\" decoding=\"async\" width=\"720\" height=\"540\" data-id=\"6556\" src=\"https:\/\/taizyagromachine.com\/wp-content\/uploads\/2024\/02\/Automatic-Cattle-Sheep-Camels-Feeding-Mixer-Spreading-Machine.webp\" alt=\"Machine automatique d&#039;\u00e9pandage de m\u00e9langeur d&#039;alimentation de chameaux de moutons de b\u00e9tail\" class=\"wp-image-6556\"\/><figcaption class=\"wp-element-caption\">Machine automatique d'\u00e9pandage de m\u00e9langeur d'alimentation de chameaux de moutons de b\u00e9tail<\/figcaption><\/figure>    <figure class=\"wp-block-image size-large\"><img loading=\"lazy\" decoding=\"async\" width=\"720\" height=\"540\" data-id=\"6557\" src=\"https:\/\/taizyagromachine.com\/wp-content\/uploads\/2024\/02\/farm-special-electric-tricycle-feed-spreader.webp\" alt=\"\u00e9pandeur d&#039;aliments tricycle \u00e9lectrique sp\u00e9cial pour ferme\" class=\"wp-image-6557\"\/><figcaption class=\"wp-element-caption\">\u00e9pandeur d'aliments tricycle \u00e9lectrique sp\u00e9cial pour ferme<\/figcaption><\/figure> <\/figure>    <h2 class=\"wp-block-heading\"><strong>Contactez-nous pour conna\u00eetre le prix du m\u00e9langeur d'\u00e9pandage d'aliments\u00a0!<\/strong><\/h2>    <p class=\"translation-block\">Envie de gagner du temps et des efforts dans votre ferme avec <a href=\"https:\/\/en.wikipedia.org\/wiki\/Cattle\" target=\"_blank\" rel=\"noopener\">le b\u00e9tail<\/a> et l\u2019\u00e9levage ovins? Si oui, contactez-nous, nous avons \u00e9galement la <a href=\"https:\/\/taizyagromachine.com\/fr\/product\/silage-baler\/\">machine de ballottage de silage<\/a>, coupeur de paille, <a href=\"https:\/\/taizyagromachine.com\/fr\/product\/straw-crushing-and-recycling-machine\/\">r\u00e9colteur de silage<\/a>, etc pour votre choix. Nous recommanderons la solution optimale pour vous.<\/p>    <figure class=\"wp-block-embed is-type-video is-provider-youtube wp-block-embed-youtube wp-embed-aspect-16-9 wp-has-aspect-ratio\"><div class=\"wp-block-embed__wrapper\"> <iframe loading=\"lazy\" title=\"\u00c9pandeur m\u00e9langeur d&#039;ensilage | Machine de m\u00e9lange et d&#039;\u00e9pandage d&#039;aliments fourragers tricycle dans les fermes bovines\" width=\"500\" height=\"281\" src=\"https:\/\/www.youtube.com\/embed\/fw7LzAcXnpc?feature=oembed\" frameborder=\"0\" allow=\"accelerometer; autoplay; clipboard-write; encrypted-media; gyroscope; picture-in-picture; web-share\" referrerpolicy=\"strict-origin-when-cross-origin\" allowfullscreen><\/iframe> <\/div><figcaption class=\"wp-element-caption\">wagon d'\u00e9pandage de m\u00e9lange d'aliments pour ensilage<\/figcaption><\/figure>","protected":false},"excerpt":{"rendered":"<p>Our silage spreader is to throw the finished mixed feeds directly into the feeding area to complete the feeding at once, driven by the tricycle. Our silage feeder mixer spreader has a common capacity of 3 cmb and 5 cmb, with mixing and spreading functions. This silage feed spreader is widely used in agricultural and [&hellip;]<\/p>\n","protected":false},"author":1,"featured_media":6543,"parent":0,"template":"","tags":[],"product-type":[19],"class_list":["post-6542","product","type-product","status-publish","has-post-thumbnail","hentry","product-type-silage-machine"],"_links":{"self":[{"href":"https:\/\/taizyagromachine.com\/fr\/wp-json\/wp\/v2\/product\/6542","targetHints":{"allow":["GET"]}}],"collection":[{"href":"https:\/\/taizyagromachine.com\/fr\/wp-json\/wp\/v2\/product"}],"about":[{"href":"https:\/\/taizyagromachine.com\/fr\/wp-json\/wp\/v2\/types\/product"}],"author":[{"embeddable":true,"href":"https:\/\/taizyagromachine.com\/fr\/wp-json\/wp\/v2\/users\/1"}],"wp:featuredmedia":[{"embeddable":true,"href":"https:\/\/taizyagromachine.com\/fr\/wp-json\/wp\/v2\/media\/6543"}],"wp:attachment":[{"href":"https:\/\/taizyagromachine.com\/fr\/wp-json\/wp\/v2\/media?parent=6542"}],"wp:term":[{"taxonomy":"post_tag","embeddable":true,"href":"https:\/\/taizyagromachine.com\/fr\/wp-json\/wp\/v2\/tags?post=6542"},{"taxonomy":"product-type","embeddable":true,"href":"https:\/\/taizyagromachine.com\/fr\/wp-json\/wp\/v2\/product-type?post=6542"}],"curies":[{"name":"wp","href":"https:\/\/api.w.org\/{rel}","templated":true}]}}