{"id":6571,"date":"2024-02-22T17:50:35","date_gmt":"2024-02-22T09:50:35","guid":{"rendered":"https:\/\/taizyagromachine.com\/?post_type=product&#038;p=6571"},"modified":"2024-02-22T17:52:05","modified_gmt":"2024-02-22T09:52:05","slug":"tmr-feed-mixer-silage-mixer","status":"publish","type":"product","link":"https:\/\/taizyagromachine.com\/fr\/product\/tmr-feed-mixer-silage-mixer\/","title":{"rendered":"M\u00e9langeur d'aliments TMR pour le m\u00e9lange d'aliments pour animaux | M\u00e9langeuse \u00e0 ensilage"},"content":{"rendered":"<p class=\"translation-block\">TMR <strong>m\u00e9langeur d\u2019alimentation<\/strong>, aussi appel\u00e9 m\u00e9langeur TMR, est un type d\u2019\u00e9quipement de traitement de l\u2019alimentation qui int\u00e8gre le broyage, le m\u00e9lange et l\u2019homog\u00e9n\u00e9isation. \u00c0 pr\u00e9sent, il est principalement utilis\u00e9 dans les fermes bovines, les \u00e9levages ovin et autres fermes d\u2019animaux. <\/p>    <p>Selon les diff\u00e9rents volumes des cabines de m\u00e9lange, chaque m\u00e9langeur d'aliments peut nourrir 200 \u00e0 2 000 vaches par jour, ce qui peut remplacer le travail de plus de 20 travailleurs, r\u00e9duire l'intensit\u00e9 de travail des travailleurs, \u00e9conomiser consid\u00e9rablement de la main-d'\u0153uvre et des ressources financi\u00e8res et am\u00e9liorer l'efficacit\u00e9 de l'alimentation. .<\/p>    <p>Sur la base de la structure de conception, nous classons ce m\u00e9langeur d'aliments pour b\u00e9tail en m\u00e9langeur d'aliments horizontal et m\u00e9langeur d'aliments vertical. Selon les m\u00e9thodes utilis\u00e9es, il existe un m\u00e9langeur d'ensilage fixe et un m\u00e9langeur RTM mobile. Int\u00e9ress\u00e9? bienvenue \u00e0 nous contacter pour plus de d\u00e9tails sur la machine\u00a0!<\/p>    <h2 class=\"wp-block-heading\"><strong>Types de m\u00e9langeurs d'aliments pour b\u00e9tail \u00e0 vendre<\/strong><\/h2>    <p class=\"translation-block\"><strong>M\u00e9langeur d\u2019alimentation vertical \u00e0 vendre<\/strong><\/p>    <p>Ce type de machine est principalement utilis\u00e9 pour le m\u00e9lange et l'agitation de poudres et de mat\u00e9riaux granulaires, utilisant une structure d'arbre vertical, une lame en spirale soulevant le mat\u00e9riau pour un m\u00e9lange forc\u00e9, occupe une petite surface, est facile \u00e0 alimenter et convient \u00e0 la production \u00e0 petite et moyenne \u00e9chelle.<\/p>    <figure class=\"wp-block-gallery aligncenter has-nested-images columns-default is-cropped wp-block-gallery-2 is-layout-flex wp-block-gallery-is-layout-flex\"> <figure class=\"wp-block-image size-large\"><img loading=\"lazy\" decoding=\"async\" width=\"720\" height=\"540\" data-id=\"6572\" src=\"https:\/\/taizyagromachine.com\/wp-content\/uploads\/2024\/02\/feed-mixing-equipment.webp\" alt=\"\u00e9quipement de m\u00e9lange d&#039;aliments\" class=\"wp-image-6572\"\/><figcaption class=\"wp-element-caption\">\u00e9quipement de m\u00e9lange d'aliments<\/figcaption><\/figure>    <figure class=\"wp-block-image size-large\"><img loading=\"lazy\" decoding=\"async\" width=\"720\" height=\"540\" data-id=\"6573\" src=\"https:\/\/taizyagromachine.com\/wp-content\/uploads\/2024\/02\/internal-structure-of-vertical-TMR-mixer.webp\" alt=\"structure interne du m\u00e9langeur TMR vertical\" class=\"wp-image-6573\"\/><figcaption class=\"wp-element-caption\">structure interne du m\u00e9langeur TMR vertical<\/figcaption><\/figure> <\/figure>    <p class=\"translation-block\"><strong>M\u00e9langeur d\u2019alimentation horizontal pour bovins<\/strong><\/p>    <p>Il convient au m\u00e9lange uniforme de divers aliments pour animaux, mati\u00e8res premi\u00e8res chimiques, etc. Il se caract\u00e9rise par la conception de courroies ou de palettes en spirale \u00e0 double couche dans le cylindre horizontal, ce qui garantit que les mat\u00e9riaux sont enti\u00e8rement m\u00e9lang\u00e9s et contiennent moins de r\u00e9sidus, et il convient au fonctionnement continu de grandes quantit\u00e9s.<\/p>    <figure class=\"wp-block-gallery aligncenter has-nested-images columns-default is-cropped wp-block-gallery-3 is-layout-flex wp-block-gallery-is-layout-flex\"> <figure class=\"wp-block-image size-large\"><img loading=\"lazy\" decoding=\"async\" width=\"720\" height=\"540\" data-id=\"6579\" src=\"https:\/\/taizyagromachine.com\/wp-content\/uploads\/2024\/02\/animal-feed-mixer-for-sale.webp\" alt=\"m\u00e9langeur d&#039;aliments pour animaux \u00e0 vendre\" class=\"wp-image-6579\"\/><figcaption class=\"wp-element-caption\">m\u00e9langeur d'aliments pour animaux \u00e0 vendre<\/figcaption><\/figure>    <figure class=\"wp-block-image size-large\"><img loading=\"lazy\" decoding=\"async\" width=\"720\" height=\"540\" data-id=\"6580\" src=\"https:\/\/taizyagromachine.com\/wp-content\/uploads\/2024\/02\/horizontal-TMR-mixer-for-cattle-feed.webp\" alt=\"m\u00e9langeur RTM horizontal pour l&#039;alimentation du b\u00e9tail\" class=\"wp-image-6580\"\/><figcaption class=\"wp-element-caption\">m\u00e9langeur RTM horizontal pour l'alimentation du b\u00e9tail<\/figcaption><\/figure> <\/figure>    <p class=\"translation-block\"><strong>M\u00e9langeur d\u2019alimentation personnalis\u00e9 avec distribution<\/strong><\/p>    <p class=\"translation-block\">Similaire au <a href=\"https:\/\/taizyagromachine.com\/fr\/product\/silage-spreader-feed-spreader-mixer\/\">m\u00e9langeur \u00e9pandeur<\/a>, celui-ci est con\u00e7u et fabriqu\u00e9 selon les exigences sp\u00e9ciales du client, combinant les fonctions int\u00e9gr\u00e9es d'alimentation, de m\u00e9lange et d'\u00e9pandage, ce qui permet un dosage pr\u00e9cis et un m\u00e9lange efficace, largement utilis\u00e9 dans les lignes de production personnalis\u00e9es. <\/p>    <figure class=\"wp-block-gallery aligncenter has-nested-images columns-default is-cropped wp-block-gallery-4 is-layout-flex wp-block-gallery-is-layout-flex\"> <figure class=\"wp-block-image size-large\"><img loading=\"lazy\" decoding=\"async\" width=\"720\" height=\"540\" data-id=\"6583\" src=\"https:\/\/taizyagromachine.com\/wp-content\/uploads\/2024\/02\/customized-silage-feeder-mixer.webp\" alt=\"M\u00e9langeuse \u00e0 ensilage personnalis\u00e9e\" class=\"wp-image-6583\"\/><figcaption class=\"wp-element-caption\">M\u00e9langeuse \u00e0 ensilage personnalis\u00e9e<\/figcaption><\/figure>    <figure class=\"wp-block-image size-large\"><img loading=\"lazy\" decoding=\"async\" width=\"720\" height=\"540\" data-id=\"6584\" src=\"https:\/\/taizyagromachine.com\/wp-content\/uploads\/2024\/02\/machine-with-mixing-and-feeding-function.webp\" alt=\"machine avec fonction de m\u00e9lange et d&#039;alimentation\" class=\"wp-image-6584\"\/><figcaption class=\"wp-element-caption\">machine avec fonction de m\u00e9lange et d'alimentation<\/figcaption><\/figure> <\/figure>    <h2 class=\"wp-block-heading\"><strong>Param\u00e8tres techniques de la m\u00e9langeuse d'ensilage pour bovins<\/strong><\/h2>    <figure class=\"wp-block-table\"><table><tbody><tr><td>Mod\u00e8le<\/td><td>TMR-5<\/td><td>RMT-9<\/td><td>RMT-12<\/td><\/tr><tr><td>Capacit\u00e9 (m\u00b3)<\/td><td>5<\/td><td>9<\/td><td>12<\/td><\/tr><tr><td>Vitesse de la tari\u00e8re (R\/min)<\/td><td>23.5<\/td><td>23.5<\/td><td>23.5<\/td><\/tr><tr><td>poids (kg)<\/td><td>1600<\/td><td>3300<\/td><td>4500<\/td><\/tr><tr><td>Dimensions (mm)<\/td><td>3930*1850*2260<\/td><td>4820*2130*2480<\/td><td>5600*2400*2500<\/td><\/tr><tr><td>Forme structurelle<\/td><td>Fix\u00e9<\/td><td>Fix\u00e9<\/td><td>Mobile<\/td><\/tr><tr><td>Puissance adapt\u00e9e (kW)<\/td><td>11-15<\/td><td>22-30<\/td><td>50-75<\/td><\/tr><tr><td>Quantit\u00e9 de lame (pi\u00e8ces)<\/td><td>Lames fixes : 7<br>Lames mobiles : 34 <\/td><td>Lames fixes : 9<br>Lames mobiles : 56<\/td><td>totalement 192<\/td><\/tr><\/tbody><\/table><figcaption class=\"wp-element-caption\">Sp\u00e9cifications de la m\u00e9langeuse d'ensilage pour bovins<\/figcaption><\/figure>    <h2 class=\"wp-block-heading\"><strong>Principe de fonctionnement du wagon malaxeur<\/strong><\/h2>    <p>La m\u00e9langeuse \u00e0 ration compl\u00e8te TMR est principalement compos\u00e9e d'une ou deux vis. Les tari\u00e8res en spirale sont divis\u00e9es en gauche et droite. Pendant le m\u00e9lange, les mat\u00e9riaux tournent et sont m\u00e9lang\u00e9s simultan\u00e9ment des deux extr\u00e9mit\u00e9s du wagon m\u00e9langeur jusqu'au milieu du m\u00e9langeur.<\/p>    <figure class=\"wp-block-gallery aligncenter has-nested-images columns-default is-cropped wp-block-gallery-5 is-layout-flex wp-block-gallery-is-layout-flex\"> <figure class=\"wp-block-image size-large\"><img loading=\"lazy\" decoding=\"async\" width=\"720\" height=\"540\" data-id=\"6581\" src=\"https:\/\/taizyagromachine.com\/wp-content\/uploads\/2024\/02\/internal-of-TMR-mixer-machine.webp\" alt=\"interne du m\u00e9langeur TMR\" class=\"wp-image-6581\"\/><figcaption class=\"wp-element-caption\">interne du m\u00e9langeur TMR<\/figcaption><\/figure>    <figure class=\"wp-block-image size-large\"><img loading=\"lazy\" decoding=\"async\" width=\"720\" height=\"540\" data-id=\"6582\" src=\"https:\/\/taizyagromachine.com\/wp-content\/uploads\/2024\/02\/working-core-of-cattle-feed-mixing-plant.webp\" alt=\"Noyau de travail de l&#039;usine de m\u00e9lange d&#039;aliments pour b\u00e9tail\" class=\"wp-image-6582\"\/><figcaption class=\"wp-element-caption\">Noyau de travail de l'usine de m\u00e9lange d'aliments pour b\u00e9tail<\/figcaption><\/figure> <\/figure>    <p>Chaque avance en spirale sur le corps en spirale de la vis sans fin est \u00e9quip\u00e9e d'une lame mobile, qui effectue un travail de coupe avec les dents fixes sur la ligne centrale du m\u00e9langeur d'alimentation. Il coupe et m\u00e9lange les diff\u00e9rents fourrages fibreux et pailles qui les traversent, de mani\u00e8re \u00e0 obtenir un broyage et un m\u00e9lange uniformes avec l'effet d'une alimentation en ration enti\u00e8rement m\u00e9lang\u00e9e.<\/p>    <h2 class=\"wp-block-heading\"><strong>Avantages du m\u00e9langeur TMR \u00e0 vendre<\/strong><\/h2>    <ul class=\"wp-block-list\"> <li>Conception avanc\u00e9e et raisonnable et le fond du silo d'alimentation est en acier alli\u00e9 de haute qualit\u00e9, adapt\u00e9 \u00e0 un fonctionnement dans n'importe quel environnement, \u00e0 un travail s\u00fbr et fiable.<\/li>    <li>La lame de coupe est fabriqu\u00e9e dans un mat\u00e9riau hautement r\u00e9sistant \u00e0 l'usure avec un excellent savoir-faire et un acier hautement alli\u00e9 de haute qualit\u00e9, ce qui am\u00e9liore consid\u00e9rablement la dur\u00e9e de vie et l'efficacit\u00e9 de travail du produit.<\/li>    <li>Flexible et pratique, s\u00fbr et fiable.<\/li>    <li>Il peut directement mettre de l'ensilage et divers types de bottes de paille, de paille et d'autres aliments fibreux dans la cabine de m\u00e9lange pour \u00eatre hach\u00e9s et m\u00e9lang\u00e9s, et la vitesse de m\u00e9lange est rapide.<\/li>    <li><\/li> <\/ul>    <figure class=\"wp-block-gallery aligncenter has-nested-images columns-default is-cropped wp-block-gallery-6 is-layout-flex wp-block-gallery-is-layout-flex\"> <figure class=\"wp-block-image size-large\"><img loading=\"lazy\" decoding=\"async\" width=\"540\" height=\"720\" data-id=\"6578\" src=\"https:\/\/taizyagromachine.com\/wp-content\/uploads\/2024\/02\/strengths-of-feed-mixing-machine.webp\" alt=\"points forts du m\u00e9langeur d&#039;aliments\" class=\"wp-image-6578\"\/><figcaption class=\"wp-element-caption\">points forts du m\u00e9langeur d'aliments<\/figcaption><\/figure>    <figure class=\"wp-block-image size-large\"><img loading=\"lazy\" decoding=\"async\" width=\"540\" height=\"720\" data-id=\"6577\" src=\"https:\/\/taizyagromachine.com\/wp-content\/uploads\/2024\/02\/internal-display-of-small-tmr-mixer.webp\" alt=\"affichage interne du petit m\u00e9langeur TMR\" class=\"wp-image-6577\"\/><figcaption class=\"wp-element-caption\">affichage interne du petit m\u00e9langeur TMR<\/figcaption><\/figure>    <figure class=\"wp-block-image size-large\"><img loading=\"lazy\" decoding=\"async\" width=\"540\" height=\"720\" data-id=\"6576\" src=\"https:\/\/taizyagromachine.com\/wp-content\/uploads\/2024\/02\/finer-silage-produced-by-cattle-feed-mixers.webp\" alt=\"ensilage plus fin produit par des m\u00e9langeurs d&#039;aliments pour b\u00e9tail\" class=\"wp-image-6576\"\/><figcaption class=\"wp-element-caption\">ensilage plus fin produit par des m\u00e9langeurs d'aliments pour b\u00e9tail<\/figcaption><\/figure> <\/figure>    <h2 class=\"wp-block-heading\"><strong>Animaux applicables de la machine de fabrication d'aliments pour bovins laitiers<\/strong><\/h2>    <p>Notre m\u00e9langeur de fourrage convient \u00e0 l'alimentation des bovins, des vaches, des moutons, des porcs, des lapins, etc., en particulier pour l'\u00e9levage ou l'\u00e9levage. <\/p>   <div class=\"wp-block-image\"> <figure class=\"aligncenter size-full\"><img loading=\"lazy\" decoding=\"async\" width=\"540\" height=\"720\" src=\"https:\/\/taizyagromachine.com\/wp-content\/uploads\/2024\/02\/applications-of-silage-mixing-machine.webp\" alt=\"applications du malaxeur d&#039;ensilage\" class=\"wp-image-6575\"\/><figcaption class=\"wp-element-caption\">applications du malaxeur d'ensilage<\/figcaption><\/figure> <\/div>   <h2 class=\"wp-block-heading\"><strong>Pourquoi utiliser le m\u00e9langeur d'aliments pour animaux TMR pour m\u00e9langer l'ensilage\u00a0?<\/strong><\/h2>    <ul class=\"wp-block-list\"> <li>Capacit\u00e9 \u00e0 fournir suffisamment de nutriments pour r\u00e9pondre aux besoins nutritionnels des vaches et augmenter la production de lait\u00a0;<\/li>    <li>Augmenter la consommation de mati\u00e8re s\u00e8che des vaches, exclure la s\u00e9lection s\u00e9lective des vaches pour un certain type d'aliment, ce qui contribue \u00e0 minimiser le co\u00fbt de formulation des aliments\u00a0;<\/li>    <li>R\u00e9duit consid\u00e9rablement l'apparition occasionnelle d'oligo-\u00e9l\u00e9ments, de carences en vitamines ou d'intoxications\u00a0;<\/li>    <li>R\u00e9duire l'incidence des maladies des vaches et augmenter le taux de reproduction des vaches laiti\u00e8res\u00a0;<\/li>    <li>Gain consid\u00e9rable de temps de travail et am\u00e9lioration de l'efficacit\u00e9 \u00e9conomique.<\/li> <\/ul>    <h2 class=\"wp-block-heading\"><strong>Qu'en est-il du prix du m\u00e9langeur d'ensilage\u00a0?<\/strong><\/h2>    <p>Le prix varie en fonction de facteurs tels que les sp\u00e9cifications du mod\u00e8le, la capacit\u00e9 de traitement, le degr\u00e9 d'automatisation et les exigences de personnalisation. Vous pouvez contacter notre \u00e9quipe commerciale pour un devis de produit d\u00e9taill\u00e9 et un programme de service d'assistance afin de vous assurer que vous investissez dans un \u00e9quipement de m\u00e9lange d'ensilage satisfaisant \u00e0 un prix raisonnable.<\/p>    <h2 class=\"wp-block-heading\"><strong>Contactez-nous pour plus de d\u00e9tails sur la machine\u00a0!<\/strong><\/h2>    <p class=\"translation-block\">Vous souhaitez rendre votre <a href=\"https:\/\/en.wikipedia.org\/wiki\/Animal_feed\" target=\"_blank\" rel=\"noopener\">alimentation<\/a> plus adapt\u00e9e aux animaux ? Contactez-nous, notre m\u00e9langeur d\u2019alimentation peut vous aider \u00e0 mieux atteindre cet objectif. Contactez-nous, nous vous proposerons la meilleure offre en fonction de vos besoins.<\/p>","protected":false},"excerpt":{"rendered":"<p>TMR feed mixer, also called TMR mixer, is a kind of feed processing equipment integrating crushing, mixing and blending. At present, it is mostly used in cattle farms, sheep farms and other animal farms. According to the different volumes of mixing cabins, each feed mixer can feed 200-2000 cows per day, which can replace the [&hellip;]<\/p>\n","protected":false},"author":1,"featured_media":6574,"parent":0,"template":"","tags":[],"product-type":[19],"class_list":["post-6571","product","type-product","status-publish","has-post-thumbnail","hentry","product-type-silage-machine"],"_links":{"self":[{"href":"https:\/\/taizyagromachine.com\/fr\/wp-json\/wp\/v2\/product\/6571","targetHints":{"allow":["GET"]}}],"collection":[{"href":"https:\/\/taizyagromachine.com\/fr\/wp-json\/wp\/v2\/product"}],"about":[{"href":"https:\/\/taizyagromachine.com\/fr\/wp-json\/wp\/v2\/types\/product"}],"author":[{"embeddable":true,"href":"https:\/\/taizyagromachine.com\/fr\/wp-json\/wp\/v2\/users\/1"}],"wp:featuredmedia":[{"embeddable":true,"href":"https:\/\/taizyagromachine.com\/fr\/wp-json\/wp\/v2\/media\/6574"}],"wp:attachment":[{"href":"https:\/\/taizyagromachine.com\/fr\/wp-json\/wp\/v2\/media?parent=6571"}],"wp:term":[{"taxonomy":"post_tag","embeddable":true,"href":"https:\/\/taizyagromachine.com\/fr\/wp-json\/wp\/v2\/tags?post=6571"},{"taxonomy":"product-type","embeddable":true,"href":"https:\/\/taizyagromachine.com\/fr\/wp-json\/wp\/v2\/product-type?post=6571"}],"curies":[{"name":"wp","href":"https:\/\/api.w.org\/{rel}","templated":true}]}}