{"id":7010,"date":"2024-08-23T17:50:53","date_gmt":"2024-08-23T09:50:53","guid":{"rendered":"https:\/\/taizyagromachine.com\/?post_type=product&#038;p=7010"},"modified":"2025-04-02T16:54:55","modified_gmt":"2025-04-02T08:54:55","slug":"silage-cutting-machine","status":"publish","type":"product","link":"https:\/\/taizyagromachine.com\/fr\/product\/silage-cutting-machine\/","title":{"rendered":"Machine de d\u00e9coupe d'ensilage pour la fabrication de fourrage"},"content":{"rendered":"<p class=\"translation-block\">Notre <strong>machine de coupe d'ensilage<\/strong> est utilis\u00e9e pour couper et broyer des pailles s\u00e8ches et humides, de l'herbe, des tiges de ma\u00efs, des pailles de sorgho, du foin, etc. en herbe fine (longueur de 10 \u00e0 180 mm et largeur de \u226410 mm) pour nourrir les animaux. Sa capacit\u00e9 varie de 4 t\/h \u00e0 15 t\/h.<\/p>    <p>Cette machine de d\u00e9coupe de paillettes peut utiliser un moteur \u00e9lectrique ou un moteur diesel comme syst\u00e8me d'alimentation. Il fonctionne g\u00e9n\u00e9ralement avec la presse \u00e0 balles d'ensilage de ma\u00efs pour la fabrication et l'emballage de l'ensilage. <\/p>    <p>La machine pr\u00e9sente l'avantage d'un rendement \u00e9lev\u00e9, d'une bonne qualit\u00e9 et de larges applications. Ainsi, il est largement utilis\u00e9 dans les fermes d\u2019\u00e9levage et d\u2019\u00e9levage. <\/p>    <figure class=\"wp-block-embed is-type-video is-provider-youtube wp-block-embed-youtube wp-embed-aspect-16-9 wp-has-aspect-ratio\"><div class=\"wp-block-embed__wrapper\"> <iframe loading=\"lazy\" title=\"Traitement efficace de l&#039;ensilage : tondeuse \u00e0 gazon | Machine \u00e0 couper les paillettes pour la fabrication d&#039;ensilage #silage\" width=\"500\" height=\"281\" src=\"https:\/\/www.youtube.com\/embed\/6nuLWAJHJj8?feature=oembed\" frameborder=\"0\" allow=\"accelerometer; autoplay; clipboard-write; encrypted-media; gyroscope; picture-in-picture; web-share\" referrerpolicy=\"strict-origin-when-cross-origin\" allowfullscreen><\/iframe> <\/div><figcaption class=\"wp-element-caption\">vid\u00e9o de la machine de d\u00e9coupe des paillettes d'ensilage<\/figcaption><\/figure>    <h2 class=\"wp-block-heading\"><strong>Avantages de la machine de coupe d'ensilage<\/strong><\/h2>    <ul class=\"wp-block-list\"> <li><strong>Production de 4-15t\/h<\/strong>. Notre machine de d\u00e9coupe d'ensilage peut broyer des mati\u00e8res premi\u00e8res d'ensilage de 4 \u00e0 15 t\/h, ce qui est efficace.<\/li>    <li><strong>Lames en acier alli\u00e9<\/strong>. Les lames de la machine sont faites de mat\u00e9riaux de haute qualit\u00e9, durables. <\/li>    <li><strong>Hacher les tiges s\u00e8ches et humides, l'herbe, le foin, la luzerne, etc.<\/strong>. Ce coupe-paille a une large gamme d'applications et peut couper des tiges, de l'herbe, du foin, des pailles, etc.<\/li>    <li><strong>Facile \u00e0 d\u00e9placer<\/strong>. La coupeuse de fourrage Taizy est \u00e9quip\u00e9e de petites roues, tr\u00e8s faciles \u00e0 d\u00e9placer.<\/li> <\/ul>   <div class=\"wp-block-image\"> <figure class=\"aligncenter size-full\"><img loading=\"lazy\" decoding=\"async\" width=\"720\" height=\"540\" src=\"https:\/\/taizyagromachine.com\/wp-content\/uploads\/2024\/08\/silage-cutter-machine-for-sale.webp\" alt=\"machine de coupe d&#039;ensilage \u00e0 vendre\" class=\"wp-image-7017\" srcset=\"https:\/\/taizyagromachine.com\/wp-content\/uploads\/2024\/08\/silage-cutter-machine-for-sale.webp 720w, https:\/\/taizyagromachine.com\/wp-content\/uploads\/2024\/08\/silage-cutter-machine-for-sale-16x12.webp 16w\" sizes=\"auto, (max-width: 720px) 100vw, 720px\" \/><figcaption class=\"wp-element-caption\">machine de coupe d'ensilage \u00e0 vendre<\/figcaption><\/figure> <\/div>   <h2 class=\"wp-block-heading\"><strong>Donn\u00e9es techniques du broyeur d'ensilage de ma\u00efs<\/strong><\/h2>    <figure class=\"wp-block-table\"><table class=\"has-fixed-layout\"><tbody><tr><td>Mod\u00e8le<\/td><td>9RSZ-4<\/td><td>9RSZ-6<\/td><td>9RSZ-10<\/td><td>9RSZ-15<\/td><\/tr><tr><td>Pouvoir<\/td><td>7,5 kW<\/td><td>15+2,2 kW<\/td><td>22+3kw<\/td><td>30+5,5kw<\/td><\/tr><tr><td>Vitesse de l'arbre principal<\/td><td>2860 tr\/min<\/td><td>2860 tr\/min<\/td><td>2860 tr\/min<\/td><td>2100 tr\/min<\/td><\/tr><tr><td>Capacit\u00e9<\/td><td>4 t\/h<\/td><td>6 t\/h<\/td><td>10 t\/h<\/td><td>15 t\/h<\/td><\/tr><tr><td>Quantit\u00e9 de lames<\/td><td>32 pi\u00e8ces<\/td><td>40 pi\u00e8ces<\/td><td>48 pi\u00e8ces<\/td><td>64 pi\u00e8ces<\/td><\/tr><tr><td>Mat\u00e9riau des lames<\/td><td>Acier alli\u00e9<\/td><td>Acier alli\u00e9<\/td><td>Acier alli\u00e9<\/td><td>Acier alli\u00e9<\/td><\/tr><tr><td>Largeur d'alimentation<\/td><td>240 mm<\/td><td>300mm<\/td><td>500 mm<\/td><td>800mm<\/td><\/tr><tr><td>Longueur de la cha\u00eene d'alimentation<\/td><td>\u22652300mm<\/td><td>\u22652300mm<\/td><td>\u22652300mm<\/td><td>\u22652300mm<\/td><\/tr><tr><td>Dimension(L*L*H)<\/td><td>2000*750*800mm<\/td><td>3000*900*1050mm<\/td><td>3600*930*1240mm<\/td><td>4200*1170*1250mm<\/td><\/tr><tr><td>Poids<\/td><td>300 kg<\/td><td>980 kg<\/td><td>1100 kg<\/td><td>1400 kg<\/td><\/tr><\/tbody><\/table><figcaption class=\"wp-element-caption\">param\u00e8tres de la machine de coupe-paille d'ensilage<\/figcaption><\/figure>    <p>Comme vous pouvez le voir dans le tableau ci-dessus, nous avons quatre types de p\u00e9trins \u00e0 vendre, 9RSZ-4, 9RSZ-6, 9RSZ-10 et 9RSZ-15. Vous pouvez \u00e9galement conna\u00eetre le rendement, le nombre de lames, le mat\u00e9riau, etc. Si vous souhaitez en savoir plus, n'h\u00e9sitez pas \u00e0 nous contacter\u00a0!<\/p>    <figure class=\"wp-block-gallery has-nested-images columns-default is-cropped wp-block-gallery-2 is-layout-flex wp-block-gallery-is-layout-flex\"> <figure class=\"wp-block-image size-large\"><img loading=\"lazy\" decoding=\"async\" width=\"720\" height=\"720\" data-id=\"7019\" src=\"https:\/\/taizyagromachine.com\/wp-content\/uploads\/2024\/08\/corn-silage-chopper-machine.webp\" alt=\"machine de hachoir d&#039;ensilage de ma\u00efs\" class=\"wp-image-7019\" srcset=\"https:\/\/taizyagromachine.com\/wp-content\/uploads\/2024\/08\/corn-silage-chopper-machine.webp 720w, https:\/\/taizyagromachine.com\/wp-content\/uploads\/2024\/08\/corn-silage-chopper-machine-12x12.webp 12w\" sizes=\"auto, (max-width: 720px) 100vw, 720px\" \/><figcaption class=\"wp-element-caption\">machine de hachoir d'ensilage de ma\u00efs<\/figcaption><\/figure>    <figure class=\"wp-block-image size-large\"><img loading=\"lazy\" decoding=\"async\" width=\"720\" height=\"720\" data-id=\"7020\" src=\"https:\/\/taizyagromachine.com\/wp-content\/uploads\/2024\/08\/silage-chaff-cutting-machine.webp\" alt=\"machine de d\u00e9coupe de paillettes d&#039;ensilage\" class=\"wp-image-7020\" srcset=\"https:\/\/taizyagromachine.com\/wp-content\/uploads\/2024\/08\/silage-chaff-cutting-machine.webp 720w, https:\/\/taizyagromachine.com\/wp-content\/uploads\/2024\/08\/silage-chaff-cutting-machine-12x12.webp 12w\" sizes=\"auto, (max-width: 720px) 100vw, 720px\" \/><figcaption class=\"wp-element-caption\">machine de d\u00e9coupe de paillettes d'ensilage<\/figcaption><\/figure> <\/figure>    <h2 class=\"wp-block-heading\"><strong>Structure de la machine \u00e0 hacher l'ensilage Taizy<\/strong><\/h2>    <p>Notre machine de d\u00e9coupe d'ensilage se compose d'une entr\u00e9e d'alimentation, d'un dispositif de coupe et de p\u00e9trissage, d'une sortie de d\u00e9charge et d'un syst\u00e8me de transmission.<\/p>    <ul class=\"wp-block-list\"> <li>Cette machine adopte un dispositif d'alimentation automatique \u00e0 cha\u00eene, adapt\u00e9 aux fourrages de long diam\u00e8tre. Il peut nourrir l'herbe de mani\u00e8re uniforme et continue, \u00e9conomisant ainsi du travail et r\u00e9duisant l'intensit\u00e9 du travail de l'op\u00e9rateur.<\/li>    <li>Notre machine \u00e0 hacher le fourrage adopte une double paire de rouleaux presseurs pour aspirer et couper l'herbe, ce qui am\u00e9liore l'effet de p\u00e9trissage. L'alimentation est fluide et sans blocage, ce qui am\u00e9liore l'efficacit\u00e9 du travail.<\/li>    <li>La machine est \u00e9quip\u00e9e de roues amovibles pour un d\u00e9placement facile.<\/li> <\/ul>    <figure class=\"wp-block-gallery has-nested-images columns-default is-cropped wp-block-gallery-3 is-layout-flex wp-block-gallery-is-layout-flex\"> <figure class=\"wp-block-image size-full\"><img loading=\"lazy\" decoding=\"async\" width=\"720\" height=\"720\" data-id=\"7024\" src=\"https:\/\/taizyagromachine.com\/wp-content\/uploads\/2024\/08\/machine-feeding-chain.webp\" alt=\"cha\u00eene d&#039;alimentation de machine\" class=\"wp-image-7024\" srcset=\"https:\/\/taizyagromachine.com\/wp-content\/uploads\/2024\/08\/machine-feeding-chain.webp 720w, https:\/\/taizyagromachine.com\/wp-content\/uploads\/2024\/08\/machine-feeding-chain-12x12.webp 12w\" sizes=\"auto, (max-width: 720px) 100vw, 720px\" \/><figcaption class=\"wp-element-caption\">cha\u00eene d'alimentation de machine<\/figcaption><\/figure>    <figure class=\"wp-block-image size-full\"><img loading=\"lazy\" decoding=\"async\" width=\"720\" height=\"720\" data-id=\"7023\" src=\"https:\/\/taizyagromachine.com\/wp-content\/uploads\/2024\/08\/internal-parts-of-silage-making-machine.webp\" alt=\"parties internes de la machine de fabrication d&#039;ensilage\" class=\"wp-image-7023\" srcset=\"https:\/\/taizyagromachine.com\/wp-content\/uploads\/2024\/08\/internal-parts-of-silage-making-machine.webp 720w, https:\/\/taizyagromachine.com\/wp-content\/uploads\/2024\/08\/internal-parts-of-silage-making-machine-12x12.webp 12w\" sizes=\"auto, (max-width: 720px) 100vw, 720px\" \/><figcaption class=\"wp-element-caption\">parties internes de la machine de fabrication d'ensilage<\/figcaption><\/figure> <\/figure>    <h2 class=\"wp-block-heading\"><strong>Comment fonctionne la d\u00e9coupeuse d'ensilage de ma\u00efs ?<\/strong><\/h2>    <p>Apr\u00e8s avoir compris la structure de la machine, voyons comment la machine fonctionne.<\/p>    <ul class=\"wp-block-list\"> <li>Tout d\u2019abord, d\u00e9marrez le moteur du rotor. Une fois que la machine fonctionne correctement, d\u00e9marrez le moteur r\u00e9ducteur du m\u00e9canisme d'alimentation automatique. Le dispositif d'alimentation automatique commence \u00e0 fonctionner.<\/li>    <li>Ensuite, l'op\u00e9rateur r\u00e9partit uniform\u00e9ment la paille sur la cad\u00e8ne d'alimentation automatique.<\/li>    <li>Ensuite, le mat\u00e9riau est frapp\u00e9, d\u00e9chir\u00e9 et malax\u00e9 en formes de soie par les marteaux \u00e0 grande vitesse et les plaques de p\u00e9trissage fixes.<\/li>    <li>Enfin, les produits finis sont \u00e9ject\u00e9s de la machine par la force centrifuge.<\/li> <\/ul>    <h2 class=\"wp-block-heading\"><strong>Quel est le prix de la hacheuse d'ensilage\u00a0?<\/strong><\/h2>    <p>Le prix de la d\u00e9sileuse est affect\u00e9 par plusieurs facteurs, notamment le mod\u00e8le de la machine, la configuration fonctionnelle, la taille de la capacit\u00e9 et la marque. Lors de l\u2019achat, vous devez combiner vos besoins sp\u00e9cifiques et votre budget pour choisir le produit le plus rentable.<\/p>    <p>Si vous souhaitez un devis d\u00e9taill\u00e9, n'h\u00e9sitez pas \u00e0 nous contacter pour plus d'informations sur la machine\u00a0!<\/p>   <div class=\"wp-block-image\"> <figure class=\"aligncenter size-full\"><img loading=\"lazy\" decoding=\"async\" width=\"720\" height=\"540\" src=\"https:\/\/taizyagromachine.com\/wp-content\/uploads\/2024\/08\/grass-cutting-machine-for-silage-making.webp\" alt=\"machine de coupe d&#039;herbe pour la fabrication d&#039;ensilage\" class=\"wp-image-7021\" srcset=\"https:\/\/taizyagromachine.com\/wp-content\/uploads\/2024\/08\/grass-cutting-machine-for-silage-making.webp 720w, https:\/\/taizyagromachine.com\/wp-content\/uploads\/2024\/08\/grass-cutting-machine-for-silage-making-16x12.webp 16w\" sizes=\"auto, (max-width: 720px) 100vw, 720px\" \/><figcaption class=\"wp-element-caption\">machine de coupe d'herbe pour la fabrication d'ensilage<\/figcaption><\/figure> <\/div>   <h2 class=\"wp-block-heading\"><strong>Conseils pour s\u00e9lectionner une machine de coupe de foin adapt\u00e9e<\/strong><\/h2>    <p>Lors du choix de la bonne machine d'ensilage, vous devez prendre en compte les points suivants :<\/p>    <ul class=\"wp-block-list\"> <li>Besoins op\u00e9rationnels (par exemple longueur de coupe, capacit\u00e9)<\/li>    <li>Durabilit\u00e9 et entretien facile de la machine<\/li>    <li>Si le service apr\u00e8s-vente est parfait<\/li> <\/ul>    <p>Choisissez la meilleure tondeuse \u00e0 gazon en tenant compte de ce qui pr\u00e9c\u00e8de.<\/p>    <h2 class=\"wp-block-heading\"><strong>Ensileuses assorties<\/strong><\/h2>    <p class=\"translation-block\">En tant que fabricant et fournisseur professionnel de machines d'ensilage, nous sommes dans cette industrie depuis des d\u00e9cennies. Selon notre exp\u00e9rience, les clients l'ach\u00e8tent g\u00e9n\u00e9ralement avec une <a href=\"https:\/\/taizyagromachine.com\/fr\/product\/silage-baler\/\">machine d'ensilage et d'enrubannage<\/a> pour la fabrication et le conditionnement d'ensilage.<\/p>    <figure class=\"wp-block-embed is-type-video is-provider-youtube wp-block-embed-youtube wp-embed-aspect-16-9 wp-has-aspect-ratio\"><div class=\"wp-block-embed__wrapper\"> <iframe loading=\"lazy\" title=\"Coupe, pressage et enrubannage efficaces de l&#039;ensilage gr\u00e2ce au coupe-balles et \u00e0 la presse \u00e0 balles rondes \u00e0 ensilage | Presse \u00e0 ma\u00efs\" width=\"500\" height=\"281\" src=\"https:\/\/www.youtube.com\/embed\/l3m4bY3Ddr8?feature=oembed\" frameborder=\"0\" allow=\"accelerometer; autoplay; clipboard-write; encrypted-media; gyroscope; picture-in-picture; web-share\" referrerpolicy=\"strict-origin-when-cross-origin\" allowfullscreen><\/iframe> <\/div><figcaption class=\"wp-element-caption\">vid\u00e9o d'un coupe-paille et d'une presse \u00e0 balles rondes d'ensilage<\/figcaption><\/figure>    <p class=\"translation-block\">En plus de cette machine de coupe d'ensilage, nous avons \u00e9galement d'autres machines de fabrication d'ensilage, telles que des <a href=\"https:\/\/taizyagromachine.com\/fr\/product\/straw-crushing-and-recycling-machine\/\">moissonneuses-hacheuses<\/a>, des coupe-fourrage et des broyeurs de c\u00e9r\u00e9ales, etc. Si vous souhaitez faire de l'<a href=\"https:\/\/en.wikipedia.org\/wiki\/Silage\" target=\"_blank\" rel=\"noopener\">ensilage<\/a>, contactez-nous d\u00e8s maintenant pour plus de d\u00e9tails !<\/p>    <figure class=\"wp-block-embed is-type-video is-provider-youtube wp-block-embed-youtube wp-embed-aspect-16-9 wp-has-aspect-ratio\"><div class=\"wp-block-embed__wrapper\"> <iframe loading=\"lazy\" title=\"Cutter \u00e0 balles de fourrage 6T \/ H pour la fabrication d&#039;ensilage | Les commentaires de l&#039;h\u00e9lice d&#039;ensilage de la ferme nig\u00e9riane pour l&#039;ensilage\" width=\"500\" height=\"281\" src=\"https:\/\/www.youtube.com\/embed\/p5lQdpx-SSk?feature=oembed\" frameborder=\"0\" allow=\"accelerometer; autoplay; clipboard-write; encrypted-media; gyroscope; picture-in-picture; web-share\" referrerpolicy=\"strict-origin-when-cross-origin\" allowfullscreen><\/iframe> <\/div><figcaption class=\"wp-element-caption\">Machine de coupe de foin fourrage<\/figcaption><\/figure>","protected":false},"excerpt":{"rendered":"<p>Notre machine de d\u00e9coupe d'ensilage est utilis\u00e9e pour couper et \u00e9craser des pailles s\u00e8ches et humides, de l'herbe, des tiges de ma\u00efs, des pailles de sorgho, du foin, etc. en herbe fine (longueur de 10 \u00e0 180 mm et largeur \u2264 10 mm) pour nourrir les animaux. Sa capacit\u00e9 varie de 4t\/h \u00e0 15t\/h.<\/p>","protected":false},"author":1,"featured_media":7012,"parent":0,"template":"","tags":[116],"product-type":[19],"class_list":["post-7010","product","type-product","status-publish","has-post-thumbnail","hentry","tag-silage","product-type-silage-machine"],"_links":{"self":[{"href":"https:\/\/taizyagromachine.com\/fr\/wp-json\/wp\/v2\/product\/7010","targetHints":{"allow":["GET"]}}],"collection":[{"href":"https:\/\/taizyagromachine.com\/fr\/wp-json\/wp\/v2\/product"}],"about":[{"href":"https:\/\/taizyagromachine.com\/fr\/wp-json\/wp\/v2\/types\/product"}],"author":[{"embeddable":true,"href":"https:\/\/taizyagromachine.com\/fr\/wp-json\/wp\/v2\/users\/1"}],"wp:featuredmedia":[{"embeddable":true,"href":"https:\/\/taizyagromachine.com\/fr\/wp-json\/wp\/v2\/media\/7012"}],"wp:attachment":[{"href":"https:\/\/taizyagromachine.com\/fr\/wp-json\/wp\/v2\/media?parent=7010"}],"wp:term":[{"taxonomy":"post_tag","embeddable":true,"href":"https:\/\/taizyagromachine.com\/fr\/wp-json\/wp\/v2\/tags?post=7010"},{"taxonomy":"product-type","embeddable":true,"href":"https:\/\/taizyagromachine.com\/fr\/wp-json\/wp\/v2\/product-type?post=7010"}],"curies":[{"name":"wp","href":"https:\/\/api.w.org\/{rel}","templated":true}]}}