{"id":7059,"date":"2024-09-25T18:30:15","date_gmt":"2024-09-25T10:30:15","guid":{"rendered":"https:\/\/taizyagromachine.com\/?post_type=product&#038;p=7059"},"modified":"2024-10-15T09:44:10","modified_gmt":"2024-10-15T01:44:10","slug":"maize-grit-plant","status":"publish","type":"product","link":"https:\/\/taizyagromachine.com\/fr\/product\/maize-grit-plant\/","title":{"rendered":"Usine de granulation de ma\u00efs enti\u00e8rement automatique"},"content":{"rendered":"<p class=\"translation-block\">L'usine de <strong>semoule de ma\u00efs Taizy<\/strong> est enti\u00e8rement automatique pour le traitement du ma\u00efs afin de produire de la semoule de ma\u00efs grande et petite et de la farine de ma\u00efs par la m\u00e9thode humide. La taille des produits finaux varie de 0,8 \u00e0 8 mm (farine de ma\u00efs ou semoule de ma\u00efs).<\/p>    <p>Cette usine de gruau de ma\u00efs adopte une m\u00e9thode de double pelage pour rendre le produit final de meilleure qualit\u00e9. De plus, dans l'ensemble de l'usine de d\u00e9germination et de broyage du ma\u00efs, le rendement d'une machine de fabrication de gruau de ma\u00efs est de 200 \u00e0 400 kg\/h. Si vous souhaitez un rendement plus \u00e9lev\u00e9, vous pouvez en \u00e9quiper davantage. Vous pouvez \u00e9galement nous consulter pour obtenir des informations plus pr\u00e9cises.<\/p>    <figure class=\"wp-block-embed is-type-video is-provider-youtube wp-block-embed-youtube wp-embed-aspect-16-9 wp-has-aspect-ratio\"><div class=\"wp-block-embed__wrapper\"> <iframe loading=\"lazy\" title=\"Traitement complet du gruau de ma\u00efs et de la farine de ma\u00efs\u00a0: nettoyage, pelage et broyage avec une machine \u00e0 gruau de ma\u00efs\" width=\"500\" height=\"281\" src=\"https:\/\/www.youtube.com\/embed\/re0Wd3-MQH4?feature=oembed\" frameborder=\"0\" allow=\"accelerometer; autoplay; clipboard-write; encrypted-media; gyroscope; picture-in-picture; web-share\" referrerpolicy=\"strict-origin-when-cross-origin\" allowfullscreen><\/iframe> <\/div><figcaption class=\"wp-element-caption\">gruau de ma\u00efs humide faisant l'usine de machines<\/figcaption><\/figure>    <h2 class=\"wp-block-heading\"><strong>Comment faire du gruau de ma\u00efs et de la farine de ma\u00efs \u00e9tape par \u00e9tape ?<\/strong><\/h2>    <p class=\"translation-block\">Les \u00e9tapes de cette usine de semoule de ma\u00efs sont : <strong>nettoyage du ma\u00efs \u2192 mouillage \u2192 pelage \u2192 mouture du ma\u00efs et fabrication de semoule<\/strong>. Nous avons l'\u00e9quipement correspondant pour r\u00e9aliser ces activit\u00e9s. Voir les d\u00e9tails ci-dessous.<\/p>   <div class=\"wp-block-image\"> <figure class=\"aligncenter size-full\"><img loading=\"lazy\" decoding=\"async\" width=\"842\" height=\"363\" src=\"https:\/\/taizyagromachine.com\/wp-content\/uploads\/2024\/09\/flow-chart-of-maize-grits-processing-plant.webp\" alt=\"organigramme de l&#039;usine de transformation de gruau de ma\u00efs\" class=\"wp-image-7073\" srcset=\"https:\/\/taizyagromachine.com\/wp-content\/uploads\/2024\/09\/flow-chart-of-maize-grits-processing-plant.webp 842w, https:\/\/taizyagromachine.com\/wp-content\/uploads\/2024\/09\/flow-chart-of-maize-grits-processing-plant-18x8.webp 18w\" sizes=\"auto, (max-width: 842px) 100vw, 842px\" \/><figcaption class=\"wp-element-caption\">organigramme de l'usine de transformation de gruau de ma\u00efs<\/figcaption><\/figure> <\/div>   <ol class=\"wp-block-list\"> <li><strong>Nettoyage du ma\u00efs<\/strong>: cette \u00e9tape consiste \u00e0 \u00e9liminer les impuret\u00e9s, cailloux, etc. du ma\u00efs.<\/li>    <li><strong>Trempage<\/strong>: apr\u00e8s le nettoyage, trempez le ma\u00efs dans l'eau pour ramollir le ma\u00efs.<\/li>    <li><strong>Peeling<\/strong>: ensuite, les peaux de ma\u00efs. C\u2019est bon pour la mouture ult\u00e9rieure du gruau de ma\u00efs et de la farine de ma\u00efs.<\/li>    <li><strong>Aff\u00fbtage<\/strong>: cette \u00e9tape consiste \u00e0 d\u00e9cortiquer \u00e0 nouveau les cosses de ma\u00efs, puis \u00e0 moudre et broyer le ma\u00efs pel\u00e9 en gruau et en farine requis.<\/li> <\/ol>    <p class=\"translation-block\"><strong>\u00c9quipement \u00e0 chaque \u00e9tape<\/strong><\/p>    <ul class=\"wp-block-list\"> <li><a href=\"https:\/\/taizyagromachine.com\/fr\/product\/corn-cleaning-machine\/\"><strong>Nettoyant pour ma\u00efs<\/strong><\/a>: il \u00e9limine les impuret\u00e9s du ma\u00efs.<\/li>    <li><strong>Silo<\/strong>: Il retient et imbibe principalement le ma\u00efs.<\/li>    <li><a href=\"https:\/\/taizyagromachine.com\/fr\/product\/corn-peeling-machine-maize-skin-remove\/\"><strong>Machine \u00e0 \u00e9plucher le ma\u00efs<\/strong><\/a>: les coques de ma\u00efs sont retir\u00e9es.<\/li>    <li><a href=\"https:\/\/taizyagromachine.com\/fr\/product\/maize-grits-milling-machine\/\"><strong>Machine \u00e0 gruau de ma\u00efs<\/strong><\/a>: cette machine broie le ma\u00efs transform\u00e9 en farine de ma\u00efs et en gruau de ma\u00efs.<\/li> <\/ul>    <p class=\"translation-block\"><strong>Param\u00e8tres de configuration de la machine pour l'usine de traitement de semoule de ma\u00efs<\/strong><\/p>    <figure class=\"wp-block-table\"><table class=\"has-fixed-layout\"><tbody><tr><td>S\/N<\/td><td>Nom<\/td><td>Pouvoir<\/td><\/tr><tr><td>1<\/td><td>Machine de nettoyage de ma\u00efs<\/td><td>4kw<\/td><\/tr><tr><td>2<\/td><td>Silo<\/td><td>1,5 kW<\/td><\/tr><tr><td>3<\/td><td>Machine \u00e0 \u00e9plucher le ma\u00efs<\/td><td>11kw<\/td><\/tr><tr><td>4<\/td><td>Machine de fabrication de gruau de ma\u00efs<\/td><td>7,5+5,5kw<\/td><\/tr><\/tbody><\/table><figcaption class=\"wp-element-caption\">liste de configuration pour l'usine de production de gruau et de germes de ma\u00efs<\/figcaption><\/figure>    <p>En plus des \u00e9quipements ci-dessus, notre usine de gravillonnage de ma\u00efs doit encore r\u00e9pondre aux crit\u00e8res suivants\u00a0:<\/p>    <ul class=\"wp-block-list\"> <li>Convoyeur<\/li>    <li>Ascenseur<\/li>    <li>Double ascenseur<\/li>    <li>Tr\u00e9mie<\/li>    <li>Bo\u00eete de distribution<\/li> <\/ul>    <p>Si vous souhaitez plus d'informations, n'h\u00e9sitez pas \u00e0 nous contacter. Nous fournirons les d\u00e9tails de la machine pour votre r\u00e9f\u00e9rence. <\/p>   <div class=\"wp-block-image\"> <figure class=\"aligncenter size-full\"><img loading=\"lazy\" decoding=\"async\" width=\"1020\" height=\"540\" src=\"https:\/\/taizyagromachine.com\/wp-content\/uploads\/2024\/09\/corn-grits-and-flour-milling-plant-in-the-factory.webp\" alt=\"gruau de ma\u00efs et usine de minoterie dans l&#039;usine\" class=\"wp-image-7077\" srcset=\"https:\/\/taizyagromachine.com\/wp-content\/uploads\/2024\/09\/corn-grits-and-flour-milling-plant-in-the-factory.webp 1020w, https:\/\/taizyagromachine.com\/wp-content\/uploads\/2024\/09\/corn-grits-and-flour-milling-plant-in-the-factory-18x10.webp 18w\" sizes=\"auto, (max-width: 1020px) 100vw, 1020px\" \/><figcaption class=\"wp-element-caption\">gruau de ma\u00efs et usine de minoterie dans l'usine<\/figcaption><\/figure> <\/div>   <h2 class=\"wp-block-heading\"><strong>Avantages de l'usine de gravier de ma\u00efs<\/strong><\/h2>    <p>L\u2019usine de gruau de ma\u00efs offre de nombreux avantages, notamment\u00a0:<\/p>    <ul class=\"wp-block-list\"> <li>L'usine de d\u00e9germination et de broyage du ma\u00efs peut <strong>pr\u00e9parer du gruau de ma\u00efs et de la farine de ma\u00efs de 0,8 \u00e0 8\u00a0mm<\/strong> pour r\u00e9pondre aux diff\u00e9rents besoins des clients.<\/li>    <li><strong>1 personne peut faire fonctionner toute l\u2019usine<\/strong>, qui pr\u00e9sente un haut degr\u00e9 d'automatisation.<\/li>    <li>Notre usine de machines \u00e0 gruau de ma\u00efs est <strong>\u00e9conome en \u00e9nergie et respectueux de l'environnement<\/strong>. Il adopte une technologie et des \u00e9quipements avanc\u00e9s pour r\u00e9duire la consommation d\u2019\u00e9nergie.<\/li>    <li>Cette plante est<strong> de qualit\u00e9 alimentaire<\/strong>, hygi\u00e9nique et s\u00fbr.<\/li>    <li>Nous pouvons <strong>configurer l'\u00e9quipement de mani\u00e8re flexible<\/strong> pour r\u00e9pondre \u00e0 vos besoins.<\/li>    <li>C'est un <strong>retour sur investissement rapide<\/strong>. Il a un cycle de production court et un retour sur investissement rapide.<\/li> <\/ul>   <div class=\"wp-block-image\"> <figure class=\"aligncenter size-full\"><img loading=\"lazy\" decoding=\"async\" width=\"720\" height=\"540\" src=\"https:\/\/taizyagromachine.com\/wp-content\/uploads\/2024\/09\/maize-grit-plant-for-corn-processing.webp\" alt=\"usine de gruau de ma\u00efs pour la transformation du ma\u00efs\" class=\"wp-image-7079\" srcset=\"https:\/\/taizyagromachine.com\/wp-content\/uploads\/2024\/09\/maize-grit-plant-for-corn-processing.webp 720w, https:\/\/taizyagromachine.com\/wp-content\/uploads\/2024\/09\/maize-grit-plant-for-corn-processing-16x12.webp 16w\" sizes=\"auto, (max-width: 720px) 100vw, 720px\" \/><figcaption class=\"wp-element-caption\">usine de gruau de ma\u00efs pour la transformation du ma\u00efs<\/figcaption><\/figure> <\/div>   <h2 class=\"wp-block-heading\"><strong>Applications de l'usine de broyage de gruau de ma\u00efs<\/strong><\/h2>    <p>Les produits finaux de l'usine de machines \u00e0 gruau de ma\u00efs sont le gruau de ma\u00efs et la farine de ma\u00efs. Le gruau de ma\u00efs et la farine de ma\u00efs sont largement utilis\u00e9s dans la transformation des aliments, la transformation des aliments pour animaux et d'autres industries.<\/p>    <ul class=\"wp-block-list\"> <li><strong>Consommation domestique<\/strong>: pain cuit \u00e0 la vapeur, porridge, etc.<\/li>    <li><strong>Transformation des aliments<\/strong>: comme mati\u00e8res premi\u00e8res pour la p\u00e2tisserie, les p\u00e2tes, les aliments pour le petit-d\u00e9jeuner, etc.<\/li>    <li><strong>Traitement des aliments<\/strong>: utilis\u00e9 comme mati\u00e8re premi\u00e8re pour l'alimentation du b\u00e9tail et de la volaille.<\/li>    <li><strong>Production d'amidon<\/strong>: utilis\u00e9 comme mati\u00e8re premi\u00e8re pour la production d'amidon.<\/li> <\/ul>    <h2 class=\"wp-block-heading\"><strong>Quel est le prix de l'usine de machines \u00e0 gruau de ma\u00efs\u00a0?<\/strong><\/h2>    <p>Le prix de l'usine de granulation de ma\u00efs Taizy varie en fonction de la capacit\u00e9, de la configuration et de la marque. D'une mani\u00e8re g\u00e9n\u00e9rale, le prix d'une petite usine de transformation sera relativement bas, tandis que l'investissement dans un grand \u00e9quipement enti\u00e8rement automatis\u00e9 sera plus \u00e9lev\u00e9.<\/p>    <p>Si vous souhaitez obtenir des informations sp\u00e9cifiques sur les devis, nous vous recommandons de nous contacter directement. Faites-nous part de vos besoins sp\u00e9cifiques et de votre budget, et nous vous proposerons le meilleur devis en fonction de ceux-ci.<\/p>   <div class=\"wp-block-image\"> <figure class=\"aligncenter size-full\"><img loading=\"lazy\" decoding=\"async\" width=\"720\" height=\"540\" src=\"https:\/\/taizyagromachine.com\/wp-content\/uploads\/2024\/09\/corn-grit-machine-plant-display.webp\" alt=\"affichage de l&#039;usine de machine \u00e0 gruau de ma\u00efs\" class=\"wp-image-7081\" srcset=\"https:\/\/taizyagromachine.com\/wp-content\/uploads\/2024\/09\/corn-grit-machine-plant-display.webp 720w, https:\/\/taizyagromachine.com\/wp-content\/uploads\/2024\/09\/corn-grit-machine-plant-display-16x12.webp 16w\" sizes=\"auto, (max-width: 720px) 100vw, 720px\" \/><figcaption class=\"wp-element-caption\">affichage de l'usine de machine \u00e0 gruau de ma\u00efs<\/figcaption><\/figure> <\/div>   <h2 class=\"wp-block-heading\"><strong>Pourquoi choisir l'usine de gruau de ma\u00efs Taizy\u00a0?<\/strong><\/h2>    <p class=\"translation-block\">La raison pour laquelle choisir Taizy parmi de nombreux fournisseurs de <a href=\"https:\/\/taizyagromachine.com\/fr\/product\/maize-grits-milling-machine\/\">machines \u00e0 faire de la semoule de ma\u00efs<\/a> sur le march\u00e9 est la suivante :<\/p>    <ul class=\"wp-block-list\"> <li><strong>Technologie avanc\u00e9e<\/strong>. Taizy poss\u00e8de de nombreuses ann\u00e9es d'exp\u00e9rience dans le d\u00e9veloppement et la fabrication d'\u00e9quipements de transformation du ma\u00efs. <\/li>    <li><strong>Qualit\u00e9 fiable<\/strong>. Nos produits sont fabriqu\u00e9s \u00e0 partir de mat\u00e9riaux de haute qualit\u00e9 et sont durables. Par exemple, la structure interne de notre machine de fabrication de gruau de ma\u00efs est en acier.<\/li>    <li><strong>Service personnalis\u00e9<\/strong>. Nous proposons des solutions personnalis\u00e9es selon vos besoins.<\/li>    <li><strong>Service apr\u00e8s-vente fiable<\/strong>. Test de machine, commission, manuel d'utilisation, conseils en ligne, etc.<\/li> <\/ul>   <div class=\"wp-block-image\"> <figure class=\"aligncenter size-full\"><img loading=\"lazy\" decoding=\"async\" width=\"720\" height=\"500\" src=\"https:\/\/taizyagromachine.com\/wp-content\/uploads\/2024\/09\/maize-corn-grits-flour-milling-processing-plant.webp\" alt=\"ma\u00efs gruau de ma\u00efs usine de transformation de minoterie\" class=\"wp-image-7083\" srcset=\"https:\/\/taizyagromachine.com\/wp-content\/uploads\/2024\/09\/maize-corn-grits-flour-milling-processing-plant.webp 720w, https:\/\/taizyagromachine.com\/wp-content\/uploads\/2024\/09\/maize-corn-grits-flour-milling-processing-plant-18x12.webp 18w\" sizes=\"auto, (max-width: 720px) 100vw, 720px\" \/><figcaption class=\"wp-element-caption\">ma\u00efs gruau de ma\u00efs usine de transformation de minoterie<\/figcaption><\/figure> <\/div>   <h2 class=\"wp-block-heading\"><strong>Contactez-nous maintenant pour plus de d\u00e9tails!<\/strong><\/h2>    <p class=\"translation-block\">Si vous \u00eates int\u00e9ress\u00e9 par l'usine de transformation de ma\u00efs Taizy ou si vous avez des questions, n'h\u00e9sitez pas \u00e0 nous contacter. Nous serons heureux de vous fournir des informations d\u00e9taill\u00e9es et des suggestions pour vous aider \u00e0 choisir l'\u00e9quipement le plus adapt\u00e9 \u00e0 vos besoins de fabrication de <a href=\"https:\/\/en.wikipedia.org\/wiki\/Grits\" target=\"_blank\" rel=\"noopener\">semoule de ma\u00efs<\/a>.<\/p>","protected":false},"excerpt":{"rendered":"<p>L'usine de gruau de ma\u00efs Taizy est destin\u00e9e au traitement du ma\u00efs afin de fabriquer du gruau de ma\u00efs de grande et petite taille et de la farine de ma\u00efs par la m\u00e9thode humide. La taille finale du produit est de 0,8 \u00e0 8 mm. <\/p>","protected":false},"author":1,"featured_media":7072,"parent":0,"template":"","tags":[228,226,227],"product-type":[27],"class_list":["post-7059","product","type-product","status-publish","has-post-thumbnail","hentry","tag-corn-flour","tag-corn-grits","tag-maize-grits","product-type-solutions"],"_links":{"self":[{"href":"https:\/\/taizyagromachine.com\/fr\/wp-json\/wp\/v2\/product\/7059","targetHints":{"allow":["GET"]}}],"collection":[{"href":"https:\/\/taizyagromachine.com\/fr\/wp-json\/wp\/v2\/product"}],"about":[{"href":"https:\/\/taizyagromachine.com\/fr\/wp-json\/wp\/v2\/types\/product"}],"author":[{"embeddable":true,"href":"https:\/\/taizyagromachine.com\/fr\/wp-json\/wp\/v2\/users\/1"}],"wp:featuredmedia":[{"embeddable":true,"href":"https:\/\/taizyagromachine.com\/fr\/wp-json\/wp\/v2\/media\/7072"}],"wp:attachment":[{"href":"https:\/\/taizyagromachine.com\/fr\/wp-json\/wp\/v2\/media?parent=7059"}],"wp:term":[{"taxonomy":"post_tag","embeddable":true,"href":"https:\/\/taizyagromachine.com\/fr\/wp-json\/wp\/v2\/tags?post=7059"},{"taxonomy":"product-type","embeddable":true,"href":"https:\/\/taizyagromachine.com\/fr\/wp-json\/wp\/v2\/product-type?post=7059"}],"curies":[{"name":"wp","href":"https:\/\/api.w.org\/{rel}","templated":true}]}}