{"id":7334,"date":"2024-11-27T17:40:53","date_gmt":"2024-11-27T09:40:53","guid":{"rendered":"https:\/\/taizyagromachine.com\/?post_type=product&#038;p=7334"},"modified":"2024-11-28T10:50:08","modified_gmt":"2024-11-28T02:50:08","slug":"no-till-corn-planter-machine","status":"publish","type":"product","link":"https:\/\/taizyagromachine.com\/fr\/product\/no-till-corn-planter-machine\/","title":{"rendered":"Planteuse de ma\u00efs sans labour pour tracteur"},"content":{"rendered":"<p class=\"translation-block\">Cette <strong>machine planteuse de ma\u00efs<\/strong> de la s\u00e9rie 2BYSF peut fertiliser et semer des graines de ma\u00efs, de soja ou de sorgo dans les plaines et les zones vallonn\u00e9es. Elle est con\u00e7ue pour fonctionner avec le tracteur \u00e0 4 roues (12-100 ch), pour un jardinage agricole \u00e0 grande \u00e9chelle.<\/p>    <p>Le planteur de ma\u00efs Taizy a un espacement des rangs de 428 \u00e0 570 mm, un espacement des plantes de 140 \u00e0 280 mm et une profondeur de foss\u00e9 de 60 \u00e0 80 mm. Ceux-ci sont r\u00e9glables pour r\u00e9pondre \u00e0 vos demandes de semis de ma\u00efs. <\/p>    <p>Avec sa grande efficacit\u00e9, sa pr\u00e9cision et sa polyvalence, il est devenu un outil important pour la plantation agricole modernis\u00e9e. Si vous cherchez une machine de plantation de ma\u00efs, bienvenue pour nous contacter pour plus de d\u00e9tails!<\/p>    <figure class=\"wp-block-embed is-type-video is-provider-youtube wp-block-embed-youtube wp-embed-aspect-16-9 wp-has-aspect-ratio\"><div class=\"wp-block-embed__wrapper\"> <iframe loading=\"lazy\" title=\"Planteuse de ma\u00efs efficace pour tracteur | Plantation de ma\u00efs de haute pr\u00e9cision | Planteuse de ma\u00efs sans labour\" width=\"500\" height=\"281\" src=\"https:\/\/www.youtube.com\/embed\/RaK92i2FgL4?feature=oembed\" frameborder=\"0\" allow=\"accelerometer; autoplay; clipboard-write; encrypted-media; gyroscope; picture-in-picture; web-share\" referrerpolicy=\"strict-origin-when-cross-origin\" allowfullscreen><\/iframe> <\/div><figcaption class=\"wp-element-caption\">vid\u00e9o d'une planteuse en rang\u00e9es \u00e0 vendre<\/figcaption><\/figure>    <h2 class=\"wp-block-heading\"><strong>Avantages de la planteuse de ma\u00efs de semence<\/strong><\/h2>    <ul class=\"wp-block-list\"> <li><strong>Semis multi-rangs<\/strong>: il peut g\u00e9n\u00e9ralement semer 2, 3, 4, 5 rangs ou m\u00eame plus, et peut r\u00e9aliser une plantation sur de grandes surfaces en une seule op\u00e9ration.<\/li>    <li><strong>Contr\u00f4le pr\u00e9cis<\/strong>: la profondeur de semis, l'espacement et l'espacement des rangs peuvent \u00eatre ajust\u00e9s pour garantir la propret\u00e9 de la plantation et le taux de germination des graines.<\/li>    <li><strong>Fonctionnement efficace<\/strong>: s'appuyant sur la traction du tracteur, il convient \u00e0 la plantation de terres agricoles sur de grandes surfaces et couvre une large zone en une seule op\u00e9ration, ce qui am\u00e9liore consid\u00e9rablement l'efficacit\u00e9 de la plantation.<\/li>    <li><strong>Multifonctionnalit\u00e9<\/strong>: ce semoir prend en charge le fonctionnement simultan\u00e9 de l'application d'engrais, r\u00e9alisant l'int\u00e9gration du semis et de l'application d'engrais.<\/li>    <li><strong>Entretien facile<\/strong>: structure simple de l'\u00e9quipement, forte durabilit\u00e9, adapt\u00e9e \u00e0 de multiples op\u00e9rations de haute intensit\u00e9.<\/li> <\/ul>   <div class=\"wp-block-image\"> <figure class=\"aligncenter size-full\"><img loading=\"lazy\" decoding=\"async\" width=\"720\" height=\"540\" src=\"https:\/\/taizyagromachine.com\/wp-content\/uploads\/2024\/11\/Taizy-corn-and-soybean-planter.webp\" alt=\"Planteuse de ma\u00efs et de soja Taizy\" class=\"wp-image-7351\" srcset=\"https:\/\/taizyagromachine.com\/wp-content\/uploads\/2024\/11\/Taizy-corn-and-soybean-planter.webp 720w, https:\/\/taizyagromachine.com\/wp-content\/uploads\/2024\/11\/Taizy-corn-and-soybean-planter-16x12.webp 16w\" sizes=\"auto, (max-width: 720px) 100vw, 720px\" \/><figcaption class=\"wp-element-caption\">Planteuse de ma\u00efs et de soja Taizy<\/figcaption><\/figure> <\/div>   <h2 class=\"wp-block-heading\"><strong>Param\u00e8tres techniques de la planteuse de ma\u00efs<\/strong><\/h2>    <p>En tant que fabricant et producteur professionnel de mat\u00e9riel agricole, nous proposons des planteuses de ma\u00efs dans une vari\u00e9t\u00e9 de tailles de rangs. Nos jardini\u00e8res ont un espacement r\u00e9glable des plantes et des rang\u00e9es. Veuillez vous r\u00e9f\u00e9rer au tableau suivant pour plus de d\u00e9tails sur les param\u00e8tres sp\u00e9cifiques.<\/p>    <figure class=\"wp-block-table\"><table class=\"has-fixed-layout\"><tbody><tr><td>Mod\u00e8le<\/td><td>2BYSF-2<\/td><td>2BYSF-3<\/td><td>2BYSF-4<\/td><td>2BYSF-5<\/td><td>2BYSF-6<\/td><td>2BYSF-8<\/td><\/tr><tr><td>Taille<\/td><td>1,57*1,3*1,2m<\/td><td>1,57*1,7*1,2m<\/td><td>1,62*2,35*1,2m<\/td><td>1,62*2,75*1,2m<\/td><td>1,62*3,35*1,2m<\/td><td>1,64*4,6*1,2m<\/td><\/tr><tr><td>Rang\u00e9e<\/td><td>2<\/td><td>3<\/td><td>4<\/td><td>5<\/td><td>6<\/td><td>8<\/td><\/tr><tr><td>\u00c9cartement des rangs<\/td><td>428-570mm<\/td><td>428-570mm<\/td><td>428-570mm<\/td><td>428-570mm<\/td><td>428-570mm<\/td><td>428-570mm<\/td><\/tr><tr><td>Espacement des plantes<\/td><td>140-280mm<\/td><td>140-280mm<\/td><td>140-280mm<\/td><td>140-280mm<\/td><td>140-280mm<\/td><td>140-280mm<\/td><\/tr><tr><td>Profondeur de foss\u00e9<\/td><td>60-80mm<\/td><td>60-80mm<\/td><td>60-80mm<\/td><td>60-80mm<\/td><td>60-80mm<\/td><td>60-80mm<\/td><\/tr><tr><td>Profondeur de fertilisation<\/td><td>60-80mm<\/td><td>60-80mm<\/td><td>60-80mm<\/td><td>60-80mm<\/td><td>60-80mm<\/td><td>60-80mm<\/td><\/tr><tr><td>Profondeur de semis<\/td><td>30-50mm<\/td><td>30-50mm<\/td><td>30-50mm<\/td><td>30-50mm<\/td><td>30-50mm<\/td><td>30-50mm<\/td><\/tr><tr><td>Capacit\u00e9 du r\u00e9servoir d'engrais<\/td><td>18,75Lx2<\/td><td>18,75Lx3<\/td><td>18,75Lx4<\/td><td>18,75Lx5<\/td><td>18,75Lx6<\/td><td>18,75Lx8<\/td><\/tr><tr><td>Capacit\u00e9 de la tr\u00e9mie<\/td><td>8,5Lx2<\/td><td>8,5Lx3<\/td><td>8,5Lx4<\/td><td>8,5Lx5<\/td><td>8,5Lx6<\/td><td>8,5Lx8<\/td><\/tr><tr><td>Poids<\/td><td>150 kg<\/td><td>200 kg<\/td><td>295kg<\/td><td>360 kg<\/td><td>425 kg<\/td><td>650 kg<\/td><\/tr><tr><td>Une puissance adapt\u00e9e<\/td><td>&nbsp;12-18 ch<\/td><td>15-25 ch<\/td><td>25-40 ch<\/td><td>40-60 ch<\/td><td>50-80 ch<\/td><td>75-100 ch<\/td><\/tr><tr><td>Lien<\/td><td>&nbsp;3 pointes<\/td><td>&nbsp;3 pointes<\/td><td>&nbsp;3 pointes<\/td><td>&nbsp;3 pointes<\/td><td>&nbsp;3 pointes<\/td><td>&nbsp;3 pointes<\/td><\/tr><\/tbody><\/table><figcaption class=\"wp-element-caption\">donn\u00e9es techniques du semoir \u00e0 ma\u00efs 3 points \u00e0 vendre<\/figcaption><\/figure>    <h2 class=\"wp-block-heading\"><strong>Structure du semoir \u00e0 ma\u00efs en rang\u00e9e Taizy<\/strong><\/h2>    <p>Ce planteur de ma\u00efs et de haricots se compose d'une bo\u00eete \u00e0 graines de ma\u00efs, d'une bo\u00eete \u00e0 engrais, d'un r\u00e9gulateur d'espacement des rangs, d'un r\u00e9gulateur de distance des graines de ma\u00efs, d'un ouvre-tranch\u00e9e, d'un dispositif de couverture du sol, etc.<\/p>    <ul class=\"wp-block-list\"> <li><strong>Bo\u00eete \u00e0 graines\u00a0:<\/strong> grande capacit\u00e9, peut r\u00e9pondre \u00e0 la demande d'un fonctionnement continu de longue dur\u00e9e.<\/li>    <li><strong>Ouvre-sillon<\/strong>: ouverture de sillon \u00e0 profondeur uniforme, adapt\u00e9e \u00e0 diverses conditions de sol.<\/li>    <li><strong>Dispositif de paillage<\/strong>: il peut terminer rapidement l'op\u00e9ration de paillage apr\u00e8s le semis et prot\u00e9ger l'environnement de croissance des graines.<\/li>    <li><strong>Syst\u00e8me de r\u00e9glage de l'espacement des rangs<\/strong>: ajustement flexible de l\u2019espacement des rangs de semis, s\u2019adaptant aux besoins des diff\u00e9rentes cultures.<\/li> <\/ul>   <div class=\"wp-block-image\"> <figure class=\"aligncenter size-full\"><img loading=\"lazy\" decoding=\"async\" width=\"720\" height=\"540\" src=\"https:\/\/taizyagromachine.com\/wp-content\/uploads\/2024\/11\/structure-of-maize-planting-machine.webp\" alt=\"structure de la planteuse de ma\u00efs\" class=\"wp-image-7338\" srcset=\"https:\/\/taizyagromachine.com\/wp-content\/uploads\/2024\/11\/structure-of-maize-planting-machine.webp 720w, https:\/\/taizyagromachine.com\/wp-content\/uploads\/2024\/11\/structure-of-maize-planting-machine-16x12.webp 16w\" sizes=\"auto, (max-width: 720px) 100vw, 720px\" \/><figcaption class=\"wp-element-caption\">structure de la planteuse de ma\u00efs<\/figcaption><\/figure> <\/div>   <h2 class=\"wp-block-heading\"><strong>Comment fonctionne la planteuse de ma\u00efs \u00e0 3 points\u00a0?<\/strong><\/h2>    <p>Gr\u00e2ce au syst\u00e8me de transmission de puissance, ce type de semoir de ma\u00efs utilise la traction du tracteur pour effectuer les op\u00e9rations d'ouverture des sillons, de semis, de paillage et de suppression.<\/p>    <p> Premi\u00e8rement, l'ouverture du sillon de la machine cr\u00e9e un sillon de profondeur appropri\u00e9e dans le sol. Le syst\u00e8me de distribution des graines place uniform\u00e9ment les graines de ma\u00efs dans le sillon, suivie d'un paillis qui compl\u00e8te la couverture des graines. Dans le m\u00eame temps, le dispositif de suppression compacte le sol pour s'assurer que les graines sont en contact complet avec le sol et pour favoriser la germination. <\/p>    <p class=\"translation-block\">L'ensemble du processus est automatis\u00e9 et efficace, r\u00e9duisant le besoin de main-d'\u0153uvre. Il est \u00e9galement possible de semer du sorgho ou des <a href=\"https:\/\/en.wikipedia.org\/wiki\/Soybean\" target=\"_blank\" rel=\"noopener\">soja<\/a> en changeant les disques de semis.<\/p>   <div class=\"wp-block-image\"> <figure class=\"aligncenter size-full\"><img loading=\"lazy\" decoding=\"async\" width=\"800\" height=\"800\" src=\"https:\/\/taizyagromachine.com\/wp-content\/uploads\/2024\/11\/three-point-hitch-corn-planter-machine.webp\" alt=\"planteuse de ma\u00efs avec attelage \u00e0 trois points\" class=\"wp-image-7353\" srcset=\"https:\/\/taizyagromachine.com\/wp-content\/uploads\/2024\/11\/three-point-hitch-corn-planter-machine.webp 800w, https:\/\/taizyagromachine.com\/wp-content\/uploads\/2024\/11\/three-point-hitch-corn-planter-machine-12x12.webp 12w\" sizes=\"auto, (max-width: 800px) 100vw, 800px\" \/><figcaption class=\"wp-element-caption\">planteuse de ma\u00efs avec attelage \u00e0 trois points<\/figcaption><\/figure> <\/div>   <h2 class=\"wp-block-heading\"><strong>Quel est le prix du planteur de ma\u00efs ?<\/strong><\/h2>    <p>Le prix d'un planteur de ma\u00efs sans labour varie en fonction du mod\u00e8le, des accessoires, du d\u00e9lai d'exp\u00e9dition, de la marque et des performances. D\u2019une mani\u00e8re g\u00e9n\u00e9rale, plus il y a de rang\u00e9es, plus le prix de la machine est \u00e9lev\u00e9. Par exemple, un semoir \u00e0 ma\u00efs \u00e0 4 rangs co\u00fbte plus cher qu\u2019un semoir \u00e0 ma\u00efs \u00e0 2 rangs.<\/p>    <p>Le planteur de graines de ma\u00efs mont\u00e9 sur les tracteurs de Taizy garantit non seulement la qualit\u00e9, mais offre \u00e9galement des prix comp\u00e9titifs sur le march\u00e9 pour r\u00e9pondre aux budgets et aux besoins des clients. Si vous souhaitez des prix sp\u00e9cifiques, contactez-nous et nous fournirons un devis d\u00e9taill\u00e9 en fonction de vos besoins.<\/p>    <figure class=\"wp-block-gallery has-nested-images columns-default is-cropped wp-block-gallery-2 is-layout-flex wp-block-gallery-is-layout-flex\"> <figure class=\"wp-block-image size-large\"><img loading=\"lazy\" decoding=\"async\" width=\"800\" height=\"800\" data-id=\"7350\" src=\"https:\/\/taizyagromachine.com\/wp-content\/uploads\/2024\/11\/no-till-2-row-corn-planter-with-fertilizer.webp\" alt=\"semoir de ma\u00efs sans labour \u00e0 2 rangs avec engrais\" class=\"wp-image-7350\" srcset=\"https:\/\/taizyagromachine.com\/wp-content\/uploads\/2024\/11\/no-till-2-row-corn-planter-with-fertilizer.webp 800w, https:\/\/taizyagromachine.com\/wp-content\/uploads\/2024\/11\/no-till-2-row-corn-planter-with-fertilizer-12x12.webp 12w\" sizes=\"auto, (max-width: 800px) 100vw, 800px\" \/><figcaption class=\"wp-element-caption\">semoir de ma\u00efs sans labour \u00e0 2 rangs avec engrais<\/figcaption><\/figure>    <figure class=\"wp-block-image size-large\"><img loading=\"lazy\" decoding=\"async\" width=\"800\" height=\"800\" data-id=\"7348\" src=\"https:\/\/taizyagromachine.com\/wp-content\/uploads\/2024\/11\/3-row-planter-for-sale.webp\" alt=\"Planteuse 3 rangs \u00e0 vendre\" class=\"wp-image-7348\" srcset=\"https:\/\/taizyagromachine.com\/wp-content\/uploads\/2024\/11\/3-row-planter-for-sale.webp 800w, https:\/\/taizyagromachine.com\/wp-content\/uploads\/2024\/11\/3-row-planter-for-sale-12x12.webp 12w\" sizes=\"auto, (max-width: 800px) 100vw, 800px\" \/><figcaption class=\"wp-element-caption\">Planteuse 3 rangs \u00e0 vendre<\/figcaption><\/figure>    <figure class=\"wp-block-image size-large\"><img loading=\"lazy\" decoding=\"async\" width=\"800\" height=\"800\" data-id=\"7349\" src=\"https:\/\/taizyagromachine.com\/wp-content\/uploads\/2024\/11\/4-row-corn-planter-machine-with-tractor.webp\" alt=\"Planteuse de ma\u00efs \u00e0 4 rangs avec tracteur\" class=\"wp-image-7349\" srcset=\"https:\/\/taizyagromachine.com\/wp-content\/uploads\/2024\/11\/4-row-corn-planter-machine-with-tractor.webp 800w, https:\/\/taizyagromachine.com\/wp-content\/uploads\/2024\/11\/4-row-corn-planter-machine-with-tractor-12x12.webp 12w\" sizes=\"auto, (max-width: 800px) 100vw, 800px\" \/><figcaption class=\"wp-element-caption\">Planteuse de ma\u00efs \u00e0 4 rangs avec tracteur<\/figcaption><\/figure> <\/figure>    <h2 class=\"wp-block-heading\"><strong>Pourquoi choisir le planteur de graines de ma\u00efs Taizy comme premier choix\u00a0?<\/strong><\/h2>    <p>Notre planteuse de ma\u00efs pr\u00e9sente les avantages suivants pour attirer les clients sur le march\u00e9 international\u00a0:<\/p>    <ul class=\"wp-block-list\"> <li><strong>Garantie de haute qualit\u00e9<\/strong>: Taizy produit et vend ses propres produits pour assurer des performances stables et une longue dur\u00e9e de vie de l'\u00e9quipement.<\/li>    <li><strong>Service \u00e0 guichet unique<\/strong>: nous avons non seulement diff\u00e9rents types de planteuses de ma\u00efs, mais aussi <a href=\"https:\/\/taizyagromachine.com\/fr\/product\/single-row-corn-harvester\/\">r\u00e9colteuse de ma\u00efs<\/a>, batteuse, broyeur de ma\u00efs et ainsi de suite. Vous pouvez acheter les machines \u00e0 ma\u00efs dont vous avez besoin en une seule fois \u00e0 Taizy.<\/li>    <li><strong>Service apr\u00e8s-vente<\/strong>: nous fournissons des services complets d\u2019assistance technique et de maintenance pour vous assurer que vous n\u2019avez aucun souci.<\/li>    <li><strong>Reconnaissance du client<\/strong>: la planteuse de ma\u00efs est tr\u00e8s populaire sur le march\u00e9 international, avec une grande satisfaction des clients.<\/li> <\/ul>    <h2 class=\"wp-block-heading\"><strong>Cas r\u00e9ussi\u00a0: exporter 16 ensembles de semoirs de ma\u00efs vers le Royaume-Uni<\/strong><\/h2>    <p>Un client du Royaume-Uni, qui exploite une entreprise de vente de machines agricoles, a choisi la planteuse de ma\u00efs Taizy apr\u00e8s avoir compar\u00e9 plusieurs marques. Le client a achet\u00e9 en m\u00eame temps 16 ensembles de semoirs de ma\u00efs \u00e0 3, 4 et 5 rangs, qui sont principalement export\u00e9s vers le march\u00e9 africain.<\/p>    <p>Le client est satisfait des performances efficaces des machines et de la capacit\u00e9 de plantation pr\u00e9cise, et \u00e9galement tr\u00e8s f\u00e9licit\u00e9 la solution de chargement professionnel de Taizy et le service de transport. Ce cas de coop\u00e9ration met en \u00e9vidence l'application de haute qualit\u00e9 et large de l'\u00e9quipement de plantation de Taize.<\/p>    <figure class=\"wp-block-gallery has-nested-images columns-default is-cropped wp-block-gallery-3 is-layout-flex wp-block-gallery-is-layout-flex\"> <figure class=\"wp-block-image size-large\"><img loading=\"lazy\" decoding=\"async\" width=\"720\" height=\"540\" data-id=\"7343\" src=\"https:\/\/taizyagromachine.com\/wp-content\/uploads\/2024\/11\/seed-drill-in-the-factory.webp\" alt=\"semoir en usine\" class=\"wp-image-7343\" srcset=\"https:\/\/taizyagromachine.com\/wp-content\/uploads\/2024\/11\/seed-drill-in-the-factory.webp 720w, https:\/\/taizyagromachine.com\/wp-content\/uploads\/2024\/11\/seed-drill-in-the-factory-16x12.webp 16w\" sizes=\"auto, (max-width: 720px) 100vw, 720px\" \/><figcaption class=\"wp-element-caption\">semoir en usine<\/figcaption><\/figure>    <figure class=\"wp-block-image size-large\"><img loading=\"lazy\" decoding=\"async\" width=\"720\" height=\"540\" data-id=\"7342\" src=\"https:\/\/taizyagromachine.com\/wp-content\/uploads\/2024\/11\/maize-seed-planter-package.webp\" alt=\"paquet de semoir de graines de ma\u00efs\" class=\"wp-image-7342\" srcset=\"https:\/\/taizyagromachine.com\/wp-content\/uploads\/2024\/11\/maize-seed-planter-package.webp 720w, https:\/\/taizyagromachine.com\/wp-content\/uploads\/2024\/11\/maize-seed-planter-package-16x12.webp 16w\" sizes=\"auto, (max-width: 720px) 100vw, 720px\" \/><figcaption class=\"wp-element-caption\">paquet de semoir de graines de ma\u00efs<\/figcaption><\/figure> <\/figure>    <figure class=\"wp-block-gallery has-nested-images columns-default is-cropped wp-block-gallery-4 is-layout-flex wp-block-gallery-is-layout-flex\"> <figure class=\"wp-block-image size-large\"><img loading=\"lazy\" decoding=\"async\" width=\"720\" height=\"720\" data-id=\"7345\" src=\"https:\/\/taizyagromachine.com\/wp-content\/uploads\/2024\/11\/4-row-corn-planter-machine-in-the-container.webp\" alt=\"Planteuse de ma\u00efs \u00e0 4 rangs dans le conteneur\" class=\"wp-image-7345\" srcset=\"https:\/\/taizyagromachine.com\/wp-content\/uploads\/2024\/11\/4-row-corn-planter-machine-in-the-container.webp 720w, https:\/\/taizyagromachine.com\/wp-content\/uploads\/2024\/11\/4-row-corn-planter-machine-in-the-container-12x12.webp 12w\" sizes=\"auto, (max-width: 720px) 100vw, 720px\" \/><figcaption class=\"wp-element-caption\">Planteuse de ma\u00efs \u00e0 4 rangs dans le conteneur<\/figcaption><\/figure>    <figure class=\"wp-block-image size-large\"><img loading=\"lazy\" decoding=\"async\" width=\"720\" height=\"720\" data-id=\"7346\" src=\"https:\/\/taizyagromachine.com\/wp-content\/uploads\/2024\/11\/machine-delivery-1.webp\" alt=\"livraison de machines\" class=\"wp-image-7346\" srcset=\"https:\/\/taizyagromachine.com\/wp-content\/uploads\/2024\/11\/machine-delivery-1.webp 720w, https:\/\/taizyagromachine.com\/wp-content\/uploads\/2024\/11\/machine-delivery-1-12x12.webp 12w\" sizes=\"auto, (max-width: 720px) 100vw, 720px\" \/><figcaption class=\"wp-element-caption\">livraison de machines<\/figcaption><\/figure> <\/figure>    <h2 class=\"wp-block-heading\"><strong>Contactez-nous d\u00e8s maintenant pour un devis gratuit !<\/strong><\/h2>    <p>Vous voulez en savoir plus sur Taizy Corn Planter Machine? Qu'il s'agisse de configuration du produit, de d\u00e9tails de prix ou de services de logistique, nous sommes pr\u00eats \u00e0 fournir des r\u00e9ponses professionnelles. Contactez-nous maintenant pour des solutions sp\u00e9cialis\u00e9es et des prix favorables!<\/p>","protected":false},"excerpt":{"rendered":"<p>Cette machine \u00e0 jardini\u00e8re de ma\u00efs est une s\u00e9rie 2 GYSF et peut fertiliser et semer les graines de ma\u00efs dans les plaines et les zones vallonn\u00e9es. Il fonctionne avec le tracteur \u00e0 4 roues (12-100 ch).<\/p>","protected":false},"author":1,"featured_media":7337,"parent":0,"template":"","tags":[235,234],"product-type":[17],"class_list":["post-7334","product","type-product","status-publish","has-post-thumbnail","hentry","tag-corn","tag-corn-planting","product-type-corn-machine"],"_links":{"self":[{"href":"https:\/\/taizyagromachine.com\/fr\/wp-json\/wp\/v2\/product\/7334","targetHints":{"allow":["GET"]}}],"collection":[{"href":"https:\/\/taizyagromachine.com\/fr\/wp-json\/wp\/v2\/product"}],"about":[{"href":"https:\/\/taizyagromachine.com\/fr\/wp-json\/wp\/v2\/types\/product"}],"author":[{"embeddable":true,"href":"https:\/\/taizyagromachine.com\/fr\/wp-json\/wp\/v2\/users\/1"}],"wp:featuredmedia":[{"embeddable":true,"href":"https:\/\/taizyagromachine.com\/fr\/wp-json\/wp\/v2\/media\/7337"}],"wp:attachment":[{"href":"https:\/\/taizyagromachine.com\/fr\/wp-json\/wp\/v2\/media?parent=7334"}],"wp:term":[{"taxonomy":"post_tag","embeddable":true,"href":"https:\/\/taizyagromachine.com\/fr\/wp-json\/wp\/v2\/tags?post=7334"},{"taxonomy":"product-type","embeddable":true,"href":"https:\/\/taizyagromachine.com\/fr\/wp-json\/wp\/v2\/product-type?post=7334"}],"curies":[{"name":"wp","href":"https:\/\/api.w.org\/{rel}","templated":true}]}}