{"id":7370,"date":"2024-12-04T14:37:28","date_gmt":"2024-12-04T06:37:28","guid":{"rendered":"https:\/\/taizyagromachine.com\/?post_type=product&#038;p=7370"},"modified":"2024-12-11T11:44:56","modified_gmt":"2024-12-11T03:44:56","slug":"wholesale-maize-shelling-machine","status":"publish","type":"product","link":"https:\/\/taizyagromachine.com\/fr\/product\/wholesale-maize-shelling-machine\/","title":{"rendered":"Machine \u00e0 d\u00e9cortiquer le ma\u00efs en gros"},"content":{"rendered":"<p class=\"translation-block\">La **machine \u00e0 \u00e9plucher le ma\u00efs** Taizy est nouvellement con\u00e7ue pour le battage du ma\u00efs avec une capacit\u00e9 de 4000-6000 kg\/h. Elle appartient \u00e0 la s\u00e9rie 5TYM, ayant un taux de rupture de \u22641,5% et un taux de battage de \u226598%. Cette machine \u00e0 \u00e9plucher le ma\u00efs peut utiliser un moteur \u00e9lectrique, un moteur \u00e0 essence ou un moteur diesel comme source d'\u00e9nergie de la machine.<\/p>    <p>En outre, la machine peut utiliser de gros pneus et cadres, qui sont favoris\u00e9s par les clients africains. C\u2019est le nouveau mod\u00e8le le plus id\u00e9al pour les zones, les fermes et les professionnels producteurs de ma\u00efs. Nos machines sont souvent en gros des clients de diff\u00e9rents pays, comme le Nicaragua. Si vous voulez en savoir plus, bienvenue \u00e0 nous contacter \u00e0 tout moment!<\/p>    <figure class=\"wp-block-embed is-type-video is-provider-youtube wp-block-embed-youtube wp-embed-aspect-16-9 wp-has-aspect-ratio\"><div class=\"wp-block-embed__wrapper\"> <iframe loading=\"lazy\" title=\"Pourquoi acheter cette d\u00e9cortiqueuse de ma\u00efs avec de grandes roues et un support ? D\u00e9cortiqueuse de ma\u00efs #cornsheller\" width=\"500\" height=\"281\" src=\"https:\/\/www.youtube.com\/embed\/kxEESK82j0A?feature=oembed\" frameborder=\"0\" allow=\"accelerometer; autoplay; clipboard-write; encrypted-media; gyroscope; picture-in-picture; web-share\" referrerpolicy=\"strict-origin-when-cross-origin\" allowfullscreen><\/iframe> <\/div><figcaption class=\"wp-element-caption\">vid\u00e9o de la d\u00e9cortiqueuse de ma\u00efs<\/figcaption><\/figure>    <h2 class=\"wp-block-heading\"><strong>Avantages de la nouvelle d\u00e9cortiqueuse de ma\u00efs<\/strong><\/h2>    <ul class=\"wp-block-list\"> <li>Il peut traiter 4 \u00e0 6 tonnes de ma\u00efs par heure pour r\u00e9pondre \u00e0 la demande d'une production \u00e0 grande \u00e9chelle, tr\u00e8s efficace.<\/li>    <li>La machine adopte la conception de battage scientifique, r\u00e9duisant le taux de casse des grains de ma\u00efs (taux de casse de \u22641,5%).<\/li>    <li>Cette machine peut \u00eatre \u00e9quip\u00e9e de grandes roues et d'un ch\u00e2ssis de traction, adapt\u00e9s au d\u00e9placement entre les champs et les chantiers.<\/li>    <li>Notre d\u00e9cortiqueuse de ma\u00efs a un petit volume, une structure compacte, un fonctionnement et un entretien pratiques.<\/li> <\/ul>    <figure class=\"wp-block-gallery has-nested-images columns-default is-cropped wp-block-gallery-2 is-layout-flex wp-block-gallery-is-layout-flex\"> <figure class=\"wp-block-image size-large\"><img loading=\"lazy\" decoding=\"async\" width=\"720\" height=\"540\" data-id=\"7375\" src=\"https:\/\/taizyagromachine.com\/wp-content\/uploads\/2024\/12\/cost-effective-corn-shelling-machine.webp\" alt=\"d\u00e9cortiqueuse de ma\u00efs \u00e9conomique\" class=\"wp-image-7375\" srcset=\"https:\/\/taizyagromachine.com\/wp-content\/uploads\/2024\/12\/cost-effective-corn-shelling-machine.webp 720w, https:\/\/taizyagromachine.com\/wp-content\/uploads\/2024\/12\/cost-effective-corn-shelling-machine-16x12.webp 16w\" sizes=\"auto, (max-width: 720px) 100vw, 720px\" \/><figcaption class=\"wp-element-caption\">d\u00e9cortiqueuse de ma\u00efs \u00e9conomique<\/figcaption><\/figure>    <figure class=\"wp-block-image size-large\"><img loading=\"lazy\" decoding=\"async\" width=\"720\" height=\"540\" data-id=\"7376\" src=\"https:\/\/taizyagromachine.com\/wp-content\/uploads\/2024\/12\/maize-sheller-with-big-tyres-and-frame.webp\" alt=\"d\u00e9cortiqueuse de ma\u00efs avec gros pneus et ch\u00e2ssis\" class=\"wp-image-7376\" srcset=\"https:\/\/taizyagromachine.com\/wp-content\/uploads\/2024\/12\/maize-sheller-with-big-tyres-and-frame.webp 720w, https:\/\/taizyagromachine.com\/wp-content\/uploads\/2024\/12\/maize-sheller-with-big-tyres-and-frame-16x12.webp 16w\" sizes=\"auto, (max-width: 720px) 100vw, 720px\" \/><figcaption class=\"wp-element-caption\">d\u00e9cortiqueuse de ma\u00efs avec gros pneus et ch\u00e2ssis<\/figcaption><\/figure> <\/figure>    <h2 class=\"wp-block-heading\"><strong>Donn\u00e9es techniques de la d\u00e9cortiqueuse de ma\u00efs commerciale<\/strong><\/h2>    <figure class=\"wp-block-table\"><table><tbody><tr><td>Mod\u00e8le<\/td><td>5TYM-850<\/td><\/tr><tr><td>Capacit\u00e9<\/td><td>4000-6000kg\/heure<\/td><\/tr><tr><td>Taux de rupture<\/td><td>\u22641,5%<\/td><\/tr><tr><td>Taux de battage<\/td><td>\u226598%<\/td><\/tr><tr><td>Une puissance adapt\u00e9e<\/td><td>\u22655,5-7,5 kW<\/td><\/tr><tr><td>Poids<\/td><td>340 kg<\/td><\/tr><\/tbody><\/table><figcaption class=\"wp-element-caption\">Param\u00e8tres de la d\u00e9cortiqueuse de ma\u00efs<\/figcaption><\/figure>    <p>Remarque\u00a0: l'humidit\u00e9 du grain est de 15%-20% et le rapport entre le grain et l'herbe est de 0,4%-1,0%.<\/p>    <h2 class=\"wp-block-heading\"><strong>Structure de la d\u00e9cortiqueuse de ma\u00efs<\/strong><\/h2>    <p>Sa structure est tr\u00e8s facile \u00e0 comprendre, compos\u00e9e d'un ventilateur, d'une entr\u00e9e, d'une sortie de grain de ma\u00efs, d'une sortie d'\u00e9pi de ma\u00efs, d'une alimentation, etc.<\/p>   <div class=\"wp-block-image\"> <figure class=\"aligncenter size-full\"><img loading=\"lazy\" decoding=\"async\" width=\"720\" height=\"540\" src=\"https:\/\/taizyagromachine.com\/wp-content\/uploads\/2024\/12\/structure-of-maize-sheller-machine.webp\" alt=\"structure de la d\u00e9cortiqueuse de ma\u00efs\" class=\"wp-image-7372\" srcset=\"https:\/\/taizyagromachine.com\/wp-content\/uploads\/2024\/12\/structure-of-maize-sheller-machine.webp 720w, https:\/\/taizyagromachine.com\/wp-content\/uploads\/2024\/12\/structure-of-maize-sheller-machine-16x12.webp 16w\" sizes=\"auto, (max-width: 720px) 100vw, 720px\" \/><figcaption class=\"wp-element-caption\">structure de la d\u00e9cortiqueuse de ma\u00efs<\/figcaption><\/figure> <\/div>   <h2 class=\"wp-block-heading\"><strong>Comment fonctionne la d\u00e9cortiqueuse de ma\u00efs ?<\/strong><\/h2>    <p>Lors du battage, les \u00e9pis de ma\u00efs entrent dans la chambre de s\u00e9paration depuis le port d'alimentation. Le battage s'effectue par le frappe des dents et le frottement des cors. Les grains de ma\u00efs battus tombent sur le tamis vibrant \u00e0 travers la plaque \u00e0 grains coulissante. <\/p>    <p>Sous l'agitation du tamis, les grains tombent sous le tamis vibrant et les \u00e9pis cass\u00e9s sont secou\u00e9s hors de la machine sur la surface du tamis. Le son et les d\u00e9bris sont aspir\u00e9s dans le ventilateur et \u00e9vacu\u00e9s hors de la machine en tombant de l'ouverture d'aspiration. Les \u00e9pis de ma\u00efs sont \u00e9vacu\u00e9s par la sortie sous la pouss\u00e9e d'un tambour.<\/p>   <div class=\"wp-block-image\"> <figure class=\"aligncenter size-full\"><img loading=\"lazy\" decoding=\"async\" width=\"720\" height=\"540\" src=\"https:\/\/taizyagromachine.com\/wp-content\/uploads\/2024\/12\/small-maize-sheller-machine-for-corn-threshing.webp\" alt=\"petite d\u00e9cortiqueuse de ma\u00efs pour le battage du ma\u00efs\" class=\"wp-image-7373\" srcset=\"https:\/\/taizyagromachine.com\/wp-content\/uploads\/2024\/12\/small-maize-sheller-machine-for-corn-threshing.webp 720w, https:\/\/taizyagromachine.com\/wp-content\/uploads\/2024\/12\/small-maize-sheller-machine-for-corn-threshing-16x12.webp 16w\" sizes=\"auto, (max-width: 720px) 100vw, 720px\" \/><figcaption class=\"wp-element-caption\">petite d\u00e9cortiqueuse de ma\u00efs pour le battage du ma\u00efs<\/figcaption><\/figure> <\/div>   <h2 class=\"wp-block-heading\"><strong>Quel est le prix de la machine de sheller de ma\u00efs?<\/strong><\/h2>    <p>Le prix de la d\u00e9cortiqueuse de ma\u00efs Taizy varie en fonction des caract\u00e9ristiques, de la capacit\u00e9, de l'efficacit\u00e9 de battage de la machine et de caract\u00e9ristiques suppl\u00e9mentaires telles que la mobilit\u00e9 et la s\u00e9paration des impuret\u00e9s. Plus la machine est dot\u00e9e de fonctionnalit\u00e9s et de capacit\u00e9s, plus son prix est \u00e9lev\u00e9.<\/p>    <p>Si vous souhaitez conna\u00eetre le prix sp\u00e9cifique de la machine, vous pouvez nous contacter directement Taizy. Nous choisirons le mod\u00e8le qui vous convient en fonction de vos besoins et de votre budget et vous recommanderons le meilleur programme.<\/p>    <h2 class=\"wp-block-heading\"><strong>Cas r\u00e9ussi\u00a0: d\u00e9cortiqueuse de ma\u00efs en gros pour le Nicaragua<\/strong><\/h2>    <p>Un client au Nicaragua a r\u00e9cemment command\u00e9 un lot de batteuses \u00e0 ma\u00efs, totalisant 5 unit\u00e9s, principalement pour les besoins de vente des agriculteurs locaux et des transformateurs de c\u00e9r\u00e9ales. Ce client \u00e9tait pr\u00e9occup\u00e9 par les performances de la machine, le prix et l'emballage de transport, et a demand\u00e9 une assurance sur la qualit\u00e9 de la machine et la s\u00e9curit\u00e9 du transport.<\/p>    <p>En fonction de ses besoins, nous lui avons recommand\u00e9 de grandes d\u00e9cortiqueuses \u00e0 ma\u00efs aux performances stables, \u00e9quip\u00e9es de grandes roues et de ch\u00e2ssis de traction pour faciliter les d\u00e9placements entre les exploitations. Dans le m\u00eame temps, nous fournissons un emballage en caisse en bois pour chaque machine afin de la prot\u00e9ger des dommages pendant le transport maritime.<\/p>    <p>Une fois que le client a re\u00e7u la machine et l'a mise en service, l'efficacit\u00e9 de battage \u00e9tait \u00e9lev\u00e9e et r\u00e9pondait \u00e0 la demande du march\u00e9 local, le client a exprim\u00e9 sa grande satisfaction et a pr\u00e9vu une coop\u00e9ration ult\u00e9rieure.<\/p>    <figure class=\"wp-block-gallery has-nested-images columns-default is-cropped wp-block-gallery-3 is-layout-flex wp-block-gallery-is-layout-flex\"> <figure class=\"wp-block-image size-full\"><img loading=\"lazy\" decoding=\"async\" width=\"720\" height=\"540\" data-id=\"7374\" src=\"https:\/\/taizyagromachine.com\/wp-content\/uploads\/2024\/12\/maize-shelling-machine-manufacturer.webp\" alt=\"fabricant de d\u00e9cortiqueuse de ma\u00efs\" class=\"wp-image-7374\" srcset=\"https:\/\/taizyagromachine.com\/wp-content\/uploads\/2024\/12\/maize-shelling-machine-manufacturer.webp 720w, https:\/\/taizyagromachine.com\/wp-content\/uploads\/2024\/12\/maize-shelling-machine-manufacturer-16x12.webp 16w\" sizes=\"auto, (max-width: 720px) 100vw, 720px\" \/><figcaption class=\"wp-element-caption\">fabricant de d\u00e9cortiqueuse de ma\u00efs<\/figcaption><\/figure>    <figure class=\"wp-block-image size-full\"><img loading=\"lazy\" decoding=\"async\" width=\"720\" height=\"540\" data-id=\"7036\" src=\"https:\/\/taizyagromachine.com\/wp-content\/uploads\/2024\/09\/machine-package-ready-for-delivery.webp\" alt=\"paquet de machine pr\u00eat \u00e0 \u00eatre livr\u00e9\" class=\"wp-image-7036\" srcset=\"https:\/\/taizyagromachine.com\/wp-content\/uploads\/2024\/09\/machine-package-ready-for-delivery.webp 720w, https:\/\/taizyagromachine.com\/wp-content\/uploads\/2024\/09\/machine-package-ready-for-delivery-16x12.webp 16w\" sizes=\"auto, (max-width: 720px) 100vw, 720px\" \/><figcaption class=\"wp-element-caption\">paquet de machine pr\u00eat \u00e0 \u00eatre livr\u00e9<\/figcaption><\/figure> <\/figure>    <h2 class=\"wp-block-heading\"><strong>Contactez-nous d\u00e8s maintenant pour un devis gratuit !<\/strong><\/h2>    <p class=\"translation-block\">En tant que fournisseur exp\u00e9riment\u00e9 de machines agricoles, nous vendons diverses machines \u00e0 ma\u00efs, comme une <a href=\"https:\/\/taizyagromachine.com\/fr\/product\/fresh-corn-sheller\/\">\u00e9plucheuse de ma\u00efs doux<\/a>, un broyeur \u00e0 marteaux, un <a href=\"https:\/\/taizyagromachine.com\/fr\/product\/no-till-corn-planter-machine\/\">semoir \u00e0 ma\u00efs<\/a>, etc. <\/p>    <p class=\"translation-block\">Vous recherchez un \u00e9quipement de d\u00e9corticage de ma\u00efs rentable\u00a0? Si oui, venez nous contacter d\u00e8s maintenant. Nous vous fournirons la meilleure solution de battage de <a href=\"https:\/\/fr.wikipedia.org\/wiki\/Mas\" target=\"_blank\" rel=\"noopener\">ma\u00efs<\/a> et un devis gratuit pour r\u00e9f\u00e9rence.<\/p>    <figure class=\"wp-block-embed is-type-video is-provider-youtube wp-block-embed-youtube wp-embed-aspect-16-9 wp-has-aspect-ratio\"><div class=\"wp-block-embed__wrapper\"> <iframe loading=\"lazy\" title=\"D\u00e9cortiqueuse de ma\u00efs efficace pour le d\u00e9corticage de ma\u00efs \u00e0 grande vitesse #cornsheller #maize #thresher\" width=\"500\" height=\"281\" src=\"https:\/\/www.youtube.com\/embed\/qpD6OqSDwFk?feature=oembed\" frameborder=\"0\" allow=\"accelerometer; autoplay; clipboard-write; encrypted-media; gyroscope; picture-in-picture; web-share\" referrerpolicy=\"strict-origin-when-cross-origin\" allowfullscreen><\/iframe> <\/div><figcaption class=\"wp-element-caption\">vid\u00e9o d'une d\u00e9cortiqueuse de ma\u00efs<\/figcaption><\/figure>","protected":false},"excerpt":{"rendered":"<p>La d\u00e9cortiqueuse de ma\u00efs Taizy est nouvellement con\u00e7ue pour le battage du ma\u00efs avec une capacit\u00e9 de 4 000 \u00e0 6 000 kg\/h et est souvent vendue en gros dans diff\u00e9rents pays.<\/p>","protected":false},"author":1,"featured_media":7371,"parent":0,"template":"","tags":[235,237,236],"product-type":[17],"class_list":["post-7370","product","type-product","status-publish","has-post-thumbnail","hentry","tag-corn","tag-shelling","tag-threshing","product-type-corn-machine"],"_links":{"self":[{"href":"https:\/\/taizyagromachine.com\/fr\/wp-json\/wp\/v2\/product\/7370","targetHints":{"allow":["GET"]}}],"collection":[{"href":"https:\/\/taizyagromachine.com\/fr\/wp-json\/wp\/v2\/product"}],"about":[{"href":"https:\/\/taizyagromachine.com\/fr\/wp-json\/wp\/v2\/types\/product"}],"author":[{"embeddable":true,"href":"https:\/\/taizyagromachine.com\/fr\/wp-json\/wp\/v2\/users\/1"}],"wp:featuredmedia":[{"embeddable":true,"href":"https:\/\/taizyagromachine.com\/fr\/wp-json\/wp\/v2\/media\/7371"}],"wp:attachment":[{"href":"https:\/\/taizyagromachine.com\/fr\/wp-json\/wp\/v2\/media?parent=7370"}],"wp:term":[{"taxonomy":"post_tag","embeddable":true,"href":"https:\/\/taizyagromachine.com\/fr\/wp-json\/wp\/v2\/tags?post=7370"},{"taxonomy":"product-type","embeddable":true,"href":"https:\/\/taizyagromachine.com\/fr\/wp-json\/wp\/v2\/product-type?post=7370"}],"curies":[{"name":"wp","href":"https:\/\/api.w.org\/{rel}","templated":true}]}}