{"id":7386,"date":"2024-12-12T17:43:44","date_gmt":"2024-12-12T09:43:44","guid":{"rendered":"https:\/\/taizyagromachine.com\/?post_type=product&#038;p=7386"},"modified":"2024-12-13T09:58:37","modified_gmt":"2024-12-13T01:58:37","slug":"mini-crawler-rotary-tiller","status":"publish","type":"product","link":"https:\/\/taizyagromachine.com\/fr\/product\/mini-crawler-rotary-tiller\/","title":{"rendered":"Mini fraise rotative multifonctionnelle sur chenilles"},"content":{"rendered":"<p class=\"translation-block\">La <strong>motoculteur rotatif chenill\u00e9<\/strong> Taizy est le dernier cultivateur multifonctionnel, utilis\u00e9 pour labourer et fertiliser les vignes, les arbres fruitiers, les baies de goji et autres cultures de rente.<\/p>    <p>Ce micro-motoculteur sur chenilles a des fonctions de creusement de tranch\u00e9es, de fertilisation, de remblayage automatique, d'ach\u00e8vement unique (engrais chimique + engrais organique), de s\u00e9paration du sol sillonn\u00e9 et de l'engrais, de travail du sol rotatif et de d\u00e9sherbage.<\/p>    <p>Il adopte une structure de d\u00e9placement sur chenilles avec une excellente adh\u00e9rence et stabilit\u00e9, ce qui est tr\u00e8s appropri\u00e9 pour travailler sur des terrains boueux, glissants ou in\u00e9gaux. Si vous \u00eates int\u00e9ress\u00e9, contactez-nous pour plus de d\u00e9tails !<\/p>    <figure class=\"wp-block-embed is-type-video is-provider-youtube wp-block-embed-youtube wp-embed-aspect-16-9 wp-has-aspect-ratio\"><div class=\"wp-block-embed__wrapper\"> <iframe loading=\"lazy\" title=\"Mini motoculteur sur chenilles puissant | Solution agricole efficace : micro cultivateur agricole avec chenille\" width=\"500\" height=\"281\" src=\"https:\/\/www.youtube.com\/embed\/VOv-FUahp0s?feature=oembed\" frameborder=\"0\" allow=\"accelerometer; autoplay; clipboard-write; encrypted-media; gyroscope; picture-in-picture; web-share\" referrerpolicy=\"strict-origin-when-cross-origin\" allowfullscreen><\/iframe> <\/div><figcaption class=\"wp-element-caption\">vid\u00e9o d'un tracteur \u00e0 chenilles l\u00e9ger avec fraise rotative<\/figcaption><\/figure>    <h2 class=\"wp-block-heading\"><strong>Avantages du motoculteur rotatif \u00e0 chenilles diesel<\/strong><\/h2>    <ul class=\"wp-block-list\"> <li>Notre motoculteur rotatif pour tracteur \u00e0 chenilles est un \u00e9quipement agricole efficace pr\u00e9sentant de multiples avantages significatifs\u00a0:<\/li>    <li>La machine adopte le <strong>conception de chenille en caoutchouc avec de fortes performances d'adh\u00e9rence<\/strong>, s'adaptant \u00e0 un terrain complexe.<\/li>    <li>Il a un <strong>petite taille et direction flexible<\/strong>, adapt\u00e9 aux montagnes, collines, vergers, serres, etc.<\/li>    <li>Notre micromotoculteur sur chenilles peut \u00eatre utilis\u00e9 pour <strong>labour rotatif, sillonnage, remblayage<\/strong> et d'autres op\u00e9rations agricoles \u00e0 haute efficacit\u00e9 op\u00e9rationnelle.<\/li>    <li>Compar\u00e9 aux gros tracteurs, le mini cultivateur sur chenilles est <strong>plus \u00e9conomique et pratique<\/strong>, particuli\u00e8rement adapt\u00e9 aux petites exploitations agricoles ou aux agriculteurs individuels.<\/li> <\/ul>   <div class=\"wp-block-image\"> <figure class=\"aligncenter size-full\"><img loading=\"lazy\" decoding=\"async\" width=\"720\" height=\"540\" src=\"https:\/\/taizyagromachine.com\/wp-content\/uploads\/2024\/12\/light-weighed-crawler-tractor-with-rotary-tiller.webp\" alt=\"tracteur \u00e0 chenilles l\u00e9ger avec fraise rotative\" class=\"wp-image-7392\" srcset=\"https:\/\/taizyagromachine.com\/wp-content\/uploads\/2024\/12\/light-weighed-crawler-tractor-with-rotary-tiller.webp 720w, https:\/\/taizyagromachine.com\/wp-content\/uploads\/2024\/12\/light-weighed-crawler-tractor-with-rotary-tiller-16x12.webp 16w\" sizes=\"auto, (max-width: 720px) 100vw, 720px\" \/><figcaption class=\"wp-element-caption\">tracteur \u00e0 chenilles l\u00e9ger avec fraise rotative<\/figcaption><\/figure> <\/div>   <h2 class=\"wp-block-heading\"><strong>Param\u00e8tres techniques du mini tracteur \u00e0 chenilles <\/strong><\/h2>    <figure class=\"wp-block-table\"><table class=\"has-fixed-layout\"><tbody><tr><td><strong>Poids<\/strong><strong><\/strong><\/td><td>650 kg<\/td><td><strong>Taille<\/strong><strong><\/strong><\/td><td>2500*900*950mm<\/td><\/tr><tr><td><strong>Hauteur du sol<\/strong><strong><\/strong><\/td><td>200mm<\/td><td><strong>Largeur de travail du sol rotatif<\/strong><strong><\/strong><\/td><td>1000mm<\/td><\/tr><tr><td><strong>Ascenseur<\/strong><strong><\/strong><\/td><td>Commande hydraulique<\/td><td><strong>Vitesse de travail<\/strong><strong><\/strong><\/td><td>0,17-0,2hectare\/h<\/td><\/tr><tr><td><strong>Engrenage<\/strong><strong><\/strong><\/td><td>3 vitesses avant, 1 marche arri\u00e8re<\/td><td><strong>Travaux de pente<\/strong><strong><\/strong><\/td><td>45\u00b0<\/td><\/tr><tr><td><strong>M\u00e9thode de d\u00e9marrage<\/strong><strong><\/strong><\/td><td>D\u00e9marreur \u00e9lectrique<\/td><td><strong>Pilotage<\/strong><strong><\/strong><\/td><td>Levier de commande gauche et droit<\/td><\/tr><tr><td><strong>Fonction<\/strong><strong><\/strong><\/td><td colspan=\"3\"><a href=\"https:\/\/en.wikipedia.org\/wiki\/Bulldozer\" target=\"_blank\" rel=\"noopener\">Passage au bulldozer<\/a>, travail du sol rotatif, creusement de tranch\u00e9es, d\u00e9sherbage, remblayage<\/td><\/tr><\/tbody><\/table><figcaption class=\"wp-element-caption\">Sp\u00e9cifications du motoculteur rotatif sur chenilles<\/figcaption><\/figure>    <p>Ce cultivateur sur chenilles a une capacit\u00e9 de 0,17 \u00e0 0,2 hectare\/h, utilise un d\u00e9marreur \u00e9lectrique et p\u00e8se 650 kg. De plus, \u00e0 partir du tableau ci-dessus, vous pouvez conna\u00eetre sa taille, sa vitesse de travail, etc. Si vous souhaitez plus de d\u00e9tails, n'h\u00e9sitez pas \u00e0 nous contacter\u00a0!<\/p>    <h2 class=\"wp-block-heading\"><strong>Structure du motoculteur rotatif \u00e0 micro chenilles<\/strong><\/h2>    <p>Notre motoculteur rotatif pour tracteur \u00e0 chenilles a une structure compacte et raisonnable, compos\u00e9e d'un panier, d'un moteur diesel, d'un levier de direction, d'un si\u00e8ge, d'un motoculteur rotatif (ou d'autres outils agricoles), d'une chenille, etc.<\/p>   <div class=\"wp-block-image\"> <figure class=\"aligncenter size-full\"><img loading=\"lazy\" decoding=\"async\" width=\"720\" height=\"540\" src=\"https:\/\/taizyagromachine.com\/wp-content\/uploads\/2024\/12\/structure-of-mini-crawler-power-tiller.webp\" alt=\"structure du mini motoculteur sur chenilles\" class=\"wp-image-7388\" srcset=\"https:\/\/taizyagromachine.com\/wp-content\/uploads\/2024\/12\/structure-of-mini-crawler-power-tiller.webp 720w, https:\/\/taizyagromachine.com\/wp-content\/uploads\/2024\/12\/structure-of-mini-crawler-power-tiller-16x12.webp 16w\" sizes=\"auto, (max-width: 720px) 100vw, 720px\" \/><figcaption class=\"wp-element-caption\">structure du mini motoculteur sur chenilles<\/figcaption><\/figure> <\/div>   <h2 class=\"wp-block-heading\"><strong>Quel est le prix du micro-motoculteur sur chenilles\u00a0?<\/strong><\/h2>    <p>Le prix d'un mini tracteur \u00e0 chenilles \u00e0 chenilles varie en fonction du mod\u00e8le, des caract\u00e9ristiques, de la configuration et du lieu d'origine. D\u2019une mani\u00e8re g\u00e9n\u00e9rale, les mod\u00e8les standards sont propos\u00e9s \u00e0 un prix mod\u00e9r\u00e9 et conviennent \u00e0 la plupart des besoins des agriculteurs. Les mod\u00e8les avec plus de fonctionnalit\u00e9s ou plus de fonctions seront l\u00e9g\u00e8rement plus chers. Si vous devez personnaliser une configuration sp\u00e9ciale, le prix sera ajust\u00e9 en cons\u00e9quence. <\/p>    <p>Lors de l'achat d'un cultivateur rotatif \u00e0 mini tracteur \u00e0 chenilles \u00e0 moteur diesel, nous pouvons vous recommander un motoculteur rotatif \u00e0 chenilles pour tracteur diesel adapt\u00e9 \u00e0 vos besoins et \u00e0 votre budget.<\/p>   <div class=\"wp-block-image\"> <figure class=\"aligncenter size-full\"><img loading=\"lazy\" decoding=\"async\" width=\"720\" height=\"540\" src=\"https:\/\/taizyagromachine.com\/wp-content\/uploads\/2024\/12\/small-crawler-tiller-micro-cultivator-for-orchard.webp\" alt=\"Micro cultivateur \u00e0 chenilles pour verger\" class=\"wp-image-7393\" srcset=\"https:\/\/taizyagromachine.com\/wp-content\/uploads\/2024\/12\/small-crawler-tiller-micro-cultivator-for-orchard.webp 720w, https:\/\/taizyagromachine.com\/wp-content\/uploads\/2024\/12\/small-crawler-tiller-micro-cultivator-for-orchard-16x12.webp 16w\" sizes=\"auto, (max-width: 720px) 100vw, 720px\" \/><figcaption class=\"wp-element-caption\">Micro cultivateur \u00e0 chenilles pour verger<\/figcaption><\/figure> <\/div>   <h2 class=\"wp-block-heading\"><strong>Pourquoi choisir Taizy comme fournisseur de motoculteurs rotatifs \u00e0 micro chenilles\u00a0?<\/strong><\/h2>    <p>Sur le march\u00e9 agricole, Taizy est une marque de confiance, avec les atouts suivants :<\/p>    <ul class=\"wp-block-list\"> <li><strong>Service \u00e0 guichet unique<\/strong>: l'arri\u00e8re du microculteur sur chenilles peut \u00eatre remplac\u00e9 par d'autres outils agricoles, tels que du mat\u00e9riel de sillonnage, un bulldozer, etc. Vous pouvez acheter chez nous en une seule fois sans perdre de temps.<\/li>    <li><strong>Prix \u200b\u200braisonnable<\/strong>: compar\u00e9 aux produits similaires sur le march\u00e9, le cultivateur \u00e0 micro-motoculteur sur chenilles Taizy a un prix plus raisonnable avec la m\u00eame qualit\u00e9 et les m\u00eames performances. Dans le m\u00eame temps, nous proposons souvent des politiques pr\u00e9f\u00e9rentielles aux clients afin d'aider les agriculteurs \u00e0 r\u00e9duire le co\u00fbt d'achat.<\/li>    <li><strong>Service apr\u00e8s-vente parfait<\/strong>: Taizy fournit un service apr\u00e8s-vente complet, comprenant la mise en service des \u00e9quipements, la formation au fonctionnement et l'assistance \u00e0 la maintenance. Quels que soient les probl\u00e8mes que vous rencontrez, notre \u00e9quipe de professionnels vous apportera une aide rapide. Vous pouvez acheter en toute confiance et l\u2019utiliser en toute tranquillit\u00e9.<\/li>    <li><strong>Marque reconnue internationalement<\/strong>: En tant que marque bien connue de machines agricoles, les produits Taizy ont \u00e9t\u00e9 vendus dans de nombreux pays et sont largement salu\u00e9s par les utilisateurs du monde entier. Non seulement le motoculteur sur chenilles, mais aussi <a href=\"https:\/\/taizyagromachine.com\/fr\/product\/reaper-machine\/\">machine \u00e0 faucher<\/a>, <a href=\"https:\/\/taizyagromachine.com\/fr\/product\/two-wheel-drive-walking-type-tractor\/\">tracteur \u00e0 conducteur marchant<\/a> et plus encore.<\/li> <\/ul>    <figure class=\"wp-block-gallery has-nested-images columns-default is-cropped wp-block-gallery-2 is-layout-flex wp-block-gallery-is-layout-flex\"> <figure class=\"wp-block-image size-large\"><img loading=\"lazy\" decoding=\"async\" width=\"720\" height=\"540\" data-id=\"7395\" src=\"https:\/\/taizyagromachine.com\/wp-content\/uploads\/2024\/12\/micro-crawler-rotary-cultivator-manufacturer.webp\" alt=\"fabricant de cultivateur rotatif sur chenilles micro\" class=\"wp-image-7395\" srcset=\"https:\/\/taizyagromachine.com\/wp-content\/uploads\/2024\/12\/micro-crawler-rotary-cultivator-manufacturer.webp 720w, https:\/\/taizyagromachine.com\/wp-content\/uploads\/2024\/12\/micro-crawler-rotary-cultivator-manufacturer-16x12.webp 16w\" sizes=\"auto, (max-width: 720px) 100vw, 720px\" \/><figcaption class=\"wp-element-caption\">fabricant de cultivateur rotatif sur chenilles micro<\/figcaption><\/figure>    <figure class=\"wp-block-image size-large\"><img loading=\"lazy\" decoding=\"async\" width=\"720\" height=\"540\" data-id=\"7394\" src=\"https:\/\/taizyagromachine.com\/wp-content\/uploads\/2024\/12\/crawler-type-rotary-tiller-factory.webp\" alt=\"usine de fraises rotatives sur chenilles\" class=\"wp-image-7394\" srcset=\"https:\/\/taizyagromachine.com\/wp-content\/uploads\/2024\/12\/crawler-type-rotary-tiller-factory.webp 720w, https:\/\/taizyagromachine.com\/wp-content\/uploads\/2024\/12\/crawler-type-rotary-tiller-factory-16x12.webp 16w\" sizes=\"auto, (max-width: 720px) 100vw, 720px\" \/><figcaption class=\"wp-element-caption\">usine de fraises rotatives sur chenilles<\/figcaption><\/figure> <\/figure>    <h2 class=\"wp-block-heading\"><strong>Contactez-nous pour plus de d\u00e9tails!<\/strong><\/h2>    <p>Vous recherchez un mini cultivateur sur chenilles performant ? Contactez Taizy d\u00e8s aujourd\u2019hui\u00a0! Notre \u00e9quipe est pr\u00eate \u00e0 fournir des informations d\u00e9taill\u00e9es sur les produits, une assistance technique et des solutions personnalis\u00e9es pour r\u00e9pondre \u00e0 vos besoins. Contactez-nous d\u00e8s maintenant et d\u00e9couvrez comment Taizy peut vous aider \u00e0 am\u00e9liorer l\u2019efficacit\u00e9 de votre agriculture !<\/p>","protected":false},"excerpt":{"rendered":"<p>Le motoculteur rotatif sur chenilles Taizy est le dernier cultivateur multifonctionnel, utilis\u00e9 pour sillonner et fertiliser les raisins, les arbres fruitiers, les gojis et autres cultures commerciales.<\/p>","protected":false},"author":1,"featured_media":7387,"parent":0,"template":"","tags":[239,238],"product-type":[22],"class_list":["post-7386","product","type-product","status-publish","has-post-thumbnail","hentry","tag-farming","tag-tiller","product-type-others"],"_links":{"self":[{"href":"https:\/\/taizyagromachine.com\/fr\/wp-json\/wp\/v2\/product\/7386","targetHints":{"allow":["GET"]}}],"collection":[{"href":"https:\/\/taizyagromachine.com\/fr\/wp-json\/wp\/v2\/product"}],"about":[{"href":"https:\/\/taizyagromachine.com\/fr\/wp-json\/wp\/v2\/types\/product"}],"author":[{"embeddable":true,"href":"https:\/\/taizyagromachine.com\/fr\/wp-json\/wp\/v2\/users\/1"}],"wp:featuredmedia":[{"embeddable":true,"href":"https:\/\/taizyagromachine.com\/fr\/wp-json\/wp\/v2\/media\/7387"}],"wp:attachment":[{"href":"https:\/\/taizyagromachine.com\/fr\/wp-json\/wp\/v2\/media?parent=7386"}],"wp:term":[{"taxonomy":"post_tag","embeddable":true,"href":"https:\/\/taizyagromachine.com\/fr\/wp-json\/wp\/v2\/tags?post=7386"},{"taxonomy":"product-type","embeddable":true,"href":"https:\/\/taizyagromachine.com\/fr\/wp-json\/wp\/v2\/product-type?post=7386"}],"curies":[{"name":"wp","href":"https:\/\/api.w.org\/{rel}","templated":true}]}}