{"id":7410,"date":"2024-12-18T16:53:21","date_gmt":"2024-12-18T08:53:21","guid":{"rendered":"https:\/\/taizyagromachine.com\/?post_type=product&#038;p=7410"},"modified":"2024-12-18T17:01:22","modified_gmt":"2024-12-18T09:01:22","slug":"small-corn-harvesting-machine","status":"publish","type":"product","link":"https:\/\/taizyagromachine.com\/fr\/product\/small-corn-harvesting-machine\/","title":{"rendered":"Petite r\u00e9colteuse de ma\u00efs avec si\u00e8ge"},"content":{"rendered":"<p class=\"translation-block\">La <strong>moissonneuse de ma\u00efs<\/strong> Taizy combine les fonctions de cueillette, d'\u00e9grenage, de broyage de paille et de collecte de ma\u00efs, accomplissant la t\u00e2che de r\u00e9colte du ma\u00efs de mani\u00e8re efficace et rapide. Elle peut r\u00e9colter du ma\u00efs sur une surface de 0,05 \u00e0 0,12 hectare par heure.<\/p>    <p>Cette machine Mazie Harvester a une conception de si\u00e8ges, de gros pneus et est entra\u00een\u00e9e par 25 ch. Avec sa grande efficacit\u00e9, sa sauvegarde du travail, son \u00e9conomie et son aspect pratique, il convient \u00e0 un large \u00e9ventail de terrains et d'exigences de travail. La machine est id\u00e9ale pour les op\u00e9rations de r\u00e9colte de ma\u00efs continue.<\/p>    <p>Si vous \u00eates int\u00e9ress\u00e9 par cet \u00e9quipement, n'h\u00e9sitez pas \u00e0 nous contacter pour plus d'informations\u00a0!<\/p>    <figure class=\"wp-block-embed is-type-video is-provider-youtube wp-block-embed-youtube wp-embed-aspect-16-9 wp-has-aspect-ratio\"><div class=\"wp-block-embed__wrapper\"> <iframe loading=\"lazy\" title=\"R\u00e9colte de ma\u00efs efficace avec la r\u00e9colteuse de ma\u00efs Taizy | Cueilleur de ma\u00efs\" width=\"500\" height=\"281\" src=\"https:\/\/www.youtube.com\/embed\/RQLRhR-9diU?feature=oembed\" frameborder=\"0\" allow=\"accelerometer; autoplay; clipboard-write; encrypted-media; gyroscope; picture-in-picture; web-share\" referrerpolicy=\"strict-origin-when-cross-origin\" allowfullscreen><\/iframe> <\/div><figcaption class=\"wp-element-caption\">vid\u00e9o de travail de la r\u00e9colteuse de ma\u00efs<\/figcaption><\/figure>    <h2 class=\"wp-block-heading\"><strong>Avantages de la petite r\u00e9colteuse de ma\u00efs<\/strong><\/h2>    <ul class=\"wp-block-list\"> <li><strong>Conception avec si\u00e8ge<\/strong>: la machine est \u00e9quip\u00e9e d'un si\u00e8ge confortable, l'op\u00e9rateur peut s'asseoir et travailler, r\u00e9duisant consid\u00e9rablement l'intensit\u00e9 du travail et am\u00e9liorant le confort de travail.<\/li>    <li><strong>Op\u00e9ration sur une seule rang\u00e9e<\/strong>: con\u00e7ue pour les plantations \u00e0 petite \u00e9chelle, la r\u00e9colteuse de ma\u00efs convient aux terres agricoles avec un faible espacement des rangs et un terrain compliqu\u00e9.<\/li>    <li><strong>R\u00e9colte \u00e0 haute efficacit\u00e9<\/strong>: il termine le travail de cueillette, de s\u00e9paration et de collecte en m\u00eame temps, \u00e9conomisant consid\u00e9rablement du temps et du travail.<\/li>    <li><strong>Flexible et pratique<\/strong>: cette machine a une taille compacte et un petit rayon de braquage, adapt\u00e9 aux plaines, collines et autres terrains.<\/li>    <li>Il est abordable, simple \u00e0 utiliser et pratique \u00e0 entretenir.<\/li> <\/ul>   <div class=\"wp-block-image\"> <figure class=\"aligncenter size-full\"><img loading=\"lazy\" decoding=\"async\" width=\"720\" height=\"540\" src=\"https:\/\/taizyagromachine.com\/wp-content\/uploads\/2024\/12\/mini-corn-harvester-machine.webp\" alt=\"mini r\u00e9colteuse de ma\u00efs\" class=\"wp-image-7418\" srcset=\"https:\/\/taizyagromachine.com\/wp-content\/uploads\/2024\/12\/mini-corn-harvester-machine.webp 720w, https:\/\/taizyagromachine.com\/wp-content\/uploads\/2024\/12\/mini-corn-harvester-machine-16x12.webp 16w\" sizes=\"auto, (max-width: 720px) 100vw, 720px\" \/><figcaption class=\"wp-element-caption\">mini r\u00e9colteuse de ma\u00efs<\/figcaption><\/figure> <\/div>   <h2 class=\"wp-block-heading\"><strong>Donn\u00e9es techniques de la r\u00e9colteuse de ma\u00efs<\/strong><\/h2>    <figure class=\"wp-block-table\"><table><tbody><tr><td>Mod\u00e8le<\/td><td>CM4YZP-1<\/td><\/tr><tr><td>Pouvoir&nbsp;<\/td><td>25 ch<\/td><\/tr><tr><td>Productivit\u00e9<\/td><td>0,05-0,12 h\u33a1\/h<\/td><\/tr><tr><td>Plage de travail<\/td><td>650mm<\/td><\/tr><tr><td>Garde au sol minimale<\/td><td>200mm<\/td><\/tr><tr><td>Vitesse nominale<\/td><td>2200 tr\/min<\/td><\/tr><tr><td>Taille<\/td><td>3650*1000*1270mm<\/td><\/tr><tr><td>Poids<\/td><td>980 kg<\/td><\/tr><\/tbody><\/table><figcaption class=\"wp-element-caption\">sp\u00e9cifications de la mini r\u00e9colteuse de ma\u00efs<\/figcaption><\/figure>    <h2 class=\"wp-block-heading\"><strong>Structure<\/strong> <strong>de machine de r\u00e9colte de ma\u00efs<\/strong><\/h2>    <p>La machine est con\u00e7ue pour \u00eatre compacte et efficace, compos\u00e9e principalement d'une table de d\u00e9coupe, d'un dispositif de transport, d'un dispositif d'\u00e9pluchage, d'une collecte, d'un syst\u00e8me d'alimentation, d'un si\u00e8ge, etc.<\/p>    <ul class=\"wp-block-list\"> <li>Table de coupe : utilis\u00e9e pour couper les tiges de ma\u00efs et s\u00e9parer les \u00e9pis du ma\u00efs.<\/li>    <li>Convoyeur : transf\u00e9rez les \u00e9pis de la table de d\u00e9coupe vers le dispositif d'\u00e9pluchage.<\/li>    <li>D\u00e9capant : enl\u00e8ve efficacement les couvertures des cors pour assurer la propret\u00e9 du produit fini.<\/li>    <li>Boite de collecte : semence pour r\u00e9cup\u00e9rer les cors \u00e9pluch\u00e9s.<\/li>    <li>Syst\u00e8me d'alimentation\u00a0: offre la puissance n\u00e9cessaire pour entra\u00eener la r\u00e9colteuse de ma\u00efs.<\/li> <\/ul>   <div class=\"wp-block-image\"> <figure class=\"aligncenter size-full\"><img loading=\"lazy\" decoding=\"async\" width=\"720\" height=\"540\" src=\"https:\/\/taizyagromachine.com\/wp-content\/uploads\/2024\/12\/small-corn-harvesting-machine-for-sale.webp\" alt=\"petite r\u00e9colteuse de ma\u00efs \u00e0 vendre\" class=\"wp-image-7416\" srcset=\"https:\/\/taizyagromachine.com\/wp-content\/uploads\/2024\/12\/small-corn-harvesting-machine-for-sale.webp 720w, https:\/\/taizyagromachine.com\/wp-content\/uploads\/2024\/12\/small-corn-harvesting-machine-for-sale-16x12.webp 16w\" sizes=\"auto, (max-width: 720px) 100vw, 720px\" \/><figcaption class=\"wp-element-caption\">petite r\u00e9colteuse de ma\u00efs \u00e0 vendre<\/figcaption><\/figure> <\/div>   <h2 class=\"wp-block-heading\"><strong>Comment fonctionne la r\u00e9colteuse de ma\u00efs ?<\/strong><\/h2>    <p>Lorsque la r\u00e9colteuse de ma\u00efs est en fonctionnement, la table de coupe est entra\u00een\u00e9e par le syst\u00e8me \u00e9lectrique, qui coupe les tiges de ma\u00efs puis transf\u00e8re les \u00e9pis \u00e0 travers le convoyeur jusqu'au dispositif d'\u00e9pluchage pour traitement. Le dispositif d'\u00e9pluchage enl\u00e8ve les enveloppes externes du ma\u00efs et stocke enfin le ma\u00efs trait\u00e9 dans une bo\u00eete de collecte. L'ensemble du processus est efficace et continu, ce qui permet d'\u00e9conomiser consid\u00e9rablement du temps et du travail.<\/p>    <h2 class=\"wp-block-heading\"><strong>Quel est le prix de la machine de r\u00e9colte de ma\u00efs Taizy?<\/strong><\/h2>    <p>La r\u00e9colteuse de ma\u00efs propos\u00e9e par Taizy est connue pour ses performances en termes de co\u00fbts \u00e9lev\u00e9s, et ses prix varient selon les mod\u00e8les, les configurations et les fonctions. La r\u00e9colteuse de ma\u00efs \u00e0 vendre de Taizy a g\u00e9n\u00e9ralement une seule rang\u00e9e, mais il existe \u00e9galement une r\u00e9colteuse de ma\u00efs \u00e0 2 rangs avec diff\u00e9rentes configurations. Ce dernier est plus cher.<\/p>    <p>Nous prenons \u00e9galement en charge les solutions personnalis\u00e9es pour nous assurer que chaque client obtient le bon produit pour ses besoins. Si vous voulez des prix sp\u00e9cifiques de la machine, veuillez nous contacter. Dites-nous vos besoins et nous fournirons la solution la plus appropri\u00e9e et le meilleur prix!<\/p>   <div class=\"wp-block-image\"> <figure class=\"aligncenter size-full\"><img loading=\"lazy\" decoding=\"async\" width=\"720\" height=\"540\" src=\"https:\/\/taizyagromachine.com\/wp-content\/uploads\/2024\/12\/corn-picker-machine-with-seat.webp\" alt=\"r\u00e9colteuse de ma\u00efs avec si\u00e8ge\" class=\"wp-image-7417\" srcset=\"https:\/\/taizyagromachine.com\/wp-content\/uploads\/2024\/12\/corn-picker-machine-with-seat.webp 720w, https:\/\/taizyagromachine.com\/wp-content\/uploads\/2024\/12\/corn-picker-machine-with-seat-16x12.webp 16w\" sizes=\"auto, (max-width: 720px) 100vw, 720px\" \/><figcaption class=\"wp-element-caption\">r\u00e9colteuse de ma\u00efs avec si\u00e8ge<\/figcaption><\/figure> <\/div>   <h2 class=\"wp-block-heading\"><strong>R\u00e9colteuse de ma\u00efs avec si\u00e8ge VS. r\u00e9colteuse de ma\u00efs automotrice \u00e0 une rang\u00e9e<\/strong><\/h2>    <p class=\"translation-block\"><strong>Moissonneuse de ma\u00efs avec si\u00e8ge<\/strong> : cette machine de r\u00e9colte du ma\u00efs convient aux longues heures de fonctionnement, offrant le confort de l'op\u00e9rateur et une plus grande efficacit\u00e9. Elle est recommand\u00e9e pour les exploitations agricoles moyennes \u00e0 grandes ou dans les sc\u00e9narios o\u00f9 la demande d'exploitation continue est \u00e9lev\u00e9e.<\/p>    <p class=\"translation-block\"><strong>Moissonneuse de ma\u00efs automotrice \u00e0 une rang\u00e9e<\/strong> : ce <a href=\"https:\/\/taizyagromachine.com\/fr\/product\/single-row-corn-harvester\/\">cueilleur de ma\u00efs 1 rang\u00e9e<\/a> est plus compact et flexible, id\u00e9al pour les particuliers, les petites parcelles ou les petites exploitations. Ce type est g\u00e9n\u00e9ralement vendu en gros, appr\u00e9ci\u00e9 par les distributeurs mondiaux.<\/p>    <p>Les deux mod\u00e8les ont leurs propres avantages. Le mod\u00e8le avec si\u00e8ge convient aux utilisateurs qui recherchent efficacit\u00e9 et confort, tandis que le mod\u00e8le automoteur est plus adapt\u00e9 \u00e0 la demande de fonctionnement flexible. En fonction de l'environnement d'exploitation et du budget, les clients sont libres de choisir le bon mod\u00e8le.<\/p>    <figure class=\"wp-block-gallery has-nested-images columns-default is-cropped wp-block-gallery-2 is-layout-flex wp-block-gallery-is-layout-flex\"> <figure class=\"wp-block-image size-full\"><img loading=\"lazy\" decoding=\"async\" width=\"720\" height=\"540\" data-id=\"7420\" src=\"https:\/\/taizyagromachine.com\/wp-content\/uploads\/2024\/12\/new-type-corn-harvesting-machine.webp\" alt=\"machine de r\u00e9colte de ma\u00efs de nouveau type\" class=\"wp-image-7420\" srcset=\"https:\/\/taizyagromachine.com\/wp-content\/uploads\/2024\/12\/new-type-corn-harvesting-machine.webp 720w, https:\/\/taizyagromachine.com\/wp-content\/uploads\/2024\/12\/new-type-corn-harvesting-machine-16x12.webp 16w\" sizes=\"auto, (max-width: 720px) 100vw, 720px\" \/><figcaption class=\"wp-element-caption\">machine de r\u00e9colte de ma\u00efs de nouveau type<\/figcaption><\/figure>    <figure class=\"wp-block-image size-full\"><img loading=\"lazy\" decoding=\"async\" width=\"720\" height=\"540\" data-id=\"7364\" src=\"https:\/\/taizyagromachine.com\/wp-content\/uploads\/2024\/12\/1-row-corn-picker.webp\" alt=\"Cueilleur de ma\u00efs \u00e0 1 rang\" class=\"wp-image-7364\" srcset=\"https:\/\/taizyagromachine.com\/wp-content\/uploads\/2024\/12\/1-row-corn-picker.webp 720w, https:\/\/taizyagromachine.com\/wp-content\/uploads\/2024\/12\/1-row-corn-picker-16x12.webp 16w\" sizes=\"auto, (max-width: 720px) 100vw, 720px\" \/><figcaption class=\"wp-element-caption\">Cueilleur de ma\u00efs \u00e0 1 rang<\/figcaption><\/figure> <\/figure>    <h2 class=\"wp-block-heading\"><strong>Un service apr\u00e8s-vente dont vous pouvez profiter chez Taizy<\/strong><\/h2>    <p>Apr\u00e8s avoir achet\u00e9 la r\u00e9colteuse de ma\u00efs Taiz\u00e9, vous b\u00e9n\u00e9ficierez d'un service apr\u00e8s-vente complet, comprenant\u00a0:<\/p>    <ul class=\"wp-block-list\"> <li>Conseils techniques<\/li>    <li>Approvisionnement suffisant en pi\u00e8ces de rechange<\/li>    <li>Conseils d'entretien des \u00e9quipements<\/li>    <li>FAQ en ligne<\/li> <\/ul>    <p>Les services ci-dessus sont \u00e0 votre disposition. Notre service apr\u00e8s-vente garantit que votre r\u00e9colteuse de ma\u00efs peut fonctionner de mani\u00e8re stable pendant une longue p\u00e9riode.<\/p>    <h2 class=\"wp-block-heading\"><strong>Contactez-nous pour plus de d\u00e9tails!<\/strong><\/h2>    <p class=\"translation-block\">Si vous \u00eates int\u00e9ress\u00e9 par la moissonneuse de ma\u00efs Taizy, n'h\u00e9sitez pas \u00e0 nous contacter. Nous vous fournirons des informations d\u00e9taill\u00e9es et des solutions de r\u00e9colte de <a href=\"https:\/\/en.wikipedia.org\/wiki\/Maize\" target=\"_blank\" rel=\"noopener\">ma\u00efs<\/a> !<\/p>","protected":false},"excerpt":{"rendered":"<p>La machine de r\u00e9colte de ma\u00efs Taizy combine les fonctions de cueillette du ma\u00efs, d'\u00e9pluchage, de concassage de la paille et de collecte du ma\u00efs, avec une capacit\u00e9 de 0,05 \u00e0 0,12 h\u33a1\/h.<\/p>","protected":false},"author":1,"featured_media":7412,"parent":0,"template":"","tags":[79,240],"product-type":[17],"class_list":["post-7410","product","type-product","status-publish","has-post-thumbnail","hentry","tag-corn-machine","tag-harvester","product-type-corn-machine"],"_links":{"self":[{"href":"https:\/\/taizyagromachine.com\/fr\/wp-json\/wp\/v2\/product\/7410","targetHints":{"allow":["GET"]}}],"collection":[{"href":"https:\/\/taizyagromachine.com\/fr\/wp-json\/wp\/v2\/product"}],"about":[{"href":"https:\/\/taizyagromachine.com\/fr\/wp-json\/wp\/v2\/types\/product"}],"author":[{"embeddable":true,"href":"https:\/\/taizyagromachine.com\/fr\/wp-json\/wp\/v2\/users\/1"}],"wp:featuredmedia":[{"embeddable":true,"href":"https:\/\/taizyagromachine.com\/fr\/wp-json\/wp\/v2\/media\/7412"}],"wp:attachment":[{"href":"https:\/\/taizyagromachine.com\/fr\/wp-json\/wp\/v2\/media?parent=7410"}],"wp:term":[{"taxonomy":"post_tag","embeddable":true,"href":"https:\/\/taizyagromachine.com\/fr\/wp-json\/wp\/v2\/tags?post=7410"},{"taxonomy":"product-type","embeddable":true,"href":"https:\/\/taizyagromachine.com\/fr\/wp-json\/wp\/v2\/product-type?post=7410"}],"curies":[{"name":"wp","href":"https:\/\/api.w.org\/{rel}","templated":true}]}}