{"id":7488,"date":"2025-01-08T16:59:19","date_gmt":"2025-01-08T08:59:19","guid":{"rendered":"https:\/\/taizyagromachine.com\/?post_type=product&#038;p=7488"},"modified":"2025-01-08T17:53:44","modified_gmt":"2025-01-08T09:53:44","slug":"automatic-soybean-thresher-machine","status":"publish","type":"product","link":"https:\/\/taizyagromachine.com\/fr\/product\/automatic-soybean-thresher-machine\/","title":{"rendered":"Batteuse automatique de soja \u00e0 usage agricole"},"content":{"rendered":"<p class=\"translation-block\">Cette <strong>batteuse de soja<\/strong> retire les graines et les cosses du soja, des f\u00e8ves, des haricots, et d'autres cultures de l\u00e9gumineuses. Elle a une capacit\u00e9 de 500-700kg\/h. Le taux de d\u00e9pulpage est de \u226599%, le taux de casse est de \u22640,5%, et le taux de perte total est de \u22641,0%. <\/p>    <p>La machine \u00e0 d\u00e9cortiquer les haricots peut \u00eatre entra\u00een\u00e9e par un moteur \u00e9lectrique, un moteur diesel ou un prise de force (PTO). Avec son fonctionnement facile, ses nombreuses applications et sa haute efficacit\u00e9, elle est populaire dans les usines de transformation des haricots. Si vous \u00eates int\u00e9ress\u00e9, n'h\u00e9sitez pas \u00e0 nous contacter d\u00e8s maintenant pour plus de d\u00e9tails !<\/p>    <figure class=\"wp-block-embed is-type-video is-provider-youtube wp-block-embed-youtube wp-embed-aspect-16-9 wp-has-aspect-ratio\"><div class=\"wp-block-embed__wrapper\"> <iframe loading=\"lazy\" title=\"Batteuse de soja \u00e0 haut rendement | Petite batteuse de haricots multi-cultures pour la r\u00e9colte du soja\" width=\"500\" height=\"281\" src=\"https:\/\/www.youtube.com\/embed\/O0HaKNz8GKQ?feature=oembed\" frameborder=\"0\" allow=\"accelerometer; autoplay; clipboard-write; encrypted-media; gyroscope; picture-in-picture; web-share\" referrerpolicy=\"strict-origin-when-cross-origin\" allowfullscreen><\/iframe> <\/div><figcaption class=\"wp-element-caption\">batteuse de haricots polyvalente<\/figcaption><\/figure>    <h2 class=\"wp-block-heading\"><strong>Avantages de la batteuse de soja<\/strong><\/h2>    <ul class=\"wp-block-list\"> <li>\u00c7a peut <strong>battre 500 \u00e0 700 kg de haricots par heure<\/strong>, am\u00e9liorant l'efficacit\u00e9 du travail et r\u00e9duisant le travail manuel.<\/li>    <li>Cette batteuse de soja est <strong>convient \u00e0 toutes sortes de cultures de haricots, comme la f\u00e9verole, le haricot rouge, le haricot mungo<\/strong>, etc.<\/li>    <li>Gr\u00e2ce \u00e0 une conception de pr\u00e9cision, le <strong>la perte pendant le battage est \u22641,0%<\/strong>, tr\u00e8s faible, garantissant que davantage de grains de haricots soient collect\u00e9s intacts.<\/li>    <li>La machine a un <strong>structure simple, facile \u00e0 utiliser<\/strong>, adapt\u00e9 \u00e0 diff\u00e9rents niveaux d'utilisateurs.<\/li>    <li>Nous pouvons <strong>personnaliser la tension, la puissance, la configuration, la couleur de la machine,<\/strong> etc. pour r\u00e9pondre \u00e0 vos demandes.<\/li> <\/ul>   <div class=\"wp-block-image\"> <figure class=\"aligncenter size-full\"><img loading=\"lazy\" decoding=\"async\" width=\"720\" height=\"540\" src=\"https:\/\/taizyagromachine.com\/wp-content\/uploads\/2025\/01\/small-scale-bean-thresher.webp\" alt=\"batteuse de haricots \u00e0 petite \u00e9chelle\" class=\"wp-image-7497\" srcset=\"https:\/\/taizyagromachine.com\/wp-content\/uploads\/2025\/01\/small-scale-bean-thresher.webp 720w, https:\/\/taizyagromachine.com\/wp-content\/uploads\/2025\/01\/small-scale-bean-thresher-16x12.webp 16w\" sizes=\"auto, (max-width: 720px) 100vw, 720px\" \/><figcaption class=\"wp-element-caption\">batteuse de haricots \u00e0 petite \u00e9chelle<\/figcaption><\/figure> <\/div>   <h2 class=\"wp-block-heading\"><strong>Param\u00e8tres techniques de la batteuse de soja<\/strong><\/h2>    <figure class=\"wp-block-table\"><table class=\"has-fixed-layout\"><tbody><tr><td>Mod\u00e8le<\/td><td>5TD-900<\/td><\/tr><tr><td>Capacit\u00e9<\/td><td>500-700 kg\/heure<\/td><\/tr><tr><td>Puissance correspondante<\/td><td>Moteur \u22657,5 kW ou moteur diesel de 12 \u00e0 15 chevaux ou prise de force de tracteur <\/td><\/tr><tr><td>Taux de casse<\/td><td>\u22640,5%<\/td><\/tr><tr><td>Tarif non d\u00e9pouill\u00e9<\/td><td>\u22641,0%<\/td><\/tr><tr><td>Taux de perte totale<\/td><td>\u22641,0%<\/td><\/tr><tr><td>Vitesse du ventilateur<\/td><td>1000-1100r\/min<\/td><\/tr><tr><td>Diam\u00e8tre du ventilateur du ventilateur d'aspiration (ventilateur de nettoyage)<\/td><td>D=600mm<\/td><\/tr><tr><td>Diam\u00e8tre\/longueur du tambour<\/td><td>D=520mm(ou 500), L=900mm<\/td><\/tr><tr><td>Amplitude du tamis vibrant<\/td><td>30mm<\/td><\/tr><tr><td>Dimension (y compris les pneus et le cadre de traction)<\/td><td>340*170*140 (ou 156)cm<\/td><\/tr><tr><td>Poids<\/td><td>400 kg<\/td><\/tr><tr><td>Taille d'emballage<\/td><td>Machine unique dans une caisse en bois (y compris moteur diesel) 226*96*124cm<\/td><\/tr><\/tbody><\/table><figcaption class=\"wp-element-caption\">donn\u00e9es de la batteuse de haricots<\/figcaption><\/figure>    <h2 class=\"wp-block-heading\"><strong>Applications de la batteuse de graines de soja<\/strong><\/h2>    <p class=\"translation-block\">Cette batteuse de c\u00e9r\u00e9ales n'est pas seulement pour le <strong>soja<\/strong>, mais aussi pour les <strong>f\u00e8ves<\/strong>, les <strong>haricots<\/strong>, les <strong>haricots mungo<\/strong>, le <strong>sorgho<\/strong>, le <strong>ma\u00efs<\/strong>, le <strong>tournesol<\/strong>, etc.<\/strong><\/p>    <p>Les principaux sc\u00e9narios d'application incluent\u00a0:<\/p>    <ul class=\"wp-block-list\"> <li><strong>Utilisation agricole<\/strong>: aider les agriculteurs \u00e0 am\u00e9liorer l'efficacit\u00e9 du travail et un battage rapide<\/li>    <li><strong>Usine de transformation \u00e0 petite \u00e9chelle<\/strong>: dans les usines de transformation des produits \u00e0 base de soja, la batteuse est utilis\u00e9e pour traiter rapidement les graines de soja en vue d'une transformation ult\u00e9rieure en lait de soja, tofu, etc.<\/li>    <li><strong>Atelier familial<\/strong>: adapt\u00e9 \u00e0 la production \u00e0 petite \u00e9chelle et r\u00e9duisant le travail manuel.<\/li> <\/ul>    <figure class=\"wp-block-gallery has-nested-images columns-4 is-cropped wp-block-gallery-2 is-layout-flex wp-block-gallery-is-layout-flex\"> <figure class=\"wp-block-image size-full\"><img loading=\"lazy\" decoding=\"async\" width=\"1320\" height=\"1342\" data-id=\"7496\" src=\"https:\/\/taizyagromachine.com\/wp-content\/uploads\/2025\/01\/soybeans.webp\" alt=\"soja\" class=\"wp-image-7496\" srcset=\"https:\/\/taizyagromachine.com\/wp-content\/uploads\/2025\/01\/soybeans.webp 1320w, https:\/\/taizyagromachine.com\/wp-content\/uploads\/2025\/01\/soybeans-12x12.webp 12w\" sizes=\"auto, (max-width: 1320px) 100vw, 1320px\" \/><figcaption class=\"wp-element-caption\">soja<\/figcaption><\/figure>    <figure class=\"wp-block-image size-full\"><img loading=\"lazy\" decoding=\"async\" width=\"889\" height=\"500\" data-id=\"7493\" src=\"https:\/\/taizyagromachine.com\/wp-content\/uploads\/2025\/01\/fava-beans.webp\" alt=\"f\u00e8ves\" class=\"wp-image-7493\" srcset=\"https:\/\/taizyagromachine.com\/wp-content\/uploads\/2025\/01\/fava-beans.webp 889w, https:\/\/taizyagromachine.com\/wp-content\/uploads\/2025\/01\/fava-beans-18x10.webp 18w\" sizes=\"auto, (max-width: 889px) 100vw, 889px\" \/><figcaption class=\"wp-element-caption\">f\u00e8ves<\/figcaption><\/figure>    <figure class=\"wp-block-image size-full\"><img loading=\"lazy\" decoding=\"async\" width=\"640\" height=\"500\" data-id=\"7494\" src=\"https:\/\/taizyagromachine.com\/wp-content\/uploads\/2025\/01\/kidney-beans.webp\" alt=\"haricots rouges\" class=\"wp-image-7494\" srcset=\"https:\/\/taizyagromachine.com\/wp-content\/uploads\/2025\/01\/kidney-beans.webp 640w, https:\/\/taizyagromachine.com\/wp-content\/uploads\/2025\/01\/kidney-beans-15x12.webp 15w\" sizes=\"auto, (max-width: 640px) 100vw, 640px\" \/><figcaption class=\"wp-element-caption\">haricots rouges<\/figcaption><\/figure>    <figure class=\"wp-block-image size-full\"><img loading=\"lazy\" decoding=\"async\" width=\"500\" height=\"334\" data-id=\"7495\" src=\"https:\/\/taizyagromachine.com\/wp-content\/uploads\/2025\/01\/mung-beans.webp\" alt=\"haricots mungo\" class=\"wp-image-7495\" srcset=\"https:\/\/taizyagromachine.com\/wp-content\/uploads\/2025\/01\/mung-beans.webp 500w, https:\/\/taizyagromachine.com\/wp-content\/uploads\/2025\/01\/mung-beans-18x12.webp 18w\" sizes=\"auto, (max-width: 500px) 100vw, 500px\" \/><figcaption class=\"wp-element-caption\">haricots mungo<\/figcaption><\/figure> <\/figure>    <h2 class=\"wp-block-heading\"><strong>Structure de la batteuse de soja<\/strong><\/h2>    <p>La structure de la batteuse de haricots secs polyvalente \u00e0 vendre comprend plusieurs pi\u00e8ces importantes, et la fonction de chaque pi\u00e8ce est la suivante\u00a0:<\/p>    <ul class=\"wp-block-list\"> <li><strong>Entr\u00e9e<\/strong>: alimente la machine en graines de soja \u00e0 battre.<\/li>    <li><strong>Batteur<\/strong>: partie centrale du battage, qui s\u00e9pare les graines de soja des gousses par rotation.<\/li>    <li><strong>Dispositif de d\u00e9pistage<\/strong>: filtre les impuret\u00e9s et s\u00e9pare le soja des coques.<\/li>    <li><strong>Port de d\u00e9charge<\/strong>: les grains battus sont \u00e9vacu\u00e9s par l'orifice de d\u00e9charge pour garantir la propret\u00e9 et l'efficacit\u00e9.<\/li>    <li><strong>Syst\u00e8me du pouvoir<\/strong>: aliment\u00e9 par un moteur \u00e9lectrique ou un moteur diesel pour assurer un fonctionnement stable de la machine.<\/li> <\/ul>   <div class=\"wp-block-image\"> <figure class=\"aligncenter size-full\"><img loading=\"lazy\" decoding=\"async\" width=\"720\" height=\"540\" src=\"https:\/\/taizyagromachine.com\/wp-content\/uploads\/2025\/01\/bean-thresher-machine-for-sale.webp\" alt=\"batteuse de haricots \u00e0 vendre\" class=\"wp-image-7489\" srcset=\"https:\/\/taizyagromachine.com\/wp-content\/uploads\/2025\/01\/bean-thresher-machine-for-sale.webp 720w, https:\/\/taizyagromachine.com\/wp-content\/uploads\/2025\/01\/bean-thresher-machine-for-sale-16x12.webp 16w\" sizes=\"auto, (max-width: 720px) 100vw, 720px\" \/><figcaption class=\"wp-element-caption\">batteuse de haricots \u00e0 vendre<\/figcaption><\/figure> <\/div>   <h2 class=\"wp-block-heading\"><strong>Comment fonctionne la batteuse de soja\u00a0?<\/strong><\/h2>    <p>La batteuse de soja s\u00e9pare les graines de soja des gousses par rotation m\u00e9canique. Premi\u00e8rement, les haricots secs entrent dans la batteuse par l\u2019entr\u00e9e et les grains sont s\u00e9par\u00e9s des gousses par l\u2019action rotative du batteur. Ensuite, le dispositif de criblage \u00e0 l\u2019int\u00e9rieur de la machine s\u00e9pare les grains de haricots des impuret\u00e9s. Enfin, les grains de haricots nettoy\u00e9s sont \u00e9vacu\u00e9s de l'orifice de d\u00e9charge pour terminer le processus de battage.<\/p>    <p>L'ensemble du processus est propre et rapide, et il est bon de garantir l'int\u00e9grit\u00e9 des grains.<\/p>    <h2 class=\"wp-block-heading\"><strong>Quel est le prix de la machine \u00e0 battre les soja ?<\/strong><\/h2>    <p>Le prix de la batteuse de soja varie en fonction du syst\u00e8me \u00e9lectrique, de la configuration de la machine, de la marque et d'autres facteurs.<\/p>    <p>Trois types de puissance peuvent correspondre \u00e0 la batteuse, et le prix de chacun est diff\u00e9rent. De plus, la configuration interne de la machine est l\u00e9g\u00e8rement diff\u00e9rente selon la mati\u00e8re premi\u00e8re \u00e0 battre, et le prix est \u00e9galement diff\u00e9rent. En plus de cela, les \u00e9quipements de marques connues b\u00e9n\u00e9ficient d'un bon service apr\u00e8s-vente, et le prix sera un peu plus \u00e9lev\u00e9 que les autres.<\/p>    <p>Notre batteuse de graines de soja Taizy est d'un prix raisonnable et rentable, adapt\u00e9e aux fermes et aux transformateurs de diff\u00e9rentes tailles. Si vous souhaitez conna\u00eetre le prix sp\u00e9cifique de la machine, n'h\u00e9sitez pas \u00e0 nous contacter pour un devis d\u00e9taill\u00e9\u00a0!<\/p>   <div class=\"wp-block-image\"> <figure class=\"aligncenter size-full\"><img loading=\"lazy\" decoding=\"async\" width=\"720\" height=\"540\" src=\"https:\/\/taizyagromachine.com\/wp-content\/uploads\/2025\/01\/soybean-thresher-machine-in-the-factory.webp\" alt=\"batteuse de soja en usine\" class=\"wp-image-7492\" srcset=\"https:\/\/taizyagromachine.com\/wp-content\/uploads\/2025\/01\/soybean-thresher-machine-in-the-factory.webp 720w, https:\/\/taizyagromachine.com\/wp-content\/uploads\/2025\/01\/soybean-thresher-machine-in-the-factory-16x12.webp 16w\" sizes=\"auto, (max-width: 720px) 100vw, 720px\" \/><figcaption class=\"wp-element-caption\">batteuse de soja en usine<\/figcaption><\/figure> <\/div>   <h2 class=\"wp-block-heading\"><strong>Pourquoi choisir Taizy comme fournisseur de batteuse de soja\u00a0?<\/strong><\/h2>    <p class=\"translation-block\">Pourquoi choisir Taizy comme fournisseur de batteuses de soja alors qu'il existe de nombreux fournisseurs de <a href=\"https:\/\/taizyagromachine.com\/fr\/product\/multifunctional-thresher\/\">batteuses multifonctionnelles<\/a> sur le march\u00e9 ? Voici les principaux points :<\/p>    <ul class=\"wp-block-list\"> <li><strong>Assurance qualit\u00e9<\/strong>La machine \u00e0 battre de Taiz\u00e9 est int\u00e9gr\u00e9e \u00e0 l'industrie et au commerce. Notre usine fabrique l'\u00e9quipement avec des mat\u00e9riaux de haute qualit\u00e9 et des structures robustes pour garantir un fonctionnement stable \u00e0 long terme.<\/li>    <li><strong>Service apr\u00e8s-vente parfait<\/strong>: nous fournissons une s\u00e9rie de services tels que l'installation et la mise en service des \u00e9quipements, la formation au fonctionnement, le support technique, etc. pour garantir que les clients n'ont aucun souci.<\/li>    <li><strong>Solutions personnalis\u00e9es<\/strong>: selon les besoins du client, nous fournissons une configuration d'\u00e9quipement personnalis\u00e9e pour r\u00e9pondre aux besoins de production \u00e0 diff\u00e9rentes \u00e9chelles.<\/li> <\/ul>    <figure class=\"wp-block-gallery has-nested-images columns-default is-cropped wp-block-gallery-3 is-layout-flex wp-block-gallery-is-layout-flex\"> <figure class=\"wp-block-image size-large\"><img loading=\"lazy\" decoding=\"async\" width=\"720\" height=\"540\" data-id=\"7490\" src=\"https:\/\/taizyagromachine.com\/wp-content\/uploads\/2025\/01\/soya-beans-thresher-machine-manufacturer.webp\" alt=\"fabricant de batteuse de graines de soja\" class=\"wp-image-7490\" srcset=\"https:\/\/taizyagromachine.com\/wp-content\/uploads\/2025\/01\/soya-beans-thresher-machine-manufacturer.webp 720w, https:\/\/taizyagromachine.com\/wp-content\/uploads\/2025\/01\/soya-beans-thresher-machine-manufacturer-16x12.webp 16w\" sizes=\"auto, (max-width: 720px) 100vw, 720px\" \/><figcaption class=\"wp-element-caption\">fabricant de batteuse de graines de soja<\/figcaption><\/figure>    <figure class=\"wp-block-image size-large\"><img loading=\"lazy\" decoding=\"async\" width=\"720\" height=\"540\" data-id=\"7491\" src=\"https:\/\/taizyagromachine.com\/wp-content\/uploads\/2025\/01\/soybeans-thresher-in-stock.webp\" alt=\"batteuse de soja en stock\" class=\"wp-image-7491\" srcset=\"https:\/\/taizyagromachine.com\/wp-content\/uploads\/2025\/01\/soybeans-thresher-in-stock.webp 720w, https:\/\/taizyagromachine.com\/wp-content\/uploads\/2025\/01\/soybeans-thresher-in-stock-16x12.webp 16w\" sizes=\"auto, (max-width: 720px) 100vw, 720px\" \/><figcaption class=\"wp-element-caption\">batteuse de soja en stock<\/figcaption><\/figure> <\/figure>    <h2 class=\"wp-block-heading\"><strong>Contactez-nous pour plus de d\u00e9tails!<\/strong><\/h2>    <p>Si vous avez besoin d'acheter une batteuse de soja ou si vous \u00eates int\u00e9ress\u00e9 par notre \u00e9quipement, veuillez nous contacter imm\u00e9diatement. Nous vous fournirons des informations d\u00e9taill\u00e9es sur les produits et des devis pour vous aider \u00e0 choisir la batteuse la plus adapt\u00e9e et aider votre entreprise agricole \u00e0 se d\u00e9velopper avec succ\u00e8s\u00a0!<\/p>","protected":false},"excerpt":{"rendered":"<p>Cette machine \u00e0 battre le soja enl\u00e8ve les graines et les gousses de soja, de haricots larges, de haricots rouges et d'autres cultures de l\u00e9gumineuses. Elle a une capacit\u00e9 de 500 \u00e0 700 kg\/h.<\/p>","protected":false},"author":1,"featured_media":7498,"parent":0,"template":"","tags":[241],"product-type":[22],"class_list":["post-7488","product","type-product","status-publish","has-post-thumbnail","hentry","tag-soybean","product-type-others"],"_links":{"self":[{"href":"https:\/\/taizyagromachine.com\/fr\/wp-json\/wp\/v2\/product\/7488","targetHints":{"allow":["GET"]}}],"collection":[{"href":"https:\/\/taizyagromachine.com\/fr\/wp-json\/wp\/v2\/product"}],"about":[{"href":"https:\/\/taizyagromachine.com\/fr\/wp-json\/wp\/v2\/types\/product"}],"author":[{"embeddable":true,"href":"https:\/\/taizyagromachine.com\/fr\/wp-json\/wp\/v2\/users\/1"}],"wp:featuredmedia":[{"embeddable":true,"href":"https:\/\/taizyagromachine.com\/fr\/wp-json\/wp\/v2\/media\/7498"}],"wp:attachment":[{"href":"https:\/\/taizyagromachine.com\/fr\/wp-json\/wp\/v2\/media?parent=7488"}],"wp:term":[{"taxonomy":"post_tag","embeddable":true,"href":"https:\/\/taizyagromachine.com\/fr\/wp-json\/wp\/v2\/tags?post=7488"},{"taxonomy":"product-type","embeddable":true,"href":"https:\/\/taizyagromachine.com\/fr\/wp-json\/wp\/v2\/product-type?post=7488"}],"curies":[{"name":"wp","href":"https:\/\/api.w.org\/{rel}","templated":true}]}}