{"id":7875,"date":"2025-04-17T17:29:23","date_gmt":"2025-04-17T09:29:23","guid":{"rendered":"https:\/\/taizyagromachine.com\/?post_type=product&#038;p=7875"},"modified":"2025-04-17T17:29:24","modified_gmt":"2025-04-17T09:29:24","slug":"combine-potato-harvester","status":"publish","type":"product","link":"https:\/\/taizyagromachine.com\/fr\/product\/combine-potato-harvester\/","title":{"rendered":"Combiner la moissonneuse de pommes de terre avec un tracteur"},"content":{"rendered":"<p class=\"translation-block\">La <strong>r\u00e9colteuse de pommes de terre<\/strong> Taizy peut \u00eatre utilis\u00e9e avec un tracteur \u00e0 quatre roues pour effectuer en une seule fois le creusage, le transport, la collecte, le chargement et d'autres op\u00e9rations de pommes de terre. La puissance du tracteur correspondant est de \u2265 40 CV (selon le mod\u00e8le de la machine), avec un attelage pratique et une grande maniabilit\u00e9.<\/p>    <p>Ce creuseur de pommes de terre \u00e0 3 points peut r\u00e9colter 5-8 Mu de pommes de terre ou de patates douces par heure, et le d\u00e9bit de pommes de terre Ming est \u226596%, et le taux de rupture de la peau est \u22642%. Il pr\u00e9sente les avantages de la charge automatique, de l'efficacit\u00e9 de r\u00e9colte \u00e9lev\u00e9e, du faible taux de rupture, du courant l\u00e9ger sans vibration, pas de bouchage d'herbe, de la fuite rapide du sol et de la longue dur\u00e9e de vie. Ainsi, cette machine est id\u00e9ale pour r\u00e9colter des \u00e9quipements agricoles. \u00cates-vous int\u00e9ress\u00e9? Contactez-nous maintenant pour en acheter un!<\/p>    <figure class=\"wp-block-embed is-type-video is-provider-youtube wp-block-embed-youtube wp-embed-aspect-16-9 wp-has-aspect-ratio\"><div class=\"wp-block-embed__wrapper\"> <iframe loading=\"lazy\" title=\"Pommes de terre combiner la moissonneuse avec un tracteur | \u00c9quipement de r\u00e9colte de pommes de terre pour creuser des pommes de terre #harvester\" width=\"500\" height=\"281\" src=\"https:\/\/www.youtube.com\/embed\/B5UAHV-4Zjw?feature=oembed\" frameborder=\"0\" allow=\"accelerometer; autoplay; clipboard-write; encrypted-media; gyroscope; picture-in-picture; web-share\" referrerpolicy=\"strict-origin-when-cross-origin\" allowfullscreen><\/iframe> <\/div><figcaption class=\"wp-element-caption\">Vid\u00e9o de la machine de r\u00e9colte de pommes de terre<\/figcaption><\/figure>    <h2 class=\"wp-block-heading\"><strong>Avantages de la moissonneuse \u00e0 vendre<\/strong><\/h2>    <ul class=\"wp-block-list\"> <li>Gr\u00e2ce \u00e0 un fonctionnement automatique, la zone d'op\u00e9ration peut atteindre <strong>5-8 mu par heure<\/strong>, ce qui \u00e9conomise consid\u00e9rablement les co\u00fbts de main-d'\u0153uvre et de temps.<\/li>    <li>Il adopte un <strong>tamis vibrant + conception de structure de transmission en caoutchouc souple<\/strong>, minimisant les dommages aux cultures dans le processus de r\u00e9colte, en gardant l'apparence des pommes de terre intacts.<\/li>    <li>Si c'est <strong>sol sableux, sol limoneux ou sol argileux<\/strong>, le creuseur de pommes de terre pour le tracteur peut maintenir un fonctionnement stable, adapt\u00e9 \u00e0 divers parcelles de terrain.<\/li>    <li>La machine a un <strong>conception structurelle raisonnable<\/strong>et les agriculteurs ordinaires peuvent \u00e9galement commencer rapidement, r\u00e9duisant le seuil de fonctionnement.<\/li> <\/ul>    <figure class=\"wp-block-gallery has-nested-images columns-default is-cropped wp-block-gallery-2 is-layout-flex wp-block-gallery-is-layout-flex\"> <figure class=\"wp-block-image size-large\"><img loading=\"lazy\" decoding=\"async\" width=\"720\" height=\"540\" data-id=\"7879\" src=\"https:\/\/taizyagromachine.com\/wp-content\/uploads\/2025\/04\/potato-harvester-machine.webp\" alt=\"machine \u00e0 r\u00e9colter de pommes de terre\" class=\"wp-image-7879\" srcset=\"https:\/\/taizyagromachine.com\/wp-content\/uploads\/2025\/04\/potato-harvester-machine.webp 720w, https:\/\/taizyagromachine.com\/wp-content\/uploads\/2025\/04\/potato-harvester-machine-16x12.webp 16w\" sizes=\"auto, (max-width: 720px) 100vw, 720px\" \/><figcaption class=\"wp-element-caption\">machine \u00e0 r\u00e9colter de pommes de terre<\/figcaption><\/figure>    <figure class=\"wp-block-image size-full\"><img loading=\"lazy\" decoding=\"async\" width=\"720\" height=\"540\" data-id=\"7881\" src=\"https:\/\/taizyagromachine.com\/wp-content\/uploads\/2025\/04\/unique-peanut-digger-design.webp\" alt=\"Conception unique de fouille d&#039;arachide\" class=\"wp-image-7881\" srcset=\"https:\/\/taizyagromachine.com\/wp-content\/uploads\/2025\/04\/unique-peanut-digger-design.webp 720w, https:\/\/taizyagromachine.com\/wp-content\/uploads\/2025\/04\/unique-peanut-digger-design-16x12.webp 16w\" sizes=\"auto, (max-width: 720px) 100vw, 720px\" \/><figcaption class=\"wp-element-caption\">Conception unique de fouille d'arachide<\/figcaption><\/figure> <\/figure>    <h2 class=\"wp-block-heading\"><strong>Param\u00e8tres techniques de la moissonneuse-pomme de terre combine<\/strong><\/h2>    <figure class=\"wp-block-table\"><table class=\"has-fixed-layout\"><tbody><tr><td>Mod\u00e8le<\/td><td>4UQL-1300<\/td><td>4UQL-1600<\/td><\/tr><tr><td>Productivit\u00e9<\/td><td>5-8MU \/ H<\/td><td>5-8MU \/ H<\/td><\/tr><tr><td>Profondeur de travail<\/td><td>250 mm<\/td><td>250 mm<\/td><\/tr><tr><td>Largeur de travail<\/td><td>1300 mm<\/td><td>1600 mm<\/td><\/tr><tr><td>Taux de pommes de terre ming<\/td><td>\u226596%<\/td><td>\u226596%<\/td><\/tr><tr><td>Taux de rupture de la peau<\/td><td>\u22642%<\/td><td>\u22642%<\/td><\/tr><tr><td>Vitesse de prise de force<\/td><td>560 tr \/ min<\/td><td>560 tr \/ min<\/td><\/tr><tr><td>Une puissance adapt\u00e9e<\/td><td>\u226540 ch<\/td><td>\u2265 60 ch<\/td><\/tr><tr><td>Poids brut de la machine totale<\/td><td>0.35kw<\/td><td>1800 kg<\/td><\/tr><tr><td>Poids net de la machine totale<\/td><td>1560kg<\/td><td>1660kg<\/td><\/tr><tr><td>Dimension hors tout<\/td><td>4500 * 4000 * 2700 mm<\/td><td>4500 * 4000 * 2700 mm<\/td><\/tr><tr><td>Taille d'emballage<\/td><td>3200 * 1800 * 1850 mm<\/td><td>3250 * 2000 * 1950 mm<\/td><\/tr><\/tbody><\/table><figcaption class=\"wp-element-caption\">Sp\u00e9cifications de la pomme de terre combiner la moissonneuse<\/figcaption><\/figure>    <h2 class=\"wp-block-heading\"><strong>Applications de la machine de r\u00e9colte de pommes de terre<\/strong><\/h2>    <p>Cette machine de r\u00e9colte de pommes de terre est principalement utilis\u00e9e pour la r\u00e9colte de plantes \u00e0 tige souterraine telles que les pommes de terre, les patates douces, l'ail et les carottes. Elle est adapt\u00e9e aux petites et moyennes exploitations agricoles, aux coop\u00e9ratives de producteurs de pommes de terre, aux grandes bases de plantation, aux revendeurs de machines agricoles, aux demandeurs de programmes de subventions pour les machines agricoles, etc.<\/p>    <figure class=\"wp-block-gallery has-nested-images columns-default is-cropped wp-block-gallery-3 is-layout-flex wp-block-gallery-is-layout-flex\"> <figure class=\"wp-block-image size-large\"><img loading=\"lazy\" decoding=\"async\" width=\"750\" height=\"600\" data-id=\"7882\" src=\"https:\/\/taizyagromachine.com\/wp-content\/uploads\/2025\/04\/applications-of-sweet-potato-harvesting-machine.webp\" alt=\"Applications de la machine de r\u00e9colte de patates douces\" class=\"wp-image-7882\" srcset=\"https:\/\/taizyagromachine.com\/wp-content\/uploads\/2025\/04\/applications-of-sweet-potato-harvesting-machine.webp 750w, https:\/\/taizyagromachine.com\/wp-content\/uploads\/2025\/04\/applications-of-sweet-potato-harvesting-machine-15x12.webp 15w\" sizes=\"auto, (max-width: 750px) 100vw, 750px\" \/><figcaption class=\"wp-element-caption\">Applications de la machine de r\u00e9colte de patates douces<\/figcaption><\/figure>    <figure class=\"wp-block-image size-large\"><img loading=\"lazy\" decoding=\"async\" width=\"750\" height=\"600\" data-id=\"7883\" src=\"https:\/\/taizyagromachine.com\/wp-content\/uploads\/2025\/04\/working-scenes-of-3-point-hitch-peanut-digger-machine.webp\" alt=\"sc\u00e8nes de travail de machine \u00e0 creuseur d&#039;arachide \u00e0 3 points\" class=\"wp-image-7883\" srcset=\"https:\/\/taizyagromachine.com\/wp-content\/uploads\/2025\/04\/working-scenes-of-3-point-hitch-peanut-digger-machine.webp 750w, https:\/\/taizyagromachine.com\/wp-content\/uploads\/2025\/04\/working-scenes-of-3-point-hitch-peanut-digger-machine-15x12.webp 15w\" sizes=\"auto, (max-width: 750px) 100vw, 750px\" \/><figcaption class=\"wp-element-caption\">sc\u00e8nes de travail de machine \u00e0 creuseur d'arachide \u00e0 3 points<\/figcaption><\/figure> <\/figure>    <h2 class=\"wp-block-heading\"><strong>Quel est le prix d'une moissonneuse \u00e0 pommes de terre ?<\/strong><\/h2>    <p>Le prix d'un creuseur de pommes de terre \u00e0 3 points d\u00e9pend du mod\u00e8le de la machine, de la configuration des fonctionnalit\u00e9s et des exigences de personnalisation. Le prix g\u00e9n\u00e9ral varie de quelques milliers \u00e0 des dizaines de milliers de dollars. Par exemple, le prix d'une moissonneuse \u00e0 combinaison de base est faible, tandis que le prix d'un type combin\u00e9 multifonctionnel avec un convoyeur est relativement \u00e9lev\u00e9. Pour obtenir un tableau de devis et de comparaison de param\u00e8tres sp\u00e9cifiques, n'h\u00e9sitez pas \u00e0 nous contacter avec vos informations sur les besoins.<\/p>   <div class=\"wp-block-image\"> <figure class=\"aligncenter size-full\"><img loading=\"lazy\" decoding=\"async\" width=\"720\" height=\"540\" src=\"https:\/\/taizyagromachine.com\/wp-content\/uploads\/2025\/04\/single-row-potato-digger-for-tractor.webp\" alt=\"Digger de pommes de terre \u00e0 une seule rang\u00e9e pour tracteur\" class=\"wp-image-7880\" srcset=\"https:\/\/taizyagromachine.com\/wp-content\/uploads\/2025\/04\/single-row-potato-digger-for-tractor.webp 720w, https:\/\/taizyagromachine.com\/wp-content\/uploads\/2025\/04\/single-row-potato-digger-for-tractor-16x12.webp 16w\" sizes=\"auto, (max-width: 720px) 100vw, 720px\" \/><figcaption class=\"wp-element-caption\">Digger de pommes de terre \u00e0 une seule rang\u00e9e pour tracteur<\/figcaption><\/figure> <\/div>   <h2 class=\"wp-block-heading\"><strong>Pourquoi choisir Taizy parmi de nombreux fabricants de machines de r\u00e9colte de pommes de terre?<\/strong><\/h2>    <p>Taizy a de nombreuses ann\u00e9es d'exp\u00e9rience dans la fabrication de machines agricoles, et nos produits sont export\u00e9s vers plus de 80 pays du monde entier et sont fiables par les utilisateurs. Nos avantages incluent:<\/p>    <ul class=\"wp-block-list\"> <li>\u00c9quipe technique professionnelle, support de service personnalis\u00e9<\/li>    <li>Contr\u00f4le de qualit\u00e9 strict et emballage et transport fiables<\/li>    <li>Processus complet After-Sales Support et Video Guidance<\/li>    <li>Performances stables et rentables, adapt\u00e9es aux utilisateurs \u00e0 diff\u00e9rentes \u00e9chelles<\/li> <\/ul>    <p>Si vous \u00eates int\u00e9ress\u00e9 par la machine \u00e0 r\u00e9colteuses de pommes de terre, le choix de Taizy choisit la qualit\u00e9, le service et la garantie.<\/p>   <div class=\"wp-block-image\"> <figure class=\"aligncenter size-full\"><img loading=\"lazy\" decoding=\"async\" width=\"720\" height=\"540\" src=\"https:\/\/taizyagromachine.com\/wp-content\/uploads\/2025\/04\/commercial-potato-combine-harvester.webp\" alt=\"R\u00e9quisition de pommes de terre commerciale combinant\" class=\"wp-image-7885\" srcset=\"https:\/\/taizyagromachine.com\/wp-content\/uploads\/2025\/04\/commercial-potato-combine-harvester.webp 720w, https:\/\/taizyagromachine.com\/wp-content\/uploads\/2025\/04\/commercial-potato-combine-harvester-16x12.webp 16w\" sizes=\"auto, (max-width: 720px) 100vw, 720px\" \/><figcaption class=\"wp-element-caption\">R\u00e9quisition de pommes de terre commerciale combinant<\/figcaption><\/figure> <\/div>   <h2 class=\"wp-block-heading\"><strong>Un autre type: petite machine \u00e0 r\u00e9colter de pommes de terre<\/strong><\/h2>    <p class=\"translation-block\">Pour les petits agriculteurs ou les utilisateurs de petites parcelles, nous proposons \u00e9galement des \u00e9quipements de r\u00e9colte de pommes de terre portatifs. La machine est de petite taille, l\u00e9g\u00e8re, simple \u00e0 utiliser, adapt\u00e9e pour \u00eatre associ\u00e9e \u00e0 un <strong>tracteur \u00e0 conducteur marchant<\/strong> de 15 \u00e0 20 CV, ce qui constitue le choix id\u00e9al pour la culture familiale, les petites fermes et les utilisateurs des zones montagneuses.<\/p>   <div class=\"wp-block-image\"> <figure class=\"aligncenter size-full\"><img loading=\"lazy\" decoding=\"async\" width=\"720\" height=\"540\" src=\"https:\/\/taizyagromachine.com\/wp-content\/uploads\/2025\/04\/small-potato-harvesting-machine-with-two-wheel-tractor.webp\" alt=\"petite machine de r\u00e9colte de pommes de terre avec tracteur \u00e0 deux roues\" class=\"wp-image-7886\" srcset=\"https:\/\/taizyagromachine.com\/wp-content\/uploads\/2025\/04\/small-potato-harvesting-machine-with-two-wheel-tractor.webp 720w, https:\/\/taizyagromachine.com\/wp-content\/uploads\/2025\/04\/small-potato-harvesting-machine-with-two-wheel-tractor-16x12.webp 16w\" sizes=\"auto, (max-width: 720px) 100vw, 720px\" \/><figcaption class=\"wp-element-caption\">petite machine de r\u00e9colte de pommes de terre avec tracteur \u00e0 deux roues<\/figcaption><\/figure> <\/div>   <h2 class=\"wp-block-heading\"><strong>Contactez-nous maintenant pour plus de d\u00e9tails!<\/strong><\/h2>    <p class=\"translation-block\">Vous souhaitez en savoir plus sur le mod\u00e8le, le prix ou les informations vid\u00e9o de la r\u00e9colteuse de pommes de terre ? N'h\u00e9sitez pas \u00e0 nous contacter ! Taizy fournit des consultations gratuites, des recommandations de programmes, des d\u00e9monstrations en ligne pour vous aider \u00e0 choisir la bonne solution de r\u00e9colte de <a href=\"https:\/\/en.wikipedia.org\/wiki\/Potato\" target=\"_blank\" rel=\"noopener\">pommes de terre<\/a>.<\/p>   <div class=\"wp-block-image\"> <figure class=\"aligncenter size-full\"><img loading=\"lazy\" decoding=\"async\" width=\"720\" height=\"540\" src=\"https:\/\/taizyagromachine.com\/wp-content\/uploads\/2025\/04\/potato-harvesting.webp\" alt=\"r\u00e9colte de pommes de terre\" class=\"wp-image-7884\" srcset=\"https:\/\/taizyagromachine.com\/wp-content\/uploads\/2025\/04\/potato-harvesting.webp 720w, https:\/\/taizyagromachine.com\/wp-content\/uploads\/2025\/04\/potato-harvesting-16x12.webp 16w\" sizes=\"auto, (max-width: 720px) 100vw, 720px\" \/><figcaption class=\"wp-element-caption\">r\u00e9colte de pommes de terre<\/figcaption><\/figure> <\/div>","protected":false},"excerpt":{"rendered":"<p>Le r\u00e9colteur de pommes de terre Taizy peut effectuer le creusage, le transport, la collecte, le chargement et d'autres op\u00e9rations en une seule fois, en travaillant avec un tracteur \u00e0 4 roues. Il a une capacit\u00e9 de 5-8 Mu\/h.<\/p>","protected":false},"author":1,"featured_media":7878,"parent":0,"template":"","tags":[242],"product-type":[22],"class_list":["post-7875","product","type-product","status-publish","has-post-thumbnail","hentry","tag-potato","product-type-others"],"_links":{"self":[{"href":"https:\/\/taizyagromachine.com\/fr\/wp-json\/wp\/v2\/product\/7875","targetHints":{"allow":["GET"]}}],"collection":[{"href":"https:\/\/taizyagromachine.com\/fr\/wp-json\/wp\/v2\/product"}],"about":[{"href":"https:\/\/taizyagromachine.com\/fr\/wp-json\/wp\/v2\/types\/product"}],"author":[{"embeddable":true,"href":"https:\/\/taizyagromachine.com\/fr\/wp-json\/wp\/v2\/users\/1"}],"wp:featuredmedia":[{"embeddable":true,"href":"https:\/\/taizyagromachine.com\/fr\/wp-json\/wp\/v2\/media\/7878"}],"wp:attachment":[{"href":"https:\/\/taizyagromachine.com\/fr\/wp-json\/wp\/v2\/media?parent=7875"}],"wp:term":[{"taxonomy":"post_tag","embeddable":true,"href":"https:\/\/taizyagromachine.com\/fr\/wp-json\/wp\/v2\/tags?post=7875"},{"taxonomy":"product-type","embeddable":true,"href":"https:\/\/taizyagromachine.com\/fr\/wp-json\/wp\/v2\/product-type?post=7875"}],"curies":[{"name":"wp","href":"https:\/\/api.w.org\/{rel}","templated":true}]}}