{"id":7953,"date":"2025-04-30T18:25:49","date_gmt":"2025-04-30T10:25:49","guid":{"rendered":"https:\/\/taizyagromachine.com\/?post_type=product&#038;p=7953"},"modified":"2025-05-06T14:43:41","modified_gmt":"2025-05-06T06:43:41","slug":"manure-and-fertilizer-spreader-truck","status":"publish","type":"product","link":"https:\/\/taizyagromachine.com\/fr\/product\/manure-and-fertilizer-spreader-truck\/","title":{"rendered":"Camion \u00e9pandeur de fumier et d'engrais"},"content":{"rendered":"<p class=\"translation-block\">Le camion d'\u00e9pandage d'engrais de Taizy est con\u00e7u pour \u00e9pandre divers fumiers secs et humides, engrais granul\u00e9s, engrais organiques, engrais chimiques, etc., dans les champs agricoles. Il convient aux coop\u00e9ratives d'\u00e9levage et aux grandes bases de plantation.<\/p>    <p>Cet \u00e9pandeur de fumier tract\u00e9 est de type PTO, avec un tracteur de \u226550HP, a un volume de 3m\u00b3, 6m\u00b3, 8m\u00b3, 10m\u00b3 et 12m\u00b3, et une distance d'\u00e9pandage de 4-16m. La machine d'\u00e9pandage peut projeter le fumier d'un camion en 5-10 minutes, avec une capacit\u00e9 d'environ 500 Mu par jour.<\/p>    <p>Toute la machine est contr\u00f4l\u00e9e hydrauliquement, moul\u00e9e int\u00e9gralement, non soud\u00e9e, et plus durable et r\u00e9sistante \u00e0 la corrosion. Elle peut r\u00e9pandre efficacement et uniform\u00e9ment toutes sortes d'engrais granulaires, d'engrais organiques et d'engrais de fumier sec, ce qui en fait un outil id\u00e9al pour am\u00e9liorer l'efficacit\u00e9 des engrais agricoles et \u00e9conomiser de la main-d'\u0153uvre. Int\u00e9ress\u00e9 ? Contactez-nous pour obtenir plus d'informations.<\/p>    <figure class=\"wp-block-embed is-type-video is-provider-youtube wp-block-embed-youtube wp-embed-aspect-16-9 wp-has-aspect-ratio\"><div class=\"wp-block-embed__wrapper\"> <iframe loading=\"lazy\" title=\"\u00c9pandeur de fumier pour tracteur | Comment fonctionne un camion \u00e9pandeur d&#039;engrais ? Fumier de cheval et de volaille\" width=\"500\" height=\"281\" src=\"https:\/\/www.youtube.com\/embed\/JDF1syW7Qso?feature=oembed\" frameborder=\"0\" allow=\"accelerometer; autoplay; clipboard-write; encrypted-media; gyroscope; picture-in-picture; web-share\" referrerpolicy=\"strict-origin-when-cross-origin\" allowfullscreen><\/iframe> <\/div><figcaption class=\"wp-element-caption\">vid\u00e9o de camion \u00e9pandeur de fumier<\/figcaption><\/figure>    <h2 class=\"wp-block-heading\"><strong>Avantages du camion \u00e9pandeur d'engrais \u00e0 3 points<\/strong><\/h2>    <ul class=\"wp-block-list\"> <li>Le ch\u00e2ssis de traction de l'\u00e9pandeur de fumier est un <strong>tube carr\u00e9 de 20*20cm<\/strong>, plus solide et durable.<\/li>    <li>La cha\u00eene d'alimentation en engrais adopte un <strong>tube carr\u00e9 de 4*6cm avec une paroi de 5mm d'\u00e9paisseur.<\/strong>l, et le c<strong>la boucle de cha\u00eene adopte un grade minier<\/strong>, qui n'est pas facile \u00e0 d\u00e9former et \u00e0 casser apr\u00e8s une longue p\u00e9riode d'alimentation et d'\u00e9pandage d'engrais.<\/li>    <li>Le r\u00e9servoir d'huile hydraulique de grande capacit\u00e9 est \u00e9quip\u00e9 d'un <strong>dispositif de refroidissement par air<\/strong>, ce qui garantit le refroidissement de l'huile hydraulique.<\/li>    <li>Notre camion \u00e9pandeur d'engrais \u00e0 traction est \u00e9quip\u00e9 d'un <strong>valve de contr\u00f4le de d\u00e9bit (10 vitesses)<\/strong>, r\u00e9glable. Plus le rapport est grand, plus la vitesse est rapide.<\/li>    <li>Prenons comme exemple un camion \u00e9pandeur de fumier de 6m\u00b3, il est \u00e9quip\u00e9 de <strong>un disque double de 68 cm de diam\u00e8tre, une distance de projection de 4 \u00e0 15 m<\/strong>, qui peut \u00eatre ajust\u00e9 librement.<\/li> <\/ul>    <figure class=\"wp-block-gallery has-nested-images columns-default is-cropped wp-block-gallery-2 is-layout-flex wp-block-gallery-is-layout-flex\"> <figure class=\"wp-block-image size-large\"><img loading=\"lazy\" decoding=\"async\" width=\"720\" height=\"540\" data-id=\"7961\" src=\"https:\/\/taizyagromachine.com\/wp-content\/uploads\/2025\/04\/3-point-fertilizer-spreader-truck-1.webp\" alt=\"Camion \u00e9pandeur d&#039;engrais \u00e0 3 points\" class=\"wp-image-7961\" srcset=\"https:\/\/taizyagromachine.com\/wp-content\/uploads\/2025\/04\/3-point-fertilizer-spreader-truck-1.webp 720w, https:\/\/taizyagromachine.com\/wp-content\/uploads\/2025\/04\/3-point-fertilizer-spreader-truck-1-16x12.webp 16w\" sizes=\"auto, (max-width: 720px) 100vw, 720px\" \/><figcaption class=\"wp-element-caption\">Camion \u00e9pandeur d'engrais \u00e0 3 points<\/figcaption><\/figure>    <figure class=\"wp-block-image size-large\"><img loading=\"lazy\" decoding=\"async\" width=\"720\" height=\"540\" data-id=\"7962\" src=\"https:\/\/taizyagromachine.com\/wp-content\/uploads\/2025\/04\/3-point-hitch-fertilizer-spreader.webp\" alt=\"\u00e9pandeur d&#039;engrais \u00e0 attelage trois points\" class=\"wp-image-7962\" srcset=\"https:\/\/taizyagromachine.com\/wp-content\/uploads\/2025\/04\/3-point-hitch-fertilizer-spreader.webp 720w, https:\/\/taizyagromachine.com\/wp-content\/uploads\/2025\/04\/3-point-hitch-fertilizer-spreader-16x12.webp 16w\" sizes=\"auto, (max-width: 720px) 100vw, 720px\" \/><figcaption class=\"wp-element-caption\">\u00e9pandeur d'engrais \u00e0 attelage trois points<\/figcaption><\/figure> <\/figure>    <h2 class=\"wp-block-heading\"><strong>Param\u00e8tres techniques du camion \u00e9pandeur d'engrais sec<\/strong><\/h2>    <p>Notre \u00e9pandeur de fumier solide et liquide propose plusieurs options de capacit\u00e9, y compris 3m\u00b3, 6m\u00b3, 8m\u00b3, 10m\u00b3 et 12m\u00b3, qui peuvent \u00eatre librement s\u00e9lectionn\u00e9es en fonction de la zone de travail et du type de fumier. Voici les param\u00e8tres des trois mod\u00e8les couramment vendus pour votre r\u00e9f\u00e9rence.<\/p>    <figure class=\"wp-block-table\"><table class=\"has-fixed-layout\"><tbody><tr><td><strong>Article <\/strong><strong><\/strong><\/td><td><strong>2FGH-3<\/strong><strong><\/strong><\/td><td><strong>2FGH-6<\/strong><\/td><td><strong>2FGH-8<\/strong><\/td><\/tr><tr><td>Volume du silo &nbsp;<\/td><td>3m\u00b3<\/td><td>6m\u00b3<\/td><td>8m\u00b3<\/td><\/tr><tr><td>Taille globale<\/td><td>4850*1800*2050mm<\/td><td>5750*2050*2430mm<\/td><td>6350*2200*2430mm<\/td><\/tr><tr><td>Forme structurelle<\/td><td>Type de bo\u00eete<\/td><td>Type de bo\u00eete<\/td><td>Type de bo\u00eete<\/td><\/tr><tr><td>Mode de fonctionnement<\/td><td>Lancer arri\u00e8re<\/td><td>Lancer arri\u00e8re<\/td><td>Lancer arri\u00e8re<\/td><\/tr><tr><td>M\u00e9thode de livraison d'engrais organique<\/td><td>Pousse hydraulique de cha\u00eene<\/td><td>Pousse hydraulique de cha\u00eene<\/td><td>Pousse hydraulique de cha\u00eene<\/td><\/tr><tr><td>Type de dispositif d'\u00e9pandage<\/td><td>Double disque arri\u00e8re<\/td><td>Double disque arri\u00e8re<\/td><td>Double disque arri\u00e8re<\/td><\/tr><tr><td>Largeur d'\u00e9pandage<\/td><td>&gt;=5m<\/td><td>&gt;=5m<\/td><td>&gt;=5m<\/td><\/tr><tr><td>Quantit\u00e9 de disques<\/td><td>2 pi\u00e8ces<\/td><td>2 pi\u00e8ces<\/td><td>2 pi\u00e8ces<\/td><\/tr><tr><td>Pneu<\/td><td>2 pi\u00e8ces<\/td><td>2 pi\u00e8ces<\/td><td>2 pi\u00e8ces<\/td><\/tr><tr><td>Num\u00e9ro de pneu<\/td><td>20.5\/70-16<\/td><td>298\/60R22.5<\/td><td>295\/60R22.5<\/td><\/tr><tr><td>Une puissance adapt\u00e9e<\/td><td>\u226550CV<\/td><td>\u226560,3kW<\/td><td>\u226570kW<\/td><\/tr><tr><td>Capacit\u00e9 de charge maximale<\/td><td>2400kg<\/td><td>4800kg<\/td><td>6000kg<\/td><\/tr><tr><td>Efficacit\u00e9 de travail<\/td><td>Environ 5 \u00e0 10 min\/camion (temps d'\u00e9pandage selon les diff\u00e9rents engrais)<\/td><td>Environ 5 \u00e0 10 min\/camion (temps d'\u00e9pandage selon les diff\u00e9rents engrais)<\/td><td>Environ 5 \u00e0 10 min\/camion (temps d'\u00e9pandage selon les diff\u00e9rents engrais)<\/td><\/tr><\/tbody><\/table><figcaption class=\"wp-element-caption\">param\u00e8tres du camion \u00e9pandeur d'engrais sec et liquide<\/figcaption><\/figure>    <figure class=\"wp-block-gallery has-nested-images columns-default is-cropped wp-block-gallery-3 is-layout-flex wp-block-gallery-is-layout-flex\"> <figure class=\"wp-block-image size-large\"><img loading=\"lazy\" decoding=\"async\" width=\"720\" height=\"540\" data-id=\"7956\" src=\"https:\/\/taizyagromachine.com\/wp-content\/uploads\/2025\/04\/pto-driven-manure-spreader-truck.webp\" alt=\"camion \u00e9pandeur de fumier \u00e0 prise de force\" class=\"wp-image-7956\" srcset=\"https:\/\/taizyagromachine.com\/wp-content\/uploads\/2025\/04\/pto-driven-manure-spreader-truck.webp 720w, https:\/\/taizyagromachine.com\/wp-content\/uploads\/2025\/04\/pto-driven-manure-spreader-truck-16x12.webp 16w\" sizes=\"auto, (max-width: 720px) 100vw, 720px\" \/><figcaption class=\"wp-element-caption\">camion \u00e9pandeur de fumier \u00e0 prise de force<\/figcaption><\/figure>    <figure class=\"wp-block-image size-large\"><img loading=\"lazy\" decoding=\"async\" width=\"720\" height=\"540\" data-id=\"7957\" src=\"https:\/\/taizyagromachine.com\/wp-content\/uploads\/2025\/04\/tractor-manure-spreader.webp\" alt=\"\u00e9pandeur de fumier pour tracteur\" class=\"wp-image-7957\" srcset=\"https:\/\/taizyagromachine.com\/wp-content\/uploads\/2025\/04\/tractor-manure-spreader.webp 720w, https:\/\/taizyagromachine.com\/wp-content\/uploads\/2025\/04\/tractor-manure-spreader-16x12.webp 16w\" sizes=\"auto, (max-width: 720px) 100vw, 720px\" \/><figcaption class=\"wp-element-caption\">\u00e9pandeur de fumier pour tracteur<\/figcaption><\/figure> <\/figure>    <h2 class=\"wp-block-heading\"><strong>Applications du camion \u00e9pandeur de fumier<\/strong><\/h2>    <p>Le camion \u00e9pandeur d'engrais mont\u00e9 sur tracteur Taizy est adapt\u00e9 \u00e0 tous les types de fumier sec et humide, d'engrais organique, d'engrais granul\u00e9 et d'op\u00e9rations d'\u00e9pandage d'engrais chimiques, largement utilis\u00e9 dans :<\/p>    <ul class=\"wp-block-list\"> <li>Op\u00e9ration de retour de fumier des fermes<\/li>    <li>\u00c9pandage d'engrais organique dans les bases de plantation<\/li>    <li>Projet d'application d'engrais \u00e0 grande \u00e9chelle des coop\u00e9ratives agricoles<\/li> <\/ul>    <h2 class=\"wp-block-heading\"><strong>Quel est le prix d'un \u00e9pandeur de fumier mont\u00e9 sur camion ?<\/strong><\/h2>    <p>Les prix des camions \u00e9pandeurs d'engrais varient en fonction des diff\u00e9rentes capacit\u00e9s, configurations et s'ils sont personnalis\u00e9s ou non. Par exemple, le prix d'un \u00e9pandeur de fumier de tracteur de 6m\u00b3 avec un syst\u00e8me de vis verticale sera plus \u00e9lev\u00e9 que celui de la machine avec contr\u00f4le hydraulique et syst\u00e8me \u00e0 double disque.<\/p>    <p>Nous soutenons des solutions personnalis\u00e9es en fonction des budgets et des besoins op\u00e9rationnels des clients. N'h\u00e9sitez pas \u00e0 nous contacter pour obtenir le dernier devis et des solutions de transport.<\/p>    <figure class=\"wp-block-gallery has-nested-images columns-default is-cropped wp-block-gallery-4 is-layout-flex wp-block-gallery-is-layout-flex\"> <figure class=\"wp-block-image size-large\"><img loading=\"lazy\" decoding=\"async\" width=\"720\" height=\"540\" data-id=\"7959\" src=\"https:\/\/taizyagromachine.com\/wp-content\/uploads\/2025\/04\/3-point-fertilizer-spreader-truck.webp\" alt=\"Camion \u00e9pandeur d&#039;engrais \u00e0 3 points\" class=\"wp-image-7959\" srcset=\"https:\/\/taizyagromachine.com\/wp-content\/uploads\/2025\/04\/3-point-fertilizer-spreader-truck.webp 720w, https:\/\/taizyagromachine.com\/wp-content\/uploads\/2025\/04\/3-point-fertilizer-spreader-truck-16x12.webp 16w\" sizes=\"auto, (max-width: 720px) 100vw, 720px\" \/><figcaption class=\"wp-element-caption\">Camion \u00e9pandeur d'engrais \u00e0 3 points<\/figcaption><\/figure>    <figure class=\"wp-block-image size-large\"><img loading=\"lazy\" decoding=\"async\" width=\"720\" height=\"540\" data-id=\"7960\" src=\"https:\/\/taizyagromachine.com\/wp-content\/uploads\/2025\/04\/compact-manure-spreader-truck.webp\" alt=\"camion \u00e9pandeur de fumier compact\" class=\"wp-image-7960\" srcset=\"https:\/\/taizyagromachine.com\/wp-content\/uploads\/2025\/04\/compact-manure-spreader-truck.webp 720w, https:\/\/taizyagromachine.com\/wp-content\/uploads\/2025\/04\/compact-manure-spreader-truck-16x12.webp 16w\" sizes=\"auto, (max-width: 720px) 100vw, 720px\" \/><figcaption class=\"wp-element-caption\">camion \u00e9pandeur de fumier compact<\/figcaption><\/figure> <\/figure>    <h2 class=\"wp-block-heading\"><strong>Conseils pour choisir un camion \u00e9pandeur d'engrais adapt\u00e9 \u00e0 la ferme<\/strong><\/h2>    <p>Selon notre exp\u00e9rience, voici les suggestions d'achat pour un camion \u00e9pandeur de fumier, comprenant principalement :<\/p>    <ul class=\"wp-block-list\"> <li>D\u00e9finir la sc\u00e8ne d'utilisation et le type d'engrais<\/li>    <li>Choix raisonnable de capacit\u00e9<\/li>    <li>Faire attention \u00e0 la largeur et \u00e0 l'efficacit\u00e9 de l'\u00e9pandage d'engrais<\/li>    <li>Correspondance de puissance du tracteur<\/li>    <li>Faire attention au syst\u00e8me hydraulique et \u00e0 la facilit\u00e9 d'utilisation<\/li>    <li>Choisir des fournisseurs fiables<\/li> <\/ul>    <p>Ce qui pr\u00e9c\u00e8de sont quelques suggestions \u00e0 consid\u00e9rer lors de vos achats. Si vous avez besoin de plus de d\u00e9tails, n'h\u00e9sitez pas \u00e0 nous contacter !<\/p>    <h2 class=\"wp-block-heading\"><strong>Pourquoi choisir Taizy comme fournisseur de camions \u00e9pandeurs de fumier ?<\/strong><\/h2>    <p>Choisir Taizy parmi de nombreux fournisseurs d'\u00e9pandeurs de fumier \u00e0 vendre est d\u00fb au fait que :<\/p>    <ul class=\"wp-block-list\"> <li><strong>Une exp\u00e9rience riche<\/strong>de nombreuses ann\u00e9es d'exp\u00e9rience dans l'exportation de machines agricoles, les produits sont export\u00e9s vers l'Asie, l'Afrique, l'Europe et d'autres pays.<\/li>    <li><strong>Technologie fiable<\/strong>En adoptant des composants de marque de premi\u00e8re classe, l'ensemble du camion \u00e9pandeur de fumier est moul\u00e9 en une seule pi\u00e8ce, offrant une dur\u00e9e de vie plus longue.<\/li>    <li><strong>Soutenir la personnalisation<\/strong>: Nous fournissons des solutions exclusives en fonction du terrain, des cultures et des besoins en puissance du client.<\/li>    <li><strong>Garantie apr\u00e8s-vente<\/strong>Accessoires complets, guidage vid\u00e9o \u00e0 distance et service plus fiable pour le camion \u00e9pandeur d'engrais Taizy.<\/li> <\/ul>    <figure class=\"wp-block-gallery has-nested-images columns-default is-cropped wp-block-gallery-5 is-layout-flex wp-block-gallery-is-layout-flex\"> <figure class=\"wp-block-image size-large\"><img loading=\"lazy\" decoding=\"async\" width=\"720\" height=\"540\" data-id=\"7963\" src=\"https:\/\/taizyagromachine.com\/wp-content\/uploads\/2025\/04\/three-point-hitch-fertilizer-spreader-truck.webp\" alt=\"camion \u00e9pandeur d&#039;engrais \u00e0 attelage trois points\" class=\"wp-image-7963\" srcset=\"https:\/\/taizyagromachine.com\/wp-content\/uploads\/2025\/04\/three-point-hitch-fertilizer-spreader-truck.webp 720w, https:\/\/taizyagromachine.com\/wp-content\/uploads\/2025\/04\/three-point-hitch-fertilizer-spreader-truck-16x12.webp 16w\" sizes=\"auto, (max-width: 720px) 100vw, 720px\" \/><figcaption class=\"wp-element-caption\">camion \u00e9pandeur d'engrais \u00e0 attelage trois points<\/figcaption><\/figure>    <figure class=\"wp-block-image size-large\"><img loading=\"lazy\" decoding=\"async\" width=\"720\" height=\"540\" data-id=\"7964\" src=\"https:\/\/taizyagromachine.com\/wp-content\/uploads\/2025\/04\/truck-mounted-manure-spreader.webp\" alt=\"\u00e9pandeur de fumier mont\u00e9 sur camion\" class=\"wp-image-7964\" srcset=\"https:\/\/taizyagromachine.com\/wp-content\/uploads\/2025\/04\/truck-mounted-manure-spreader.webp 720w, https:\/\/taizyagromachine.com\/wp-content\/uploads\/2025\/04\/truck-mounted-manure-spreader-16x12.webp 16w\" sizes=\"auto, (max-width: 720px) 100vw, 720px\" \/><figcaption class=\"wp-element-caption\">\u00e9pandeur de fumier mont\u00e9 sur camion<\/figcaption><\/figure> <\/figure>    <h2 class=\"wp-block-heading\"><strong>Contactez-nous pour un devis gratuit et des informations vid\u00e9o !<\/strong><\/h2>    <p class=\"translation-block\">Que vous soyez une coop\u00e9rative agricole, un ranch ou un site de plantation, Taizy dispose d'une solution d'\u00e9pandage d'engrais efficace et durable.<\/p>    <ul class=\"wp-block-list\"> <li>Communication rapide via WhatsApp, WeChat et e-mail.<\/li>    <li>Vid\u00e9o de fonctionnement de l'\u00e9quipement gratuite, liste de pi\u00e8ces de rechange et plan de transport.<\/li>    <li>Service personnalis\u00e9 par des consultants commerciaux professionnels pour garantir un achat sans souci.<\/li> <\/ul>    <p class=\"translation-block\">Nous avons \u00e9galement d'autres machines d'ensilage \u00e0 vendre, telles que la machine enrubanneuse d'ensilage, la machine de broyage et de recyclage de paille pour votre vie agricole. Contactez-nous pour plus de d\u00e9tails !<\/p>","protected":false},"excerpt":{"rendered":"<p>Le camion \u00e9pandeur d'engrais Taizy est con\u00e7u pour \u00e9pandre divers types de fumier sec et humide, d'engrais granulaires, d'engrais organiques, d'engrais chimiques, etc., dans les champs agricoles, avec un volume de 3m\u00b3, 6m\u00b3, 8m\u00b3, 10m\u00b3 et 12m\u00b3.<\/p>","protected":false},"author":1,"featured_media":7955,"parent":0,"template":"","tags":[116],"product-type":[19],"class_list":["post-7953","product","type-product","status-publish","has-post-thumbnail","hentry","tag-silage","product-type-silage-machine"],"_links":{"self":[{"href":"https:\/\/taizyagromachine.com\/fr\/wp-json\/wp\/v2\/product\/7953","targetHints":{"allow":["GET"]}}],"collection":[{"href":"https:\/\/taizyagromachine.com\/fr\/wp-json\/wp\/v2\/product"}],"about":[{"href":"https:\/\/taizyagromachine.com\/fr\/wp-json\/wp\/v2\/types\/product"}],"author":[{"embeddable":true,"href":"https:\/\/taizyagromachine.com\/fr\/wp-json\/wp\/v2\/users\/1"}],"wp:featuredmedia":[{"embeddable":true,"href":"https:\/\/taizyagromachine.com\/fr\/wp-json\/wp\/v2\/media\/7955"}],"wp:attachment":[{"href":"https:\/\/taizyagromachine.com\/fr\/wp-json\/wp\/v2\/media?parent=7953"}],"wp:term":[{"taxonomy":"post_tag","embeddable":true,"href":"https:\/\/taizyagromachine.com\/fr\/wp-json\/wp\/v2\/tags?post=7953"},{"taxonomy":"product-type","embeddable":true,"href":"https:\/\/taizyagromachine.com\/fr\/wp-json\/wp\/v2\/product-type?post=7953"}],"curies":[{"name":"wp","href":"https:\/\/api.w.org\/{rel}","templated":true}]}}