{"id":8326,"date":"2025-10-13T15:06:47","date_gmt":"2025-10-13T07:06:47","guid":{"rendered":"https:\/\/taizyagromachine.com\/?post_type=product&#038;p=8326"},"modified":"2025-10-13T16:49:26","modified_gmt":"2025-10-13T08:49:26","slug":"small-scale-grain-thresher-machine","status":"publish","type":"product","link":"https:\/\/taizyagromachine.com\/fr\/product\/small-scale-grain-thresher-machine\/","title":{"rendered":"Petite moissonneuse de grains"},"content":{"rendered":"<p class=\"translation-block\">Taizy MT-1500 machine de coupe et de r\u00e9colte polyvalente <strong>grain thresher machine<\/strong> allie efficacit\u00e9 et polyvalence, largement utilis\u00e9e pour \u00e9canner le ma\u00efs (avec capuchons), le millet, le sorgho, les soja, le riz, le bl\u00e9 et autres grains et c\u00e9r\u00e9ales. Il r\u00e9pond aux besoins de traitement tout au long de l'ann\u00e9e pour plusieurs cultures sur une ferme avec une seule machine. Sa capacit\u00e9 varie de 2 \u00e0 5 t par heure, pr\u00e9f\u00e9r\u00e9e par le projet d\u2019appel d\u2019offres agricole.<\/p>    <p>Cette machine \u00e0 threshing peut \u00eatre aliment\u00e9e par un moteur diesel (d\u00e9marrage \u00e9lectrique) ou un moteur \u00e9lectrique, \u00e9quip\u00e9e de grandes roues et d\u2019un cadre, tr\u00e8s pris\u00e9e par les clients africains. Que ce soit pour des exploitations familiales, des coop\u00e9ratives ou des installations de traitement des grains, notre machine \u00e0 threshing offre un threshing efficace, r\u00e9duit les co\u00fbts de main-d\u2019\u0153uvre et augmente la production.<\/p>    <figure class=\"wp-block-embed is-type-video is-provider-youtube wp-block-embed-youtube wp-embed-aspect-16-9 wp-has-aspect-ratio\"><div class=\"wp-block-embed__wrapper\"> <iframe loading=\"lazy\" title=\"MT-1500 trieur Multifonctionnel de grains pour ma\u00efs, millet, sorgo | Machine de battage multi-ma\u00efs\" width=\"500\" height=\"281\" src=\"https:\/\/www.youtube.com\/embed\/q6hb9pE17o4?feature=oembed\" frameborder=\"0\" allow=\"accelerometer; autoplay; clipboard-write; encrypted-media; gyroscope; picture-in-picture; web-share\" referrerpolicy=\"strict-origin-when-cross-origin\" allowfullscreen><\/iframe> <\/div><figcaption class=\"wp-element-caption\">vid\u00e9o de fonctionnement de la machine de triage \u00e0 c\u00e9r\u00e9ales multiples<\/figcaption><\/figure>    <h2 class=\"wp-block-heading\"><strong>Avantages de la moissonneuse polyvalente pour grains<\/strong><\/h2>    <p>Grande compatibilit\u00e9 multi-cultures : R\u00e9pond aux demandes de threshing pour diverses cultures (ma\u00efs, bl\u00e9, riz, millet, sorgho, haricots, etc.) \u00e0 travers diff\u00e9rentes saisons.<\/p>    <ul class=\"wp-block-list\"> <li>Design \u00e0 double chambre : permet un threshing secondaire pour des grains plus propres et des pertes r\u00e9duites.<\/li>    <li>Syst\u00e8me \u00e0 double ventilateur : \u00e9limine les impuret\u00e9s avec une efficacit\u00e9 de nettoyage am\u00e9lior\u00e9e.<\/li>    <li>Construction robuste : Ch\u00e2ssis stable avec de grandes roues pour les zones rurales ou les terrains in\u00e9gaux.<\/li>    <li>Utilisation et maintenance conviviales : id\u00e9ale pour une utilisation quotidienne par les agriculteurs, les coop\u00e9ratives et les sites de traitement agricole.<\/li> <\/ul>    <figure class=\"wp-block-gallery has-nested-images columns-default is-cropped wp-block-gallery-2 is-layout-flex wp-block-gallery-is-layout-flex\"> <figure class=\"wp-block-image size-large\"><img loading=\"lazy\" decoding=\"async\" width=\"720\" height=\"540\" data-id=\"8332\" src=\"https:\/\/taizyagromachine.com\/wp-content\/uploads\/2025\/10\/multi-crop-threshing-machine.webp\" alt=\"batteuse multi-cultures\" class=\"wp-image-8332\" srcset=\"https:\/\/taizyagromachine.com\/wp-content\/uploads\/2025\/10\/multi-crop-threshing-machine.webp 720w, https:\/\/taizyagromachine.com\/wp-content\/uploads\/2025\/10\/multi-crop-threshing-machine-16x12.webp 16w\" sizes=\"auto, (max-width: 720px) 100vw, 720px\" \/><figcaption class=\"wp-element-caption\">batteuse multi-cultures<\/figcaption><\/figure>    <figure class=\"wp-block-image size-large\"><img loading=\"lazy\" decoding=\"async\" width=\"720\" height=\"540\" data-id=\"8333\" src=\"https:\/\/taizyagromachine.com\/wp-content\/uploads\/2025\/10\/multifunctional-grain-thresher-machine-for-sale.webp\" alt=\"machine de threshing de grain multifonctionnelle \u00e0 vendre\" class=\"wp-image-8333\" srcset=\"https:\/\/taizyagromachine.com\/wp-content\/uploads\/2025\/10\/multifunctional-grain-thresher-machine-for-sale.webp 720w, https:\/\/taizyagromachine.com\/wp-content\/uploads\/2025\/10\/multifunctional-grain-thresher-machine-for-sale-16x12.webp 16w\" sizes=\"auto, (max-width: 720px) 100vw, 720px\" \/><figcaption class=\"wp-element-caption\">machine de threshing de grain multifonctionnelle \u00e0 vendre<\/figcaption><\/figure> <\/figure>    <figure class=\"wp-block-gallery has-nested-images columns-default is-cropped wp-block-gallery-3 is-layout-flex wp-block-gallery-is-layout-flex\"> <figure class=\"wp-block-image size-large\"><img loading=\"lazy\" decoding=\"async\" width=\"720\" height=\"540\" data-id=\"8336\" src=\"https:\/\/taizyagromachine.com\/wp-content\/uploads\/2025\/10\/new-type-multipurpose-threshing-machine.webp\" alt=\"nouvelle g\u00e9n\u00e9ration de machine threshing polyvalente\" class=\"wp-image-8336\" srcset=\"https:\/\/taizyagromachine.com\/wp-content\/uploads\/2025\/10\/new-type-multipurpose-threshing-machine.webp 720w, https:\/\/taizyagromachine.com\/wp-content\/uploads\/2025\/10\/new-type-multipurpose-threshing-machine-16x12.webp 16w\" sizes=\"auto, (max-width: 720px) 100vw, 720px\" \/><figcaption class=\"wp-element-caption\">nouvelle g\u00e9n\u00e9ration de machine threshing polyvalente<\/figcaption><\/figure>    <figure class=\"wp-block-image size-large\"><img loading=\"lazy\" decoding=\"async\" width=\"720\" height=\"540\" data-id=\"8334\" src=\"https:\/\/taizyagromachine.com\/wp-content\/uploads\/2025\/10\/multifunctional-thresher-machine-for-grains.webp\" alt=\"moissonneuse multifonctionnelle pour grains\" class=\"wp-image-8334\" srcset=\"https:\/\/taizyagromachine.com\/wp-content\/uploads\/2025\/10\/multifunctional-thresher-machine-for-grains.webp 720w, https:\/\/taizyagromachine.com\/wp-content\/uploads\/2025\/10\/multifunctional-thresher-machine-for-grains-16x12.webp 16w\" sizes=\"auto, (max-width: 720px) 100vw, 720px\" \/><figcaption class=\"wp-element-caption\">moissonneuse multifonctionnelle pour grains<\/figcaption><\/figure> <\/figure>    <h2 class=\"wp-block-heading\"><strong>Param\u00e8tres de la machine \u00e0 threshing de grain<\/strong><\/h2>    <figure class=\"wp-block-table\"><table class=\"has-fixed-layout\"><tbody><tr><td>Mod\u00e8le<\/td><td>MT-1500<\/td><\/tr><tr><td>Configuration d\u2019alimentation<\/td><td>Moteur diesel : 15\u201318 hp, d\u00e9marrage \u00e9lectrique<br>Moteur \u00e9lectrique : Trois phases 7,5 kW<\/td><\/tr><tr><td>Capacit\u00e9<\/td><td>Millet : 3 t\/h<br>Ma\u00efs : 5t\/h<br>Riz\/Bl\u00e9 : 2t\/h<\/td><\/tr><tr><td>Applications<\/td><td>Ma\u00efs, millet, sorgho, soja, riz, bl\u00e9, etc.<\/td><\/tr><\/tbody><\/table><figcaption class=\"wp-element-caption\">sp\u00e9cifications de la moissonneuse multi-grains<\/figcaption><\/figure>    <h2 class=\"wp-block-heading\"><strong>Structure de la machine \u00e0 threshing Taizy<\/strong><\/h2>    <p>En tant que fabricant et fournisseur professionnel d\u2019\u00e9quipements agricoles, nous am\u00e9liorons la machine pour mieux r\u00e9pondre aux clients africains et aux projets d\u2019appel d\u2019offres. Sa structure comprend une entr\u00e9e, une sortie, l\u2019alimentation, le cadre, la chambre de threshing, etc. Veuillez vous r\u00e9f\u00e9rer au sch\u00e9ma ci-dessous pour les d\u00e9tails.<\/p>    <div class=\"wp-block-columns is-layout-flex wp-container-core-columns-is-layout-9d6595d7 wp-block-columns-is-layout-flex\"> <div class=\"wp-block-column is-layout-flow wp-block-column-is-layout-flow\"> <figure class=\"wp-block-image size-full\"><img loading=\"lazy\" decoding=\"async\" width=\"720\" height=\"540\" src=\"https:\/\/taizyagromachine.com\/wp-content\/uploads\/2025\/10\/components-of-multi-grain-thresher.webp\" alt=\"composants de la moissonneuse multi-grain\" class=\"wp-image-8327\" srcset=\"https:\/\/taizyagromachine.com\/wp-content\/uploads\/2025\/10\/components-of-multi-grain-thresher.webp 720w, https:\/\/taizyagromachine.com\/wp-content\/uploads\/2025\/10\/components-of-multi-grain-thresher-16x12.webp 16w\" sizes=\"auto, (max-width: 720px) 100vw, 720px\" \/><figcaption class=\"wp-element-caption\">composants de la moissonneuse multi-grain<\/figcaption><\/figure> <\/div>    <div class=\"wp-block-column is-layout-flow wp-block-column-is-layout-flow\"> <figure class=\"wp-block-image size-full\"><img loading=\"lazy\" decoding=\"async\" width=\"720\" height=\"540\" src=\"https:\/\/taizyagromachine.com\/wp-content\/uploads\/2025\/10\/structure-of-grain-threshing-machine.webp\" alt=\"structure de la machine \u00e0 threshing de grain\" class=\"wp-image-8328\" srcset=\"https:\/\/taizyagromachine.com\/wp-content\/uploads\/2025\/10\/structure-of-grain-threshing-machine.webp 720w, https:\/\/taizyagromachine.com\/wp-content\/uploads\/2025\/10\/structure-of-grain-threshing-machine-16x12.webp 16w\" sizes=\"auto, (max-width: 720px) 100vw, 720px\" \/><figcaption class=\"wp-element-caption\">structure de la machine \u00e0 threshing de grain<\/figcaption><\/figure> <\/div> <\/div>    <h2 class=\"wp-block-heading\"><strong>Pourquoi la machine \u00e0 threshing Taizy est-elle adapt\u00e9e au projet d\u2019appel d\u2019offres ?<\/strong><\/h2>    <p>La Taizy MT-1500 moissonneuse \u00e0 grains polyvalente offre non seulement des performances exceptionnelles mais aussi de multiples avantages adapt\u00e9s aux appels d\u2019offres internationaux et \u00e0 l\u2019approvisionnement de projets agricoles :<\/p>    <ol class=\"wp-block-list\"> <li>Techniquement mature avec performance stable <ul class=\"wp-block-list\"> <li>Largement d\u00e9ploy\u00e9 en Afrique, au Sud de l\u2019Asie, et dans d\u2019autres r\u00e9gions, cette machine fonctionne de mani\u00e8re fiable avec une maintenance simple et une grande interchangeabilit\u00e9 des composants.<\/li> <\/ul> <\/li>    <li>Rapport co\u00fbt-efficacit\u00e9 \u00e9lev\u00e9 <ul class=\"wp-block-list\"> <li>Chaque unit\u00e9 co\u00fbte seulement quelques centaines de dollars (hors alimentation), ce qui est plus abordable que des \u00e9quipements import\u00e9s similaires. Ses performances sont comparables aux mod\u00e8les propos\u00e9s en Afrique.<\/li> <\/ul> <\/li>    <li>Options d\u2019alimentation flexibles <ul class=\"wp-block-list\"> <li>Les clients peuvent choisir une propulsion diesel ou \u00e9lectrique en fonction des conditions locales, r\u00e9pondant aux besoins des zones sans \u00e9lectricit\u00e9 ou de grandes exploitations.<\/li> <\/ul> <\/li>    <li>Conforme \u00e0 plusieurs normes agricoles <ul class=\"wp-block-list\"> <li>La structure du produit r\u00e9pond aux exigences d\u2019exportation avec un emballage standardis\u00e9 et fournit CE, ISO et d\u2019autres certifications, adapt\u00e9e aux projets d\u2019aide et d\u2019approvisionnement gouvernemental.<\/li> <\/ul> <\/li> <\/ol>    <figure class=\"wp-block-gallery has-nested-images columns-default is-cropped wp-block-gallery-4 is-layout-flex wp-block-gallery-is-layout-flex\"> <figure class=\"wp-block-image size-large\"><img loading=\"lazy\" decoding=\"async\" width=\"720\" height=\"540\" data-id=\"8337\" src=\"https:\/\/taizyagromachine.com\/wp-content\/uploads\/2025\/10\/grain-thresher-with-traction.webp\" alt=\"moissonneuse \u00e0 traction\" class=\"wp-image-8337\" srcset=\"https:\/\/taizyagromachine.com\/wp-content\/uploads\/2025\/10\/grain-thresher-with-traction.webp 720w, https:\/\/taizyagromachine.com\/wp-content\/uploads\/2025\/10\/grain-thresher-with-traction-16x12.webp 16w\" sizes=\"auto, (max-width: 720px) 100vw, 720px\" \/><figcaption class=\"wp-element-caption\">moissonneuse \u00e0 traction<\/figcaption><\/figure>    <figure class=\"wp-block-image size-large\"><img loading=\"lazy\" decoding=\"async\" width=\"720\" height=\"540\" data-id=\"8338\" src=\"https:\/\/taizyagromachine.com\/wp-content\/uploads\/2025\/10\/multi-grain-threshing-machine-from-Taizy.webp\" alt=\"moissonneuse multi-grains de Taizy\" class=\"wp-image-8338\" srcset=\"https:\/\/taizyagromachine.com\/wp-content\/uploads\/2025\/10\/multi-grain-threshing-machine-from-Taizy.webp 720w, https:\/\/taizyagromachine.com\/wp-content\/uploads\/2025\/10\/multi-grain-threshing-machine-from-Taizy-16x12.webp 16w\" sizes=\"auto, (max-width: 720px) 100vw, 720px\" \/><figcaption class=\"wp-element-caption\">moissonneuse multi-grains de Taizy<\/figcaption><\/figure> <\/figure>    <figure class=\"wp-block-gallery has-nested-images columns-default is-cropped wp-block-gallery-5 is-layout-flex wp-block-gallery-is-layout-flex\"> <figure class=\"wp-block-image size-large\"><img loading=\"lazy\" decoding=\"async\" width=\"720\" height=\"540\" data-id=\"8341\" src=\"https:\/\/taizyagromachine.com\/wp-content\/uploads\/2025\/10\/multi-grain-thresher-for-corn.webp\" alt=\"moissonneuse multi-grains pour le ma\u00efs\" class=\"wp-image-8341\" srcset=\"https:\/\/taizyagromachine.com\/wp-content\/uploads\/2025\/10\/multi-grain-thresher-for-corn.webp 720w, https:\/\/taizyagromachine.com\/wp-content\/uploads\/2025\/10\/multi-grain-thresher-for-corn-16x12.webp 16w\" sizes=\"auto, (max-width: 720px) 100vw, 720px\" \/><figcaption class=\"wp-element-caption\">moissonneuse multi-grains pour le ma\u00efs<\/figcaption><\/figure>    <figure class=\"wp-block-image size-large\"><img loading=\"lazy\" decoding=\"async\" width=\"719\" height=\"540\" data-id=\"8340\" src=\"https:\/\/taizyagromachine.com\/wp-content\/uploads\/2025\/10\/grain-threshing-machine-for-millet.webp\" alt=\"machine threshing de grain pour millet\" class=\"wp-image-8340\" srcset=\"https:\/\/taizyagromachine.com\/wp-content\/uploads\/2025\/10\/grain-threshing-machine-for-millet.webp 719w, https:\/\/taizyagromachine.com\/wp-content\/uploads\/2025\/10\/grain-threshing-machine-for-millet-16x12.webp 16w\" sizes=\"auto, (max-width: 719px) 100vw, 719px\" \/><figcaption class=\"wp-element-caption\">machine threshing de grain pour millet<\/figcaption><\/figure>    <figure class=\"wp-block-image size-large\"><img loading=\"lazy\" decoding=\"async\" width=\"720\" height=\"540\" data-id=\"8339\" src=\"https:\/\/taizyagromachine.com\/wp-content\/uploads\/2025\/10\/crop-thresher-for-sorghum.webp\" alt=\"moissonneuse pour sorgho\" class=\"wp-image-8339\" srcset=\"https:\/\/taizyagromachine.com\/wp-content\/uploads\/2025\/10\/crop-thresher-for-sorghum.webp 720w, https:\/\/taizyagromachine.com\/wp-content\/uploads\/2025\/10\/crop-thresher-for-sorghum-16x12.webp 16w\" sizes=\"auto, (max-width: 720px) 100vw, 720px\" \/><figcaption class=\"wp-element-caption\">moissonneuse pour sorgho<\/figcaption><\/figure> <\/figure>    <h2 class=\"wp-block-heading\"><strong>Comment commander cette moissonneuse polyvalente Taizy ?<\/strong><\/h2>    <p>Commander la moissonneuse Taizy MT-1500 est simple :<\/p>    <ol class=\"wp-block-list\"> <li>Contactez-nous <ul class=\"wp-block-list\"> <li>Vous pouvez contacter Taizy par e-mail, WhatsApp ou via le formulaire de notre site officiel.<\/li> <\/ul> <\/li>    <li>Confirmer les exigences <ul class=\"wp-block-list\"> <li>Sp\u00e9cifiez les cultures cibles (par ex. ma\u00efs, millet, riz), la source d\u2019alimentation (moteur \u00e9lectrique\/diesel), et la production projet\u00e9e. Nous recommanderons la configuration machine optimale.<\/li> <\/ul> <\/li>    <li>Devis &amp; contrat <ul class=\"wp-block-list\"> <li>Nous fournirons les sp\u00e9cifications techniques d\u00e9taill\u00e9es, les prix, le calendrier de livraison et les dispositions d\u2019exp\u00e9dition.<\/li> <\/ul> <\/li>    <li>D\u00e9p\u00f4t &amp; production OU paiement int\u00e9gral <ul class=\"wp-block-list\"> <li>Versez l\u2019acompte et nous commen\u00e7ons la production. Apr\u00e8s la production, nous prenons des vid\u00e9os et photos de la machine pour votre confirmation.<\/li>    <li>Lorsque la machine est en stock, nous emballerons les marchandises d\u00e8s r\u00e9ception de votre paiement complet.<\/li> <\/ul> <\/li>    <li>Exp\u00e9dition et service apr\u00e8s-vente <ul class=\"wp-block-list\"> <li>Taizy maintient un processus d\u2019exportation \u00e9prouv\u00e9 et un r\u00e9seau de soutien pour garantir une livraison en temps voulu, des conseils techniques et une formation op\u00e9rationnelle.<\/li> <\/ul> <\/li> <\/ol>    <p>Notre machine threshing int\u00e8gre haute efficacit\u00e9, forte adaptabilit\u00e9 et faible maintenance, adapt\u00e9e aux fermes, coop\u00e9ratives et entreprises de transformation agricole de toutes tailles. Que ce soit pour la production domestique ou des projets d\u2019exportation, elle gagne les pr\u00e9f\u00e9rences du march\u00e9 par ses performances exceptionnelles et son prix raisonnable.<\/p>    <p>De plus, nous avons d'autres \u00e9quipements de transformation du ma\u00efs, tels que :<\/p>    <ul class=\"wp-block-list\"> <li><a href=\"https:\/\/taizyagromachine.com\/fr\/product\/no-till-corn-planter-machine\/\">Planteuse de ma\u00efs<\/a><\/li>    <li><a href=\"https:\/\/taizyagromachine.com\/fr\/product\/single-row-corn-harvester\/\">Pick-up de ma\u00efs \u00e0 une rang\u00e9e<\/a><\/li>    <li><a href=\"https:\/\/taizyagromachine.com\/fr\/product\/fresh-corn-sheller\/\">D\u00e9chiqueteuse de ma\u00efs fra\u00eeche<\/a><\/li>    <li><a href=\"https:\/\/taizyagromachine.com\/fr\/product\/maize-grits-milling-machine\/\">Machine \u00e0 gruau de ma\u00efs<\/a><\/li> <\/ul>    <p>Si vous \u00eates int\u00e9ress\u00e9, n'h\u00e9sitez pas \u00e0 nous contacter \u00e0 tout moment\u00a0!<\/p>","protected":false},"excerpt":{"rendered":"<p>La nouvelle moissonneuse multifonction MT-1500 Taizy traite efficacement le ma\u00efs, le millet, le sorgho, le soja et d\u2019autres cultures. Son design \u00e0 double chambre et double flux d\u2019air assure une propret\u00e9 \u00e9lev\u00e9e et une \u00e9limination compl\u00e8te des impuret\u00e9s. Avec des options d\u2019alimentation flexibles et des prix comp\u00e9titifs, elle est particuli\u00e8rement adapt\u00e9e aux fermes et aux march\u00e9s d\u2019achat gouvernemental dans les march\u00e9s africains et sud-asiatiques.<\/p>","protected":false},"author":1,"featured_media":8346,"parent":0,"template":"","tags":[235],"product-type":[17],"class_list":["post-8326","product","type-product","status-publish","has-post-thumbnail","hentry","tag-corn","product-type-corn-machine"],"_links":{"self":[{"href":"https:\/\/taizyagromachine.com\/fr\/wp-json\/wp\/v2\/product\/8326","targetHints":{"allow":["GET"]}}],"collection":[{"href":"https:\/\/taizyagromachine.com\/fr\/wp-json\/wp\/v2\/product"}],"about":[{"href":"https:\/\/taizyagromachine.com\/fr\/wp-json\/wp\/v2\/types\/product"}],"author":[{"embeddable":true,"href":"https:\/\/taizyagromachine.com\/fr\/wp-json\/wp\/v2\/users\/1"}],"wp:featuredmedia":[{"embeddable":true,"href":"https:\/\/taizyagromachine.com\/fr\/wp-json\/wp\/v2\/media\/8346"}],"wp:attachment":[{"href":"https:\/\/taizyagromachine.com\/fr\/wp-json\/wp\/v2\/media?parent=8326"}],"wp:term":[{"taxonomy":"post_tag","embeddable":true,"href":"https:\/\/taizyagromachine.com\/fr\/wp-json\/wp\/v2\/tags?post=8326"},{"taxonomy":"product-type","embeddable":true,"href":"https:\/\/taizyagromachine.com\/fr\/wp-json\/wp\/v2\/product-type?post=8326"}],"curies":[{"name":"wp","href":"https:\/\/api.w.org\/{rel}","templated":true}]}}