{"id":8359,"date":"2025-10-22T14:52:26","date_gmt":"2025-10-22T06:52:26","guid":{"rendered":"https:\/\/taizyagromachine.com\/?post_type=product&#038;p=8359"},"modified":"2025-10-22T15:16:22","modified_gmt":"2025-10-22T07:16:22","slug":"multi-rice-and-wheat-thresher-machine","status":"publish","type":"product","link":"https:\/\/taizyagromachine.com\/fr\/product\/multi-rice-and-wheat-thresher-machine\/","title":{"rendered":"Moissonneuse-rra multi riz et bl\u00e9 auto-propel\u00e9e"},"content":{"rendered":"<p class=\"translation-block\">La <strong>moissonneuse riz et bl\u00e9 Taizy<\/strong> peut traiter non seulement le riz et le bl\u00e9, mais aussi une vari\u00e9t\u00e9 de cultures c\u00e9r\u00e9ali\u00e8res, y compris le sorgho, le millet, le quinoa, le soja et le colza. Pour diff\u00e9rents grains, vous pouvez changer les mailles correspondantes. <\/p>    <p>Cette moissonneuse multifonction pour riz et bl\u00e9 peut utiliser un moteur \u00e0 essence, diesel ou \u00e9lectrique comme alimentation, et vous pouvez choisir selon vos besoins. Il a une capacit\u00e9 de 600-800 kg\/h, de grandes roues, facile \u00e0 d\u00e9placer. Si vous souhaitez plus de d\u00e9tails, contactez-nous imm\u00e9diatement !<\/p>    <figure class=\"wp-block-embed is-type-video is-provider-youtube wp-block-embed-youtube wp-embed-aspect-16-9 wp-has-aspect-ratio\"><div class=\"wp-block-embed__wrapper\"> <iframe loading=\"lazy\" title=\"Vid\u00e9o du fonctionnement de la machine \u00e0 battre le riz et le bl\u00e9 multi-cultures | Machine \u00e0 battre les grains \u00e0 haute efficacit\u00e9\" width=\"500\" height=\"281\" src=\"https:\/\/www.youtube.com\/embed\/xAsettSXftw?feature=oembed\" frameborder=\"0\" allow=\"accelerometer; autoplay; clipboard-write; encrypted-media; gyroscope; picture-in-picture; web-share\" referrerpolicy=\"strict-origin-when-cross-origin\" allowfullscreen><\/iframe> <\/div><figcaption class=\"wp-element-caption\">vid\u00e9o de la machine \u00e0 battre le riz et le bl\u00e9<\/figcaption><\/figure>    <h2 class=\"wp-block-heading\"><strong>Avantages de la moissonneuse Taizy pour riz et bl\u00e9<\/strong><\/h2>    <ul class=\"wp-block-list\"> <li>Il peut traiter <strong>600-800kg par heure<\/strong>, qui est tr\u00e8s efficace pour les petites et moyennes exploitations.<\/li>    <li>Cette machine de battage multifonctionnelle <strong>s\u00e9pare rapidement le riz, le bl\u00e9, le ma\u00efs, le sorgho, le quinoa, le soja, le millet, le s\u00e9same,<\/strong> et autres cultures, offrant une v\u00e9ritable fonctionnalit\u00e9 polyvalente.<\/li>    <li>Avec un <strong>taux de battage sup\u00e9rieur \u00e0 98%<\/strong> et un <strong>taux de casse inf\u00e9rieur \u00e0 2%<\/strong>, il pr\u00e9serve efficacement la qualit\u00e9 des grains.<\/li>    <li>Le batteur de riz et de bl\u00e9 Taizy a <strong>grands pneus<\/strong> et une structure compacte, <strong>facile \u00e0 d\u00e9placer<\/strong>, ce qui le rend id\u00e9al pour les agriculteurs individuels, les coop\u00e9ratives et les petites exploitations.<\/li> <\/ul>    <figure class=\"wp-block-gallery has-nested-images columns-default is-cropped wp-block-gallery-2 is-layout-flex wp-block-gallery-is-layout-flex\"> <figure class=\"wp-block-image size-large\"><img loading=\"lazy\" decoding=\"async\" width=\"720\" height=\"540\" data-id=\"8366\" src=\"https:\/\/taizyagromachine.com\/wp-content\/uploads\/2025\/10\/grain-threshing-machine-for-rice-wheat.webp\" alt=\"moissonneuse pour riz et bl\u00e9\" class=\"wp-image-8366\" srcset=\"https:\/\/taizyagromachine.com\/wp-content\/uploads\/2025\/10\/grain-threshing-machine-for-rice-wheat.webp 720w, https:\/\/taizyagromachine.com\/wp-content\/uploads\/2025\/10\/grain-threshing-machine-for-rice-wheat-16x12.webp 16w\" sizes=\"auto, (max-width: 720px) 100vw, 720px\" \/><figcaption class=\"wp-element-caption\">moissonneuse pour riz et bl\u00e9<\/figcaption><\/figure>    <figure class=\"wp-block-image size-large\"><img loading=\"lazy\" decoding=\"async\" width=\"720\" height=\"540\" data-id=\"8367\" src=\"https:\/\/taizyagromachine.com\/wp-content\/uploads\/2025\/10\/rice-and-wheat-threshing-machine-for-sale.webp\" alt=\"moissonneuse riz et bl\u00e9 \u00e0 vendre\" class=\"wp-image-8367\" srcset=\"https:\/\/taizyagromachine.com\/wp-content\/uploads\/2025\/10\/rice-and-wheat-threshing-machine-for-sale.webp 720w, https:\/\/taizyagromachine.com\/wp-content\/uploads\/2025\/10\/rice-and-wheat-threshing-machine-for-sale-16x12.webp 16w\" sizes=\"auto, (max-width: 720px) 100vw, 720px\" \/><figcaption class=\"wp-element-caption\">moissonneuse riz et bl\u00e9 \u00e0 vendre<\/figcaption><\/figure> <\/figure>    <figure class=\"wp-block-gallery has-nested-images columns-default is-cropped wp-block-gallery-3 is-layout-flex wp-block-gallery-is-layout-flex\"> <figure class=\"wp-block-image size-large\"><img loading=\"lazy\" decoding=\"async\" width=\"405\" height=\"540\" data-id=\"8364\" src=\"https:\/\/taizyagromachine.com\/wp-content\/uploads\/2025\/10\/multifunctional-thresher-for-rice-and-millet.webp\" alt=\"moissonneuse multifonction pour riz et millet\" class=\"wp-image-8364\" srcset=\"https:\/\/taizyagromachine.com\/wp-content\/uploads\/2025\/10\/multifunctional-thresher-for-rice-and-millet.webp 405w, https:\/\/taizyagromachine.com\/wp-content\/uploads\/2025\/10\/multifunctional-thresher-for-rice-and-millet-9x12.webp 9w\" sizes=\"auto, (max-width: 405px) 100vw, 405px\" \/><figcaption class=\"wp-element-caption\">moissonneuse multifonction pour riz et millet<\/figcaption><\/figure>    <figure class=\"wp-block-image size-large\"><img loading=\"lazy\" decoding=\"async\" width=\"473\" height=\"540\" data-id=\"8365\" src=\"https:\/\/taizyagromachine.com\/wp-content\/uploads\/2025\/10\/rice-wheat-thresher-for-beans-and-wheat.webp\" alt=\"moissonneuse riz et bl\u00e9 pour haricots et bl\u00e9\" class=\"wp-image-8365\" srcset=\"https:\/\/taizyagromachine.com\/wp-content\/uploads\/2025\/10\/rice-wheat-thresher-for-beans-and-wheat.webp 473w, https:\/\/taizyagromachine.com\/wp-content\/uploads\/2025\/10\/rice-wheat-thresher-for-beans-and-wheat-11x12.webp 11w\" sizes=\"auto, (max-width: 473px) 100vw, 473px\" \/><figcaption class=\"wp-element-caption\">moissonneuse riz et bl\u00e9 pour haricots et bl\u00e9<\/figcaption><\/figure>    <figure class=\"wp-block-image size-large\"><img loading=\"lazy\" decoding=\"async\" width=\"562\" height=\"540\" data-id=\"8363\" src=\"https:\/\/taizyagromachine.com\/wp-content\/uploads\/2025\/10\/multi-crop-thresher-for-sorghum-and-rapeseed.webp\" alt=\"moissonneuse multi-culture pour sorgho et colza\" class=\"wp-image-8363\" srcset=\"https:\/\/taizyagromachine.com\/wp-content\/uploads\/2025\/10\/multi-crop-thresher-for-sorghum-and-rapeseed.webp 562w, https:\/\/taizyagromachine.com\/wp-content\/uploads\/2025\/10\/multi-crop-thresher-for-sorghum-and-rapeseed-12x12.webp 12w\" sizes=\"auto, (max-width: 562px) 100vw, 562px\" \/><figcaption class=\"wp-element-caption\">moissonneuse multi-culture pour sorgho et colza<\/figcaption><\/figure> <\/figure>    <h2 class=\"wp-block-heading\"><strong>Param\u00e8tres de la moissonneuse multifonction riz et bl\u00e9<\/strong><\/h2>    <p>La moissonneuse Taizy multifonction riz et bl\u00e9 appartient \u00e0 la s\u00e9rie 5TYC, avec une production horaire allant de 600 kg \u00e0 800 kg. La machine peut \u00eatre \u00e9quip\u00e9e de moteurs diesel, \u00e9lectrique ou \u00e0 essence pour s\u2019adapter \u00e0 des conditions \u00e9nerg\u00e9tiques variables dans diff\u00e9rents pays et r\u00e9gions. Sa structure est bien con\u00e7ue et offre une puissance suffisante. Veuillez vous r\u00e9f\u00e9rer au tableau ci-dessous pour plus d\u2019informations.<\/p>    <figure class=\"wp-block-table\"><table class=\"has-fixed-layout\"><tbody><tr><td>Mod\u00e8le<\/td><td>5TYC1-90<\/td><\/tr><tr><td>Pouvoir<\/td><td>Moteur diesel mont\u00e9 \u22659hp, d\u00e9marrage par tirage<br>Moteur \u00e0 essence 170F<\/td><\/tr><tr><td>Capacit\u00e9<\/td><td>600-800 kg\/heure<\/td><\/tr><tr><td>Vitesse nominale<\/td><td>3600 rpm<\/td><\/tr><tr><td>cylindre de battage<\/td><td>Diam\u00e8tre 360*Longueur 900mm<\/td><\/tr><tr><td>Taille des mailles<\/td><td>870*610 mm<\/td><\/tr><tr><td>Poids<\/td><td>90 kg sans moteur<\/td><\/tr><tr><td>Taille globale (L*W*H)<\/td><td>1640*1640*1280 mm<\/td><\/tr><tr><td>Taux de battage<\/td><td>\u226598%<\/td><\/tr><tr><td>Taux de broyage<\/td><td>\u22642%<\/td><\/tr><tr><td>Avec diff\u00e9rentes mailles<\/td><td>Gaine de colza 4 mm, Sorgho 6 mm, Bl\u00e9 8 mm, Riz 8 mm ou 10 mm, Haricots 10 mm<\/td><\/tr><tr><td>QTY\/20GP<\/td><td>24 pi\u00e8ces <\/td><\/tr><tr><td>QTY\/40GP<\/td><td>66 pi\u00e8ces<\/td><\/tr><\/tbody><\/table><figcaption class=\"wp-element-caption\">sp\u00e9cifications de 5TYC1-90<\/figcaption><\/figure>    <h2 class=\"wp-block-heading\"><strong>Conception de structure de moissonneuse riz et bl\u00e9<\/strong><\/h2>    <p>Cette structure de moissonneuse \u00e0 usage multiple est tr\u00e8s simple, comprenant l\u2019entr\u00e9e, la sortie (paille et graines), le moteur, les grandes roues, le cylindre de battage et le repose-bras.<\/p>   <div class=\"wp-block-image\"> <figure class=\"aligncenter size-full\"><img loading=\"lazy\" decoding=\"async\" width=\"504\" height=\"540\" src=\"https:\/\/taizyagromachine.com\/wp-content\/uploads\/2025\/10\/structure-of-rice-and-wheat-thresher-machine.webp\" alt=\"structure de la moissonneuse riz et bl\u00e9\" class=\"wp-image-8360\" srcset=\"https:\/\/taizyagromachine.com\/wp-content\/uploads\/2025\/10\/structure-of-rice-and-wheat-thresher-machine.webp 504w, https:\/\/taizyagromachine.com\/wp-content\/uploads\/2025\/10\/structure-of-rice-and-wheat-thresher-machine-11x12.webp 11w\" sizes=\"auto, (max-width: 504px) 100vw, 504px\" \/><figcaption class=\"wp-element-caption\">structure de la moissonneuse riz et bl\u00e9<\/figcaption><\/figure> <\/div>   <ul class=\"wp-block-list\"> <li>La machine utilise un syst\u00e8me de battage \u00e0 tambour, int\u00e9gr\u00e9 \u00e0 un souffleur puissant et \u00e0 un ensemble tamis vibrant, permettant une s\u00e9paration efficace des grains des impuret\u00e9s. <\/li>    <li>Une bouche d\u2019\u00e9vacuation des c\u00e9r\u00e9ales au bas permet une collecte directe dans des sacs, rationalisant consid\u00e9rablement le processus op\u00e9rationnel. <\/li>    <li>Con\u00e7u en acier de haute r\u00e9sistance, le corps offre une r\u00e9sistance \u00e0 l\u2019usure et une protection contre la corrosion pour une longue dur\u00e9e de vie. <\/li>    <li>\u00c9quip\u00e9e de pneus larges, elle s\u2019adapte \u00e0 divers terrains pour une mobilit\u00e9 accrue.<\/li> <\/ul>    <figure class=\"wp-block-gallery has-nested-images columns-default is-cropped wp-block-gallery-4 is-layout-flex wp-block-gallery-is-layout-flex\"> <figure class=\"wp-block-image size-large\"><img loading=\"lazy\" decoding=\"async\" width=\"540\" height=\"540\" data-id=\"8368\" src=\"https:\/\/taizyagromachine.com\/wp-content\/uploads\/2025\/10\/inner-design-of-rice-wheat-thresher.webp\" alt=\"design int\u00e9rieur de la moissonneuse riz et bl\u00e9\" class=\"wp-image-8368\" srcset=\"https:\/\/taizyagromachine.com\/wp-content\/uploads\/2025\/10\/inner-design-of-rice-wheat-thresher.webp 540w, https:\/\/taizyagromachine.com\/wp-content\/uploads\/2025\/10\/inner-design-of-rice-wheat-thresher-12x12.webp 12w\" sizes=\"auto, (max-width: 540px) 100vw, 540px\" \/><figcaption class=\"wp-element-caption\">design int\u00e9rieur de la moissonneuse riz et bl\u00e9<\/figcaption><\/figure>    <figure class=\"wp-block-image size-large\"><img loading=\"lazy\" decoding=\"async\" width=\"540\" height=\"540\" data-id=\"8369\" src=\"https:\/\/taizyagromachine.com\/wp-content\/uploads\/2025\/10\/working-scene-of-Taizy-rice-and-wheat-thresher-machine.webp\" alt=\"sc\u00e8ne de travail de la moissonneuse Taizy riz et bl\u00e9\" class=\"wp-image-8369\" srcset=\"https:\/\/taizyagromachine.com\/wp-content\/uploads\/2025\/10\/working-scene-of-Taizy-rice-and-wheat-thresher-machine.webp 540w, https:\/\/taizyagromachine.com\/wp-content\/uploads\/2025\/10\/working-scene-of-Taizy-rice-and-wheat-thresher-machine-12x12.webp 12w\" sizes=\"auto, (max-width: 540px) 100vw, 540px\" \/><figcaption class=\"wp-element-caption\">sc\u00e8ne de travail de la moissonneuse Taizy riz et bl\u00e9<\/figcaption><\/figure> <\/figure>    <h2 class=\"wp-block-heading\"><strong>What&#8217;s the rice and wheat thresher machine price?<\/strong><\/h2>    <p>Les moissonneuses Taizy multifonctions riz et bl\u00e9 sont r\u00e9put\u00e9es pour leur grand rapport co\u00fbt-efficacit\u00e9. Les prix varient selon le mod\u00e8le, la capacit\u00e9 et la configuration. Cet \u00e9quipement de battage convient aux m\u00e9nages, coop\u00e9ratives ou projets d\u2019appel d\u2019offres \u00e0 un prix abordable. Taizy propose des tarifs directs usine avec services de personnalisation et conseils techniques, assurant l\u2019achat en confiance et l\u2019exploitation en paix.<\/p>    <h2 class=\"wp-block-heading\"><strong>Taizy: un fabricant reconnu de moissonneuses multi-cultures riz et bl\u00e9<\/strong><\/h2>    <ul class=\"wp-block-list\"> <li>Taizy Machinery poss\u00e8de plus d\u2019une d\u00e9cennie d\u2019exp\u00e9rience dans le secteur de la machinerie agricole, avec des produits export\u00e9s vers plus de 60 pays en Afrique, en Asie du Sud-Est, au Moyen-Orient et en Am\u00e9rique du Sud. <\/li>    <li>L\u2019entreprise livre non seulement des \u00e9quipements de haute qualit\u00e9, mais offre \u00e9galement des services d\u2019installation et de mise en service, un support apr\u00e8s-vente et l\u2019approvisionnement en pi\u00e8ces d\u00e9tach\u00e9es. <\/li>    <li>Gr\u00e2ce \u00e0 sa stabilit\u00e9 et \u00e0 une exp\u00e9rience client exceptionnelle, Taizy est devenu un partenaire de confiance pour les agriculteurs du monde entier.<\/li>    <li>Nous proposons une solution cl\u00e9 en main pour la culture du riz et du bl\u00e9, comme <a href=\"https:\/\/taizyagromachine.com\/fr\/product\/wheat-planter\/\">machine de plantation de bl\u00e9<\/a>, <a href=\"https:\/\/taizyagromachine.com\/fr\/product\/rice-combine-harvester\/\">moissonneuse de riz et de bl\u00e9<\/a>, machine \u00e0 battre le riz et le bl\u00e9, moulin \u00e0 farine de bl\u00e9, etc. <\/li> <\/ul>    <figure class=\"wp-block-gallery has-nested-images columns-2 is-cropped wp-block-gallery-5 is-layout-flex wp-block-gallery-is-layout-flex\"> <figure class=\"wp-block-image size-large\"><img loading=\"lazy\" decoding=\"async\" width=\"540\" height=\"540\" data-id=\"8373\" src=\"https:\/\/taizyagromachine.com\/wp-content\/uploads\/2025\/10\/rice-and-wheat-threshing-machine-factory-visit.webp\" alt=\"visite de l\u2019usine de moissonneuses riz et bl\u00e9\" class=\"wp-image-8373\" srcset=\"https:\/\/taizyagromachine.com\/wp-content\/uploads\/2025\/10\/rice-and-wheat-threshing-machine-factory-visit.webp 540w, https:\/\/taizyagromachine.com\/wp-content\/uploads\/2025\/10\/rice-and-wheat-threshing-machine-factory-visit-12x12.webp 12w\" sizes=\"auto, (max-width: 540px) 100vw, 540px\" \/><figcaption class=\"wp-element-caption\">visite de l\u2019usine de moissonneuses riz et bl\u00e9<\/figcaption><\/figure>    <figure class=\"wp-block-image size-large\"><img loading=\"lazy\" decoding=\"async\" width=\"540\" height=\"540\" data-id=\"8370\" src=\"https:\/\/taizyagromachine.com\/wp-content\/uploads\/2025\/10\/batch-of-thresher-machines-for-export.webp\" alt=\"lot de moissonneuses pour exportation\" class=\"wp-image-8370\" srcset=\"https:\/\/taizyagromachine.com\/wp-content\/uploads\/2025\/10\/batch-of-thresher-machines-for-export.webp 540w, https:\/\/taizyagromachine.com\/wp-content\/uploads\/2025\/10\/batch-of-thresher-machines-for-export-12x12.webp 12w\" sizes=\"auto, (max-width: 540px) 100vw, 540px\" \/><figcaption class=\"wp-element-caption\">lot de moissonneuses pour exportation<\/figcaption><\/figure>    <figure class=\"wp-block-image size-large\"><img loading=\"lazy\" decoding=\"async\" width=\"540\" height=\"540\" data-id=\"8371\" src=\"https:\/\/taizyagromachine.com\/wp-content\/uploads\/2025\/10\/dozens-of-threshers-ready-to-ship.webp\" alt=\"des dizaines de moissonneuses pr\u00eates \u00e0 \u00eatre exp\u00e9di\u00e9es\" class=\"wp-image-8371\" srcset=\"https:\/\/taizyagromachine.com\/wp-content\/uploads\/2025\/10\/dozens-of-threshers-ready-to-ship.webp 540w, https:\/\/taizyagromachine.com\/wp-content\/uploads\/2025\/10\/dozens-of-threshers-ready-to-ship-12x12.webp 12w\" sizes=\"auto, (max-width: 540px) 100vw, 540px\" \/><figcaption class=\"wp-element-caption\">des dizaines de moissonneuses pr\u00eates \u00e0 \u00eatre exp\u00e9di\u00e9es<\/figcaption><\/figure>    <figure class=\"wp-block-image size-large\"><img loading=\"lazy\" decoding=\"async\" width=\"540\" height=\"540\" data-id=\"8372\" src=\"https:\/\/taizyagromachine.com\/wp-content\/uploads\/2025\/10\/one-container-of-grain-rice-wheat-thresher.webp\" alt=\"un conteneur de moissonneuse riz et bl\u00e9\" class=\"wp-image-8372\" srcset=\"https:\/\/taizyagromachine.com\/wp-content\/uploads\/2025\/10\/one-container-of-grain-rice-wheat-thresher.webp 540w, https:\/\/taizyagromachine.com\/wp-content\/uploads\/2025\/10\/one-container-of-grain-rice-wheat-thresher-12x12.webp 12w\" sizes=\"auto, (max-width: 540px) 100vw, 540px\" \/><figcaption class=\"wp-element-caption\">un conteneur de moissonneuse riz et bl\u00e9<\/figcaption><\/figure> <\/figure>    <h2 class=\"wp-block-heading\"><strong>Comment commander rapidement cette moissonneuse ?<\/strong><\/h2>    <p>Commander une moissonneuse Taizy pour riz et bl\u00e9 est simple :<\/p>    <ol class=\"wp-block-list\"> <li>Contactez-nous via WhatsApp\/WeChat, notre site web ou e-mail, en pr\u00e9cisant le mod\u00e8le et le type de culture requis.<\/li>    <li>Nous fournirons un devis d\u00e9taill\u00e9, les sp\u00e9cifications de la machine et les options d\u2019exp\u00e9dition.<\/li>    <li>Apr\u00e8s la confirmation de commande, la production et l\u2019exp\u00e9dition sont organis\u00e9es, avec le support du fret maritime, du fret a\u00e9rien et d\u2019autres modes de transport.<\/li>    <li>L\u2019installation et les instructions d\u2019exploitation apr\u00e8s livraison garantissent une utilisation fluide par le client.<\/li> <\/ol>    <p>L\u2019\u00e9nonc\u00e9 ci-dessus d\u00e9crit un processus rationalis\u00e9. Pour des instructions de commande d\u00e9taill\u00e9es, contactez-nous imm\u00e9diatement.<\/p>    <figure class=\"wp-block-gallery has-nested-images columns-default is-cropped wp-block-gallery-6 is-layout-flex wp-block-gallery-is-layout-flex\"> <figure class=\"wp-block-image size-large\"><img loading=\"lazy\" decoding=\"async\" width=\"540\" height=\"540\" data-id=\"8374\" src=\"https:\/\/taizyagromachine.com\/wp-content\/uploads\/2025\/10\/grain-threshing-machine-for-sale.webp\" alt=\"moissonneuse \u00e0 vendre pour grain\" class=\"wp-image-8374\" srcset=\"https:\/\/taizyagromachine.com\/wp-content\/uploads\/2025\/10\/grain-threshing-machine-for-sale.webp 540w, https:\/\/taizyagromachine.com\/wp-content\/uploads\/2025\/10\/grain-threshing-machine-for-sale-12x12.webp 12w\" sizes=\"auto, (max-width: 540px) 100vw, 540px\" \/><figcaption class=\"wp-element-caption\">moissonneuse \u00e0 vendre pour grain<\/figcaption><\/figure>    <figure class=\"wp-block-image size-large\"><img loading=\"lazy\" decoding=\"async\" width=\"540\" height=\"540\" data-id=\"8375\" src=\"https:\/\/taizyagromachine.com\/wp-content\/uploads\/2025\/10\/multi-crop-rice-and-wheat-thresher-machine.webp\" alt=\"moissonneuse multi-culture riz et bl\u00e9\" class=\"wp-image-8375\" srcset=\"https:\/\/taizyagromachine.com\/wp-content\/uploads\/2025\/10\/multi-crop-rice-and-wheat-thresher-machine.webp 540w, https:\/\/taizyagromachine.com\/wp-content\/uploads\/2025\/10\/multi-crop-rice-and-wheat-thresher-machine-12x12.webp 12w\" sizes=\"auto, (max-width: 540px) 100vw, 540px\" \/><figcaption class=\"wp-element-caption\">moissonneuse multi-culture riz et bl\u00e9<\/figcaption><\/figure> <\/figure>","protected":false},"excerpt":{"rendered":"<p>La machine \u00e0 battre le riz et le bl\u00e9 Taizy convient pour battre le riz, le bl\u00e9, le sorgho, le millet, le soja, le quinoa, le colza et d'autres cultures. Elle atteint une capacit\u00e9 de traitement de 600-800 kg\/h, avec un taux de battage \u226598% et un taux de grains cass\u00e9s \u22642%.<\/p>","protected":false},"author":1,"featured_media":8362,"parent":0,"template":"","tags":[218,219],"product-type":[20],"class_list":["post-8359","product","type-product","status-publish","has-post-thumbnail","hentry","tag-rice","tag-wheat","product-type-rice-and-wheat-machine"],"_links":{"self":[{"href":"https:\/\/taizyagromachine.com\/fr\/wp-json\/wp\/v2\/product\/8359","targetHints":{"allow":["GET"]}}],"collection":[{"href":"https:\/\/taizyagromachine.com\/fr\/wp-json\/wp\/v2\/product"}],"about":[{"href":"https:\/\/taizyagromachine.com\/fr\/wp-json\/wp\/v2\/types\/product"}],"author":[{"embeddable":true,"href":"https:\/\/taizyagromachine.com\/fr\/wp-json\/wp\/v2\/users\/1"}],"wp:featuredmedia":[{"embeddable":true,"href":"https:\/\/taizyagromachine.com\/fr\/wp-json\/wp\/v2\/media\/8362"}],"wp:attachment":[{"href":"https:\/\/taizyagromachine.com\/fr\/wp-json\/wp\/v2\/media?parent=8359"}],"wp:term":[{"taxonomy":"post_tag","embeddable":true,"href":"https:\/\/taizyagromachine.com\/fr\/wp-json\/wp\/v2\/tags?post=8359"},{"taxonomy":"product-type","embeddable":true,"href":"https:\/\/taizyagromachine.com\/fr\/wp-json\/wp\/v2\/product-type?post=8359"}],"curies":[{"name":"wp","href":"https:\/\/api.w.org\/{rel}","templated":true}]}}