{"id":8405,"date":"2025-10-31T15:27:26","date_gmt":"2025-10-31T07:27:26","guid":{"rendered":"https:\/\/taizyagromachine.com\/?post_type=product&#038;p=8405"},"modified":"2025-11-03T17:14:15","modified_gmt":"2025-11-03T09:14:15","slug":"self-propelled-forage-harvester-machine","status":"publish","type":"product","link":"https:\/\/taizyagromachine.com\/fr\/product\/self-propelled-forage-harvester-machine\/","title":{"rendered":"Ensileuse autopropuls\u00e9e\u00a0"},"content":{"rendered":"<p class=\"translation-block\">Taizy<strong>machine \u00e0 ensiler<\/strong>\u00a0est sp\u00e9cialement con\u00e7ue pour couper, hacher, et charger des cultures d'ensilage telles que les tiges de ma\u00efs, l'herbe \u00e0 \u00e9l\u00e9phant, l'herbe de Napier, et le millet. Elle r\u00e9alise la coupe, le hachage, la conveyance, et le chargement en une seule op\u00e9ration, augmentant consid\u00e9rablement l'efficacit\u00e9 de la collecte d'ensilage tout en r\u00e9duisant la main-d'\u0153uvre. La longueur du fourrage hach\u00e9 est d'environ 15 mm, r\u00e9glable entre 10 et 40 mm. Chez Taizy, il existe deux types d'ensileuses de ma\u00efs : \u00e0 chenilles et \u00e0 roues. Si vous \u00eates int\u00e9ress\u00e9, continuez \u00e0 lire pour plus d'informations !<\/p>    <figure class=\"wp-block-embed is-type-video is-provider-youtube wp-block-embed-youtube wp-embed-aspect-16-9 wp-has-aspect-ratio\"><div class=\"wp-block-embed__wrapper\"> <iframe loading=\"lazy\" title=\"R\u00e9colteuse d&#039;ensilage efficace en action dans le champ | Machine de coupe d&#039;ensilage de ma\u00efs et d&#039;herbe pour le b\u00e9tail\" width=\"500\" height=\"281\" src=\"https:\/\/www.youtube.com\/embed\/oQGKm1c9ynQ?feature=oembed\" frameborder=\"0\" allow=\"accelerometer; autoplay; clipboard-write; encrypted-media; gyroscope; picture-in-picture; web-share\" referrerpolicy=\"strict-origin-when-cross-origin\" allowfullscreen><\/iframe> <\/div><figcaption class=\"wp-element-caption\">Vid\u00e9o de la r\u00e9colteuse d'ensilage autopropuls\u00e9e<\/figcaption><\/figure>    <h2 class=\"wp-block-heading\"><strong>Types de machines \u00e0 ensiler en vente<\/strong><\/h2>    <p>En tant que fabricant et fournisseur professionnel d'\u00e9quipements agricoles, Taizy propose principalement deux types d'ensileuses autopropuls\u00e9es : <\/p>    <ul class=\"wp-block-list\"> <li>Ensileuse \u00e0 silo \u00e0 chenilles (avec capuche ou cabine ferm\u00e9e)<\/li>    <li>Ensileuse \u00e0 silo \u00e0 roues (avec capuche ou cabine ferm\u00e9e)<\/li> <\/ul>    <p>Remarque : Dans la cabine du conducteur ferm\u00e9e, le climatiseur peut \u00eatre \u00e9quip\u00e9.<\/p>    <figure class=\"wp-block-gallery has-nested-images columns-default is-cropped wp-block-gallery-2 is-layout-flex wp-block-gallery-is-layout-flex\"> <figure class=\"wp-block-image size-large\"><img loading=\"lazy\" decoding=\"async\" width=\"540\" height=\"670\" data-id=\"8419\" src=\"https:\/\/taizyagromachine.com\/wp-content\/uploads\/2025\/10\/silage-harvester-with-sunshed.webp\" alt=\"R\u00e9colteuse d&#039;ensilage avec abri solaire\" class=\"wp-image-8419\" srcset=\"https:\/\/taizyagromachine.com\/wp-content\/uploads\/2025\/10\/silage-harvester-with-sunshed.webp 540w, https:\/\/taizyagromachine.com\/wp-content\/uploads\/2025\/10\/silage-harvester-with-sunshed-10x12.webp 10w\" sizes=\"auto, (max-width: 540px) 100vw, 540px\" \/><figcaption class=\"wp-element-caption\">R\u00e9colteuse d'ensilage avec abri solaire<\/figcaption><\/figure>    <figure class=\"wp-block-image size-large\"><img loading=\"lazy\" decoding=\"async\" width=\"540\" height=\"720\" data-id=\"8420\" src=\"https:\/\/taizyagromachine.com\/wp-content\/uploads\/2025\/10\/self-propelled-forage-harvester-with-enclosed-cab.webp\" alt=\"R\u00e9colteuse de fourrage autopropuls\u00e9e avec cabine ferm\u00e9e\" class=\"wp-image-8420\" srcset=\"https:\/\/taizyagromachine.com\/wp-content\/uploads\/2025\/10\/self-propelled-forage-harvester-with-enclosed-cab.webp 540w, https:\/\/taizyagromachine.com\/wp-content\/uploads\/2025\/10\/self-propelled-forage-harvester-with-enclosed-cab-9x12.webp 9w\" sizes=\"auto, (max-width: 540px) 100vw, 540px\" \/><figcaption class=\"wp-element-caption\">R\u00e9colteuse de fourrage autopropuls\u00e9e avec cabine ferm\u00e9e<\/figcaption><\/figure> <\/figure>    <p>Ces deux mod\u00e8les conviennent respectivement \u00e0 diff\u00e9rents environnements op\u00e9rationnels et exigences agricoles, capables de g\u00e9rer diverses conditions de travail allant des plaines aux collines, et des terrains secs aux terrains boueux. Continuez pour plus de d\u00e9tails.<\/p>    <h3 class=\"wp-block-heading\"><strong>Type 1 : Ensileuse de silage \u00e0 chenilles<\/strong><\/h3>    <p>L'ensileuse de ma\u00efs \u00e0 chenilles est id\u00e9ale pour les terrains complexes tels que les zones boueuses, glissantes, et vallonn\u00e9es que l'on trouve en Asie du Sud-Est, en Afrique centrale, et dans certaines parties de l'Am\u00e9rique du Sud. Dot\u00e9e d'une forte traction et d'une grande capacit\u00e9 d'auto-r\u00e9paration, ce mod\u00e8le est la solution parfaite pour la saison des pluies et les environnements \u00e0 forte humidit\u00e9.<\/p>    <figure class=\"wp-block-gallery aligncenter has-nested-images columns-default is-cropped wp-block-gallery-3 is-layout-flex wp-block-gallery-is-layout-flex\"> <figure class=\"wp-block-image size-full\"><img loading=\"lazy\" decoding=\"async\" width=\"720\" height=\"540\" data-id=\"8417\" src=\"https:\/\/taizyagromachine.com\/wp-content\/uploads\/2025\/10\/tracked-forage-harvester-machine-for-grass-cutting.webp\" alt=\"Machine de r\u00e9colte de fourrage \u00e0 chenilles pour la coupe d&#039;herbe\" class=\"wp-image-8417\" srcset=\"https:\/\/taizyagromachine.com\/wp-content\/uploads\/2025\/10\/tracked-forage-harvester-machine-for-grass-cutting.webp 720w, https:\/\/taizyagromachine.com\/wp-content\/uploads\/2025\/10\/tracked-forage-harvester-machine-for-grass-cutting-16x12.webp 16w\" sizes=\"auto, (max-width: 720px) 100vw, 720px\" \/><figcaption class=\"wp-element-caption\">Machine de r\u00e9colte de fourrage \u00e0 chenilles pour la coupe d'herbe<\/figcaption><\/figure>    <figure class=\"wp-block-image size-full\"><img loading=\"lazy\" decoding=\"async\" width=\"720\" height=\"540\" data-id=\"8425\" src=\"https:\/\/taizyagromachine.com\/wp-content\/uploads\/2025\/10\/crawler-type-corn-silage-forage-harvesting-machine.webp\" alt=\"Machine de r\u00e9colte de fourrage de ma\u00efs \u00e0 chenilles\" class=\"wp-image-8425\" srcset=\"https:\/\/taizyagromachine.com\/wp-content\/uploads\/2025\/10\/crawler-type-corn-silage-forage-harvesting-machine.webp 720w, https:\/\/taizyagromachine.com\/wp-content\/uploads\/2025\/10\/crawler-type-corn-silage-forage-harvesting-machine-16x12.webp 16w\" sizes=\"auto, (max-width: 720px) 100vw, 720px\" \/><figcaption class=\"wp-element-caption\">Machine de r\u00e9colte de fourrage de ma\u00efs \u00e0 chenilles<\/figcaption><\/figure> <\/figure>    <h4 class=\"wp-block-heading\"><strong>Caract\u00e9ristiques de la machine de r\u00e9colte de fourrage \u00e0 chenilles<\/strong><\/h4>    <ul class=\"wp-block-list\"> <li>Performance puissante : \u00c9quip\u00e9e de moteurs de 100HP-160HP avec transmission longitudinale sans perte de courroie.<\/li>    <li>Adaptabilit\u00e9 exceptionnelle au terrain : Des chenilles de 350 mm de large permettent une op\u00e9ration sur des surfaces boueuses, en pente, et sablonneuses.<\/li>    <li>Haute efficacit\u00e9 op\u00e9rationnelle : Fonctions int\u00e9gr\u00e9es de coupe, hachage et chargement.<\/li>    <li>Longueur de coupe r\u00e9glable : Variable de 10 \u00e0 40 mm pour assurer une segmentation uniforme du fourrage.<\/li>    <li>Syst\u00e8me de contr\u00f4le hydraulique : R\u00e9glage hydraulique complet de la hauteur de la t\u00eate de coupe, du d\u00e9placement, et du d\u00e9chargement.<\/li>    <li>Stable et fiable : Centre de gravit\u00e9 bas et forte r\u00e9sistance aux chocs permettant une op\u00e9ration prolong\u00e9e continue.<\/li> <\/ul>    <h4 class=\"wp-block-heading\"><strong>Donn\u00e9es techniques de cette ensileuse de ma\u00efs<\/strong><\/h4>    <p>Ce mod\u00e8le est 4QZL-1600 avec une cabine du conducteur ferm\u00e9e. Les cultures appropri\u00e9es incluent le ma\u00efs, l\u2019herbe d\u2019\u00e9l\u00e9phant, le sorgho, et les herbes fourrag\u00e8res. Veuillez consulter le tableau ci-dessous pour les param\u00e8tres de la machine.<\/p>    <figure class=\"wp-block-table\"><table class=\"has-fixed-layout\"><tbody><tr><td>Mod\u00e8le<\/td><td>4QZL-1600<\/td><\/tr><tr><td>Type<\/td><td>Autopropuls\u00e9<\/td><\/tr><tr><td>Pouvoir<\/td><td>110,3 kW (150 hp)<\/td><\/tr><tr><td>Vitesse nominale du moteur<\/td><td>2400 r\/min<\/td><\/tr><tr><td>Largeur de coupe<\/td><td>1550 mm<\/td><\/tr><tr><td>Type de coupeur de t\u00eate<\/td><td>Coupeur \u00e0 disque<\/td><\/tr><tr><td>Type de m\u00e9canisme de coupe de paille<\/td><td>Type de disque<\/td><\/tr><tr><td>Type de cabine<\/td><td>Cabine standard<\/td><\/tr><tr><td>M\u00e9thode de transmission<\/td><td>Transmission manuelle<\/td><\/tr><tr><td>M\u00e9thode d'entra\u00eenement<\/td><td>Transmission hydraulique<\/td><\/tr><tr><td>Largeur de la piste<\/td><td>350 mm<\/td><\/tr><tr><td>Longueur de contact au sol de la piste<\/td><td>1400 mm<\/td><\/tr><tr><td>\u00c9cartement des chenilles<\/td><td>1240 mm<\/td><\/tr><tr><td>Plage de vitesse de fonctionnement<\/td><td>1-3 km\/h<\/td><\/tr><tr><td>Longueur de coupe con\u00e7ue<\/td><td>15 mm<\/td><\/tr><tr><td>Bac de stockage<\/td><td>3,1 m\u00b3<\/td><\/tr><tr><td>Taille lors du fonctionnement de la machine<\/td><td>5200\u00d71680\u00d74200 mm<\/td><\/tr><\/tbody><\/table><figcaption class=\"wp-element-caption\">Sp\u00e9cifications de la machine de r\u00e9colte de fourrage \u00e0 chenilles<\/figcaption><\/figure>    <figure class=\"wp-block-gallery has-nested-images columns-default is-cropped wp-block-gallery-4 is-layout-flex wp-block-gallery-is-layout-flex\"> <figure class=\"wp-block-image size-large\"><img loading=\"lazy\" decoding=\"async\" width=\"720\" height=\"540\" data-id=\"8423\" src=\"https:\/\/taizyagromachine.com\/wp-content\/uploads\/2025\/10\/corn-silage-harvester-for-forage.webp\" alt=\"moissonneuse de silage de ma\u00efs pour fourrage\" class=\"wp-image-8423\" srcset=\"https:\/\/taizyagromachine.com\/wp-content\/uploads\/2025\/10\/corn-silage-harvester-for-forage.webp 720w, https:\/\/taizyagromachine.com\/wp-content\/uploads\/2025\/10\/corn-silage-harvester-for-forage-16x12.webp 16w\" sizes=\"auto, (max-width: 720px) 100vw, 720px\" \/><figcaption class=\"wp-element-caption\">moissonneuse de silage de ma\u00efs pour fourrage<\/figcaption><\/figure>    <figure class=\"wp-block-image size-large\"><img loading=\"lazy\" decoding=\"async\" width=\"720\" height=\"540\" data-id=\"8424\" src=\"https:\/\/taizyagromachine.com\/wp-content\/uploads\/2025\/10\/maize-forage-harvester-machine-for-silage-making.webp\" alt=\"Machine de r\u00e9colte de fourrage de ma\u00efs pour la fabrication d&#039;ensilage\" class=\"wp-image-8424\" srcset=\"https:\/\/taizyagromachine.com\/wp-content\/uploads\/2025\/10\/maize-forage-harvester-machine-for-silage-making.webp 720w, https:\/\/taizyagromachine.com\/wp-content\/uploads\/2025\/10\/maize-forage-harvester-machine-for-silage-making-16x12.webp 16w\" sizes=\"auto, (max-width: 720px) 100vw, 720px\" \/><figcaption class=\"wp-element-caption\">Machine de r\u00e9colte de fourrage de ma\u00efs pour la fabrication d'ensilage<\/figcaption><\/figure> <\/figure>    <h3 class=\"wp-block-heading\"><strong>Type 2 : Ensileuse de ma\u00efs \u00e0 roues<\/strong><\/h3>    <p>L'ensileuse de ma\u00efs sur chenilles Taizy offre une grande mobilit\u00e9 et une relocalisation flexible, id\u00e9ale pour les terrains plats ou les fermes avec des parcelles dispers\u00e9es, comme en Afrique, en Am\u00e9rique du Sud, et au Moyen-Orient. Elle offre une haute efficacit\u00e9 tout en simplifiant l'entretien et en r\u00e9duisant les co\u00fbts d'exploitation.<\/p>    <h4 class=\"wp-block-heading\"> <strong>Caract\u00e9ristiques de l'ensileuse de ma\u00efs<\/strong><\/h4>    <ul class=\"wp-block-list\"> <li>Facilit\u00e9 de relocalisation : La vitesse maximale de 20 km\/h permet un d\u00e9placement rapide entre les champs.<\/li>    <li>Op\u00e9ration simple : Le syst\u00e8me de contr\u00f4le automatis\u00e9 assure une conduite sans effort.<\/li>    <li>Faibles co\u00fbts d'entretien : Structure compacte avec une grande interchangeabilit\u00e9 des composants.<\/li>    <li>Hachage uniforme : La conception de la lame \u00e0 haute vitesse garantit la qualit\u00e9 de l'ensilage.<\/li>    <li>Haute fiabilit\u00e9 : Un syst\u00e8me hydraulique stable garantit un fonctionnement continu.<\/li> <\/ul>   <div class=\"wp-block-image\"> <figure class=\"aligncenter size-full\"><img loading=\"lazy\" decoding=\"async\" width=\"720\" height=\"540\" src=\"https:\/\/taizyagromachine.com\/wp-content\/uploads\/2025\/10\/commercial-corn-silage-harvester-machine-for-sale.webp\" alt=\"Machine commerciale de r\u00e9colte d&#039;ensilage de ma\u00efs \u00e0 vendre\" class=\"wp-image-8413\" srcset=\"https:\/\/taizyagromachine.com\/wp-content\/uploads\/2025\/10\/commercial-corn-silage-harvester-machine-for-sale.webp 720w, https:\/\/taizyagromachine.com\/wp-content\/uploads\/2025\/10\/commercial-corn-silage-harvester-machine-for-sale-16x12.webp 16w\" sizes=\"auto, (max-width: 720px) 100vw, 720px\" \/><figcaption class=\"wp-element-caption\">Machine commerciale de r\u00e9colte d'ensilage de ma\u00efs \u00e0 vendre<\/figcaption><\/figure> <\/div>   <h4 class=\"wp-block-heading\"><strong>Donn\u00e9es techniques de l'ensileuse \u00e0 roues<\/strong><\/h4>    <p>C\u2019est une ensileuse de paille de ma\u00efs 4QZ-1800 avec une cabine ferm\u00e9e, et elle peut r\u00e9colter de l\u2019herbe de Napier, du ma\u00efs, etc. Ci-dessous les d\u00e9tails des param\u00e8tres de cette ensileuse autopropuls\u00e9e. <\/p>    <figure class=\"wp-block-table\"><table class=\"has-fixed-layout\"><tbody><tr><td>Mod\u00e8le<\/td><td>4QZL-1800<\/td><\/tr><tr><td>Type<\/td><td>Autopropuls\u00e9<\/td><\/tr><tr><td>Pouvoir<\/td><td>150 hp<\/td><\/tr><tr><td>Vitesse nominale du moteur<\/td><td>2400 r\/min<\/td><\/tr><tr><td>Largeur de coupe<\/td><td>1800 mm<\/td><\/tr><tr><td>Type de coupeur de t\u00eate<\/td><td>Coupeur \u00e0 disque<\/td><\/tr><tr><td>Type de m\u00e9canisme de coupe de paille<\/td><td>Type de disque<\/td><\/tr><tr><td>Type de cabine<\/td><td>Cabine standard<\/td><\/tr><tr><td>M\u00e9thode de transmission<\/td><td>Transmission manuelle<\/td><\/tr><tr><td>M\u00e9thode d'entra\u00eenement<\/td><td>Transmission hydraulique<\/td><\/tr><tr><td>Largeur de la roue guide<\/td><td>1290 mm<\/td><\/tr><tr><td>Sp\u00e9cification du pneu de la roue guide<\/td><td>27\u00d78.5-15<\/td><\/tr><tr><td>Largeur de la piste de la roue motrice<\/td><td>1290 mm<\/td><\/tr><tr><td>Sp\u00e9cification du pneu de la roue motrice<\/td><td>12-16.5<\/td><\/tr><tr><td>Empattement<\/td><td>2200 mm<\/td><\/tr><tr><td>Plage de vitesse de fonctionnement<\/td><td>2-5 km\/h<\/td><\/tr><tr><td>Longueur de coupe con\u00e7ue<\/td><td>15 mm<\/td><\/tr><tr><td>Bac de stockage<\/td><td>3,1 m\u00b3<\/td><\/tr><tr><td>Taille en fonctionnement<\/td><td>5400\u00d71900\u00d73800 mm<\/td><\/tr><\/tbody><\/table><figcaption class=\"wp-element-caption\">Sp\u00e9cifications de la machine \u00e0 ensiler \u00e0 roues<\/figcaption><\/figure>    <figure class=\"wp-block-gallery has-nested-images columns-default is-cropped wp-block-gallery-5 is-layout-flex wp-block-gallery-is-layout-flex\"> <figure class=\"wp-block-image size-large\"><img loading=\"lazy\" decoding=\"async\" width=\"720\" height=\"540\" data-id=\"8415\" src=\"https:\/\/taizyagromachine.com\/wp-content\/uploads\/2025\/10\/maize-forage-harvester-for-silage-chopping.webp\" alt=\"R\u00e9colteuse de fourrage de ma\u00efs pour la coupe d&#039;ensilage\" class=\"wp-image-8415\" srcset=\"https:\/\/taizyagromachine.com\/wp-content\/uploads\/2025\/10\/maize-forage-harvester-for-silage-chopping.webp 720w, https:\/\/taizyagromachine.com\/wp-content\/uploads\/2025\/10\/maize-forage-harvester-for-silage-chopping-16x12.webp 16w\" sizes=\"auto, (max-width: 720px) 100vw, 720px\" \/><figcaption class=\"wp-element-caption\">R\u00e9colteuse de fourrage de ma\u00efs pour la coupe d'ensilage<\/figcaption><\/figure>    <figure class=\"wp-block-image size-large\"><img loading=\"lazy\" decoding=\"async\" width=\"720\" height=\"540\" data-id=\"8414\" src=\"https:\/\/taizyagromachine.com\/wp-content\/uploads\/2025\/10\/corn-forage-harvester-for-silage-cutting.webp\" alt=\"R\u00e9colteuse de fourrage de ma\u00efs pour la coupe d&#039;ensilage\" class=\"wp-image-8414\" srcset=\"https:\/\/taizyagromachine.com\/wp-content\/uploads\/2025\/10\/corn-forage-harvester-for-silage-cutting.webp 720w, https:\/\/taizyagromachine.com\/wp-content\/uploads\/2025\/10\/corn-forage-harvester-for-silage-cutting-16x12.webp 16w\" sizes=\"auto, (max-width: 720px) 100vw, 720px\" \/><figcaption class=\"wp-element-caption\">R\u00e9colteuse de fourrage de ma\u00efs pour la coupe d'ensilage<\/figcaption><\/figure> <\/figure>    <h2 class=\"wp-block-heading\"><strong>Structure de la machine de r\u00e9colte d'ensilage de ma\u00efs<\/strong><\/h2>    <p>En fait, sa structure est claire et simple, comprenant le syst\u00e8me de coupe, la partie op\u00e9rationnelle, le syst\u00e8me de collecte et le mode de marche. Prenons la machine de r\u00e9colte de fourrage \u00e0 chenilles comme exemple :<\/p>    <figure class=\"wp-block-table\"><table class=\"has-fixed-layout\"><tbody><tr><td>Nom de la pi\u00e8ce de machine<\/td><td>Fonction<\/td><\/tr><tr><td>Syst\u00e8me de coupe<\/td><td>Coupez efficacement et uniform\u00e9ment le ma\u00efs, l'herbe de Napier ou le sorgho avec le coupe-disque.<\/td><\/tr><tr><td>Partie op\u00e9rationnelle<\/td><td>Un si\u00e8ge conducteur confortable avec un panneau de contr\u00f4le hydraulique, permettant un r\u00e9glage facile de la hauteur de coupe, de la vitesse d'alimentation et de la direction de d\u00e9chargement.<\/td><\/tr><tr><td>Syst\u00e8me de collecte<\/td><td>Rassemblez et transf\u00e9rez le fourrage hach\u00e9 dans le r\u00e9servoir de stockage en douceur via un tunnel de pulv\u00e9risation.<\/td><\/tr><tr><td>Mode de marche<\/td><td>Une chenille en caoutchouc de 350 mm de large qui garantit une excellente stabilit\u00e9 et adh\u00e9rence m\u00eame dans des champs boueux ou accident\u00e9s.<\/td><\/tr><\/tbody><\/table><figcaption class=\"wp-element-caption\">Liste de la structure de la r\u00e9colteuse de fourrage autopropuls\u00e9e <\/figcaption><\/figure>   <div class=\"wp-block-image\"> <figure class=\"aligncenter size-full\"><img loading=\"lazy\" decoding=\"async\" width=\"720\" height=\"540\" src=\"https:\/\/taizyagromachine.com\/wp-content\/uploads\/2025\/10\/structure-of-self-propelled-forage-harvester-machine.webp\" alt=\"Structure de la machine de r\u00e9colteuse de fourrage autopropuls\u00e9e\" class=\"wp-image-8408\" srcset=\"https:\/\/taizyagromachine.com\/wp-content\/uploads\/2025\/10\/structure-of-self-propelled-forage-harvester-machine.webp 720w, https:\/\/taizyagromachine.com\/wp-content\/uploads\/2025\/10\/structure-of-self-propelled-forage-harvester-machine-16x12.webp 16w\" sizes=\"auto, (max-width: 720px) 100vw, 720px\" \/><figcaption class=\"wp-element-caption\">Structure de la machine de r\u00e9colteuse de fourrage autopropuls\u00e9e<\/figcaption><\/figure> <\/div>   <h2 class=\"wp-block-heading\"><strong>Applications de <strong>automoteur<\/strong> ensileuse<\/strong><\/h2>    <p>Ce mod\u00e8le d'ensileuse de ma\u00efs est largement utilis\u00e9 dans :<\/p>    <ul class=\"wp-block-list\"> <li>Grandes exploitations agricoles <ul class=\"wp-block-list\"> <li>Tels que les fermes laiti\u00e8res, les fermes de b\u00e9tail, les \u00e9levages de moutons, etc., pour la r\u00e9colte et le stockage de l'ensilage.<\/li> <\/ul> <\/li>    <li>Usines de traitement de l'alimentation <ul class=\"wp-block-list\"> <li>Production directe d'ensilage en broyant le fourrage.<\/li> <\/ul> <\/li>    <li>Des coop\u00e9ratives agricoles <ul class=\"wp-block-list\"> <li>Fournir des services de r\u00e9colte d'ensilage aux fermes environnantes.<\/li> <\/ul> <\/li>    <li>Projets agricoles gouvernementaux <ul class=\"wp-block-list\"> <li>Programmes de promotion de la subvention pour la machinerie agricole et de d\u00e9monstration de m\u00e9canisation.<\/li> <\/ul> <\/li> <\/ul>    <p>Cultures adapt\u00e9es : Tiges de ma\u00efs, herbe \u00e0 \u00e9l\u00e9phant, millet, sorgho, herbes fourrag\u00e8res, avoine, herbe de Napier, etc.<\/p>    <figure class=\"wp-block-gallery has-nested-images columns-default is-cropped wp-block-gallery-6 is-layout-flex wp-block-gallery-is-layout-flex\"> <figure class=\"wp-block-image size-large\"><img loading=\"lazy\" decoding=\"async\" width=\"720\" height=\"540\" data-id=\"8429\" src=\"https:\/\/taizyagromachine.com\/wp-content\/uploads\/2025\/10\/chopped-silage.webp\" alt=\"Ensilage hach\u00e9\" class=\"wp-image-8429\" srcset=\"https:\/\/taizyagromachine.com\/wp-content\/uploads\/2025\/10\/chopped-silage.webp 720w, https:\/\/taizyagromachine.com\/wp-content\/uploads\/2025\/10\/chopped-silage-16x12.webp 16w\" sizes=\"auto, (max-width: 720px) 100vw, 720px\" \/><figcaption class=\"wp-element-caption\">Ensilage hach\u00e9<\/figcaption><\/figure>    <figure class=\"wp-block-image size-large\"><img loading=\"lazy\" decoding=\"async\" width=\"720\" height=\"540\" data-id=\"8430\" src=\"https:\/\/taizyagromachine.com\/wp-content\/uploads\/2025\/10\/silage-cutting-effect.webp\" alt=\"effet de coupe de l&#039;ensilage\" class=\"wp-image-8430\" srcset=\"https:\/\/taizyagromachine.com\/wp-content\/uploads\/2025\/10\/silage-cutting-effect.webp 720w, https:\/\/taizyagromachine.com\/wp-content\/uploads\/2025\/10\/silage-cutting-effect-16x12.webp 16w\" sizes=\"auto, (max-width: 720px) 100vw, 720px\" \/><figcaption class=\"wp-element-caption\">effet de coupe de l'ensilage<\/figcaption><\/figure> <\/figure>    <h2 class=\"wp-block-heading\"><strong>Quel est le prix de la r\u00e9colteuse de ensilage Taizy ?<\/strong><\/h2>    <p>Les prix des machines \u00e0 ensiler varient selon le mod\u00e8le, la configuration, et la puissance du moteur. En g\u00e9n\u00e9ral, les mod\u00e8les plus grands avec des sp\u00e9cifications sup\u00e9rieures ont des prix plus \u00e9lev\u00e9s.<\/p>    <p>Par exemple, pour les ensileuses autopropuls\u00e9es \u00e0 chenilles, la version avec cabine enti\u00e8rement ferm\u00e9e est plus co\u00fbteuse que celle avec un pare-soleil. De plus, les clients peuvent choisir diff\u00e9rentes configurations selon leurs besoins (par ex., nombre de lames, puissance du moteur, capacit\u00e9 du hopper).<\/p>    <p>Taizy offre syst\u00e9matiquement des prix directs d'usine, des garanties compl\u00e8tes sur la machine, et un approvisionnement en pi\u00e8ces d\u00e9tach\u00e9es. Nous fournissons \u00e9galement tous les documents d'exportation n\u00e9cessaires (par ex., certificats de libre commerce, certificats d'origine).<\/p>   <div class=\"wp-block-image\"> <figure class=\"aligncenter size-full\"><img loading=\"lazy\" decoding=\"async\" width=\"720\" height=\"540\" src=\"https:\/\/taizyagromachine.com\/wp-content\/uploads\/2025\/10\/Taizy-self-propelled-silage-forage-harvester-machine-for-sale.webp\" alt=\"Machine de r\u00e9colte de fourrage d&#039;ensilage autopropuls\u00e9e Taizy \u00e0 vendre\" class=\"wp-image-8427\" srcset=\"https:\/\/taizyagromachine.com\/wp-content\/uploads\/2025\/10\/Taizy-self-propelled-silage-forage-harvester-machine-for-sale.webp 720w, https:\/\/taizyagromachine.com\/wp-content\/uploads\/2025\/10\/Taizy-self-propelled-silage-forage-harvester-machine-for-sale-16x12.webp 16w\" sizes=\"auto, (max-width: 720px) 100vw, 720px\" \/><figcaption class=\"wp-element-caption\">Machine de r\u00e9colte de fourrage d'ensilage autopropuls\u00e9e Taizy \u00e0 vendre<\/figcaption><\/figure> <\/div>   <h2 class=\"wp-block-heading\"><strong>Comment obtenir une ensileuse de ma\u00efs adapt\u00e9e ?<\/strong><\/h2>    <p>Lors du choix d'une ensileuse de ma\u00efs pour la r\u00e9colte d'ensilage, consid\u00e9rez les facteurs suivants :<\/p>    <ul class=\"wp-block-list\"> <li>Conditions du terrain : Recommandez des mod\u00e8les \u00e0 roues pour les plaines plates ; choisissez des mod\u00e8les \u00e0 chenilles pour les zones vallonn\u00e9es ou boueuses.<\/li>    <li>Type de culture et rendement : Choisissez la puissance en fonction du rendement du ma\u00efs ou du fourrage.<\/li>    <li>Budget et fr\u00e9quence d'utilisation : Optez pour des mod\u00e8les de puissance moyenne pour une utilisation quotidienne ; recommandez des mod\u00e8les haut de gamme pour des applications commerciales.<\/li>    <li>Service apr\u00e8s-vente : Choisissez des fabricants comme Taizy, ayant une grande exp\u00e9rience, un approvisionnement en pi\u00e8ces \u00e0 long terme, et un support technique.<\/li> <\/ul>    <p class=\"translation-block\">Taizy Machinery poss\u00e8de 22 ans d'expertise dans la fabrication d'\u00e9quipements agricoles. Nos produits sont export\u00e9s dans plus de 40 pays en Afrique, en Asie du Sud-Est, en Am\u00e9rique du Sud et au-del\u00e0, gagnant la confiance de nos clients. De plus, nous proposons une solution compl\u00e8te pour l'ensilage : du broyage \u00e0 l'enroulement et \u00e0 l'emballage avec la<a href=\"https:\/\/taizyagromachine.com\/fr\/product\/silage-baler\/\">machine \u00e0 emballer les balles d'ensilage<\/a>.<\/p>    <p>Si vous \u00eates int\u00e9ress\u00e9, n'h\u00e9sitez pas \u00e0 nous contacter imm\u00e9diatement !<\/p>","protected":false},"excerpt":{"rendered":"<p>Taizy propose des machines professionnelles d'ensilage pour les fermes et les usines d'alimentation. Choisissez entre des types \u00e0 roues ou \u00e0 chenilles pour une collecte de fourrage efficace et fiable. Con\u00e7ues pour une haute efficacit\u00e9, durabilit\u00e9 et une production de fourrage de qualit\u00e9.<\/p>","protected":false},"author":1,"featured_media":8406,"parent":0,"template":"","tags":[235,116],"product-type":[19],"class_list":["post-8405","product","type-product","status-publish","has-post-thumbnail","hentry","tag-corn","tag-silage","product-type-silage-machine"],"_links":{"self":[{"href":"https:\/\/taizyagromachine.com\/fr\/wp-json\/wp\/v2\/product\/8405","targetHints":{"allow":["GET"]}}],"collection":[{"href":"https:\/\/taizyagromachine.com\/fr\/wp-json\/wp\/v2\/product"}],"about":[{"href":"https:\/\/taizyagromachine.com\/fr\/wp-json\/wp\/v2\/types\/product"}],"author":[{"embeddable":true,"href":"https:\/\/taizyagromachine.com\/fr\/wp-json\/wp\/v2\/users\/1"}],"wp:featuredmedia":[{"embeddable":true,"href":"https:\/\/taizyagromachine.com\/fr\/wp-json\/wp\/v2\/media\/8406"}],"wp:attachment":[{"href":"https:\/\/taizyagromachine.com\/fr\/wp-json\/wp\/v2\/media?parent=8405"}],"wp:term":[{"taxonomy":"post_tag","embeddable":true,"href":"https:\/\/taizyagromachine.com\/fr\/wp-json\/wp\/v2\/tags?post=8405"},{"taxonomy":"product-type","embeddable":true,"href":"https:\/\/taizyagromachine.com\/fr\/wp-json\/wp\/v2\/product-type?post=8405"}],"curies":[{"name":"wp","href":"https:\/\/api.w.org\/{rel}","templated":true}]}}