{"id":8541,"date":"2025-11-10T14:54:24","date_gmt":"2025-11-10T06:54:24","guid":{"rendered":"https:\/\/taizyagromachine.com\/?post_type=product&#038;p=8541"},"modified":"2025-11-10T16:01:01","modified_gmt":"2025-11-10T08:01:01","slug":"grain-and-grass-grinder-machine","status":"publish","type":"product","link":"https:\/\/taizyagromachine.com\/fr\/product\/grain-and-grass-grinder-machine\/","title":{"rendered":"Machine combin\u00e9e \u00e0 broyer les grains et l'herbe"},"content":{"rendered":"<p class=\"translation-block\">La machine \u00e0 broyer l'herbe de Taizy <strong>combine le pulpage d'ensilage et le broyage de grains<\/strong>, capable de pulper l'herbe tout en broyant le ma\u00efs, le bl\u00e9 et les soja. La herbe atteint une texture uniforme et fine avec une taille de particule de 2-3 mm, id\u00e9ale pour nourrir les porcs, le b\u00e9tail, les moutons, les poulets, les canards, les oies, et autres animaux d'\u00e9levage.<\/p>    <p>La machine \u00e0 pulper l'ensilage a une capacit\u00e9 de 300-1500 kg par heure, et pr\u00e9sente une structure compacte et une op\u00e9ration simple, supportant des options d'alimentation \u00e9lectrique ou moteur diesel pour une flexibilit\u00e9 selon les besoins du client. Cette machine est une solution efficace pour broyer les grains et le fourrage. N'h\u00e9sitez pas \u00e0 nous contacter pour plus de d\u00e9tails !<\/p>    <figure class=\"wp-block-embed is-type-video is-provider-youtube wp-block-embed-youtube wp-embed-aspect-16-9 wp-has-aspect-ratio\"><div class=\"wp-block-embed__wrapper\"> <iframe loading=\"lazy\" title=\"Machine efficace \u00e0 moudre grains et herbes | Broyeur d&#039;ensilage et de ma\u00efs pour la production d&#039;aliments pour animaux\" width=\"500\" height=\"281\" src=\"https:\/\/www.youtube.com\/embed\/_2AgSC_yXXE?feature=oembed\" frameborder=\"0\" allow=\"accelerometer; autoplay; clipboard-write; encrypted-media; gyroscope; picture-in-picture; web-share\" referrerpolicy=\"strict-origin-when-cross-origin\" allowfullscreen><\/iframe> <\/div><figcaption class=\"wp-element-caption\">Vid\u00e9o de la machine \u00e0 broyer l'herbe<\/figcaption><\/figure>    <h2 class=\"wp-block-heading\"><strong>Avantages de la machine \u00e0 broyer les grains et l'herbe<\/strong><\/h2>    <ul class=\"wp-block-list\"> <li>Notre machine \u00e0 pulper le foin peut traiter <strong>300-1500kg\/h<\/strong>, ce qui est tr\u00e8s efficace.<\/li>    <li>Le <strong>Finesse<\/strong> de l'herbe broy\u00e9e est <strong>2-3mm<\/strong>, un m\u00e9lange de poudre tr\u00e8s fine, id\u00e9al pour nourrir la volaille, les porcs, etc.<\/li>    <li> Une machine tout-en-un pour broyer l'herbe <strong>combine le broyage de l'herbe et le broyage des grains<\/strong>.<\/li>    <li>Nous pouvons <strong>\u00e9quipez le cyclone et le cadre de traction<\/strong>, et <strong>personnaliser la tension, la couleur, la machine, <\/strong>etc., to meet customers&#8217; demands.<\/li> <\/ul>    <figure class=\"wp-block-gallery has-nested-images columns-default is-cropped wp-block-gallery-2 is-layout-flex wp-block-gallery-is-layout-flex\"> <figure class=\"wp-block-image size-large\"><img loading=\"lazy\" decoding=\"async\" width=\"720\" height=\"540\" data-id=\"8548\" src=\"https:\/\/taizyagromachine.com\/wp-content\/uploads\/2025\/11\/combined-grain-milling-and-silage-grinder.webp\" alt=\"Moulin \u00e0 grains combin\u00e9 et broyeur d&#039;ensilage\" class=\"wp-image-8548\" srcset=\"https:\/\/taizyagromachine.com\/wp-content\/uploads\/2025\/11\/combined-grain-milling-and-silage-grinder.webp 720w, https:\/\/taizyagromachine.com\/wp-content\/uploads\/2025\/11\/combined-grain-milling-and-silage-grinder-16x12.webp 16w\" sizes=\"auto, (max-width: 720px) 100vw, 720px\" \/><figcaption class=\"wp-element-caption\">Moulin \u00e0 grains combin\u00e9 et broyeur d'ensilage<\/figcaption><\/figure>    <figure class=\"wp-block-image size-large\"><img loading=\"lazy\" decoding=\"async\" width=\"720\" height=\"540\" data-id=\"8550\" src=\"https:\/\/taizyagromachine.com\/wp-content\/uploads\/2025\/11\/silage-pulping-machine-with-tractor.webp\" alt=\"Machine \u00e0 pulper le ensilage avec tracteur\" class=\"wp-image-8550\" srcset=\"https:\/\/taizyagromachine.com\/wp-content\/uploads\/2025\/11\/silage-pulping-machine-with-tractor.webp 720w, https:\/\/taizyagromachine.com\/wp-content\/uploads\/2025\/11\/silage-pulping-machine-with-tractor-16x12.webp 16w\" sizes=\"auto, (max-width: 720px) 100vw, 720px\" \/><figcaption class=\"wp-element-caption\">Machine \u00e0 pulper le ensilage avec tracteur<\/figcaption><\/figure> <\/figure>    <figure class=\"wp-block-gallery has-nested-images columns-default is-cropped wp-block-gallery-3 is-layout-flex wp-block-gallery-is-layout-flex\"> <figure class=\"wp-block-image size-large\"><img loading=\"lazy\" decoding=\"async\" width=\"328\" height=\"720\" data-id=\"8553\" src=\"https:\/\/taizyagromachine.com\/wp-content\/uploads\/2025\/11\/small-Napier-grass-grinder-machine.webp\" alt=\"Petite machine \u00e0 broyer l&#039;herbe de Napier\" class=\"wp-image-8553\" srcset=\"https:\/\/taizyagromachine.com\/wp-content\/uploads\/2025\/11\/small-Napier-grass-grinder-machine.webp 328w, https:\/\/taizyagromachine.com\/wp-content\/uploads\/2025\/11\/small-Napier-grass-grinder-machine-5x12.webp 5w\" sizes=\"auto, (max-width: 328px) 100vw, 328px\" \/><figcaption class=\"wp-element-caption\">Petite machine \u00e0 broyer l'herbe de Napier<\/figcaption><\/figure>    <figure class=\"wp-block-image size-large\"><img loading=\"lazy\" decoding=\"async\" width=\"540\" height=\"720\" data-id=\"8552\" src=\"https:\/\/taizyagromachine.com\/wp-content\/uploads\/2025\/11\/grass-grinder-machine-with-cyclone.webp\" alt=\"Machine \u00e0 broyer l&#039;herbe avec cyclone\" class=\"wp-image-8552\" srcset=\"https:\/\/taizyagromachine.com\/wp-content\/uploads\/2025\/11\/grass-grinder-machine-with-cyclone.webp 540w, https:\/\/taizyagromachine.com\/wp-content\/uploads\/2025\/11\/grass-grinder-machine-with-cyclone-9x12.webp 9w\" sizes=\"auto, (max-width: 540px) 100vw, 540px\" \/><figcaption class=\"wp-element-caption\">Machine \u00e0 broyer l'herbe avec cyclone<\/figcaption><\/figure>    <figure class=\"wp-block-image size-large\"><img loading=\"lazy\" decoding=\"async\" width=\"479\" height=\"720\" data-id=\"8551\" src=\"https:\/\/taizyagromachine.com\/wp-content\/uploads\/2025\/11\/crushed-grass.webp\" alt=\"herbe broy\u00e9e\" class=\"wp-image-8551\" srcset=\"https:\/\/taizyagromachine.com\/wp-content\/uploads\/2025\/11\/crushed-grass.webp 479w, https:\/\/taizyagromachine.com\/wp-content\/uploads\/2025\/11\/crushed-grass-8x12.webp 8w\" sizes=\"auto, (max-width: 479px) 100vw, 479px\" \/><figcaption class=\"wp-element-caption\">herbe broy\u00e9e<\/figcaption><\/figure> <\/figure>    <h2 class=\"wp-block-heading\"><strong>Donn\u00e9es techniques du broyeur combin\u00e9 pour ensilage et ma\u00efs<\/strong><\/h2>    <figure class=\"wp-block-table\"><table class=\"has-fixed-layout\"><tbody><tr><td>Mod\u00e8le<\/td><td>9RS-1000<\/td><td>9RS-1500<\/td><\/tr><tr><td>Pouvoir<\/td><td>Moteur de 3-4 kW<\/td><td>Moteur de 7,5 kW ou moteur diesel de 15 ch<\/td><\/tr><tr><td>Capacit\u00e9<\/td><td>300-1000kg\/h<\/td><td>1000-1500kg\/heure<\/td><\/tr><tr><td>Taille<\/td><td>1200*600*1000mm<\/td><td>1800*1600*1150mm<\/td><\/tr><tr><td>Poids net<\/td><td>90 kg<\/td><td>310kg<\/td><\/tr><\/tbody><\/table><figcaption class=\"wp-element-caption\">Param\u00e8tres de la machine \u00e0 pulper l'ensilage de foin<\/figcaption><\/figure>    <figure class=\"wp-block-gallery has-nested-images columns-default is-cropped wp-block-gallery-4 is-layout-flex wp-block-gallery-is-layout-flex\"> <figure class=\"wp-block-image size-large\"><img loading=\"lazy\" decoding=\"async\" width=\"540\" height=\"540\" data-id=\"8545\" src=\"https:\/\/taizyagromachine.com\/wp-content\/uploads\/2025\/11\/9RS-1000-grain-and-grass-grinding-machine.webp\" alt=\"Machine \u00e0 moudre grains et herbes 9RS-1000\" class=\"wp-image-8545\" srcset=\"https:\/\/taizyagromachine.com\/wp-content\/uploads\/2025\/11\/9RS-1000-grain-and-grass-grinding-machine.webp 540w, https:\/\/taizyagromachine.com\/wp-content\/uploads\/2025\/11\/9RS-1000-grain-and-grass-grinding-machine-12x12.webp 12w\" sizes=\"auto, (max-width: 540px) 100vw, 540px\" \/><figcaption class=\"wp-element-caption\">Machine \u00e0 moudre grains et herbes 9RS-1000<\/figcaption><\/figure>    <figure class=\"wp-block-image size-large\"><img loading=\"lazy\" decoding=\"async\" width=\"540\" height=\"540\" data-id=\"8546\" src=\"https:\/\/taizyagromachine.com\/wp-content\/uploads\/2025\/11\/9RS-1500-grass-cutting-and-grinding-machine.webp\" alt=\"Machine \u00e0 couper et moudre l&#039;herbe 9RS-1500\" class=\"wp-image-8546\" srcset=\"https:\/\/taizyagromachine.com\/wp-content\/uploads\/2025\/11\/9RS-1500-grass-cutting-and-grinding-machine.webp 540w, https:\/\/taizyagromachine.com\/wp-content\/uploads\/2025\/11\/9RS-1500-grass-cutting-and-grinding-machine-12x12.webp 12w\" sizes=\"auto, (max-width: 540px) 100vw, 540px\" \/><figcaption class=\"wp-element-caption\">Machine \u00e0 couper et moudre l'herbe 9RS-1500<\/figcaption><\/figure> <\/figure>    <h2 class=\"wp-block-heading\"><strong>Applications de la machine \u00e0 broyer les grains et l'herbe \u00e0 vendre<\/strong><\/h2>    <p>Cet \u00e9quipement est largement utilis\u00e9 dans les fermes d'\u00e9levage, les usines de transformation de l'alimentation, les coop\u00e9ratives agricoles et les bases de production d'ensilage.<\/p>    <p>Les mat\u00e9riaux appropri\u00e9s sont divers ensilages et grains, tels que le foin, les tiges de ma\u00efs, l'herbe de Napier, le ma\u00efs, le soja, la paille de bl\u00e9, la paille de riz, etc.<\/p>    <p>Le pulv\u00e9risateur d'herbe broie et m\u00e9lange efficacement le fourrage \u00e0 fibres grossi\u00e8res avec des grains, am\u00e9liorant la palatabilit\u00e9 de l'alimentation et les taux d'absorption des nutriments. C'est un \u00e9quipement indispensable dans la transformation moderne de l'alimentation. Qu'il s'agisse de mat\u00e9riaux secs ou humides, cette machine fonctionne efficacement, aidant les agriculteurs \u00e0 atteindre l'autosuffisance en alimentation.<\/p>   <div class=\"wp-block-image\"> <figure class=\"aligncenter size-full\"><img loading=\"lazy\" decoding=\"async\" width=\"720\" height=\"540\" src=\"https:\/\/taizyagromachine.com\/wp-content\/uploads\/2025\/11\/grass-cutting-grinder-machine.webp\" alt=\"Machine \u00e0 broyer l&#039;herbe et couper\" class=\"wp-image-8557\" srcset=\"https:\/\/taizyagromachine.com\/wp-content\/uploads\/2025\/11\/grass-cutting-grinder-machine.webp 720w, https:\/\/taizyagromachine.com\/wp-content\/uploads\/2025\/11\/grass-cutting-grinder-machine-16x12.webp 16w\" sizes=\"auto, (max-width: 720px) 100vw, 720px\" \/><figcaption class=\"wp-element-caption\">Machine \u00e0 broyer l'herbe et couper<\/figcaption><\/figure> <\/div>   <h2 class=\"wp-block-heading\"><strong>Comment fonctionne la machine \u00e0 pulper l'ensilage ?<\/strong><\/h2>    <p>La machine \u00e0 broyer l'herbe de Napier utilise des ensembles de lames \u00e0 grande vitesse pour couper et pulv\u00e9riser le fourrage et les grains. Les mat\u00e9riaux entrent dans la chambre de broyage par l'orifice d'alimentation, o\u00f9 ils sont transform\u00e9s en pulpe ou en poudre par des lames en rotation rapide avant d'\u00eatre \u00e9vacu\u00e9s via la sortie. La machine se caract\u00e9rise par une op\u00e9ration simple et des co\u00fbts d'entretien faibles, ce qui la rend adapt\u00e9e aux op\u00e9rations agricoles de diff\u00e9rentes \u00e9chelles.<\/p>    <figure class=\"wp-block-gallery has-nested-images columns-default is-cropped wp-block-gallery-5 is-layout-flex wp-block-gallery-is-layout-flex\"> <figure class=\"wp-block-image size-large\"><img loading=\"lazy\" decoding=\"async\" width=\"438\" height=\"540\" data-id=\"8554\" src=\"https:\/\/taizyagromachine.com\/wp-content\/uploads\/2025\/11\/grain-and-forage-pulping-machine.webp\" alt=\"Machine \u00e0 pulper grains et fourrage\" class=\"wp-image-8554\" srcset=\"https:\/\/taizyagromachine.com\/wp-content\/uploads\/2025\/11\/grain-and-forage-pulping-machine.webp 438w, https:\/\/taizyagromachine.com\/wp-content\/uploads\/2025\/11\/grain-and-forage-pulping-machine-10x12.webp 10w\" sizes=\"auto, (max-width: 438px) 100vw, 438px\" \/><figcaption class=\"wp-element-caption\">Machine \u00e0 pulper grains et fourrage<\/figcaption><\/figure>    <figure class=\"wp-block-image size-large\"><img loading=\"lazy\" decoding=\"async\" width=\"540\" height=\"540\" data-id=\"8555\" src=\"https:\/\/taizyagromachine.com\/wp-content\/uploads\/2025\/11\/internal-structure-of-grinder.webp\" alt=\"Structure interne du broyeur\" class=\"wp-image-8555\" srcset=\"https:\/\/taizyagromachine.com\/wp-content\/uploads\/2025\/11\/internal-structure-of-grinder.webp 540w, https:\/\/taizyagromachine.com\/wp-content\/uploads\/2025\/11\/internal-structure-of-grinder-12x12.webp 12w\" sizes=\"auto, (max-width: 540px) 100vw, 540px\" \/><figcaption class=\"wp-element-caption\">Structure interne du broyeur<\/figcaption><\/figure> <\/figure>    <h2 class=\"wp-block-heading\"><strong>What&#8217;s the price of Taizy grain and grass grinder machine<\/strong><\/h2>    <p>Le prix de la machine \u00e0 pulper le fourrage d\u00e9pend principalement du mod\u00e8le de la machine, de la source d'\u00e9nergie (moteur \u00e9lectrique ou moteur diesel), de la configuration de sortie, et si elle comprend un cyclone ou un cadre de traction. Les mod\u00e8les plus petits sont g\u00e9n\u00e9ralement plus \u00e9conomiques, tandis que les mod\u00e8les plus grands supportent une haute capacit\u00e9 et un fonctionnement continu prolong\u00e9. Le mod\u00e8le de vente direct de Taizy offre des prix comp\u00e9titifs, avec livraison mondiale et approvisionnement en pi\u00e8ces d\u00e9tach\u00e9es.<\/p>    <h2 class=\"wp-block-heading\"><strong>Comment commander chez Taizy ?<\/strong><\/h2>    <p>Les clients peuvent nous contacter directement par e-mail, WhatsApp\/WeChat, ou via notre site officiel pour fournir la sortie requise, la puissance, l'application, et les besoins de personnalisation. Nous recommanderons le mod\u00e8le le plus adapt\u00e9 et fournirons des devis d\u00e9taill\u00e9s et des solutions d'exp\u00e9dition. <\/p>    <p>Taizy Machinery offre des conseils pr\u00e9-vente professionnels, une assistance technique, et un service apr\u00e8s-vente aux clients du monde entier, garantissant un achat et une utilisation sans souci.<\/p>    <p>De plus, nous disposons d'autres \u00e9quipements de traitement de l'ensilage \u00e0 vendre, tels que<\/p>    <ul class=\"wp-block-list\"> <li><a href=\"https:\/\/taizyagromachine.com\/fr\/product\/forage-chopper-machine\/\">Coupe-paille<\/a><\/li>    <li><a href=\"https:\/\/taizyagromachine.com\/fr\/product\/straw-cutting-machine\/\">Machine \u00e0 couper et p\u00e9trir l'herbe<\/a><\/li>    <li><a href=\"https:\/\/taizyagromachine.com\/fr\/product\/silage-baler\/\">Machine \u00e0 envelopper les balles de ensilage<\/a><\/li> <\/ul>    <p>Si vous recherchez une machine de traitement de l'ensilage, contactez-nous imm\u00e9diatement. Nous proposerons la meilleure solution pour b\u00e9n\u00e9ficier \u00e0 votre activit\u00e9 de fourrage.<\/p>","protected":false},"excerpt":{"rendered":"<p>Le Pulpeur Taizy pour fourrage est une machine de traitement polyvalente capable de moudre le fourrage et les grains en particules uniform\u00e9ment fines et tr\u00e8s app\u00e9tantes. Avec plusieurs configurations personnalisables, elle constitue une solution id\u00e9ale pour le traitement de l'alimentation \u00e0 la ferme.<\/p>","protected":false},"author":1,"featured_media":8543,"parent":0,"template":"","tags":[116],"product-type":[19],"class_list":["post-8541","product","type-product","status-publish","has-post-thumbnail","hentry","tag-silage","product-type-silage-machine"],"_links":{"self":[{"href":"https:\/\/taizyagromachine.com\/fr\/wp-json\/wp\/v2\/product\/8541","targetHints":{"allow":["GET"]}}],"collection":[{"href":"https:\/\/taizyagromachine.com\/fr\/wp-json\/wp\/v2\/product"}],"about":[{"href":"https:\/\/taizyagromachine.com\/fr\/wp-json\/wp\/v2\/types\/product"}],"author":[{"embeddable":true,"href":"https:\/\/taizyagromachine.com\/fr\/wp-json\/wp\/v2\/users\/1"}],"wp:featuredmedia":[{"embeddable":true,"href":"https:\/\/taizyagromachine.com\/fr\/wp-json\/wp\/v2\/media\/8543"}],"wp:attachment":[{"href":"https:\/\/taizyagromachine.com\/fr\/wp-json\/wp\/v2\/media?parent=8541"}],"wp:term":[{"taxonomy":"post_tag","embeddable":true,"href":"https:\/\/taizyagromachine.com\/fr\/wp-json\/wp\/v2\/tags?post=8541"},{"taxonomy":"product-type","embeddable":true,"href":"https:\/\/taizyagromachine.com\/fr\/wp-json\/wp\/v2\/product-type?post=8541"}],"curies":[{"name":"wp","href":"https:\/\/api.w.org\/{rel}","templated":true}]}}