{"id":8567,"date":"2025-11-19T16:53:20","date_gmt":"2025-11-19T08:53:20","guid":{"rendered":"https:\/\/taizyagromachine.com\/?post_type=product&#038;p=8567"},"modified":"2025-11-19T17:25:01","modified_gmt":"2025-11-19T09:25:01","slug":"hay-bale-shredder","status":"publish","type":"product","link":"https:\/\/taizyagromachine.com\/fr\/product\/hay-bale-shredder\/","title":{"rendered":"Broyeur de balles de foin"},"content":{"rendered":"<p class=\"translation-block\">Taizy <strong>hay bale shredder<\/strong> can crush and grind hay bale, straw bale, or straw into small pieces of 3-10cm. It&#8217;s used on big livestock farms to process hay and straw with a capacity of 2-18t per hour. This hay bale grinder commonly uses an electric motor as power, and has two discharging ways(top or bottom discharge). Also, the machine has a traction frame and tyres, easy to move. For livetsock farming, it&#8217;s ideal for bales processing.<\/p>    <figure class=\"wp-block-embed is-type-video is-provider-youtube wp-block-embed-youtube wp-embed-aspect-16-9 wp-has-aspect-ratio\"><div class=\"wp-block-embed__wrapper\"> <iframe loading=\"lazy\" title=\"Hay bale crusher | Grass bale shredder working test: complete straw &amp; hay bale crusher solution\" width=\"500\" height=\"281\" src=\"https:\/\/www.youtube.com\/embed\/22SeCz3fZuo?feature=oembed\" frameborder=\"0\" allow=\"accelerometer; autoplay; clipboard-write; encrypted-media; gyroscope; picture-in-picture; web-share\" referrerpolicy=\"strict-origin-when-cross-origin\" allowfullscreen><\/iframe> <\/div><figcaption class=\"wp-element-caption\">vid\u00e9o de fonctionnement du broyeur de balles de foin<\/figcaption><\/figure>    <h2 class=\"wp-block-heading\"><strong>Applications du broyeur de balles de foin \u00e9lectrique Taizy<\/strong><\/h2>    <p>Le broyeur de balles de paille est principalement utilis\u00e9 pour d\u00e9monter rapidement et d\u00e9chiqueter les balles rondes ou carr\u00e9es de fourrage en aliment uniforme. Il convient pour :<\/p>    <ul class=\"wp-block-list\"> <li>Alimentation des ruminants tels que bovins, ovins, chevaux et chameaux<\/li>    <li>Pr\u00e9-traitement pour ensilage, foin, luzerne, paille et autres mat\u00e9riaux<\/li>    <li>Pr\u00e9-traitement avant les m\u00e9langeurs TMR<\/li>    <li>Transformation en poudre d'herbe et broyage des mati\u00e8res premi\u00e8res pour la fabrication d'aliments<\/li> <\/ul>    <p>Broyeur de balles de foin Taizy<\/p>   <div class=\"wp-block-image\"> <figure class=\"aligncenter size-full\"><img loading=\"lazy\" decoding=\"async\" width=\"720\" height=\"540\" src=\"https:\/\/taizyagromachine.com\/wp-content\/uploads\/2025\/11\/applications-of-straw-hay-bale-grinder.webp\" alt=\"applications du broyeur de balles de foin en paille\" class=\"wp-image-8571\" srcset=\"https:\/\/taizyagromachine.com\/wp-content\/uploads\/2025\/11\/applications-of-straw-hay-bale-grinder.webp 720w, https:\/\/taizyagromachine.com\/wp-content\/uploads\/2025\/11\/applications-of-straw-hay-bale-grinder-16x12.webp 16w\" sizes=\"auto, (max-width: 720px) 100vw, 720px\" \/><figcaption class=\"wp-element-caption\">applications du broyeur de balles de foin en paille<\/figcaption><\/figure> <\/div>   <p>De plus, ce broyeur \u00e0 disque est largement utilis\u00e9 dans :<\/p>    <ul class=\"wp-block-list\"> <li>Grandes exploitations (fermes de b\u00e9tail, fermes d'ovins, fermes de chameaux) <ul class=\"wp-block-list\"> <li>Le traitement quotidien de grandes quantit\u00e9s de fourrage n\u00e9cessite rapidit\u00e9 et \u00e9conomie de main-d'\u0153uvre.<\/li> <\/ul> <\/li>    <li>Usines de traitement de l'alimentation <ul class=\"wp-block-list\"> <li>Comme \u00e9tape pr\u00e9liminaire pour le broyage du fourrage et le m\u00e9lange d'aliments.<\/li> <\/ul> <\/li>    <li>Des coop\u00e9ratives agricoles <ul class=\"wp-block-list\"> <li>Fournir des services de broyage de balles aux \u00e9leveurs locaux.<\/li> <\/ul> <\/li>    <li>Int\u00e9gration du m\u00e9langeur TMR <ul class=\"wp-block-list\"> <li>L'int\u00e9gration du fourrage broy\u00e9 dans les m\u00e9langes TMR am\u00e9liore l'efficacit\u00e9 nutritionnelle.<\/li> <\/ul> <\/li> <\/ul>    <h2 class=\"wp-block-heading\"><strong>Avantages du broyeur de paille et de foin \u00e0 disque<\/strong><\/h2>    <ul class=\"wp-block-list\"> <li>\u00c7a peut <strong>manipule les balles rondes et carr\u00e9es, les pailles, les tiges, etc.<\/strong>, et accueille tous les types de balles avec une forte adaptabilit\u00e9, r\u00e9pondant \u00e0 tous les besoins de transformation de fourrage \u00e0 la ferme avec une seule machine.<\/li>    <li>Les marteaux \u00e0 l'int\u00e9rieur de la machine sont <strong>fabriqu\u00e9 en 65Mn<\/strong>, durci et r\u00e9sistant \u00e0 l'usure, offrant <strong>plus de 30 % plus rapide \u00e0 d\u00e9chiqueter<\/strong> que les machines traditionnelles.<\/li>    <li>Notre broyeur de balles de foin poss\u00e8de une <strong>entr\u00e9e d'alimentation en baril<\/strong>, et son <strong>convoyeur \u00e0 cha\u00eene robuste<\/strong> d\u00e9chiquette sans effort les balles denses.<\/li>    <li>L'ensemble de l'unit\u00e9 comprend <strong>plaques en acier \u00e9paissies (5mm)<\/strong> et marteaux rempla\u00e7ables, ce qui le rend adapt\u00e9 \u00e0 une utilisation \u00e0 long terme et \u00e0 haute intensit\u00e9.<\/li>    <li>Le produit final mesure <strong>3-10cm<\/strong>, ajustable selon le type d'animal. Par exemple, 2-3cm (ovins), 3-5cm (bovins), 5-8cm (chevaux), etc.<\/li>    <li>Son <strong>la production varie de 2 \u00e0 18 tonnes par heure<\/strong>, et vous pouvez choisir en fonction de vos besoins.<\/li> <\/ul>    <figure class=\"wp-block-gallery has-nested-images columns-default is-cropped wp-block-gallery-2 is-layout-flex wp-block-gallery-is-layout-flex\"> <figure class=\"wp-block-image size-large\"><img loading=\"lazy\" decoding=\"async\" width=\"720\" height=\"540\" data-id=\"8578\" src=\"https:\/\/taizyagromachine.com\/wp-content\/uploads\/2025\/11\/quality-hay-bale-chopper-for-sale.webp\" alt=\"meilleur broyeur\/broyeur de balles de foin \u00e0 vendre\" class=\"wp-image-8578\" srcset=\"https:\/\/taizyagromachine.com\/wp-content\/uploads\/2025\/11\/quality-hay-bale-chopper-for-sale.webp 720w, https:\/\/taizyagromachine.com\/wp-content\/uploads\/2025\/11\/quality-hay-bale-chopper-for-sale-16x12.webp 16w\" sizes=\"auto, (max-width: 720px) 100vw, 720px\" \/><figcaption class=\"wp-element-caption\">meilleur broyeur\/broyeur de balles de foin \u00e0 vendre<\/figcaption><\/figure>    <figure class=\"wp-block-image size-large\"><img loading=\"lazy\" decoding=\"async\" width=\"720\" height=\"540\" data-id=\"8579\" src=\"https:\/\/taizyagromachine.com\/wp-content\/uploads\/2025\/11\/straw-bale-shredder-from-Taizy.webp\" alt=\"broyeur de balles de paille de Taizy\" class=\"wp-image-8579\" srcset=\"https:\/\/taizyagromachine.com\/wp-content\/uploads\/2025\/11\/straw-bale-shredder-from-Taizy.webp 720w, https:\/\/taizyagromachine.com\/wp-content\/uploads\/2025\/11\/straw-bale-shredder-from-Taizy-16x12.webp 16w\" sizes=\"auto, (max-width: 720px) 100vw, 720px\" \/><figcaption class=\"wp-element-caption\">broyeur de balles de paille de Taizy<\/figcaption><\/figure> <\/figure>    <h2 class=\"wp-block-heading\"><strong>Param\u00e8tres techniques du broyeur de balles de paille ronde<\/strong><\/h2>    <figure class=\"wp-block-table\"><table class=\"has-fixed-layout\"><tbody><tr><td>Mod\u00e8le<\/td><td>Une puissance adapt\u00e9e<\/td><td>Capacit\u00e9<\/td><td>Taille de broyage<\/td><td>Poids<\/td><\/tr><tr><td>9FL-200<\/td><td>22KW<\/td><td>2-3 t\/h<\/td><td>3-10cm<\/td><td>1,1T<\/td><\/tr><tr><td>9FL-240<\/td><td>37KW<\/td><td>5-8t\/h<\/td><td>3-10cm<\/td><td>2T<\/td><\/tr><tr><td>9FL-260<\/td><td>75KW<\/td><td>6-10t\/h<\/td><td>3-10cm<\/td><td>3T<\/td><\/tr><tr><td>9FL-300<\/td><td>90-110KW<\/td><td>8-12t\/h<\/td><td>3-10cm<\/td><td>6T<\/td><\/tr><tr><td>9FL-350<\/td><td>55KW (double)<\/td><td>12-18t\/h<\/td><td>3-10cm<\/td><td>8T<\/td><\/tr><\/tbody><\/table><figcaption class=\"wp-element-caption\">sp\u00e9cifications du broyeur de balles de foin<\/figcaption><\/figure>    <h2 class=\"wp-block-heading\"><strong>Diff\u00e9rents types de broyeurs de balles de paille<\/strong><\/h2>    <p>Selon diff\u00e9rentes configurations, il peut \u00eatre divis\u00e9 en plusieurs types :<\/p>    <ul class=\"wp-block-list\"> <li>Broyeur de balles de paille avec d\u00e9charge sup\u00e9rieure<\/li>    <li>Broyeur de balles de foin avec d\u00e9charge inf\u00e9rieure<\/li>    <li>Broyeur de balles de foin avec cyclone<\/li>    <li>Broyeur de balles de foin avec cadre de traction et pneus<\/li> <\/ul>    <div class=\"wp-block-columns is-layout-flex wp-container-core-columns-is-layout-9d6595d7 wp-block-columns-is-layout-flex\"> <div class=\"wp-block-column is-layout-flow wp-block-column-is-layout-flow\"> <figure class=\"wp-block-image size-full\"><img loading=\"lazy\" decoding=\"async\" width=\"720\" height=\"540\" src=\"https:\/\/taizyagromachine.com\/wp-content\/uploads\/2025\/11\/hay-bale-crusher-with-upper-discharge.webp\" alt=\"broyeur de balles de foin avec d\u00e9charge sup\u00e9rieure\" class=\"wp-image-8573\" srcset=\"https:\/\/taizyagromachine.com\/wp-content\/uploads\/2025\/11\/hay-bale-crusher-with-upper-discharge.webp 720w, https:\/\/taizyagromachine.com\/wp-content\/uploads\/2025\/11\/hay-bale-crusher-with-upper-discharge-16x12.webp 16w\" sizes=\"auto, (max-width: 720px) 100vw, 720px\" \/><figcaption class=\"wp-element-caption\">broyeur de balles de foin avec d\u00e9charge sup\u00e9rieure<\/figcaption><\/figure> <\/div>    <div class=\"wp-block-column is-layout-flow wp-block-column-is-layout-flow\"> <figure class=\"wp-block-image size-full\"><img loading=\"lazy\" decoding=\"async\" width=\"720\" height=\"540\" src=\"https:\/\/taizyagromachine.com\/wp-content\/uploads\/2025\/11\/hay-bale-shredder-with-bottom-discharge.webp\" alt=\"broyeur de balles de foin \u00e0 sortie inf\u00e9rieure\" class=\"wp-image-8574\" srcset=\"https:\/\/taizyagromachine.com\/wp-content\/uploads\/2025\/11\/hay-bale-shredder-with-bottom-discharge.webp 720w, https:\/\/taizyagromachine.com\/wp-content\/uploads\/2025\/11\/hay-bale-shredder-with-bottom-discharge-16x12.webp 16w\" sizes=\"auto, (max-width: 720px) 100vw, 720px\" \/><figcaption class=\"wp-element-caption\">broyeur de balles de foin \u00e0 sortie inf\u00e9rieure<\/figcaption><\/figure> <\/div> <\/div>    <div class=\"wp-block-columns is-layout-flex wp-container-core-columns-is-layout-9d6595d7 wp-block-columns-is-layout-flex\"> <div class=\"wp-block-column is-layout-flow wp-block-column-is-layout-flow\"> <figure class=\"wp-block-image size-full\"><img loading=\"lazy\" decoding=\"async\" width=\"720\" height=\"540\" src=\"https:\/\/taizyagromachine.com\/wp-content\/uploads\/2025\/11\/hay-bale-grinder-with-cyclone.webp\" alt=\"broyeur de balles de foin avec cyclone\" class=\"wp-image-8576\" srcset=\"https:\/\/taizyagromachine.com\/wp-content\/uploads\/2025\/11\/hay-bale-grinder-with-cyclone.webp 720w, https:\/\/taizyagromachine.com\/wp-content\/uploads\/2025\/11\/hay-bale-grinder-with-cyclone-16x12.webp 16w\" sizes=\"auto, (max-width: 720px) 100vw, 720px\" \/><figcaption class=\"wp-element-caption\">broyeur de balles de foin avec cyclone<\/figcaption><\/figure> <\/div>    <div class=\"wp-block-column is-layout-flow wp-block-column-is-layout-flow\"> <figure class=\"wp-block-image size-full\"><img loading=\"lazy\" decoding=\"async\" width=\"720\" height=\"540\" src=\"https:\/\/taizyagromachine.com\/wp-content\/uploads\/2025\/11\/straw-bale-crusher-with-traction-and-tires.webp\" alt=\"broyeur de balles de paille avec traction et pneus\" class=\"wp-image-8577\" srcset=\"https:\/\/taizyagromachine.com\/wp-content\/uploads\/2025\/11\/straw-bale-crusher-with-traction-and-tires.webp 720w, https:\/\/taizyagromachine.com\/wp-content\/uploads\/2025\/11\/straw-bale-crusher-with-traction-and-tires-16x12.webp 16w\" sizes=\"auto, (max-width: 720px) 100vw, 720px\" \/><figcaption class=\"wp-element-caption\">broyeur de balles de paille avec traction et pneus<\/figcaption><\/figure> <\/div> <\/div>    <h2 class=\"wp-block-heading\"><strong>Comment fonctionne le broyeur de balles de paille ronde Taizy ?<\/strong><\/h2>    <p>Le broyeur de balles rondes Taizy utilise un syst\u00e8me de d\u00e9chiquetage et de d\u00e9chiquetage \u00e0 haute efficacit\u00e9 pour d\u00e9composer rapidement les balles denses en aliment uniforme. Le flux de travail global est le suivant :<\/p>    <ol class=\"wp-block-list\"> <li>Introduisez les balles ou la paille dans l'entr\u00e9e d'alimentation.<\/li>    <li>\u00c9craser et p\u00e9trir les balles\/paille avec des marteaux.<\/li>    <li>\u00c9vacuer les petits morceaux par la sortie.<\/li> <\/ol>    <h2 class=\"wp-block-heading\"><strong>What&#8217;s the hay bale crusher price?<\/strong><\/h2>    <p>Le prix d'un broyeur de balles de foin est influenc\u00e9 par les facteurs suivants :<\/p>    <ul class=\"wp-block-list\"> <li>Capacit\u00e9 de taille de la balle de foin<\/li>    <li>Type de source d'\u00e9nergie (moteur \u00e9lectrique\/moteur diesel)<\/li>    <li>Exigence pour le cadre de remorquage, la bande transporteuse, la couleur personnalis\u00e9e ou la tension<\/li>    <li>Int\u00e9gration avec TMR ou autres \u00e9quipements<\/li> <\/ul>    <p>Even a single difference in specifications will affect the machine&#8217;s price. For detailed pricing information, please feel free to contact us. We will provide you with a detailed quotation based on your specific requirements.<\/p>    <h2 class=\"wp-block-heading\"><strong>Visite client : visite de l'usine de broyeurs de balles de foin Taizy<\/strong><\/h2>    <p>Recently, overseas clients visited the Taizy factory, focusing their tour on our hay bale shredder production line. On-site, they examined key details such as equipment structure, blade materials, and power configurations, and observed live shredding demonstrations. They expressed high satisfaction with the machine&#8217;s efficiency and the fineness of the finished product. This visit further solidified the clients&#8217; recognition of Taize&#8217;s manufacturing capabilities, laying a strong foundation for future collaboration.<\/p>    <figure class=\"wp-block-gallery has-nested-images columns-default is-cropped wp-block-gallery-3 is-layout-flex wp-block-gallery-is-layout-flex\"> <figure class=\"wp-block-image size-large\"><img loading=\"lazy\" decoding=\"async\" width=\"720\" height=\"540\" data-id=\"8582\" src=\"https:\/\/taizyagromachine.com\/wp-content\/uploads\/2025\/11\/hay-bale-tub-grinder-customer-visit.webp\" alt=\"Visite client du broyeur de tub de balles de foin\" class=\"wp-image-8582\" srcset=\"https:\/\/taizyagromachine.com\/wp-content\/uploads\/2025\/11\/hay-bale-tub-grinder-customer-visit.webp 720w, https:\/\/taizyagromachine.com\/wp-content\/uploads\/2025\/11\/hay-bale-tub-grinder-customer-visit-16x12.webp 16w\" sizes=\"auto, (max-width: 720px) 100vw, 720px\" \/><figcaption class=\"wp-element-caption\">Visite client du broyeur de tub de balles de foin<\/figcaption><\/figure>    <figure class=\"wp-block-image size-large\"><img loading=\"lazy\" decoding=\"async\" width=\"720\" height=\"540\" data-id=\"8583\" src=\"https:\/\/taizyagromachine.com\/wp-content\/uploads\/2025\/11\/straw-hay-bale-shredder-factory-visit.webp\" alt=\"visite d\u2019usine du broyeur de balles de paille\" class=\"wp-image-8583\" srcset=\"https:\/\/taizyagromachine.com\/wp-content\/uploads\/2025\/11\/straw-hay-bale-shredder-factory-visit.webp 720w, https:\/\/taizyagromachine.com\/wp-content\/uploads\/2025\/11\/straw-hay-bale-shredder-factory-visit-16x12.webp 16w\" sizes=\"auto, (max-width: 720px) 100vw, 720px\" \/><figcaption class=\"wp-element-caption\">visite d\u2019usine du broyeur de balles de paille<\/figcaption><\/figure> <\/figure>    <h2 class=\"wp-block-heading\"><strong>Configuration d\u2019\u00e9quipement pour petit broyeur de tube de balles de foin<\/strong><\/h2>    <p>En tant que fabricant et fournisseur professionnel de machinerie agricole, nous pouvons fournir diff\u00e9rentes configurations pour un traitement facile des balles, telles que<\/p>    <ul class=\"wp-block-list\"> <li>Broyeur de balles de foin\u2192baler<\/li>    <li>Broyeur de balles de foin\u2192<a href=\"https:\/\/taizyagromachine.com\/fr\/product\/silage-spreader-feed-spreader-mixer\/\">\u00e9pandeur d'ensilage<\/a><\/li>    <li>Broyeur de balles de foin\u2192collecteur de poussi\u00e8re<\/li> <\/ul>   <div class=\"wp-block-image\"> <figure class=\"aligncenter size-full\"><img loading=\"lazy\" decoding=\"async\" width=\"720\" height=\"290\" src=\"https:\/\/taizyagromachine.com\/wp-content\/uploads\/2025\/11\/hay-bale-shredder-and-hydraulic-bagging-machine.webp\" alt=\"broyeur de balles de foin et machine \u00e0 emballage hydraulique\" class=\"wp-image-8572\" srcset=\"https:\/\/taizyagromachine.com\/wp-content\/uploads\/2025\/11\/hay-bale-shredder-and-hydraulic-bagging-machine.webp 720w, https:\/\/taizyagromachine.com\/wp-content\/uploads\/2025\/11\/hay-bale-shredder-and-hydraulic-bagging-machine-18x7.webp 18w\" sizes=\"auto, (max-width: 720px) 100vw, 720px\" \/><figcaption class=\"wp-element-caption\">broyeur de balles de foin et machine \u00e0 emballage hydraulique<\/figcaption><\/figure> <\/div>  <div class=\"wp-block-image\"> <figure class=\"aligncenter size-full\"><img loading=\"lazy\" decoding=\"async\" width=\"720\" height=\"290\" src=\"https:\/\/taizyagromachine.com\/wp-content\/uploads\/2025\/11\/straw-bale-chopper-with-dust-collector.webp\" alt=\"broyeur de balles de paille avec collecteur de poussi\u00e8re\" class=\"wp-image-8581\" srcset=\"https:\/\/taizyagromachine.com\/wp-content\/uploads\/2025\/11\/straw-bale-chopper-with-dust-collector.webp 720w, https:\/\/taizyagromachine.com\/wp-content\/uploads\/2025\/11\/straw-bale-chopper-with-dust-collector-18x7.webp 18w\" sizes=\"auto, (max-width: 720px) 100vw, 720px\" \/><figcaption class=\"wp-element-caption\">broyeur de balles de paille avec collecteur de poussi\u00e8re<\/figcaption><\/figure> <\/div>   <h2 class=\"wp-block-heading\"><strong>Pourquoi choisir notre broyeur de balles de foin ?<\/strong><\/h2>    <ul class=\"wp-block-list\"> <li>\u2714 22 ans d'expertise en machinerie, export\u00e9e dans plus de 80 pays \u00e0 travers le monde<\/li>    <li>\u2714 Personnalisation disponible (couleur, tension, source d'alimentation, structure de d\u00e9charge)<\/li>    <li>\u2714 Fournit des vid\u00e9os de test de fonctionnement   rapports d'essai en usine<\/li>    <li>\u2714 Approvisionnement abondant en pi\u00e8ces de rechange et r\u00e9ponse apr\u00e8s-vente rapide<\/li>    <li>\u2714 Peut \u00eatre associ\u00e9 \u00e0 des ensembles d'\u00e9quipements de ensilage complets (baller, \u00e9pandeur de fourrage, etc.)<\/li> <\/ul>    <figure class=\"wp-block-gallery aligncenter has-nested-images columns-default is-cropped wp-block-gallery-4 is-layout-flex wp-block-gallery-is-layout-flex\"> <figure class=\"wp-block-image size-full\"><img loading=\"lazy\" decoding=\"async\" width=\"720\" height=\"540\" data-id=\"8587\" src=\"https:\/\/taizyagromachine.com\/wp-content\/uploads\/2025\/11\/round-hay-bale-crusher-manufacturer.webp\" alt=\"fabricant de broyeur rond pour balles de foin\" class=\"wp-image-8587\" srcset=\"https:\/\/taizyagromachine.com\/wp-content\/uploads\/2025\/11\/round-hay-bale-crusher-manufacturer.webp 720w, https:\/\/taizyagromachine.com\/wp-content\/uploads\/2025\/11\/round-hay-bale-crusher-manufacturer-16x12.webp 16w\" sizes=\"auto, (max-width: 720px) 100vw, 720px\" \/><figcaption class=\"wp-element-caption\">fabricant de broyeur rond pour balles de foin<\/figcaption><\/figure>    <figure class=\"wp-block-image size-full\"><img loading=\"lazy\" decoding=\"async\" width=\"720\" height=\"540\" data-id=\"8585\" src=\"https:\/\/taizyagromachine.com\/wp-content\/uploads\/2025\/11\/hay-grass-straw-bale-shredder-delivery.webp\" alt=\"livraison de broyeur de balles de foin en herbe et paille\" class=\"wp-image-8585\" srcset=\"https:\/\/taizyagromachine.com\/wp-content\/uploads\/2025\/11\/hay-grass-straw-bale-shredder-delivery.webp 720w, https:\/\/taizyagromachine.com\/wp-content\/uploads\/2025\/11\/hay-grass-straw-bale-shredder-delivery-16x12.webp 16w\" sizes=\"auto, (max-width: 720px) 100vw, 720px\" \/><figcaption class=\"wp-element-caption\">livraison de broyeur de balles de foin en herbe et paille<\/figcaption><\/figure> <\/figure>    <h2 class=\"wp-block-heading\"><strong>Comment acheter notre broyeur de balles de foin carr\u00e9 et rond Taizy ?<\/strong><\/h2>    <p>Pour les prix, les sp\u00e9cifications, les co\u00fbts d'exp\u00e9dition ou les vid\u00e9os, veuillez nous contacter :<\/p>    <ul class=\"wp-block-list\"> <li>\ud83d\udce9 Email : info@taizyagromachine.com<\/li>    <li>\ud83d\udcde WhatsApp: <a href=\"https:\/\/wa.me\/+8613673689272\" target=\"_blank\" rel=\"noopener\">+86 136 7368 9272<\/a><\/li>    <li>\ud83c\udf10 Site Web: <a href=\"https:\/\/taizyagromachine.com\/fr\/\">www.taizyagromachine.com<\/a><\/li> <\/ul>    <p>Nous r\u00e9pondrons avec un devis et une proposition technique dans l'heure.<\/p>","protected":false},"excerpt":{"rendered":"<p>Le broyeur de balles de foin Taizy \u00e9crase et moud des balles de foin, des balles de paille ou de paille en petits morceaux de 3-10 cm, avec une capacit\u00e9 de 2-18 t par heure, utilis\u00e9 dans les grands \u00e9levages.<\/p>","protected":false},"author":1,"featured_media":8570,"parent":0,"template":"","tags":[116],"product-type":[19],"class_list":["post-8567","product","type-product","status-publish","has-post-thumbnail","hentry","tag-silage","product-type-silage-machine"],"_links":{"self":[{"href":"https:\/\/taizyagromachine.com\/fr\/wp-json\/wp\/v2\/product\/8567","targetHints":{"allow":["GET"]}}],"collection":[{"href":"https:\/\/taizyagromachine.com\/fr\/wp-json\/wp\/v2\/product"}],"about":[{"href":"https:\/\/taizyagromachine.com\/fr\/wp-json\/wp\/v2\/types\/product"}],"author":[{"embeddable":true,"href":"https:\/\/taizyagromachine.com\/fr\/wp-json\/wp\/v2\/users\/1"}],"wp:featuredmedia":[{"embeddable":true,"href":"https:\/\/taizyagromachine.com\/fr\/wp-json\/wp\/v2\/media\/8570"}],"wp:attachment":[{"href":"https:\/\/taizyagromachine.com\/fr\/wp-json\/wp\/v2\/media?parent=8567"}],"wp:term":[{"taxonomy":"post_tag","embeddable":true,"href":"https:\/\/taizyagromachine.com\/fr\/wp-json\/wp\/v2\/tags?post=8567"},{"taxonomy":"product-type","embeddable":true,"href":"https:\/\/taizyagromachine.com\/fr\/wp-json\/wp\/v2\/product-type?post=8567"}],"curies":[{"name":"wp","href":"https:\/\/api.w.org\/{rel}","templated":true}]}}