{"id":8608,"date":"2025-11-27T16:29:30","date_gmt":"2025-11-27T08:29:30","guid":{"rendered":"https:\/\/taizyagromachine.com\/?post_type=product&#038;p=8608"},"modified":"2025-11-28T16:51:55","modified_gmt":"2025-11-28T08:51:55","slug":"rice-wheat-thresher","status":"publish","type":"product","link":"https:\/\/taizyagromachine.com\/fr\/product\/rice-wheat-thresher\/","title":{"rendered":"Mini batteur de riz et de bl\u00e9"},"content":{"rendered":"<p class=\"translation-block\">Ce 5TD-100 <strong>batteur de riz et de bl\u00e9<\/strong> s\u00e9pare rapidement et efficacement le grain de la coque, comme le riz, le bl\u00e9 et le soja. Il peut r\u00e9aliser le battage, la s\u00e9paration et le tamisage en un seul passage, avec une capacit\u00e9 de 800-1500kg\/h, ce qui augmente consid\u00e9rablement l\u2019efficacit\u00e9 lors des saisons agricoles de pointe.<\/p>    <p>Le batteur Taizy pour riz et bl\u00e9 peut utiliser un moteur diesel ou \u00e9lectrique comme source d'\u00e9nergie, et il peut \u00eatre \u00e9quip\u00e9 de grandes roues et d'un cadre de traction pour r\u00e9pondre \u00e0 diff\u00e9rentes demandes. Si vous \u00eates int\u00e9ress\u00e9 par cette machine, n'h\u00e9sitez pas \u00e0 nous contacter \u00e0 tout moment pour plus de d\u00e9tails !<\/p>    <figure class=\"wp-block-embed is-type-video is-provider-youtube wp-block-embed-youtube wp-embed-aspect-16-9 wp-has-aspect-ratio\"><div class=\"wp-block-embed__wrapper\"> <iframe loading=\"lazy\" title=\"Machine de moissonneuse efficace pour le riz et le bl\u00e9 | D\u00e9monstration de la moissonneuse \u00e0 grains \u00e0 grande vitesse 5TD-100\" width=\"500\" height=\"281\" src=\"https:\/\/www.youtube.com\/embed\/5-jE9pHMT_s?feature=oembed\" frameborder=\"0\" allow=\"accelerometer; autoplay; clipboard-write; encrypted-media; gyroscope; picture-in-picture; web-share\" referrerpolicy=\"strict-origin-when-cross-origin\" allowfullscreen><\/iframe> <\/div><figcaption class=\"wp-element-caption\">vid\u00e9o de la moissonneuse \u00e0 riz et bl\u00e9<\/figcaption><\/figure>    <h2 class=\"wp-block-heading\"><strong>Avantages du batteur Taizy pour riz et bl\u00e9<\/strong><\/h2>    <ul class=\"wp-block-list\"> <li>Rendement \u00e9lev\u00e9 et haute efficacit\u00e9 pour les exploitations familiales, petites unit\u00e9s de transformation et grossistes <ul class=\"wp-block-list\"> <li>Production de riz\/bl\u00e9 : 800\u20131500 kg\/h<\/li>    <li>Production de soja : 400\u2013500 kg\/h<\/li> <\/ul> <\/li>    <li>Options d\u2019alimentation double pour plus de flexibilit\u00e9, adapt\u00e9es aux zones hors r\u00e9seau et aux op\u00e9rations sur le terrain, am\u00e9liorant la praticit\u00e9 <ul class=\"wp-block-list\"> <li>\u226512\u201315 HP moteur diesel<\/li>    <li>ou \u22657,5 kW moteur \u00e9lectrique<\/li> <\/ul> <\/li>    <li>Battage propre, pas de perte de grain pour des cultures plus propres <ul class=\"wp-block-list\"> <li>Vitesse de l\u2019arbre principal de 1100 r\/min pour un battage plus complet<\/li>    <li>Conception \u00e0 double ventilateur offrant un flux d\u2019air \u00e9lev\u00e9 et une s\u00e9paration plus propre<\/li>    <li>Tamis vibrant : 300 vibrations\/min, amplitude de 30 mm<\/li> <\/ul> <\/li>    <li>Conception de structure rationnelle, mobilit\u00e9 facile pour un transport et une installation ais\u00e9s <ul class=\"wp-block-list\"> <li>Ch\u00e2ssis d\u00e9tachable pour un transport pratique<\/li>    <li>Grandes pneus et traction pour un d\u00e9placement facile <\/li> <\/ul> <\/li>    <li>Un batteur multi-cultures adapt\u00e9 \u00e0 diverses c\u00e9r\u00e9ales <ul class=\"wp-block-list\"> <li>Rizi\u00e8re<\/li>    <li>Bl\u00e9<\/li>    <li>Soja<\/li>    <li>Millet<\/li>    <li>Colza, etc.<\/li> <\/ul> <\/li>    <li>R\u00e9duire les co\u00fbts de main-d'\u0153uvre et le temps <ul class=\"wp-block-list\"> <li>Battage m\u00e9canique : 800\u20131500 kg\/h, efficacit\u00e9 augment\u00e9e de 10\u201315 fois ou plus<\/li> <\/ul> <\/li> <\/ul>    <figure class=\"wp-block-gallery has-nested-images columns-default is-cropped wp-block-gallery-2 is-layout-flex wp-block-gallery-is-layout-flex\"> <figure class=\"wp-block-image size-large\"><img loading=\"lazy\" decoding=\"async\" width=\"720\" height=\"540\" data-id=\"8622\" src=\"https:\/\/taizyagromachine.com\/wp-content\/uploads\/2025\/11\/small-rice-wheat-thresher-for-sale-from-Taizy.webp\" alt=\"Petit batteur pour riz et bl\u00e9 \u00e0 vendre de Taizy\" class=\"wp-image-8622\" srcset=\"https:\/\/taizyagromachine.com\/wp-content\/uploads\/2025\/11\/small-rice-wheat-thresher-for-sale-from-Taizy.webp 720w, https:\/\/taizyagromachine.com\/wp-content\/uploads\/2025\/11\/small-rice-wheat-thresher-for-sale-from-Taizy-16x12.webp 16w\" sizes=\"auto, (max-width: 720px) 100vw, 720px\" \/><figcaption class=\"wp-element-caption\">Petit batteur pour riz et bl\u00e9 \u00e0 vendre de Taizy<\/figcaption><\/figure>    <figure class=\"wp-block-image size-large\"><img loading=\"lazy\" decoding=\"async\" width=\"720\" height=\"540\" data-id=\"8621\" src=\"https:\/\/taizyagromachine.com\/wp-content\/uploads\/2025\/11\/affordable-paddy-rice-wheat-threshing-machinery.webp\" alt=\"Machinerie abordable pour la paille de riz, de bl\u00e9 et autres\" class=\"wp-image-8621\" srcset=\"https:\/\/taizyagromachine.com\/wp-content\/uploads\/2025\/11\/affordable-paddy-rice-wheat-threshing-machinery.webp 720w, https:\/\/taizyagromachine.com\/wp-content\/uploads\/2025\/11\/affordable-paddy-rice-wheat-threshing-machinery-16x12.webp 16w\" sizes=\"auto, (max-width: 720px) 100vw, 720px\" \/><figcaption class=\"wp-element-caption\">Machinerie abordable pour la paille de riz, de bl\u00e9 et autres<\/figcaption><\/figure> <\/figure>    <figure class=\"wp-block-gallery has-nested-images columns-default is-cropped wp-block-gallery-3 is-layout-flex wp-block-gallery-is-layout-flex\"> <figure class=\"wp-block-image size-large\"><img loading=\"lazy\" decoding=\"async\" width=\"720\" height=\"540\" data-id=\"8616\" src=\"https:\/\/taizyagromachine.com\/wp-content\/uploads\/2025\/11\/mini-rice-wheat-threshing-machine-with-diesel-engine.webp\" alt=\"Mini machine \u00e0 battre le riz et le bl\u00e9 avec moteur diesel\" class=\"wp-image-8616\" srcset=\"https:\/\/taizyagromachine.com\/wp-content\/uploads\/2025\/11\/mini-rice-wheat-threshing-machine-with-diesel-engine.webp 720w, https:\/\/taizyagromachine.com\/wp-content\/uploads\/2025\/11\/mini-rice-wheat-threshing-machine-with-diesel-engine-16x12.webp 16w\" sizes=\"auto, (max-width: 720px) 100vw, 720px\" \/><figcaption class=\"wp-element-caption\">Mini machine \u00e0 battre le riz et le bl\u00e9 avec moteur diesel<\/figcaption><\/figure>    <figure class=\"wp-block-image size-large\"><img loading=\"lazy\" decoding=\"async\" width=\"720\" height=\"540\" data-id=\"8617\" src=\"https:\/\/taizyagromachine.com\/wp-content\/uploads\/2025\/11\/small-thresher-for-rice-wheat.webp\" alt=\"Petit batteur pour riz et bl\u00e9\" class=\"wp-image-8617\" srcset=\"https:\/\/taizyagromachine.com\/wp-content\/uploads\/2025\/11\/small-thresher-for-rice-wheat.webp 720w, https:\/\/taizyagromachine.com\/wp-content\/uploads\/2025\/11\/small-thresher-for-rice-wheat-16x12.webp 16w\" sizes=\"auto, (max-width: 720px) 100vw, 720px\" \/><figcaption class=\"wp-element-caption\">Petit batteur pour riz et bl\u00e9<\/figcaption><\/figure> <\/figure>    <h2 class=\"wp-block-heading\"><strong>Param\u00e8tres techniques du machine \u00e0 battre le riz et le bl\u00e9<\/strong><\/h2>    <figure class=\"wp-block-table\"><table class=\"has-fixed-layout\"><tbody><tr><td>Mod\u00e8le<\/td><td>5TD-100<\/td><\/tr><tr><td>Capacit\u00e9<\/td><td>Riz, bl\u00e9 : 800\u20131500 kg\/h<br>Soja : 400\u2013500 kg\/h<\/td><\/tr><tr><td>Exigences en puissance<\/td><td>\u226512-15 hp moteur diesel ou \u22657,5 kW moteur \u00e9lectrique<\/td><\/tr><tr><td>Vitesse de l'arbre principal<\/td><td>1100 r\/min<\/td><\/tr><tr><td>Vitesse du ventilateur<\/td><td>2500 r\/min (Double ventilateurs)<\/td><\/tr><tr><td>Poids<\/td><td>300 kg (Hors pneus du ch\u00e2ssis)<\/td><\/tr><tr><td>Dimensions hors tout<\/td><td>2300*1570*1170 mm (Dimensions du moteur diesel hors ch\u00e2ssis)<\/td><\/tr><tr><td>Dimensions d\u2019emballage<\/td><td>1400*850*1200 mm (Dimensions du moteur diesel hors ch\u00e2ssis)<\/td><\/tr><\/tbody><\/table><figcaption class=\"wp-element-caption\">Sp\u00e9cifications du batteur de riz et de bl\u00e9<\/figcaption><\/figure>    <h2 class=\"wp-block-heading\"><strong>Comment fonctionne cette machine \u00e0 battre le riz et le bl\u00e9 multi-tract\u00e9e ?<\/strong><\/h2>    <p>Ce batteur pour riz et bl\u00e9 comporte quatre \u00e9tapes : alimentation, battage, s\u00e9paration et nettoyage, et r\u00e9alise un battage rapide et propre avec peu de cassures de grains. Le processus de fonctionnement d\u00e9taill\u00e9 de la machine est le suivant :<\/p>    <ol class=\"wp-block-list\"> <li>Alimentation du mat\u00e9riel <ul class=\"wp-block-list\"> <li>Les mat\u00e9riaux de culture tels que le riz, le bl\u00e9, le millet et le soja sont introduits dans l\u2019entr\u00e9e. La machine transporte automatiquement la paille dans la chambre de battage.<\/li> <\/ul> <\/li>    <li>Battage par tambour <ul class=\"wp-block-list\"> <li>Les cultures entrent dans le tambour de battage \u00e0 grande vitesse. Par impact, friction et compression, les grains sont s\u00e9par\u00e9s des tiges et des t\u00eates.<\/li> <\/ul> <\/li>    <li>S\u00e9paration des impuret\u00e9s <ul class=\"wp-block-list\"> <li>Le dispositif de s\u00e9paration s\u00e9pare pr\u00e9liminairement la paille des grains, tandis que les grosses impuret\u00e9s sont expuls\u00e9es par le ventilateur ou le tamis.<\/li> <\/ul> <\/li>    <li>Nettoyage par ventilateur <ul class=\"wp-block-list\"> <li>Les deux ventilateurs \u00e0 haute vitesse soufflent les impuret\u00e9s l\u00e9g\u00e8res (\u00e9corces, feuilles, fragments fins de paille), tandis que les grains lourds tombent dans la tr\u00e9mie de collecte.<\/li> <\/ul> <\/li>    <li>Production finie <ul class=\"wp-block-list\"> <li>Le r\u00e9sultat est un grain propre, bien s\u00e9par\u00e9, avec une haute efficacit\u00e9 de battage et un faible taux de cassure.<\/li> <\/ul> <\/li> <\/ol>    <figure class=\"wp-block-gallery has-nested-images columns-default is-cropped wp-block-gallery-4 is-layout-flex wp-block-gallery-is-layout-flex\"> <figure class=\"wp-block-image size-large\"><img loading=\"lazy\" decoding=\"async\" width=\"720\" height=\"540\" data-id=\"8614\" src=\"https:\/\/taizyagromachine.com\/wp-content\/uploads\/2025\/11\/screen-and-inner-structure-of-multi-crop-thresher.webp\" alt=\"\u00c9cran et structure int\u00e9rieure du batteur multi-cultures\" class=\"wp-image-8614\" srcset=\"https:\/\/taizyagromachine.com\/wp-content\/uploads\/2025\/11\/screen-and-inner-structure-of-multi-crop-thresher.webp 720w, https:\/\/taizyagromachine.com\/wp-content\/uploads\/2025\/11\/screen-and-inner-structure-of-multi-crop-thresher-16x12.webp 16w\" sizes=\"auto, (max-width: 720px) 100vw, 720px\" \/><figcaption class=\"wp-element-caption\">\u00c9cran et structure int\u00e9rieure du batteur multi-cultures<\/figcaption><\/figure>    <figure class=\"wp-block-image size-large\"><img loading=\"lazy\" decoding=\"async\" width=\"720\" height=\"540\" data-id=\"8613\" src=\"https:\/\/taizyagromachine.com\/wp-content\/uploads\/2025\/11\/double-fans-of-rice-wheat-thresher-machine.webp\" alt=\"Double ventilateurs de la machine \u00e0 battre le riz et le bl\u00e9\" class=\"wp-image-8613\" srcset=\"https:\/\/taizyagromachine.com\/wp-content\/uploads\/2025\/11\/double-fans-of-rice-wheat-thresher-machine.webp 720w, https:\/\/taizyagromachine.com\/wp-content\/uploads\/2025\/11\/double-fans-of-rice-wheat-thresher-machine-16x12.webp 16w\" sizes=\"auto, (max-width: 720px) 100vw, 720px\" \/><figcaption class=\"wp-element-caption\">Double ventilateurs de la machine \u00e0 battre le riz et le bl\u00e9<\/figcaption><\/figure> <\/figure>    <figure class=\"wp-block-gallery has-nested-images columns-default is-cropped wp-block-gallery-5 is-layout-flex wp-block-gallery-is-layout-flex\"> <figure class=\"wp-block-image size-large\"><img loading=\"lazy\" decoding=\"async\" width=\"720\" height=\"540\" data-id=\"8624\" src=\"https:\/\/taizyagromachine.com\/wp-content\/uploads\/2025\/11\/multifunctional-rice-and-wheat-thresher.webp\" alt=\"Batteur multifonction pour riz et bl\u00e9\" class=\"wp-image-8624\" srcset=\"https:\/\/taizyagromachine.com\/wp-content\/uploads\/2025\/11\/multifunctional-rice-and-wheat-thresher.webp 720w, https:\/\/taizyagromachine.com\/wp-content\/uploads\/2025\/11\/multifunctional-rice-and-wheat-thresher-16x12.webp 16w\" sizes=\"auto, (max-width: 720px) 100vw, 720px\" \/><figcaption class=\"wp-element-caption\">Batteur multifonction pour riz et bl\u00e9<\/figcaption><\/figure>    <figure class=\"wp-block-image size-large\"><img loading=\"lazy\" decoding=\"async\" width=\"720\" height=\"540\" data-id=\"8625\" src=\"https:\/\/taizyagromachine.com\/wp-content\/uploads\/2025\/11\/paddy-rice-and-wheat-thresher.webp\" alt=\"Batteur de riz paddy et de bl\u00e9\" class=\"wp-image-8625\" srcset=\"https:\/\/taizyagromachine.com\/wp-content\/uploads\/2025\/11\/paddy-rice-and-wheat-thresher.webp 720w, https:\/\/taizyagromachine.com\/wp-content\/uploads\/2025\/11\/paddy-rice-and-wheat-thresher-16x12.webp 16w\" sizes=\"auto, (max-width: 720px) 100vw, 720px\" \/><figcaption class=\"wp-element-caption\">Batteur de riz paddy et de bl\u00e9<\/figcaption><\/figure> <\/figure>    <h2 class=\"wp-block-heading\"><strong>Quel est le prix de la machine \u00e0 battre le riz et le bl\u00e9 ?<\/strong><\/h2>    <p>C\u2019est l\u2019une des questions les plus fr\u00e9quemment pos\u00e9es et les plus importantes pour les clients. Les facteurs influen\u00e7ant le prix de cette machine \u00e0 battre plusieurs cultures incluent :<\/p>    <ul class=\"wp-block-list\"> <li>Choix du moteur : diesel ou moteur \u00e9lectrique<\/li>    <li>Un ch\u00e2ssis est-il n\u00e9cessaire ?<\/li>    <li>Exigences d\u2019emballage et distance d\u2019exp\u00e9dition<\/li>    <li>Besoins en accessoires (\u00e9crans, trousses \u00e0 outils, couvercles de protection, etc.)<\/li> <\/ul>    <p>En g\u00e9n\u00e9ral, les prix varient de quelques centaines \u00e0 plus de mille USD. Nous recommandons de nous contacter pour fournir des d\u00e9tails sur votre culture et vos exigences afin d\u2019obtenir un devis pr\u00e9cis.<\/p>    <h2 class=\"wp-block-heading\"><strong>Comment choisir un batteur adapt\u00e9 pour le riz et le bl\u00e9 ?<\/strong><\/h2>    <p>Pour \u00e9viter d\u2019acheter la mauvaise machine, les clients prennent souvent en compte les points suivants :<\/p>    <ol class=\"wp-block-list\"> <li>La production horaire r\u00e9pond-elle \u00e0 leurs exigences ?<\/li>    <li>Le machine \u00e0 battre le riz et le bl\u00e9 convient-elle \u00e0 leur type de culture<\/li>    <li>La source d\u2019alimentation correspond-elle aux conditions locales ?<\/li>    <li>Facilit\u00e9 de d\u00e9placement et d\u2019utilisation<\/li>    <li>Les pi\u00e8ces de rechange sont-elles facilement disponibles ?<\/li> <\/ol>    <p>Notre \u00e9quipe Taizy peut fournir des solutions professionnelles bas\u00e9es sur vos photos de cultures, vos exigences de rendement et votre budget.<\/p>    <h2 class=\"wp-block-heading\"><strong>Pourquoi choisir Taizy comme fournisseur de batteurs pour riz et bl\u00e9 ?<\/strong><\/h2>    <p>\u2714 Plus de 15 ans d\u2019exp\u00e9rience dans la fabrication de batteurs multi-grains<\/p>    <p>\u2714 Export\u00e9 dans plus de 80 pays dans le monde, confiance des agriculteurs et distributeurs<\/p>    <p>\u2714 Support OEM \/ Plaques de tamis personnalis\u00e9es<\/p>    <p>\u2714 Fournir des vid\u00e9os d\u2019installation, des manuels d\u2019utilisation et un service apr\u00e8s-vente<\/p>    <p>\u2714 Qualit\u00e9 constante et longue dur\u00e9e de vie de la machine<\/p>    <p>Nous restons engag\u00e9s \u00e0 fournir des solutions efficaces et fiables de machines agricoles pour les utilisateurs du monde entier.<\/p>    <figure class=\"wp-block-gallery has-nested-images columns-default is-cropped wp-block-gallery-6 is-layout-flex wp-block-gallery-is-layout-flex\"> <figure class=\"wp-block-image size-large\"><img loading=\"lazy\" decoding=\"async\" width=\"720\" height=\"540\" data-id=\"8619\" src=\"https:\/\/taizyagromachine.com\/wp-content\/uploads\/2025\/11\/rice-wheat-thresher-for-sale-in-packing-process.webp\" alt=\"Batteur de riz et de bl\u00e9 en vente en cours d&#039;emballage\" class=\"wp-image-8619\" srcset=\"https:\/\/taizyagromachine.com\/wp-content\/uploads\/2025\/11\/rice-wheat-thresher-for-sale-in-packing-process.webp 720w, https:\/\/taizyagromachine.com\/wp-content\/uploads\/2025\/11\/rice-wheat-thresher-for-sale-in-packing-process-16x12.webp 16w\" sizes=\"auto, (max-width: 720px) 100vw, 720px\" \/><figcaption class=\"wp-element-caption\">Batteur de riz et de bl\u00e9 en vente en cours d'emballage<\/figcaption><\/figure>    <figure class=\"wp-block-image size-large\"><img loading=\"lazy\" decoding=\"async\" width=\"720\" height=\"540\" data-id=\"8618\" src=\"https:\/\/taizyagromachine.com\/wp-content\/uploads\/2025\/11\/multi-grain-threshing-machine-in-wooden-crate.webp\" alt=\"Machine \u00e0 battre multi-grains dans une caisse en bois\" class=\"wp-image-8618\" srcset=\"https:\/\/taizyagromachine.com\/wp-content\/uploads\/2025\/11\/multi-grain-threshing-machine-in-wooden-crate.webp 720w, https:\/\/taizyagromachine.com\/wp-content\/uploads\/2025\/11\/multi-grain-threshing-machine-in-wooden-crate-16x12.webp 16w\" sizes=\"auto, (max-width: 720px) 100vw, 720px\" \/><figcaption class=\"wp-element-caption\">Machine \u00e0 battre multi-grains dans une caisse en bois<\/figcaption><\/figure> <\/figure>    <h2 class=\"wp-block-heading\"><strong>Vous souhaitez obtenir un devis rapidement ? Contactez-nous d\u00e8s maintenant !<\/strong><\/h2>    <p>Si vous souhaitez en savoir plus :<\/p>    <ul class=\"wp-block-list\"> <li>Dernier prix<\/li>    <li>Frais de livraison<\/li>    <li>Source d\u2019alimentation recommand\u00e9e<\/li>    <li>Whether it&#8217;s suitable for your crops<\/li>    <li>D\u00e9monstrations vid\u00e9o<\/li> <\/ul>    <p class=\"translation-block\">Feel free to contact us anytime. We&#8217;ll provide a professional quotation as soon as possible. Besides, we have <a href=\"https:\/\/taizyagromachine.com\/fr\/product\/rice-combine-harvester\/\">combine harvester<\/a>, <a href=\"https:\/\/taizyagromachine.com\/fr\/product\/wheat-planter\/\">wheat planter machine<\/a>, etc. for sale to provide the one-stop solution!<\/p>","protected":false},"excerpt":{"rendered":"<p>Un batteur \u00e0 riz et bl\u00e9 aide les agriculteurs \u00e0 s\u00e9parer rapidement les grains des tiges de la r\u00e9colte, r\u00e9duisant ainsi la main-d'\u0153uvre et am\u00e9liorant l'efficacit\u00e9. Ce guide explique ses avantages, sa structure, son prix, et pourquoi Taizy est un fournisseur fiable pour des machines de battage de grains haute performance.<\/p>","protected":false},"author":1,"featured_media":8610,"parent":0,"template":"","tags":[218,219],"product-type":[20],"class_list":["post-8608","product","type-product","status-publish","has-post-thumbnail","hentry","tag-rice","tag-wheat","product-type-rice-and-wheat-machine"],"_links":{"self":[{"href":"https:\/\/taizyagromachine.com\/fr\/wp-json\/wp\/v2\/product\/8608","targetHints":{"allow":["GET"]}}],"collection":[{"href":"https:\/\/taizyagromachine.com\/fr\/wp-json\/wp\/v2\/product"}],"about":[{"href":"https:\/\/taizyagromachine.com\/fr\/wp-json\/wp\/v2\/types\/product"}],"author":[{"embeddable":true,"href":"https:\/\/taizyagromachine.com\/fr\/wp-json\/wp\/v2\/users\/1"}],"wp:featuredmedia":[{"embeddable":true,"href":"https:\/\/taizyagromachine.com\/fr\/wp-json\/wp\/v2\/media\/8610"}],"wp:attachment":[{"href":"https:\/\/taizyagromachine.com\/fr\/wp-json\/wp\/v2\/media?parent=8608"}],"wp:term":[{"taxonomy":"post_tag","embeddable":true,"href":"https:\/\/taizyagromachine.com\/fr\/wp-json\/wp\/v2\/tags?post=8608"},{"taxonomy":"product-type","embeddable":true,"href":"https:\/\/taizyagromachine.com\/fr\/wp-json\/wp\/v2\/product-type?post=8608"}],"curies":[{"name":"wp","href":"https:\/\/api.w.org\/{rel}","templated":true}]}}