{"id":8928,"date":"2026-03-02T16:42:42","date_gmt":"2026-03-02T08:42:42","guid":{"rendered":"https:\/\/taizyagromachine.com\/product\/\/"},"modified":"2026-03-02T17:39:37","modified_gmt":"2026-03-02T09:39:37","slug":"cattle-farm-manure-cleaning-machine-manure-collector","status":"publish","type":"product","link":"https:\/\/taizyagromachine.com\/fr\/product\/cattle-farm-manure-cleaning-machine-manure-collector\/","title":{"rendered":"Machine de nettoyage des d\u00e9jections pour ferme bovine"},"content":{"rendered":"<p class=\"translation-block\">Taizy <strong>machine de nettoyage des d\u00e9jections<\/strong> est con\u00e7ue avec des fonctions de retrait, de transport et de d\u00e9chargement automatique pour les op\u00e9rations d\u2019\u00e9levage \u00e0 grande \u00e9chelle, telles que les fermes de bovins, laiti\u00e8res et ovines. Elle fonctionne avec des camions \u00e0 trois ou quatre roues aliment\u00e9s au diesel, g\u00e9rant efficacement le fumier animal en 3-5 min ou 5-8 min par v\u00e9hicule, selon l\u2019\u00e9paisseur du d\u00e9chet.<\/p>    <p>Son volume courant est de 3m\u00b3, 5m\u00b3, etc. Compar\u00e9 aux m\u00e9thodes traditionnelles de nettoyage manuel, le collecteur de d\u00e9jections de paddock am\u00e9liore consid\u00e9rablement l\u2019efficacit\u00e9 du nettoyage, r\u00e9duit les co\u00fbts de main-d\u2019\u0153uvre, am\u00e9liore l\u2019hygi\u00e8ne de la ferme et minimise la croissance de l\u2019ammoniac et des bact\u00e9ries. Cela conduit \u00e0 une meilleure sant\u00e9 animale et \u00e0 une gestion plus standardis\u00e9e de la ferme. <\/p>    <p>En tant qu\u2019\u00e9quipement essentiel pour les fermes modernes visant une gestion m\u00e9canis\u00e9e et automatis\u00e9e, cette machine de nettoyage des \u00e9tables \u00e0 bovins est devenue un choix cl\u00e9 pour augmenter la productivit\u00e9 et optimiser les co\u00fbts op\u00e9rationnels.<\/p>    <figure class=\"wp-block-embed is-type-video is-provider-youtube wp-block-embed-youtube wp-embed-aspect-16-9 wp-has-aspect-ratio\"><div class=\"wp-block-embed__wrapper\"> <iframe loading=\"lazy\" title=\"Vid\u00e9o de fonctionnement de la machine de nettoyage de fumier | Collecteur automatique de fumier pour ferme bovine #fumier\" width=\"500\" height=\"281\" src=\"https:\/\/www.youtube.com\/embed\/5JxMkd7zD5o?feature=oembed\" frameborder=\"0\" allow=\"accelerometer; autoplay; clipboard-write; encrypted-media; gyroscope; picture-in-picture; web-share\" referrerpolicy=\"strict-origin-when-cross-origin\" allowfullscreen><\/iframe> <\/div><figcaption class=\"wp-element-caption\">vid\u00e9o de la machine collectrice de fumier<\/figcaption><\/figure>    <h2 class=\"wp-block-heading\"><strong>Qu\u2019est-ce qu\u2019une machine de nettoyage des d\u00e9jections ?<\/strong><\/h2>    <p>La machine de nettoyage des d\u00e9jections est un dispositif automatis\u00e9 sp\u00e9cialement con\u00e7u pour \u00e9liminer les d\u00e9jections et d\u00e9chets dans les installations d\u2019\u00e9levage telles que les \u00e9tables \u00e0 bovins et les enclos \u00e0 moutons. Sa fonction principale est d\u2019enlever les excr\u00e9ments animaux p\u00e9riodiquement ou en continu, en maintenant des sols d\u2019\u00e9table propres et secs tout en am\u00e9liorant les normes d\u2019hygi\u00e8ne globales dans l\u2019environnement agricole.<\/p>    <p>Le fumier est collect\u00e9 via un augure avant et transport\u00e9 par un syst\u00e8me de convoyeur \u00e0 cha\u00eene dans un bac de collecte pour traitement centralis\u00e9. Il est donc \u00e9galement appel\u00e9 grattoir \u00e0 d\u00e9jections automatique ou machine de retrait des d\u00e9jections dans l\u2019\u00e9table.<\/p>   <div class=\"wp-block-image\"> <figure class=\"aligncenter size-full\"><img loading=\"lazy\" decoding=\"async\" width=\"720\" height=\"540\" src=\"https:\/\/taizyagromachine.com\/wp-content\/uploads\/2026\/03\/cow-manure-cleaning-machine.jpg\" alt=\"Machine de nettoyage des d\u00e9jections de vache\" class=\"wp-image-8939\" srcset=\"https:\/\/taizyagromachine.com\/wp-content\/uploads\/2026\/03\/cow-manure-cleaning-machine.jpg 720w, https:\/\/taizyagromachine.com\/wp-content\/uploads\/2026\/03\/cow-manure-cleaning-machine-16x12.jpg 16w\" sizes=\"auto, (max-width: 720px) 100vw, 720px\" \/><figcaption class=\"wp-element-caption\">Machine de nettoyage des d\u00e9jections de vache<\/figcaption><\/figure> <\/div>   <h2 class=\"wp-block-heading\"><strong>Principaux avantages de la machine de nettoyage des d\u00e9jections bovines<\/strong><\/h2>    <ul class=\"wp-block-list\"> <li>Fonctionnement enti\u00e8rement automatique avec une personne<\/li>    <li>\u00c9limination efficace des d\u00e9chets d\u2019\u00e9levage en 3-5 min ou 5-8 min par camion<\/li>    <li>Taux de propret\u00e9 \u226599 % pour am\u00e9liorer l\u2019hygi\u00e8ne de l\u2019\u00e9table et la sant\u00e9 animale<\/li>    <li>Options de camion : camion \u00e0 3 ou 4 roues disponibles<\/li>    <li>Structure durable avec une structure en acier renforc\u00e9 et un design de grattoir r\u00e9sistant \u00e0 l\u2019usure pour une utilisation \u00e0 long terme<\/li>    <li>Convient aux fermes laiti\u00e8res moyennes et grandes<\/li> <\/ul>    <h2 class=\"wp-block-heading\"><strong>Sp\u00e9cifications techniques de la machine de nettoyage des d\u00e9jections<\/strong><\/h2>    <div class=\"wp-block-columns is-layout-flex wp-container-core-columns-is-layout-9d6595d7 wp-block-columns-is-layout-flex\"> <div class=\"wp-block-column is-layout-flow wp-block-column-is-layout-flow\"><div class=\"wp-block-image\"> <figure class=\"aligncenter size-full\"><img loading=\"lazy\" decoding=\"async\" width=\"720\" height=\"540\" src=\"https:\/\/taizyagromachine.com\/wp-content\/uploads\/2026\/03\/three-wheel-paddock-manure-collector.jpg\" alt=\"Collecteur de d\u00e9jections pour paddock \u00e0 trois roues\" class=\"wp-image-8933\" srcset=\"https:\/\/taizyagromachine.com\/wp-content\/uploads\/2026\/03\/three-wheel-paddock-manure-collector.jpg 720w, https:\/\/taizyagromachine.com\/wp-content\/uploads\/2026\/03\/three-wheel-paddock-manure-collector-16x12.jpg 16w\" sizes=\"auto, (max-width: 720px) 100vw, 720px\" \/><figcaption class=\"wp-element-caption\">Collecteur de d\u00e9jections pour paddock \u00e0 trois roues<\/figcaption><\/figure> <\/div><\/div>    <div class=\"wp-block-column is-vertically-aligned-center is-layout-flow wp-block-column-is-layout-flow\"> <p class=\"has-text-align-center translation-block\"><strong>Param\u00e8tres du collecteur de fumier de 3cbm<\/strong><\/p>    <ul class=\"wp-block-list\"> <li>Mod\u00e8le : QF-3<\/li>    <li>Dimension : 4500*1450*2450mm<\/li>    <li>Puissance : moteur diesel 25hp<\/li>    <li>Puissance de marche : Tricycle<\/li>    <li>Capacit\u00e9 de production : 3-5 minutes par v\u00e9hicule<\/li>    <li>Volume du chariot : 3m\u00b3<\/li>    <li>Tricycle : Futian Five Star<\/li> <\/ul> <\/div> <\/div>    <div class=\"wp-block-columns is-layout-flex wp-container-core-columns-is-layout-9d6595d7 wp-block-columns-is-layout-flex\"> <div class=\"wp-block-column is-layout-flow wp-block-column-is-layout-flow\"><div class=\"wp-block-image\"> <figure class=\"aligncenter size-full\"><img loading=\"lazy\" decoding=\"async\" width=\"720\" height=\"540\" src=\"https:\/\/taizyagromachine.com\/wp-content\/uploads\/2026\/03\/four-wheel-cattle-farm-cleaning-machine.jpg\" alt=\"Machine de nettoyage pour ferme bovine \u00e0 quatre roues\" class=\"wp-image-8936\" srcset=\"https:\/\/taizyagromachine.com\/wp-content\/uploads\/2026\/03\/four-wheel-cattle-farm-cleaning-machine.jpg 720w, https:\/\/taizyagromachine.com\/wp-content\/uploads\/2026\/03\/four-wheel-cattle-farm-cleaning-machine-16x12.jpg 16w\" sizes=\"auto, (max-width: 720px) 100vw, 720px\" \/><figcaption class=\"wp-element-caption\">Machine de nettoyage pour ferme bovine \u00e0 quatre roues<\/figcaption><\/figure> <\/div><\/div>    <div class=\"wp-block-column is-vertically-aligned-center is-layout-flow wp-block-column-is-layout-flow\"> <p class=\"has-text-align-center translation-block\"><strong>Param\u00e8tres du nettoyeur de fumier de p\u00e2turage de 5cbm<\/strong><\/p>    <ul class=\"wp-block-list\"> <li>Mod\u00e8le : QF-5<\/li>    <li>Volume du chariot : 5m\u00b3<\/li>    <li>Dimension : 5200*2200*2600mm<\/li>    <li>Largeur de nettoyage des d\u00e9jections : 2000mm<\/li>    <li>Capacit\u00e9 de production : 5-8 minutes par v\u00e9hicule (selon l\u2019\u00e9paisseur de la couche f\u00e9cale)<\/li>    <li>Poids : 3500kg<\/li>    <li>Vitesse de conduite : \u226430km\/h<\/li>    <li>Nombre de pneus : 4 pi\u00e8ces<\/li>    <li>Syst\u00e8me de collecte des d\u00e9jections : Collecte par agitateur avant, convoyeur \u00e0 cha\u00eene<\/li>    <li>M\u00e9thode de d\u00e9charge des d\u00e9jections \u00e0 l\u2019arri\u00e8re du chariot : Camion \u00e0 benne hydraulique<\/li> <\/ul> <\/div> <\/div>    <h2 class=\"wp-block-heading\"><strong>Comment fonctionne le grattoir \u00e0 d\u00e9jections pour laiterie ?<\/strong><\/h2>    <p>Le fonctionnement principal de la machine automatique de nettoyage des d\u00e9jections se fait par collecte par auger, grattoir \u00e0 cha\u00eene, collecte par v\u00e9hicule et d\u00e9chargement hydraulique. Le flux de travail principal est le suivant :<\/p>    <ol class=\"wp-block-list\"> <li>Une personne d\u00e9marre le nettoyeur de d\u00e9jections pour la ferme laiti\u00e8re.<\/li>    <li>Lorsque la personne conduit l\u2019\u00e9quipement de nettoyage vers l\u2019avant, l\u2019augure \u00e0 l\u2019avant collecte les d\u00e9chets.<\/li>    <li>Ensuite, les d\u00e9chets collect\u00e9s sont transport\u00e9s vers le chariot via le grattoir \u00e0 cha\u00eene.<\/li>    <li>L\u2019augure et le grattoir \u00e0 cha\u00eene fonctionnent en continu pendant que la machine avance, collectant le fumier animal dans le chariot jusqu\u2019\u00e0 ce qu\u2019il soit plein.<\/li>    <li>Enfin, le m\u00e9canisme de basculement hydraulique d\u00e9charge automatiquement le contenu, compl\u00e9tant ainsi le cycle de nettoyage des d\u00e9jections. La machine passe ensuite \u00e0 la prochaine op\u00e9ration.<\/li> <\/ol>    <figure class=\"wp-block-gallery has-nested-images columns-default is-cropped wp-block-gallery-2 is-layout-flex wp-block-gallery-is-layout-flex\"> <figure class=\"wp-block-image size-large\"><img loading=\"lazy\" decoding=\"async\" width=\"720\" height=\"540\" data-id=\"8941\" src=\"https:\/\/taizyagromachine.com\/wp-content\/uploads\/2026\/03\/efficient-barn-cleaning-equipment-for-manure-removal.jpg\" alt=\"\u00c9quipement efficace de nettoyage de la grange pour l\u2019\u00e9limination des d\u00e9jections\" class=\"wp-image-8941\" srcset=\"https:\/\/taizyagromachine.com\/wp-content\/uploads\/2026\/03\/efficient-barn-cleaning-equipment-for-manure-removal.jpg 720w, https:\/\/taizyagromachine.com\/wp-content\/uploads\/2026\/03\/efficient-barn-cleaning-equipment-for-manure-removal-16x12.jpg 16w\" sizes=\"auto, (max-width: 720px) 100vw, 720px\" \/><figcaption class=\"wp-element-caption\">\u00c9quipement efficace de nettoyage de la grange pour l\u2019\u00e9limination des d\u00e9jections<\/figcaption><\/figure>    <figure class=\"wp-block-image size-large\"><img loading=\"lazy\" decoding=\"async\" width=\"720\" height=\"540\" data-id=\"8942\" src=\"https:\/\/taizyagromachine.com\/wp-content\/uploads\/2026\/03\/Hydraulic-tipper-truck.jpg\" alt=\"Camion \u00e0 benne hydraulique\" class=\"wp-image-8942\" srcset=\"https:\/\/taizyagromachine.com\/wp-content\/uploads\/2026\/03\/Hydraulic-tipper-truck.jpg 720w, https:\/\/taizyagromachine.com\/wp-content\/uploads\/2026\/03\/Hydraulic-tipper-truck-16x12.jpg 16w\" sizes=\"auto, (max-width: 720px) 100vw, 720px\" \/><figcaption class=\"wp-element-caption\">Camion \u00e0 benne hydraulique<\/figcaption><\/figure> <\/figure>    <h2 class=\"wp-block-heading\"><strong>Sc\u00e9narios d\u2019application de la machine collectrice de d\u00e9jections Taizy<\/strong><\/h2>    <p>Avec le d\u00e9veloppement de l\u2019\u00e9levage \u00e0 grande \u00e9chelle, les \u00e9quipements automatiques de retrait des d\u00e9jections ont \u00e9t\u00e9 largement adopt\u00e9s dans divers environnements d\u2019\u00e9levage. En tant que machine efficace de retrait des d\u00e9jections d\u2019\u00e9levage, elle joue un r\u00f4le vital dans de nombreux sc\u00e9narios agricoles. <\/p>    <ul class=\"wp-block-list\"> <li>Fermes laiti\u00e8res<\/li>    <li>\u00c9tables \u00e0 bovins<\/li>    <li>Fermes d'\u00e9levage<\/li>    <li>Installations agricoles modernes intensives<\/li> <\/ul>    <h2 class=\"wp-block-heading\"><strong>Quel est le prix de la machine de nettoyage des d\u00e9jections de vache Taizy ?<\/strong><\/h2>    <p>Lors du choix de l\u2019\u00e9quipement de nettoyage des d\u00e9jections, les clients se concentrent g\u00e9n\u00e9ralement sur des questions cl\u00e9s : prix et personnalisation.<\/p>    <p class=\"translation-block\"><strong>Prix du collecteur de d\u00e9jections Taizy \u00e0 vendre<\/strong><\/p>    <p>Les facteurs cl\u00e9s influen\u00e7ant le prix de la machine de nettoyage des d\u00e9jections comprennent :<\/p>    <ul class=\"wp-block-list\"> <li>Volume du chariot de la machine<\/li>    <li>Quantit\u00e9 de pneus du v\u00e9hicule<\/li>    <li>Configuration de la puissance diesel de la machine<\/li>    <li>Fourniture de pi\u00e8ces de rechange<\/li>    <li>Distance de transport<\/li> <\/ul>    <p>En g\u00e9n\u00e9ral, des configurations plus \u00e9lev\u00e9es et des passages plus longs augmentent le co\u00fbt global de l\u2019\u00e9quipement de nettoyage des fermes laiti\u00e8res. Il est donc recommand\u00e9 de choisir des solutions en fonction des besoins r\u00e9els plut\u00f4t que de rechercher uniquement les prix bas.<\/p>   <div class=\"wp-block-image\"> <figure class=\"aligncenter size-full\"><img loading=\"lazy\" decoding=\"async\" width=\"720\" height=\"540\" src=\"https:\/\/taizyagromachine.com\/wp-content\/uploads\/2026\/03\/cattle-farm-manure-cleaning-equipment.jpg\" alt=\"\u00c9quipement de nettoyage des d\u00e9jections pour ferme bovine\" class=\"wp-image-8943\" srcset=\"https:\/\/taizyagromachine.com\/wp-content\/uploads\/2026\/03\/cattle-farm-manure-cleaning-equipment.jpg 720w, https:\/\/taizyagromachine.com\/wp-content\/uploads\/2026\/03\/cattle-farm-manure-cleaning-equipment-16x12.jpg 16w\" sizes=\"auto, (max-width: 720px) 100vw, 720px\" \/><figcaption class=\"wp-element-caption\">\u00c9quipement de nettoyage des d\u00e9jections pour ferme bovine<\/figcaption><\/figure> <\/div>   <h2 class=\"wp-block-heading\"><strong>Pourquoi choisir notre grattoir automatique \u00e0 d\u00e9jections ?<\/strong><\/h2>    <p>Nos solutions de retrait des d\u00e9jections pour les \u00e9tables \u00e0 bovins sont con\u00e7ues sp\u00e9cifiquement pour les fermes modernes, \u00e9quilibrant efficacit\u00e9, co\u00fbt et fonctionnement stable \u00e0 long terme. Ce sont des \u00e9quipements modernes fiables pour la gestion des d\u00e9chets d\u2019\u00e9levage.<\/p>    <p>\u2714 Solution de gestion des d\u00e9jections rentable<\/p>    <p>\u2714 R\u00e9duction du travail jusqu\u2019\u00e0 40-60%<\/p>    <p>\u2714 Am\u00e9liorer l\u2019efficacit\u00e9 de la ferme<\/p>    <p>\u2714 \u00c9quipement moderne de gestion des d\u00e9chets d\u2019\u00e9levage<\/p>    <h2 class=\"wp-block-heading\"><strong>Questions fr\u00e9quemment pos\u00e9es (FAQ) sur le nettoyeur de d\u00e9jections de p\u00e2turage Taizy<\/strong><\/h2>   <div id=\"rank-math-faq\" class=\"rank-math-block\"> <div class=\"rank-math-list\"> <div id=\"faq-question-1772440719924\" class=\"rank-math-list-item\"> <h3 class=\"rank-math-question\">Quelle est la diff\u00e9rence entre un \u00e9pandeur de d\u00e9jections et une machine de nettoyage des d\u00e9jections ?<\/h3> <div class=\"rank-math-answer\">  <p class=\"translation-block\">The two serve entirely different functions:<br \/><strong><a href=\"https:\/\/taizyagromachine.com\/fr\/product\/manure-and-fertilizer-spreader-truck\/\">Manure spreader<\/a><\/strong>: Primarily used to evenly distribute fermented manure across farmland for fertilization purposes.<br \/><strong>Manure cleaning machine<\/strong>: Employed inside cattle or sheep barns to collect and remove fecal waste from the floor.<\/p>  <\/div> <\/div> <div id=\"faq-question-1772440837790\" class=\"rank-math-list-item\"> <h3 class=\"rank-math-question\">Le grattoir automatique \u00e0 d\u00e9jections convient-il aux petites exploitations ?<\/h3> <div class=\"rank-math-answer\">  <p>Oui, il s\u2019applique \u00e9galement aux exploitations de taille moyenne et grande.<\/p>  <\/div> <\/div> <div id=\"faq-question-1772440877524\" class=\"rank-math-list-item\"> <h3 class=\"rank-math-question\">\u00c0 quelle fr\u00e9quence la machine de retrait des d\u00e9jections doit-elle fonctionner ?<\/h3> <div class=\"rank-math-answer\">  <p>La fr\u00e9quence de fonctionnement d\u00e9pend de la densit\u00e9 d\u2019\u00e9levage et des conditions environnementales saisonni\u00e8res.<\/p>  <\/div> <\/div> <div id=\"faq-question-1772440918053\" class=\"rank-math-list-item\"> <h3 class=\"rank-math-question\">Peut-il fonctionner dans des conditions de d\u00e9jections humides ?<\/h3> <div class=\"rank-math-answer\">  <p>Oui. La nettoyeuse de d\u00e9jections de p\u00e2turage Taizy est con\u00e7ue pour g\u00e9rer les environnements humides.<\/p>  <\/div> <\/div> <\/div> <\/div>","protected":false},"excerpt":{"rendered":"<p>La machine de nettoyage des d\u00e9jections Taizy est con\u00e7ue avec des fonctions de d\u00e9blaiement, de transport et de d\u00e9chargement automatique, avec 3-5 minutes ou 5-8 minutes par v\u00e9hicule pour ferme bovine.<\/p>","protected":false},"author":1,"featured_media":8929,"parent":0,"template":"","tags":[116],"product-type":[19],"class_list":["post-8928","product","type-product","status-publish","has-post-thumbnail","hentry","tag-silage","product-type-silage-machine"],"_links":{"self":[{"href":"https:\/\/taizyagromachine.com\/fr\/wp-json\/wp\/v2\/product\/8928","targetHints":{"allow":["GET"]}}],"collection":[{"href":"https:\/\/taizyagromachine.com\/fr\/wp-json\/wp\/v2\/product"}],"about":[{"href":"https:\/\/taizyagromachine.com\/fr\/wp-json\/wp\/v2\/types\/product"}],"author":[{"embeddable":true,"href":"https:\/\/taizyagromachine.com\/fr\/wp-json\/wp\/v2\/users\/1"}],"wp:featuredmedia":[{"embeddable":true,"href":"https:\/\/taizyagromachine.com\/fr\/wp-json\/wp\/v2\/media\/8929"}],"wp:attachment":[{"href":"https:\/\/taizyagromachine.com\/fr\/wp-json\/wp\/v2\/media?parent=8928"}],"wp:term":[{"taxonomy":"post_tag","embeddable":true,"href":"https:\/\/taizyagromachine.com\/fr\/wp-json\/wp\/v2\/tags?post=8928"},{"taxonomy":"product-type","embeddable":true,"href":"https:\/\/taizyagromachine.com\/fr\/wp-json\/wp\/v2\/product-type?post=8928"}],"curies":[{"name":"wp","href":"https:\/\/api.w.org\/{rel}","templated":true}]}}