{"id":11,"date":"2022-01-11T03:21:20","date_gmt":"2022-01-11T03:21:20","guid":{"rendered":"http:\/\/taizyagromachine.local\/?page_id=11"},"modified":"2022-01-24T06:09:57","modified_gmt":"2022-01-24T06:09:57","slug":"about-us","status":"publish","type":"page","link":"https:\/\/taizyagromachine.com\/nl\/about-us\/","title":{"rendered":"Over ons"},"content":{"rendered":"<div class=\"wp-block-media-text alignwide is-stacked-on-mobile\"><figure class=\"wp-block-media-text__media\"><img loading=\"lazy\" decoding=\"async\" width=\"720\" height=\"540\" src=\"https:\/\/taizyagromachine.com\/wp-content\/uploads\/2022\/01\/cooperation-with-government.jpg\" alt=\"samenwerking\" class=\"wp-image-1801 size-full\"\/><\/figure><div class=\"wp-block-media-text__content\"> <p class=\"translation-block\">Als toonaangevende en professionele fabrikant en leverancier van landbouwmachines beschouwen wij, Taizy Agro Machine Co., Ltd, \"<strong><em>Voor Boeren<\/em>, <em>Voor Landbouw, Voor een Beter Leven<\/em><\/strong>\" als onze slogan om onze klanten te bedienen. Bovendien hebben we meer dan 15 jaar rijke ervaring in het exporteren van landbouwmachines. Onze belangrijkste producten zijn onder meer <strong><em>rijstmolen, ma\u00efsmachine, rijst- en tarwemachine, aardnotenmachine, silagemachine, voersnijder, zaailingenmachine, groententransplanter, visvoerpelletmachine, veevoerpelletmachine<\/em><\/strong>, enz. Bovendien zijn we deskundig in het uitvoeren van aanbestedingsprojecten van <strong><em>NGO, FAO, UNDP en overheidsaanbestedingen<\/em><\/strong>. <\/p>    <p class=\"translation-block\">Welkom om contact met ons op te nemen via WhatsApp\/Wechat\/Tel: <strong><em>+86 13673689272<\/em><\/strong> voor meer informatie.<\/p> <\/div><\/div>    <h2 class=\"has-huge-font-size wp-block-heading\">Waarom voor ons kiezen<\/h2>    <div class=\"wp-block-columns is-layout-flex wp-container-core-columns-is-layout-9d6595d7 wp-block-columns-is-layout-flex\"> <div class=\"wp-block-column is-layout-flow wp-block-column-is-layout-flow\"> <ul class=\"wp-block-list\"><li>Sterke fabriekssterkte voor het vervaardigen van machines<\/li><li>Rijke ervaringen met exporteren naar het buitenland<\/li><li>Geweldige pre-sale, on-sale en after-sales services die aan klanten worden aangeboden<\/li><li>Betrouwbaar merk dat de moeite waard is om te kopen<\/li><li>Gegarandeerde kwaliteit om de prestaties en eigendommen van de machine te garanderen<\/li><li>Verschillende landbouwmachines om aan de eisen van verschillende klanten te voldoen<\/li><li>Concurrerende prijs ten behoeve van klanten<\/li><\/ul> <\/div>    <div class=\"wp-block-column is-layout-flow wp-block-column-is-layout-flow\"> <figure class=\"wp-block-gallery aligncenter columns-2 is-cropped wp-block-gallery-2 is-layout-flex wp-block-gallery-is-layout-flex\"><ul class=\"blocks-gallery-grid\"><li class=\"blocks-gallery-item\"><figure><img loading=\"lazy\" decoding=\"async\" width=\"720\" height=\"540\" src=\"https:\/\/taizyagromachine.com\/wp-content\/uploads\/2022\/01\/factory-display-why-choose-us.jpg\" alt=\"fabrieksweergave\" data-id=\"1809\" data-full-url=\"https:\/\/taizyagromachine.com\/wp-content\/uploads\/2022\/01\/factory-display-why-choose-us.jpg\" data-link=\"https:\/\/taizyagromachine.com\/about\/factory-display-why-choose-us\/\" class=\"wp-image-1809\"\/><figcaption class=\"blocks-gallery-item__caption\">fabrieksweergave<\/figcaption><\/figure><\/li><li class=\"blocks-gallery-item\"><figure><img loading=\"lazy\" decoding=\"async\" width=\"720\" height=\"540\" src=\"https:\/\/taizyagromachine.com\/wp-content\/uploads\/2022\/01\/150pcs-corn-sheller-to-Zimbabwe.jpg\" alt=\"150 stuks ma\u00efsschiller naar Zimbabwe\" data-id=\"1810\" data-full-url=\"https:\/\/taizyagromachine.com\/wp-content\/uploads\/2022\/01\/150pcs-corn-sheller-to-Zimbabwe.jpg\" data-link=\"https:\/\/taizyagromachine.com\/about\/150pcs-corn-sheller-to-zimbabwe\/\" class=\"wp-image-1810\"\/><figcaption class=\"blocks-gallery-item__caption\">ma\u00efsschiller naar Zimbabwe<\/figcaption><\/figure><\/li><\/ul><\/figure> <\/div> <\/div>    <h2 class=\"wp-block-heading\">Evenementen<\/h2>    <p>Als een van de meest professionele leveranciers van landbouwmachines in de provincie Henan, onderzoeken we de markt van de ontwikkelingslanden diepgaand en kiezen we de meest geschikte landbouwmachines om aan de lokale vraag te voldoen. Ook worden we uitgenodigd om deel te nemen aan vele beroemde evenementen in China en daarbuiten.  Zoals 2018 in Nigeria, 2018 in Yiwu, 2019 in Nigeria, 2019 in Vietnam, enz.<\/p>    <div class=\"wp-block-image\"><figure class=\"aligncenter size-full\"><img loading=\"lazy\" decoding=\"async\" width=\"1200\" height=\"600\" src=\"https:\/\/taizyagromachine.com\/wp-content\/uploads\/2022\/01\/events.jpg\" alt=\"evenementen\" class=\"wp-image-1820\"\/><figcaption>evenementen<\/figcaption><\/figure><\/div>    <h2 class=\"wp-block-heading\">Voetafdruk<\/h2>    <p>We hebben meer dan 15 jaar ervaring met exporteren. Onze producten zijn enorm populair geworden in Afrika, Zuidoost-Azi\u00eb en Zuid-Amerika, zoals Nigeria, Ghana, Peru, Indonesi\u00eb, Congo, Ethiopi\u00eb, Namibi\u00eb, Marokko, Botswana, enz. <\/p>    <div class=\"wp-block-image\"><figure class=\"aligncenter size-full\"><img loading=\"lazy\" decoding=\"async\" width=\"1024\" height=\"486\" src=\"https:\/\/taizyagromachine.com\/wp-content\/uploads\/2022\/01\/footprints-Taizy-Agro.jpg\" alt=\"voetafdrukken\" class=\"wp-image-1805\"\/><figcaption>voetafdrukken<\/figcaption><\/figure><\/div>    <h2 class=\"wp-block-heading\">Certificaat<\/h2>    <p>Ons bedrijf heeft het ISO 9001-certificaat en de meeste producten hebben een CE-certificaat. We kunnen ook PVOC, SONCAP, SABRE en Preferential C\/O krijgen om klanten te helpen gemakkelijk inklaring te doen. Wij verbinden ons ertoe om de juiste producten en volledige service te bieden aan elke binnenlandse en buitenlandse klant.<\/p>    <div class=\"wp-block-columns is-layout-flex wp-container-core-columns-is-layout-9d6595d7 wp-block-columns-is-layout-flex\"> <div class=\"wp-block-column is-layout-flow wp-block-column-is-layout-flow\"> <div class=\"wp-block-image\"><figure class=\"aligncenter size-full\"><img loading=\"lazy\" decoding=\"async\" width=\"2468\" height=\"3425\" src=\"https:\/\/taizyagromachine.com\/wp-content\/uploads\/2022\/01\/PVOC-.jpg\" alt=\"PVOC\" class=\"wp-image-1832\"\/><figcaption>PVOC<\/figcaption><\/figure><\/div> <\/div>    <div class=\"wp-block-column is-layout-flow wp-block-column-is-layout-flow\"> <div class=\"wp-block-image\"><figure class=\"aligncenter size-full\"><img loading=\"lazy\" decoding=\"async\" width=\"2468\" height=\"3425\" src=\"https:\/\/taizyagromachine.com\/wp-content\/uploads\/2022\/01\/SONCAP-.jpg\" alt=\"SONCAP\" class=\"wp-image-1833\"\/><figcaption>SONCAP<\/figcaption><\/figure><\/div> <\/div>    <div class=\"wp-block-column is-layout-flow wp-block-column-is-layout-flow\"> <div class=\"wp-block-image\"><figure class=\"aligncenter size-full\"><img loading=\"lazy\" decoding=\"async\" width=\"2468\" height=\"3425\" src=\"https:\/\/taizyagromachine.com\/wp-content\/uploads\/2022\/01\/ISO9001-.jpg\" alt=\"ISO9001\" class=\"wp-image-1834\"\/><figcaption>ISO9001<\/figcaption><\/figure><\/div> <\/div> <\/div>    <p><\/p>","protected":false},"excerpt":{"rendered":"<p>As a leading and professional agricultural machines manufacturer and provider, Taizy Agro Machine Co., Ltd, we consider &#8220;For Farmers, For Agriculture, For Better Life&#8221; as our slogan to serve our customers. Besides, we have rich experience in exporting agricultural machines for more than 15 years. Our main products include Rice Mill, Corn Machine, Rice and [&hellip;]<\/p>\n","protected":false},"author":1,"featured_media":0,"parent":0,"menu_order":0,"comment_status":"closed","ping_status":"closed","template":"","meta":{"footnotes":""},"class_list":["post-11","page","type-page","status-publish","hentry"],"_links":{"self":[{"href":"https:\/\/taizyagromachine.com\/nl\/wp-json\/wp\/v2\/pages\/11","targetHints":{"allow":["GET"]}}],"collection":[{"href":"https:\/\/taizyagromachine.com\/nl\/wp-json\/wp\/v2\/pages"}],"about":[{"href":"https:\/\/taizyagromachine.com\/nl\/wp-json\/wp\/v2\/types\/page"}],"author":[{"embeddable":true,"href":"https:\/\/taizyagromachine.com\/nl\/wp-json\/wp\/v2\/users\/1"}],"replies":[{"embeddable":true,"href":"https:\/\/taizyagromachine.com\/nl\/wp-json\/wp\/v2\/comments?post=11"}],"version-history":[{"count":0,"href":"https:\/\/taizyagromachine.com\/nl\/wp-json\/wp\/v2\/pages\/11\/revisions"}],"wp:attachment":[{"href":"https:\/\/taizyagromachine.com\/nl\/wp-json\/wp\/v2\/media?parent=11"}],"curies":[{"name":"wp","href":"https:\/\/api.w.org\/{rel}","templated":true}]}}