{"id":1535,"date":"2021-12-14T06:35:13","date_gmt":"2021-12-14T06:35:13","guid":{"rendered":"https:\/\/taizyagromachine.com\/?p=1535"},"modified":"2022-09-29T11:16:10","modified_gmt":"2022-09-29T03:16:10","slug":"vibration-cleaner","status":"publish","type":"product","link":"https:\/\/taizyagromachine.com\/nl\/product\/vibration-cleaner\/","title":{"rendered":"Trillingen reiniger"},"content":{"rendered":"<p class=\"translation-block\"><strong>Vibratie reiniger<\/strong> reinigt het grote, kleine en lichte <a href=\"https:\/\/en.wikipedia.org\/wiki\/Impurity\" target=\"_blank\" rel=\"noreferrer noopener\">vuil<\/a> uit granen. Vooral in de grote complete rijstmolenfabriek is de trillende rijst reinigingsmachine de eerste en noodzakelijke stap. Het is niet alleen geschikt voor ruwe rijst, maar ook voor tarwe, pinda's, sesam, sojabonen, enz. Bovendien is hij uitgerust met twee vibratiemotoren. Soms wordt hij gebruikt voor het sorteren van half afgewerkte of afgewerkte producten. Kortom, de trillende zeefmachine is noodzakelijk voor de complete rijstmolenfabriek. Als u twijfelt, neem dan gerust <a href=\"https:\/\/taizyagromachine.com\/nl\/contact\/\" target=\"_blank\" rel=\"noreferrer noopener\">contact met ons op<\/a> voor meer informatie!<\/p>    <h2 class=\"wp-block-heading\" id=\"structure-of-paddy-vibration-cleaner\"><strong>Structuur van Paddy Vibration Cleaner<\/strong><\/h2>    <p>Onze machine omvat inlaat, respectievelijk uitlaat voor onzuiverheden en padie, trillingsmotor.<\/p>   <div class=\"wp-block-image\"> <figure class=\"aligncenter size-full\"><img loading=\"lazy\" decoding=\"async\" width=\"720\" height=\"540\" src=\"https:\/\/taizyagromachine.com\/wp-content\/uploads\/2022\/01\/structure-of-vibration-cleaner.jpg\" alt=\"structuur van vibratiereiniger\" class=\"wp-image-1869\"\/><figcaption>structuur van vibratiereiniger<\/figcaption><\/figure> <\/div>   <h2 class=\"wp-block-heading\" id=\"advantages-of-vibrating-sieve-cleaner\"><strong>Voordelen van Vibrerende Zeefreiniger<\/strong><strong><\/strong><\/h2>    <ul class=\"wp-block-list\" type=\"1\"><li>Redelijke structuur, super kwaliteit, stabiele prestaties.<\/li><li>Hoge reinigingseffici\u00ebntie en laag energieverbruik.<\/li><li>Kleine machines, die weinig ruimte in beslag nemen.<\/li><li>Bekend merk op de internationale markten.<\/li><li>Maatwerk. Je kunt de bijbehorende zeven matchen op basis van padie.<\/li><\/ul>    <h2 class=\"wp-block-heading\" id=\"working-principle\"><strong>Werkingsprincipe<\/strong><strong><\/strong><\/h2>    <p class=\"translation-block\">De vibratie reiniger voert zijn werk uit volgens de gatgrootte van het zeef. In de moderne <a href=\"https:\/\/taizyagromachine.com\/nl\/product\/solutions\/\" target=\"_blank\" rel=\"noreferrer noopener\">rijstmolen productielijn te koop<\/a> gebruikt de vibratie reinigingsmachine bijvoorbeeld een zeef met twee lagen. Over het algemeen heeft hij drie uitgangen. E\u00e9n is voor het grote vuil, \u00e9\u00e9n voor het kleine en lichte vuil, en de andere voor de ruwe rijst. Het is gemakkelijk te begrijpen. Als u twijfelt, neem dan contact met ons op voor meer informatie!<\/p>    <figure class=\"wp-block-embed is-type-video is-provider-youtube wp-block-embed-youtube wp-embed-aspect-16-9 wp-has-aspect-ratio\"><div class=\"wp-block-embed__wrapper\"> <iframe loading=\"lazy\" title=\"Trillingsreiniger verwijdert onzuiverheden uit de padie in de rijstmolenfabriek.\" width=\"500\" height=\"281\" src=\"https:\/\/www.youtube.com\/embed\/L9lQfmDcAsw?feature=oembed\" frameborder=\"0\" allow=\"accelerometer; autoplay; clipboard-write; encrypted-media; gyroscope; picture-in-picture; web-share\" referrerpolicy=\"strict-origin-when-cross-origin\" allowfullscreen><\/iframe> <\/div><\/figure>","protected":false},"excerpt":{"rendered":"<p>Vibration cleaner\u00a0is cleaning the large, small, and light impurities from grains. Especially, in the large capacity complete rice mill plant, the paddy vibrating cleaner machine is the initial and necessary step. It\u2019s suitable for not only paddy rice but also wheat, peanuts, sesame, soybeans, etc. Besides, it is equipped with two vibration motors. Sometimes, it [&hellip;]<\/p>\n","protected":false},"author":1,"featured_media":1867,"parent":0,"template":"","tags":[],"product-type":[18],"class_list":["post-1535","product","type-product","status-publish","has-post-thumbnail","hentry","product-type-rice-mill"],"_links":{"self":[{"href":"https:\/\/taizyagromachine.com\/nl\/wp-json\/wp\/v2\/product\/1535","targetHints":{"allow":["GET"]}}],"collection":[{"href":"https:\/\/taizyagromachine.com\/nl\/wp-json\/wp\/v2\/product"}],"about":[{"href":"https:\/\/taizyagromachine.com\/nl\/wp-json\/wp\/v2\/types\/product"}],"author":[{"embeddable":true,"href":"https:\/\/taizyagromachine.com\/nl\/wp-json\/wp\/v2\/users\/1"}],"wp:featuredmedia":[{"embeddable":true,"href":"https:\/\/taizyagromachine.com\/nl\/wp-json\/wp\/v2\/media\/1867"}],"wp:attachment":[{"href":"https:\/\/taizyagromachine.com\/nl\/wp-json\/wp\/v2\/media?parent=1535"}],"wp:term":[{"taxonomy":"post_tag","embeddable":true,"href":"https:\/\/taizyagromachine.com\/nl\/wp-json\/wp\/v2\/tags?post=1535"},{"taxonomy":"product-type","embeddable":true,"href":"https:\/\/taizyagromachine.com\/nl\/wp-json\/wp\/v2\/product-type?post=1535"}],"curies":[{"name":"wp","href":"https:\/\/api.w.org\/{rel}","templated":true}]}}