{"id":1858,"date":"2022-01-26T07:17:33","date_gmt":"2022-01-26T07:17:33","guid":{"rendered":"https:\/\/taizyagromachine.com\/"},"modified":"2023-12-12T17:46:13","modified_gmt":"2023-12-12T09:46:13","slug":"4-row-groundnut-sowing-machine","status":"publish","type":"product","link":"https:\/\/taizyagromachine.com\/nl\/product\/4-row-groundnut-sowing-machine\/","title":{"rendered":"Aardnotenzaaimachine voor het planten van pinda's"},"content":{"rendered":"<p class=\"translation-block\"><strong>Grondboons zaaimachine<\/strong> is ontworpen voor het planten van grondbonen in zandgrond, tarwestoppel-land en zachte gronden (zonder stenen). De grondboonplanter moet werken met een tractor van 40-70 pk, met een 3-puntsophanging. Omdat de pinda planter zelf geen aandrijfkracht heeft. De pinda zaaimachine heeft de voordelen van precisie-zaaien, hoge effici\u00ebntie en stabiele prestaties. Vergeleken met de <a href=\"https:\/\/taizyagromachine.com\/nl\/rice-and-wheat-machine\/wheat-planter\/\" target=\"_blank\" rel=\"noreferrer noopener\">tarwezaaimachine<\/a>, heeft deze grondboon zaaimachine 2 rijen, 6 rijen, 8 rijen beschikbaar. De plantrijen zijn naar wens van de klant. We kijken uit naar uw aanvragen!<\/p>    <h2 class=\"wp-block-heading\"><strong>Beschikbare typen pindaplantmachines<\/strong><\/h2>    <p>Onze pindazaaimachine is verkrijgbaar in verschillende modellen, waaronder 2-rijig, 4-rijig, 6-rijig en 8-rijig, enz. Deze verschillende modellen aardnotenzaaimachines zijn geschikt voor boerderijen van verschillende groottes, waardoor pindatelers de meest geschikte kunnen kiezen. passend model voor de omvang en behoeften van hun landbouwbedrijf.<\/p>    <div class=\"wp-block-columns is-layout-flex wp-container-core-columns-is-layout-9d6595d7 wp-block-columns-is-layout-flex\"> <div class=\"wp-block-column is-layout-flow wp-block-column-is-layout-flow\"> <figure class=\"wp-block-image size-full\"><img loading=\"lazy\" decoding=\"async\" width=\"720\" height=\"540\" src=\"https:\/\/taizyagromachine.com\/wp-content\/uploads\/2023\/12\/twin-row-peanut-planter.webp\" alt=\"pindaplanter met twee rijen\" class=\"wp-image-6147\"\/><figcaption class=\"wp-element-caption\">pindaplanter met twee rijen<\/figcaption><\/figure> <\/div>    <div class=\"wp-block-column is-vertically-aligned-center is-layout-flow wp-block-column-is-layout-flow\"> <p class=\"has-text-align-center translation-block\"><strong>Tweerijige pinda planter<\/strong><\/p>    <p>De 2-rijige pindaplantmachine is geschikt voor kleinere boerderijen en kan effici\u00ebnt twee rijen pindazaad tegelijkertijd planten, wat een praktische en kosteneffectieve oplossing biedt voor kleinschalige landbouwproductie.<\/p> <\/div> <\/div>    <div class=\"wp-block-columns is-layout-flex wp-container-core-columns-is-layout-9d6595d7 wp-block-columns-is-layout-flex\"> <div class=\"wp-block-column is-vertically-aligned-center is-layout-flow wp-block-column-is-layout-flow\"> <p class=\"has-text-align-center translation-block\"><strong>4-rijige precisie pinda planter<\/strong><\/p>    <p>Onze 4-rijige pindaplanter is geschikt voor middelgrote boerderijen en kan vier rijen aardnotenzaad tegelijk planten, waardoor de effici\u00ebntie wordt verbeterd en het beheergemak behouden blijft.<\/p> <\/div>    <div class=\"wp-block-column is-layout-flow wp-block-column-is-layout-flow\"> <figure class=\"wp-block-image size-full\"><img loading=\"lazy\" decoding=\"async\" width=\"720\" height=\"540\" src=\"https:\/\/taizyagromachine.com\/wp-content\/uploads\/2023\/12\/4-row-peanut-precision-planter.webp\" alt=\"4-rijige pinda-precisieplantmachine\" class=\"wp-image-6149\"\/><figcaption class=\"wp-element-caption\">4-rijige pinda-precisieplantmachine<\/figcaption><\/figure> <\/div> <\/div>    <div class=\"wp-block-columns is-layout-flex wp-container-core-columns-is-layout-9d6595d7 wp-block-columns-is-layout-flex\"> <div class=\"wp-block-column is-layout-flow wp-block-column-is-layout-flow\"> <figure class=\"wp-block-image size-full\"><img loading=\"lazy\" decoding=\"async\" width=\"720\" height=\"540\" src=\"https:\/\/taizyagromachine.com\/wp-content\/uploads\/2023\/12\/6-row-groundnut-planter.webp\" alt=\"6-rijige aardnotenplanter\" class=\"wp-image-6153\"\/><figcaption class=\"wp-element-caption\">6-rijige aardnotenplanter<\/figcaption><\/figure> <\/div>    <div class=\"wp-block-column is-vertically-aligned-center is-layout-flow wp-block-column-is-layout-flow\"> <p class=\"has-text-align-center translation-block\"><strong>6-rijige grondboon planter machine<\/strong><\/p>    <p>De 6-rijige aardnotenzaadzaaimachine is ontworpen voor grootschalige landbouwactiviteiten en maakt het gelijktijdig planten van zes rijen pindazaad mogelijk voor uitgestrekte pindavelden, waardoor de planteffici\u00ebntie wordt verhoogd en de tijd die nodig is voor de pindateelt wordt verkort.<\/p> <\/div> <\/div>    <div class=\"wp-block-columns is-layout-flex wp-container-core-columns-is-layout-9d6595d7 wp-block-columns-is-layout-flex\"> <div class=\"wp-block-column is-vertically-aligned-center is-layout-flow wp-block-column-is-layout-flow\"> <p class=\"has-text-align-center translation-block\"><strong>8-rijige grondboon zaaimachine<\/strong><\/p>    <p>De 8-rijige aardnotenzaaimachine is een krachtige oplossing ontworpen voor de grootschalige pindateelt en kan acht rijen pindazaad tegelijkertijd planten, waardoor de effici\u00ebntie en productiviteit worden gemaximaliseerd, waardoor het een uitstekende keuze is voor uitgestrekte pindavelden en commerci\u00eble landbouwbedrijven.<\/p> <\/div>    <div class=\"wp-block-column is-layout-flow wp-block-column-is-layout-flow\"> <figure class=\"wp-block-image size-full\"><img loading=\"lazy\" decoding=\"async\" width=\"720\" height=\"540\" src=\"https:\/\/taizyagromachine.com\/wp-content\/uploads\/2023\/12\/8-row-groundnut-seed-sowing-machine.webp\" alt=\"8-rijige arachidezaaimachine\" class=\"wp-image-6155\"\/><figcaption class=\"wp-element-caption\">8-rijige arachidezaaimachine<\/figcaption><\/figure> <\/div> <\/div>    <h2 class=\"wp-block-heading\"><strong>Wat zijn functies van de aardnotenplanter?<\/strong><\/h2>    <p>Pindazaaimachine is een multifunctionele landbouwmachine met verschillende belangrijke functies.<\/p>    <ul class=\"wp-block-list\"> <li><strong>Aanaarding<\/strong>: Het kan aanaardwerkzaamheden uitvoeren, de grond effectief opruimen en egaliseren en gunstige omstandigheden cre\u00ebren voor de groei van pinda's.<\/li>    <li><strong>Mulchen<\/strong>: De aardnotenplanter is ook uitgerust met de functie van mulchen, die de film tijdens het zaaiproces kan bedekken om de bodemtemperatuur te verhogen, de grond te bevochtigen en de groei van onkruid te remmen, wat helpt de opbrengst en kwaliteit van pinda's te verbeteren .<\/li>    <li><strong>Water geven<\/strong>: Onze machine kan ook bewateringswerkzaamheden uitvoeren om een \u200b\u200bsoepele worteling en kieming van het zaad in vochtige grond te garanderen, waardoor er voldoende water is voor de groei van pinda's.<\/li> <\/ul>    <figure class=\"wp-block-gallery aligncenter has-nested-images columns-default is-cropped wp-block-gallery-2 is-layout-flex wp-block-gallery-is-layout-flex\"> <figure class=\"wp-block-image size-large\"><img loading=\"lazy\" decoding=\"async\" width=\"720\" height=\"540\" data-id=\"6165\" src=\"https:\/\/taizyagromachine.com\/wp-content\/uploads\/2022\/01\/normal-type-mounted-peanut-planter-for-tractor.webp\" alt=\"Normaal gemonteerde pindaplanter voor tractor\" class=\"wp-image-6165\"\/><figcaption class=\"wp-element-caption\">Normaal gemonteerde pindaplanter voor tractor<\/figcaption><\/figure>    <figure class=\"wp-block-image size-large\"><img loading=\"lazy\" decoding=\"async\" width=\"720\" height=\"540\" data-id=\"6166\" src=\"https:\/\/taizyagromachine.com\/wp-content\/uploads\/2022\/01\/peanut-seed-drill-planter-with-rigiding-function.webp\" alt=\"pindazaaimachine planter met verstevigingsfunctie\" class=\"wp-image-6166\"\/><figcaption class=\"wp-element-caption\">pindazaaimachine planter met verstevigingsfunctie<\/figcaption><\/figure> <\/figure>    <figure class=\"wp-block-gallery aligncenter has-nested-images columns-default is-cropped wp-block-gallery-3 is-layout-flex wp-block-gallery-is-layout-flex\"> <figure class=\"wp-block-image size-large\"><img loading=\"lazy\" decoding=\"async\" width=\"720\" height=\"540\" data-id=\"6167\" src=\"https:\/\/taizyagromachine.com\/wp-content\/uploads\/2022\/01\/groundnut-planter-with-watering-and-mulching.webp\" alt=\"Aardnotenplanter met water geven en mulchen\" class=\"wp-image-6167\"\/><figcaption class=\"wp-element-caption\">Aardnotenplanter met water geven en mulchen<\/figcaption><\/figure>    <figure class=\"wp-block-image size-large\"><img loading=\"lazy\" decoding=\"async\" width=\"720\" height=\"540\" data-id=\"6168\" src=\"https:\/\/taizyagromachine.com\/wp-content\/uploads\/2022\/01\/groundnut-sowing-machine-with-rigiding-and-baffle.webp\" alt=\"Aardnotenzaaimachine met versteviging en schot\" class=\"wp-image-6168\"\/><figcaption class=\"wp-element-caption\">Aardnotenzaaimachine met versteviging en schot<\/figcaption><\/figure> <\/figure>    <h2 class=\"wp-block-heading\" id=\"characteristics-pf-peanut-sowing-machine-for-sale\"><strong>Kenmerken van de aardnotenzaaimachine te koop <\/strong><\/h2>    <ul class=\"wp-block-list\"> <li>Grote ontwerpruimte. De aardnotenzaaimachine is verkrijgbaar met rug- en vlakzaaimogelijkheden.\u00a0De aardnotenteeltmachine kan ook in stoppelvelden worden ingezet.<\/li>    <li>Functies toegevoegd. Deze machine kan ook de hoes met folie en water toevoegen.<\/li>    <li>Aanpassing van de installatieruimte. De fabrieksruimte kan worden aangepast door de snelheid van de regelaar aan te passen.<\/li>    <li>Voor het uitvoeren van pindazaaiwerkzaamheden moet de pindaplantmachine aan de tractor worden gekoppeld.<\/li>    <li>Betrouwbare werking, minder onderhoudstijd, hoog rendement en lange levensduur.<\/li> <\/ul>    <figure class=\"wp-block-gallery has-nested-images columns-default is-cropped wp-block-gallery-4 is-layout-flex wp-block-gallery-is-layout-flex\"> <figure class=\"wp-block-image size-full\"><img loading=\"lazy\" decoding=\"async\" width=\"720\" height=\"540\" data-id=\"1864\" src=\"https:\/\/taizyagromachine.com\/wp-content\/uploads\/2022\/01\/ridge.jpg\" alt=\"nok van een aardnotenzaaimachine\" class=\"wp-image-1864\"\/><figcaption class=\"wp-element-caption\">nok<\/figcaption><\/figure>    <figure class=\"wp-block-image size-full\"><img loading=\"lazy\" decoding=\"async\" width=\"720\" height=\"540\" data-id=\"1865\" src=\"https:\/\/taizyagromachine.com\/wp-content\/uploads\/2022\/01\/governor.jpg\" alt=\"gouverneur\" class=\"wp-image-1865\"\/><figcaption class=\"wp-element-caption\">gouverneur<\/figcaption><\/figure> <\/figure>    <h2 class=\"wp-block-heading\" id=\"advantages-of-groundnut-seeder-machine\"><strong>Voordelen van de aardnotenzaaimachine<\/strong><\/h2>    <ol class=\"wp-block-list\" style=\"list-style-type:1\"> <li>Eerst aanaarden kan een consistente zaaddiepte en snelle kieming garanderen.<\/li>    <li>Vergeleken met traditionele modellen kan de aardnotenzaaimachine de kiemkracht garanderen en de gemiddelde opbrengst verhogen.<\/li>    <li>Keur 65# goed <a href=\"https:\/\/en.wikipedia.org\/wiki\/Mangalloy\" target=\"_blank\" rel=\"noreferrer noopener\">mangaan staal<\/a>, dat een hoge hardheid en goede slijtvastheid heeft.<\/li>    <li>Het zaaiapparaat is nauwkeuriger voor het zaaien, uniforme zaden, minder rotte zaden en gegarandeerde plantruimte.&nbsp;<\/li> <\/ol>    <h2 class=\"wp-block-heading\" id=\"peanut-planter-design\"><strong>P<\/strong><strong>noot <\/strong><strong>P<\/strong><strong>lanter <\/strong><strong>D<\/strong><strong>ontwerp<\/strong><strong><\/strong><\/h2>    <p class=\"translation-block\">Als <a href=\"https:\/\/taizyagromachine.com\/nl\/about-us\/\" target=\"_blank\" rel=\"noreferrer noopener\">een van de toonaangevende agro-machinebedrijven<\/a>, heeft onze pinda planter machine te koop een redelijke structuur. De grondboon zaaimachine heeft een meststofbak en zaadbak, dus bemesten en zaaien tegelijkertijd. Het ruggen-makende apparaat dient om ruggen te maken om het zaaien van pinda zaden te vergemakkelijken.<\/p>   <div class=\"wp-block-image\"> <figure class=\"aligncenter size-full\"><img loading=\"lazy\" decoding=\"async\" width=\"720\" height=\"540\" src=\"https:\/\/taizyagromachine.com\/wp-content\/uploads\/2022\/01\/structure-of-4-row-peanut-planter.jpg\" alt=\"structuur van een 4-rijige pindaplanter\" class=\"wp-image-1863\"\/><figcaption class=\"wp-element-caption\">structuur van een 4-rijige pindaplanter<\/figcaption><\/figure> <\/div>   <h2 class=\"wp-block-heading\" id=\"working-process-of-peanut-sowing-machine\"><strong>Werkproces van arachidezaadzaaimachine<\/strong><\/h2>    <p>Na montage op de trekker gaat de aardnotenplantmachine aan de slag. Het proces is heel eenvoudig: eerst bemesten, dan zaaien en als laatste aanaarden.<\/p>    <p>Vanaf het planten van het aardnotenzaad en het kweken tot aan de oogst werkt de pindazaaimachine in eerste instantie. Het is dus belangrijk om de aardnotenzaadplanter te leren.<\/p>   <div class=\"wp-block-image\"> <figure class=\"aligncenter size-full\"><img loading=\"lazy\" decoding=\"async\" width=\"720\" height=\"540\" src=\"https:\/\/taizyagromachine.com\/wp-content\/uploads\/2022\/01\/peanut-seedinggrowing-and-harvesting.jpg\" alt=\"pinda zaaien, groeien en oogsten\" class=\"wp-image-1861\"\/><figcaption class=\"wp-element-caption\">pinda's zaaien, groeien en oogsten<\/figcaption><\/figure> <\/div>   <h2 class=\"wp-block-heading\"><strong>Wereldwijde gevallen van Taizy-aardnootzaadplanter <\/strong><\/h2>    <h3 class=\"wp-block-heading\" id=\"successful-case-4-row-peanut-planter-exported-to-myanmar\"><strong>Succesvol geval: 4-rijige aardnotenplanter ge\u00ebxporteerd naar Myanmar<\/strong><\/h3>    <p class=\"translation-block\">Dit jaar ontving onze verkoopmanager Coco een aanvraag uit <a href=\"https:\/\/en.wikipedia.org\/wiki\/Myanmar\" target=\"_blank\" rel=\"noreferrer noopener\">Myanmar<\/a> voor de grondboon zaaimachine. Een klant in Myanmar heeft een stuk land, dus hij wilde een grondboon zaaimachine kopen voor de landbouw. Na informeren naar zijn budget en landbouwbehoeften, raadde Coco de pinda zaaimachine met vier rijen ruggen aan. De klant uit Myanmar besloot om bij ons bedrijf te kopen. Beide partijen hebben de machines \u00e9\u00e9n voor \u00e9\u00e9n bevestigd en de overeenkomst afgerond. Na ontvangst van de machine stuurde hij goede feedback naar ons en prees onze machines.<\/p>   <div class=\"wp-block-image\"> <figure class=\"aligncenter size-full\"><img loading=\"lazy\" decoding=\"async\" width=\"720\" height=\"540\" src=\"https:\/\/taizyagromachine.com\/wp-content\/uploads\/2022\/01\/Myanmar-customized-4-row-geoundnut-seeder.jpg\" alt=\"op maat gemaakte 4-rijige aardnotenzaaimachine voor klant uit Myanmar\" class=\"wp-image-1862\"\/><figcaption class=\"wp-element-caption\"> op maat gemaakte 4-rijige aardnotenzaaimachine voor klant uit Myanmar<\/figcaption><\/figure> <\/div>   <h3 class=\"wp-block-heading\"><strong>Succesvolle Stroy: 6-rijige pindaplanter verkocht naar Denemarken<\/strong><\/h3>    <p>Onlangs is met succes een ultramoderne 6-rijige aardnotenzaaimachine naar Denemarken ge\u00ebxporteerd, die moderne oplossingen biedt voor de lokale landbouwproductie. Met zijn effici\u00ebnte 6-rijige gelijktijdig plantfunctie biedt deze plantmachine een snellere en handiger optie voor het planten van pinda's in Denemarken. De geavanceerde technologie verbetert niet alleen de planteffici\u00ebntie, maar stelt Deense boeren ook in staat zich beter aan te passen aan de lokale plantomgeving. <\/p>    <figure class=\"wp-block-gallery aligncenter has-nested-images columns-default is-cropped wp-block-gallery-5 is-layout-flex wp-block-gallery-is-layout-flex\"> <figure class=\"wp-block-image size-large\"><img loading=\"lazy\" decoding=\"async\" width=\"720\" height=\"540\" data-id=\"6160\" src=\"https:\/\/taizyagromachine.com\/wp-content\/uploads\/2022\/01\/6-row-groundnut-planter-for-sale.webp\" alt=\"6-rijige aardnotenplanter te koop\" class=\"wp-image-6160\"\/><figcaption class=\"wp-element-caption\">6-rijige aardnotenplanter te koop<\/figcaption><\/figure>    <figure class=\"wp-block-image size-large\"><img loading=\"lazy\" decoding=\"async\" width=\"720\" height=\"540\" data-id=\"6161\" src=\"https:\/\/taizyagromachine.com\/wp-content\/uploads\/2022\/01\/customized-peanut-planter-equipment.webp\" alt=\"op maat gemaakte apparatuur voor het planten van pinda&#039;s\" class=\"wp-image-6161\"\/><figcaption class=\"wp-element-caption\">op maat gemaakte apparatuur voor het planten van pinda's<\/figcaption><\/figure> <\/figure>    <figure class=\"wp-block-gallery aligncenter has-nested-images columns-default is-cropped wp-block-gallery-6 is-layout-flex wp-block-gallery-is-layout-flex\"> <figure class=\"wp-block-image size-large\"><img loading=\"lazy\" decoding=\"async\" width=\"720\" height=\"540\" data-id=\"6163\" src=\"https:\/\/taizyagromachine.com\/wp-content\/uploads\/2022\/01\/package-groundnut-sowing-machine-in-wooden-cases.webp\" alt=\"pakket aardnotenzaaimachine in houten kisten\" class=\"wp-image-6163\"\/><figcaption class=\"wp-element-caption\">pakket aardnotenzaaimachine in houten kisten<\/figcaption><\/figure>    <figure class=\"wp-block-image size-large\"><img loading=\"lazy\" decoding=\"async\" width=\"720\" height=\"540\" data-id=\"6162\" src=\"https:\/\/taizyagromachine.com\/wp-content\/uploads\/2022\/01\/export-6-row-peanut-planter-to-Denmark.webp\" alt=\"export 6-rijige pindaplanter naar Denemarken\" class=\"wp-image-6162\"\/><figcaption class=\"wp-element-caption\">export 6-rijige pindaplanter naar Denemarken<\/figcaption><\/figure> <\/figure>    <p>Dit exportevenement is niet alleen een grensoverschrijdende uitwisseling van landbouwmachinetechnologie, maar ook een positieve bijdrage aan de modernisering van de Deense landbouw, waardoor meer geavanceerde zaaiinstrumenten voor de lokale landbouw worden ge\u00efntroduceerd.<\/p>    <h2 class=\"wp-block-heading\"><strong>Video van de aardnotenzaaimachine van Taizy<\/strong><\/h2>    <figure class=\"wp-block-embed is-type-video is-provider-youtube wp-block-embed-youtube wp-embed-aspect-16-9 wp-has-aspect-ratio\"><div class=\"wp-block-embed__wrapper\"> <iframe loading=\"lazy\" title=\"Pindaplanter-aardnootplantmachine met meerdere rijen van Taizy 2023 #planter #peanut #agricultural\" width=\"500\" height=\"281\" src=\"https:\/\/www.youtube.com\/embed\/rTrY3IFrM9Y?feature=oembed\" frameborder=\"0\" allow=\"accelerometer; autoplay; clipboard-write; encrypted-media; gyroscope; picture-in-picture; web-share\" referrerpolicy=\"strict-origin-when-cross-origin\" allowfullscreen><\/iframe> <\/div><\/figure>","protected":false},"excerpt":{"rendered":"<p>Groundnut sowing machine&nbsp;is designed for groundnuts planting in the sandy land, wheat stubble land, and soft lands(no stones). The groundnut planter should work with the tractor of 40-70HP, adopting a 3-linkage suspension. Because the peanut planter itself has no power to drive. The peanut seeder has advantages of precision planting, high efficiency, and stable performance. [&hellip;]<\/p>\n","protected":false},"author":1,"featured_media":2164,"parent":0,"template":"","tags":[154,45,46,149,40,39,42,152,151,43,153,44,150],"product-type":[21],"class_list":["post-1858","product","type-product","status-publish","has-post-thumbnail","hentry","tag-2-row-peanut-planter","tag-4-row-groundnut-sowing-machine","tag-4-row-peanut-sowing-machine","tag-double-row-planter","tag-groundnut-planter","tag-groundnut-sowing-machine","tag-peanut-planter","tag-peanut-planter-equipment","tag-peanut-planter-machine","tag-peanut-planting-machine","tag-peanut-seed-planter","tag-peanut-sowing-machine","tag-twin-row-peanut-planter-for-sale","product-type-peanut-machine"],"_links":{"self":[{"href":"https:\/\/taizyagromachine.com\/nl\/wp-json\/wp\/v2\/product\/1858","targetHints":{"allow":["GET"]}}],"collection":[{"href":"https:\/\/taizyagromachine.com\/nl\/wp-json\/wp\/v2\/product"}],"about":[{"href":"https:\/\/taizyagromachine.com\/nl\/wp-json\/wp\/v2\/types\/product"}],"author":[{"embeddable":true,"href":"https:\/\/taizyagromachine.com\/nl\/wp-json\/wp\/v2\/users\/1"}],"wp:featuredmedia":[{"embeddable":true,"href":"https:\/\/taizyagromachine.com\/nl\/wp-json\/wp\/v2\/media\/2164"}],"wp:attachment":[{"href":"https:\/\/taizyagromachine.com\/nl\/wp-json\/wp\/v2\/media?parent=1858"}],"wp:term":[{"taxonomy":"post_tag","embeddable":true,"href":"https:\/\/taizyagromachine.com\/nl\/wp-json\/wp\/v2\/tags?post=1858"},{"taxonomy":"product-type","embeddable":true,"href":"https:\/\/taizyagromachine.com\/nl\/wp-json\/wp\/v2\/product-type?post=1858"}],"curies":[{"name":"wp","href":"https:\/\/api.w.org\/{rel}","templated":true}]}}