{"id":2002,"date":"2022-02-10T08:13:22","date_gmt":"2022-02-10T08:13:22","guid":{"rendered":"https:\/\/taizyagromachine.com\/"},"modified":"2025-04-27T14:16:30","modified_gmt":"2025-04-27T06:16:30","slug":"two-wheel-drive-walking-type-tractor","status":"publish","type":"product","link":"https:\/\/taizyagromachine.com\/nl\/product\/two-wheel-drive-walking-type-tractor\/","title":{"rendered":"Wandeltractor met tweewielaandrijving"},"content":{"rendered":"<p class=\"translation-block\"><strong>Loopmaaier tractor<\/strong> is een essenti\u00eble 2-wielige landbouw loopmaaier, die vele verschillende werktuigen kan aandrijven. De loopmaaier tractor levert de krachtbronnen en wordt wereldwijd veel gebruikt. De hand tractor heeft de voordelen van multifunctioneel, eenvoudige bediening en een compacte structuur. Bovendien kan deze loopmaaier tractor worden gecombineerd met verschillende uitrustingen, zoals een ploeg, eg, <a href=\"https:\/\/cornmachines.com\/corn-planter-machine\/\" target=\"_blank\" rel=\"noreferrer noopener\">zaaimachine<\/a>, waterpomp, enz. De accessoires voor de loopmaaier tractor kunnen divers zijn. Vanwege de economische prijs wordt de tweewielige tractor goed ontvangen in Zuid-Afrika, Mauritius, Amerika, Zimbabwe, Oeganda, enz. Als u interesse heeft, neem dan op elk moment contact met ons op.<\/p>    <h2 class=\"wp-block-heading\" id=\"features-of-walking-type-tractor\"><strong>Kenmerken van de lopende tractor<\/strong><strong><\/strong><\/h2>    <ul class=\"wp-block-list\"> <li>Eenvoudige structuur, goede kwaliteit, stabiele prestaties.<\/li>    <li>Concurrerende prijs in de markt. De prijs van een looptractor is betaalbaar voor mensen in de meeste landen, zoals Kenia.<\/li>    <li>Meerdere functies. Deze tweewielige tractor kan met de verschillende soorten machines werken om sloten, zaaien, nokken, oogsten, etc. te realiseren.<\/li>    <li>Ge\u00ebxporteerd naar vele landen en regio's. Vanwege de prijssterkte wordt deze lopende handtrekker veelvuldig naar Afrika ge\u00ebxporteerd. Zoals Lesotho, Ghana, Zuid-Afrika, Kenia, Zimbabwe, Nigeria, Jemen, Somali\u00eb, Botswana, enz.<\/li>    <li>Sterke uitvoerbaarheid. Deze landbouwtractor cre\u00ebert veel gemakkelijkere omstandigheden voor mensen die zich in een slechte situatie bevinden.<\/li> <\/ul>    <h2 class=\"wp-block-heading\" id=\"working-video-of-walking-type-tractor-implements\"><strong>Werkvideo van lopende tractorwerktuigen<\/strong><\/h2>    <p>Deze kleine en eenvoudige looptractor heeft veel mogelijkheden op basis van de eisen van klanten. Onderstaande video laat voldoende verschillende mogelijkheden en functies zien.<\/p>    <figure class=\"wp-block-embed is-type-video is-provider-youtube wp-block-embed-youtube\"><div class=\"wp-block-embed__wrapper\"> <iframe loading=\"lazy\" title=\"Lopende tractor | handtrekker | tweewielige looptractor | achterlooptractor met dieselinrichting\" width=\"500\" height=\"281\" src=\"https:\/\/www.youtube.com\/embed\/TQMlzGjxFTs?feature=oembed\" frameborder=\"0\" allow=\"accelerometer; autoplay; clipboard-write; encrypted-media; gyroscope; picture-in-picture; web-share\" referrerpolicy=\"strict-origin-when-cross-origin\" allowfullscreen><\/iframe> <\/div><\/figure>    <h2 class=\"wp-block-heading\" id=\"functional-diversification-of-walking-tractor\"><strong>Functionele diversificatie van de lopende tractor<\/strong><strong><\/strong><\/h2>    <p class=\"translation-block\">Omdat deze tweewielige tractor alleen de krachtbron levert, kan deze worden gecombineerd met veel landbouwmachines om verschillende functies te bereiken. Bijvoorbeeld, een loopmaaier tractor met een ploeg kan het land bewerken voor de volgende teelt. De hand tractor met zaaimachine, zoals een ma\u00efszaaimachine, <a href=\"https:\/\/taizyagromachine.com\/nl\/product\/wheat-planter\/\" target=\"_blank\" rel=\"noreferrer noopener\">tarwezaaimachine<\/a> kan tegelijkertijd zaaien en bemesten. Ook kan de loopmaaier tractor met een aanhanger items laden. Bovendien kan het gewone wielen vervangen door rijstwiel-wielen voor rijstvelden. Kortom, deze 2-wielige tractor kan meerdere functies bereiken in combinatie met de vele machines. Wij zien uw aanvraag graag tegemoet!<\/p>    <figure class=\"wp-block-gallery has-nested-images columns-default is-cropped wp-block-gallery-2 is-layout-flex wp-block-gallery-is-layout-flex\"> <figure class=\"wp-block-image size-large\"><img loading=\"lazy\" decoding=\"async\" width=\"720\" height=\"540\" data-id=\"2008\" src=\"https:\/\/taizyagromachine.com\/wp-content\/uploads\/2022\/02\/2-wheel-tractor-with-corn-planter.jpg\" alt=\"2-wielige tractor met maisplanter\" class=\"wp-image-2008\" srcset=\"https:\/\/taizyagromachine.com\/wp-content\/uploads\/2022\/02\/2-wheel-tractor-with-corn-planter.jpg 720w, https:\/\/taizyagromachine.com\/wp-content\/uploads\/2022\/02\/2-wheel-tractor-with-corn-planter-300x225.jpg 300w\" sizes=\"auto, (max-width: 720px) 100vw, 720px\" \/><figcaption class=\"wp-element-caption\">2-wielige tractor met maisplanter<\/figcaption><\/figure>    <figure class=\"wp-block-image size-large\"><img loading=\"lazy\" decoding=\"async\" width=\"720\" height=\"540\" data-id=\"2011\" src=\"https:\/\/taizyagromachine.com\/wp-content\/uploads\/2022\/02\/walk-behind-tractor-with-wheat-planter.jpg\" alt=\"achterlooptractor met tarweplanter\" class=\"wp-image-2011\" srcset=\"https:\/\/taizyagromachine.com\/wp-content\/uploads\/2022\/02\/walk-behind-tractor-with-wheat-planter.jpg 720w, https:\/\/taizyagromachine.com\/wp-content\/uploads\/2022\/02\/walk-behind-tractor-with-wheat-planter-300x225.jpg 300w\" sizes=\"auto, (max-width: 720px) 100vw, 720px\" \/><figcaption class=\"wp-element-caption\">achterlooptractor met tarweplanter<\/figcaption><\/figure>    <figure class=\"wp-block-image size-large\"><img loading=\"lazy\" decoding=\"async\" width=\"720\" height=\"540\" data-id=\"2013\" src=\"https:\/\/taizyagromachine.com\/wp-content\/uploads\/2022\/02\/walking-trator-trailer.jpg\" alt=\"loop-type-trator-trailer\" class=\"wp-image-2013\" srcset=\"https:\/\/taizyagromachine.com\/wp-content\/uploads\/2022\/02\/walking-trator-trailer.jpg 720w, https:\/\/taizyagromachine.com\/wp-content\/uploads\/2022\/02\/walking-trator-trailer-300x225.jpg 300w\" sizes=\"auto, (max-width: 720px) 100vw, 720px\" \/><figcaption class=\"wp-element-caption\">aanhangwagen<\/figcaption><\/figure> <\/figure>    <figure class=\"wp-block-gallery has-nested-images columns-default is-cropped wp-block-gallery-3 is-layout-flex wp-block-gallery-is-layout-flex\"> <figure class=\"wp-block-image size-large\"><img loading=\"lazy\" decoding=\"async\" width=\"720\" height=\"540\" data-id=\"2014\" src=\"https:\/\/taizyagromachine.com\/wp-content\/uploads\/2022\/02\/electric-start-device-walking-tractor.jpg\" alt=\"elektrische startapparaat-looptractor\" class=\"wp-image-2014\" srcset=\"https:\/\/taizyagromachine.com\/wp-content\/uploads\/2022\/02\/electric-start-device-walking-tractor.jpg 720w, https:\/\/taizyagromachine.com\/wp-content\/uploads\/2022\/02\/electric-start-device-walking-tractor-300x225.jpg 300w\" sizes=\"auto, (max-width: 720px) 100vw, 720px\" \/><figcaption class=\"wp-element-caption\">elektrische startapparaat-looptractor<\/figcaption><\/figure>    <figure class=\"wp-block-image size-large\"><img loading=\"lazy\" decoding=\"async\" width=\"720\" height=\"540\" data-id=\"2012\" src=\"https:\/\/taizyagromachine.com\/wp-content\/uploads\/2022\/02\/water-pump-hand-tractor.jpg\" alt=\"waterpomp\" class=\"wp-image-2012\" srcset=\"https:\/\/taizyagromachine.com\/wp-content\/uploads\/2022\/02\/water-pump-hand-tractor.jpg 720w, https:\/\/taizyagromachine.com\/wp-content\/uploads\/2022\/02\/water-pump-hand-tractor-300x225.jpg 300w\" sizes=\"auto, (max-width: 720px) 100vw, 720px\" \/><figcaption class=\"wp-element-caption\">waterpomp<\/figcaption><\/figure> <\/figure>    <h2 class=\"wp-block-heading\" id=\"walking-tractor-attachments\">Lopende tractorhulpstukken<\/h2>    <p>Als professionele fabrikant en leverancier van agromachines hebben wij diverse collocaties om u te laten zien.<\/p>    <h3 class=\"wp-block-heading\" id=\"walking-type-tractor-with-rovatator\">Looptractor met rotovator<\/h3>    <p>Wanneer deze twee samenwerken, is het geschikt voor de waterrijke velden en tot droge gebieden. Ook kunnen we op de foto duidelijk zien dat er een stoelontwerp is om comfortabele omstandigheden voor gebruikers te cre\u00ebren.<\/p>   <div class=\"wp-block-image\"> <figure class=\"aligncenter size-full\"><img loading=\"lazy\" decoding=\"async\" width=\"720\" height=\"540\" src=\"https:\/\/taizyagromachine.com\/wp-content\/uploads\/2022\/02\/walking-type-tractor-with-rotavator.jpg\" alt=\"looptractor met rotovator\" class=\"wp-image-2006\" srcset=\"https:\/\/taizyagromachine.com\/wp-content\/uploads\/2022\/02\/walking-type-tractor-with-rotavator.jpg 720w, https:\/\/taizyagromachine.com\/wp-content\/uploads\/2022\/02\/walking-type-tractor-with-rotavator-300x225.jpg 300w\" sizes=\"auto, (max-width: 720px) 100vw, 720px\" \/><figcaption class=\"wp-element-caption\">looptractor met rotovator<\/figcaption><\/figure> <\/div>   <h3 class=\"wp-block-heading\" id=\"2-wheel-drive-tractor-with-double-disc-plough\">2 wiel aangedreven trekker met dubbele schijvenploeg<\/h3>    <p>Dubbele schijvenploeg is voornamelijk bedoeld om de droge gebieden te bewerken. Deze combinatie heeft de voordelen van eenvoudige bediening, hoge snelheid en hoog rendement.<\/p>   <div class=\"wp-block-image\"> <figure class=\"aligncenter size-full\"><img loading=\"lazy\" decoding=\"async\" width=\"720\" height=\"540\" src=\"https:\/\/taizyagromachine.com\/wp-content\/uploads\/2022\/02\/2-wheel-rive-tractor-with-double-disc-plough.jpg\" alt=\"2 wiel aangedreven trekker met dubbele schijvenploeg\" class=\"wp-image-2007\" srcset=\"https:\/\/taizyagromachine.com\/wp-content\/uploads\/2022\/02\/2-wheel-rive-tractor-with-double-disc-plough.jpg 720w, https:\/\/taizyagromachine.com\/wp-content\/uploads\/2022\/02\/2-wheel-rive-tractor-with-double-disc-plough-300x225.jpg 300w\" sizes=\"auto, (max-width: 720px) 100vw, 720px\" \/><figcaption class=\"wp-element-caption\">2 wiel aangedreven trekker met dubbele schijvenploeg<\/figcaption><\/figure> <\/div>   <h3 class=\"wp-block-heading\" id=\"hand-tractor-with-double-plough\">Handtrekker met dubbele ploeg<\/h3>    <p>De handtractor met dubbele ploeg wordt op de droge velden veel gebruikt voor het keren van de grond en het losmaken van de grond.<\/p>   <div class=\"wp-block-image\"> <figure class=\"aligncenter size-full\"><img loading=\"lazy\" decoding=\"async\" width=\"720\" height=\"540\" src=\"https:\/\/taizyagromachine.com\/wp-content\/uploads\/2022\/02\/hand-tractor-with-double-plough.jpg\" alt=\"handtrekker met dubbele ploeg\" class=\"wp-image-2009\" srcset=\"https:\/\/taizyagromachine.com\/wp-content\/uploads\/2022\/02\/hand-tractor-with-double-plough.jpg 720w, https:\/\/taizyagromachine.com\/wp-content\/uploads\/2022\/02\/hand-tractor-with-double-plough-300x225.jpg 300w\" sizes=\"auto, (max-width: 720px) 100vw, 720px\" \/><figcaption class=\"wp-element-caption\">handtrekker met dubbele ploeg<\/figcaption><\/figure> <\/div>   <h3 class=\"wp-block-heading\" id=\"two-wheel-drive-tractor-with-paddy-wheel\">Tweewielaangedreven tractor met rijstwiel<\/h3>    <p>Dit type looptractor met het rijstwiel is voornamelijk bedoeld voor de rijstvelden. Dit rijstwiel is handig om door de waterige velden te lopen, niet om vast te zitten in het land.<\/p>   <div class=\"wp-block-image\"> <figure class=\"aligncenter size-full\"><img loading=\"lazy\" decoding=\"async\" width=\"720\" height=\"540\" src=\"https:\/\/taizyagromachine.com\/wp-content\/uploads\/2022\/02\/two-whell-drive-tractor-with-paddy-wheel.jpg\" alt=\"tweewielaangedreven tractor met rijstwiel\" class=\"wp-image-2010\" srcset=\"https:\/\/taizyagromachine.com\/wp-content\/uploads\/2022\/02\/two-whell-drive-tractor-with-paddy-wheel.jpg 720w, https:\/\/taizyagromachine.com\/wp-content\/uploads\/2022\/02\/two-whell-drive-tractor-with-paddy-wheel-300x225.jpg 300w\" sizes=\"auto, (max-width: 720px) 100vw, 720px\" \/><figcaption class=\"wp-element-caption\">tweewielaangedreven tractor met rijstwiel<\/figcaption><\/figure> <\/div>   <h2 class=\"wp-block-heading\" id=\"successful-case-hand-tractor-exported-to-mauritius-and-south-africa\"><strong>Succesvolle casus: handtractor ge\u00ebxporteerd naar Mauritius en Zuid-Afrika<\/strong><strong><\/strong><\/h2>    <p>Eigenlijk is deze achterlooptractor erg populair in de wereld. Door de eenvoud heeft een tweewielige trekker de prijssterkte. Bovendien heeft het meerdere functies met verschillende machines. Het heeft dus brede markten. Onze salesmanager Coco kreeg uitnodigingen voor offertes uit respectievelijk Mauritius en Zuid-Afrika. Omdat looptractoren kunnen worden gebruikt als krachtbron en met verschillende machines kunnen werken, bestelden klanten in Mauritius en Zuid-Afrika niet alleen handtractoren, maar ook waterpompen, ploegen, aanaarders, rijstwielen, elektrische vuurstarters, enz. We verpakten de machines in houten kisten, laadde ze in de container en exporteerde ze over zee naar Mauritius en Zuid-Afrika. Welkom om ons te contacteren voor meer informatie!<\/p>   <div class=\"wp-block-image\"> <figure class=\"aligncenter size-full\"><img loading=\"lazy\" decoding=\"async\" width=\"720\" height=\"540\" src=\"https:\/\/taizyagromachine.com\/wp-content\/uploads\/2022\/02\/pack-walking-tractor-into-wooden-cases.jpg\" alt=\"verpak de handtractor in houten kisten\" class=\"wp-image-2004\" srcset=\"https:\/\/taizyagromachine.com\/wp-content\/uploads\/2022\/02\/pack-walking-tractor-into-wooden-cases.jpg 720w, https:\/\/taizyagromachine.com\/wp-content\/uploads\/2022\/02\/pack-walking-tractor-into-wooden-cases-300x225.jpg 300w\" sizes=\"auto, (max-width: 720px) 100vw, 720px\" \/><figcaption class=\"wp-element-caption\">Laad de handtractor in houten kisten naar een container<\/figcaption><\/figure> <\/div>   <figure class=\"wp-block-embed is-type-video is-provider-youtube wp-block-embed-youtube wp-embed-aspect-16-9 wp-has-aspect-ratio\"><div class=\"wp-block-embed__wrapper\"> <iframe loading=\"lazy\" title=\"Handlooptractor met oogstmachine voor het oogsten van pinda&#039;s en aardappelen | Oogstmachines voor pinda&#039;s\" width=\"500\" height=\"281\" src=\"https:\/\/www.youtube.com\/embed\/DzLEq9Kn4m4?feature=oembed\" frameborder=\"0\" allow=\"accelerometer; autoplay; clipboard-write; encrypted-media; gyroscope; picture-in-picture; web-share\" referrerpolicy=\"strict-origin-when-cross-origin\" allowfullscreen><\/iframe> <\/div><figcaption class=\"wp-element-caption\">video van handtractor met oogstmachine<\/figcaption><\/figure>","protected":false},"excerpt":{"rendered":"<p>Walking type tractor&nbsp;is an essential 2 wheel farm walking tractor, capable of operating many different implements. Walk-behind tractor supplies the power sources, widely used worldwide. The hand tractor has advantages of multi functions, easy operation, compact structure. Besides, this walking tractor can match with the different equipment, like plough, ridger, planter, water pump, etc. The [&hellip;]<\/p>\n","protected":false},"author":1,"featured_media":2159,"parent":0,"template":"","tags":[],"product-type":[22],"class_list":["post-2002","product","type-product","status-publish","has-post-thumbnail","hentry","product-type-others"],"_links":{"self":[{"href":"https:\/\/taizyagromachine.com\/nl\/wp-json\/wp\/v2\/product\/2002","targetHints":{"allow":["GET"]}}],"collection":[{"href":"https:\/\/taizyagromachine.com\/nl\/wp-json\/wp\/v2\/product"}],"about":[{"href":"https:\/\/taizyagromachine.com\/nl\/wp-json\/wp\/v2\/types\/product"}],"author":[{"embeddable":true,"href":"https:\/\/taizyagromachine.com\/nl\/wp-json\/wp\/v2\/users\/1"}],"wp:featuredmedia":[{"embeddable":true,"href":"https:\/\/taizyagromachine.com\/nl\/wp-json\/wp\/v2\/media\/2159"}],"wp:attachment":[{"href":"https:\/\/taizyagromachine.com\/nl\/wp-json\/wp\/v2\/media?parent=2002"}],"wp:term":[{"taxonomy":"post_tag","embeddable":true,"href":"https:\/\/taizyagromachine.com\/nl\/wp-json\/wp\/v2\/tags?post=2002"},{"taxonomy":"product-type","embeddable":true,"href":"https:\/\/taizyagromachine.com\/nl\/wp-json\/wp\/v2\/product-type?post=2002"}],"curies":[{"name":"wp","href":"https:\/\/api.w.org\/{rel}","templated":true}]}}