{"id":2030,"date":"2022-02-14T03:22:31","date_gmt":"2022-02-14T03:22:31","guid":{"rendered":"https:\/\/taizyagromachine.com\/"},"modified":"2025-12-18T15:04:00","modified_gmt":"2025-12-18T07:04:00","slug":"single-row-corn-harvester","status":"publish","type":"product","link":"https:\/\/taizyagromachine.com\/nl\/product\/single-row-corn-harvester\/","title":{"rendered":"Eenrijige ma\u00efskolvenplukker"},"content":{"rendered":"<p class=\"translation-block\"><strong>Enkel rij maize-oogstmachine<\/strong> is self- propelled maize reaping equipment, mostly used in the small cornfields in small land blocks, mountainous regions, hilly grounds. It\u2019s small maize harvester, powered by diesel engine or gasoline engine. Besides, the one-row corn picker has functions of corn picking and stalks crushing. The crushed stalks get back to the field. <\/p>    <p class=\"translation-block\">Ook de stobhoogte van de ma\u00efsstokken is aanpasbaar op basis van uw wensen. Wat nog meer, het oogstgedeelte van deze machine is onafhankelijk ontworpen, kan worden verwijderd. En het resterende deel kan worden gebruikt als een micro-ploegmachine. Na het ma\u00efs oogsten kunt u <a href=\"https:\/\/taizyagromachine.com\/nl\/corn-machine\/maize-thresher\/\" target=\"_blank\" rel=\"noreferrer noopener\">ma\u00efs scheider<\/a> gebruiken om ma\u00efskorrels te krijgen. Heeft u interesse in deze ma\u00efsobber? Neem zo snel mogelijk contact met ons op!<\/p>    <h2 class=\"wp-block-heading\" id=\"structure-of-one-row-maize-harvester-for-sale\"><strong>Structuur van \u00e9\u00e9n rij ma\u00efsoogstmachine te koop<\/strong><\/h2>    <p>Om eerlijk te zijn, heeft deze eenrijige ma\u00efs oogstmachine een eenvoudige en compacte structuur. Het heeft een armsteun om de machine te bedienen. Ook kunnen we uit de structuur opmaken dat het gemakkelijk te bedienen is en zeer gebruiksvriendelijk.<\/p>   <div class=\"wp-block-image\"> <figure class=\"aligncenter size-full\"><img loading=\"lazy\" decoding=\"async\" width=\"720\" height=\"540\" src=\"https:\/\/taizyagromachine.com\/wp-content\/uploads\/2022\/02\/structure-1-row-corn-harvester.jpg\" alt=\"structuur-enkele rij ma\u00efskolvenplukker\" class=\"wp-image-2037\" srcset=\"https:\/\/taizyagromachine.com\/wp-content\/uploads\/2022\/02\/structure-1-row-corn-harvester.jpg 720w, https:\/\/taizyagromachine.com\/wp-content\/uploads\/2022\/02\/structure-1-row-corn-harvester-300x225.jpg 300w\" sizes=\"auto, (max-width: 720px) 100vw, 720px\" \/><figcaption class=\"wp-element-caption\">structuur<\/figcaption><\/figure> <\/div>   <h2 class=\"wp-block-heading\" id=\"features-of-corn-reaper\"><strong>Kenmerken van een enkele rij ma\u00efskolvenplukker te koop<\/strong><\/h2>    <ul class=\"wp-block-list\"> <li>Meerdere functies. Deze ma\u00efsma\u00efsplukker met 1 rij kan tegelijkertijd het ma\u00efsplukken en de stengels terug naar de velden verpletteren.<\/li>    <li>Sterk aanpassingsvermogen. ma\u00efskolvenplukker met \u00e9\u00e9n rij kan werk uitvoeren onder het bergachtige en heuvelachtige district, kleine velden.<\/li>    <li>Hoge effici\u00ebntie. Een ervaren operator kan 0,03-0,06 hectare per uur bereiken.<\/li>    <li>Eenvoudige bediening. Mensen hebben geen expertise nodig en trainen te veel.<\/li>    <li>Flexibele bediening, kleine ma\u00efsoogstmachine, eenvoudige structuur.<\/li>    <li>Laag olieverbruik, kosteneffectief en dus lage kosten.<\/li> <\/ul>    <h2 class=\"wp-block-heading\" id=\"working-principles-of-single-row-corn-picker\"><strong>Werkingsprincipes van ma\u00efsplukker met \u00e9\u00e9n rij<\/strong><\/h2>    <p>Deze zelfrijdende maisrooier is voorzien van de bijbehorende motor, die stroom levert via de versnellingsbak. De loopbanden werken op stroom die wordt geleverd via \u00e9\u00e9n versnellingsbak. Een andere versnellingsbak drijft twee rooiwielen en \u00e9\u00e9n breekmessenset aan. Wanneer 1 rij ma\u00efsmaaier naar voren beweegt, trekt u de ma\u00efsstengel in de oogstinlaat. En dan trekt het oogstwiel de ma\u00efsstengel naar beneden. Maar tijdens het afdalen kan de ma\u00efs, vanwege het grote formaat van de ma\u00efs, de oogstschuur in worden getrokken. De ma\u00efsstengels worden verpletterd door de breekmessenset.<\/p>    <h2 class=\"wp-block-heading\" id=\"successful-cases-of-single-row-corn-harvesting-machine\"><strong>Succesvolle gevallen van een enkele rij ma\u00efsoogstmachine<\/strong><\/h2>    <p>Dit jaar ontving onze verkoopmanager Winne een aanvraag voor een eenrijige ma\u00efsharvester uit Nigeria. Hij kocht deze voor zijn ma\u00efsboerderijen. Maar zijn boerderijen lagen in de heuvelachtige gebieden. Daarom raadde Winne hem dit soort zelfrijdende ma\u00efsharvester aan. Natuurlijk vroeg hij ook andere fabrikanten en leveranciers. Vergeleken met deze bedrijven, ontdekte hij dat wij een professioneel en betrouwbaar bedrijf zijn. Dus bestelde hij 30 sets eenrijige ma\u00efsharvesters van ons Taizy-bedrijf. Na ontvangst van de machines stuurde hij ons positieve feedback en hoopte dat we weer konden samenwerken.<\/p>    <figure class=\"wp-block-gallery has-nested-images columns-default is-cropped wp-block-gallery-2 is-layout-flex wp-block-gallery-is-layout-flex\"> <figure class=\"wp-block-image size-full\"><img loading=\"lazy\" decoding=\"async\" width=\"720\" height=\"540\" data-id=\"2040\" src=\"https:\/\/taizyagromachine.com\/wp-content\/uploads\/2022\/02\/pack-in-the-woooden-case-1-row-corn-harvester.jpg\" alt=\"pak in de houten kist\" class=\"wp-image-2040\" srcset=\"https:\/\/taizyagromachine.com\/wp-content\/uploads\/2022\/02\/pack-in-the-woooden-case-1-row-corn-harvester.jpg 720w, https:\/\/taizyagromachine.com\/wp-content\/uploads\/2022\/02\/pack-in-the-woooden-case-1-row-corn-harvester-300x225.jpg 300w\" sizes=\"auto, (max-width: 720px) 100vw, 720px\" \/><figcaption class=\"wp-element-caption\">pak in de houten kist<\/figcaption><\/figure>    <figure class=\"wp-block-image size-full\"><img loading=\"lazy\" decoding=\"async\" width=\"720\" height=\"540\" data-id=\"2039\" src=\"https:\/\/taizyagromachine.com\/wp-content\/uploads\/2022\/02\/load-into-the-container-1-rowcorn-harvester.jpg\" alt=\"in de container laden\" class=\"wp-image-2039\" srcset=\"https:\/\/taizyagromachine.com\/wp-content\/uploads\/2022\/02\/load-into-the-container-1-rowcorn-harvester.jpg 720w, https:\/\/taizyagromachine.com\/wp-content\/uploads\/2022\/02\/load-into-the-container-1-rowcorn-harvester-300x225.jpg 300w\" sizes=\"auto, (max-width: 720px) 100vw, 720px\" \/><figcaption class=\"wp-element-caption\">in de container laden<\/figcaption><\/figure> <\/figure>    <h2 class=\"wp-block-heading\" id=\"faq\"><strong>Veelgestelde vragen over ma\u00efskolvenplukker met \u00e9\u00e9n rij<\/strong><\/h2>   <div id=\"rank-math-faq\" class=\"rank-math-block\"> <div class=\"rank-math-list\"> <div id=\"faq-question-1663830814557\" class=\"rank-math-list-item\"> <h3 class=\"rank-math-question\"><strong>Vraag: Kan deze oogstmachine de schil van ma\u00efs pellen?<\/strong><\/h3> <div class=\"rank-math-answer\">  <p>Antwoord: Nee, dat kan niet.<\/p>  <\/div> <\/div> <div id=\"faq-question-1663830821594\" class=\"rank-math-list-item\"> <h3 class=\"rank-math-question\"><strong>Vraag: Waar zijn de ma\u00efsstengels na de oogst?<\/strong><\/h3> <div class=\"rank-math-answer\">  <p>A: De ma\u00efsstengels gaan terug naar de velden nadat ze door de 10 messen aan de onderkant van de machine zijn vermalen.<\/p>  <\/div> <\/div> <div id=\"faq-question-1663830840907\" class=\"rank-math-list-item\"> <h3 class=\"rank-math-question\"><strong>Vraag: Hoe zit het met de stoppelhoogte?<\/strong><\/h3> <div class=\"rank-math-answer\">  <p>A: Het is verstelbaar, maar de minimale hoogte is 10 cm.<\/p>  <\/div> <\/div> <div id=\"faq-question-1663830861138\" class=\"rank-math-list-item\"> <h3 class=\"rank-math-question\"><strong>Vraag: Wordt het mes gemakkelijk beschadigd? Hoe lang kan ik het gebruiken?<\/strong><\/h3> <div class=\"rank-math-answer\">  <p>A: Ja, de messen breken gemakkelijk, vooral als ze grote stenen of andere zeer harde obstakels tegenkomen. Meestal heeft het een levensduur van een jaar. Wij sturen u bij levering gratis 1 extra exemplaar (10 stuks) mee met de ma\u00efskolvenplukker.<\/p>  <\/div> <\/div> <div id=\"faq-question-1663830876948\" class=\"rank-math-list-item\"> <h3 class=\"rank-math-question\"><strong>Vraag: Welk vermogen gebruikt deze ma\u00efsoogstmachine?<\/strong><\/h3> <div class=\"rank-math-answer\">  <p>A: 188F benzinemotor of 188F luchtgekoelde dieselmotor.<\/p>  <\/div> <\/div> <div id=\"faq-question-1663830896543\" class=\"rank-math-list-item\"> <h3 class=\"rank-math-question\"><strong>Vraag: Zal \u200b\u200ber ma\u00efs zijn die niet kan worden geoogst?<\/strong><\/h3> <div class=\"rank-math-answer\">  <p>A: Met praktijkervaring is de ma\u00efsoogstsnelheid meer dan 98%.<\/p>  <\/div> <\/div> <div id=\"faq-question-1663830913428\" class=\"rank-math-list-item\"> <h3 class=\"rank-math-question\">Vraag: Hoeveel likdoorns kunnen er in de schuur naast de machine verzameld worden?<\/h3> <div class=\"rank-math-answer\">  <p>A: Afhankelijk van de ma\u00efsgrootte, kan het meestal 30-50 stuks verzamelen.<\/p>  <\/div> <\/div> <\/div> <\/div>   <h2 class=\"wp-block-heading\"><strong>Video van een enkele rij ma\u00efsoogstmachine<\/strong><\/h2>    <figure class=\"wp-block-embed is-type-video is-provider-youtube wp-block-embed-youtube wp-embed-aspect-16-9 wp-has-aspect-ratio\"><div class=\"wp-block-embed__wrapper\"> <iframe loading=\"lazy\" title=\"Handgeduwde ma\u00efskolvenmachine met \u00e9\u00e9n rij | Groothandel 1 rij ma\u00efsma\u00efsplukker te koop #corn\" width=\"500\" height=\"281\" src=\"https:\/\/www.youtube.com\/embed\/oWVc9HTAemk?feature=oembed\" frameborder=\"0\" allow=\"accelerometer; autoplay; clipboard-write; encrypted-media; gyroscope; picture-in-picture; web-share\" referrerpolicy=\"strict-origin-when-cross-origin\" allowfullscreen><\/iframe> <\/div><\/figure>","protected":false},"excerpt":{"rendered":"<p>Single row corn harvester&nbsp;is self-propelled maize reaping equipment, mostly used in the small cornfields in small land blocks, mountainous regions, hilly grounds. It\u2019s small maize harvester, powered by diesel engine or gasoline engine. Besides, the one-row corn picker has functions of corn picking and stalks crushing. The crushed stalks get back to the field. Also, [&hellip;]<\/p>\n","protected":false},"author":1,"featured_media":2143,"parent":0,"template":"","tags":[],"product-type":[17],"class_list":["post-2030","product","type-product","status-publish","has-post-thumbnail","hentry","product-type-corn-machine"],"_links":{"self":[{"href":"https:\/\/taizyagromachine.com\/nl\/wp-json\/wp\/v2\/product\/2030","targetHints":{"allow":["GET"]}}],"collection":[{"href":"https:\/\/taizyagromachine.com\/nl\/wp-json\/wp\/v2\/product"}],"about":[{"href":"https:\/\/taizyagromachine.com\/nl\/wp-json\/wp\/v2\/types\/product"}],"author":[{"embeddable":true,"href":"https:\/\/taizyagromachine.com\/nl\/wp-json\/wp\/v2\/users\/1"}],"wp:featuredmedia":[{"embeddable":true,"href":"https:\/\/taizyagromachine.com\/nl\/wp-json\/wp\/v2\/media\/2143"}],"wp:attachment":[{"href":"https:\/\/taizyagromachine.com\/nl\/wp-json\/wp\/v2\/media?parent=2030"}],"wp:term":[{"taxonomy":"post_tag","embeddable":true,"href":"https:\/\/taizyagromachine.com\/nl\/wp-json\/wp\/v2\/tags?post=2030"},{"taxonomy":"product-type","embeddable":true,"href":"https:\/\/taizyagromachine.com\/nl\/wp-json\/wp\/v2\/product-type?post=2030"}],"curies":[{"name":"wp","href":"https:\/\/api.w.org\/{rel}","templated":true}]}}